{"id":54,"date":"2022-09-08T03:31:51","date_gmt":"2022-09-07T19:31:51","guid":{"rendered":"https:\/\/gingermachines.com\/?post_type=product&#038;p=54"},"modified":"2024-06-26T15:01:19","modified_gmt":"2024-06-26T07:01:19","slug":"ginger-powder-processing-line","status":"publish","type":"product","link":"https:\/\/gingermachines.com\/es\/product\/ginger-powder-processing-line\/","title":{"rendered":"L\u00ednea de procesamiento de jengibre en polvo"},"content":{"rendered":"<p class=\"translation-block\">La<strong> l\u00ednea de procesamiento de polvo de jengibre<\/strong> combina varias m\u00e1quinas de jengibre que procesan el jengibre original en un excelente polvo de jengibre. Contiene una m\u00e1quina de lavado de jengibre, una m\u00e1quina peladora de jengibre, una cortadora de jengibre, una secadora de jengibre, un molino de jengibre y una m\u00e1quina envasadora de polvo de jengibre. El polvo de jengibre es popular en muchas \u00e1reas y tiene enormes beneficios para la salud humana. Por lo tanto, el negocio del jengibre es una buena opci\u00f3n con una peque\u00f1a inversi\u00f3n y un gran retorno.<\/p>    <figure class=\"wp-block-embed is-type-video is-provider-youtube wp-block-embed-youtube wp-embed-aspect-16-9 wp-has-aspect-ratio\"><div class=\"wp-block-embed__wrapper\"> <iframe loading=\"lazy\" title=\"Video 3D de la producci\u00f3n de jengibre en polvo | Proceso de elaboraci\u00f3n de energ\u00eda de jengibre\" width=\"500\" height=\"281\" src=\"https:\/\/www.youtube.com\/embed\/xzqc88xIw-4?feature=oembed\" frameborder=\"0\" allow=\"accelerometer; autoplay; clipboard-write; encrypted-media; gyroscope; picture-in-picture; web-share\" referrerpolicy=\"strict-origin-when-cross-origin\" allowfullscreen><\/iframe> <\/div><figcaption class=\"wp-element-caption\">proceso de elaboraci\u00f3n de jengibre en polvo<\/figcaption><\/figure>    <p>Las m\u00e1quinas de jengibre TAIZY disfrutan de una estructura simple, un cuerpo de acero inoxidable y piezas de calidad. Adem\u00e1s, ofrecemos potentes servicios personalizados para satisfacer los requisitos de diferentes plantas procesadoras de alimentos, restaurantes, hoteles, etc. Si desea iniciar su negocio de jengibre, cont\u00e1ctenos para obtener m\u00e1s informaci\u00f3n \u00fatil en beneficio de su proyecto.<\/p>    <figure class=\"wp-block-image size-full\"><img loading=\"lazy\" decoding=\"async\" width=\"1024\" height=\"512\" src=\"https:\/\/gingermachines.com\/wp-content\/uploads\/2022\/09\/automatic-ginger-powder-production-line.jpg\" alt=\"L\u00ednea autom\u00e1tica de producci\u00f3n de jengibre en polvo.\" class=\"wp-image-95\" title=\"\" srcset=\"https:\/\/gingermachines.com\/wp-content\/uploads\/2022\/09\/automatic-ginger-powder-production-line.jpg 1024w, https:\/\/gingermachines.com\/wp-content\/uploads\/2022\/09\/automatic-ginger-powder-production-line-300x150.jpg 300w, https:\/\/gingermachines.com\/wp-content\/uploads\/2022\/09\/automatic-ginger-powder-production-line-768x384.jpg 768w\" sizes=\"auto, (max-width: 1024px) 100vw, 1024px\" \/><figcaption class=\"wp-element-caption\">L\u00ednea autom\u00e1tica de producci\u00f3n de jengibre en polvo<\/figcaption><\/figure>    <h2 class=\"wp-block-heading\">Beneficios de la l\u00ednea de producci\u00f3n de jengibre en polvo<\/h2>    <ol class=\"wp-block-list\" style=\"list-style-type:1\"> <li>L\u00ednea de procesamiento de jengibre en polvo, dosis \u00fanica de rodajas de jengibre, menos capital, el equipo en s\u00ed tiene un buen rendimiento de aislamiento y un bajo consumo de energ\u00eda.<\/li>    <li>Estructura compacta, f\u00e1cil de operar, confiable en uso, f\u00e1cil de desmontar e instalar. Instalaci\u00f3n sencilla, siempre que haya refugio del viento y la lluvia se puede instalar y utilizar.<\/li>    <li>Limpio, potente, gran volumen de aire, aire caliente, secado r\u00e1pido, simulando el principio de secado al aire natural, rodajas de jengibre\/jengibre en polvo de color natural, sabor natural para mantener el bien.<\/li>    <li>Todas las m\u00e1quinas procesadoras de jengibre en polvo est\u00e1n fabricadas con materiales aptos para uso alimentario y con estructuras estables.<\/li>    <li>Alta eficiencia. La eficiencia de secado de las rodajas de jengibre es varias veces mayor que la de los hornos con bomba de calor de energ\u00eda de aire y los hornos para hornear con varias fuentes de calor. Acorta en gran medida el tiempo de secado de las rodajas de jengibre y reduce los costos de capital y mano de obra del equipo.<\/li>    <li>La m\u00e1quina procesadora de jengibre en polvo tiene una variedad de producciones para elegir, con m\u00e1quinas semiautom\u00e1ticas y totalmente autom\u00e1ticas. La producci\u00f3n b\u00e1sica de esta l\u00ednea de producci\u00f3n de jengibre en polvo es de 500kg\/h-1t\/h. Por supuesto, podemos personalizar la salida de esta l\u00ednea de procesamiento de acuerdo con los requisitos de producci\u00f3n de nuestros clientes.<\/li> <\/ol>    <h2 class=\"wp-block-heading\">Datos t\u00e9cnicos de la l\u00ednea de procesamiento de polvo de jengibre TAIZY<\/h2>    <figure class=\"wp-block-table\"><table><tbody><tr><td>Nombre de la m\u00e1quina<\/td><td>Fuerza<\/td><td>Voltaje<\/td><td>Dimensi\u00f3n<\/td><\/tr><tr><td>M\u00e1quina peladora de lavado de jengibre<\/td><td>1,5 kw<\/td><td>380V50Hz<\/td><td>1580*850*800mm<\/td><\/tr><tr><td>M\u00e1quina cortadora de jengibre<\/td><td>1,1 kw<\/td><td>380V50Hz<\/td><td>690*560*880mm<\/td><\/tr><tr><td>Secadora de jengibre<\/td><td>12,45 kw<\/td><td>380V50Hz<\/td><td>1500*1200*2200mm<\/td><\/tr><tr><td>M\u00e1quina trituradora de jengibre en polvo<\/td><td>7,5 kw<\/td><td>380V50Hz<\/td><td>700*600*1450mm<\/td><\/tr><tr><td>M\u00e1quina empacadora de jengibre<\/td><td>1kW<\/td><td>380V50Hz<\/td><td>1000*900*1850mm<\/td><\/tr><\/tbody><\/table><figcaption class=\"wp-element-caption\">maquina para hacer jengibre en polvo<\/figcaption><\/figure>    <p>Estos son los par\u00e1metros de las m\u00e1quinas individuales incluidas en el equipo para fabricar jengibre en polvo. Podr\u00e1s hacerte una idea clara de las dimensiones de cada m\u00e1quina. Esto puede resultarle f\u00e1cil para determinar el tama\u00f1o de la planta procesadora de jengibre.<\/p>    <h2 class=\"wp-block-heading\">Diagrama de flujo de la l\u00ednea de fabricaci\u00f3n de jengibre en polvo.<\/h2>    <p>La l\u00ednea de procesamiento de jengibre en polvo contiene varias m\u00e1quinas de jengibre que pueden convertir el jengibre original en un excelente jengibre en polvo. El proceso de producci\u00f3n de jengibre en polvo Taizy incluye:<\/p>    <p class=\"translation-block\"><strong>Limpieza y lavado de jengibre \u2192 pelado de jengibre \u2192 corte y rebanado de jengibre \u2192 secado de rodajas de jengibre \u2192 molienda de rodajas de jengibre secas \u2192 envasado de polvo de jengibre.<\/strong><\/p>    <figure class=\"wp-block-image size-full\"><img loading=\"lazy\" decoding=\"async\" width=\"720\" height=\"540\" src=\"https:\/\/gingermachines.com\/wp-content\/uploads\/2022\/09\/ginger-powder-production-line-flow-chart.jpg\" alt=\"diagrama de flujo de la l\u00ednea de producci\u00f3n de jengibre en polvo\" class=\"wp-image-98\" title=\"\" srcset=\"https:\/\/gingermachines.com\/wp-content\/uploads\/2022\/09\/ginger-powder-production-line-flow-chart.jpg 720w, https:\/\/gingermachines.com\/wp-content\/uploads\/2022\/09\/ginger-powder-production-line-flow-chart-300x225.jpg 300w\" sizes=\"auto, (max-width: 720px) 100vw, 720px\" \/><figcaption class=\"wp-element-caption\">Diagrama de flujo de la l\u00ednea de producci\u00f3n de jengibre en polvo<\/figcaption><\/figure>    <h2 class=\"wp-block-heading\">Detalles de la m\u00e1quina de la l\u00ednea de producci\u00f3n de jengibre en polvo.<\/h2>    <p>La l\u00ednea de producci\u00f3n de jengibre en polvo es una planta integrada de varias m\u00e1quinas. Entonces, \u00bfqu\u00e9 m\u00e1quinas se utilizan en la l\u00ednea de producci\u00f3n de jengibre en polvo? Los detalles son los siguientes:<\/p>    <div class=\"wp-block-columns has-black-color has-white-background-color has-text-color has-background is-layout-flex wp-container-core-columns-is-layout-9d6595d7 wp-block-columns-is-layout-flex\"> <div class=\"wp-block-column is-vertically-aligned-center is-layout-flow wp-block-column-is-layout-flow\"> <p class=\"translation-block\"><strong><a href=\"https:\/\/gingermachines.com\/es\/product\/ginger-washing-machine\/\">M\u00e1quina de lavado y pelado de jengibre<\/a>:<\/strong> La m\u00e1quina comercial de limpieza y pelado de jengibre es un tipo de m\u00e1quina de lavado de tipo cepillo. La m\u00e1quina realiza principalmente la funci\u00f3n de lavado y pelado a trav\u00e9s de la fricci\u00f3n entre el cepillo y el jengibre. Al pelar, la m\u00e1quina tambi\u00e9n est\u00e1 conectada a una tuber\u00eda de agua para rociar agua. Por lo tanto, despu\u00e9s de pelar, la piel de jengibre se puede limpiar con un rociador de agua a alta presi\u00f3n.<\/p> <\/div>    <div class=\"wp-block-column is-layout-flow wp-block-column-is-layout-flow\"> <figure class=\"wp-block-image size-full\"><img loading=\"lazy\" decoding=\"async\" width=\"720\" height=\"540\" src=\"https:\/\/gingermachines.com\/wp-content\/uploads\/2022\/09\/ginger-washing-machine.jpg\" alt=\"lavadora de jengibre\" class=\"wp-image-70\" title=\"\" srcset=\"https:\/\/gingermachines.com\/wp-content\/uploads\/2022\/09\/ginger-washing-machine.jpg 720w, https:\/\/gingermachines.com\/wp-content\/uploads\/2022\/09\/ginger-washing-machine-300x225.jpg 300w\" sizes=\"auto, (max-width: 720px) 100vw, 720px\" \/><figcaption class=\"wp-element-caption\">Lavadora de jengibre<\/figcaption><\/figure> <\/div> <\/div>    <div class=\"wp-block-columns has-white-background-color has-background is-layout-flex wp-container-core-columns-is-layout-9d6595d7 wp-block-columns-is-layout-flex\"> <div class=\"wp-block-column is-layout-flow wp-block-column-is-layout-flow\"> <figure class=\"wp-block-image size-full\"><img loading=\"lazy\" decoding=\"async\" width=\"720\" height=\"540\" src=\"https:\/\/gingermachines.com\/wp-content\/uploads\/2022\/09\/ginger-slicing-machine.jpg\" alt=\"m\u00e1quina cortadora de jengibre\" class=\"wp-image-64\" title=\"\" srcset=\"https:\/\/gingermachines.com\/wp-content\/uploads\/2022\/09\/ginger-slicing-machine.jpg 720w, https:\/\/gingermachines.com\/wp-content\/uploads\/2022\/09\/ginger-slicing-machine-300x225.jpg 300w\" sizes=\"auto, (max-width: 720px) 100vw, 720px\" \/><figcaption class=\"wp-element-caption\">M\u00e1quina cortadora de jengibre<\/figcaption><\/figure> <\/div>    <div class=\"wp-block-column is-vertically-aligned-center is-layout-flow wp-block-column-is-layout-flow\"> <p class=\"translation-block\"><strong><a href=\"https:\/\/gingermachines.com\/es\/product\/ginger-slicing-machine\/\">M\u00e1quina rebanadora de jengibre:<\/a><\/strong> El jengibre lavado y pelado se rebana r\u00e1pidamente con una rebanadora de jengibre profesional. El grosor de las rodajas es de aproximadamente 3 mm para lograr un efecto de secado ideal. Se requiere secado al aire despu\u00e9s de rebanar para eliminar r\u00e1pidamente el exceso de agua de la superficie de las rodajas de jengibre.<\/p> <\/div> <\/div>    <div class=\"wp-block-columns has-white-background-color has-background is-layout-flex wp-container-core-columns-is-layout-9d6595d7 wp-block-columns-is-layout-flex\"> <div class=\"wp-block-column is-vertically-aligned-center is-layout-flow wp-block-column-is-layout-flow\"> <p class=\"translation-block\"><strong><a href=\"https:\/\/gingermachines.com\/es\/product\/ginger-drying-machine\/\">M\u00e1quina secadora de jengibre<\/a>:<\/strong> El secador se aplica principalmente a la deshidrataci\u00f3n de rodajas de jengibre. El secador de rodajas de jengibre no solo es adecuado para la l\u00ednea de producci\u00f3n de polvo de jengibre, sino que tambi\u00e9n se usa ampliamente para secar frutas, verduras, hierbas medicinales y otros productos. Y la m\u00e1quina es muy inteligente, utiliza un panel de control inteligente para controlar todo el proceso de secado. El secador de rodajas de jengibre puede adoptar varios m\u00e9todos de calentamiento, como electricidad y vapor. Y hay muchos modelos, que pueden satisfacer las necesidades de los clientes con diferentes especificaciones.<\/p> <\/div>    <div class=\"wp-block-column is-layout-flow wp-block-column-is-layout-flow\"> <figure class=\"wp-block-image size-full\"><img loading=\"lazy\" decoding=\"async\" width=\"720\" height=\"540\" src=\"https:\/\/gingermachines.com\/wp-content\/uploads\/2022\/09\/ginger-slice-drying-machine.jpg\" alt=\"secadora de rodajas de jengibre\" class=\"wp-image-81\" title=\"\" srcset=\"https:\/\/gingermachines.com\/wp-content\/uploads\/2022\/09\/ginger-slice-drying-machine.jpg 720w, https:\/\/gingermachines.com\/wp-content\/uploads\/2022\/09\/ginger-slice-drying-machine-300x225.jpg 300w\" sizes=\"auto, (max-width: 720px) 100vw, 720px\" \/><figcaption class=\"wp-element-caption\">Secadora de rodajas de jengibre<\/figcaption><\/figure> <\/div> <\/div>    <div class=\"wp-block-columns has-white-background-color has-background is-layout-flex wp-container-core-columns-is-layout-9d6595d7 wp-block-columns-is-layout-flex\"> <div class=\"wp-block-column is-layout-flow wp-block-column-is-layout-flow\"> <figure class=\"wp-block-image size-full\"><img loading=\"lazy\" decoding=\"async\" width=\"720\" height=\"540\" src=\"https:\/\/gingermachines.com\/wp-content\/uploads\/2022\/09\/ginger-grinding-machine.jpg\" alt=\"maquina para moler jengibre\" class=\"wp-image-78\" title=\"\" srcset=\"https:\/\/gingermachines.com\/wp-content\/uploads\/2022\/09\/ginger-grinding-machine.jpg 720w, https:\/\/gingermachines.com\/wp-content\/uploads\/2022\/09\/ginger-grinding-machine-300x225.jpg 300w\" sizes=\"auto, (max-width: 720px) 100vw, 720px\" \/><figcaption class=\"wp-element-caption\">M\u00e1quina trituradora de jengibre<\/figcaption><\/figure> <\/div>    <div class=\"wp-block-column is-vertically-aligned-center is-layout-flow wp-block-column-is-layout-flow\"> <p class=\"translation-block\"><strong><a href=\"https:\/\/gingermachines.com\/es\/product\/ginger-grinding-machine\/\">M\u00e1quina molinillo de jengibre<\/a>:<\/strong> Las rodajas de jengibre secas entran en la c\u00e1mara de trituraci\u00f3n a trav\u00e9s del dispositivo de transporte para triturar y pulverizar. Se pueden configurar diferentes mallas seg\u00fan los requisitos del cliente para la finura del polvo de jengibre.<\/p> <\/div> <\/div>    <div class=\"wp-block-columns has-white-background-color has-background is-layout-flex wp-container-core-columns-is-layout-9d6595d7 wp-block-columns-is-layout-flex\"> <div class=\"wp-block-column is-vertically-aligned-center is-layout-flow wp-block-column-is-layout-flow\"> <p class=\"translation-block\"><strong><a href=\"https:\/\/tianhuipackingmachine.com\/powder-packing-machine\/\" target=\"_blank\" rel=\"noopener\">M\u00e1quina envasadora de polvo de jengibre<\/a>:<\/strong> Despu\u00e9s de que el polvo de jengibre se muele, los clientes configuran diferentes m\u00e1quinas envasadoras de polvo de jengibre seg\u00fan la forma de envasado del polvo de jengibre para satisfacer diversas necesidades de los clientes. &nbsp;<\/p> <\/div>    <div class=\"wp-block-column is-layout-flow wp-block-column-is-layout-flow\"> <figure class=\"wp-block-image size-full\"><img loading=\"lazy\" decoding=\"async\" width=\"720\" height=\"540\" src=\"https:\/\/gingermachines.com\/wp-content\/uploads\/2022\/09\/small-automatic-powder-packing-machine.jpg\" alt=\"peque\u00f1a empaquetadora autom\u00e1tica de polvo\" class=\"wp-image-118\" title=\"\" srcset=\"https:\/\/gingermachines.com\/wp-content\/uploads\/2022\/09\/small-automatic-powder-packing-machine.jpg 720w, https:\/\/gingermachines.com\/wp-content\/uploads\/2022\/09\/small-automatic-powder-packing-machine-300x225.jpg 300w\" sizes=\"auto, (max-width: 720px) 100vw, 720px\" \/><figcaption class=\"wp-element-caption\">Peque\u00f1a empaquetadora autom\u00e1tica de polvo<\/figcaption><\/figure> <\/div> <\/div>    <h2 class=\"wp-block-heading\">Cont\u00e1ctenos<\/h2>    <p>Como fabricante profesional de l\u00edneas de producci\u00f3n de jengibre en polvo, podemos personalizar la m\u00e1quina para satisfacer sus necesidades. Ya sea una l\u00ednea de producci\u00f3n semiautom\u00e1tica o una l\u00ednea de producci\u00f3n completamente autom\u00e1tica, podemos ofrecerlas todas. A qu\u00e9 esperas, date prisa y contacta con nosotros.<\/p>","protected":false},"excerpt":{"rendered":"<p>La l\u00ednea de procesamiento de jengibre en polvo combina varias m\u00e1quinas de jengibre que procesan el jengibre original hasta obtener un excelente jengibre en polvo. Cont\u00e1ctanos para el mejor precio. <\/p>","protected":false},"author":1,"featured_media":97,"parent":0,"template":"","tags":[8],"product-type":[7],"class_list":["post-54","product","type-product","status-publish","has-post-thumbnail","hentry","tag-ginger-processing-machine","product-type-ginger-processing-line"],"_links":{"self":[{"href":"https:\/\/gingermachines.com\/es\/wp-json\/wp\/v2\/product\/54","targetHints":{"allow":["GET"]}}],"collection":[{"href":"https:\/\/gingermachines.com\/es\/wp-json\/wp\/v2\/product"}],"about":[{"href":"https:\/\/gingermachines.com\/es\/wp-json\/wp\/v2\/types\/product"}],"author":[{"embeddable":true,"href":"https:\/\/gingermachines.com\/es\/wp-json\/wp\/v2\/users\/1"}],"wp:featuredmedia":[{"embeddable":true,"href":"https:\/\/gingermachines.com\/es\/wp-json\/wp\/v2\/media\/97"}],"wp:attachment":[{"href":"https:\/\/gingermachines.com\/es\/wp-json\/wp\/v2\/media?parent=54"}],"wp:term":[{"taxonomy":"post_tag","embeddable":true,"href":"https:\/\/gingermachines.com\/es\/wp-json\/wp\/v2\/tags?post=54"},{"taxonomy":"product-type","embeddable":true,"href":"https:\/\/gingermachines.com\/es\/wp-json\/wp\/v2\/product-type?post=54"}],"curies":[{"name":"wp","href":"https:\/\/api.w.org\/{rel}","templated":true}]}}