{"id":466,"date":"2026-04-28T13:38:00","date_gmt":"2026-04-28T05:38:00","guid":{"rendered":"https:\/\/gingermachines.com\/?post_type=product&#038;p=466"},"modified":"2026-04-28T13:38:00","modified_gmt":"2026-04-28T05:38:00","slug":"garlic-root-and-stem-cutting-machine","status":"publish","type":"product","link":"https:\/\/gingermachines.com\/es\/product\/garlic-root-and-stem-cutting-machine\/","title":{"rendered":"M\u00e1quina de corte de ra\u00edz y tallo de ajo"},"content":{"rendered":"<p class=\"translation-block\">Taizy <strong>m\u00e1quina de corte de ra\u00edz y tallo de ajo<\/strong> est\u00e1 dise\u00f1ada espec\u00edficamente para recortar ajo fresco; puede cortar r\u00e1pida y precisamente tanto los bigotes de la ra\u00edz como el cuello del bulbo de ajo, asegurando que el bulbo permanezca intacto y tenga una apariencia ordenada y uniforme.<\/p>    <p>Con un mecanismo de alimentaci\u00f3n manual combinado con un conjunto de cortador rotatorio de alta velocidad, la m\u00e1quina tiene una capacidad de procesamiento de 8,000 a 10,000 bulbos de ajo por hora. Equilibra eficazmente alta eficiencia operativa con precisi\u00f3n en el procesamiento. Esta m\u00e1quina cortadora de ra\u00edz y tallo de ajo es ideal para operaciones de procesamiento de ajo de peque\u00f1a a mediana escala.<\/p>    <h2 class=\"wp-block-heading\"><strong>\u00bfPor qu\u00e9 elegir esta cortadora de ra\u00edz y tallo de ajo?<\/strong><\/h2>    <ul class=\"wp-block-list\"> <li><strong>Alta eficiencia<\/strong>: Esta m\u00e1quina cortadora de tallos de ajo aumenta significativamente la velocidad de procesamiento mediante un corte mec\u00e1nico estable. Durante la operaci\u00f3n continua, puede acortar sustancialmente el ciclo de procesamiento total.<\/li>    <li><strong>Corte preciso<\/strong>: La cuchilla rotatoria trabaja en conjunto con una hoja fija para ofrecer cortes limpios y n\u00edtidos, permitiendo un control flexible sobre la longitud deseada del tallo restante.<\/li>    <li><strong>Eficiencia energ\u00e9tica<\/strong>: La m\u00e1quina cortadora de ra\u00edz de ajo requiere solo 160w de potencia para operar; en comparaci\u00f3n con maquinaria m\u00e1s grande, consume mucho menos electricidad, reduciendo efectivamente los costos de producci\u00f3n a largo plazo.<\/li>    <li><strong>Estructura compacta<\/strong>: La m\u00e1quina cortadora de ra\u00edz y tallo de ajo de Taizy presenta una huella compacta y es f\u00e1cil de transportar. Es adecuada no solo para su uso en un taller, sino que tambi\u00e9n puede trasladarse f\u00e1cilmente al campo para procesamiento en el sitio.<\/li>    <li><strong>Larga vida \u00fatil<\/strong>: El cuerpo de nuestra m\u00e1quina cortadora de tallos de ajo est\u00e1 construido con acero inoxidable SUS304, que ofrece una excelente resistencia a la corrosi\u00f3n y facilidad de limpieza. Adem\u00e1s, est\u00e1 equipada con protectores de seguridad para garantizar una operaci\u00f3n segura.<\/li> <\/ul>    <figure class=\"wp-block-gallery has-nested-images columns-default is-cropped wp-block-gallery-2 is-layout-flex wp-block-gallery-is-layout-flex\"> <figure class=\"wp-block-image size-large\"><img loading=\"lazy\" decoding=\"async\" width=\"720\" height=\"540\" data-id=\"469\" src=\"https:\/\/gingermachines.com\/wp-content\/uploads\/2026\/04\/garlic-root-and-stem-cutting-machine.webp\" alt=\"Ajo procesado\" class=\"wp-image-469\" title=\"\" srcset=\"https:\/\/gingermachines.com\/wp-content\/uploads\/2026\/04\/garlic-root-and-stem-cutting-machine.webp 720w, https:\/\/gingermachines.com\/wp-content\/uploads\/2026\/04\/garlic-root-and-stem-cutting-machine-300x225.webp 300w, https:\/\/gingermachines.com\/wp-content\/uploads\/2026\/04\/garlic-root-and-stem-cutting-machine-16x12.webp 16w\" sizes=\"auto, (max-width: 720px) 100vw, 720px\" \/><figcaption class=\"wp-element-caption\">M\u00e1quina de corte de ra\u00edz y tallo de ajo<\/figcaption><\/figure>    <figure class=\"wp-block-image size-large\"><img loading=\"lazy\" decoding=\"async\" width=\"720\" height=\"540\" data-id=\"470\" src=\"https:\/\/gingermachines.com\/wp-content\/uploads\/2026\/04\/garlic-root-cutting-equipment.webp\" alt=\"M\u00e1quina cortadora de ra\u00edz de ajo\" class=\"wp-image-470\" title=\"\" srcset=\"https:\/\/gingermachines.com\/wp-content\/uploads\/2026\/04\/garlic-root-cutting-equipment.webp 720w, https:\/\/gingermachines.com\/wp-content\/uploads\/2026\/04\/garlic-root-cutting-equipment-300x225.webp 300w, https:\/\/gingermachines.com\/wp-content\/uploads\/2026\/04\/garlic-root-cutting-equipment-16x12.webp 16w\" sizes=\"auto, (max-width: 720px) 100vw, 720px\" \/><figcaption class=\"wp-element-caption\">Equipo de corte de ra\u00edz de ajo<\/figcaption><\/figure> <\/figure>    <h2 class=\"wp-block-heading\"><strong>Componentes estructurales de la cortadora de ra\u00edz y tallo de ajo<\/strong><\/h2>    <ul class=\"wp-block-list\"> <li>Marco y carcasa: soporta toda la unidad; resistente a la corrosi\u00f3n y duradera.<\/li>    <li>Sistema de alimentaci\u00f3n: alimentaci\u00f3n manual; operaci\u00f3n flexible.<\/li>    <li>Mecanismo de corte: sistema de disco cortador central; garantiza un corte preciso.<\/li>    <li>Sistema de descarga: separa autom\u00e1ticamente los bulbos de ajo de los residuos.<\/li>    <li>Sistema de potencia: un motor de 0,5 kW proporciona energ\u00eda estable.<\/li>    <li>Sistema de control y seguridad: controles simples con interruptor; seguro y confiable.<\/li> <\/ul>   <div class=\"wp-block-image\"> <figure class=\"aligncenter size-full\"><img loading=\"lazy\" decoding=\"async\" width=\"720\" height=\"540\" src=\"https:\/\/gingermachines.com\/wp-content\/uploads\/2026\/04\/garlic-stem-cutting-machine.webp\" alt=\"m\u00e1quina cortadora de tallos de ajo\" class=\"wp-image-471\" title=\"\" srcset=\"https:\/\/gingermachines.com\/wp-content\/uploads\/2026\/04\/garlic-stem-cutting-machine.webp 720w, https:\/\/gingermachines.com\/wp-content\/uploads\/2026\/04\/garlic-stem-cutting-machine-300x225.webp 300w, https:\/\/gingermachines.com\/wp-content\/uploads\/2026\/04\/garlic-stem-cutting-machine-16x12.webp 16w\" sizes=\"auto, (max-width: 720px) 100vw, 720px\" \/><figcaption class=\"wp-element-caption\">m\u00e1quina cortadora de tallos de ajo<\/figcaption><\/figure> <\/div>   <h2 class=\"wp-block-heading\"><strong>\u00bfC\u00f3mo funciona la m\u00e1quina cortadora de ra\u00edz y tallo de ajo?<\/strong><\/h2>    <p>El principio de funcionamiento de este equipo cortador de tallos de ajo es sencillo:<\/p>    <p>Los bulbos de ajo individuales se alimentan uno por uno en una tolva de alimentaci\u00f3n en forma de U. A medida que se trasladan a la zona de corte, una cuchilla de disco de alta velocidad corta instant\u00e1neamente las ra\u00edces de los tallos.<\/p>    <p>Los bulbos de ajo procesados y los residuos se separan y descargan autom\u00e1ticamente, permitiendo una operaci\u00f3n continua y altamente eficiente. Los operadores pueden controlar de manera flexible la longitud deseada del tallo restante.<\/p>    <figure class=\"wp-block-gallery has-nested-images columns-default is-cropped wp-block-gallery-3 is-layout-flex wp-block-gallery-is-layout-flex\"> <figure class=\"wp-block-image size-large\"><img loading=\"lazy\" decoding=\"async\" width=\"720\" height=\"540\" data-id=\"473\" src=\"https:\/\/gingermachines.com\/wp-content\/uploads\/2026\/04\/garlic-before-processing.webp\" alt=\"Cortadora de tallos de ajo\" class=\"wp-image-473\" title=\"\" srcset=\"https:\/\/gingermachines.com\/wp-content\/uploads\/2026\/04\/garlic-before-processing.webp 720w, https:\/\/gingermachines.com\/wp-content\/uploads\/2026\/04\/garlic-before-processing-300x225.webp 300w, https:\/\/gingermachines.com\/wp-content\/uploads\/2026\/04\/garlic-before-processing-16x12.webp 16w\" sizes=\"auto, (max-width: 720px) 100vw, 720px\" \/><figcaption class=\"wp-element-caption\">Ajo antes del procesamiento<\/figcaption><\/figure>    <figure class=\"wp-block-image size-large\"><img loading=\"lazy\" decoding=\"async\" width=\"720\" height=\"540\" data-id=\"472\" src=\"https:\/\/gingermachines.com\/wp-content\/uploads\/2026\/04\/processed-garlic.webp\" alt=\"processed garlic\" class=\"wp-image-472\" title=\"\" srcset=\"https:\/\/gingermachines.com\/wp-content\/uploads\/2026\/04\/processed-garlic.webp 720w, https:\/\/gingermachines.com\/wp-content\/uploads\/2026\/04\/processed-garlic-300x225.webp 300w, https:\/\/gingermachines.com\/wp-content\/uploads\/2026\/04\/processed-garlic-16x12.webp 16w\" sizes=\"auto, (max-width: 720px) 100vw, 720px\" \/><figcaption class=\"wp-element-caption\">Ajo procesado<\/figcaption><\/figure> <\/figure>    <h2 class=\"wp-block-heading\"><strong>Especificaciones detalladas de la cortadora de ra\u00edz y tallo de ajo<\/strong><\/h2>    <p>Para ayudarte a entender r\u00e1pidamente las especificaciones de la m\u00e1quina cortadora de ra\u00edz y tallo de ajo, se enumeran a continuaci\u00f3n los detalles t\u00e9cnicos clave del RYL-1000.<\/p>    <figure class=\"wp-block-table\"><table class=\"has-fixed-layout\"><thead><tr><th>Art\u00edculo<\/th><th>Especificaci\u00f3n<\/th><\/tr><\/thead><tbody><tr><td>Modelo<\/td><td>RYL-1000<\/td><\/tr><tr><td>Nombre del producto<\/td><td>M\u00e1quina cortadora de ra\u00edz y tallo de ajo<\/td><\/tr><tr><td>Capacidad<\/td><td>8,000\u201310,000 pcs\/hora<\/td><\/tr><tr><td>Voltaje<\/td><td>48V \/ 220V<\/td><\/tr><tr><td>Fuerza<\/td><td>160W<\/td><\/tr><tr><td>Velocidad de rotaci\u00f3n<\/td><td>200 r\/min<\/td><\/tr><tr><td>Tama\u00f1o de la m\u00e1quina<\/td><td>41 \u00d7 67,5 \u00d7 41   39cm (con soporte)<\/td><\/tr><tr><td>Tama\u00f1o de embalaje<\/td><td>75 \u00d7 47 \u00d7 60cm<\/td><\/tr><\/tbody><\/table><figcaption class=\"wp-element-caption\">par\u00e1metros de la m\u00e1quina cortadora de ra\u00edz de ajo<\/figcaption><\/figure>    <h2 class=\"wp-block-heading\"><strong>Personalizaci\u00f3n y soporte de servicio para cortador de ra\u00edz de ajo<\/strong><\/h2>    <p>Ofrecemos soluciones de personalizaci\u00f3n flexibles, incluyendo:<\/p>    <ul class=\"wp-block-list\"> <li>Configuraciones de voltaje y motor (48V\/220V)<\/li>    <li>Optimizaci\u00f3n del color exterior y la estructura<\/li>    <li>Soluciones exclusivas para pedidos al por mayor<\/li>    <li>Soporte para embalaje y log\u00edstica de exportaci\u00f3n<\/li> <\/ul>   <div class=\"wp-block-image\"> <figure class=\"aligncenter size-full\"><img loading=\"lazy\" decoding=\"async\" width=\"720\" height=\"540\" src=\"https:\/\/gingermachines.com\/wp-content\/uploads\/2026\/04\/garlic-root-cutting-machine.webp\" alt=\"m\u00e1quina cortadora de ra\u00edz de ajo\" class=\"wp-image-474\" title=\"\" srcset=\"https:\/\/gingermachines.com\/wp-content\/uploads\/2026\/04\/garlic-root-cutting-machine.webp 720w, https:\/\/gingermachines.com\/wp-content\/uploads\/2026\/04\/garlic-root-cutting-machine-300x225.webp 300w, https:\/\/gingermachines.com\/wp-content\/uploads\/2026\/04\/garlic-root-cutting-machine-16x12.webp 16w\" sizes=\"auto, (max-width: 720px) 100vw, 720px\" \/><figcaption class=\"wp-element-caption\">m\u00e1quina cortadora de ra\u00edz de ajo<\/figcaption><\/figure> <\/div>   <h2 class=\"wp-block-heading\"><strong>Caso de \u00e9xito: retroalimentaci\u00f3n de una granja en Nigeria<\/strong><\/h2>    <p>Anteriormente exportamos nuestra m\u00e1quina de corte de ra\u00edz y tallo de ajo RYL-1000 a una importante instalaci\u00f3n de cultivo de ajo en Nigeria. El cliente enfrentaba un desaf\u00edo debido a la falta de un suministro de energ\u00eda estable en sus campos; nuestra versi\u00f3n alimentada por bater\u00eda de 48V resolvi\u00f3 eficazmente este problema:<\/p>    <ul class=\"wp-block-list\"> <li>Permiti\u00f3 el procesamiento directo en el campo, eliminando la necesidad de transportar la producci\u00f3n a una f\u00e1brica.<\/li>    <li>La capacidad de procesamiento diaria aument\u00f3 a 2\u20133 veces su nivel anterior.<\/li>    <li>Los costos laborales se redujeron significativamente.<\/li>    <li>Se mejor\u00f3 la uniformidad de los bulbos de ajo, lo que result\u00f3 en precios de venta m\u00e1s altos en el mercado.<\/li> <\/ul>    <p>El cliente inform\u00f3 que la m\u00e1quina cortadora de ra\u00edz y tallo de ajo es estable, duradera y altamente eficiente. En resumen, el cliente qued\u00f3 muy satisfecho tanto con nuestro equipo como con nuestros servicios.<\/p>    <figure class=\"wp-block-gallery has-nested-images columns-default is-cropped wp-block-gallery-4 is-layout-flex wp-block-gallery-is-layout-flex\"> <figure class=\"wp-block-image size-large\"><img loading=\"lazy\" decoding=\"async\" width=\"720\" height=\"540\" data-id=\"475\" src=\"https:\/\/gingermachines.com\/wp-content\/uploads\/2026\/04\/garlic-stem-cutter-machine.webp\" alt=\"Paquete de m\u00e1quina cortadora de tallos de ajo\" class=\"wp-image-475\" title=\"\" srcset=\"https:\/\/gingermachines.com\/wp-content\/uploads\/2026\/04\/garlic-stem-cutter-machine.webp 720w, https:\/\/gingermachines.com\/wp-content\/uploads\/2026\/04\/garlic-stem-cutter-machine-300x225.webp 300w, https:\/\/gingermachines.com\/wp-content\/uploads\/2026\/04\/garlic-stem-cutter-machine-16x12.webp 16w\" sizes=\"auto, (max-width: 720px) 100vw, 720px\" \/><figcaption class=\"wp-element-caption\">Cortadora de tallos de ajo<\/figcaption><\/figure>    <figure class=\"wp-block-image size-large\"><img loading=\"lazy\" decoding=\"async\" width=\"720\" height=\"540\" data-id=\"476\" src=\"https:\/\/gingermachines.com\/wp-content\/uploads\/2026\/04\/garlic-stem-cutter-machine-package.webp\" alt=\"La m\u00e1quina cortadora de tallos de ajo elimina los tallos de ajo de manera eficiente, procesando entre 8,000 y 10,000 ajos\/h. Tiene una estructura compacta y es f\u00e1cil de operar.\" class=\"wp-image-476\" title=\"\" srcset=\"https:\/\/gingermachines.com\/wp-content\/uploads\/2026\/04\/garlic-stem-cutter-machine-package.webp 720w, https:\/\/gingermachines.com\/wp-content\/uploads\/2026\/04\/garlic-stem-cutter-machine-package-300x225.webp 300w, https:\/\/gingermachines.com\/wp-content\/uploads\/2026\/04\/garlic-stem-cutter-machine-package-16x12.webp 16w\" sizes=\"auto, (max-width: 720px) 100vw, 720px\" \/><figcaption class=\"wp-element-caption\">Paquete de m\u00e1quina cortadora de tallos de ajo<\/figcaption><\/figure> <\/figure>    <h2 class=\"wp-block-heading\"><strong>\u00a1Cont\u00e1ctanos para una cotizaci\u00f3n gratuita!<\/strong><\/h2>    <p class=\"translation-block\">Adem\u00e1s de m\u00e1quinas cortadoras de ra\u00edz y tallo de ajo, tambi\u00e9n ofrecemos equipos de procesamiento para otras ra\u00edces y tub\u00e9rculos, como <a href=\"https:\/\/gingermachines.com\/es\/product\/onion-root-cutting-machine\/\">m\u00e1quina cortadora de ra\u00edz de cebolla<\/a> y <a href=\"https:\/\/gingermachines.com\/es\/product\/automatic-onion-peeling-machine\/\">m\u00e1quina peladora de cebolla<\/a>.<\/p>    <p>Si buscas este tipo de equipo, \u00a1no dudes en contactarnos para m\u00e1s detalles!<\/p>","protected":false},"excerpt":{"rendered":"<p>The RYL-1000 garlic root and stem cutting machine is a highly efficient device designed for removing the roots and stems of garlic bulbs, capable of processing 8,000 to 10,000 bulbs per hour. It supports dual-voltage operation (48V and 220V), combining energy efficiency with high production capacity.<\/p>","protected":false},"author":1,"featured_media":468,"parent":0,"template":"","tags":[13],"product-type":[6],"class_list":["post-466","product","type-product","status-publish","has-post-thumbnail","hentry","tag-garlic","product-type-products"],"_links":{"self":[{"href":"https:\/\/gingermachines.com\/es\/wp-json\/wp\/v2\/product\/466","targetHints":{"allow":["GET"]}}],"collection":[{"href":"https:\/\/gingermachines.com\/es\/wp-json\/wp\/v2\/product"}],"about":[{"href":"https:\/\/gingermachines.com\/es\/wp-json\/wp\/v2\/types\/product"}],"author":[{"embeddable":true,"href":"https:\/\/gingermachines.com\/es\/wp-json\/wp\/v2\/users\/1"}],"wp:featuredmedia":[{"embeddable":true,"href":"https:\/\/gingermachines.com\/es\/wp-json\/wp\/v2\/media\/468"}],"wp:attachment":[{"href":"https:\/\/gingermachines.com\/es\/wp-json\/wp\/v2\/media?parent=466"}],"wp:term":[{"taxonomy":"post_tag","embeddable":true,"href":"https:\/\/gingermachines.com\/es\/wp-json\/wp\/v2\/tags?post=466"},{"taxonomy":"product-type","embeddable":true,"href":"https:\/\/gingermachines.com\/es\/wp-json\/wp\/v2\/product-type?post=466"}],"curies":[{"name":"wp","href":"https:\/\/api.w.org\/{rel}","templated":true}]}}