{"id":432,"date":"2026-03-20T14:45:22","date_gmt":"2026-03-20T06:45:22","guid":{"rendered":"https:\/\/gingermachines.com\/?post_type=product&#038;p=432"},"modified":"2026-03-20T15:01:39","modified_gmt":"2026-03-20T07:01:39","slug":"onion-powder-packaging-machine","status":"publish","type":"product","link":"https:\/\/gingermachines.com\/es\/product\/onion-powder-packaging-machine\/","title":{"rendered":"M\u00e1quina de envasado de polvo de cebolla"},"content":{"rendered":"<p class=\"translation-block\">Taizy <strong>m\u00e1quina de envasado de polvo de cebolla<\/strong> est\u00e1 dise\u00f1ada espec\u00edficamente para una amplia variedad de materiales en polvo. Integra pesaje autom\u00e1tico, formaci\u00f3n de bolsas, sellado y corte en una sola unidad. Es adecuada para envasar productos como polvo de cebolla, harina, polvo de soja, pasta de s\u00e9samo, polvo de leche de soja y varias especias en polvo.<\/p>    <p>Nuestra m\u00e1quina de llenado de polvo de cebolla combina alta eficiencia con precisi\u00f3n excepcional, logrando velocidades de envasado de 20-80 bolsas\/min con un rango de envasado de 0 a 600g. Este equipo soporta diversos estilos de sellado, incluyendo sellos traseros, sellos de tres lados y sellos de cuatro lados. Es capaz de cumplir con una amplia variedad de requisitos de envasado.<\/p>    <figure class=\"wp-block-embed is-type-video is-provider-youtube wp-block-embed-youtube wp-embed-aspect-16-9 wp-has-aspect-ratio\"><div class=\"wp-block-embed__wrapper\"> <iframe loading=\"lazy\" title=\"M\u00e1quina autom\u00e1tica de envasado de polvo de cebolla | M\u00e1quina de llenado y envasado de polvo para plantas alimenticias\" width=\"500\" height=\"281\" src=\"https:\/\/www.youtube.com\/embed\/kAALPzVGfJ4?feature=oembed\" frameborder=\"0\" allow=\"accelerometer; autoplay; clipboard-write; encrypted-media; gyroscope; picture-in-picture; web-share\" referrerpolicy=\"strict-origin-when-cross-origin\" allowfullscreen><\/iframe> <\/div><figcaption class=\"wp-element-caption\">Video de trabajo de la m\u00e1quina de llenado de polvo de cebolla<\/figcaption><\/figure>    <h2 class=\"wp-block-heading\"><strong>Ventajas principales de la m\u00e1quina de envasado de polvo de cebolla<\/strong><\/h2>    <p class=\"translation-block\"><strong>1. Construcci\u00f3n de acero inoxidable<\/strong><\/p>    <p>Toda la m\u00e1quina est\u00e1 construida en acero inoxidable 304, ofreciendo excelente resistencia a la corrosi\u00f3n y facilidad de limpieza; cumple con los est\u00e1ndares de higiene en procesamiento de alimentos y es adecuada para su uso en una amplia gama de entornos de producci\u00f3n.<\/p>    <p class=\"translation-block\"><strong>2. Sistema de control inteligente<\/strong><\/p>    <p>Nuestra m\u00e1quina de envasado de polvo de cebolla cuenta con un sistema de control de microprocesador avanzado y est\u00e1 equipada con una pantalla LCD de 5 pulgadas:<\/p>    <ul class=\"wp-block-list\"> <li>La interfaz de operaci\u00f3n es intuitiva y f\u00e1cil de usar<\/li>    <li>La configuraci\u00f3n de par\u00e1metros es conveniente y sencilla<\/li>    <li>El estado operativo es claramente visible de un vistazo<\/li>    <li>Reduce significativamente la complejidad operativa<\/li> <\/ul>    <p class=\"translation-block\"><strong>3. Sistema de seguimiento electro-\u00f3ptico de alta precisi\u00f3n<\/strong><\/p>    <p>Esta m\u00e1quina de envasado de polvo de cebolla est\u00e1 equipada con un sistema de detecci\u00f3n fotoel\u00e9ctrica autom\u00e1tica, que permite:<\/p>    <ul class=\"wp-block-list\"> <li>Posicionamiento preciso<\/li>    <li>Sellado y corte autom\u00e1ticos<\/li>    <li>Operaci\u00f3n continua y estable<\/li>    <li>Mejorar la precisi\u00f3n del envasado y la consistencia del producto<\/li> <\/ul>    <p class=\"translation-block\"><strong>4. Caracter\u00edsticas opcionales flexibles<\/strong><\/p>    <p>Dependiendo de los requisitos espec\u00edficos de producci\u00f3n, est\u00e1n disponibles las siguientes opciones:<\/p>    <ul class=\"wp-block-list\"> <li>M\u00e1quina de codificaci\u00f3n<\/li>    <li>Dispositivo de bolsa en cadena<\/li>    <li>Dise\u00f1o de muesca para f\u00e1cil desgarro<\/li>    <li>Corte con esquinas redondeadas<\/li>    <li>Dispositivo de escape de aire o inflado de gas<\/li> <\/ul>   <div class=\"wp-block-image\"> <figure class=\"aligncenter size-full\"><img loading=\"lazy\" decoding=\"async\" width=\"720\" height=\"540\" src=\"https:\/\/gingermachines.com\/wp-content\/uploads\/2026\/03\/onion-powder-packaging-machine-1.webp\" alt=\"m\u00e1quina de envasado de polvo de cebolla\" class=\"wp-image-434\" title=\"\" srcset=\"https:\/\/gingermachines.com\/wp-content\/uploads\/2026\/03\/onion-powder-packaging-machine-1.webp 720w, https:\/\/gingermachines.com\/wp-content\/uploads\/2026\/03\/onion-powder-packaging-machine-1-300x225.webp 300w, https:\/\/gingermachines.com\/wp-content\/uploads\/2026\/03\/onion-powder-packaging-machine-1-16x12.webp 16w\" sizes=\"auto, (max-width: 720px) 100vw, 720px\" \/><figcaption class=\"wp-element-caption\">m\u00e1quina de envasado de polvo de cebolla<\/figcaption><\/figure> <\/div>   <h2 class=\"wp-block-heading\"><strong>\u00bfD\u00f3nde se utilizan las m\u00e1quinas empacadoras de polvo de cebolla?<\/strong><\/h2>    <p>Nuestra m\u00e1quina de envasado de polvo de cebolla puede usarse para envasar una amplia variedad de ingredientes en polvo, como harina, polvo de leche, pimienta, polvo de chile, detergente, cacao en polvo, jengibre en polvo, polvo de condimentos y m\u00e1s.<\/p>    <p>Nuestra m\u00e1quina de envasado de polvo de cebolla es adecuada para envasar una amplia variedad de ingredientes en polvo, como harina, polvo de leche, pimienta, polvo de chile, detergente, cacao en polvo, jengibre en polvo, mezclas de condimentos y m\u00e1s.<\/p>   <div class=\"wp-block-image\"> <figure class=\"aligncenter size-full\"><img loading=\"lazy\" decoding=\"async\" width=\"720\" height=\"540\" src=\"https:\/\/gingermachines.com\/wp-content\/uploads\/2026\/03\/application-of-powder-packaging-machine.webp\" alt=\"Aplicaci\u00f3n de la m\u00e1quina de envasado de polvo\" class=\"wp-image-435\" title=\"\" srcset=\"https:\/\/gingermachines.com\/wp-content\/uploads\/2026\/03\/application-of-powder-packaging-machine.webp 720w, https:\/\/gingermachines.com\/wp-content\/uploads\/2026\/03\/application-of-powder-packaging-machine-300x225.webp 300w, https:\/\/gingermachines.com\/wp-content\/uploads\/2026\/03\/application-of-powder-packaging-machine-16x12.webp 16w\" sizes=\"auto, (max-width: 720px) 100vw, 720px\" \/><figcaption class=\"wp-element-caption\">Aplicaci\u00f3n de la m\u00e1quina de envasado de polvo<\/figcaption><\/figure> <\/div>   <p>Esta m\u00e1quina de llenado de polvo se utiliza com\u00fanmente en los siguientes sectores:<\/p>    <ul class=\"wp-block-list\"> <li>Industria de procesamiento de alimentos<\/li>    <li>Industria de producci\u00f3n de condimentos<\/li>    <li>Industria de productos qu\u00edmicos diarios<\/li>    <li>Industria qu\u00edmica<\/li> <\/ul>    <h2 class=\"wp-block-heading\"><strong>Par\u00e1metros de la m\u00e1quina de llenado de polvo de cebolla<\/strong><\/h2>    <p>Ofrecemos dos modelos disponibles: el TZ-320 y el TZ-450. Las especificaciones y caracter\u00edsticas detalladas se enumeran a continuaci\u00f3n para su referencia.<\/p>    <figure class=\"wp-block-table\"><table class=\"has-fixed-layout\"><thead><tr><th>Modelo<\/th><th>TZ-320<\/th><th>TZ-450<\/th><\/tr><\/thead><tbody><tr><td>Estilo de embalaje<\/td><td>Sellado trasero \/ sellado de 3 lados \/ sellado de 4 lados<\/td><td>Sellado trasero \/ sellado de 3 lados \/ sellado de 4 lados<\/td><\/tr><tr><td>Velocidad de embalaje<\/td><td>20\u201380 bolsas\/min<\/td><td>20\u201380 bolsas\/min<\/td><\/tr><tr><td>Fuerza<\/td><td>1,8 kw<\/td><td>2,2 kw<\/td><\/tr><tr><td>Peso de embalaje<\/td><td>0\u2013200g<\/td><td>\u2264600g<\/td><\/tr><tr><td>Ancho de la bolsa<\/td><td>20\u2013150mm<\/td><td>20\u2013200mm<\/td><\/tr><tr><td>Longitud del saco<\/td><td>30\u2013180mm<\/td><td>30\u2013180mm<\/td><\/tr><tr><td>Material<\/td><td>acero inoxidable 304<\/td><td>acero inoxidable 304<\/td><\/tr><tr><td>Tama\u00f1o de la m\u00e1quina<\/td><td>650\u00d71050\u00d71950mm<\/td><td>750\u00d7750\u00d72100mm<\/td><\/tr><tr><td>Peso de la m\u00e1quina<\/td><td>250kg<\/td><td>420kg<\/td><\/tr><\/tbody><\/table><figcaption class=\"wp-element-caption\">par\u00e1metros de la m\u00e1quina de envasado de polvo de cebolla<\/figcaption><\/figure>    <h2 class=\"wp-block-heading\"><strong>Estructura de la m\u00e1quina de envasado de polvo de cebolla<\/strong><\/h2>    <p>Esta m\u00e1quina de envasado de polvo de cebolla presenta un dise\u00f1o estructural bien elaborado. Consiste principalmente en soporte de pel\u00edcula de embalaje, tolva, pantalla t\u00e1ctil, interruptor de encendido, formador de bolsas, corte autom\u00e1tico, etc.<\/p>    <p>Adem\u00e1s, la carcasa de esta empacadora de polvo est\u00e1 hecha de acero inoxidable 304, que no solo es limpia y sanitaria, sino que tambi\u00e9n tiene una larga vida \u00fatil. Su diagrama estructural se muestra a continuaci\u00f3n:<\/p>    <figure class=\"wp-block-gallery has-nested-images columns-default is-cropped wp-block-gallery-2 is-layout-flex wp-block-gallery-is-layout-flex\"> <figure class=\"wp-block-image size-large\"><img loading=\"lazy\" decoding=\"async\" width=\"540\" height=\"720\" data-id=\"436\" src=\"https:\/\/gingermachines.com\/wp-content\/uploads\/2026\/03\/onion-powder-filling-and-packaging-machine.webp\" alt=\"onion powder filling and packaging machine\" class=\"wp-image-436\" title=\"\" srcset=\"https:\/\/gingermachines.com\/wp-content\/uploads\/2026\/03\/onion-powder-filling-and-packaging-machine.webp 540w, https:\/\/gingermachines.com\/wp-content\/uploads\/2026\/03\/onion-powder-filling-and-packaging-machine-225x300.webp 225w, https:\/\/gingermachines.com\/wp-content\/uploads\/2026\/03\/onion-powder-filling-and-packaging-machine-9x12.webp 9w\" sizes=\"auto, (max-width: 540px) 100vw, 540px\" \/><figcaption class=\"wp-element-caption\">M\u00e1quina de llenado y envasado de polvo de cebolla<\/figcaption><\/figure>    <figure class=\"wp-block-image size-large\"><img loading=\"lazy\" decoding=\"async\" width=\"540\" height=\"720\" data-id=\"437\" src=\"https:\/\/gingermachines.com\/wp-content\/uploads\/2026\/03\/structure-of-onion-filling-machine.webp\" alt=\"Estructura de la m\u00e1quina de llenado de cebolla\" class=\"wp-image-437\" title=\"\" srcset=\"https:\/\/gingermachines.com\/wp-content\/uploads\/2026\/03\/structure-of-onion-filling-machine.webp 540w, https:\/\/gingermachines.com\/wp-content\/uploads\/2026\/03\/structure-of-onion-filling-machine-225x300.webp 225w, https:\/\/gingermachines.com\/wp-content\/uploads\/2026\/03\/structure-of-onion-filling-machine-9x12.webp 9w\" sizes=\"auto, (max-width: 540px) 100vw, 540px\" \/><figcaption class=\"wp-element-caption\">Estructura de la m\u00e1quina de llenado de cebolla<\/figcaption><\/figure> <\/figure>    <h2 class=\"wp-block-heading\"><strong>M\u00e1s tipos de m\u00e1quinas de envasado de polvo disponibles<\/strong><\/h2>    <p>Adem\u00e1s de las m\u00e1quinas de envasado de polvo de cebolla, ofrecemos una amplia gama de equipos de envasado de polvo para satisfacer diversas necesidades de producci\u00f3n, incluyendo:<\/p>    <ol class=\"wp-block-list\"> <li>M\u00e1quina de envasado de polvo de empuje plano<\/li>    <li>M\u00e1quina de envasado de polvo de empuje directo<\/li>    <li>M\u00e1quina semi-autom\u00e1tica de llenado de polvo<\/li>    <li>M\u00e1quina de llenado de polvo cuantitativo<\/li> <\/ol>    <figure class=\"wp-block-gallery has-nested-images columns-default is-cropped wp-block-gallery-3 is-layout-flex wp-block-gallery-is-layout-flex\"> <figure class=\"wp-block-image size-large\"><img loading=\"lazy\" decoding=\"async\" width=\"720\" height=\"540\" data-id=\"443\" src=\"https:\/\/gingermachines.com\/wp-content\/uploads\/2026\/03\/flat-push-powder-packaging-machine.webp\" alt=\"flat push powder packaging machine\" class=\"wp-image-443\" title=\"\" srcset=\"https:\/\/gingermachines.com\/wp-content\/uploads\/2026\/03\/flat-push-powder-packaging-machine.webp 720w, https:\/\/gingermachines.com\/wp-content\/uploads\/2026\/03\/flat-push-powder-packaging-machine-300x225.webp 300w, https:\/\/gingermachines.com\/wp-content\/uploads\/2026\/03\/flat-push-powder-packaging-machine-16x12.webp 16w\" sizes=\"auto, (max-width: 720px) 100vw, 720px\" \/><figcaption class=\"wp-element-caption\">M\u00e1quina de envasado de polvo de empuje plano<\/figcaption><\/figure>    <figure class=\"wp-block-image size-large\"><img loading=\"lazy\" decoding=\"async\" width=\"720\" height=\"540\" data-id=\"442\" src=\"https:\/\/gingermachines.com\/wp-content\/uploads\/2026\/03\/direct-push-powder-packer-machine.webp\" alt=\"direct push powder packer machine\" class=\"wp-image-442\" title=\"\" srcset=\"https:\/\/gingermachines.com\/wp-content\/uploads\/2026\/03\/direct-push-powder-packer-machine.webp 720w, https:\/\/gingermachines.com\/wp-content\/uploads\/2026\/03\/direct-push-powder-packer-machine-300x225.webp 300w, https:\/\/gingermachines.com\/wp-content\/uploads\/2026\/03\/direct-push-powder-packer-machine-16x12.webp 16w\" sizes=\"auto, (max-width: 720px) 100vw, 720px\" \/><figcaption class=\"wp-element-caption\">M\u00e1quina empacadora de polvo de empuje directo<\/figcaption><\/figure> <\/figure>    <figure class=\"wp-block-gallery has-nested-images columns-default is-cropped wp-block-gallery-4 is-layout-flex wp-block-gallery-is-layout-flex\"> <figure class=\"wp-block-image size-large\"><img loading=\"lazy\" decoding=\"async\" width=\"720\" height=\"540\" data-id=\"445\" src=\"https:\/\/gingermachines.com\/wp-content\/uploads\/2026\/03\/semi-automatic-powder-filling-machine.webp\" alt=\"semi-automatic powder filling machine\" class=\"wp-image-445\" title=\"\" srcset=\"https:\/\/gingermachines.com\/wp-content\/uploads\/2026\/03\/semi-automatic-powder-filling-machine.webp 720w, https:\/\/gingermachines.com\/wp-content\/uploads\/2026\/03\/semi-automatic-powder-filling-machine-300x225.webp 300w, https:\/\/gingermachines.com\/wp-content\/uploads\/2026\/03\/semi-automatic-powder-filling-machine-16x12.webp 16w\" sizes=\"auto, (max-width: 720px) 100vw, 720px\" \/><figcaption class=\"wp-element-caption\">M\u00e1quina semi-autom\u00e1tica de llenado de polvo<\/figcaption><\/figure>    <figure class=\"wp-block-image size-large\"><img loading=\"lazy\" decoding=\"async\" width=\"720\" height=\"540\" data-id=\"444\" src=\"https:\/\/gingermachines.com\/wp-content\/uploads\/2026\/03\/quantitative-powder-filling-machine.webp\" alt=\"quantitative powder filling machine\" class=\"wp-image-444\" title=\"\" srcset=\"https:\/\/gingermachines.com\/wp-content\/uploads\/2026\/03\/quantitative-powder-filling-machine.webp 720w, https:\/\/gingermachines.com\/wp-content\/uploads\/2026\/03\/quantitative-powder-filling-machine-300x225.webp 300w, https:\/\/gingermachines.com\/wp-content\/uploads\/2026\/03\/quantitative-powder-filling-machine-16x12.webp 16w\" sizes=\"auto, (max-width: 720px) 100vw, 720px\" \/><figcaption class=\"wp-element-caption\">M\u00e1quina de llenado de polvo cuantitativo<\/figcaption><\/figure> <\/figure>    <h2 class=\"wp-block-heading\"><strong>Precio de la m\u00e1quina de llenado y envasado de cebolla<\/strong><\/h2>    <p>El precio de una m\u00e1quina de envasado de polvo de cebolla var\u00eda seg\u00fan factores como el modelo del equipo, grado de automatizaci\u00f3n, producci\u00f3n requerida y caracter\u00edsticas de configuraci\u00f3n espec\u00edficas. En general, el equipo de envasado de polvo en el mercado abarca un amplio rango de precios; por lo tanto, al hacer una selecci\u00f3n, es esencial alinear la elecci\u00f3n con sus necesidades de producci\u00f3n reales.<\/p>    <figure class=\"wp-block-gallery has-nested-images columns-default is-cropped wp-block-gallery-5 is-layout-flex wp-block-gallery-is-layout-flex\"> <figure class=\"wp-block-image size-large\"><img loading=\"lazy\" decoding=\"async\" width=\"540\" height=\"720\" data-id=\"438\" src=\"https:\/\/gingermachines.com\/wp-content\/uploads\/2026\/03\/onion-powder-filling-equipment.webp\" alt=\"Equipo de llenado de polvo de cebolla\" class=\"wp-image-438\" title=\"\" srcset=\"https:\/\/gingermachines.com\/wp-content\/uploads\/2026\/03\/onion-powder-filling-equipment.webp 540w, https:\/\/gingermachines.com\/wp-content\/uploads\/2026\/03\/onion-powder-filling-equipment-225x300.webp 225w, https:\/\/gingermachines.com\/wp-content\/uploads\/2026\/03\/onion-powder-filling-equipment-9x12.webp 9w\" sizes=\"auto, (max-width: 540px) 100vw, 540px\" \/><figcaption class=\"wp-element-caption\">Equipo de llenado de polvo de cebolla<\/figcaption><\/figure>    <figure class=\"wp-block-image size-large\"><img loading=\"lazy\" decoding=\"async\" width=\"540\" height=\"720\" data-id=\"439\" src=\"https:\/\/gingermachines.com\/wp-content\/uploads\/2026\/03\/onion-powder-packaging-equipment.webp\" alt=\"Equipo de envasado de polvo de cebolla\" class=\"wp-image-439\" title=\"\" srcset=\"https:\/\/gingermachines.com\/wp-content\/uploads\/2026\/03\/onion-powder-packaging-equipment.webp 540w, https:\/\/gingermachines.com\/wp-content\/uploads\/2026\/03\/onion-powder-packaging-equipment-225x300.webp 225w, https:\/\/gingermachines.com\/wp-content\/uploads\/2026\/03\/onion-powder-packaging-equipment-9x12.webp 9w\" sizes=\"auto, (max-width: 540px) 100vw, 540px\" \/><figcaption class=\"wp-element-caption\">Equipo de envasado de polvo de cebolla<\/figcaption><\/figure>    <figure class=\"wp-block-image size-large\"><img loading=\"lazy\" decoding=\"async\" width=\"540\" height=\"720\" data-id=\"440\" src=\"https:\/\/gingermachines.com\/wp-content\/uploads\/2026\/03\/onion-powder-packing-machine.webp\" alt=\"onion powder packing machine\" class=\"wp-image-440\" title=\"\" srcset=\"https:\/\/gingermachines.com\/wp-content\/uploads\/2026\/03\/onion-powder-packing-machine.webp 540w, https:\/\/gingermachines.com\/wp-content\/uploads\/2026\/03\/onion-powder-packing-machine-225x300.webp 225w, https:\/\/gingermachines.com\/wp-content\/uploads\/2026\/03\/onion-powder-packing-machine-9x12.webp 9w\" sizes=\"auto, (max-width: 540px) 100vw, 540px\" \/><figcaption class=\"wp-element-caption\">M\u00e1quina de envasado de polvo de cebolla<\/figcaption><\/figure> <\/figure>    <h2 class=\"wp-block-heading\"><strong>\u00a1Cont\u00e1ctenos hoy mismo!<\/strong><\/h2>    <p class=\"translation-block\">No solo suministramos m\u00e1quinas profesionales de envasado de polvo de cebolla, sino que tambi\u00e9n ofrecemos otros equipos de procesamiento de cebolla, como <a href=\"https:\/\/gingermachines.com\/es\/product\/automatic-onion-peeling-machine\/\">m\u00e1quina peladora de cebolla<\/a> y <a href=\"https:\/\/gingermachines.com\/es\/product\/onion-powder-making-machine\/\">m\u00e1quina de molienda de polvo de cebolla<\/a>. Si tiene alguna necesidad, no dude en contactarnos en cualquier momento para recibir una soluci\u00f3n personalizada y la cotizaci\u00f3n m\u00e1s reciente.<\/p>","protected":false},"excerpt":{"rendered":"<p>Taizy onion powder packaging machine can be used to package onion powder, ginger powder, pepper, chili powder, flour, laundry detergent, and other similar products. It features a packaging speed of 20\u201380 bags per minute and a packaging weight range of 0\u2013600g.<\/p>","protected":false},"author":1,"featured_media":441,"parent":0,"template":"","tags":[9],"product-type":[6],"class_list":["post-432","product","type-product","status-publish","has-post-thumbnail","hentry","tag-onion","product-type-products"],"_links":{"self":[{"href":"https:\/\/gingermachines.com\/es\/wp-json\/wp\/v2\/product\/432","targetHints":{"allow":["GET"]}}],"collection":[{"href":"https:\/\/gingermachines.com\/es\/wp-json\/wp\/v2\/product"}],"about":[{"href":"https:\/\/gingermachines.com\/es\/wp-json\/wp\/v2\/types\/product"}],"author":[{"embeddable":true,"href":"https:\/\/gingermachines.com\/es\/wp-json\/wp\/v2\/users\/1"}],"wp:featuredmedia":[{"embeddable":true,"href":"https:\/\/gingermachines.com\/es\/wp-json\/wp\/v2\/media\/441"}],"wp:attachment":[{"href":"https:\/\/gingermachines.com\/es\/wp-json\/wp\/v2\/media?parent=432"}],"wp:term":[{"taxonomy":"post_tag","embeddable":true,"href":"https:\/\/gingermachines.com\/es\/wp-json\/wp\/v2\/tags?post=432"},{"taxonomy":"product-type","embeddable":true,"href":"https:\/\/gingermachines.com\/es\/wp-json\/wp\/v2\/product-type?post=432"}],"curies":[{"name":"wp","href":"https:\/\/api.w.org\/{rel}","templated":true}]}}