{"id":414,"date":"2026-03-18T16:48:58","date_gmt":"2026-03-18T08:48:58","guid":{"rendered":"https:\/\/gingermachines.com\/?post_type=product&#038;p=414"},"modified":"2026-03-18T16:51:32","modified_gmt":"2026-03-18T08:51:32","slug":"onion-powder-making-machine","status":"publish","type":"product","link":"https:\/\/gingermachines.com\/es\/product\/onion-powder-making-machine\/","title":{"rendered":"M\u00e1quina para hacer polvo de cebolla"},"content":{"rendered":"<p class=\"translation-block\">La <strong>m\u00e1quina de hacer polvo de cebolla<\/strong> es una m\u00e1quina altamente eficiente dise\u00f1ada espec\u00edficamente para moler cebollas secas en polvo fino. La finura del producto terminado oscila entre 20 y 120 malla. Tambi\u00e9n puede procesar una amplia gama de otros materiales, incluyendo ma\u00edz, trigo, especias, granos de caf\u00e9, chiles, jengibre y az\u00facar blanca.<\/p>    <p>Ofrecemos una gama de modelos de m\u00e1quinas de molienda de polvo de cebolla con capacidades de hasta 1500 kg por hora, capaces de cumplir con los requisitos de producci\u00f3n de operaciones de diferentes escalas. Si est\u00e1 interesado en esta m\u00e1quina, no dude en contactarnos para m\u00e1s detalles.<\/p>    <h2 class=\"wp-block-heading\"><strong>\u00bfQu\u00e9 hace que el molinillo de polvo de cebolla Taizy destaque?<\/strong><\/h2>    <p class=\"translation-block\"><strong>1. Amplio rango de aplicaciones<\/strong><\/p>    <p>Nuestra m\u00e1quina para hacer polvo de cebolla no solo es adecuada para procesar polvo de cebolla, sino que tambi\u00e9n puede manejar una amplia variedad de materiales secos, incluyendo:<\/p>    <ul class=\"wp-block-list\"> <li>Granos: Ma\u00edz, trigo<\/li>    <li>Condimentos: Chile, jengibre, especias<\/li>    <li>Otros: granos de caf\u00e9, az\u00facar<\/li> <\/ul>    <p>Esto permite una funcionalidad multiprop\u00f3sito, mejorando as\u00ed la eficiencia de utilizaci\u00f3n del equipo.<\/p>    <p class=\"translation-block\"><strong>2. Dise\u00f1o de alta producci\u00f3n, adaptable a varias escalas de producci\u00f3n<\/strong><\/p>    <p>El molinillo de polvo de cebolla Taizy ofrece un amplio rango de capacidad de producci\u00f3n, seleccionable desde 10 kg\/h hasta 1500 kg\/h, lo que lo hace adecuado tanto para plantas de procesamiento a peque\u00f1a escala como para requisitos de producci\u00f3n continua a gran escala.<\/p>    <p class=\"translation-block\"><strong>3. Finura de polvo ajustable, calidad estable<\/strong><\/p>    <p>El rango de finura del producto terminado es de 20 a 120 malla. Esto puede ajustarse seg\u00fan los requisitos espec\u00edficos de diferentes productos, asegurando una textura de polvo uniforme y fina, y mejorando la calidad general del producto.<\/p>    <p class=\"translation-block\"><strong>4. Material de acero inoxidable de grado alimentario, seguro y duradero<\/strong><\/p>    <p>Esta m\u00e1quina de molienda de polvo de cebolla est\u00e1 construida completamente en acero inoxidable SUS 304 y presenta las siguientes caracter\u00edsticas:<\/p>    <ul class=\"wp-block-list\"> <li>No reacciona qu\u00edmicamente con los materiales procesados, cumpliendo as\u00ed con las normas de seguridad alimentaria.<\/li>    <li>Ofrece una fuerte resistencia a la corrosi\u00f3n.<\/li>    <li>Cuenta con una estructura robusta, asegurando una larga vida \u00fatil.<\/li> <\/ul>    <figure class=\"wp-block-gallery has-nested-images columns-default is-cropped wp-block-gallery-2 is-layout-flex wp-block-gallery-is-layout-flex\"> <figure class=\"wp-block-image size-large\"><img loading=\"lazy\" decoding=\"async\" width=\"540\" height=\"720\" data-id=\"415\" src=\"https:\/\/gingermachines.com\/wp-content\/uploads\/2026\/03\/onion-powder-grinder-machine.webp\" alt=\"onion powder grinder machine\" class=\"wp-image-415\" title=\"\" srcset=\"https:\/\/gingermachines.com\/wp-content\/uploads\/2026\/03\/onion-powder-grinder-machine.webp 540w, https:\/\/gingermachines.com\/wp-content\/uploads\/2026\/03\/onion-powder-grinder-machine-225x300.webp 225w, https:\/\/gingermachines.com\/wp-content\/uploads\/2026\/03\/onion-powder-grinder-machine-9x12.webp 9w\" sizes=\"auto, (max-width: 540px) 100vw, 540px\" \/><figcaption class=\"wp-element-caption\">M\u00e1quina de molienda de polvo de cebolla<\/figcaption><\/figure>    <figure class=\"wp-block-image size-large\"><img loading=\"lazy\" decoding=\"async\" width=\"540\" height=\"720\" data-id=\"416\" src=\"https:\/\/gingermachines.com\/wp-content\/uploads\/2026\/03\/onion-powder-milling-machine.webp\" alt=\"Molino de polvo de cebolla\" class=\"wp-image-416\" title=\"\" srcset=\"https:\/\/gingermachines.com\/wp-content\/uploads\/2026\/03\/onion-powder-milling-machine.webp 540w, https:\/\/gingermachines.com\/wp-content\/uploads\/2026\/03\/onion-powder-milling-machine-225x300.webp 225w, https:\/\/gingermachines.com\/wp-content\/uploads\/2026\/03\/onion-powder-milling-machine-9x12.webp 9w\" sizes=\"auto, (max-width: 540px) 100vw, 540px\" \/><figcaption class=\"wp-element-caption\">Molinillo de polvo de cebolla<\/figcaption><\/figure>    <figure class=\"wp-block-image size-large\"><img loading=\"lazy\" decoding=\"async\" width=\"540\" height=\"720\" data-id=\"417\" src=\"https:\/\/gingermachines.com\/wp-content\/uploads\/2026\/03\/stainless-steel-onion-powder-grinding-machine.webp\" alt=\"stainless steel onion powder grinding machine\" class=\"wp-image-417\" title=\"\" srcset=\"https:\/\/gingermachines.com\/wp-content\/uploads\/2026\/03\/stainless-steel-onion-powder-grinding-machine.webp 540w, https:\/\/gingermachines.com\/wp-content\/uploads\/2026\/03\/stainless-steel-onion-powder-grinding-machine-225x300.webp 225w, https:\/\/gingermachines.com\/wp-content\/uploads\/2026\/03\/stainless-steel-onion-powder-grinding-machine-9x12.webp 9w\" sizes=\"auto, (max-width: 540px) 100vw, 540px\" \/><figcaption class=\"wp-element-caption\">M\u00e1quina de molienda de polvo de cebolla de acero inoxidable<\/figcaption><\/figure> <\/figure>    <h2 class=\"wp-block-heading\"><strong>\u00bfQu\u00e9 puede procesar la m\u00e1quina de hacer polvo de cebolla?<\/strong><\/h2>    <p>Nuestra m\u00e1quina de molienda de polvo de cebolla de acero inoxidable puede procesar una amplia variedad de materiales, incluyendo cebollas, jengibre, chiles, granos, ma\u00edz, frijoles, az\u00facar, sal, especias, cacao y m\u00e1s. Este molino de polvo de cebolla se usa com\u00fanmente en los siguientes entornos:<\/p>    <ul class=\"wp-block-list\"> <li>Plantas de procesamiento de condimentos<\/li>    <li>Empresas de procesamiento de alimentos<\/li>    <li>Proyectos de procesamiento profundo de productos agr\u00edcolas<\/li>    <li>Producci\u00f3n de especias y hierbas en polvo<\/li> <\/ul>    <figure class=\"wp-block-gallery has-nested-images columns-default is-cropped wp-block-gallery-3 is-layout-flex wp-block-gallery-is-layout-flex\"> <figure class=\"wp-block-image size-large\"><img loading=\"lazy\" decoding=\"async\" width=\"720\" height=\"540\" data-id=\"426\" src=\"https:\/\/gingermachines.com\/wp-content\/uploads\/2026\/03\/application-of-dried-onion-grinder.webp\" alt=\"application of dried onion grinder\" class=\"wp-image-426\" title=\"\" srcset=\"https:\/\/gingermachines.com\/wp-content\/uploads\/2026\/03\/application-of-dried-onion-grinder.webp 720w, https:\/\/gingermachines.com\/wp-content\/uploads\/2026\/03\/application-of-dried-onion-grinder-300x225.webp 300w, https:\/\/gingermachines.com\/wp-content\/uploads\/2026\/03\/application-of-dried-onion-grinder-16x12.webp 16w\" sizes=\"auto, (max-width: 720px) 100vw, 720px\" \/><figcaption class=\"wp-element-caption\">Aplicaci\u00f3n del molinillo de cebolla seca<\/figcaption><\/figure>    <figure class=\"wp-block-image size-large\"><img loading=\"lazy\" decoding=\"async\" width=\"720\" height=\"540\" data-id=\"427\" src=\"https:\/\/gingermachines.com\/wp-content\/uploads\/2026\/03\/application-of-dried-onion-grinding-machine.webp\" alt=\"application of dried onion grinding machine\" class=\"wp-image-427\" title=\"\" srcset=\"https:\/\/gingermachines.com\/wp-content\/uploads\/2026\/03\/application-of-dried-onion-grinding-machine.webp 720w, https:\/\/gingermachines.com\/wp-content\/uploads\/2026\/03\/application-of-dried-onion-grinding-machine-300x225.webp 300w, https:\/\/gingermachines.com\/wp-content\/uploads\/2026\/03\/application-of-dried-onion-grinding-machine-16x12.webp 16w\" sizes=\"auto, (max-width: 720px) 100vw, 720px\" \/><figcaption class=\"wp-element-caption\">Aplicaci\u00f3n del molinillo de cebolla seca<\/figcaption><\/figure> <\/figure>    <h2 class=\"wp-block-heading\"><strong>Componentes estructurales del molinillo de polvo de cebolla<\/strong><\/h2>    <p>Esta m\u00e1quina de hacer polvo de cebolla de acero inoxidable presenta un dise\u00f1o general simple pero bien elaborado y ofrece operaci\u00f3n sencilla. Sus componentes clave incluyen:<\/p>    <ul class=\"wp-block-list\"> <li>Entrada de alimentaci\u00f3n: Dise\u00f1ada para alimentar de manera uniforme los materiales, mejorando as\u00ed la eficiencia del procesamiento.<\/li>    <li>Speed \u200b\u200bcontrol mechanism: Allows for the adjustment of the equipment&#8217;s operating speed.<\/li>    <li>C\u00e1mara de trituraci\u00f3n: La zona principal de trabajo responsable de la trituraci\u00f3n de alta velocidad de los materiales.<\/li>    <li>Tuercas de sujeci\u00f3n: Aseguran componentes cr\u00edticos, garantizando la operaci\u00f3n estable del equipo.<\/li>    <li>Interruptor de encendido: Controla el inicio y paro de la m\u00e1quina, ofreciendo operaci\u00f3n segura y conveniente.<\/li>    <li>Salida de descarga: Facilita la descarga r\u00e1pida del polvo terminado.<\/li> <\/ul>    <p>Con su estructura compacta, operaci\u00f3n sencilla y facilidad de mantenimiento, esta m\u00e1quina es ideal para entornos de producci\u00f3n continua.<\/p>   <div class=\"wp-block-image\"> <figure class=\"aligncenter size-full\"><img loading=\"lazy\" decoding=\"async\" width=\"720\" height=\"540\" src=\"https:\/\/gingermachines.com\/wp-content\/uploads\/2026\/03\/structure-of-dried-onion-grinding-machine.webp\" alt=\"estructura de la molienda de cebolla seca\" class=\"wp-image-418\" title=\"\" srcset=\"https:\/\/gingermachines.com\/wp-content\/uploads\/2026\/03\/structure-of-dried-onion-grinding-machine.webp 720w, https:\/\/gingermachines.com\/wp-content\/uploads\/2026\/03\/structure-of-dried-onion-grinding-machine-300x225.webp 300w, https:\/\/gingermachines.com\/wp-content\/uploads\/2026\/03\/structure-of-dried-onion-grinding-machine-16x12.webp 16w\" sizes=\"auto, (max-width: 720px) 100vw, 720px\" \/><figcaption class=\"wp-element-caption\">estructura de la molienda de cebolla seca<\/figcaption><\/figure> <\/div>   <h2 class=\"wp-block-heading\"><strong>Par\u00e1metros t\u00e9cnicos de la m\u00e1quina de hacer polvo de cebolla<\/strong><\/h2>    <p>Antes de seleccionar un modelo de equipo espec\u00edfico, es esencial entender las diferencias entre los diversos modelos en t\u00e9rminos de producci\u00f3n, consumo de energ\u00eda y finura del producto terminado. La informaci\u00f3n detallada se proporciona a continuaci\u00f3n para su referencia:<\/p>    <figure class=\"wp-block-table\"><table class=\"has-fixed-layout\"><thead><tr><th>Modelo<\/th><th>15B<\/th><th>20B<\/th><th>30B<\/th><th>40B<\/th><th>50B<\/th><\/tr><\/thead><tbody><tr><td>Material<\/td><td>SUS 304<\/td><td>SUS 304<\/td><td>SUS 304<\/td><td>SUS 304<\/td><td>SUS 304<\/td><\/tr><tr><td>Fuerza<\/td><td>2,2 kw<\/td><td>4kw<\/td><td>7,5 kw<\/td><td>11kw<\/td><td>18.5kw<\/td><\/tr><tr><td>Velocidad de rotaci\u00f3n<\/td><td>6000r\/m<\/td><td>4500r\/m<\/td><td>3800r\/m<\/td><td>3400r\/m<\/td><td>3200r\/m<\/td><\/tr><tr><td>Tama\u00f1o de la materia<\/td><td>&lt;8mm<\/td><td>&lt;8mm<\/td><td>&lt;10mm<\/td><td>&lt;12mm<\/td><td>&lt;14mm<\/td><\/tr><tr><td>Capacidad<\/td><td>10-60kg\/h<\/td><td>60-150kg\/h<\/td><td>100-300kg\/h<\/td><td>160-800kg\/h<\/td><td>500-1500kg\/h<\/td><\/tr><tr><td>Finura<\/td><td>20-120mesh<\/td><td>20-120mesh<\/td><td>20-120mesh<\/td><td>20-120mesh<\/td><td>20-120mesh<\/td><\/tr><tr><td>Peso<\/td><td>150kg<\/td><td>280 kilos<\/td><td>340kg<\/td><td>450kg<\/td><td>530kg<\/td><\/tr><\/tbody><\/table><figcaption class=\"wp-element-caption\">par\u00e1metros de la m\u00e1quina de molienda de polvo de cebolla<\/figcaption><\/figure>    <h2 class=\"wp-block-heading\"><strong>\u00bfCu\u00e1nto cuesta una m\u00e1quina de molienda de cebolla?<\/strong><\/h2>    <p>El rango de precio total para una m\u00e1quina de hacer polvo de cebolla generalmente oscila entre $2,000 y $10,000; el precio espec\u00edfico var\u00eda seg\u00fan el modelo del equipo, capacidad de producci\u00f3n y configuraci\u00f3n. Los principales factores que influyen en el precio incluyen:<\/p>    <ul class=\"wp-block-list\"> <li><strong>Capacidad de producci\u00f3n<\/strong>: Mayor capacidad de producci\u00f3n resulta en un mayor precio del equipo.<\/li>    <li><strong>Potencia del motor<\/strong>: Mayor potencia del motor conduce a mayores costos.<\/li>    <li><strong>Normas de material<\/strong>: El equipo fabricado con acero inoxidable de grado alimentario es m\u00e1s caro que el hecho con materiales est\u00e1ndar.<\/li>    <li><strong>Requisitos de finura de molienda<\/strong>: Las pantallas de alta precisi\u00f3n y los sistemas de ajuste aumentan el costo total.<\/li> <\/ul>    <figure class=\"wp-block-gallery has-nested-images columns-default is-cropped wp-block-gallery-4 is-layout-flex wp-block-gallery-is-layout-flex\"> <figure class=\"wp-block-image size-large\"><img loading=\"lazy\" decoding=\"async\" width=\"720\" height=\"540\" data-id=\"419\" src=\"https:\/\/gingermachines.com\/wp-content\/uploads\/2026\/03\/onion-powder-grinder.webp\" alt=\"Molinillo de polvo de cebolla\" class=\"wp-image-419\" title=\"\" srcset=\"https:\/\/gingermachines.com\/wp-content\/uploads\/2026\/03\/onion-powder-grinder.webp 720w, https:\/\/gingermachines.com\/wp-content\/uploads\/2026\/03\/onion-powder-grinder-300x225.webp 300w, https:\/\/gingermachines.com\/wp-content\/uploads\/2026\/03\/onion-powder-grinder-16x12.webp 16w\" sizes=\"auto, (max-width: 720px) 100vw, 720px\" \/><figcaption class=\"wp-element-caption\">Molino de polvo de cebolla<\/figcaption><\/figure>    <figure class=\"wp-block-image size-large\"><img loading=\"lazy\" decoding=\"async\" width=\"720\" height=\"540\" data-id=\"420\" src=\"https:\/\/gingermachines.com\/wp-content\/uploads\/2026\/03\/onion-powder-grinding-equipment.webp\" alt=\"molinillo de polvo de cebolla\" class=\"wp-image-420\" title=\"\" srcset=\"https:\/\/gingermachines.com\/wp-content\/uploads\/2026\/03\/onion-powder-grinding-equipment.webp 720w, https:\/\/gingermachines.com\/wp-content\/uploads\/2026\/03\/onion-powder-grinding-equipment-300x225.webp 300w, https:\/\/gingermachines.com\/wp-content\/uploads\/2026\/03\/onion-powder-grinding-equipment-16x12.webp 16w\" sizes=\"auto, (max-width: 720px) 100vw, 720px\" \/><figcaption class=\"wp-element-caption\">Equipo de molienda de polvo de cebolla<\/figcaption><\/figure> <\/figure>    <h2 class=\"wp-block-heading\"><strong>\u00bfC\u00f3mo elegir la m\u00e1quina de molienda de polvo de cebolla?<\/strong><\/h2>    <p>Al elegir una m\u00e1quina de hacer polvo de cebolla, se recomienda basar la elecci\u00f3n en los siguientes factores:<\/p>    <ul class=\"wp-block-list\"> <li>Producci\u00f3n horaria requerida<\/li>    <li>Tipo y tama\u00f1o de las materias primas<\/li>    <li>Finura requerida del producto terminado<\/li>    <li>Condiciones del sitio y suministro el\u00e9ctrico<\/li> <\/ul>    <p>Seleccionar el modelo de equipo adecuado ayuda a mejorar la eficiencia de producci\u00f3n y reducir los costos operativos.<\/p>   <div class=\"wp-block-image\"> <figure class=\"aligncenter size-full\"><img loading=\"lazy\" decoding=\"async\" width=\"720\" height=\"540\" src=\"https:\/\/gingermachines.com\/wp-content\/uploads\/2026\/03\/onion-powder-making-machine.webp\" alt=\"m\u00e1quina para hacer polvo de cebolla\" class=\"wp-image-421\" title=\"\" srcset=\"https:\/\/gingermachines.com\/wp-content\/uploads\/2026\/03\/onion-powder-making-machine.webp 720w, https:\/\/gingermachines.com\/wp-content\/uploads\/2026\/03\/onion-powder-making-machine-300x225.webp 300w, https:\/\/gingermachines.com\/wp-content\/uploads\/2026\/03\/onion-powder-making-machine-16x12.webp 16w\" sizes=\"auto, (max-width: 720px) 100vw, 720px\" \/><figcaption class=\"wp-element-caption\">m\u00e1quina para hacer polvo de cebolla<\/figcaption><\/figure> <\/div>   <h2 class=\"wp-block-heading\"><strong>\u00a1Cont\u00e1ctanos para obtener una cotizaci\u00f3n ahora!<\/strong><\/h2>    <p class=\"translation-block\">La m\u00e1quina de hacer polvo de cebolla es un equipo clave para el procesamiento profundo de cebollas. Tambi\u00e9n ofrecemos un conjunto completo de equipos de procesamiento de cebolla, incluyendo <a href=\"https:\/\/gingermachines.com\/es\/product\/automatic-onion-peeling-machine\/\">pelador de cebolla<\/a>, <a href=\"https:\/\/gingermachines.com\/es\/product\/onion-cutting-machine\/\">m\u00e1quina de corte de cebolla<\/a> y <a href=\"https:\/\/gingermachines.com\/es\/product\/onion-drying-machine\/\">secador de cebolla<\/a>, permitiendo un proceso de producci\u00f3n completo desde las materias primas hasta el polvo de cebolla final.<\/p>    <p>Si desea recibir una cotizaci\u00f3n detallada, no dude en contactarnos en cualquier momento. Le proporcionaremos recomendaciones expertas sobre la configuraci\u00f3n del equipo adaptadas espec\u00edficamente a sus requisitos \u00fanicos.<\/p>","protected":false},"excerpt":{"rendered":"<p>This article primarily introduces our onion powder making machine. Our onion grinder is constructed from stainless steel. It is suitable for processing onions, ginger, chili peppers, grains, and similar products. Its processing capacity ranges from 10 to 1,500 kilograms per hour, producing a finished product with a fineness ranging from 20 to 120 mesh.<\/p>","protected":false},"author":1,"featured_media":425,"parent":0,"template":"","tags":[9],"product-type":[6],"class_list":["post-414","product","type-product","status-publish","has-post-thumbnail","hentry","tag-onion","product-type-products"],"_links":{"self":[{"href":"https:\/\/gingermachines.com\/es\/wp-json\/wp\/v2\/product\/414","targetHints":{"allow":["GET"]}}],"collection":[{"href":"https:\/\/gingermachines.com\/es\/wp-json\/wp\/v2\/product"}],"about":[{"href":"https:\/\/gingermachines.com\/es\/wp-json\/wp\/v2\/types\/product"}],"author":[{"embeddable":true,"href":"https:\/\/gingermachines.com\/es\/wp-json\/wp\/v2\/users\/1"}],"wp:featuredmedia":[{"embeddable":true,"href":"https:\/\/gingermachines.com\/es\/wp-json\/wp\/v2\/media\/425"}],"wp:attachment":[{"href":"https:\/\/gingermachines.com\/es\/wp-json\/wp\/v2\/media?parent=414"}],"wp:term":[{"taxonomy":"post_tag","embeddable":true,"href":"https:\/\/gingermachines.com\/es\/wp-json\/wp\/v2\/tags?post=414"},{"taxonomy":"product-type","embeddable":true,"href":"https:\/\/gingermachines.com\/es\/wp-json\/wp\/v2\/product-type?post=414"}],"curies":[{"name":"wp","href":"https:\/\/api.w.org\/{rel}","templated":true}]}}