{"id":387,"date":"2026-03-11T14:34:05","date_gmt":"2026-03-11T06:34:05","guid":{"rendered":"https:\/\/gingermachines.com\/?post_type=product&#038;p=387"},"modified":"2026-03-11T14:37:16","modified_gmt":"2026-03-11T06:37:16","slug":"onion-drying-machine","status":"publish","type":"product","link":"https:\/\/gingermachines.com\/es\/product\/onion-drying-machine\/","title":{"rendered":"Secadora de cebolla"},"content":{"rendered":"<p class=\"translation-block\">La o<strong>nion secadora<\/strong> es un dispositivo que utiliza tecnolog\u00eda de circulaci\u00f3n de aire caliente calentado el\u00e9ctricamente. Su capacidad de secado es aproximadamente de 100 a 600 kg por lote. Nuestra secadora de cebolla es adecuada para una variedad de materiales, incluyendo cebollas, hongos, pimientos, hierbas medicinales chinas, embutidos, peque\u00f1os camarones, albaricoques secos y ciruelas secas.<\/p>    <p>La m\u00e1quina secadora de cebolla Taizy est\u00e1 equipada con un ventilador de circulaci\u00f3n y un ventilador de escape, logrando un secado uniforme mediante circulaci\u00f3n continua de aire caliente. Adem\u00e1s, la temperatura, humedad y tiempo de secado se pueden configurar a trav\u00e9s del panel de control. Si busca equipos de secado, \u00a1no dude en contactarnos!<\/p>    <h2 class=\"wp-block-heading\"><strong>Caracter\u00edsticas de la m\u00e1quina secadora de cebolla<\/strong><\/h2>    <p class=\"translation-block\">1. <strong>Sistema de circulaci\u00f3n de aire caliente<\/strong><\/p>    <p>El equipo est\u00e1 equipado con un ventilador de circulaci\u00f3n para hacer circular continuamente aire caliente dentro de la c\u00e1mara de secado, asegurando un calentamiento uniforme de cada bandeja.<\/p>    <p class=\"translation-block\">2. <strong>Sistema de control inteligente<\/strong><\/p>    <p>El armario de control cuenta con un panel de control digital, que permite a los usuarios configurar:<\/p>    <ul class=\"wp-block-list\"> <li>Temperatura<\/li>    <li>Humedad<\/li>    <li>Tiempo de secado<\/li>    <li>Intervalo de tiempo<\/li> <\/ul>    <p class=\"translation-block\">3. <strong>Dise\u00f1o de estructura de aislamiento<\/strong><\/p>    <p>La c\u00e1mara de secado est\u00e1 construida con una placa de aislamiento de lana de roca de 7,5 cm de grosor, que proporciona un excelente rendimiento de aislamiento y reduce eficazmente la p\u00e9rdida de calor.<\/p>    <p class=\"translation-block\">4. <strong>Material de bandeja personalizable<\/strong><\/p>    <p>La bandeja est\u00e1ndar es de galvanizado, pero se pueden solicitar opciones personalizadas:<\/p>    <ul class=\"wp-block-list\"> <li>Bandejas de acero inoxidable<\/li>    <li>Bandejas de pl\u00e1stico<\/li> <\/ul>    <p class=\"translation-block\">5. <strong>Estructura de calefacci\u00f3n el\u00e9ctrica<\/strong><\/p>    <p>La m\u00e1quina de secado de cebolla utiliza calefacci\u00f3n el\u00e9ctrica; el elemento calefactor est\u00e1 instalado sobre el ventilador de circulaci\u00f3n, permitiendo que el aire caliente se difunda r\u00e1pidamente en el espacio de secado.<\/p>    <figure class=\"wp-block-gallery has-nested-images columns-default is-cropped wp-block-gallery-2 is-layout-flex wp-block-gallery-is-layout-flex\"> <figure class=\"wp-block-image size-large\"><img loading=\"lazy\" decoding=\"async\" width=\"720\" height=\"540\" data-id=\"391\" src=\"https:\/\/gingermachines.com\/wp-content\/uploads\/2026\/03\/onion-slice-drying-machine.webp\" alt=\"Gran secadora de cebollas\" class=\"wp-image-391\" title=\"\" srcset=\"https:\/\/gingermachines.com\/wp-content\/uploads\/2026\/03\/onion-slice-drying-machine.webp 720w, https:\/\/gingermachines.com\/wp-content\/uploads\/2026\/03\/onion-slice-drying-machine-300x225.webp 300w, https:\/\/gingermachines.com\/wp-content\/uploads\/2026\/03\/onion-slice-drying-machine-16x12.webp 16w\" sizes=\"auto, (max-width: 720px) 100vw, 720px\" \/><figcaption class=\"wp-element-caption\">M\u00e1quina de secado de cebollas<\/figcaption><\/figure>    <figure class=\"wp-block-image size-large\"><img loading=\"lazy\" decoding=\"async\" width=\"720\" height=\"540\" data-id=\"390\" src=\"https:\/\/gingermachines.com\/wp-content\/uploads\/2026\/03\/circulating-fan.webp\" alt=\"circulating fan of onion dryer\" class=\"wp-image-390\" title=\"\" srcset=\"https:\/\/gingermachines.com\/wp-content\/uploads\/2026\/03\/circulating-fan.webp 720w, https:\/\/gingermachines.com\/wp-content\/uploads\/2026\/03\/circulating-fan-300x225.webp 300w, https:\/\/gingermachines.com\/wp-content\/uploads\/2026\/03\/circulating-fan-16x12.webp 16w\" sizes=\"auto, (max-width: 720px) 100vw, 720px\" \/><figcaption class=\"wp-element-caption\">Ventilador de circulaci\u00f3n de cebolla<\/figcaption><\/figure>    <figure class=\"wp-block-image size-large\"><img loading=\"lazy\" decoding=\"async\" width=\"720\" height=\"540\" data-id=\"389\" src=\"https:\/\/gingermachines.com\/wp-content\/uploads\/2026\/03\/operation-screen-of-electric-heating-dryer.webp\" alt=\"operation screen of electric heating dryer\" class=\"wp-image-389\" title=\"\" srcset=\"https:\/\/gingermachines.com\/wp-content\/uploads\/2026\/03\/operation-screen-of-electric-heating-dryer.webp 720w, https:\/\/gingermachines.com\/wp-content\/uploads\/2026\/03\/operation-screen-of-electric-heating-dryer-300x225.webp 300w, https:\/\/gingermachines.com\/wp-content\/uploads\/2026\/03\/operation-screen-of-electric-heating-dryer-16x12.webp 16w\" sizes=\"auto, (max-width: 720px) 100vw, 720px\" \/><figcaption class=\"wp-element-caption\">Pantalla de operaci\u00f3n de la secadora el\u00e9ctrica<\/figcaption><\/figure> <\/figure>    <figure class=\"wp-block-gallery has-nested-images columns-default is-cropped wp-block-gallery-3 is-layout-flex wp-block-gallery-is-layout-flex\"> <figure class=\"wp-block-image size-large\"><img loading=\"lazy\" decoding=\"async\" width=\"720\" height=\"540\" data-id=\"394\" src=\"https:\/\/gingermachines.com\/wp-content\/uploads\/2026\/03\/galvanized-tray-of-onion-slice-dryer.webp\" alt=\"La m\u00e1quina de secado de cebolla utiliza calefacci\u00f3n el\u00e9ctrica y circulaci\u00f3n de aire caliente, con una capacidad de 100-600 por lote, adecuada para secar cebollas, hongos, pimientos, embutidos y frutas secas.\" class=\"wp-image-394\" title=\"\" srcset=\"https:\/\/gingermachines.com\/wp-content\/uploads\/2026\/03\/galvanized-tray-of-onion-slice-dryer.webp 720w, https:\/\/gingermachines.com\/wp-content\/uploads\/2026\/03\/galvanized-tray-of-onion-slice-dryer-300x225.webp 300w, https:\/\/gingermachines.com\/wp-content\/uploads\/2026\/03\/galvanized-tray-of-onion-slice-dryer-16x12.webp 16w\" sizes=\"auto, (max-width: 720px) 100vw, 720px\" \/><figcaption class=\"wp-element-caption\">Bandejas galvanizadas del secador de rodajas de cebolla<\/figcaption><\/figure>    <figure class=\"wp-block-image size-large\"><img loading=\"lazy\" decoding=\"async\" width=\"720\" height=\"540\" data-id=\"393\" src=\"https:\/\/gingermachines.com\/wp-content\/uploads\/2026\/03\/stainless-steel-tray-of-vegetable-onion-drying-machine.webp\" alt=\"Secadora de verduras\" class=\"wp-image-393\" title=\"\" srcset=\"https:\/\/gingermachines.com\/wp-content\/uploads\/2026\/03\/stainless-steel-tray-of-vegetable-onion-drying-machine.webp 720w, https:\/\/gingermachines.com\/wp-content\/uploads\/2026\/03\/stainless-steel-tray-of-vegetable-onion-drying-machine-300x225.webp 300w, https:\/\/gingermachines.com\/wp-content\/uploads\/2026\/03\/stainless-steel-tray-of-vegetable-onion-drying-machine-16x12.webp 16w\" sizes=\"auto, (max-width: 720px) 100vw, 720px\" \/><figcaption class=\"wp-element-caption\">Bandejas de acero inoxidable de la m\u00e1quina de secado de verduras y cebollas<\/figcaption><\/figure>    <figure class=\"wp-block-image size-large\"><img loading=\"lazy\" decoding=\"async\" width=\"720\" height=\"540\" data-id=\"392\" src=\"https:\/\/gingermachines.com\/wp-content\/uploads\/2026\/03\/plastic-tray-of-dryer-machine-for-onions.webp\" alt=\"Secadora el\u00e9ctrica de cebolla para procesamiento de alimentos\" class=\"wp-image-392\" title=\"\" srcset=\"https:\/\/gingermachines.com\/wp-content\/uploads\/2026\/03\/plastic-tray-of-dryer-machine-for-onions.webp 720w, https:\/\/gingermachines.com\/wp-content\/uploads\/2026\/03\/plastic-tray-of-dryer-machine-for-onions-300x225.webp 300w, https:\/\/gingermachines.com\/wp-content\/uploads\/2026\/03\/plastic-tray-of-dryer-machine-for-onions-16x12.webp 16w\" sizes=\"auto, (max-width: 720px) 100vw, 720px\" \/><figcaption class=\"wp-element-caption\">Bandejas de pl\u00e1stico de la m\u00e1quina secadora de cebollas<\/figcaption><\/figure> <\/figure>    <h2 class=\"wp-block-heading\"><strong>\u00bfC\u00f3mo funciona la secadora de rodajas de cebolla?<\/strong><\/h2>    <p>La m\u00e1quina de secado de cebolla Taizy utiliza un proceso continuo de calefacci\u00f3n, circulaci\u00f3n y deshumidificaci\u00f3n para garantizar un secado eficiente de los materiales bajo condiciones de temperatura estables.<\/p>    <ol class=\"wp-block-list\"> <li><strong>La calefacci\u00f3n el\u00e9ctrica genera aire caliente<\/strong>: La calefacci\u00f3n el\u00e9ctrica eleva r\u00e1pidamente la temperatura dentro de la c\u00e1mara de secado.<\/li>    <li><strong>El ventilador de circulaci\u00f3n distribuye el aire de manera uniforme<\/strong>: El ventilador de circulaci\u00f3n disipa el calor del aire a trav\u00e9s de conductos de aire, asegurando una distribuci\u00f3n uniforme del calor en toda la c\u00e1mara de secado.<\/li>    <li><strong>El aire caliente se dirige a las bandejas de material<\/strong>: El aire caliente se sopla continuamente sobre los materiales en las bandejas, causando una r\u00e1pida evaporaci\u00f3n de la humedad y logrando un secado uniforme.<\/li>    <li><strong>El sistema de deshumidificaci\u00f3n elimina la humedad<\/strong>: El ventilador deshumidificador elimina la humedad generada durante el proceso de secado, manteniendo un ambiente seco.<\/li> <\/ol>    <figure class=\"wp-block-gallery has-nested-images columns-default is-cropped wp-block-gallery-4 is-layout-flex wp-block-gallery-is-layout-flex\"> <figure class=\"wp-block-image size-large\"><img loading=\"lazy\" decoding=\"async\" width=\"540\" height=\"720\" data-id=\"397\" src=\"https:\/\/gingermachines.com\/wp-content\/uploads\/2026\/03\/vegetable-drying-machine.webp\" alt=\"secadora de vegetales\" class=\"wp-image-397\" title=\"\" srcset=\"https:\/\/gingermachines.com\/wp-content\/uploads\/2026\/03\/vegetable-drying-machine.webp 540w, https:\/\/gingermachines.com\/wp-content\/uploads\/2026\/03\/vegetable-drying-machine-225x300.webp 225w, https:\/\/gingermachines.com\/wp-content\/uploads\/2026\/03\/vegetable-drying-machine-9x12.webp 9w\" sizes=\"auto, (max-width: 540px) 100vw, 540px\" \/><figcaption class=\"wp-element-caption\">M\u00e1quina de secado de verduras<\/figcaption><\/figure>    <figure class=\"wp-block-image size-large\"><img loading=\"lazy\" decoding=\"async\" width=\"540\" height=\"720\" data-id=\"396\" src=\"https:\/\/gingermachines.com\/wp-content\/uploads\/2026\/03\/onion-drying-equipment.webp\" alt=\"onion drying equipment\" class=\"wp-image-396\" title=\"\" srcset=\"https:\/\/gingermachines.com\/wp-content\/uploads\/2026\/03\/onion-drying-equipment.webp 540w, https:\/\/gingermachines.com\/wp-content\/uploads\/2026\/03\/onion-drying-equipment-225x300.webp 225w, https:\/\/gingermachines.com\/wp-content\/uploads\/2026\/03\/onion-drying-equipment-9x12.webp 9w\" sizes=\"auto, (max-width: 540px) 100vw, 540px\" \/><figcaption class=\"wp-element-caption\">Equipo de secado de cebolla<\/figcaption><\/figure>    <figure class=\"wp-block-image size-large\"><img loading=\"lazy\" decoding=\"async\" width=\"540\" height=\"720\" data-id=\"395\" src=\"https:\/\/gingermachines.com\/wp-content\/uploads\/2026\/03\/onion-dryer-machine.webp\" alt=\"m\u00e1quina secadora de cebollas\" class=\"wp-image-395\" title=\"\" srcset=\"https:\/\/gingermachines.com\/wp-content\/uploads\/2026\/03\/onion-dryer-machine.webp 540w, https:\/\/gingermachines.com\/wp-content\/uploads\/2026\/03\/onion-dryer-machine-225x300.webp 225w, https:\/\/gingermachines.com\/wp-content\/uploads\/2026\/03\/onion-dryer-machine-9x12.webp 9w\" sizes=\"auto, (max-width: 540px) 100vw, 540px\" \/><figcaption class=\"wp-element-caption\">M\u00e1quina secadora de cebolla<\/figcaption><\/figure> <\/figure>    <h2 class=\"wp-block-heading\"><strong>\u00bfCu\u00e1les son las aplicaciones de la m\u00e1quina de secado de cebolla?<\/strong><\/h2>    <p>La m\u00e1quina de secado de cebolla tiene una amplia gama de aplicaciones y puede usarse para secar diversos alimentos y productos agr\u00edcolas.<\/p>    <ul class=\"wp-block-list\"> <li><strong>Producto c\u00e1rnico<\/strong>: Cerdo curado, embutidos, cecina de cerdo<\/li>    <li><strong>Producto acu\u00e1tico<\/strong>: Peque\u00f1os peces, peque\u00f1os camarones<\/li>    <li><strong>Producto agr\u00edcola<\/strong>: Cebollas, pimientos, hongos, verduras secas<\/li>    <li><strong>Fruta seca<\/strong>: Albaricoques secos, ciruelas secas, mangos secos, frutas confitadas<\/li>    <li><strong>Material medicinal tradicional chino:<\/strong> Diversos materiales medicinales de ra\u00edz y hoja<\/li> <\/ul>    <p>La m\u00e1quina de secado de cebolla utiliza un m\u00e9todo de secado con aire caliente a temperatura constante, que puede preservar mejor el color, sabor y nutrici\u00f3n de los materiales.<\/p>   <div class=\"wp-block-image\"> <figure class=\"aligncenter size-full\"><img loading=\"lazy\" decoding=\"async\" width=\"720\" height=\"540\" src=\"https:\/\/gingermachines.com\/wp-content\/uploads\/2026\/03\/application-of-onion-dryer.webp\" alt=\"Aplicaci\u00f3n de la m\u00e1quina de secado de cebolla\" class=\"wp-image-398\" title=\"\" srcset=\"https:\/\/gingermachines.com\/wp-content\/uploads\/2026\/03\/application-of-onion-dryer.webp 720w, https:\/\/gingermachines.com\/wp-content\/uploads\/2026\/03\/application-of-onion-dryer-300x225.webp 300w, https:\/\/gingermachines.com\/wp-content\/uploads\/2026\/03\/application-of-onion-dryer-16x12.webp 16w\" sizes=\"auto, (max-width: 720px) 100vw, 720px\" \/><figcaption class=\"wp-element-caption\">Aplicaci\u00f3n de la m\u00e1quina de secado de cebolla<\/figcaption><\/figure> <\/div>   <h2 class=\"wp-block-heading\"><strong>Par\u00e1metros t\u00e9cnicos de la m\u00e1quina secadora de cebolla<\/strong><\/h2>    <p>Ofrecemos varios modelos de m\u00e1quinas de secado de cebolla. A continuaci\u00f3n, sus especificaciones detalladas para su referencia:<\/p>    <figure class=\"wp-block-table\"><table><thead><tr><th>Modelo<\/th><th>N\u00famero de capas de bandeja<\/th><th>Capacidad (por lote)<\/th><th>Tama\u00f1o total (mm)<\/th><th>Tama\u00f1o de la bandeja (mm)<\/th><th>Potencia (kw)<\/th><th>Ventiladores de circulaci\u00f3n (kw)<\/th><th>Ventiladores de extracci\u00f3n (kw)<\/th><th>Material<\/th><\/tr><\/thead><tbody><tr><td>TZ-20<\/td><td>20<\/td><td>Aproximadamente 100kg<\/td><td>1100\u00d71100\u00d72200<\/td><td>800\u00d7600<\/td><td>6<\/td><td>2\u00d70.37<\/td><td>1\u00d70.18<\/td><td>Lana de roca<\/td><\/tr><tr><td>TZ-40<\/td><td>40<\/td><td>Aproximadamente 200kg<\/td><td>2200\u00d71100\u00d72200<\/td><td>800\u00d71000<\/td><td>13.5<\/td><td>2\u00d70.37<\/td><td>1\u00d70.18<\/td><td>Lana de roca<\/td><\/tr><tr><td>TZ-80<\/td><td>80<\/td><td>Aproximadamente 400kg<\/td><td>2000\u00d71800\u00d72200<\/td><td>800\u00d7600<\/td><td>27<\/td><td>4\u00d70.37<\/td><td>2\u00d70.18k<\/td><td>Lana de roca<\/td><\/tr><tr><td>TZ-120<\/td><td>120<\/td><td>Aproximadamente 600kg<\/td><td>2600\u00d71800\u00d72200<\/td><td>800\u00d7600<\/td><td>36<\/td><td>4\u00d70.37<\/td><td>2\u00d70.37<\/td><td>Lana de roca<\/td><\/tr><\/tbody><\/table><figcaption class=\"wp-element-caption\">par\u00e1metros del equipo de secado de cebolla<\/figcaption><\/figure>    <h2 class=\"wp-block-heading\"><strong>Otros tipos de secadores de cebolla en venta<\/strong><\/h2>    <p>Adem\u00e1s de la m\u00e1quina de secado de cebolla con calefacci\u00f3n el\u00e9ctrica, tambi\u00e9n ofrecemos una variedad de equipos de secado de alta capacidad adecuados para necesidades de producci\u00f3n a gran escala. Estos equipos de secado pueden equiparse con diferentes fuentes de calor seg\u00fan las necesidades del cliente, como:<\/p>    <ul class=\"wp-block-list\"> <li>Pellet de biomasa<\/li>    <li>Gas\u00f3leo<\/li>    <li>Gas natural<\/li>    <li>Gas licuado de petr\u00f3leo<\/li>    <li>Bomba de calor de fuente de aire<\/li> <\/ul>    <p>En comparaci\u00f3n con el secador de cebolla calentado el\u00e9ctricamente, estas unidades suelen ser m\u00e1s grandes y tener una mayor capacidad de procesamiento por lote. \u00a1Si desea saber m\u00e1s, no dude en contactarnos!<\/p>    <figure class=\"wp-block-gallery has-nested-images columns-default is-cropped wp-block-gallery-5 is-layout-flex wp-block-gallery-is-layout-flex\"> <figure class=\"wp-block-image size-large\"><img loading=\"lazy\" decoding=\"async\" width=\"720\" height=\"540\" data-id=\"399\" src=\"https:\/\/gingermachines.com\/wp-content\/uploads\/2026\/03\/large-onion-dryer-machine.webp\" alt=\"large onion dryer machine\" class=\"wp-image-399\" title=\"\" srcset=\"https:\/\/gingermachines.com\/wp-content\/uploads\/2026\/03\/large-onion-dryer-machine.webp 720w, https:\/\/gingermachines.com\/wp-content\/uploads\/2026\/03\/large-onion-dryer-machine-300x225.webp 300w, https:\/\/gingermachines.com\/wp-content\/uploads\/2026\/03\/large-onion-dryer-machine-16x12.webp 16w\" sizes=\"auto, (max-width: 720px) 100vw, 720px\" \/><figcaption class=\"wp-element-caption\">Gran m\u00e1quina secadora de cebollas<\/figcaption><\/figure>    <figure class=\"wp-block-image size-large\"><img loading=\"lazy\" decoding=\"async\" width=\"720\" height=\"540\" data-id=\"400\" src=\"https:\/\/gingermachines.com\/wp-content\/uploads\/2026\/03\/large-onion-dryer.webp\" alt=\"large onion dryer\" class=\"wp-image-400\" title=\"\" srcset=\"https:\/\/gingermachines.com\/wp-content\/uploads\/2026\/03\/large-onion-dryer.webp 720w, https:\/\/gingermachines.com\/wp-content\/uploads\/2026\/03\/large-onion-dryer-300x225.webp 300w, https:\/\/gingermachines.com\/wp-content\/uploads\/2026\/03\/large-onion-dryer-16x12.webp 16w\" sizes=\"auto, (max-width: 720px) 100vw, 720px\" \/><figcaption class=\"wp-element-caption\">Gran m\u00e1quina secadora de cebollas<\/figcaption><\/figure> <\/figure>    <h2 class=\"wp-block-heading\"><strong>Precio de la m\u00e1quina de secado de cebolla<\/strong><\/h2>    <p>El precio de un secador de cebolla var\u00eda seg\u00fan factores como el modelo del equipo, configuraci\u00f3n de potencia, n\u00famero de bandejas, selecci\u00f3n de materiales y capacidad de secado. Los diferentes clientes tienen necesidades de procesamiento distintas, lo que tambi\u00e9n afectar\u00e1 el precio.<\/p>    <p>En general, las peque\u00f1as m\u00e1quinas de secado de cebolla con calefacci\u00f3n el\u00e9ctrica son adecuadas para procesamiento de peque\u00f1a a mediana escala. Si se requiere una mayor capacidad o un equipo de secado con una fuente de calor diferente, tambi\u00e9n podemos ofrecer soluciones personalizadas.<\/p>   <div class=\"wp-block-image\"> <figure class=\"aligncenter size-full\"><img loading=\"lazy\" decoding=\"async\" width=\"720\" height=\"540\" src=\"https:\/\/gingermachines.com\/wp-content\/uploads\/2026\/03\/vegetable-dryer.webp\" alt=\"Secadora de verduras\" class=\"wp-image-401\" title=\"\" srcset=\"https:\/\/gingermachines.com\/wp-content\/uploads\/2026\/03\/vegetable-dryer.webp 720w, https:\/\/gingermachines.com\/wp-content\/uploads\/2026\/03\/vegetable-dryer-300x225.webp 300w, https:\/\/gingermachines.com\/wp-content\/uploads\/2026\/03\/vegetable-dryer-16x12.webp 16w\" sizes=\"auto, (max-width: 720px) 100vw, 720px\" \/><figcaption class=\"wp-element-caption\">Secadora de verduras<\/figcaption><\/figure> <\/div>   <h2 class=\"wp-block-heading\"><strong>\u00bfPor qu\u00e9 elegir Taizy como tu proveedor?<\/strong><\/h2>    <p>No solo ofrecemos m\u00e1quinas de secado de cebolla de alta calidad, sino tambi\u00e9n soluciones completas de equipos de procesamiento de cebolla. Adem\u00e1s de secadores de cebolla, ofrecemos una variedad de otros equipos:<\/p>    <ul class=\"wp-block-list\"> <li><a href=\"https:\/\/gingermachines.com\/es\/product\/automatic-onion-peeling-machine\/\">M\u00e1quina peladora de cebollas<\/a><\/li>    <li><a href=\"https:\/\/gingermachines.com\/es\/product\/onion-root-cutting-machine\/\">Cortadora de ra\u00edces de cebolla<\/a><\/li>    <li><a href=\"https:\/\/gingermachines.com\/es\/product\/onion-cutting-machine\/\">M\u00e1quina para cortar cebollas<\/a><\/li> <\/ul>    <p>Podemos ayudar a los clientes a lograr un procesamiento integrado desde el lavado, pelado, corte hasta el secado, mejorando significativamente la eficiencia de producci\u00f3n y reduciendo costos laborales.<\/p>    <p>Adem\u00e1s, Taizy posee experiencia de producci\u00f3n madura y un sistema integral de servicio postventa. Nuestro equipo ha sido exportado a muchos pa\u00edses y regiones.<\/p>    <h2 class=\"wp-block-heading\"><strong>\u00a1Inicie su consulta hoy mismo!<\/strong><\/h2>    <p>Para especificaciones detalladas, configuraciones o informaci\u00f3n de precios sobre la m\u00e1quina de secado de cebolla, por favor cont\u00e1ctenos. \u00a1Podemos recomendar modelos de equipos adecuados y proporcionar las cotizaciones m\u00e1s recientes seg\u00fan sus materiales de procesamiento y necesidades de producci\u00f3n!<\/p>","protected":false},"excerpt":{"rendered":"<p>This article introduces the structural features, working principle, and application range of the onion drying machine. This equipment uses electrically heated hot air circulating drying technology, with a capacity of approximately 100-600kg\/batch. It is suitable for onions, mushrooms, peppers, Chinese medicinal herbs, cured meat, sausages, small fish, small shrimp, dried vegetables, and preserved fruits, among others.<\/p>","protected":false},"author":1,"featured_media":388,"parent":0,"template":"","tags":[9],"product-type":[6],"class_list":["post-387","product","type-product","status-publish","has-post-thumbnail","hentry","tag-onion","product-type-products"],"_links":{"self":[{"href":"https:\/\/gingermachines.com\/es\/wp-json\/wp\/v2\/product\/387","targetHints":{"allow":["GET"]}}],"collection":[{"href":"https:\/\/gingermachines.com\/es\/wp-json\/wp\/v2\/product"}],"about":[{"href":"https:\/\/gingermachines.com\/es\/wp-json\/wp\/v2\/types\/product"}],"author":[{"embeddable":true,"href":"https:\/\/gingermachines.com\/es\/wp-json\/wp\/v2\/users\/1"}],"wp:featuredmedia":[{"embeddable":true,"href":"https:\/\/gingermachines.com\/es\/wp-json\/wp\/v2\/media\/388"}],"wp:attachment":[{"href":"https:\/\/gingermachines.com\/es\/wp-json\/wp\/v2\/media?parent=387"}],"wp:term":[{"taxonomy":"post_tag","embeddable":true,"href":"https:\/\/gingermachines.com\/es\/wp-json\/wp\/v2\/tags?post=387"},{"taxonomy":"product-type","embeddable":true,"href":"https:\/\/gingermachines.com\/es\/wp-json\/wp\/v2\/product-type?post=387"}],"curies":[{"name":"wp","href":"https:\/\/api.w.org\/{rel}","templated":true}]}}