{"id":37,"date":"2022-09-07T01:59:01","date_gmt":"2022-09-06T17:59:01","guid":{"rendered":"https:\/\/gingermachines.com\/?post_type=product&#038;p=37"},"modified":"2023-08-18T10:55:57","modified_gmt":"2023-08-18T02:55:57","slug":"ginger-grinding-machine","status":"publish","type":"product","link":"https:\/\/gingermachines.com\/es\/product\/ginger-grinding-machine\/","title":{"rendered":"M\u00e1quina trituradora de jengibre"},"content":{"rendered":"<p class=\"translation-block\">La <strong>m\u00e1quina trituradora de jengibre<\/strong>, a menudo abreviada como trituradora de jengibre, es una herramienta potente para <strong>moler jengibre seco en polvo fino<\/strong>. Adem\u00e1s, tiene una amplia gama de aplicaciones, tambi\u00e9n se utiliza para procesar ajo, cebolla, patata, pl\u00e1tano, carne, cereales, especias, chile, verduras, grano, arroz, hierbas medicinales, etc. La capacidad de la m\u00e1quina autom\u00e1tica trituradora de jengibre var\u00eda de 10 kg\/h a 500 kg\/h. Hay varios modelos disponibles para su elecci\u00f3n. Adem\u00e1s, tenemos una gran capacidad para proporcionar servicio OEM\/ODM para satisfacer sus requisitos espec\u00edficos. <\/p>    <p>Toda la m\u00e1quina utiliza una estructura de cuerpo de acero inoxidable 304, que es duradera y apta para uso alimentario. Y la m\u00e1quina trituradora de jengibre a la venta en la f\u00e1brica de TAIZY tiene las caracter\u00edsticas de un alto nivel de automatizaci\u00f3n, una estructura simple y un tama\u00f1o peque\u00f1o. Si est\u00e1 buscando una m\u00e1quina trituradora de verduras confiable, cont\u00e1ctenos para iniciar su negocio de jengibre lo antes posible.<\/p>    <h2 class=\"wp-block-heading\" id=\"h-features\">Caracter\u00edsticas de la m\u00e1quina trituradora de jengibre.<\/h2>    <ol class=\"wp-block-list\" type=\"1\"> <li>La m\u00e1quina trituradora de jengibre tiene una estructura simple y un dise\u00f1o razonable, es f\u00e1cil de operar y mantener.<\/li>    <li>Amplia gama de aplicaciones. Este molinillo mezclador de jengibre comercial se usa ampliamente en la industria de procesamiento de vegetales, plantas farmac\u00e9uticas y f\u00e1bricas de producci\u00f3n de especias.<\/li>    <li>Ahorro energ\u00e9tico y alta eficiencia. Tiene un alto rendimiento, ahorro de energ\u00eda y alta eficiencia.<\/li>    <li>La m\u00e1quina trituradora de jengibre el\u00e9ctrica tiene poco ruido y un rendimiento estable.<\/li>    <li>El servicio OEM\/ODM est\u00e1 disponible para satisfacer su demanda espec\u00edfica.<\/li> <\/ol>    <figure class=\"wp-block-image size-full\"><img loading=\"lazy\" decoding=\"async\" width=\"720\" height=\"540\" src=\"https:\/\/gingermachines.com\/wp-content\/uploads\/2022\/09\/ginger-grinding-machine-structure.jpg\" alt=\"estructura de la maquina trituradora de jengibre\" class=\"wp-image-84\" title=\"\" srcset=\"https:\/\/gingermachines.com\/wp-content\/uploads\/2022\/09\/ginger-grinding-machine-structure.jpg 720w, https:\/\/gingermachines.com\/wp-content\/uploads\/2022\/09\/ginger-grinding-machine-structure-300x225.jpg 300w\" sizes=\"auto, (max-width: 720px) 100vw, 720px\" \/><figcaption class=\"wp-element-caption\">Estructura de la m\u00e1quina trituradora de jengibre<\/figcaption><\/figure>    <h2 class=\"wp-block-heading\" id=\"h-applications\">Aplicaciones de la m\u00e1quina trituradora de jengibre.<\/h2>    <ul class=\"wp-block-list\" type=\"1\"> <li><strong>En la industria procesadora de alimentos<\/strong><\/li> <\/ul>    <p>La m\u00e1quina trituradora autom\u00e1tica de jengibre es ideal para procesar alimentos secos como jengibre, ajo, chile, especias, cereales, arroz, az\u00facar, soja, etc.<\/p>    <ul class=\"wp-block-list\"> <li><strong>en el campo industrial<\/strong><\/li> <\/ul>    <p>Algunos residuos industriales son reciclables despu\u00e9s de la molienda; cont\u00e1ctenos antes de moler materias primas especiales.<\/p>    <ul class=\"wp-block-list\"> <li><strong>en planta farmaceutica<\/strong><\/li> <\/ul>    <p>Esta m\u00e1quina trituradora tambi\u00e9n se puede utilizar para moler pastillas medicinales, hierbas, etc. Puede procesar todos los materiales medicinales secos.<\/p>    <figure class=\"wp-block-image size-full\"><img loading=\"lazy\" decoding=\"async\" width=\"720\" height=\"540\" src=\"https:\/\/gingermachines.com\/wp-content\/uploads\/2022\/09\/ginger-grinder-machine.jpg\" alt=\"m\u00e1quina trituradora de jengibre\" class=\"wp-image-82\" title=\"\" srcset=\"https:\/\/gingermachines.com\/wp-content\/uploads\/2022\/09\/ginger-grinder-machine.jpg 720w, https:\/\/gingermachines.com\/wp-content\/uploads\/2022\/09\/ginger-grinder-machine-300x225.jpg 300w\" sizes=\"auto, (max-width: 720px) 100vw, 720px\" \/><figcaption class=\"wp-element-caption\">M\u00e1quina trituradora de jengibre<\/figcaption><\/figure>    <h2 class=\"wp-block-heading\" id=\"h-parameters\">Datos t\u00e9cnicos de la trituradora de jengibre TAIZY<\/h2>    <figure class=\"wp-block-table\"><table><tbody><tr><td>Modelo<\/td><td>180<\/td><td>250<\/td><td>320<\/td><td>350<\/td><\/tr><tr><td>Materiales<\/td><td>304 <a href=\"https:\/\/en.wikipedia.org\/wiki\/Stainless_steel\" target=\"_blank\" rel=\"noopener\">Acero inoxidable<\/a><\/td><td>Acero inoxidable 304<\/td><td>Acero inoxidable 304<\/td><td>Acero inoxidable 304<\/td><\/tr><tr><td>Voltaje<\/td><td>220\/380<\/td><td>380<\/td><td>380<\/td><td>380<\/td><\/tr><tr><td>Motor (kilovatios)<\/td><td>2.2<\/td><td>5.5<\/td><td>7.5<\/td><td>11<\/td><\/tr><tr><td>Velocidad<\/td><td>4200<\/td><td>4200<\/td><td>4200<\/td><td>4200<\/td><\/tr><tr><td>Malla<\/td><td>10-120<\/td><td>10-120<\/td><td>10-120<\/td><td>10-120<\/td><\/tr><tr><td>Capacidad (kg\/h)<\/td><td>10-120<\/td><td>30-200<\/td><td>50-300<\/td><td>70-500<\/td><\/tr><tr><td>Dimensi\u00f3n (mm)<\/td><td>480X520X1040<\/td><td>750X600 X1260<\/td><td>780X700X1350<\/td><td>800X900X1550<\/td><\/tr><tr><td>Peso (kg)<\/td><td>75<\/td><td>180<\/td><td>260<\/td><td>320<\/td><\/tr><\/tbody><\/table><\/figure>    <h2 class=\"wp-block-heading\" id=\"h-contact-us-to-start-your-ginger-business\">Cont\u00e1ctanos para iniciar tu negocio de jengibre<\/h2>    <p>Esta m\u00e1quina trituradora de jengibre es adecuada para uso dom\u00e9stico y aplicaciones industriales porque tiene un tama\u00f1o peque\u00f1o, buen rendimiento y precio asequible. Puede mejorar enormemente la eficiencia de su producci\u00f3n. Adem\u00e1s, el molinillo de jengibre se puede utilizar solo para lograr el objetivo de trituraci\u00f3n y tambi\u00e9n puede ser una parte importante de toda la l\u00ednea de procesamiento de jengibre en polvo. &nbsp;<\/p>    <p class=\"translation-block\">Como fabricante profesional de m\u00e1quinas procesadoras de jengibre, la <a href=\"https:\/\/gingermachines.com\/es\/\">f\u00e1brica TAIZY<\/a> ofrece una gama completa de m\u00e1quinas para jengibre, incluida la <a href=\"https:\/\/gingermachines.com\/es\/product\/ginger-washing-machine\/\">m\u00e1quina lavadora de jengibre<\/a>, m\u00e1quina peladora de jengibre y <a href=\"https:\/\/gingermachines.com\/es\/product\/ginger-drying-machine\/\">m\u00e1quina secadora de jengibre<\/a>. Todas las m\u00e1quinas utilizan est\u00e1ndares y dise\u00f1os internacionales. Y ofrecemos potentes servicios personalizados para satisfacer sus necesidades. Bienvenido a contactarnos para obtener m\u00e1s informaci\u00f3n \u00fatil.<\/p>","protected":false},"excerpt":{"rendered":"<p>Ginger grinding machine, often shortened to ginger grinder, is a powerful tool for grinding dry ginger into fine powder. Besides, it has a wide range of applications, also used for processing garlic, onion, potato, banana, meat, cereals, spices, chili, vegetable, grain, rice, medicinal herbs, etc. The capacity of the automatic ginger grinder machine ranges from [&hellip;]<\/p>\n","protected":false},"author":1,"featured_media":78,"parent":0,"template":"","tags":[8],"product-type":[6],"class_list":["post-37","product","type-product","status-publish","has-post-thumbnail","hentry","tag-ginger-processing-machine","product-type-products"],"_links":{"self":[{"href":"https:\/\/gingermachines.com\/es\/wp-json\/wp\/v2\/product\/37","targetHints":{"allow":["GET"]}}],"collection":[{"href":"https:\/\/gingermachines.com\/es\/wp-json\/wp\/v2\/product"}],"about":[{"href":"https:\/\/gingermachines.com\/es\/wp-json\/wp\/v2\/types\/product"}],"author":[{"embeddable":true,"href":"https:\/\/gingermachines.com\/es\/wp-json\/wp\/v2\/users\/1"}],"wp:featuredmedia":[{"embeddable":true,"href":"https:\/\/gingermachines.com\/es\/wp-json\/wp\/v2\/media\/78"}],"wp:attachment":[{"href":"https:\/\/gingermachines.com\/es\/wp-json\/wp\/v2\/media?parent=37"}],"wp:term":[{"taxonomy":"post_tag","embeddable":true,"href":"https:\/\/gingermachines.com\/es\/wp-json\/wp\/v2\/tags?post=37"},{"taxonomy":"product-type","embeddable":true,"href":"https:\/\/gingermachines.com\/es\/wp-json\/wp\/v2\/product-type?post=37"}],"curies":[{"name":"wp","href":"https:\/\/api.w.org\/{rel}","templated":true}]}}