{"id":35,"date":"2022-09-07T01:56:08","date_gmt":"2022-09-06T17:56:08","guid":{"rendered":"https:\/\/gingermachines.com\/?post_type=product&#038;p=35"},"modified":"2023-03-07T15:53:46","modified_gmt":"2023-03-07T07:53:46","slug":"ginger-slicing-machine","status":"publish","type":"product","link":"https:\/\/gingermachines.com\/es\/product\/ginger-slicing-machine\/","title":{"rendered":"M\u00e1quina cortadora de jengibre"},"content":{"rendered":"<p class=\"translation-block\">La <strong>cortadora de jengibre<\/strong> se utiliza para cortar jengibre en rodajas. Tambi\u00e9n se conoce como rebanadora de jengibre y es un tipo de m\u00e1quina cortadora de verduras. El tama\u00f1o del producto terminado oscila entre 1 mm y 3 mm. Y la capacidad de corte de la m\u00e1quina es de 150 kg\/h a 250 kg\/h. La m\u00e1quina picadora de jengibre es adecuada para procesar jengibre, zanahorias, pl\u00e1tanos, pepinos, patatas, taro, brotes de bamb\u00fa, etc. <\/p>    <p class=\"translation-block\">La <strong>cortadora de jengibre<\/strong> es una m\u00e1quina de procesamiento de jengibre muy importante y una parte significativa de una <a href=\"https:\/\/gingermachines.com\/es\/product\/ginger-powder-processing-line\/\">l\u00ednea de producci\u00f3n de polvo de jengibre<\/a> completa. Toda la m\u00e1quina adopta una estructura de cuerpo de acero inoxidable, que tiene las caracter\u00edsticas de calidad alimentaria y durabilidad. La cortadora de jengibre se utiliza ampliamente en diversas industrias de procesamiento de alimentos.<\/p>    <figure class=\"wp-block-image size-full\"><img loading=\"lazy\" decoding=\"async\" width=\"720\" height=\"540\" src=\"https:\/\/gingermachines.com\/wp-content\/uploads\/2022\/09\/ginger-slicer.jpg\" alt=\"rebanador de jengibre\" class=\"wp-image-66\" title=\"\" srcset=\"https:\/\/gingermachines.com\/wp-content\/uploads\/2022\/09\/ginger-slicer.jpg 720w, https:\/\/gingermachines.com\/wp-content\/uploads\/2022\/09\/ginger-slicer-300x225.jpg 300w\" sizes=\"auto, (max-width: 720px) 100vw, 720px\" \/><figcaption class=\"wp-element-caption\">Cortadora de jengibre<\/figcaption><\/figure>    <h2 class=\"wp-block-heading\" id=\"h-features\">Caracter\u00edsticas de la m\u00e1quina cortadora Gingle<\/h2>    <ol class=\"wp-block-list\" type=\"1\"> <li>Estructura y marco de acero inoxidable 304 de alta calidad.<\/li>    <li>El grosor de las rodajas de jengibre se puede ajustar, de 1 mm a 3 mm.<\/li>    <li>La m\u00e1quina cortadora de jengibre puede procesar jengibre de 150 kg a 250 kg por hora.<\/li>    <li>Tiene una estructura simple y un dise\u00f1o razonable, muy f\u00e1cil de operar.<\/li>    <li>Apoyamos un s\u00f3lido servicio de personalizaci\u00f3n para satisfacer su demanda especial.<\/li> <\/ol>    <h2 class=\"wp-block-heading\" id=\"h-parameters\">Par\u00e1metros de la m\u00e1quina cortadora de jengibre TAIZY<\/h2>    <figure class=\"wp-block-table\"><table><tbody><tr><td>Capacidad de corte:<\/td><td>150 ~ 250 kg por hora<\/td><\/tr><tr><td>Forma cortada:<\/td><td>de alambre cortado con cuidado, secci\u00f3n delgada<\/td><\/tr><tr><td>Dimensiones:<\/td><td>1 ~ 3mm<\/td><\/tr><tr><td>Potencia mec\u00e1nica:<\/td><td>1\/2 HP monof\u00e1sico 220 v<\/td><\/tr><tr><td>La especificaci\u00f3n de la m\u00e1quina:<\/td><td>largo 54 cm x 40 cm ancho x 56 cm alto<\/td><\/tr><tr><td>El peso de la m\u00e1quina:<\/td><td>alrededor de 41 kilogramos<\/td><\/tr><\/tbody><\/table><\/figure>    <h2 class=\"wp-block-heading\" id=\"h-things-need-to-know-before-running-a-ginger-slicing-machine\">Cosas que hay que saber antes de utilizar una m\u00e1quina cortadora de jengibre<\/h2>    <ol class=\"wp-block-list\" type=\"1\"> <li>Antes de operar el equipo sobre una superficie horizontal, aseg\u00farese de que la m\u00e1quina est\u00e9 colocada de manera suave y confiable; aseg\u00farese de que el enchufe del equipo est\u00e9 en buen contacto, sin marcas de agua sueltas.<\/li>    <li>Los objetos extra\u00f1os que se deben revisar en el cilindro giratorio o la cinta transportadora, como los objetos extra\u00f1os, deben limpiarse para evitar da\u00f1os a las herramientas.<\/li>    <li>La operaci\u00f3n y el procesamiento de ajuste deben elegir el m\u00e9todo de corte de acuerdo con la especie vegetal, cortadora centr\u00edfuga de mel\u00f3n y papa para vegetales duros, la parte de la cuchilla vertical puede ser vegetales de hojas suaves o un buen bloque de procesamiento de pel\u00edcula cortado en diferentes tama\u00f1os, en forma de D, en forma de diamante. en forma, etc.;<\/li>    <li>Despu\u00e9s de instalar la cuchilla vertical, primero ajuste la rotaci\u00f3n exc\u00e9ntrica y el marco de la cuchilla hasta el punto muerto despu\u00e9s de la siguiente l\u00ednea, luego levante el marco de la cuchilla 1-2 mm, de modo que la cuchilla vertical y la correa entren en contacto, apriete el marco de la cuchilla. para fijar la tuerca en la cuchilla vertical en el marco de la cuchilla. Si la altura de elevaci\u00f3n de la torreta es peque\u00f1a, puede incluso haber un picador; si la altura de elevaci\u00f3n de la torreta es demasiado grande, puede cortar la cinta transportadora defectuosa.\u00a0\u00a0\u00a0\u00a0<\/li> <\/ol>    <figure class=\"wp-block-image size-full\"><img loading=\"lazy\" decoding=\"async\" width=\"720\" height=\"540\" src=\"https:\/\/gingermachines.com\/wp-content\/uploads\/2022\/09\/ginger-slicing-equipment.jpg\" alt=\"equipo para cortar jengibre\" class=\"wp-image-67\" title=\"\" srcset=\"https:\/\/gingermachines.com\/wp-content\/uploads\/2022\/09\/ginger-slicing-equipment.jpg 720w, https:\/\/gingermachines.com\/wp-content\/uploads\/2022\/09\/ginger-slicing-equipment-300x225.jpg 300w\" sizes=\"auto, (max-width: 720px) 100vw, 720px\" \/><figcaption class=\"wp-element-caption\">Equipo para cortar jengibre<\/figcaption><\/figure>    <h2 class=\"wp-block-heading\" id=\"h-how-to-maintain-the-ginger-slicer-machine\">\u00bfC\u00f3mo mantener la m\u00e1quina cortadora de jengibre?<\/h2>    <p>1. Al limpiar herramientas o accesorios que entren en contacto con alimentos, los usuarios deben secarlos primero con un pa\u00f1o seco.<\/p>    <p>2. El eje de la herramienta debe lubricarse con aceite comestible.<\/p>    <p>3. Cuando la herramienta est\u00e9 oxidada, se puede quitar y pulir con la piedra de aceite.<\/p>    <p>4. Los usuarios deben prestar atenci\u00f3n a repostar la caja de cambios cada seis meses y lubricar los cojinetes, cadenas, engranajes y otras partes de la transmisi\u00f3n de la m\u00e1quina una vez por trimestre.&nbsp;&nbsp;&nbsp;&nbsp;<\/p>","protected":false},"excerpt":{"rendered":"<p>Ginger slicing machine is used for cutting ginger into slices. It is also known as a ginger slicer, and it is a kind of vegetable cutter machine. The size of the finished product ranges from 1mm ~ to 3mm. And the cutting capacity of the machine is from 150kg\/h to 250kg\/h. The ginger chopping machine [&hellip;]<\/p>\n","protected":false},"author":1,"featured_media":64,"parent":0,"template":"","tags":[8],"product-type":[6],"class_list":["post-35","product","type-product","status-publish","has-post-thumbnail","hentry","tag-ginger-processing-machine","product-type-products"],"_links":{"self":[{"href":"https:\/\/gingermachines.com\/es\/wp-json\/wp\/v2\/product\/35","targetHints":{"allow":["GET"]}}],"collection":[{"href":"https:\/\/gingermachines.com\/es\/wp-json\/wp\/v2\/product"}],"about":[{"href":"https:\/\/gingermachines.com\/es\/wp-json\/wp\/v2\/types\/product"}],"author":[{"embeddable":true,"href":"https:\/\/gingermachines.com\/es\/wp-json\/wp\/v2\/users\/1"}],"wp:featuredmedia":[{"embeddable":true,"href":"https:\/\/gingermachines.com\/es\/wp-json\/wp\/v2\/media\/64"}],"wp:attachment":[{"href":"https:\/\/gingermachines.com\/es\/wp-json\/wp\/v2\/media?parent=35"}],"wp:term":[{"taxonomy":"post_tag","embeddable":true,"href":"https:\/\/gingermachines.com\/es\/wp-json\/wp\/v2\/tags?post=35"},{"taxonomy":"product-type","embeddable":true,"href":"https:\/\/gingermachines.com\/es\/wp-json\/wp\/v2\/product-type?post=35"}],"curies":[{"name":"wp","href":"https:\/\/api.w.org\/{rel}","templated":true}]}}