{"id":345,"date":"2026-02-11T15:01:00","date_gmt":"2026-02-11T07:01:00","guid":{"rendered":"https:\/\/gingermachines.com\/?post_type=product&#038;p=345"},"modified":"2026-02-11T17:14:22","modified_gmt":"2026-02-11T09:14:22","slug":"onion-cutting-machine","status":"publish","type":"product","link":"https:\/\/gingermachines.com\/es\/product\/onion-cutting-machine\/","title":{"rendered":"M\u00e1quina para cortar cebollas"},"content":{"rendered":"<p class=\"translation-block\">La <strong>m\u00e1quina cortadora de cebollas<\/strong> es un dispositivo de corte de verduras multifuncional que puede procesar varias verduras como cebollas, pepinos, papas y jengibre. Puede lograr varios efectos de corte, incluyendo picado (6, 8, 10, 15, 20, 25, 30mm), rebanado (3, 4, 6, 9mm), y corte en piezas (2, 3, 4, 5, 6, 7, 8mm).<\/p>    <p>La m\u00e1quina cortadora de cebollas Taizy puede mejorar significativamente la eficiencia del procesamiento de verduras (300-600kg\/h). Puede reducir mucho los costos laborales y garantizar tama\u00f1os de corte uniformes. \u00a1No dudes en contactarnos si tienes alguna necesidad!<\/p>    <figure class=\"wp-block-embed is-type-video is-provider-youtube wp-block-embed-youtube wp-embed-aspect-16-9 wp-has-aspect-ratio\"><div class=\"wp-block-embed__wrapper\"> <iframe loading=\"lazy\" title=\"M\u00e1quina cortadora de cebollas | M\u00e1quina multifuncional para cortar cebollas, papas, jengibre\" width=\"500\" height=\"281\" src=\"https:\/\/www.youtube.com\/embed\/JZqYAyCf92k?feature=oembed\" frameborder=\"0\" allow=\"accelerometer; autoplay; clipboard-write; encrypted-media; gyroscope; picture-in-picture; web-share\" referrerpolicy=\"strict-origin-when-cross-origin\" allowfullscreen><\/iframe> <\/div><figcaption class=\"wp-element-caption\">Video de trabajo de la m\u00e1quina cortadora de cebollas<\/figcaption><\/figure>    <h2 class=\"wp-block-heading\"><strong>Caracter\u00edsticas de la m\u00e1quina cortadora de cebollas<\/strong><\/h2>    <ul class=\"wp-block-list\"> <li><strong>Uso flexible<\/strong>: Se pueden procesar diferentes formas y tama\u00f1os cambiando las cuchillas.<\/li>    <li><strong>Amplia aplicaci\u00f3n<\/strong>: Esta m\u00e1quina cortadora de cebollas puede usarse para procesar cebollas, pepinos, papas, jengibre y otros alimentos.<\/li>    <li><strong>Corte uniforme<\/strong>: Las verduras se cortan a un tama\u00f1o uniforme, mejorando la calidad del producto.<\/li>    <li><strong>Alta eficiencia<\/strong>: Nuestro cortador de verduras multifuncional puede alcanzar una eficiencia de 600kg\/h.<\/li>    <li><strong>Cumplimiento de seguridad alimentaria<\/strong>: Esta m\u00e1quina cortadora de cebollas est\u00e1 hecha de acero inoxidable, lo que la hace segura, higi\u00e9nica y f\u00e1cil de limpiar.<\/li> <\/ul>   <div class=\"wp-block-image\"> <figure class=\"aligncenter size-full\"><img loading=\"lazy\" decoding=\"async\" width=\"720\" height=\"540\" src=\"https:\/\/gingermachines.com\/wp-content\/uploads\/2026\/02\/green-onion-cutter.webp\" alt=\"Cortador de cebolla verde\" class=\"wp-image-346\" title=\"\" srcset=\"https:\/\/gingermachines.com\/wp-content\/uploads\/2026\/02\/green-onion-cutter.webp 720w, https:\/\/gingermachines.com\/wp-content\/uploads\/2026\/02\/green-onion-cutter-300x225.webp 300w, https:\/\/gingermachines.com\/wp-content\/uploads\/2026\/02\/green-onion-cutter-16x12.webp 16w\" sizes=\"auto, (max-width: 720px) 100vw, 720px\" \/><figcaption class=\"wp-element-caption\">Cortador de cebolla verde<\/figcaption><\/figure> <\/div>   <h2 class=\"wp-block-heading\"><strong>\u00bfCu\u00e1les son los escenarios de aplicaci\u00f3n para la cortadora de cebollas?<\/strong><\/h2>    <p class=\"translation-block\"><strong>Materias primas procesables<\/strong><\/p>    <p>Nuestra m\u00e1quina cortadora de cebollas no solo se puede usar para procesar cebollas, sino tambi\u00e9n para procesar berenjenas, pepinos, calabacines, papas, batatas, jengibre, zanahorias y r\u00e1banos picantes.<\/p>   <div class=\"wp-block-image\"> <figure class=\"aligncenter size-full\"><img loading=\"lazy\" decoding=\"async\" width=\"720\" height=\"540\" src=\"https:\/\/gingermachines.com\/wp-content\/uploads\/2026\/02\/application-of-onion-cutting-equipment.webp\" alt=\"Aplicaci\u00f3n del equipo de corte de cebollas\" class=\"wp-image-347\" title=\"\" srcset=\"https:\/\/gingermachines.com\/wp-content\/uploads\/2026\/02\/application-of-onion-cutting-equipment.webp 720w, https:\/\/gingermachines.com\/wp-content\/uploads\/2026\/02\/application-of-onion-cutting-equipment-300x225.webp 300w, https:\/\/gingermachines.com\/wp-content\/uploads\/2026\/02\/application-of-onion-cutting-equipment-16x12.webp 16w\" sizes=\"auto, (max-width: 720px) 100vw, 720px\" \/><figcaption class=\"wp-element-caption\">Aplicaci\u00f3n del equipo de corte de cebollas<\/figcaption><\/figure> <\/div>   <p class=\"translation-block\"><strong>Producto terminado<\/strong><\/p>    <p>El cortador de cebollas multifuncional Taizy puede procesar cebollas, papas y jengibre en tiras, rebanadas y cubos de diferentes tama\u00f1os. Solo cambiando las cuchillas, se alterar\u00e1 la forma del producto terminado.<\/p>    <figure class=\"wp-block-gallery has-nested-images columns-default is-cropped wp-block-gallery-2 is-layout-flex wp-block-gallery-is-layout-flex\"> <figure class=\"wp-block-image size-large\"><img loading=\"lazy\" decoding=\"async\" width=\"720\" height=\"540\" data-id=\"349\" src=\"https:\/\/gingermachines.com\/wp-content\/uploads\/2026\/02\/onion-strips-slicing-by-onion-cutter.webp\" alt=\"cubos de cebolla picados por una m\u00e1quina de picar cebollas\" class=\"wp-image-349\" title=\"\" srcset=\"https:\/\/gingermachines.com\/wp-content\/uploads\/2026\/02\/onion-strips-slicing-by-onion-cutter.webp 720w, https:\/\/gingermachines.com\/wp-content\/uploads\/2026\/02\/onion-strips-slicing-by-onion-cutter-300x225.webp 300w, https:\/\/gingermachines.com\/wp-content\/uploads\/2026\/02\/onion-strips-slicing-by-onion-cutter-16x12.webp 16w\" sizes=\"auto, (max-width: 720px) 100vw, 720px\" \/><figcaption class=\"wp-element-caption\">Rebanado de tiras de cebolla por cortadora de cebollas<\/figcaption><\/figure>    <figure class=\"wp-block-image size-large\"><img loading=\"lazy\" decoding=\"async\" width=\"720\" height=\"540\" data-id=\"350\" src=\"https:\/\/gingermachines.com\/wp-content\/uploads\/2026\/02\/onion-cubes-diced-by-an-onion-dicing-machine.webp\" alt=\"Aplicaci\u00f3n del equipo de corte de cebollas\" class=\"wp-image-350\" title=\"\" srcset=\"https:\/\/gingermachines.com\/wp-content\/uploads\/2026\/02\/onion-cubes-diced-by-an-onion-dicing-machine.webp 720w, https:\/\/gingermachines.com\/wp-content\/uploads\/2026\/02\/onion-cubes-diced-by-an-onion-dicing-machine-300x225.webp 300w, https:\/\/gingermachines.com\/wp-content\/uploads\/2026\/02\/onion-cubes-diced-by-an-onion-dicing-machine-16x12.webp 16w\" sizes=\"auto, (max-width: 720px) 100vw, 720px\" \/><figcaption class=\"wp-element-caption\">Cubos de cebolla picados por una m\u00e1quina de picar cebollas<\/figcaption><\/figure>    <figure class=\"wp-block-image size-large\"><img loading=\"lazy\" decoding=\"async\" width=\"720\" height=\"540\" data-id=\"348\" src=\"https:\/\/gingermachines.com\/wp-content\/uploads\/2026\/02\/multifunctional-onion-cutter-for-potato-chip-processing.webp\" alt=\"Rebanado de tiras de cebolla por cortadora de cebollas\" class=\"wp-image-348\" title=\"\" srcset=\"https:\/\/gingermachines.com\/wp-content\/uploads\/2026\/02\/multifunctional-onion-cutter-for-potato-chip-processing.webp 720w, https:\/\/gingermachines.com\/wp-content\/uploads\/2026\/02\/multifunctional-onion-cutter-for-potato-chip-processing-300x225.webp 300w, https:\/\/gingermachines.com\/wp-content\/uploads\/2026\/02\/multifunctional-onion-cutter-for-potato-chip-processing-16x12.webp 16w\" sizes=\"auto, (max-width: 720px) 100vw, 720px\" \/><figcaption class=\"wp-element-caption\">Cortador de cebollas multifuncional para procesamiento de chips de papa<\/figcaption><\/figure> <\/figure>    <figure class=\"wp-block-gallery has-nested-images columns-default is-cropped wp-block-gallery-3 is-layout-flex wp-block-gallery-is-layout-flex\"> <figure class=\"wp-block-image size-large\"><img loading=\"lazy\" decoding=\"async\" width=\"720\" height=\"540\" data-id=\"351\" src=\"https:\/\/gingermachines.com\/wp-content\/uploads\/2026\/02\/blade-for-cutting-vegetables-into-strips.webp\" alt=\"blade for cutting vegetables into strips\" class=\"wp-image-351\" title=\"\" srcset=\"https:\/\/gingermachines.com\/wp-content\/uploads\/2026\/02\/blade-for-cutting-vegetables-into-strips.webp 720w, https:\/\/gingermachines.com\/wp-content\/uploads\/2026\/02\/blade-for-cutting-vegetables-into-strips-300x225.webp 300w, https:\/\/gingermachines.com\/wp-content\/uploads\/2026\/02\/blade-for-cutting-vegetables-into-strips-16x12.webp 16w\" sizes=\"auto, (max-width: 720px) 100vw, 720px\" \/><figcaption class=\"wp-element-caption\">Cuchilla para cortar verduras en tiras<\/figcaption><\/figure>    <figure class=\"wp-block-image size-large\"><img loading=\"lazy\" decoding=\"async\" width=\"720\" height=\"540\" data-id=\"353\" src=\"https:\/\/gingermachines.com\/wp-content\/uploads\/2026\/02\/onion-dicing-blade.webp\" alt=\"onion dicing blade\" class=\"wp-image-353\" title=\"\" srcset=\"https:\/\/gingermachines.com\/wp-content\/uploads\/2026\/02\/onion-dicing-blade.webp 720w, https:\/\/gingermachines.com\/wp-content\/uploads\/2026\/02\/onion-dicing-blade-300x225.webp 300w, https:\/\/gingermachines.com\/wp-content\/uploads\/2026\/02\/onion-dicing-blade-16x12.webp 16w\" sizes=\"auto, (max-width: 720px) 100vw, 720px\" \/><figcaption class=\"wp-element-caption\">Cuchilla para picar cebollas<\/figcaption><\/figure>    <figure class=\"wp-block-image size-large\"><img loading=\"lazy\" decoding=\"async\" width=\"720\" height=\"540\" data-id=\"352\" src=\"https:\/\/gingermachines.com\/wp-content\/uploads\/2026\/02\/blade-for-slicing-vegetables.webp\" alt=\"blade for slicing vegetables\" class=\"wp-image-352\" title=\"\" srcset=\"https:\/\/gingermachines.com\/wp-content\/uploads\/2026\/02\/blade-for-slicing-vegetables.webp 720w, https:\/\/gingermachines.com\/wp-content\/uploads\/2026\/02\/blade-for-slicing-vegetables-300x225.webp 300w, https:\/\/gingermachines.com\/wp-content\/uploads\/2026\/02\/blade-for-slicing-vegetables-16x12.webp 16w\" sizes=\"auto, (max-width: 720px) 100vw, 720px\" \/><figcaption class=\"wp-element-caption\">Cuchilla para rebanar verduras<\/figcaption><\/figure> <\/figure>    <p class=\"translation-block\"><strong>Escenarios de aplicaci\u00f3n<\/strong><\/p>    <p>Nuestro cortador de cebollas multifuncional se usa ampliamente en:<\/p>    <ul class=\"wp-block-list\"> <li>Cocinas de cadenas de restaurantes<\/li>    <li>Cocinas centrales<\/li>    <li>Plantas de preprocesamiento de verduras<\/li>    <li>Plantas de procesamiento de verduras congeladas<\/li>    <li>Comedores escolares y empresariales<\/li>    <li>Centros de distribuci\u00f3n de verduras<\/li>    <li>Empresas de procesamiento de alimentos y snacks<\/li> <\/ul>    <p>Whether it&#8217;s a small kitchen or a large food processing plant, you can choose the appropriate model according to your production needs.<\/p>    <h2 class=\"wp-block-heading\"><strong>Par\u00e1metros de la m\u00e1quina cortadora de cebollas<\/strong><\/h2>    <figure class=\"wp-block-table\"><table class=\"has-fixed-layout\"><tbody><tr><td>Modelo<\/td><td>TZ-600<\/td><\/tr><tr><td>Capacidad<\/td><td>300-600kg\/h<\/td><\/tr><tr><td>Voltaje<\/td><td>220V\/50HZ<\/td><\/tr><tr><td>Fuerza<\/td><td>0.75kw<\/td><\/tr><tr><td>Material de la m\u00e1quina<\/td><td>acero inoxidable 304<\/td><\/tr><\/tbody><\/table><figcaption class=\"wp-element-caption\">Especificaciones de la m\u00e1quina cortadora de cebollas<\/figcaption><\/figure>    <h2 class=\"wp-block-heading\"><strong>Precio de la m\u00e1quina cortadora de cebollas<\/strong><\/h2>    <p>El precio de una m\u00e1quina cortadora de cebollas no es fijo y est\u00e1 influenciado por varios factores:<\/p>    <ul class=\"wp-block-list\"> <li>Tipo y cantidad de cuchillas afectan el precio.<\/li>    <li>Los materiales utilizados en la m\u00e1quina afectan el costo.<\/li>    <li>El voltaje personalizado o configuraciones especiales afectan el precio.<\/li>    <li>Los requisitos de transporte y servicio postventa tambi\u00e9n afectan el precio total.<\/li> <\/ul>    <p>Diferentes clientes tienen diferentes escalas y necesidades de producci\u00f3n, los precios del equipo variar\u00e1n. Los clientes deben elegir un cortador de cebollas adecuado seg\u00fan sus propias necesidades de producci\u00f3n.<\/p>    <figure class=\"wp-block-gallery has-nested-images columns-default is-cropped wp-block-gallery-4 is-layout-flex wp-block-gallery-is-layout-flex\"> <figure class=\"wp-block-image size-large\"><img loading=\"lazy\" decoding=\"async\" width=\"540\" height=\"720\" data-id=\"354\" src=\"https:\/\/gingermachines.com\/wp-content\/uploads\/2026\/02\/onion-cutting-equipment.webp\" alt=\"onion cutting equipment\" class=\"wp-image-354\" title=\"\" srcset=\"https:\/\/gingermachines.com\/wp-content\/uploads\/2026\/02\/onion-cutting-equipment.webp 540w, https:\/\/gingermachines.com\/wp-content\/uploads\/2026\/02\/onion-cutting-equipment-225x300.webp 225w, https:\/\/gingermachines.com\/wp-content\/uploads\/2026\/02\/onion-cutting-equipment-9x12.webp 9w\" sizes=\"auto, (max-width: 540px) 100vw, 540px\" \/><figcaption class=\"wp-element-caption\">Equipo de corte de cebolla<\/figcaption><\/figure>    <figure class=\"wp-block-image size-large\"><img loading=\"lazy\" decoding=\"async\" width=\"540\" height=\"720\" data-id=\"355\" src=\"https:\/\/gingermachines.com\/wp-content\/uploads\/2026\/02\/onion-cutting-machine.webp\" alt=\"m\u00e1quina cortadora de cebolla\" class=\"wp-image-355\" title=\"\" srcset=\"https:\/\/gingermachines.com\/wp-content\/uploads\/2026\/02\/onion-cutting-machine.webp 540w, https:\/\/gingermachines.com\/wp-content\/uploads\/2026\/02\/onion-cutting-machine-225x300.webp 225w, https:\/\/gingermachines.com\/wp-content\/uploads\/2026\/02\/onion-cutting-machine-9x12.webp 9w\" sizes=\"auto, (max-width: 540px) 100vw, 540px\" \/><figcaption class=\"wp-element-caption\">M\u00e1quina cortadora de cebolla<\/figcaption><\/figure>    <figure class=\"wp-block-image size-large\"><img loading=\"lazy\" decoding=\"async\" width=\"540\" height=\"720\" data-id=\"356\" src=\"https:\/\/gingermachines.com\/wp-content\/uploads\/2026\/02\/machine-for-cutting-onion.webp\" alt=\"machine for cutting onion\" class=\"wp-image-356\" title=\"\" srcset=\"https:\/\/gingermachines.com\/wp-content\/uploads\/2026\/02\/machine-for-cutting-onion.webp 540w, https:\/\/gingermachines.com\/wp-content\/uploads\/2026\/02\/machine-for-cutting-onion-225x300.webp 225w, https:\/\/gingermachines.com\/wp-content\/uploads\/2026\/02\/machine-for-cutting-onion-9x12.webp 9w\" sizes=\"auto, (max-width: 540px) 100vw, 540px\" \/><figcaption class=\"wp-element-caption\">M\u00e1quina para cortar cebolla<\/figcaption><\/figure> <\/figure>    <h2 class=\"wp-block-heading\"><strong>Preguntas frecuentes sobre la m\u00e1quina cortadora de cebollas<\/strong><\/h2>   <div id=\"rank-math-faq\" class=\"rank-math-block\"> <div class=\"rank-math-list\"> <div id=\"faq-question-1770777506447\" class=\"rank-math-list-item\"> <h3 class=\"rank-math-question\">\u00bfEsta m\u00e1quina solo sirve para cortar cebollas?<\/h3> <div class=\"rank-math-answer\">  <p>Esta cortadora de cebollas es adecuada para una variedad de verduras, como papas, pepinos, jengibre, zanahorias y batatas, convirti\u00e9ndola en una m\u00e1quina multifuncional.<\/p>  <\/div> <\/div> <div id=\"faq-question-1770777551054\" class=\"rank-math-list-item\"> <h3 class=\"rank-math-question\">\u00bfEn qu\u00e9 formas puede cortarse?<\/h3> <div class=\"rank-math-answer\">  <p>Rebanar (rebanadas planas y onduladas), cortar en tiras, picar.<\/p>  <\/div> <\/div> <div id=\"faq-question-1770777596943\" class=\"rank-math-list-item\"> <h3 class=\"rank-math-question\">\u00bfSe pueden ajustar las dimensiones de corte?<\/h3> <div class=\"rank-math-answer\">  <p>S\u00ed. Puedes ajustar el tama\u00f1o del corte cambiando a una cuchilla de tama\u00f1o diferente.<\/p>  <\/div> <\/div> <div id=\"faq-question-1770777656678\" class=\"rank-math-list-item\"> <h3 class=\"rank-math-question\">What is the machine&#8217;s output?<\/h3> <div class=\"rank-math-answer\">  <p>300-600kg\/h.<\/p>  <\/div> <\/div> <div id=\"faq-question-1770777679479\" class=\"rank-math-list-item\"> <h3 class=\"rank-math-question\">\u00bfLa m\u00e1quina cumple con los est\u00e1ndares de seguridad alimentaria?<\/h3> <div class=\"rank-math-answer\">  <p>Cumple con los est\u00e1ndares de seguridad alimentaria. Nuestra m\u00e1quina cortadora de cebollas est\u00e1 hecha de acero inoxidable 304.<\/p>  <\/div> <\/div> <div id=\"faq-question-1770777760718\" class=\"rank-math-list-item\"> <h3 class=\"rank-math-question\">\u00bfAdmite voltaje personalizado?<\/h3> <div class=\"rank-math-answer\">  <p>Compatible. Voltajes personalizados disponibles para diferentes pa\u00edses y regiones.<\/p>  <\/div> <\/div> <\/div> <\/div>   <h2 class=\"wp-block-heading\"><strong>L\u00ednea de producci\u00f3n relacionada con la cortadora de cebollas<\/strong><\/h2>    <p>Adem\u00e1s de vender la m\u00e1quina cortadora de cebollas, tambi\u00e9n podemos ofrecer a los clientes una l\u00ednea completa de producci\u00f3n de polvo de cebolla. La l\u00ednea de procesamiento de cebolla incluye el siguiente equipo:<\/p>    <ul class=\"wp-block-list\"> <li><a href=\"https:\/\/gingermachines.com\/es\/product\/automatic-onion-peeling-machine\/\">M\u00e1quina peladora de cebollas<\/a>: Quitar la piel exterior, reduciendo el procesamiento manual.<\/li>    <li><a href=\"https:\/\/gingermachines.com\/es\/product\/onion-root-cutting-machine\/\">Cortadora de ra\u00edces de cebolla<\/a>: Corta cebollas para facilitar el secado.<\/li>    <li>M\u00e1quina de secado de cebollas: deshidrata y seca las rebanadas de cebolla.<\/li>    <li>M\u00e1quina para moler cebollas: procesa cebollas secas en un polvo fino.<\/li>    <li>M\u00e1quina de envasado de polvo de cebolla: pesa y envasar autom\u00e1ticamente el producto terminado.<\/li> <\/ul>    <p>Toda esta l\u00ednea de producci\u00f3n de polvo de cebolla es altamente automatizada con un proceso simple y claro, adecuada para f\u00e1bricas de condimentos, plantas de procesamiento de alimentos y empresas de procesamiento de productos agr\u00edcolas.<\/p>    <figure class=\"wp-block-gallery has-nested-images columns-default is-cropped wp-block-gallery-5 is-layout-flex wp-block-gallery-is-layout-flex\"> <figure class=\"wp-block-image size-large\"><img loading=\"lazy\" decoding=\"async\" width=\"720\" height=\"540\" data-id=\"297\" src=\"https:\/\/gingermachines.com\/wp-content\/uploads\/2025\/12\/onion-root-cutting-equipment.webp\" alt=\"Equipo de corte de ra\u00edz de cebolla\" class=\"wp-image-297\" title=\"\" srcset=\"https:\/\/gingermachines.com\/wp-content\/uploads\/2025\/12\/onion-root-cutting-equipment.webp 720w, https:\/\/gingermachines.com\/wp-content\/uploads\/2025\/12\/onion-root-cutting-equipment-300x225.webp 300w, https:\/\/gingermachines.com\/wp-content\/uploads\/2025\/12\/onion-root-cutting-equipment-16x12.webp 16w\" sizes=\"auto, (max-width: 720px) 100vw, 720px\" \/><figcaption class=\"wp-element-caption\">Equipo de corte de ra\u00edces de cebolla<\/figcaption><\/figure>    <figure class=\"wp-block-image size-large\"><img loading=\"lazy\" decoding=\"async\" width=\"720\" height=\"540\" data-id=\"291\" src=\"https:\/\/gingermachines.com\/wp-content\/uploads\/2025\/12\/onion-peeling-machine.webp\" alt=\"m\u00e1quina peladora de piel de cebolla\" class=\"wp-image-291\" title=\"\" srcset=\"https:\/\/gingermachines.com\/wp-content\/uploads\/2025\/12\/onion-peeling-machine.webp 720w, https:\/\/gingermachines.com\/wp-content\/uploads\/2025\/12\/onion-peeling-machine-300x225.webp 300w, https:\/\/gingermachines.com\/wp-content\/uploads\/2025\/12\/onion-peeling-machine-16x12.webp 16w\" sizes=\"auto, (max-width: 720px) 100vw, 720px\" \/><figcaption class=\"wp-element-caption\">M\u00e1quina peladora de piel de cebolla<\/figcaption><\/figure>    <figure class=\"wp-block-image size-large\"><img loading=\"lazy\" decoding=\"async\" width=\"720\" height=\"540\" data-id=\"361\" src=\"https:\/\/gingermachines.com\/wp-content\/uploads\/2026\/02\/multifunctional-onion-cutter.webp\" alt=\"cortador de cebolla multifuncional\" class=\"wp-image-361\" title=\"\" srcset=\"https:\/\/gingermachines.com\/wp-content\/uploads\/2026\/02\/multifunctional-onion-cutter.webp 720w, https:\/\/gingermachines.com\/wp-content\/uploads\/2026\/02\/multifunctional-onion-cutter-300x225.webp 300w, https:\/\/gingermachines.com\/wp-content\/uploads\/2026\/02\/multifunctional-onion-cutter-16x12.webp 16w\" sizes=\"auto, (max-width: 720px) 100vw, 720px\" \/><figcaption class=\"wp-element-caption\">Cortadora de cebollas multifuncional<\/figcaption><\/figure> <\/figure>    <figure class=\"wp-block-gallery has-nested-images columns-default is-cropped wp-block-gallery-6 is-layout-flex wp-block-gallery-is-layout-flex\"> <figure class=\"wp-block-image size-large\"><img loading=\"lazy\" decoding=\"async\" width=\"720\" height=\"540\" data-id=\"358\" src=\"https:\/\/gingermachines.com\/wp-content\/uploads\/2026\/02\/onion-drying-machine.webp\" alt=\"Gran secadora de cebollas\" class=\"wp-image-358\" title=\"\" srcset=\"https:\/\/gingermachines.com\/wp-content\/uploads\/2026\/02\/onion-drying-machine.webp 720w, https:\/\/gingermachines.com\/wp-content\/uploads\/2026\/02\/onion-drying-machine-300x225.webp 300w, https:\/\/gingermachines.com\/wp-content\/uploads\/2026\/02\/onion-drying-machine-16x12.webp 16w\" sizes=\"auto, (max-width: 720px) 100vw, 720px\" \/><figcaption class=\"wp-element-caption\">M\u00e1quina de secado de cebollas<\/figcaption><\/figure>    <figure class=\"wp-block-image size-large\"><img loading=\"lazy\" decoding=\"async\" width=\"720\" height=\"540\" data-id=\"359\" src=\"https:\/\/gingermachines.com\/wp-content\/uploads\/2026\/02\/onion-grinding-machine.webp\" alt=\"onion grinding machine\" class=\"wp-image-359\" title=\"\" srcset=\"https:\/\/gingermachines.com\/wp-content\/uploads\/2026\/02\/onion-grinding-machine.webp 720w, https:\/\/gingermachines.com\/wp-content\/uploads\/2026\/02\/onion-grinding-machine-300x225.webp 300w, https:\/\/gingermachines.com\/wp-content\/uploads\/2026\/02\/onion-grinding-machine-16x12.webp 16w\" sizes=\"auto, (max-width: 720px) 100vw, 720px\" \/><figcaption class=\"wp-element-caption\">M\u00e1quina de molienda de cebollas<\/figcaption><\/figure>    <figure class=\"wp-block-image size-large\"><img loading=\"lazy\" decoding=\"async\" width=\"720\" height=\"540\" data-id=\"360\" src=\"https:\/\/gingermachines.com\/wp-content\/uploads\/2026\/02\/onion-powder-packing-machine.webp\" alt=\"onion powder packing machine\" class=\"wp-image-360\" title=\"\" srcset=\"https:\/\/gingermachines.com\/wp-content\/uploads\/2026\/02\/onion-powder-packing-machine.webp 720w, https:\/\/gingermachines.com\/wp-content\/uploads\/2026\/02\/onion-powder-packing-machine-300x225.webp 300w, https:\/\/gingermachines.com\/wp-content\/uploads\/2026\/02\/onion-powder-packing-machine-16x12.webp 16w\" sizes=\"auto, (max-width: 720px) 100vw, 720px\" \/><figcaption class=\"wp-element-caption\">M\u00e1quina de envasado de polvo de cebolla<\/figcaption><\/figure> <\/figure>    <h2 class=\"wp-block-heading\"><strong>\u00a1Cont\u00e1ctanos para m\u00e1s informaci\u00f3n!<\/strong><\/h2>    <p>Si buscas la m\u00e1quina cortadora de cebollas u otro equipo de procesamiento de cebollas, no dudes en contactarnos. Elegir Taizy significa que recibir\u00e1s:<\/p>    <ul class=\"wp-block-list\"> <li>Gu\u00eda de selecci\u00f3n de equipos<\/li>    <li>Soluciones de producci\u00f3n personalizadas<\/li>    <li>Gu\u00eda t\u00e9cnica y operativa<\/li>    <li>Servicio postventa a largo plazo<\/li> <\/ul>    <p>Don&#8217;t hesitate, contact us now to help upgrade your production!<\/p>","protected":false},"excerpt":{"rendered":"<p>This article mainly introduces the onion cutting machine. The onion cutter is multifunctional and efficient, with a production capacity of 200-1000 kg\/h. It can be used for onions, potatoes, cucumbers, and ginger, and supports dicing, slicing, and wavy cutting.<\/p>","protected":false},"author":1,"featured_media":357,"parent":0,"template":"","tags":[9],"product-type":[6],"class_list":["post-345","product","type-product","status-publish","has-post-thumbnail","hentry","tag-onion","product-type-products"],"_links":{"self":[{"href":"https:\/\/gingermachines.com\/es\/wp-json\/wp\/v2\/product\/345","targetHints":{"allow":["GET"]}}],"collection":[{"href":"https:\/\/gingermachines.com\/es\/wp-json\/wp\/v2\/product"}],"about":[{"href":"https:\/\/gingermachines.com\/es\/wp-json\/wp\/v2\/types\/product"}],"author":[{"embeddable":true,"href":"https:\/\/gingermachines.com\/es\/wp-json\/wp\/v2\/users\/1"}],"wp:featuredmedia":[{"embeddable":true,"href":"https:\/\/gingermachines.com\/es\/wp-json\/wp\/v2\/media\/357"}],"wp:attachment":[{"href":"https:\/\/gingermachines.com\/es\/wp-json\/wp\/v2\/media?parent=345"}],"wp:term":[{"taxonomy":"post_tag","embeddable":true,"href":"https:\/\/gingermachines.com\/es\/wp-json\/wp\/v2\/tags?post=345"},{"taxonomy":"product-type","embeddable":true,"href":"https:\/\/gingermachines.com\/es\/wp-json\/wp\/v2\/product-type?post=345"}],"curies":[{"name":"wp","href":"https:\/\/api.w.org\/{rel}","templated":true}]}}