{"id":33,"date":"2022-09-07T01:52:50","date_gmt":"2022-09-06T17:52:50","guid":{"rendered":"https:\/\/gingermachines.com\/?post_type=product&#038;p=33"},"modified":"2023-03-07T15:57:20","modified_gmt":"2023-03-07T07:57:20","slug":"ginger-washing-machine","status":"publish","type":"product","link":"https:\/\/gingermachines.com\/es\/product\/ginger-washing-machine\/","title":{"rendered":"Lavadora de jengibre"},"content":{"rendered":"<p class=\"translation-block\"><strong>La m\u00e1quina lavadora de jengibre<\/strong> es una m\u00e1quina de limpieza tipo cepillo. Esta m\u00e1quina tiene las caracter\u00edsticas de s\u00faper eficiencia, alta automatizaci\u00f3n y ahorro de energ\u00eda. Es extremadamente ideal para lavar y limpiar jengibre, patatas, batatas, zanahorias, \u00f1ame, chiriv\u00eda, remolacha, nabo, r\u00e1banos picantes, taro, manzana, ra\u00edz de loto, etc. Y se utiliza ampliamente en plantas de procesamiento de verduras, plantas de procesamiento de frutas, restaurantes, escuelas, hoteles, etc. La m\u00e1quina lavadora de jengibre tiene las funciones de lavado y pelado completamente autom\u00e1ticos. Su capacidad var\u00eda de 700 kg\/h a 3000 kg\/h. <\/p>    <p>Todas las m\u00e1quinas adoptan material de acero inoxidable, que es apto para uso alimentario y duradero. \u00bfEst\u00e1s buscando una lavadora de jengibre de calidad? Cont\u00e1ctanos para iniciar tu negocio de jengibre.<\/p>    <figure class=\"wp-block-image size-full\"><img loading=\"lazy\" decoding=\"async\" width=\"720\" height=\"540\" src=\"https:\/\/gingermachines.com\/wp-content\/uploads\/2022\/09\/brush-type-vegetable-washing-machine.jpg\" alt=\"lavadora de verduras tipo cepillo\" class=\"wp-image-72\" title=\"\" srcset=\"https:\/\/gingermachines.com\/wp-content\/uploads\/2022\/09\/brush-type-vegetable-washing-machine.jpg 720w, https:\/\/gingermachines.com\/wp-content\/uploads\/2022\/09\/brush-type-vegetable-washing-machine-300x225.jpg 300w\" sizes=\"auto, (max-width: 720px) 100vw, 720px\" \/><figcaption class=\"wp-element-caption\">Lavadora de verduras tipo cepillo<\/figcaption><\/figure>    <h2 class=\"wp-block-heading\" id=\"h-features\">Caracter\u00edsticas de la lavadora de jengibre. <\/h2>    <ol class=\"wp-block-list\" type=\"1\"> <li>Amplias aplicaciones. La m\u00e1quina limpiadora de jengibre se usa ampliamente para procesar diversos tub\u00e9rculos, como jengibre, papa, \u00f1ame, zanahoria, r\u00e1bano blanco, kudzu, etc.<\/li>    <li>Todas las m\u00e1quinas utilizan una estructura de cuerpo de acero inoxidable, material alimentario.<\/li>    <li>El agua rociada tiene forma de abanico, tiene un \u00e1rea grande y alta presi\u00f3n, lo cual es efectivo y r\u00e1pido.<\/li>    <li>Cepillo de nailon. El material del cepillo se trata con un proceso especial que tiene buena resistencia al desgaste.<\/li>    <li>Parte interna conducida. Engranaje, motor y cadena para impulsar la m\u00e1quina, la lavadora de jengibre tiene una estructura compacta y un dise\u00f1o razonable.<\/li>    <li>Bandeja recogedora de agua y residuos. Puede recolectar el agua residual y el flujo de residuos de una salida y luego puede evitar el flujo a todas partes del piso.<\/li>    <li>El servicio OEM\/ODM est\u00e1 disponible. Brindamos un s\u00f3lido servicio de personalizaci\u00f3n para satisfacer cualquiera de sus requisitos especiales.<\/li> <\/ol>    <figure class=\"wp-block-image size-full\"><img loading=\"lazy\" decoding=\"async\" width=\"720\" height=\"540\" src=\"https:\/\/gingermachines.com\/wp-content\/uploads\/2022\/09\/ginger-washer-machine-structure.jpg\" alt=\"estructura de la m\u00e1quina lavadora de jengibre\" class=\"wp-image-74\" title=\"\" srcset=\"https:\/\/gingermachines.com\/wp-content\/uploads\/2022\/09\/ginger-washer-machine-structure.jpg 720w, https:\/\/gingermachines.com\/wp-content\/uploads\/2022\/09\/ginger-washer-machine-structure-300x225.jpg 300w\" sizes=\"auto, (max-width: 720px) 100vw, 720px\" \/><figcaption class=\"wp-element-caption\">Estructura de la m\u00e1quina lavadora de jengibre<\/figcaption><\/figure>    <h2 class=\"wp-block-heading\" id=\"h-parameters\">Par\u00e1metros de la lavadora limpiadora de jengibre TAIZY<\/h2>    <figure class=\"wp-block-table\"><table><tbody><tr><td>Modelo<\/td><td>Tama\u00f1o (mm)<\/td><td>Peso (kg)<\/td><td>Potencia (kW)<\/td><td>Capacidad (kg\/h)<\/td><\/tr><tr><td>CY800<\/td><td>1580*850*800<\/td><td>180<\/td><td>1.1<\/td><td>700kg\/hora<\/td><\/tr><tr><td>CY1000<\/td><td>1780*850*800<\/td><td>220<\/td><td>1.5<\/td><td>1000kg\/hora<\/td><\/tr><tr><td>CY1200<\/td><td>1980*850*800<\/td><td>240<\/td><td>1.5<\/td><td>1200kg\/hora<\/td><\/tr><tr><td>CY1500<\/td><td>2280*850*800<\/td><td>260<\/td><td>2.2<\/td><td>1500kg\/h<\/td><\/tr><tr><td>CY1800<\/td><td>2580*850*800<\/td><td>280<\/td><td>2.2<\/td><td>1800kg\/h<\/td><\/tr><tr><td>A\u00f1o 2000<\/td><td>2780*850*800<\/td><td>320<\/td><td>3<\/td><td>2000kg\/h<\/td><\/tr><tr><td>CY2600<\/td><td>3400*850*800<\/td><td>600<\/td><td>4<\/td><td>3000kg\/h<\/td><\/tr><\/tbody><\/table><\/figure>    <h2 class=\"wp-block-heading\" id=\"h-working-principle-of-the-ginger-washing-machine\">Principio de funcionamiento de la lavadora de jengibre.<\/h2>    <p>La m\u00e1quina limpiadora lavadora de jengibre adopta el principio de fricci\u00f3n del cepillo y se usa ampliamente para limpiar y pelar frutas y verduras redondas y ovaladas. Como el jengibre, la zanahoria, el boniato y la patata. La m\u00e1quina se puede lavar o pelar cambiando los rodillos del cepillo. Seg\u00fan las caracter\u00edsticas de los productos, la lavadora de cepillos puede equiparse con cepillos duros o blandos para evitar da\u00f1os a los productos. Con el rodamiento del cepillo, el efecto de limpieza y decapado se consigue mediante la fricci\u00f3n entre el cepillo y el producto. <\/p>    <p>Esta m\u00e1quina puede limpiar sola o trabajar en la limpieza y pelado al mismo tiempo. El equipo tiene una apariencia hermosa, f\u00e1cil operaci\u00f3n, gran volumen de limpieza y pelado, alta eficiencia, bajo consumo de energ\u00eda y puede funcionar de forma continua. El material del rodillo del cepillo despu\u00e9s de un procesamiento especial es duradero y el equipo est\u00e1 hecho de acero inoxidable de alta calidad.<\/p>    <h2 class=\"wp-block-heading\" id=\"h-structure-details-of-the-ginger-processing-cleaning-machine\">Detalles de la estructura de la m\u00e1quina limpiadora para procesamiento de jengibre.<\/h2>    <ol class=\"wp-block-list\" type=\"1\"> <li>Cuerpo de la m\u00e1quina. Esta m\u00e1quina adopta material de acero inoxidable, que tiene una larga vida \u00fatil y es muy f\u00e1cil de limpiar.<\/li>    <li>Rollo de cepillo. El rodillo del cepillo est\u00e1 enrollado con una cuerda de nailon, es muy resistente y fuerte.<\/li>    <li>Boquilla de ducha. La m\u00e1quina utiliza un sistema de limpieza por aspersi\u00f3n autom\u00e1tico, puede conectar la tuber\u00eda de agua y realizar una limpieza profunda.<\/li>    <li>Salida. Utiliza descarga por rotaci\u00f3n autom\u00e1tica, lo que ahorra esfuerzo y tiempo.<\/li> <\/ol>    <div class=\"wp-block-columns is-layout-flex wp-container-core-columns-is-layout-9d6595d7 wp-block-columns-is-layout-flex\"> <div class=\"wp-block-column is-layout-flow wp-block-column-is-layout-flow\"> <figure class=\"wp-block-gallery has-nested-images columns-default is-cropped wp-block-gallery-2 is-layout-flex wp-block-gallery-is-layout-flex\"> <figure class=\"wp-block-image size-full\"><img loading=\"lazy\" decoding=\"async\" width=\"800\" height=\"730\" data-id=\"75\" src=\"https:\/\/gingermachines.com\/wp-content\/uploads\/2022\/09\/ginger-washing-machine-factory.jpg\" alt=\"f\u00e1brica de lavadoras de jengibre\" class=\"wp-image-75\" title=\"\" srcset=\"https:\/\/gingermachines.com\/wp-content\/uploads\/2022\/09\/ginger-washing-machine-factory.jpg 800w, https:\/\/gingermachines.com\/wp-content\/uploads\/2022\/09\/ginger-washing-machine-factory-300x274.jpg 300w, https:\/\/gingermachines.com\/wp-content\/uploads\/2022\/09\/ginger-washing-machine-factory-768x701.jpg 768w\" sizes=\"auto, (max-width: 800px) 100vw, 800px\" \/><figcaption class=\"wp-element-caption\">F\u00e1brica de lavadoras de jengibre<\/figcaption><\/figure> <\/figure> <\/div>    <div class=\"wp-block-column is-layout-flow wp-block-column-is-layout-flow\"> <figure class=\"wp-block-gallery has-nested-images columns-default is-cropped wp-block-gallery-3 is-layout-flex wp-block-gallery-is-layout-flex\"> <figure class=\"wp-block-image size-full\"><img loading=\"lazy\" decoding=\"async\" width=\"800\" height=\"730\" data-id=\"76\" src=\"https:\/\/gingermachines.com\/wp-content\/uploads\/2022\/09\/ginger-washer-details.jpg\" alt=\"detalles de la lavadora de jengibre\" class=\"wp-image-76\" title=\"\" srcset=\"https:\/\/gingermachines.com\/wp-content\/uploads\/2022\/09\/ginger-washer-details.jpg 800w, https:\/\/gingermachines.com\/wp-content\/uploads\/2022\/09\/ginger-washer-details-300x274.jpg 300w, https:\/\/gingermachines.com\/wp-content\/uploads\/2022\/09\/ginger-washer-details-768x701.jpg 768w\" sizes=\"auto, (max-width: 800px) 100vw, 800px\" \/><figcaption class=\"wp-element-caption\">Detalles de la lavadora de jengibre<\/figcaption><\/figure> <\/figure> <\/div> <\/div>    <h2 class=\"wp-block-heading\">Fabricantes de lavadoras de jengibre. <\/h2>    <p>Antes de comprar una lavadora de jengibre de calidad, es muy importante encontrar un fabricante de lavadoras de jengibre de calidad. De lo contrario, dedicar\u00e1 mucho m\u00e1s tiempo a la comunicaci\u00f3n, el mantenimiento y la sustituci\u00f3n de m\u00e1quinas. La lavadora de jengibre TAIZY es una lavadora y limpiadora de vegetales tipo cepillo. Tiene una calidad superior, buen rendimiento y un precio asequible. <\/p>    <p class=\"translation-block\">Aparte de la lavadora de jengibre, tambi\u00e9n proporcionamos <a href=\"https:\/\/gingermachines.com\/es\/product\/ginger-slicing-machine\/\">m\u00e1quina para cortar jengibre<\/a>, m\u00e1quina para secar jengibre, <a href=\"https:\/\/gingermachines.com\/es\/product\/ginger-grinding-machine\/\">m\u00e1quina para moler jengibre<\/a>, y <a href=\"https:\/\/gingermachines.com\/es\/product\/ginger-powder-processing-line\/\">m\u00e1quina para hacer polvo de jengibre<\/a>. \u00bfEst\u00e1 buscando una m\u00e1quina de jengibre confiable? Deje sus requisitos y nos pondremos en contacto con usted lo antes posible. <\/p>","protected":false},"excerpt":{"rendered":"<p>Ginger washing machine is a brush-type cleaning machine. This machine has the features of super efficiency, high automation, and energy saving. It is extremely ideal for washing and cleaning ginger, potatoes, sweet potato, carrots, yam, parsnip, beet, rutabaga, horseradish, taro, apple, lotus root, etc. And widely used in vegetable processing plants, fruit processing plants, restaurants, [&hellip;]<\/p>\n","protected":false},"author":1,"featured_media":70,"parent":0,"template":"","tags":[8],"product-type":[6],"class_list":["post-33","product","type-product","status-publish","has-post-thumbnail","hentry","tag-ginger-processing-machine","product-type-products"],"_links":{"self":[{"href":"https:\/\/gingermachines.com\/es\/wp-json\/wp\/v2\/product\/33","targetHints":{"allow":["GET"]}}],"collection":[{"href":"https:\/\/gingermachines.com\/es\/wp-json\/wp\/v2\/product"}],"about":[{"href":"https:\/\/gingermachines.com\/es\/wp-json\/wp\/v2\/types\/product"}],"author":[{"embeddable":true,"href":"https:\/\/gingermachines.com\/es\/wp-json\/wp\/v2\/users\/1"}],"wp:featuredmedia":[{"embeddable":true,"href":"https:\/\/gingermachines.com\/es\/wp-json\/wp\/v2\/media\/70"}],"wp:attachment":[{"href":"https:\/\/gingermachines.com\/es\/wp-json\/wp\/v2\/media?parent=33"}],"wp:term":[{"taxonomy":"post_tag","embeddable":true,"href":"https:\/\/gingermachines.com\/es\/wp-json\/wp\/v2\/tags?post=33"},{"taxonomy":"product-type","embeddable":true,"href":"https:\/\/gingermachines.com\/es\/wp-json\/wp\/v2\/product-type?post=33"}],"curies":[{"name":"wp","href":"https:\/\/api.w.org\/{rel}","templated":true}]}}