{"id":296,"date":"2025-12-17T13:33:47","date_gmt":"2025-12-17T05:33:47","guid":{"rendered":"https:\/\/gingermachines.com\/?post_type=product&#038;p=296"},"modified":"2025-12-17T14:08:31","modified_gmt":"2025-12-17T06:08:31","slug":"onion-root-cutting-machine","status":"publish","type":"product","link":"https:\/\/gingermachines.com\/es\/product\/onion-root-cutting-machine\/","title":{"rendered":"Cortadora de ra\u00edces de cebolla"},"content":{"rendered":"<p class=\"translation-block\">La <strong>m\u00e1quina de corte de ra\u00edces de cebolla<\/strong> de Taizy est\u00e1 dise\u00f1ada espec\u00edficamente para eliminar las ra\u00edces y colas de las cebollas. Puede cortar cebollas con un di\u00e1metro de 5 cm o m\u00e1s. La m\u00e1quina proporciona cortes limpios y precisos, con alta eficiencia y gran capacidad de producci\u00f3n, con una capacidad de procesamiento de hasta 500 kg\/h.<\/p>    <p class=\"wp-embed-aspect-16-9 wp-has-aspect-ratio\">Nuestra m\u00e1quina cortadora de tallo de ra\u00edz de cebolla se usa t\u00edpicamente junto con la m\u00e1quina de pelado de cebolla para un procesamiento posterior conveniente. Para m\u00e1s informaci\u00f3n, \u00a1no dudes en contactarnos!<\/p>    <figure class=\"wp-block-embed is-type-video is-provider-youtube wp-block-embed-youtube wp-embed-aspect-16-9 wp-has-aspect-ratio\"><div class=\"wp-block-embed__wrapper\"> <iframe loading=\"lazy\" title=\"M\u00e1quina autom\u00e1tica de corte de ra\u00edces de cebolla | \u00bfC\u00f3mo funciona la m\u00e1quina de remoci\u00f3n de ra\u00edces de cebolla?\" width=\"500\" height=\"281\" src=\"https:\/\/www.youtube.com\/embed\/gZsAYGyDQGk?feature=oembed\" frameborder=\"0\" allow=\"accelerometer; autoplay; clipboard-write; encrypted-media; gyroscope; picture-in-picture; web-share\" referrerpolicy=\"strict-origin-when-cross-origin\" allowfullscreen><\/iframe> <\/div><figcaption class=\"wp-element-caption\">video de trabajo del equipo de corte de ra\u00edces de cebolla<\/figcaption><\/figure>    <h2 class=\"wp-block-heading\"><strong>Caracter\u00edsticas de la m\u00e1quina cortadora de tallo de ra\u00edz de cebolla<\/strong><\/h2>    <ul class=\"wp-block-list\"> <li>Nuestra m\u00e1quina cortadora de ra\u00edces de cebolla est\u00e1 hecha de <strong>acero inoxidable<\/strong>, haci\u00e9ndola resistente a la corrosi\u00f3n y duradera.<\/li>    <li>La cortadora de ra\u00edces de cebolla es <strong>f\u00e1cil de operar<\/strong>. Se puede operar f\u00e1cilmente simplemente presionando unos pocos botones.<\/li>    <li>La m\u00e1quina cortadora de tallo de ra\u00edz de cebolla de Taizy es <strong>altamente eficiente<\/strong>, con una capacidad de producci\u00f3n de hasta 500 kg\/h.<\/li>    <li>Produce cebollas con superficies de corte suaves y un <strong>bajo \u00edndice de da\u00f1o<\/strong>.<\/li>    <li>La cortadora de ra\u00edces de cebolla puede usarse en <strong>en conjunto con la m\u00e1quina de pelado de cebolla<\/strong> para formar una l\u00ednea de producci\u00f3n de pelado y corte de ra\u00edces de cebolla.<\/li> <\/ul>   <div class=\"wp-block-image\"> <figure class=\"aligncenter size-full\"><img loading=\"lazy\" decoding=\"async\" width=\"720\" height=\"540\" src=\"https:\/\/gingermachines.com\/wp-content\/uploads\/2025\/12\/onion-root-cutting-equipment.webp\" alt=\"Equipo de corte de ra\u00edz de cebolla\" class=\"wp-image-297\" title=\"\" srcset=\"https:\/\/gingermachines.com\/wp-content\/uploads\/2025\/12\/onion-root-cutting-equipment.webp 720w, https:\/\/gingermachines.com\/wp-content\/uploads\/2025\/12\/onion-root-cutting-equipment-300x225.webp 300w, https:\/\/gingermachines.com\/wp-content\/uploads\/2025\/12\/onion-root-cutting-equipment-16x12.webp 16w\" sizes=\"auto, (max-width: 720px) 100vw, 720px\" \/><figcaption class=\"wp-element-caption\">Equipo de corte de ra\u00edz de cebolla<\/figcaption><\/figure> <\/div>   <h2 class=\"wp-block-heading\"><strong>Materias primas aplicables de la cortadora de ra\u00edces de cebolla<\/strong><\/h2>    <p>Esta m\u00e1quina de corte de ra\u00edces de cebolla es principalmente adecuada para diferentes variedades de cebollas, incluyendo cebollas amarillas, rojas y blancas. Nuestro cortador de tallo de cebolla es adecuado para cebollas con un di\u00e1metro de \u22655 cm. Para cebollas de di\u00e1metros menores, se requiere personalizaci\u00f3n.<\/p>    <figure class=\"wp-block-gallery has-nested-images columns-default is-cropped wp-block-gallery-2 is-layout-flex wp-block-gallery-is-layout-flex\"> <figure class=\"wp-block-image size-large\"><img loading=\"lazy\" decoding=\"async\" width=\"720\" height=\"540\" data-id=\"298\" src=\"https:\/\/gingermachines.com\/wp-content\/uploads\/2025\/12\/application-of-onion-root-cutter-machine.webp\" alt=\"application of onion root cutter machine\" class=\"wp-image-298\" title=\"\" srcset=\"https:\/\/gingermachines.com\/wp-content\/uploads\/2025\/12\/application-of-onion-root-cutter-machine.webp 720w, https:\/\/gingermachines.com\/wp-content\/uploads\/2025\/12\/application-of-onion-root-cutter-machine-300x225.webp 300w, https:\/\/gingermachines.com\/wp-content\/uploads\/2025\/12\/application-of-onion-root-cutter-machine-16x12.webp 16w\" sizes=\"auto, (max-width: 720px) 100vw, 720px\" \/><figcaption class=\"wp-element-caption\">Aplicaci\u00f3n de la m\u00e1quina cortadora de ra\u00edces de cebolla<\/figcaption><\/figure>    <figure class=\"wp-block-image size-large\"><img loading=\"lazy\" decoding=\"async\" width=\"720\" height=\"540\" data-id=\"300\" src=\"https:\/\/gingermachines.com\/wp-content\/uploads\/2025\/12\/application-of-onion-root-stem-cutting-machine.webp\" alt=\"application of onion root stem cutting machine\" class=\"wp-image-300\" title=\"\" srcset=\"https:\/\/gingermachines.com\/wp-content\/uploads\/2025\/12\/application-of-onion-root-stem-cutting-machine.webp 720w, https:\/\/gingermachines.com\/wp-content\/uploads\/2025\/12\/application-of-onion-root-stem-cutting-machine-300x225.webp 300w, https:\/\/gingermachines.com\/wp-content\/uploads\/2025\/12\/application-of-onion-root-stem-cutting-machine-16x12.webp 16w\" sizes=\"auto, (max-width: 720px) 100vw, 720px\" \/><figcaption class=\"wp-element-caption\">Aplicaci\u00f3n de la m\u00e1quina cortadora de tallo de ra\u00edz de cebolla<\/figcaption><\/figure>    <figure class=\"wp-block-image size-large\"><img loading=\"lazy\" decoding=\"async\" width=\"720\" height=\"540\" data-id=\"299\" src=\"https:\/\/gingermachines.com\/wp-content\/uploads\/2025\/12\/application-of-onion-root-cutter.webp\" alt=\"application of onion root cutter\" class=\"wp-image-299\" title=\"\" srcset=\"https:\/\/gingermachines.com\/wp-content\/uploads\/2025\/12\/application-of-onion-root-cutter.webp 720w, https:\/\/gingermachines.com\/wp-content\/uploads\/2025\/12\/application-of-onion-root-cutter-300x225.webp 300w, https:\/\/gingermachines.com\/wp-content\/uploads\/2025\/12\/application-of-onion-root-cutter-16x12.webp 16w\" sizes=\"auto, (max-width: 720px) 100vw, 720px\" \/><figcaption class=\"wp-element-caption\">Aplicaci\u00f3n de la cortadora de ra\u00edces de cebolla<\/figcaption><\/figure> <\/figure>    <h2 class=\"wp-block-heading\"><strong>Especificaciones de la m\u00e1quina de corte de ra\u00edces de cebolla<\/strong><\/h2>    <p>Para ayudar a los clientes a entender r\u00e1pidamente las especificaciones del equipo de corte de ra\u00edces de cebolla, se resumen a continuaci\u00f3n los par\u00e1metros t\u00e9cnicos principales de la m\u00e1quina:<\/p>    <figure class=\"wp-block-table\"><table class=\"has-fixed-layout\"><tbody><tr><td>Fuerza<\/td><td>380v\/1.5kw<\/td><\/tr><tr><td>Tama\u00f1o de la m\u00e1quina<\/td><td>280*81*150cm<\/td><\/tr><tr><td>Peso de la m\u00e1quina<\/td><td>30kg<\/td><\/tr><tr><td>Capacidad<\/td><td>500kg\/hora<\/td><\/tr><\/tbody><\/table><figcaption class=\"wp-element-caption\">par\u00e1metros de la m\u00e1quina cortadora de cabeza y cola de cebolla<\/figcaption><\/figure>    <h2 class=\"wp-block-heading\"><strong>\u00bfC\u00f3mo funciona la m\u00e1quina cortadora de tallo de ra\u00edz de cebolla?<\/strong><\/h2>    <ol class=\"wp-block-list\"> <li>Al inicio del proceso, los trabajadores colocan las cebollas en dispositivos de sujeci\u00f3n en la cinta transportadora. Los dispositivos sujetan autom\u00e1ticamente las cebollas, manteni\u00e9ndolas estables durante el transporte.<\/li>    <li>Luego, las cebollas se transportan a la zona de corte. En esta \u00e1rea, dos juegos de cuchillas de alta velocidad giratorias trabajan sincronizadamente para cortar autom\u00e1ticamente la ra\u00edz y el tallo de cada cebolla.<\/li>    <li>Despu\u00e9s del corte, las cebollas contin\u00faan avanzando en la cinta transportadora y se descargan autom\u00e1ticamente por la salida.<\/li> <\/ol>    <figure class=\"wp-block-gallery has-nested-images columns-default is-cropped wp-block-gallery-3 is-layout-flex wp-block-gallery-is-layout-flex\"> <figure class=\"wp-block-image size-large\"><img loading=\"lazy\" decoding=\"async\" width=\"720\" height=\"540\" data-id=\"301\" src=\"https:\/\/gingermachines.com\/wp-content\/uploads\/2025\/12\/onion-head-and-tail-cutter.webp\" alt=\"onion head and tail cutter\" class=\"wp-image-301\" title=\"\" srcset=\"https:\/\/gingermachines.com\/wp-content\/uploads\/2025\/12\/onion-head-and-tail-cutter.webp 720w, https:\/\/gingermachines.com\/wp-content\/uploads\/2025\/12\/onion-head-and-tail-cutter-300x225.webp 300w, https:\/\/gingermachines.com\/wp-content\/uploads\/2025\/12\/onion-head-and-tail-cutter-16x12.webp 16w\" sizes=\"auto, (max-width: 720px) 100vw, 720px\" \/><figcaption class=\"wp-element-caption\">Cortadora de cabeza y cola de cebolla<\/figcaption><\/figure>    <figure class=\"wp-block-image size-large\"><img loading=\"lazy\" decoding=\"async\" width=\"720\" height=\"540\" data-id=\"302\" src=\"https:\/\/gingermachines.com\/wp-content\/uploads\/2025\/12\/onion-root-stem-cuuting-machine.webp\" alt=\"onion root stem cuuting machine\" class=\"wp-image-302\" title=\"\" srcset=\"https:\/\/gingermachines.com\/wp-content\/uploads\/2025\/12\/onion-root-stem-cuuting-machine.webp 720w, https:\/\/gingermachines.com\/wp-content\/uploads\/2025\/12\/onion-root-stem-cuuting-machine-300x225.webp 300w, https:\/\/gingermachines.com\/wp-content\/uploads\/2025\/12\/onion-root-stem-cuuting-machine-16x12.webp 16w\" sizes=\"auto, (max-width: 720px) 100vw, 720px\" \/><figcaption class=\"wp-element-caption\">M\u00e1quina cortadora de tallo de ra\u00edz de cebolla<\/figcaption><\/figure> <\/figure>    <h2 class=\"wp-block-heading\"><strong>L\u00ednea de cortadora y peladora de ra\u00edces de cebolla<\/strong><\/h2>    <p class=\"translation-block\">La m\u00e1quina cortadora de ra\u00edces de cebolla puede usarse junto con un elevador y una <a href=\"https:\/\/gingermachines.com\/es\/product\/automatic-onion-peeling-machine\/\">m\u00e1quina de pelado de cebolla<\/a> para formar una l\u00ednea completa de producci\u00f3n de pelado de cebolla. El proceso es el siguiente:<\/p>    <ol class=\"wp-block-list\"> <li>Las cebollas son procesadas primero por la m\u00e1quina cortadora de tallo de ra\u00edz de cebolla.<\/li>    <li>Las cebollas, despu\u00e9s de ser cortadas, son transportadas a la m\u00e1quina de pelado de cebolla mediante una cinta transportadora.<\/li>    <li>Luego, la m\u00e1quina de pelado de cebolla pela las cebollas.<\/li> <\/ol>    <p>Toda la l\u00ednea cuenta con transporte automatizado, asegurando una transici\u00f3n suave entre los procesos de corte y pelado de ra\u00edces, mejorando la eficiencia de producci\u00f3n y reduciendo el trabajo manual.<\/p>    <figure class=\"wp-block-gallery has-nested-images columns-default is-cropped wp-block-gallery-4 is-layout-flex wp-block-gallery-is-layout-flex\"> <figure class=\"wp-block-image size-large\"><img loading=\"lazy\" decoding=\"async\" width=\"720\" height=\"540\" data-id=\"305\" src=\"https:\/\/gingermachines.com\/wp-content\/uploads\/2025\/12\/onion-peeling-line-2.webp\" alt=\"l\u00ednea de pelado de cebollas\" class=\"wp-image-305\" title=\"\" srcset=\"https:\/\/gingermachines.com\/wp-content\/uploads\/2025\/12\/onion-peeling-line-2.webp 720w, https:\/\/gingermachines.com\/wp-content\/uploads\/2025\/12\/onion-peeling-line-2-300x225.webp 300w, https:\/\/gingermachines.com\/wp-content\/uploads\/2025\/12\/onion-peeling-line-2-16x12.webp 16w\" sizes=\"auto, (max-width: 720px) 100vw, 720px\" \/><figcaption class=\"wp-element-caption\">L\u00ednea de pelado de cebollas<\/figcaption><\/figure>    <figure class=\"wp-block-image size-large\"><img loading=\"lazy\" decoding=\"async\" width=\"720\" height=\"540\" data-id=\"303\" src=\"https:\/\/gingermachines.com\/wp-content\/uploads\/2025\/12\/onion-root-cutting-machine.webp\" alt=\"onion root cutting machine\" class=\"wp-image-303\" title=\"\" srcset=\"https:\/\/gingermachines.com\/wp-content\/uploads\/2025\/12\/onion-root-cutting-machine.webp 720w, https:\/\/gingermachines.com\/wp-content\/uploads\/2025\/12\/onion-root-cutting-machine-300x225.webp 300w, https:\/\/gingermachines.com\/wp-content\/uploads\/2025\/12\/onion-root-cutting-machine-16x12.webp 16w\" sizes=\"auto, (max-width: 720px) 100vw, 720px\" \/><figcaption class=\"wp-element-caption\">M\u00e1quina cortadora de ra\u00edces de cebolla<\/figcaption><\/figure>    <figure class=\"wp-block-image size-large\"><img loading=\"lazy\" decoding=\"async\" width=\"720\" height=\"540\" data-id=\"304\" src=\"https:\/\/gingermachines.com\/wp-content\/uploads\/2025\/12\/onion-peeling-machine-1.webp\" alt=\"m\u00e1quina peladora de cebollas\" class=\"wp-image-304\" title=\"\" srcset=\"https:\/\/gingermachines.com\/wp-content\/uploads\/2025\/12\/onion-peeling-machine-1.webp 720w, https:\/\/gingermachines.com\/wp-content\/uploads\/2025\/12\/onion-peeling-machine-1-300x225.webp 300w, https:\/\/gingermachines.com\/wp-content\/uploads\/2025\/12\/onion-peeling-machine-1-16x12.webp 16w\" sizes=\"auto, (max-width: 720px) 100vw, 720px\" \/><figcaption class=\"wp-element-caption\">M\u00e1quina de pelado de cebolla<\/figcaption><\/figure> <\/figure>    <h2 class=\"wp-block-heading\"><strong>\u00bfPor qu\u00e9 elegir Taizy como tu proveedor?<\/strong><\/h2>    <p>Elegir la cortadora de ra\u00edces de cebolla de Taizy se basa en nuestra amplia experiencia y capacidades de fabricaci\u00f3n estables en la industria de equipos de procesamiento de alimentos. Todo nuestro equipo pasa por pruebas rigurosas para garantizar un rendimiento \u00f3ptimo.<\/p>    <p>Adem\u00e1s, Taizy ofrece servicios personalizados seg\u00fan los requisitos de producci\u00f3n del cliente, condiciones de voltaje y procedimientos de procesamiento. Tambi\u00e9n brindamos un servicio postventa integral, incluyendo soporte t\u00e9cnico, para ayudar a nuestros clientes a mejorar la eficiencia de producci\u00f3n.<\/p>    <h2 class=\"wp-block-heading\"><strong>\u00a1Cont\u00e1ctanos para m\u00e1s informaci\u00f3n!<\/strong><\/h2>    <p>La m\u00e1quina cortadora de ra\u00edces de cebolla es uno de los equipos clave en una l\u00ednea de producci\u00f3n de procesamiento de cebollas. Elegir una m\u00e1quina de alta calidad es esencial para mejorar la eficiencia de producci\u00f3n y garantizar la rentabilidad a largo plazo.<\/p>    <p>\u00a1Si buscas una m\u00e1quina cortadora de ra\u00edces de cebolla, no dudes en contactarnos! \u00a1Te proporcionaremos el equipo de la m\u00e1s alta calidad y el mejor servicio!<\/p>","protected":false},"excerpt":{"rendered":"<p>This article mainly introduces the onion root cutting machine, including its functions, parameters, and working principle. Our onion root cutter machine can remove both the root and tail of the onion simultaneously, with a cutting speed of up to 500 kg\/hour.<\/p>","protected":false},"author":1,"featured_media":306,"parent":0,"template":"","tags":[9],"product-type":[6],"class_list":["post-296","product","type-product","status-publish","has-post-thumbnail","hentry","tag-onion","product-type-products"],"_links":{"self":[{"href":"https:\/\/gingermachines.com\/es\/wp-json\/wp\/v2\/product\/296","targetHints":{"allow":["GET"]}}],"collection":[{"href":"https:\/\/gingermachines.com\/es\/wp-json\/wp\/v2\/product"}],"about":[{"href":"https:\/\/gingermachines.com\/es\/wp-json\/wp\/v2\/types\/product"}],"author":[{"embeddable":true,"href":"https:\/\/gingermachines.com\/es\/wp-json\/wp\/v2\/users\/1"}],"wp:featuredmedia":[{"embeddable":true,"href":"https:\/\/gingermachines.com\/es\/wp-json\/wp\/v2\/media\/306"}],"wp:attachment":[{"href":"https:\/\/gingermachines.com\/es\/wp-json\/wp\/v2\/media?parent=296"}],"wp:term":[{"taxonomy":"post_tag","embeddable":true,"href":"https:\/\/gingermachines.com\/es\/wp-json\/wp\/v2\/tags?post=296"},{"taxonomy":"product-type","embeddable":true,"href":"https:\/\/gingermachines.com\/es\/wp-json\/wp\/v2\/product-type?post=296"}],"curies":[{"name":"wp","href":"https:\/\/api.w.org\/{rel}","templated":true}]}}