{"id":274,"date":"2025-12-03T17:43:08","date_gmt":"2025-12-03T09:43:08","guid":{"rendered":"https:\/\/gingermachines.com\/?post_type=product&#038;p=274"},"modified":"2025-12-04T16:12:44","modified_gmt":"2025-12-04T08:12:44","slug":"automatic-onion-peeling-machine","status":"publish","type":"product","link":"https:\/\/gingermachines.com\/es\/product\/automatic-onion-peeling-machine\/","title":{"rendered":"M\u00e1quina peladora de cebollas"},"content":{"rendered":"<p class=\"translation-block\">La <strong>m\u00e1quina peladora de cebollas<\/strong> es un dispositivo que elimina r\u00e1pidamente la piel exterior de las cebollas y se usa ampliamente en plantas de procesamiento de alimentos, centros de procesamiento de productos agr\u00edcolas y cocinas de restaurantes.<\/p>    <p>La m\u00e1quina peladora de piel de cebolla de Taizy presenta un pelado limpio, da\u00f1o m\u00ednimo a las cebollas y alta eficiencia, con una capacidad de procesamiento de 100-3000 kg\/h. Si tambi\u00e9n busca una m\u00e1quina peladora de cebollas, cont\u00e1ctenos de inmediato para obtener informaci\u00f3n detallada y la mejor cotizaci\u00f3n.<\/p>    <figure class=\"wp-block-embed is-type-video is-provider-youtube wp-block-embed-youtube wp-embed-aspect-16-9 wp-has-aspect-ratio\"><div class=\"wp-block-embed__wrapper\"> <iframe loading=\"lazy\" title=\"M\u00e1quina autom\u00e1tica de pelado de cebollas | Peladora de piel de cebolla para quitar la piel de las cebollas\" width=\"500\" height=\"281\" src=\"https:\/\/www.youtube.com\/embed\/2vCHvmrZiwo?feature=oembed\" frameborder=\"0\" allow=\"accelerometer; autoplay; clipboard-write; encrypted-media; gyroscope; picture-in-picture; web-share\" referrerpolicy=\"strict-origin-when-cross-origin\" allowfullscreen><\/iframe> <\/div><figcaption class=\"wp-element-caption\">Video de trabajo del removedor de piel de cebolla<\/figcaption><\/figure>    <h2 class=\"wp-block-heading\"><strong>Caracter\u00edsticas de la m\u00e1quina peladora de cebollas<\/strong><\/h2>    <ul class=\"wp-block-list\"> <li><strong>Procesamiento de alta eficiencia<\/strong>: Nuestra m\u00e1quina peladora de cebollas puede procesar hasta 3000kg de cebollas por hora, adecuada para producci\u00f3n a gran escala.<\/li>    <li><strong>Pelado limpio<\/strong>: La maquinaria de pelado de cebollas Taizy utiliza tecnolog\u00eda de pelado neum\u00e1tico para obtener excelentes resultados de pelado.<\/li>    <li><strong>Alta adaptabilidad<\/strong>: La m\u00e1quina peladora de cebollas puede manejar cebollas de diferentes tama\u00f1os y variedades sin ajustes complicados.<\/li>    <li><strong>Bajo \u00edndice de da\u00f1o<\/strong>: El proceso de pelado es suave, dejando las cebollas con alta integridad, manteniendo su apariencia y frescura.<\/li>    <li><strong>Ahorro de mano de obra<\/strong>: Esta m\u00e1quina peladora de piel de cebolla es f\u00e1cil de operar, requiere solo una o dos personas, reduciendo significativamente los costos laborales.<\/li>    <li><strong>F\u00e1cil de limpiar<\/strong>: Todo el equipo est\u00e1 hecho de acero inoxidable, cumpliendo con los requisitos de higiene alimentaria, y es f\u00e1cil de limpiar.<\/li> <\/ul>   <div class=\"wp-block-image\"> <figure class=\"aligncenter size-full\"><img loading=\"lazy\" decoding=\"async\" width=\"720\" height=\"540\" src=\"https:\/\/gingermachines.com\/wp-content\/uploads\/2025\/12\/onion-skin-peeling-machine.webp\" alt=\"m\u00e1quina peladora de piel de cebolla\" class=\"wp-image-279\" title=\"\" srcset=\"https:\/\/gingermachines.com\/wp-content\/uploads\/2025\/12\/onion-skin-peeling-machine.webp 720w, https:\/\/gingermachines.com\/wp-content\/uploads\/2025\/12\/onion-skin-peeling-machine-300x225.webp 300w, https:\/\/gingermachines.com\/wp-content\/uploads\/2025\/12\/onion-skin-peeling-machine-16x12.webp 16w\" sizes=\"auto, (max-width: 720px) 100vw, 720px\" \/><figcaption class=\"wp-element-caption\">m\u00e1quina peladora de piel de cebolla<\/figcaption><\/figure> <\/div>   <h2 class=\"wp-block-heading\"><strong>Escenarios de aplicaci\u00f3n de la m\u00e1quina peladora de cebollas<\/strong><\/h2>    <p>La m\u00e1quina peladora de cebollas se ha convertido en el equipo ideal para varias empresas de procesamiento de alimentos debido a su alta eficiencia y excelentes resultados de pelado. Este equipo ha encontrado aplicaci\u00f3n en m\u00faltiples sectores:<\/p>    <ul class=\"wp-block-list\"> <li>Grandes plantas de procesamiento de alimentos<\/li>    <li>Empresas de procesamiento de condimentos<\/li>    <li>Proveedores de verduras congeladas<\/li>    <li>Centros de distribuci\u00f3n en supermercados<\/li>    <li>Cocinas centrales<\/li> <\/ul>    <figure class=\"wp-block-gallery has-nested-images columns-default is-cropped wp-block-gallery-2 is-layout-flex wp-block-gallery-is-layout-flex\"> <figure class=\"wp-block-image size-large\"><img loading=\"lazy\" decoding=\"async\" width=\"720\" height=\"540\" data-id=\"280\" src=\"https:\/\/gingermachines.com\/wp-content\/uploads\/2025\/12\/\u56fe\u72473-tuya_\u7ed3\u679c.webp\" alt=\"Cebollas antes del procesamiento\" class=\"wp-image-280\" title=\"\" srcset=\"https:\/\/gingermachines.com\/wp-content\/uploads\/2025\/12\/\u56fe\u72473-tuya_\u7ed3\u679c.webp 720w, https:\/\/gingermachines.com\/wp-content\/uploads\/2025\/12\/\u56fe\u72473-tuya_\u7ed3\u679c-300x225.webp 300w, https:\/\/gingermachines.com\/wp-content\/uploads\/2025\/12\/\u56fe\u72473-tuya_\u7ed3\u679c-16x12.webp 16w\" sizes=\"auto, (max-width: 720px) 100vw, 720px\" \/><figcaption class=\"wp-element-caption\">Cebollas antes del procesamiento<\/figcaption><\/figure>    <figure class=\"wp-block-image size-large\"><img loading=\"lazy\" decoding=\"async\" width=\"720\" height=\"540\" data-id=\"281\" src=\"https:\/\/gingermachines.com\/wp-content\/uploads\/2025\/12\/\u56fe\u72474-tuya_\u7ed3\u679c.webp\" alt=\"producto terminado de la peladora de piel de cebolla\" class=\"wp-image-281\" title=\"\" srcset=\"https:\/\/gingermachines.com\/wp-content\/uploads\/2025\/12\/\u56fe\u72474-tuya_\u7ed3\u679c.webp 720w, https:\/\/gingermachines.com\/wp-content\/uploads\/2025\/12\/\u56fe\u72474-tuya_\u7ed3\u679c-300x225.webp 300w, https:\/\/gingermachines.com\/wp-content\/uploads\/2025\/12\/\u56fe\u72474-tuya_\u7ed3\u679c-16x12.webp 16w\" sizes=\"auto, (max-width: 720px) 100vw, 720px\" \/><figcaption class=\"wp-element-caption\">Producto terminado de la peladora de piel de cebolla<\/figcaption><\/figure> <\/figure>    <h2 class=\"wp-block-heading\"><strong>Dos tipos de m\u00e1quinas para eliminar la piel de cebolla en venta<\/strong><\/h2>    <p>Para satisfacer las necesidades de procesamiento de cebollas de diferentes tama\u00f1os y especificaciones, ofrecemos dos tipos de m\u00e1quinas peladoras de cebollas: <\/p>    <ol class=\"wp-block-list\"> <li><strong>M\u00e1quina peladora de piel de cebolla de cadena<\/strong>: Es adecuada para cebollas grandes y empresas de procesamiento a gran escala, permitiendo operaciones de pelado estables, eficientes y continuas.<\/li>    <li><strong>M\u00e1quina peladora de cebollas tipo barril<\/strong>: La peladora de cebollas tipo barril es compacta y f\u00e1cil de operar, adecuada para procesar cebollas m\u00e1s peque\u00f1as. Es apta para sitios de procesamiento peque\u00f1os o procesamiento de cebollas a peque\u00f1a escala.<\/li> <\/ol>    <figure class=\"wp-block-gallery has-nested-images columns-default is-cropped wp-block-gallery-3 is-layout-flex wp-block-gallery-is-layout-flex\"> <figure class=\"wp-block-image size-large\"><img loading=\"lazy\" decoding=\"async\" width=\"540\" height=\"720\" data-id=\"278\" src=\"https:\/\/gingermachines.com\/wp-content\/uploads\/2025\/12\/onion-skin-removing-machine.webp\" alt=\"onion skin removing machine\" class=\"wp-image-278\" title=\"\" srcset=\"https:\/\/gingermachines.com\/wp-content\/uploads\/2025\/12\/onion-skin-removing-machine.webp 540w, https:\/\/gingermachines.com\/wp-content\/uploads\/2025\/12\/onion-skin-removing-machine-225x300.webp 225w, https:\/\/gingermachines.com\/wp-content\/uploads\/2025\/12\/onion-skin-removing-machine-9x12.webp 9w\" sizes=\"auto, (max-width: 540px) 100vw, 540px\" \/><figcaption class=\"wp-element-caption\">M\u00e1quina para eliminar piel de cebolla<\/figcaption><\/figure>    <figure class=\"wp-block-image size-large\"><img loading=\"lazy\" decoding=\"async\" width=\"540\" height=\"720\" data-id=\"282\" src=\"https:\/\/gingermachines.com\/wp-content\/uploads\/2025\/12\/onion-peeling-equipment.webp\" alt=\"onion peeling equipment\" class=\"wp-image-282\" title=\"\" srcset=\"https:\/\/gingermachines.com\/wp-content\/uploads\/2025\/12\/onion-peeling-equipment.webp 540w, https:\/\/gingermachines.com\/wp-content\/uploads\/2025\/12\/onion-peeling-equipment-225x300.webp 225w, https:\/\/gingermachines.com\/wp-content\/uploads\/2025\/12\/onion-peeling-equipment-9x12.webp 9w\" sizes=\"auto, (max-width: 540px) 100vw, 540px\" \/><figcaption class=\"wp-element-caption\">Equipo de pelado de piel de cebolla<\/figcaption><\/figure> <\/figure>    <figure class=\"wp-block-gallery has-nested-images columns-default is-cropped wp-block-gallery-4 is-layout-flex wp-block-gallery-is-layout-flex\"> <figure class=\"wp-block-image size-large\"><img loading=\"lazy\" decoding=\"async\" width=\"540\" height=\"720\" data-id=\"283\" src=\"https:\/\/gingermachines.com\/wp-content\/uploads\/2025\/12\/onion-peeler-machine.webp\" alt=\"onion peeler machine\" class=\"wp-image-283\" title=\"\" srcset=\"https:\/\/gingermachines.com\/wp-content\/uploads\/2025\/12\/onion-peeler-machine.webp 540w, https:\/\/gingermachines.com\/wp-content\/uploads\/2025\/12\/onion-peeler-machine-225x300.webp 225w, https:\/\/gingermachines.com\/wp-content\/uploads\/2025\/12\/onion-peeler-machine-9x12.webp 9w\" sizes=\"auto, (max-width: 540px) 100vw, 540px\" \/><figcaption class=\"wp-element-caption\">M\u00e1quina peladora de cebollas<\/figcaption><\/figure>    <figure class=\"wp-block-image size-large\"><img loading=\"lazy\" decoding=\"async\" width=\"540\" height=\"720\" data-id=\"284\" src=\"https:\/\/gingermachines.com\/wp-content\/uploads\/2025\/12\/samll-onion-peeler.webp\" alt=\"small onion peeler\" class=\"wp-image-284\" title=\"\" srcset=\"https:\/\/gingermachines.com\/wp-content\/uploads\/2025\/12\/samll-onion-peeler.webp 540w, https:\/\/gingermachines.com\/wp-content\/uploads\/2025\/12\/samll-onion-peeler-225x300.webp 225w, https:\/\/gingermachines.com\/wp-content\/uploads\/2025\/12\/samll-onion-peeler-9x12.webp 9w\" sizes=\"auto, (max-width: 540px) 100vw, 540px\" \/><figcaption class=\"wp-element-caption\">Peque\u00f1a peladora de cebollas<\/figcaption><\/figure> <\/figure>    <h2 class=\"wp-block-heading\"><strong>Par\u00e1metros de la m\u00e1quina eliminadora de piel de cebolla<\/strong><\/h2>    <p>A continuaci\u00f3n, las principales especificaciones t\u00e9cnicas de nuestra m\u00e1quina peladora de cebollas m\u00e1s vendida. Comparar diferentes modelos te ayudar\u00e1 a encontrar r\u00e1pidamente la m\u00e1quina que satisface tus necesidades de producci\u00f3n.<\/p>    <p class=\"translation-block\"><strong>Especificaciones t\u00e9cnicas de la m\u00e1quina eliminadora de piel de cebolla de cadena:<\/strong><\/p>    <figure class=\"wp-block-table\"><table class=\"has-fixed-layout\"><tbody><tr><td>Modelo<\/td><td>TZ-1500<\/td><td>TZ-3000<\/td><\/tr><tr><td>Fuerza<\/td><td>15000w<\/td><td>3000w<\/td><\/tr><tr><td>Capacidad de producci\u00f3n<\/td><td>1000-1500kg\/h<\/td><td>2000-3000kg\/h<\/td><\/tr><tr><td>Peso<\/td><td>280 kilos<\/td><td>450kg<\/td><\/tr><tr><td>Tama\u00f1o<\/td><td>200*82*140cm<\/td><td>240*100*175cm<\/td><\/tr><\/tbody><\/table><figcaption class=\"wp-element-caption\">par\u00e1metros del equipo pelador de cebollas de cadena<\/figcaption><\/figure>    <p class=\"translation-block\"><strong>Datos t\u00e9cnicos de la m\u00e1quina peladora de cebollas tipo barril<\/strong><\/p>    <figure class=\"wp-block-table\"><table class=\"has-fixed-layout\"><tbody><tr><td>Modelo<\/td><td>TZ-150<\/td><td>TZ-500<\/td><\/tr><tr><td>Fuerza<\/td><td>110-220v\/0.2kw<\/td><td>110-220v\/0.2kw<\/td><\/tr><tr><td>Capacidad de producci\u00f3n<\/td><td>100-150kg\/h<\/td><td>300-500kg<\/td><\/tr><tr><td>Peso<\/td><td>80kg<\/td><td>150kg<\/td><\/tr><tr><td>Tama\u00f1o<\/td><td>620*630*900mm<\/td><td>1000*680*1400mm<\/td><\/tr><\/tbody><\/table><figcaption class=\"wp-element-caption\">par\u00e1metros de la m\u00e1quina de eliminar piel de cebolla tipo barril<\/figcaption><\/figure>    <h2 class=\"wp-block-heading\"><strong>Principio de funcionamiento de la peladora de piel de cebolla<\/strong><\/h2>    <p>La m\u00e1quina peladora de cebollas emplea principalmente un principio neum\u00e1tico, usando aire comprimido de alta velocidad para separar la piel exterior. Durante el proceso, la cebolla no contacta directamente con las cuchillas, asegurando que la cebolla permanezca intacta.<\/p>    <figure class=\"wp-block-gallery has-nested-images columns-default is-cropped wp-block-gallery-5 is-layout-flex wp-block-gallery-is-layout-flex\"> <figure class=\"wp-block-image size-large\"><img loading=\"lazy\" decoding=\"async\" width=\"540\" height=\"720\" data-id=\"285\" src=\"https:\/\/gingermachines.com\/wp-content\/uploads\/2025\/12\/barrel-style-onion-peeler-machine.webp\" alt=\"barrel-style onion peeler machine\" class=\"wp-image-285\" title=\"\" srcset=\"https:\/\/gingermachines.com\/wp-content\/uploads\/2025\/12\/barrel-style-onion-peeler-machine.webp 540w, https:\/\/gingermachines.com\/wp-content\/uploads\/2025\/12\/barrel-style-onion-peeler-machine-225x300.webp 225w, https:\/\/gingermachines.com\/wp-content\/uploads\/2025\/12\/barrel-style-onion-peeler-machine-9x12.webp 9w\" sizes=\"auto, (max-width: 540px) 100vw, 540px\" \/><figcaption class=\"wp-element-caption\">M\u00e1quina peladora de cebollas tipo barril<\/figcaption><\/figure>    <figure class=\"wp-block-image size-large\"><img loading=\"lazy\" decoding=\"async\" width=\"720\" height=\"540\" data-id=\"286\" src=\"https:\/\/gingermachines.com\/wp-content\/uploads\/2025\/12\/chain-onion-peeling-machine.webp\" alt=\"m\u00e1quina peladora de cebollas en cadena\" class=\"wp-image-286\" title=\"\" srcset=\"https:\/\/gingermachines.com\/wp-content\/uploads\/2025\/12\/chain-onion-peeling-machine.webp 720w, https:\/\/gingermachines.com\/wp-content\/uploads\/2025\/12\/chain-onion-peeling-machine-300x225.webp 300w, https:\/\/gingermachines.com\/wp-content\/uploads\/2025\/12\/chain-onion-peeling-machine-16x12.webp 16w\" sizes=\"auto, (max-width: 720px) 100vw, 720px\" \/><figcaption class=\"wp-element-caption\">M\u00e1quina peladora de cebollas de cadena<\/figcaption><\/figure> <\/figure>    <h2 class=\"wp-block-heading\"><strong>L\u00ednea de producci\u00f3n de pelado de cebollas<\/strong><\/h2>    <p>La l\u00ednea de pelado de cebollas est\u00e1 formada por cortadora de ra\u00edz, elevador y m\u00e1quina peladora de cebollas de cadena, formando un flujo de procesamiento continuo y estandarizado.<\/p>    <ol class=\"wp-block-list\"> <li><strong>Cortadora de ra\u00edz de cebolla<\/strong>: Su funci\u00f3n es cortar con precisi\u00f3n la base de la cebolla.<\/li>    <li><strong>Elevador<\/strong>: El elevador transporta de manera uniforme las cebollas con ra\u00edz cortada a la secci\u00f3n de pelado, logrando alimentaci\u00f3n autom\u00e1tica y reduciendo la manipulaci\u00f3n manual.<\/li>    <li><strong>Equipo pelador de cebollas de cadena<\/strong>: Utiliza flujo de aire comprimido de alta velocidad para separar la piel de la cebolla, permitiendo un pelado r\u00e1pido y en grandes vol\u00famenes.<\/li> <\/ol>    <figure class=\"wp-block-gallery has-nested-images columns-default is-cropped wp-block-gallery-6 is-layout-flex wp-block-gallery-is-layout-flex\"> <figure class=\"wp-block-image size-large\"><img loading=\"lazy\" decoding=\"async\" width=\"720\" height=\"540\" data-id=\"287\" src=\"https:\/\/gingermachines.com\/wp-content\/uploads\/2025\/12\/onion-root-cutter-mahcine.webp\" alt=\"onion root cutter machine\" class=\"wp-image-287\" title=\"\" srcset=\"https:\/\/gingermachines.com\/wp-content\/uploads\/2025\/12\/onion-root-cutter-mahcine.webp 720w, https:\/\/gingermachines.com\/wp-content\/uploads\/2025\/12\/onion-root-cutter-mahcine-300x225.webp 300w, https:\/\/gingermachines.com\/wp-content\/uploads\/2025\/12\/onion-root-cutter-mahcine-16x12.webp 16w\" sizes=\"auto, (max-width: 720px) 100vw, 720px\" \/><figcaption class=\"wp-element-caption\">Cortadora de ra\u00edz de cebolla<\/figcaption><\/figure>    <figure class=\"wp-block-image size-large\"><img loading=\"lazy\" decoding=\"async\" width=\"720\" height=\"540\" data-id=\"288\" src=\"https:\/\/gingermachines.com\/wp-content\/uploads\/2025\/12\/onion-elevator.webp\" alt=\"onion elevator\" class=\"wp-image-288\" title=\"\" srcset=\"https:\/\/gingermachines.com\/wp-content\/uploads\/2025\/12\/onion-elevator.webp 720w, https:\/\/gingermachines.com\/wp-content\/uploads\/2025\/12\/onion-elevator-300x225.webp 300w, https:\/\/gingermachines.com\/wp-content\/uploads\/2025\/12\/onion-elevator-16x12.webp 16w\" sizes=\"auto, (max-width: 720px) 100vw, 720px\" \/><figcaption class=\"wp-element-caption\">Elevador de cebollas<\/figcaption><\/figure>    <figure class=\"wp-block-image size-full\"><img loading=\"lazy\" decoding=\"async\" width=\"720\" height=\"540\" data-id=\"290\" src=\"https:\/\/gingermachines.com\/wp-content\/uploads\/2025\/12\/onion-peeling-line-1.webp\" alt=\"l\u00ednea de pelado de cebollas\" class=\"wp-image-290\" title=\"\" srcset=\"https:\/\/gingermachines.com\/wp-content\/uploads\/2025\/12\/onion-peeling-line-1.webp 720w, https:\/\/gingermachines.com\/wp-content\/uploads\/2025\/12\/onion-peeling-line-1-300x225.webp 300w, https:\/\/gingermachines.com\/wp-content\/uploads\/2025\/12\/onion-peeling-line-1-16x12.webp 16w\" sizes=\"auto, (max-width: 720px) 100vw, 720px\" \/><figcaption class=\"wp-element-caption\">L\u00ednea de pelado de cebollas<\/figcaption><\/figure> <\/figure>    <h2 class=\"wp-block-heading\"><strong>Factores que afectan el precio de la peladora de cebollas<\/strong><\/h2>    <p>Los principales factores que influyen en el precio de la m\u00e1quina peladora de cebollas incluyen tipo de equipo, capacidad de procesamiento, nivel de configuraci\u00f3n y materiales utilizados.<\/p>    <p>Adem\u00e1s, la adici\u00f3n de elevador o cortadora de ra\u00edz afectar\u00e1 directamente el costo total. En general, mayor rendimiento y configuraci\u00f3n m\u00e1s avanzada resultan en un precio m\u00e1s alto. Los usuarios pueden elegir el modelo adecuado seg\u00fan su escala de procesamiento.<\/p>   <div class=\"wp-block-image\"> <figure class=\"aligncenter size-full\"><img loading=\"lazy\" decoding=\"async\" width=\"720\" height=\"540\" src=\"https:\/\/gingermachines.com\/wp-content\/uploads\/2025\/12\/onion-skin-peeling-machine-1.webp\" alt=\"m\u00e1quina peladora de piel de cebolla\" class=\"wp-image-289\" title=\"\" srcset=\"https:\/\/gingermachines.com\/wp-content\/uploads\/2025\/12\/onion-skin-peeling-machine-1.webp 720w, https:\/\/gingermachines.com\/wp-content\/uploads\/2025\/12\/onion-skin-peeling-machine-1-300x225.webp 300w, https:\/\/gingermachines.com\/wp-content\/uploads\/2025\/12\/onion-skin-peeling-machine-1-16x12.webp 16w\" sizes=\"auto, (max-width: 720px) 100vw, 720px\" \/><figcaption class=\"wp-element-caption\">m\u00e1quina peladora de piel de cebolla<\/figcaption><\/figure> <\/div>   <h2 class=\"wp-block-heading\"><strong>\u00bfPor qu\u00e9 elegir Taizy como su proveedor?<\/strong><\/h2>    <ul class=\"wp-block-list\"> <li>Ofrecemos una gama de <strong>servicios personalizados<\/strong>, como m\u00e1quinas dise\u00f1adas a medida seg\u00fan los est\u00e1ndares de voltaje de los pa\u00edses de nuestros clientes, y soluciones personalizadas adaptadas a las necesidades de producci\u00f3n y distribuci\u00f3n del sitio.<\/li>    <li>La l\u00ednea de productos de Taizy es completa, abarcando no solo peladoras de cebollas sino tambi\u00e9n <a href=\"https:\/\/gingermachines.com\/es\/product\/ginger-washing-machine\/\">m\u00e1quina cortadora de jengibre<\/a>, <a href=\"https:\/\/gingermachines.com\/es\/product\/ginger-drying-machine\/\">secador de jengibre<\/a>, <a href=\"https:\/\/gingermachines.com\/es\/product\/ginger-grinding-machine\/\">molinillo de jengibre<\/a>, <a href=\"https:\/\/gingermachines.com\/es\/products\/ginger-processing-line\/\">l\u00ednea de producci\u00f3n de jengibre en polvo<\/a>, y otros equipos de procesamiento de alimentos.<\/li>    <li>Para garantizar una producci\u00f3n fluida para nuestros clientes, proporcionamos manuales de usuario detallados, gu\u00edas de instalaci\u00f3n y puesta en marcha, y videos de operaci\u00f3n, garantizando que el equipo sea f\u00e1cil de aprender y usar, brindando tranquilidad a nuestros clientes despu\u00e9s de la compra.<\/li>    <li>Taizy fabrica y vende la m\u00e1quina peladora de cebollas, asegurando no solo alta calidad sino tambi\u00e9n precios competitivos.<\/li> <\/ul>   <div class=\"wp-block-image\"> <figure class=\"aligncenter size-full\"><img loading=\"lazy\" decoding=\"async\" width=\"720\" height=\"540\" src=\"https:\/\/gingermachines.com\/wp-content\/uploads\/2025\/12\/onion-peeling-machine.webp\" alt=\"m\u00e1quina peladora de cebollas\" class=\"wp-image-291\" title=\"\" srcset=\"https:\/\/gingermachines.com\/wp-content\/uploads\/2025\/12\/onion-peeling-machine.webp 720w, https:\/\/gingermachines.com\/wp-content\/uploads\/2025\/12\/onion-peeling-machine-300x225.webp 300w, https:\/\/gingermachines.com\/wp-content\/uploads\/2025\/12\/onion-peeling-machine-16x12.webp 16w\" sizes=\"auto, (max-width: 720px) 100vw, 720px\" \/><figcaption class=\"wp-element-caption\">m\u00e1quina peladora de cebollas<\/figcaption><\/figure> <\/div>   <h2 class=\"wp-block-heading\"><strong>\u00a1P\u00f3ngase en contacto ahora para obtener la mejor cotizaci\u00f3n!<\/strong><\/h2>    <p>La m\u00e1quina peladora de cebollas es una m\u00e1quina clave indispensable en la industria del procesamiento de alimentos. Elegir una m\u00e1quina peladora de piel de cebolla estable y confiable aportar\u00e1 mayor eficiencia a su negocio.<\/p>    <p>Si busca equipo profesional para el procesamiento de cebollas, cont\u00e1ctenos de inmediato. Taizy le proporcionar\u00e1 soluciones integrales y soporte t\u00e9cnico completo para hacer su producci\u00f3n m\u00e1s eficiente.<\/p>","protected":false},"excerpt":{"rendered":"<p>The onion peeling machine utilizes pneumatic principles to achieve fast and clean onion peeling, effectively improving processing efficiency. Taizy onion peeler has a processing capacity ranging from 150-3000 kg\/hour, suitable for various production scales from small processing plants to large food factories.<\/p>","protected":false},"author":1,"featured_media":276,"parent":0,"template":"","tags":[9],"product-type":[6],"class_list":["post-274","product","type-product","status-publish","has-post-thumbnail","hentry","tag-onion","product-type-products"],"_links":{"self":[{"href":"https:\/\/gingermachines.com\/es\/wp-json\/wp\/v2\/product\/274","targetHints":{"allow":["GET"]}}],"collection":[{"href":"https:\/\/gingermachines.com\/es\/wp-json\/wp\/v2\/product"}],"about":[{"href":"https:\/\/gingermachines.com\/es\/wp-json\/wp\/v2\/types\/product"}],"author":[{"embeddable":true,"href":"https:\/\/gingermachines.com\/es\/wp-json\/wp\/v2\/users\/1"}],"wp:featuredmedia":[{"embeddable":true,"href":"https:\/\/gingermachines.com\/es\/wp-json\/wp\/v2\/media\/276"}],"wp:attachment":[{"href":"https:\/\/gingermachines.com\/es\/wp-json\/wp\/v2\/media?parent=274"}],"wp:term":[{"taxonomy":"post_tag","embeddable":true,"href":"https:\/\/gingermachines.com\/es\/wp-json\/wp\/v2\/tags?post=274"},{"taxonomy":"product-type","embeddable":true,"href":"https:\/\/gingermachines.com\/es\/wp-json\/wp\/v2\/product-type?post=274"}],"curies":[{"name":"wp","href":"https:\/\/api.w.org\/{rel}","templated":true}]}}