{"id":180,"date":"2023-07-10T15:12:35","date_gmt":"2023-07-10T07:12:35","guid":{"rendered":"https:\/\/gingermachines.com\/?post_type=product&#038;p=180"},"modified":"2024-06-17T11:01:26","modified_gmt":"2024-06-17T03:01:26","slug":"ginger-juicer-machine","status":"publish","type":"product","link":"https:\/\/gingermachines.com\/es\/product\/ginger-juicer-machine\/","title":{"rendered":"M\u00e1quina exprimidora de jengibre para extraer jengibre"},"content":{"rendered":"<p>La m\u00e1quina exprimidora de jengibre Taizy es un aparato especializado dise\u00f1ado espec\u00edficamente para extraer jugo de ra\u00edces de jengibre. Est\u00e1 dise\u00f1ado para extraer de manera eficiente y efectiva la m\u00e1xima cantidad de jugo mientras lo separa de la pulpa fibrosa y otros s\u00f3lidos. Nuestras m\u00e1quinas exprimidoras de jengibre vienen en varios tipos y tama\u00f1os, desde modelos de peque\u00f1a escala hasta modelos industriales. <\/p>    <figure class=\"wp-block-embed is-type-video is-provider-youtube wp-block-embed-youtube wp-embed-aspect-16-9 wp-has-aspect-ratio\"><div class=\"wp-block-embed__wrapper\"> <iframe loading=\"lazy\" title=\"C\u00f3mo nuestra m\u00e1quina exprimidora multifuncional maneja jengibre, pepinos y limones\" width=\"500\" height=\"281\" src=\"https:\/\/www.youtube.com\/embed\/6Gfv6T5fSGQ?feature=oembed\" frameborder=\"0\" allow=\"accelerometer; autoplay; clipboard-write; encrypted-media; gyroscope; picture-in-picture; web-share\" referrerpolicy=\"strict-origin-when-cross-origin\" allowfullscreen><\/iframe> <\/div><figcaption class=\"wp-element-caption\">La mejor m\u00e1quina para exprimir jengibre.<\/figcaption><\/figure>    <p>No solo puede usar esta m\u00e1quina para exprimir jugo de jengibre, sino que tambi\u00e9n puede usar esta m\u00e1quina para exprimir otros jugos de frutas y vegetales.<\/p>    <h2 class=\"wp-block-heading\">Destacados del Extractor de Jugo de Jengibre<\/h2>    <ol class=\"wp-block-list\"> <li>Esta m\u00e1quina no solo tiene la funci\u00f3n de exprimir sino tambi\u00e9n de pulverizar.<\/li>    <li>La m\u00e1quina de jugo de jengibre para extraer jengibre est\u00e1 hecha \u00fanicamente de acero inoxidable 304, que es resistente, duradero y f\u00e1cil de limpiar.<\/li>    <li>Puede procesar hasta 5000 kilogramos de materia prima por hora. Adecuado para plantas procesadoras de jengibre y plantas procesadoras de alimentos peque\u00f1as y grandes.<\/li>    <li>La m\u00e1quina tambi\u00e9n se puede utilizar para extraer otros jugos de frutas y vegetales.<\/li> <\/ol>   <div class=\"wp-block-image\"> <figure class=\"aligncenter size-full\"><img loading=\"lazy\" decoding=\"async\" width=\"525\" height=\"540\" src=\"https:\/\/gingermachines.com\/wp-content\/uploads\/2023\/07\/ginger-juicer-machine.webp\" alt=\"m\u00e1quina exprimidora de jengibre\" class=\"wp-image-185\" title=\"\" srcset=\"https:\/\/gingermachines.com\/wp-content\/uploads\/2023\/07\/ginger-juicer-machine.webp 525w, https:\/\/gingermachines.com\/wp-content\/uploads\/2023\/07\/ginger-juicer-machine-292x300.webp 292w\" sizes=\"auto, (max-width: 525px) 100vw, 525px\" \/><figcaption class=\"wp-element-caption\">m\u00e1quina exprimidora de jengibre<\/figcaption><\/figure> <\/div>   <h2 class=\"wp-block-heading\">\u00bfC\u00f3mo funciona la m\u00e1quina exprimidora de jengibre?<\/h2>    <p>El exprimidor de jengibre funciona impulsando el motor para hacer que el raspador gire a alta velocidad. Cuando el jengibre ingresa al exprimidor a trav\u00e9s del puerto de entrada, el raspador lo descarga uniformemente sobre el raspador y la rejilla. Debido a la acci\u00f3n giratoria del raspador y al \u00e1ngulo de la gu\u00eda, el material se mover\u00e1 a lo largo del cilindro hacia el extremo de salida.<\/p>    <p class=\"translation-block\">El material formar\u00e1 una trayectoria en espiral durante el movimiento. Al mismo tiempo, la <a href=\"https:\/\/en.wikipedia.org\/wiki\/Centrifugal_force\" target=\"_blank\" rel=\"noopener\">fuerza centr\u00edfuga<\/a> de la rotaci\u00f3n de alta velocidad hace que el jugo fluya desde el tamiz y la salida, mientras que los residuos son expulsados desde la descarga de residuos. De esta manera, se logra el efecto de separaci\u00f3n autom\u00e1tica.<\/p>    <p>Esta m\u00e1quina para hacer jugo de jengibre se usa ampliamente en las industrias de elaboraci\u00f3n de jugos, procesamiento de alimentos y bebidas para procesar grandes cantidades de frutas o vegetales de manera r\u00e1pida y eficiente, proporcionando jugos de frutas y vegetales frescos y sabrosos.<\/p>   <div class=\"wp-block-image\"> <figure class=\"aligncenter size-full\"><img loading=\"lazy\" decoding=\"async\" width=\"720\" height=\"540\" src=\"https:\/\/gingermachines.com\/wp-content\/uploads\/2023\/07\/ginger-juice-making-machine.webp\" alt=\"maquina para hacer jugo de jengibre\" class=\"wp-image-183\" title=\"\" srcset=\"https:\/\/gingermachines.com\/wp-content\/uploads\/2023\/07\/ginger-juice-making-machine.webp 720w, https:\/\/gingermachines.com\/wp-content\/uploads\/2023\/07\/ginger-juice-making-machine-300x225.webp 300w\" sizes=\"auto, (max-width: 720px) 100vw, 720px\" \/><figcaption class=\"wp-element-caption\">maquina para hacer jugo de jengibre<\/figcaption><\/figure> <\/div>   <h2 class=\"wp-block-heading\">\u00bfC\u00f3mo elegir la m\u00e1quina para hacer jugo de jengibre adecuada?<\/h2>    <p>Al seleccionar una m\u00e1quina exprimidora de jengibre, considere factores como la capacidad de exprimir, la facilidad de limpieza, la durabilidad y el rendimiento general. Taizy Ginger Machinery ofrece orientaci\u00f3n y soporte integrales para ayudarlo a tomar una decisi\u00f3n informada basada en sus requisitos espec\u00edficos.<\/p>    <h2 class=\"wp-block-heading\">Tipos de m\u00e1quinas extractoras de jugo de jengibre disponibles<\/h2>    <p>M\u00e1quina extractora de jugo de jengibre el\u00e9ctrica: dise\u00f1adas para operaciones a gran escala, las m\u00e1quinas extractoras de jugo de jengibre el\u00e9ctricas brindan un jugo eficiente con el m\u00ednimo esfuerzo. Estas m\u00e1quinas son adecuadas para establecimientos comerciales como bares de zumos, restaurantes y cafeter\u00edas.<\/p>    <p>M\u00e1quina extractora de jugo de jengibre industrial: dise\u00f1adas para exprimir jugos de alta resistencia, estas m\u00e1quinas est\u00e1n dise\u00f1adas para manejar grandes vol\u00famenes de jengibre. Se utilizan ampliamente en industrias procesadoras de alimentos y plantas de producci\u00f3n de jugos.<\/p>   <div class=\"wp-block-image\"> <figure class=\"aligncenter size-full\"><img loading=\"lazy\" decoding=\"async\" width=\"720\" height=\"540\" src=\"https:\/\/gingermachines.com\/wp-content\/uploads\/2023\/07\/industrial-ginger-juicer-machine.webp\" alt=\"m\u00e1quina exprimidora de jengibre industrial\" class=\"wp-image-186\" title=\"\" srcset=\"https:\/\/gingermachines.com\/wp-content\/uploads\/2023\/07\/industrial-ginger-juicer-machine.webp 720w, https:\/\/gingermachines.com\/wp-content\/uploads\/2023\/07\/industrial-ginger-juicer-machine-300x225.webp 300w\" sizes=\"auto, (max-width: 720px) 100vw, 720px\" \/><figcaption class=\"wp-element-caption\">m\u00e1quina exprimidora de jengibre industrial<\/figcaption><\/figure> <\/div>   <h2 class=\"wp-block-heading\">\u00bfPor qu\u00e9 elegir Taizy Ginger Machinery?<\/h2>    <p>Taizy Ginger Machinery es una reconocida empresa especializada en la producci\u00f3n y fabricaci\u00f3n de m\u00e1quinas de jengibre. Entendemos la demanda de m\u00e1quinas exprimidoras de jengibre de alta calidad y ofrecemos una amplia gama de opciones para satisfacer diversas necesidades. <\/p>    <p class=\"translation-block\">Con nuestra experiencia y compromiso con la excelencia, Taizy Ginger Machinery asegura que sus m\u00e1quinas extractoras de jugo de jengibre est\u00e9n construidas para ofrecer un rendimiento excepcional, durabilidad y facilidad de uso. En nuestra empresa, tambi\u00e9n contamos con una <a href=\"https:\/\/gingermachines.com\/es\/product\/ginger-powder-processing-line\/\">l\u00ednea de producci\u00f3n de polvo de jengibre<\/a>, <a href=\"https:\/\/gingermachines.com\/es\/product\/ginger-grinding-machine\/\">m\u00e1quina de molienda de jengibre<\/a>, <a href=\"https:\/\/gingermachines.com\/es\/product\/ginger-slicing-machine\/\">m\u00e1quina de corte de jengibre<\/a>, y <a href=\"https:\/\/gingermachines.com\/es\/product\/ginger-washing-machine\/\">m\u00e1quina de lavado de jengibre<\/a>.<\/p>   <div class=\"wp-block-image\"> <figure class=\"aligncenter size-full\"><img loading=\"lazy\" decoding=\"async\" width=\"720\" height=\"540\" src=\"https:\/\/gingermachines.com\/wp-content\/uploads\/2022\/09\/ginger-powder-processing-machine-line.jpg\" alt=\"l\u00ednea de procesamiento de jengibre en polvo\" class=\"wp-image-97\" title=\"\" srcset=\"https:\/\/gingermachines.com\/wp-content\/uploads\/2022\/09\/ginger-powder-processing-machine-line.jpg 720w, https:\/\/gingermachines.com\/wp-content\/uploads\/2022\/09\/ginger-powder-processing-machine-line-300x225.jpg 300w\" sizes=\"auto, (max-width: 720px) 100vw, 720px\" \/><figcaption class=\"wp-element-caption\">l\u00ednea de procesamiento de jengibre en polvo<\/figcaption><\/figure> <\/div>   <h2 class=\"wp-block-heading\">Beneficios para la salud del jugo de jengibre<\/h2>    <ul class=\"wp-block-list\"> <li>Aumenta la inmunidad: el jengibre contiene antioxidantes y propiedades de estimulaci\u00f3n inmunol\u00f3gica que pueden fortalecer el mecanismo de defensa de su cuerpo.<\/li>    <li>Ayuda digestiva: el jugo de jengibre ayuda a la digesti\u00f3n, alivia las molestias gastrointestinales y reduce las n\u00e1useas.<\/li>    <li>Propiedades antiinflamatorias: los compuestos antiinflamatorios del jugo de jengibre pueden ayudar a reducir la inflamaci\u00f3n y aliviar el dolor.<\/li>    <li>Control de peso: el consumo regular de jugo de jengibre puede contribuir a la p\u00e9rdida de peso al aumentar el metabolismo y reducir el apetito.<\/li>    <li>Salud del coraz\u00f3n: el jugo de jengibre promueve la salud cardiovascular al reducir los niveles de colesterol y reducir el riesgo de enfermedades card\u00edacas.<\/li> <\/ul>   <div class=\"wp-block-image\"> <figure class=\"aligncenter size-full\"><img loading=\"lazy\" decoding=\"async\" width=\"720\" height=\"540\" src=\"https:\/\/gingermachines.com\/wp-content\/uploads\/2023\/07\/ginger-juice.webp\" alt=\"jugo de jengibre\" class=\"wp-image-184\" title=\"\" srcset=\"https:\/\/gingermachines.com\/wp-content\/uploads\/2023\/07\/ginger-juice.webp 720w, https:\/\/gingermachines.com\/wp-content\/uploads\/2023\/07\/ginger-juice-300x225.webp 300w\" sizes=\"auto, (max-width: 720px) 100vw, 720px\" \/><figcaption class=\"wp-element-caption\">jugo de jengibre<\/figcaption><\/figure> <\/div>   <h2 class=\"wp-block-heading\">P\u00f3ngase en contacto con Taizy Ginger Machinery hoy<\/h2>    <p>Si necesita una m\u00e1quina exprimidora de jengibre confiable, no busque m\u00e1s que Taizy Ginger Machinery. Con nuestra dedicaci\u00f3n a la calidad y la satisfacci\u00f3n del cliente, nos comprometemos a proporcionar m\u00e1quinas de primer nivel para preparar jugo de jengibre que satisfagan sus necesidades de jugo. P\u00f3ngase en contacto con Taizy Ginger Machinery hoy para explorar su gama de m\u00e1quinas exprimidoras de jengibre y descubrir la soluci\u00f3n perfecta para su hogar o negocio.<\/p>    <p>El exprimidor de jengibre se ha convertido en una valiosa adici\u00f3n a la cocina y a los establecimientos comerciales, ya que permite a las personas disfrutar de las bondades del jengibre de forma c\u00f3moda y refrescante. Taizy Ginger Machinery, un fabricante confiable, ofrece una selecci\u00f3n diversa de m\u00e1quinas exprimidoras de jengibre para satisfacer diversas necesidades. <\/p>    <p>Si usted es una persona preocupada por su salud o propietario de un negocio en la industria alimentaria, Taizy Ginger Machinery tiene la m\u00e1quina exprimidora de jengibre perfecta para extraer frescura y salud de cada sorbo.<\/p>","protected":false},"excerpt":{"rendered":"<p>La m\u00e1quina exprimidora de jengibre es un aparato especializado dise\u00f1ado espec\u00edficamente para extraer jugo de ra\u00edces de jengibre. Se vende m\u00e1quina exprimidora peque\u00f1a\/industrial.<\/p>","protected":false},"author":1,"featured_media":187,"parent":0,"template":"","tags":[],"product-type":[6],"class_list":["post-180","product","type-product","status-publish","has-post-thumbnail","hentry","product-type-products"],"_links":{"self":[{"href":"https:\/\/gingermachines.com\/es\/wp-json\/wp\/v2\/product\/180","targetHints":{"allow":["GET"]}}],"collection":[{"href":"https:\/\/gingermachines.com\/es\/wp-json\/wp\/v2\/product"}],"about":[{"href":"https:\/\/gingermachines.com\/es\/wp-json\/wp\/v2\/types\/product"}],"author":[{"embeddable":true,"href":"https:\/\/gingermachines.com\/es\/wp-json\/wp\/v2\/users\/1"}],"wp:featuredmedia":[{"embeddable":true,"href":"https:\/\/gingermachines.com\/es\/wp-json\/wp\/v2\/media\/187"}],"wp:attachment":[{"href":"https:\/\/gingermachines.com\/es\/wp-json\/wp\/v2\/media?parent=180"}],"wp:term":[{"taxonomy":"post_tag","embeddable":true,"href":"https:\/\/gingermachines.com\/es\/wp-json\/wp\/v2\/tags?post=180"},{"taxonomy":"product-type","embeddable":true,"href":"https:\/\/gingermachines.com\/es\/wp-json\/wp\/v2\/product-type?post=180"}],"curies":[{"name":"wp","href":"https:\/\/api.w.org\/{rel}","templated":true}]}}