{"id":140,"date":"2023-03-29T16:25:11","date_gmt":"2023-03-29T08:25:11","guid":{"rendered":"https:\/\/gingermachines.com\/?post_type=product&#038;p=140"},"modified":"2024-06-26T14:46:28","modified_gmt":"2024-06-26T06:46:28","slug":"ginger-powder-packaging-machine","status":"publish","type":"product","link":"https:\/\/gingermachines.com\/es\/product\/ginger-powder-packaging-machine\/","title":{"rendered":"M\u00e1quina envasadora de jengibre en polvo"},"content":{"rendered":"<p class=\"translation-block\">La <strong>m\u00e1quina envasadora de jengibre en polvo de Taizy<\/strong> es una herramienta automatizada dise\u00f1ada para el envasado de jengibre en polvo. Garantiza precisi\u00f3n y exactitud en el llenado, sellado y codificado de las bolsas, lo que la convierte en una soluci\u00f3n r\u00e1pida, eficiente y rentable para los fabricantes de la industria de producci\u00f3n de jengibre.<\/p>    <p class=\"translation-block\">Ofrecemos una <strong>m\u00e1quina envasadora de jengibre en polvo totalmente autom\u00e1tica<\/strong> y una m\u00e1quina envasadora de jengibre en polvo semiautom\u00e1tica para su negocio. La elecci\u00f3n entre una u otra debe depender de sus demandas espec\u00edficas, como capacidades, velocidad de envasado, presupuestos, espacio de trabajo, etc. Y todas nuestras m\u00e1quinas adoptan materiales duraderos y tecnolog\u00eda avanzada para garantizar un buen rendimiento y una larga vida \u00fatil. Si est\u00e1 buscando una m\u00e1quina envasadora de jengibre en polvo, es una muy buena idea contactarnos para obtener el mejor precio.<\/p>   <div class=\"wp-block-image\"> <figure class=\"aligncenter size-full\"><img loading=\"lazy\" decoding=\"async\" width=\"720\" height=\"540\" src=\"https:\/\/gingermachines.com\/wp-content\/uploads\/2023\/03\/powder-packing-equipment.webp\" alt=\"equipo de embalaje de polvo\" class=\"wp-image-239\" title=\"\" srcset=\"https:\/\/gingermachines.com\/wp-content\/uploads\/2023\/03\/powder-packing-equipment.webp 720w, https:\/\/gingermachines.com\/wp-content\/uploads\/2023\/03\/powder-packing-equipment-300x225.webp 300w, https:\/\/gingermachines.com\/wp-content\/uploads\/2023\/03\/powder-packing-equipment-16x12.webp 16w\" sizes=\"auto, (max-width: 720px) 100vw, 720px\" \/><figcaption class=\"wp-element-caption\">Equipo de embalaje de polvo con elevador.<\/figcaption><\/figure> <\/div>   <h2 class=\"wp-block-heading\">Caracter\u00edsticas de la m\u00e1quina envasadora de jengibre en polvo.<\/h2>    <ul class=\"wp-block-list\"> <li><strong>Capacidad y Velocidad:<\/strong> Las m\u00e1quinas envasadoras de jengibre en polvo tienen altas capacidades de producci\u00f3n, que van desde 20 a 80 bolsas por minuto.<\/li>    <li><strong>Precisi\u00f3n y exactitud:<\/strong> Los sensores avanzados garantizan mediciones precisas y un llenado preciso, lo que reduce errores e inconsistencias en el proceso de envasado.<\/li>    <li><strong>La facilidad de uso: <\/strong>El equipo de envasado de jengibre en polvo es f\u00e1cil de operar y algunos modelos cuentan con pantallas t\u00e1ctiles que simplifican a\u00fan m\u00e1s el proceso de envasado.<\/li>    <li><strong>Versatilidad:<\/strong> Las m\u00e1quinas trabajan con varios tipos de materiales de embalaje, a\u00f1adiendo flexibilidad al proceso de embalaje. <\/li>    <li><strong>Econ\u00f3mico:<\/strong> Al automatizar el proceso de envasado, las m\u00e1quinas envasadoras de jengibre en polvo reducen los costos de mano de obra y materiales, lo que aumenta la rentabilidad para los fabricantes. <\/li>    <li><strong>Personalizable: El<\/strong> Las m\u00e1quinas se pueden personalizar para cumplir con requisitos de embalaje espec\u00edficos, lo que permite a los fabricantes lograr una presentaci\u00f3n de producto \u00fanica que satisfaga las preferencias de sus clientes. <\/li> <\/ul>    <figure class=\"wp-block-image size-full\"><img loading=\"lazy\" decoding=\"async\" width=\"720\" height=\"540\" src=\"https:\/\/gingermachines.com\/wp-content\/uploads\/2023\/03\/automatic-powder-packing-machine-factory.jpg\" alt=\"f\u00e1brica autom\u00e1tica de m\u00e1quinas empacadoras de polvo\" class=\"wp-image-154\" title=\"\" srcset=\"https:\/\/gingermachines.com\/wp-content\/uploads\/2023\/03\/automatic-powder-packing-machine-factory.jpg 720w, https:\/\/gingermachines.com\/wp-content\/uploads\/2023\/03\/automatic-powder-packing-machine-factory-300x225.jpg 300w\" sizes=\"auto, (max-width: 720px) 100vw, 720px\" \/><figcaption class=\"wp-element-caption\">F\u00e1brica autom\u00e1tica de m\u00e1quinas envasadoras de polvo<\/figcaption><\/figure>    <h2 class=\"wp-block-heading\">Tipos de m\u00e1quina llenadora de jengibre en polvo<\/h2>    <p>En nuestra empresa, tenemos a la venta dos m\u00e1quinas llenadoras de jengibre en polvo que se venden com\u00fanmente. Uno es completamente autom\u00e1tico y el otro es semiautom\u00e1tico. Podr\u00e1s elegir la m\u00e1quina que se adapte a tus necesidades y presupuesto. Mientras tanto, si tienes preguntas sobre esta m\u00e1quina, siempre puedes contactarnos a trav\u00e9s de la ventana emergente en la esquina inferior derecha.<\/p>    <h2 class=\"wp-block-heading\">Tipo 1: M\u00e1quina envasadora de jengibre en polvo completamente autom\u00e1tica<\/h2>    <p>La m\u00e1quina envasadora de jengibre en polvo completamente autom\u00e1tica es una soluci\u00f3n de envasado avanzada dise\u00f1ada para agilizar el proceso de envasado de jengibre en polvo. Esta m\u00e1quina realiza todas las funciones de envasado autom\u00e1ticamente, incluidas medir, llenar, sellar y etiquetar bolsas. Requiere una m\u00ednima intervenci\u00f3n humana, lo que reduce los costes laborales y aumenta la productividad. <\/p>    <p>Esta m\u00e1quina envasadora de jengibre en polvo a la venta es una peque\u00f1a m\u00e1quina de llenado y sellado de tipo vertical (VFFS). Con una alta capacidad de producci\u00f3n de hasta 80 bolsas por minuto. Esta m\u00e1quina tiene las caracter\u00edsticas de alto rendimiento y precio asequible. Es muy adecuado para necesidades de producci\u00f3n peque\u00f1as o medianas.<\/p>    <figure class=\"wp-block-image size-full\"><img loading=\"lazy\" decoding=\"async\" width=\"720\" height=\"540\" src=\"https:\/\/gingermachines.com\/wp-content\/uploads\/2023\/03\/small-ginger-powder-packaging-machine-1.jpg\" alt=\"peque\u00f1a m\u00e1quina envasadora de jengibre en polvo\" class=\"wp-image-146\" title=\"\" srcset=\"https:\/\/gingermachines.com\/wp-content\/uploads\/2023\/03\/small-ginger-powder-packaging-machine-1.jpg 720w, https:\/\/gingermachines.com\/wp-content\/uploads\/2023\/03\/small-ginger-powder-packaging-machine-1-300x225.jpg 300w\" sizes=\"auto, (max-width: 720px) 100vw, 720px\" \/><figcaption class=\"wp-element-caption\">Peque\u00f1a m\u00e1quina envasadora de jengibre en polvo<\/figcaption><\/figure>    <h2 class=\"wp-block-heading\">Par\u00e1metros de la m\u00e1quina envasadora autom\u00e1tica de jengibre en polvo <\/h2>    <figure class=\"wp-block-table\"><table><tbody><tr><td>Modelo<\/td><td>TZ-320<\/td><td>TZ-450<\/td><td>TZ-420<\/td><td>TZ-520<\/td><td>TZ-720<\/td><\/tr><tr><td>Tipos de bolsas de embalaje<\/td><td>Sello trasero\/sello de 3 lados\/sello de 4 lados<\/td><td>Sello trasero\/sello de 3 lados\/sello de 4 lados<\/td><td>Sello trasero<\/td><td>Sello trasero<\/td><td>Sello trasero<\/td><\/tr><tr><td>Velocidad de embalaje<\/td><td>20-80 bolsas\/minuto<\/td><td>20-80 bolsas\/minuto<\/td><td>5-30 bolsas\/minuto<\/td><td>5-50 bolsas\/minuto<\/td><td>5-50 bolsas\/minuto<\/td><\/tr><tr><td>El consumo de energ\u00eda<\/td><td>1,8 kw<\/td><td>2,2 kw<\/td><td>220 V, 2,2 KW<\/td><td>220 VCA\/50 Hz<\/td><td>220 VCA\/50 Hz, 5 KW<\/td><\/tr><tr><td>Dimensi\u00f3n<\/td><td>(Largo)650*(Ancho)1050*(Alto)1950mm<\/td><td>(Largo)650*(Ancho)1050*(Alto)2150mm<\/td><td>(Largo)1320*(Ancho)950*(Alto)1760mm<\/td><td>(Largo)1150*(Ancho)1795*(Alto)2050mm<\/td><td>(Largo)1780*(Ancho)1350*(Alto)2350mm<\/td><\/tr><tr><td>Longitud del saco<\/td><td>30-180 mm<\/td><td>30-300 mm<\/td><td>80-300 mm<\/td><td>80-400 mm<\/td><td>100-400 mm<\/td><\/tr><tr><td>Ancho de la bolsa<\/td><td>20-150 mm<\/td><td>20-210 mm<\/td><td>80-200 mm<\/td><td>80-250 mm<\/td><td>180-350 mm<\/td><\/tr><tr><td>Consumo de aire<\/td><td>\/<\/td><td>\/<\/td><td>0,65 MPa<\/td><td>0,65 MPa<\/td><td>0,65 MPa<\/td><\/tr><tr><td>Consumo de gas<\/td><td>\/<\/td><td>\/<\/td><td>0,4 m<sup>3<\/sup>\/min<\/td><td>0,4 m<sup>3<\/sup>\/min<\/td><td>0,4 m<sup>3<\/sup>\/min<\/td><\/tr><\/tbody><\/table><figcaption class=\"wp-element-caption\">tabla de par\u00e1metros<\/figcaption><\/figure>    <p>La m\u00e1quina llenadora autom\u00e1tica de jengibre en polvo tiene sellado posterior, sellado de tres lados, sellado de cuatro lados y otros m\u00e9todos de envasado para que los clientes elijan. La velocidad de embalaje por minuto puede ser de hasta 80 paquetes. \u00bfQuieres saber m\u00e1s sobre las m\u00e1quinas llenadoras autom\u00e1ticas de jengibre en polvo? Bienvenido a contactarnos en cualquier momento.<\/p>   <div class=\"wp-block-image\"> <figure class=\"aligncenter size-full\"><img loading=\"lazy\" decoding=\"async\" width=\"720\" height=\"540\" src=\"https:\/\/gingermachines.com\/wp-content\/uploads\/2023\/03\/powder-packaging-equipment.webp\" alt=\"equipo autom\u00e1tico de envasado de polvo\" class=\"wp-image-238\" title=\"\" srcset=\"https:\/\/gingermachines.com\/wp-content\/uploads\/2023\/03\/powder-packaging-equipment.webp 720w, https:\/\/gingermachines.com\/wp-content\/uploads\/2023\/03\/powder-packaging-equipment-300x225.webp 300w, https:\/\/gingermachines.com\/wp-content\/uploads\/2023\/03\/powder-packaging-equipment-16x12.webp 16w\" sizes=\"auto, (max-width: 720px) 100vw, 720px\" \/><figcaption class=\"wp-element-caption\">equipo autom\u00e1tico de envasado de polvo<\/figcaption><\/figure> <\/div>   <h2 class=\"wp-block-heading\">Tipo 2: M\u00e1quina llenadora de jengibre en polvo semiautom\u00e1tica <\/h2>    <p>La m\u00e1quina llenadora de jengibre en polvo semiautom\u00e1tica es una soluci\u00f3n de envasado vers\u00e1til que combina la eficiencia de la automatizaci\u00f3n con la flexibilidad de la intervenci\u00f3n humana. Esta m\u00e1quina mide, llena y sella bolsas autom\u00e1ticamente, pero requiere que un operador coloque y retire las bolsas en la cinta transportadora. El embalaje var\u00eda desde 1 kg hasta 10 kg. <\/p>    <p>La m\u00e1quina empacadora de jengibre en polvo semiautom\u00e1tica es f\u00e1cil de operar y se puede personalizar para diferentes materiales de empaque, lo que la convierte en una opci\u00f3n rentable y vers\u00e1til para los fabricantes de la industria alimentaria. Esta m\u00e1quina es ideal para grandes necesidades de producci\u00f3n.<\/p>    <figure class=\"wp-block-image size-full\"><img loading=\"lazy\" decoding=\"async\" width=\"720\" height=\"540\" src=\"https:\/\/gingermachines.com\/wp-content\/uploads\/2023\/03\/ginger-powder-filling-machine.jpg\" alt=\"m\u00e1quina llenadora de jengibre en polvo\" class=\"wp-image-148\" title=\"\" srcset=\"https:\/\/gingermachines.com\/wp-content\/uploads\/2023\/03\/ginger-powder-filling-machine.jpg 720w, https:\/\/gingermachines.com\/wp-content\/uploads\/2023\/03\/ginger-powder-filling-machine-300x225.jpg 300w\" sizes=\"auto, (max-width: 720px) 100vw, 720px\" \/><figcaption class=\"wp-element-caption\">M\u00e1quina llenadora de jengibre en polvo<\/figcaption><\/figure>    <h2 class=\"wp-block-heading\">Par\u00e1metros de la m\u00e1quina envasadora de jengibre en polvo semiautom\u00e1tica <\/h2>    <figure class=\"wp-block-table\"><table><tbody><tr><td>Fuerza<\/td><td>CA 380 V 900 W<\/td><\/tr><tr><td>Especificaciones de embalaje<\/td><td>1-10kg<\/td><\/tr><tr><td>Precisi\u00f3n del embalaje<\/td><td>\u00b11%<\/td><\/tr><tr><td>Velocidad de embalaje<\/td><td>500-1500 bolsas\/h (seg\u00fan el tama\u00f1o del embalaje y los productos)<\/td><\/tr><tr><td>Dimensi\u00f3n<\/td><td>1000*850*1850mm<\/td><\/tr><tr><td>Peso<\/td><td>280 kilos<\/td><\/tr><\/tbody><\/table><figcaption class=\"wp-element-caption\">Equipo semiautom\u00e1tico de envasado de jengibre en polvo.<\/figcaption><\/figure>    <p>Dependiendo de los diferentes materiales, esta m\u00e1quina empacadora semiautom\u00e1tica puede empacar entre 500 y 1500 bolsas\/h. Si desea saber m\u00e1s sobre esta m\u00e1quina envasadora de polvo semiautom\u00e1tica, cont\u00e1ctenos a trav\u00e9s de la ventana emergente en la esquina inferior derecha.<\/p>    <h2 class=\"wp-block-heading\">Factores a considerar al elegir la m\u00e1quina empacadora de jengibre en polvo adecuada<\/h2>    <h3 class=\"wp-block-heading\">Capacidad de producci\u00f3n<\/h3>    <p>Al elegir una m\u00e1quina envasadora de jengibre en polvo, es fundamental tener en cuenta su capacidad de producci\u00f3n. Seleccionar una m\u00e1quina con una capacidad de producci\u00f3n superior a la que necesita puede generar gastos innecesarios. Por otro lado, elegir una m\u00e1quina con baja capacidad de producci\u00f3n puede restringir su capacidad para satisfacer la demanda.<\/p>    <h3 class=\"wp-block-heading\">Presupuesto<\/h3>    <p>El costo de comprar una m\u00e1quina empacadora de jengibre en polvo es un factor importante a considerar. Es esencial seleccionar una m\u00e1quina que se ajuste a su presupuesto y al mismo tiempo satisfaga sus necesidades de embalaje.<\/p>    <h3 class=\"wp-block-heading\">Materiales de embalaje<\/h3>    <p>Diferentes m\u00e1quinas empacadoras de jengibre en polvo est\u00e1n dise\u00f1adas para trabajar con materiales de empaque espec\u00edficos. Es esencial elegir una m\u00e1quina que sea compatible con su material de embalaje preferido para evitar retrasos o problemas en la producci\u00f3n.<\/p>    <h2 class=\"wp-block-heading\">\u00bfCu\u00e1l es el precio de la m\u00e1quina envasadora de jengibre en polvo?<\/h2>    <p>El precio de una m\u00e1quina envasadora de jengibre en polvo var\u00eda dependiendo de varios factores, incluido el tipo de m\u00e1quina, sus caracter\u00edsticas, capacidad de producci\u00f3n y marca. Por ejemplo, el costo de la m\u00e1quina envasadora de polvo autom\u00e1tica es bastante diferente al de la m\u00e1quina envasadora de polvo semiautom\u00e1tica. Porque tienen diferentes estructuras, piezas, componentes y especificaciones.<\/p>    <p>Mientras tanto, el costo del mismo tipo de m\u00e1quina para diferentes clientes tambi\u00e9n puede variar, porque la potencia, las configuraciones y los materiales pueden diferir. D\u00edganos primero sus requisitos de embalaje y podremos brindarle una lista de precios de m\u00e1quinas detallada y precisa. Cont\u00e1ctenos ahora para iniciar su negocio de envasado de jengibre.<\/p>    <div class=\"wp-block-columns is-layout-flex wp-container-core-columns-is-layout-9d6595d7 wp-block-columns-is-layout-flex\"> <div class=\"wp-block-column is-layout-flow wp-block-column-is-layout-flow\"> <figure class=\"wp-block-image size-full\"><img loading=\"lazy\" decoding=\"async\" width=\"750\" height=\"500\" src=\"https:\/\/gingermachines.com\/wp-content\/uploads\/2023\/03\/customers-visit-our-company.webp\" alt=\"Los clientes visitan nuestra empresa.\" class=\"wp-image-151\" title=\"\" srcset=\"https:\/\/gingermachines.com\/wp-content\/uploads\/2023\/03\/customers-visit-our-company.webp 750w, https:\/\/gingermachines.com\/wp-content\/uploads\/2023\/03\/customers-visit-our-company-300x200.webp 300w\" sizes=\"auto, (max-width: 750px) 100vw, 750px\" \/><figcaption class=\"wp-element-caption\">Los clientes visitan nuestra empresa<\/figcaption><\/figure> <\/div>    <div class=\"wp-block-column is-layout-flow wp-block-column-is-layout-flow\"> <figure class=\"wp-block-image size-full\"><img loading=\"lazy\" decoding=\"async\" width=\"750\" height=\"500\" src=\"https:\/\/gingermachines.com\/wp-content\/uploads\/2023\/03\/our-customers-around-the-world.webp\" alt=\"nuestros clientes en todo el mundo\" class=\"wp-image-152\" title=\"\" srcset=\"https:\/\/gingermachines.com\/wp-content\/uploads\/2023\/03\/our-customers-around-the-world.webp 750w, https:\/\/gingermachines.com\/wp-content\/uploads\/2023\/03\/our-customers-around-the-world-300x200.webp 300w\" sizes=\"auto, (max-width: 750px) 100vw, 750px\" \/><figcaption class=\"wp-element-caption\">Nuestros clientes en todo el mundo<\/figcaption><\/figure> <\/div> <\/div>    <h2 class=\"wp-block-heading\">\u00a1Cont\u00e1ctenos hoy para obtener el mejor precio!<\/h2>    <div class=\"wp-block-columns is-layout-flex wp-container-core-columns-is-layout-9d6595d7 wp-block-columns-is-layout-flex\"> <div class=\"wp-block-column is-layout-flow wp-block-column-is-layout-flow\"> <figure class=\"wp-block-image size-full\"><img loading=\"lazy\" decoding=\"async\" width=\"540\" height=\"720\" src=\"https:\/\/gingermachines.com\/wp-content\/uploads\/2023\/03\/packing-picture-of-ginger-powder-packing-equipment.webp\" alt=\"Imagen de embalaje del equipo de embalaje de jengibre en polvo.\" class=\"wp-image-240\" title=\"\" srcset=\"https:\/\/gingermachines.com\/wp-content\/uploads\/2023\/03\/packing-picture-of-ginger-powder-packing-equipment.webp 540w, https:\/\/gingermachines.com\/wp-content\/uploads\/2023\/03\/packing-picture-of-ginger-powder-packing-equipment-225x300.webp 225w, https:\/\/gingermachines.com\/wp-content\/uploads\/2023\/03\/packing-picture-of-ginger-powder-packing-equipment-9x12.webp 9w\" sizes=\"auto, (max-width: 540px) 100vw, 540px\" \/><figcaption class=\"wp-element-caption\">Imagen de embalaje del equipo de embalaje de jengibre en polvo<\/figcaption><\/figure> <\/div>    <div class=\"wp-block-column is-vertically-aligned-center is-layout-flow wp-block-column-is-layout-flow\"> <p>Invertir en una m\u00e1quina envasadora de jengibre en polvo es una decisi\u00f3n inteligente para los fabricantes de hoy en d\u00eda que buscan optimizar sus operaciones y mejorar la calidad del producto al tiempo que reducen costos. Con sus funciones avanzadas de automatizaci\u00f3n, velocidad, precisi\u00f3n y facilidad de uso, esta soluci\u00f3n innovadora puede llevar su negocio al siguiente nivel.<\/p>    <p class=\"translation-block\">Taizy Machinery es un fabricante integral de <a href=\"https:\/\/gingermachines.com\/es\/\">m\u00e1quinas procesadoras de jengibre<\/a>. Nuestros productos cubren <a href=\"https:\/\/gingermachines.com\/es\/product\/ginger-washing-machine\/\">m\u00e1quinas lavadoras de jengibre<\/a>, m\u00e1quinas cortadoras de jengibre, m\u00e1quinas secadoras de jengibre, <a href=\"https:\/\/gingermachines.com\/es\/product\/ginger-grinding-machine\/\">m\u00e1quinas trituradoras de jengibre<\/a> y m\u00e1quinas envasadoras de jengibre. Si est\u00e1 interesado en el negocio del jengibre, \u00a1act\u00fae ahora y disfrute de una mayor eficiencia, productividad y rentabilidad!<\/p> <\/div> <\/div>","protected":false},"excerpt":{"rendered":"<p>La m\u00e1quina envasadora de jengibre en polvo Taizy est\u00e1 dise\u00f1ada para envasar jengibre en polvo. Garantiza precisi\u00f3n y exactitud en el llenado, sellado y codificaci\u00f3n de bolsas.<\/p>","protected":false},"author":1,"featured_media":146,"parent":0,"template":"","tags":[8],"product-type":[6],"class_list":["post-140","product","type-product","status-publish","has-post-thumbnail","hentry","tag-ginger-processing-machine","product-type-products"],"_links":{"self":[{"href":"https:\/\/gingermachines.com\/es\/wp-json\/wp\/v2\/product\/140","targetHints":{"allow":["GET"]}}],"collection":[{"href":"https:\/\/gingermachines.com\/es\/wp-json\/wp\/v2\/product"}],"about":[{"href":"https:\/\/gingermachines.com\/es\/wp-json\/wp\/v2\/types\/product"}],"author":[{"embeddable":true,"href":"https:\/\/gingermachines.com\/es\/wp-json\/wp\/v2\/users\/1"}],"wp:featuredmedia":[{"embeddable":true,"href":"https:\/\/gingermachines.com\/es\/wp-json\/wp\/v2\/media\/146"}],"wp:attachment":[{"href":"https:\/\/gingermachines.com\/es\/wp-json\/wp\/v2\/media?parent=140"}],"wp:term":[{"taxonomy":"post_tag","embeddable":true,"href":"https:\/\/gingermachines.com\/es\/wp-json\/wp\/v2\/tags?post=140"},{"taxonomy":"product-type","embeddable":true,"href":"https:\/\/gingermachines.com\/es\/wp-json\/wp\/v2\/product-type?post=140"}],"curies":[{"name":"wp","href":"https:\/\/api.w.org\/{rel}","templated":true}]}}