{"id":15,"date":"2022-09-06T08:59:53","date_gmt":"2022-09-06T08:59:53","guid":{"rendered":"https:\/\/gingermachines.com\/?page_id=15"},"modified":"2022-09-07T07:04:14","modified_gmt":"2022-09-07T07:04:14","slug":"about-us","status":"publish","type":"page","link":"https:\/\/gingermachines.com\/es\/about-us\/","title":{"rendered":"Sobre nosotros"},"content":{"rendered":"<p>Taizy Machinery Co., Ltd es un proveedor integral de maquinaria para procesamiento de jengibre. Al principio, el fundador de la empresa, Hanny, descubri\u00f3 que nos resultaba dif\u00edcil procesar el jengibre manualmente. Y \u00e9l es ingeniero. Por ello, comenz\u00f3 a dedicarse a la investigaci\u00f3n y desarrollo de m\u00e1quinas de jengibre con sus socios. Y tres meses despu\u00e9s, se desarroll\u00f3 con \u00e9xito la m\u00e1quina mejorada para lavar y pelar jengibre. En comparaci\u00f3n con las m\u00e1quinas de otros proveedores, la lavadora y peladora de jengibre Taizy ahorra m\u00e1s energ\u00eda y es m\u00e1s asequible. Y luego se inventaron otras m\u00e1quinas procesadoras de jengibre. Finalmente, Hanny estuvo dispuesto a presentar estas grandes m\u00e1quinas a personas de todo el mundo. <\/p>    <p>Nuestros productos cubren una gama completa de m\u00e1quinas procesadoras de jengibre, incluyendo lavadoras de jengibre, m\u00e1quinas lavadoras y peladoras de jengibre, m\u00e1quinas secadoras de jengibre, m\u00e1quinas trituradoras de jengibre, m\u00e1quinas para fabricar jengibre en polvo y una l\u00ednea completa de procesamiento de jengibre en polvo. Todas nuestras m\u00e1quinas est\u00e1n dise\u00f1adas y fabricadas de acuerdo con los est\u00e1ndares internacionales. Hoy en d\u00eda, los productos Taizy se han exportado con \u00e9xito a m\u00e1s de 80 pa\u00edses y regiones, como Brasil, Colombia, Per\u00fa, Indonesia, Malasia, Singapur, Filipinas, Corea, Pa\u00edses Bajos, Kazajst\u00e1n, Rusia, Arabia Saudita, Israel, Australia y Estados Unidos. , Chile, M\u00e9xico, Ghana, Nigeria, etc. <\/p>    <h2 class=\"wp-block-heading\" id=\"h-certificates\">Certificados<\/h2>    <figure class=\"wp-block-image size-large\"><img decoding=\"async\" src=\"https:\/\/cnricemill.com\/wp-content\/uploads\/2022\/08\/certificate-1024x323-1.jpg\" alt=\"\" title=\"\"><\/figure>","protected":false},"excerpt":{"rendered":"<p>Taizy Machinery Co., Ltd is a comprehensive ginger processing machinery supplier. At begin, the founder of the company &#8211; Hanny, found that it is difficult for us to process ginger manually. And he is an engineer. Therefore, he began to devote himself to the research and development of ginger machines with his partners. And three [&hellip;]<\/p>\n","protected":false},"author":1,"featured_media":0,"parent":0,"menu_order":0,"comment_status":"closed","ping_status":"closed","template":"","meta":{"footnotes":""},"class_list":["post-15","page","type-page","status-publish","hentry"],"_links":{"self":[{"href":"https:\/\/gingermachines.com\/es\/wp-json\/wp\/v2\/pages\/15","targetHints":{"allow":["GET"]}}],"collection":[{"href":"https:\/\/gingermachines.com\/es\/wp-json\/wp\/v2\/pages"}],"about":[{"href":"https:\/\/gingermachines.com\/es\/wp-json\/wp\/v2\/types\/page"}],"author":[{"embeddable":true,"href":"https:\/\/gingermachines.com\/es\/wp-json\/wp\/v2\/users\/1"}],"replies":[{"embeddable":true,"href":"https:\/\/gingermachines.com\/es\/wp-json\/wp\/v2\/comments?post=15"}],"version-history":[{"count":0,"href":"https:\/\/gingermachines.com\/es\/wp-json\/wp\/v2\/pages\/15\/revisions"}],"wp:attachment":[{"href":"https:\/\/gingermachines.com\/es\/wp-json\/wp\/v2\/media?parent=15"}],"curies":[{"name":"wp","href":"https:\/\/api.w.org\/{rel}","templated":true}]}}