{"id":57,"date":"2022-09-09T03:09:50","date_gmt":"2022-09-08T19:09:50","guid":{"rendered":"https:\/\/gingermachines.com\/?post_type=product&#038;p=57"},"modified":"2024-06-17T14:39:26","modified_gmt":"2024-06-17T06:39:26","slug":"ginger-drying-machine","status":"publish","type":"product","link":"https:\/\/gingermachines.com\/eo\/product\/ginger-drying-machine\/","title":{"rendered":"Ginger-Droiga Ma\u015dino"},"content":{"rendered":"<p class=\"translation-block\">Taizy <strong>Ginger drying machine<\/strong> estas \u011del-fajla legomaro. \u011ci estas vaste uzata por senvarmigi \u0109iujn fruktojn kaj legomojn, kiel gingero, ajlo, fungo, citrono, aklono, ananaso, ktp. La <strong>electric ginger dryer<\/strong> havas la trajtojn de neni-linja poluado, facila uzo kaj energio\u015dparo. <\/p>    <p>Ginger-dried estas facila por kolekti kaj povas grandparte plialtigi la stokadon. Krome, la nutraj valoro de la seki\u011dinta gingero ne \u015dan\u011di\u011das, kaj la gusto eble estas pli bona. Krome, seki\u011dinta gingero estas nesubstitu la kruda materialo de gingero-pulva\u0135a.<\/p>   <div class=\"wp-block-image\"> <figure class=\"aligncenter size-full\"><img loading=\"lazy\" decoding=\"async\" width=\"720\" height=\"540\" src=\"https:\/\/gingermachines.com\/wp-content\/uploads\/2022\/09\/ginger-dryer-machine.webp\" alt=\"gingero-dung\u011dor\u011d-ma\u015dino\" class=\"wp-image-246\" title=\"\" srcset=\"https:\/\/gingermachines.com\/wp-content\/uploads\/2022\/09\/ginger-dryer-machine.webp 720w, https:\/\/gingermachines.com\/wp-content\/uploads\/2022\/09\/ginger-dryer-machine-300x225.webp 300w, https:\/\/gingermachines.com\/wp-content\/uploads\/2022\/09\/ginger-dryer-machine-16x12.webp 16w\" sizes=\"auto, (max-width: 720px) 100vw, 720px\" \/><figcaption class=\"wp-element-caption\">gingero-dung\u011dor\u011d-ma\u015dino<\/figcaption><\/figure> <\/div>   <p>Do, la gingera senkarboniga ma\u015dino estas grava parto de la tuta gingero-pulva\u0135a produktlinio. Kiel tutmonda fabrikanto de gingero-prilabora\u0135aj ma\u015dinoj, TAIZY provizas plenan korpon da gingera\u0135aj ma\u015dinoj por la tutmonda merkato. \u0108iuj ma\u015dinoj havas bonan agadon kaj plej bonan prezon.<\/p>    <h2 class=\"wp-block-heading\">Trajtoj de gingero-dung\u011dor\u011d-ma\u015dino <\/h2>    <ol class=\"wp-block-list\" style=\"list-style-type:1\"> <li>La elektra aparato havas la funkciojn de agordi temperaturo, tempa-tempo, konstanta temperaturo, tro-tempo alarmo, agordi senhumidigon-tempon, ktp. Elektita tu\u015da ekrano estas havebla.<\/li>    <li>La tuta skatolo de filma sekigilo uzas tute enfermita strukturon, kaj la interna varma aero estas resirkulega por \u015dparado de energio kaj efikeco.<\/li>    <li>La varmefonto por gingero-dung\u011dor\u011d povas esti elektra (380V\/50Hz), \u015dtormo (0.2~0.8MPa), varma aero-furno (ligno\/karbo\/oleo\/gaso), ktp.<\/li>    <li>Enmetita alta temperaturo-rezista longfor\u011da ventumilo, forta varma aero cirkulado, signife reduktante la varmeelspezo en la sikl-bla\u0135o.<\/li>    <li>La gingera-glazo-ka\u011do estas ekipita per reguliga aero-distribua tabulo, kiu povos adjustri dikecon supren malsupren por kontroli la fluon de aero kaj fari la interne la temperaturo pli unueca.<\/li>    <li>Izolado-\u015delo pezo 80~200mm, uzante alta-densecon roka \u015dalto a\u016d ultra-fina aluminosilicate-fibro\u015delo por plue redukti varokvanton.<\/li> <\/ol>    <figure class=\"wp-block-image size-full\"><img loading=\"lazy\" decoding=\"async\" width=\"720\" height=\"540\" src=\"https:\/\/gingermachines.com\/wp-content\/uploads\/2022\/09\/ginger-dryer-machine.jpg\" alt=\"gingero-dung\u011dor\u011d-ma\u015dino\" class=\"wp-image-89\" title=\"\" srcset=\"https:\/\/gingermachines.com\/wp-content\/uploads\/2022\/09\/ginger-dryer-machine.jpg 720w, https:\/\/gingermachines.com\/wp-content\/uploads\/2022\/09\/ginger-dryer-machine-300x225.jpg 300w\" sizes=\"auto, (max-width: 720px) 100vw, 720px\" \/><figcaption class=\"wp-element-caption\">Ginger Dryer Machine<\/figcaption><\/figure>    <h2 class=\"wp-block-heading\">Parametroj de TAIZY gingero-dung\u011dor\u011d-ma\u015dino <\/h2>    <figure class=\"wp-block-table\"><table><tbody><tr><td>Modelo<\/td><td>Grandeco (L*K*H) (mm)<\/td><td>Sekiga\u016dota nombro<\/td><td>Kapacito (kg\/fojoj)<\/td><\/tr><tr><td>SL-2<\/td><td>4000*1 600*25000<\/td><td>2<\/td><td>600<\/td><\/tr><tr><td>SL-4<\/td><td>6000*1 600*2500<\/td><td>4<\/td><td>1200<\/td><\/tr><tr><td>SL-6<\/td><td>7200*2300*2500<\/td><td>6<\/td><td>1800<\/td><\/tr><tr><td>SL-8<\/td><td>8800*2300*2500<\/td><td>8<\/td><td>2400<\/td><\/tr><tr><td>SL-10<\/td><td>10000*2300*2500<\/td><td>10<\/td><td>3000<\/td><\/tr><tr><td>SL-12<\/td><td>10500*3300*2500<\/td><td>12<\/td><td>3600<\/td><\/tr><tr><td>SL-14<\/td><td>11000*3300*2500<\/td><td>14<\/td><td>4200<\/td><\/tr><tr><td>SL-16<\/td><td>11500*3300*2500<\/td><td>16<\/td><td>4800<\/td><\/tr><tr><td>SL-18<\/td><td>12500*3300*2500<\/td><td>18<\/td><td>5400<\/td><\/tr><tr><td>SL-20<\/td><td>13500*3300*2500<\/td><td>20<\/td><td>6000<\/td><\/tr><tr><td>SL-22<\/td><td>14500*3300*2500<\/td><td>22<\/td><td>6600<\/td><\/tr><tr><td>SL-24<\/td><td>15500*3300*2800<\/td><td>24<\/td><td>7200<\/td><\/tr><\/tbody><\/table><figcaption class=\"wp-element-caption\">modeloj de sekig-ma\u015dino por gingero<\/figcaption><\/figure>    <p>Kiel videblas en la grafiko, ni havas pli ol dek modeloj de gingero-senvarmigilo por vendo. Laeligo estas ordigita de malgranda al granda. Tio signifas ke \u0109i tiu ma\u015dino povas apogi malsamajn seke-fajdojn.<\/p>    <figure class=\"wp-block-image size-full\"><img loading=\"lazy\" decoding=\"async\" width=\"720\" height=\"540\" src=\"https:\/\/gingermachines.com\/wp-content\/uploads\/2022\/09\/large-scale-ginger-dryer.webp\" alt=\"grand-masiva gingero-dung\u011dor\u011d-ma\u015dino\" class=\"wp-image-244\" title=\"\" srcset=\"https:\/\/gingermachines.com\/wp-content\/uploads\/2022\/09\/large-scale-ginger-dryer.webp 720w, https:\/\/gingermachines.com\/wp-content\/uploads\/2022\/09\/large-scale-ginger-dryer-300x225.webp 300w, https:\/\/gingermachines.com\/wp-content\/uploads\/2022\/09\/large-scale-ginger-dryer-16x12.webp 16w\" sizes=\"auto, (max-width: 720px) 100vw, 720px\" \/><figcaption class=\"wp-element-caption\">Large Scale Ginger Dryer<\/figcaption><\/figure>    <h2 class=\"wp-block-heading\">Ampleksa gamo de lingvoj de gingero\u015dtagmajma\u015dinoj<\/h2>    <p>\u0108i tiu gingera\u015dtremo-ma\u015dino havas lar\u011dan aplikeblecon. \u011ci ta\u016dgas por sekiado de diversaj legomoj kaj fruktoj.<\/p>    <p class=\"translation-block\"><strong>Vegetables:<\/strong> gingero, kukumbaj\u015di\u011ditaj rulitaj, belgajo, blanka fungo, ru\u011da pipro, bakla\u011diono, bungo, kaprio, beans, linsoj, sekaj frukt-sagoj, pipro, fungo, ktp.<\/p>    <p class=\"translation-block\"><strong>Fruktoj:<\/strong> mangoj, pomoj, migda\u0135oj, dato, drako-frukto, suna\u0135oj, hawthorn-flokoj, \u0109erizoj, kiuj, kukumo, bananoj, <a href=\"http:\/\/longan\">longan<\/a>, persimonoj, ktp. \u00a0<\/p>    <figure class=\"wp-block-image size-full\"><img loading=\"lazy\" decoding=\"async\" width=\"720\" height=\"540\" src=\"https:\/\/gingermachines.com\/wp-content\/uploads\/2022\/09\/widely-application.webp\" alt=\"lar\u011da aplikeblo\" class=\"wp-image-245\" title=\"\" srcset=\"https:\/\/gingermachines.com\/wp-content\/uploads\/2022\/09\/widely-application.webp 720w, https:\/\/gingermachines.com\/wp-content\/uploads\/2022\/09\/widely-application-300x225.webp 300w, https:\/\/gingermachines.com\/wp-content\/uploads\/2022\/09\/widely-application-16x12.webp 16w\" sizes=\"auto, (max-width: 720px) 100vw, 720px\" \/><figcaption class=\"wp-element-caption\">Widely Application<\/figcaption><\/figure>    <h2 class=\"wp-block-heading\">Estruktura detalo de \u0109i tiu gingero-dung\u011dor\u011d-ma\u015dino<\/h2>    <p>\u0108i tiu gingero-dung\u011dor\u011d-ma\u015dino havas simplan strukturon kaj racikan koncepton; \u011di estas facile funkciigi. \u011ci konsistas \u0109efe el tambureto, cirkulacia ventilo, aero-energio varmigo, inteligenta kontrolpanelo, skatolo, enduka-pasiga ventilo, ner-\u015dtala fero-tavolo, elektraj partoj kaj eksa ventilo. \u0108iuj ma\u015dinoj uzas ner-\u015dtalan \u015dtalan strukturon, da\u016dran kaj man\u011da\u0135on-sian. Plue, la ma\u015dino uzas altnivelan teknologion kaj markajn partojn. Krome, ni havas tre lertaj dungitoj por garantii altan kvaliton kaj bonan agadon.<\/p>    <figure class=\"wp-block-image size-full\"><img loading=\"lazy\" decoding=\"async\" width=\"720\" height=\"540\" src=\"https:\/\/gingermachines.com\/wp-content\/uploads\/2022\/09\/vegetable-drying-machine.jpg\" alt=\"legomoj-drying machine\" class=\"wp-image-87\" title=\"\" srcset=\"https:\/\/gingermachines.com\/wp-content\/uploads\/2022\/09\/vegetable-drying-machine.jpg 720w, https:\/\/gingermachines.com\/wp-content\/uploads\/2022\/09\/vegetable-drying-machine-300x225.jpg 300w\" sizes=\"auto, (max-width: 720px) 100vw, 720px\" \/><figcaption class=\"wp-element-caption\">Vegetable And Fruit Drying Machine<\/figcaption><\/figure>    <h2 class=\"wp-block-heading\">Kontakti nin por la plej bona prezo<\/h2>    <p class=\"translation-block\">Gingero-dung\u011dor\u011d-ma\u015dino estas unu el niaj tre varmaj produktoj. Krome, estas multaj aliaj <a href=\"https:\/\/gingermachines.com\/eo\/products\/products\/\">ginger machines<\/a> disponeblaj de Taizy-fabriko, kiel <a href=\"https:\/\/gingermachines.com\/eo\/product\/ginger-washing-machine\/\">ginger washing machine<\/a>, gingero-\u015deladilo, <a href=\"https:\/\/gingermachines.com\/eo\/product\/ginger-grinding-machine\/\">ginger grinding machine<\/a>, kaj <a href=\"https:\/\/gingermachines.com\/eo\/product\/ginger-powder-processing-line\/\">ginger powder making machine<\/a><\/p>    <figure class=\"wp-block-image size-full\"><img loading=\"lazy\" decoding=\"async\" width=\"720\" height=\"540\" src=\"https:\/\/gingermachines.com\/wp-content\/uploads\/2022\/09\/customer-feedback.jpg\" alt=\"Kliento-reagoj\" class=\"wp-image-91\" title=\"\" srcset=\"https:\/\/gingermachines.com\/wp-content\/uploads\/2022\/09\/customer-feedback.jpg 720w, https:\/\/gingermachines.com\/wp-content\/uploads\/2022\/09\/customer-feedback-300x225.jpg 300w\" sizes=\"auto, (max-width: 720px) 100vw, 720px\" \/><figcaption class=\"wp-element-caption\">Klienta Feedbacko<\/figcaption><\/figure>","protected":false},"excerpt":{"rendered":"<p>Ginger-drying-ma\u015dino estas tipo de legomaro kaj fruktodrumanto. \u011ci estas vaste uzata por senvarmi gingero, ajlo, fungo, citrono, kiwi, ananaso, ktp.<\/p>","protected":false},"author":1,"featured_media":81,"parent":0,"template":"","tags":[8],"product-type":[6],"class_list":["post-57","product","type-product","status-publish","has-post-thumbnail","hentry","tag-ginger-processing-machine","product-type-products"],"_links":{"self":[{"href":"https:\/\/gingermachines.com\/eo\/wp-json\/wp\/v2\/product\/57","targetHints":{"allow":["GET"]}}],"collection":[{"href":"https:\/\/gingermachines.com\/eo\/wp-json\/wp\/v2\/product"}],"about":[{"href":"https:\/\/gingermachines.com\/eo\/wp-json\/wp\/v2\/types\/product"}],"author":[{"embeddable":true,"href":"https:\/\/gingermachines.com\/eo\/wp-json\/wp\/v2\/users\/1"}],"wp:featuredmedia":[{"embeddable":true,"href":"https:\/\/gingermachines.com\/eo\/wp-json\/wp\/v2\/media\/81"}],"wp:attachment":[{"href":"https:\/\/gingermachines.com\/eo\/wp-json\/wp\/v2\/media?parent=57"}],"wp:term":[{"taxonomy":"post_tag","embeddable":true,"href":"https:\/\/gingermachines.com\/eo\/wp-json\/wp\/v2\/tags?post=57"},{"taxonomy":"product-type","embeddable":true,"href":"https:\/\/gingermachines.com\/eo\/wp-json\/wp\/v2\/product-type?post=57"}],"curies":[{"name":"wp","href":"https:\/\/api.w.org\/{rel}","templated":true}]}}