{"id":54,"date":"2022-09-08T03:31:51","date_gmt":"2022-09-07T19:31:51","guid":{"rendered":"https:\/\/gingermachines.com\/?post_type=product&#038;p=54"},"modified":"2024-06-26T15:01:19","modified_gmt":"2024-06-26T07:01:19","slug":"ginger-powder-processing-line","status":"publish","type":"product","link":"https:\/\/gingermachines.com\/eo\/product\/ginger-powder-processing-line\/","title":{"rendered":"Ginger-Pulvoro-Procesa Linio"},"content":{"rendered":"<p class=\"translation-block\">La<strong> gignerpulvora proceza linio<\/strong> kombinas diversajn gignerma\u015dinojn, kiuj transformas originalan gigneron en bonegan gignerpulvorton. \u011ci enhavas gigner-lavma\u015dinon, gignerpelma\u015dinon, gignertran\u0109ma\u015dinon, gignersekigma\u015dinon, gignermuela ma\u015dino, kaj gignerpulvora pako-ma\u015dino. Gignerpulvoro estas populara en multaj regionoj, kaj \u011di havas grandajn sanajn avanta\u011dojn por homoj. Tial, la gigner-komerco estas bona elekto kun malgranda investo kaj granda rendimento.<\/p>    <figure class=\"wp-block-embed is-type-video is-provider-youtube wp-block-embed-youtube wp-embed-aspect-16-9 wp-has-aspect-ratio\"><div class=\"wp-block-embed__wrapper\"> <iframe loading=\"lazy\" title=\"3D-Vido de Gignerpulvora Procezo | Gignerfarada Procezo\" width=\"500\" height=\"281\" src=\"https:\/\/www.youtube.com\/embed\/xzqc88xIw-4?feature=oembed\" frameborder=\"0\" allow=\"accelerometer; autoplay; clipboard-write; encrypted-media; gyroscope; picture-in-picture; web-share\" referrerpolicy=\"strict-origin-when-cross-origin\" allowfullscreen><\/iframe> <\/div><figcaption class=\"wp-element-caption\">gignerpulvora farado-procezo<\/figcaption><\/figure>    <p>TAIZY-gignerma\u015dinoj \u011duas simpla strukturon, rustorezistan \u015dtalan korpon, kaj kvalitan partojn. Krome, ni ofertas potencajn personigitajn servojn por plenumi la postulojn de diversaj man\u011da\u0135oprocezaj plantoj, restoracioj, hoteloj, ktp. Se vi volas komenci vian gigner-komercon, kontakti nin por pli utila informo por via projekto.<\/p>    <figure class=\"wp-block-image size-full\"><img loading=\"lazy\" decoding=\"async\" width=\"1024\" height=\"512\" src=\"https:\/\/gingermachines.com\/wp-content\/uploads\/2022\/09\/automatic-ginger-powder-production-line.jpg\" alt=\"A\u016dtomata gignerpulvora produktadlinio\" class=\"wp-image-95\" title=\"\" srcset=\"https:\/\/gingermachines.com\/wp-content\/uploads\/2022\/09\/automatic-ginger-powder-production-line.jpg 1024w, https:\/\/gingermachines.com\/wp-content\/uploads\/2022\/09\/automatic-ginger-powder-production-line-300x150.jpg 300w, https:\/\/gingermachines.com\/wp-content\/uploads\/2022\/09\/automatic-ginger-powder-production-line-768x384.jpg 768w\" sizes=\"auto, (max-width: 1024px) 100vw, 1024px\" \/><figcaption class=\"wp-element-caption\">A\u016dtomata Gignerpulvora Proceza Linio<\/figcaption><\/figure>    <h2 class=\"wp-block-heading\">Avanta\u011doj de gignerpulvora produktadlinio<\/h2>    <ol class=\"wp-block-list\" style=\"list-style-type:1\"> <li>Gignerpulvora proceza linio unufoje uzas gignertran\u0109a\u0135on, malpli kapitalo, la ekipa\u0135o mem havas bonan izoladon kaj malaltan energian konsumon.<\/li>    <li>Kompakta strukturo, facila por uzi, fidinda en uzo, facila disassemblado kaj instalado. Simpla instalado, sufi\u0109as protekti kontra\u016d vento kaj pluvo por instali kaj uzi.<\/li>    <li>Purigita, potenca, granda aero-fluo, varma aero, rapida sekigo, simulas la principon de natura aero-sekigo, konservas la naturan koloron kaj guston de gigneraj tran\u0109a\u0135oj\/gignerpulvoro.<\/li>    <li>\u0108iuj gignerpulvora proceza ma\u015dino estas faritaj el man\u011da\u0135a grado-materialoj kun stabilaj strukturoj.<\/li>    <li>Alta efikeco. La sekigado-efikeco de gigneraj tran\u0109a\u0135oj estas plurfoje pli alta ol tiu de diversaj varmfontaj aerenergiaj varmopumpaj forno kaj bakaj forno. \u011ci tre mallongigas la sekigadan tempon de gigneraj tran\u0109a\u0135oj kaj reduktas la kapitalon de ekipa\u0135o kaj laborkostojn.<\/li>    <li>La gignerpulvora proceza ma\u015dino havas diversajn produktadkapablojn por elekti, kun semi- a\u016d plene a\u016dtomataj ma\u015dinoj. La baza produktado de \u0109i tiu gignerpulvora produktadlinio estas 500kg\/h-1t\/h. Kompreneble, ni povas personecigi la produktadon la\u016d la produktadpostuloj de niaj klientoj.<\/li> <\/ol>    <h2 class=\"wp-block-heading\">Teknika datumo de TAIZY-gignerpulvora proceza linio<\/h2>    <figure class=\"wp-block-table\"><table><tbody><tr><td>Ma\u015dina Nomo<\/td><td>Potenco<\/td><td>Volo<\/td><td>Dimensio<\/td><\/tr><tr><td>Gignerlava-Pelado-Ma\u015dino<\/td><td>1.5kw<\/td><td>380V50Hz<\/td><td>1580*850*800mm<\/td><\/tr><tr><td>Ginger-\u015delma\u015dino<\/td><td>1.1kw<\/td><td>380V50Hz<\/td><td>690*560*880mm<\/td><\/tr><tr><td>Ginger-Droiga Ma\u015dino<\/td><td>12.45kw<\/td><td>380V50Hz<\/td><td>1500*1200*2200mm<\/td><\/tr><tr><td>Gignermuela ma\u015dino<\/td><td>7.5kw<\/td><td>380V50Hz<\/td><td>700*600*1450mm<\/td><\/tr><tr><td>Gignerpaka Ma\u015dino<\/td><td>1kw<\/td><td>380V50Hz<\/td><td>1000*900*1850mm<\/td><\/tr><\/tbody><\/table><figcaption class=\"wp-element-caption\">gignerpulvora farma\u015dino<\/figcaption><\/figure>    <p>Jen la parametroj de la individuaj ma\u015dinoj inkluzivitaj en la gignerpulvora ekipa\u0135o. Vi povas akiri klaran ideon pri la dimensioj de \u0109iu ma\u015dino. \u0108i tio faciligas vin determini la grandecon de via gignerproceza fabriko.<\/p>    <h2 class=\"wp-block-heading\">Fluo-diagramo de gignerpulvora produktado<\/h2>    <p>La gignerpulvora proceza linio enhavas diversajn gignerma\u015dinojn, kiuj povas transformi originalan gigneron en bonegan gignerpulvorton. La Taizy-gignerpulvora produktadprocezo inkluzivas:<\/p>    <p class=\"translation-block\"><strong>Gignerpurigado-lavado \u2192 gignerpelado \u2192 gignertran\u0109ado \u2192 gignersekigado \u2192 sekigitaj gigneraj tran\u0109a\u0135oj muelado \u2192 gignerpulvora pako.<\/strong><\/p>    <figure class=\"wp-block-image size-full\"><img loading=\"lazy\" decoding=\"async\" width=\"720\" height=\"540\" src=\"https:\/\/gingermachines.com\/wp-content\/uploads\/2022\/09\/ginger-powder-production-line-flow-chart.jpg\" alt=\"gignerpulvora produktadfluo-diagramo\" class=\"wp-image-98\" title=\"\" srcset=\"https:\/\/gingermachines.com\/wp-content\/uploads\/2022\/09\/ginger-powder-production-line-flow-chart.jpg 720w, https:\/\/gingermachines.com\/wp-content\/uploads\/2022\/09\/ginger-powder-production-line-flow-chart-300x225.jpg 300w\" sizes=\"auto, (max-width: 720px) 100vw, 720px\" \/><figcaption class=\"wp-element-caption\">Fluo-diagramo de la gignerpulvora produktado<\/figcaption><\/figure>    <h2 class=\"wp-block-heading\">Ma\u015dinaj detaloj de la gignerpulvora produktadlinio<\/h2>    <p>La gignerpulvora produktadlinio estas integri\u011dinta fabriko de pluraj ma\u015dinoj. Do, kiuj ma\u015dinoj estas uzataj en la gignerpulvora produktadlinio? La detaloj estas jen:<\/p>    <div class=\"wp-block-columns has-black-color has-white-background-color has-text-color has-background is-layout-flex wp-container-core-columns-is-layout-9d6595d7 wp-block-columns-is-layout-flex\"> <div class=\"wp-block-column is-vertically-aligned-center is-layout-flow wp-block-column-is-layout-flow\"> <p class=\"translation-block\"><strong><a href=\"https:\/\/gingermachines.com\/eo\/product\/ginger-washing-machine\/\">Gignerlava- kaj pelma\u015dino<\/a>:<\/strong> Komerca gignerlava kaj pelma\u015dino estas speco de bro\u015da tipo lavma\u015dino. La ma\u015dino \u0109efe realigas la lavadon kaj peladon per la frikcio inter la bro\u015do kaj la gigner. Dum la pelado, la ma\u015dino anka\u016d estas konektita al akvopipo por spra\u016dti akvon. Tial, post pelado, la gignerhudo povas esti purigita per alta premo akvospra\u016dto.<\/p> <\/div>    <div class=\"wp-block-column is-layout-flow wp-block-column-is-layout-flow\"> <figure class=\"wp-block-image size-full\"><img loading=\"lazy\" decoding=\"async\" width=\"720\" height=\"540\" src=\"https:\/\/gingermachines.com\/wp-content\/uploads\/2022\/09\/ginger-washing-machine.jpg\" alt=\"zingibro-lavilo\" class=\"wp-image-70\" title=\"\" srcset=\"https:\/\/gingermachines.com\/wp-content\/uploads\/2022\/09\/ginger-washing-machine.jpg 720w, https:\/\/gingermachines.com\/wp-content\/uploads\/2022\/09\/ginger-washing-machine-300x225.jpg 300w\" sizes=\"auto, (max-width: 720px) 100vw, 720px\" \/><figcaption class=\"wp-element-caption\">Ginger-lavma\u015dino<\/figcaption><\/figure> <\/div> <\/div>    <div class=\"wp-block-columns has-white-background-color has-background is-layout-flex wp-container-core-columns-is-layout-9d6595d7 wp-block-columns-is-layout-flex\"> <div class=\"wp-block-column is-layout-flow wp-block-column-is-layout-flow\"> <figure class=\"wp-block-image size-full\"><img loading=\"lazy\" decoding=\"async\" width=\"720\" height=\"540\" src=\"https:\/\/gingermachines.com\/wp-content\/uploads\/2022\/09\/ginger-slicing-machine.jpg\" alt=\"gignertran\u0109ma\u015dino\" class=\"wp-image-64\" title=\"\" srcset=\"https:\/\/gingermachines.com\/wp-content\/uploads\/2022\/09\/ginger-slicing-machine.jpg 720w, https:\/\/gingermachines.com\/wp-content\/uploads\/2022\/09\/ginger-slicing-machine-300x225.jpg 300w\" sizes=\"auto, (max-width: 720px) 100vw, 720px\" \/><figcaption class=\"wp-element-caption\">Ginger-\u015delma\u015dino<\/figcaption><\/figure> <\/div>    <div class=\"wp-block-column is-vertically-aligned-center is-layout-flow wp-block-column-is-layout-flow\"> <p class=\"translation-block\"><strong><a href=\"https:\/\/gingermachines.com\/eo\/product\/ginger-slicing-machine\/\">Gignertran\u0109ma\u015dino:<\/a><\/strong> La lavita kaj pelita gigner estas rapide tran\u0109ita per profesia gignertran\u0109ilo. La dikeco de la tran\u0109a\u0135oj estas \u0109irka\u016d 3mm por atingi ideala sekigado. Post tran\u0109ado, necesas aersekigi por rapide forigi troan akvon sur la surfaco de la gigneraj tran\u0109a\u0135oj.<\/p> <\/div> <\/div>    <div class=\"wp-block-columns has-white-background-color has-background is-layout-flex wp-container-core-columns-is-layout-9d6595d7 wp-block-columns-is-layout-flex\"> <div class=\"wp-block-column is-vertically-aligned-center is-layout-flow wp-block-column-is-layout-flow\"> <p class=\"translation-block\"><strong><a href=\"https:\/\/gingermachines.com\/eo\/product\/ginger-drying-machine\/\">Gignersekigma\u015dino<\/a>:<\/strong> La sekigilo \u0109efe ta\u016dgas por la dehidratado de gigneraj tran\u0109a\u0135oj. La gigneraj tran\u0109a\u0135sekigilo ne nur ta\u016dgas por gignerpulvora produktadlinio, sed anka\u016d vaste uzatas por sekigi fruktojn, legomojn, medicinajn herbojn, kaj aliajn produktojn. La ma\u015dino estas tre inteligenta, \u011di uzas inteligentan kontrolpanelon por regi la tutan sekigadprocezon. La gigneraj tran\u0109a\u0135ojsekigilo povas adopti diversajn varmmetodojn kiel elektran kaj vaporan. Kaj ekzistas multaj modeloj, kiuj povas plenumi la bezonojn de klientoj kun malsamaj specifoj.<\/p> <\/div>    <div class=\"wp-block-column is-layout-flow wp-block-column-is-layout-flow\"> <figure class=\"wp-block-image size-full\"><img loading=\"lazy\" decoding=\"async\" width=\"720\" height=\"540\" src=\"https:\/\/gingermachines.com\/wp-content\/uploads\/2022\/09\/ginger-slice-drying-machine.jpg\" alt=\"gignertran\u0109a sekigma\u015dino\" class=\"wp-image-81\" title=\"\" srcset=\"https:\/\/gingermachines.com\/wp-content\/uploads\/2022\/09\/ginger-slice-drying-machine.jpg 720w, https:\/\/gingermachines.com\/wp-content\/uploads\/2022\/09\/ginger-slice-drying-machine-300x225.jpg 300w\" sizes=\"auto, (max-width: 720px) 100vw, 720px\" \/><figcaption class=\"wp-element-caption\">Gignertran\u0109a Sekigma\u015dino<\/figcaption><\/figure> <\/div> <\/div>    <div class=\"wp-block-columns has-white-background-color has-background is-layout-flex wp-container-core-columns-is-layout-9d6595d7 wp-block-columns-is-layout-flex\"> <div class=\"wp-block-column is-layout-flow wp-block-column-is-layout-flow\"> <figure class=\"wp-block-image size-full\"><img loading=\"lazy\" decoding=\"async\" width=\"720\" height=\"540\" src=\"https:\/\/gingermachines.com\/wp-content\/uploads\/2022\/09\/ginger-grinding-machine.jpg\" alt=\"gignermuela ma\u015dino\" class=\"wp-image-78\" title=\"\" srcset=\"https:\/\/gingermachines.com\/wp-content\/uploads\/2022\/09\/ginger-grinding-machine.jpg 720w, https:\/\/gingermachines.com\/wp-content\/uploads\/2022\/09\/ginger-grinding-machine-300x225.jpg 300w\" sizes=\"auto, (max-width: 720px) 100vw, 720px\" \/><figcaption class=\"wp-element-caption\">Ginger-muelema\u015dino<\/figcaption><\/figure> <\/div>    <div class=\"wp-block-column is-vertically-aligned-center is-layout-flow wp-block-column-is-layout-flow\"> <p class=\"translation-block\"><strong><a href=\"https:\/\/gingermachines.com\/eo\/product\/ginger-grinding-machine\/\">Gignermuela ma\u015dino<\/a>:<\/strong> Sekigitaj gigneraj tran\u0109a\u0135oj eniras la muel\u0109ambron tra la transportilo por muelado kaj pulverizado. Diversaj ma\u015dospecoj povas esti agorditaj la\u016d la postuloj de la kliento pri la finfino de la pulvoro.<\/p> <\/div> <\/div>    <div class=\"wp-block-columns has-white-background-color has-background is-layout-flex wp-container-core-columns-is-layout-9d6595d7 wp-block-columns-is-layout-flex\"> <div class=\"wp-block-column is-vertically-aligned-center is-layout-flow wp-block-column-is-layout-flow\"> <p class=\"translation-block\"><strong><a href=\"https:\/\/tianhuipackingmachine.com\/powder-packing-machine\/\" target=\"_blank\" rel=\"noopener\">Gignerpulvora pako-ma\u015dino<\/a>:<\/strong> Post kiam la gignerpulvoro estas muelita en pulvoro, klientoj agordas malsamajn pako-ma\u015dinojn la\u016d la pakoformo de gignerpulvoro por plenumi diversajn bezonojn de klientoj. &nbsp;<\/p> <\/div>    <div class=\"wp-block-column is-layout-flow wp-block-column-is-layout-flow\"> <figure class=\"wp-block-image size-full\"><img loading=\"lazy\" decoding=\"async\" width=\"720\" height=\"540\" src=\"https:\/\/gingermachines.com\/wp-content\/uploads\/2022\/09\/small-automatic-powder-packing-machine.jpg\" alt=\"Malgranda a\u016dtomata pulvora pako-ma\u015dino\" class=\"wp-image-118\" title=\"\" srcset=\"https:\/\/gingermachines.com\/wp-content\/uploads\/2022\/09\/small-automatic-powder-packing-machine.jpg 720w, https:\/\/gingermachines.com\/wp-content\/uploads\/2022\/09\/small-automatic-powder-packing-machine-300x225.jpg 300w\" sizes=\"auto, (max-width: 720px) 100vw, 720px\" \/><figcaption class=\"wp-element-caption\">Malgranda A\u016dtomata Pulvora Paka Ma\u015dino<\/figcaption><\/figure> <\/div> <\/div>    <h2 class=\"wp-block-heading\">Kontaktu nin<\/h2>    <p>Kiel profesia gignerpulvora produktadlinio-fabrikanto, ni povas personecigi la ma\u015dinon por plenumi viajn bezonojn. \u0108u \u011di estas semi- a\u016d plene a\u016dtomata produktadlinio, ni povas provizi ilin \u0109iujn. Kion vi atendas, rapide kontakti nin.<\/p>","protected":false},"excerpt":{"rendered":"<p>Ginger-pulvoro-procesa linio kombinas diversajn ginger-ma\u015dinojn, kiuj prilaboras originalan gingeron en bonegan ginger-pulvoron. Kontaktu nin por plej bona prezo. <\/p>","protected":false},"author":1,"featured_media":97,"parent":0,"template":"","tags":[8],"product-type":[7],"class_list":["post-54","product","type-product","status-publish","has-post-thumbnail","hentry","tag-ginger-processing-machine","product-type-ginger-processing-line"],"_links":{"self":[{"href":"https:\/\/gingermachines.com\/eo\/wp-json\/wp\/v2\/product\/54","targetHints":{"allow":["GET"]}}],"collection":[{"href":"https:\/\/gingermachines.com\/eo\/wp-json\/wp\/v2\/product"}],"about":[{"href":"https:\/\/gingermachines.com\/eo\/wp-json\/wp\/v2\/types\/product"}],"author":[{"embeddable":true,"href":"https:\/\/gingermachines.com\/eo\/wp-json\/wp\/v2\/users\/1"}],"wp:featuredmedia":[{"embeddable":true,"href":"https:\/\/gingermachines.com\/eo\/wp-json\/wp\/v2\/media\/97"}],"wp:attachment":[{"href":"https:\/\/gingermachines.com\/eo\/wp-json\/wp\/v2\/media?parent=54"}],"wp:term":[{"taxonomy":"post_tag","embeddable":true,"href":"https:\/\/gingermachines.com\/eo\/wp-json\/wp\/v2\/tags?post=54"},{"taxonomy":"product-type","embeddable":true,"href":"https:\/\/gingermachines.com\/eo\/wp-json\/wp\/v2\/product-type?post=54"}],"curies":[{"name":"wp","href":"https:\/\/api.w.org\/{rel}","templated":true}]}}