{"id":466,"date":"2026-04-28T13:38:00","date_gmt":"2026-04-28T05:38:00","guid":{"rendered":"https:\/\/gingermachines.com\/?post_type=product&#038;p=466"},"modified":"2026-04-28T13:38:00","modified_gmt":"2026-04-28T05:38:00","slug":"garlic-root-and-stem-cutting-machine","status":"publish","type":"product","link":"https:\/\/gingermachines.com\/eo\/product\/garlic-root-and-stem-cutting-machine\/","title":{"rendered":"Garlic radiko kaj tigo tran\u0109ma\u015dino"},"content":{"rendered":"<p class=\"translation-block\">Taizy <strong>ajla radiko kaj \u015deltran\u0109ilo<\/strong> estas speciale desegnita por tran\u0109i fre\u015dajn ajlojn; \u011di rapide kaj precize tran\u0109as amba\u016d la radikajn harojn kaj la kolo de la ajla bulbulo, certigante ke la bulbulo restu tute kaj konservu puran, uniforman aspekton.<\/p>    <p>Kun manlibro enmeto kaj alta rapido rotacia tran\u0109ilo, la ma\u015dino kapablas prilabori 8,000 \u011dis 10,000 ajlajn bulbulojn je horo. \u011ci efike ekvilibras altan operacian efikecon kun preciza prilaborado. \u0108i tiu ajla radiko kaj \u015deltran\u0109ilo estas ideala por malgrandaj \u011dis mezgrandaj ajlaj prilaboraj operacioj.<\/p>    <h2 class=\"wp-block-heading\"><strong>Kial elekti \u0109i tiun ajla radiko kaj \u015deltran\u0109ilon?<\/strong><\/h2>    <ul class=\"wp-block-list\"> <li><strong>Alta efikeco<\/strong>: \u0108i tiu ajla \u015deltran\u0109ilo signife plibonigas prilaboran rapidecon per stabila mekanika tran\u0109ado. Dum da\u016dra funkciado, \u011di signife mallongigas la tutan prilaboran ciklon.<\/li>    <li><strong>Preciza tran\u0109ado<\/strong>: La rotacia tran\u0109ilo disko funkcias kune kun fiksa klingo por liveri purajn, krispajn tran\u0109ojn, permesante flekseblan kontrolon de la dezirata longo de la resto de la \u015delo.<\/li>    <li><strong>Energio-efika<\/strong>: La ajla radiko tran\u0109ilo postulas nur 160W por funkciigi; kompare kun pli grandaj ma\u015dinoj, \u011di konsumas signife malpli da elektro, efike reduktante produktokostojn longtempe.<\/li>    <li><strong>Kompakta strukturo<\/strong>: Taizy ajla radiko kaj \u015deltran\u0109ilo havas kompaktan bazon kaj estas facile transportebla. \u011ci ta\u016dgas ne nur por uzado en laborejo, sed anka\u016d povas esti facile movita rekte al la kampo por loka prilaborado.<\/li>    <li><strong>Longa servo-vivo<\/strong>: La korpo de nia ajla \u015deltran\u0109ilo estas konstruita el SUS304 rusta \u015dtofo, provizante bonegan koroda reziston kaj facilecon de purigado. Krome, \u011di estas ekipita per sekurecaj gardiloj por certigi sekuran operacion.<\/li> <\/ul>    <figure class=\"wp-block-gallery has-nested-images columns-default is-cropped wp-block-gallery-2 is-layout-flex wp-block-gallery-is-layout-flex\"> <figure class=\"wp-block-image size-large\"><img loading=\"lazy\" decoding=\"async\" width=\"720\" height=\"540\" data-id=\"469\" src=\"https:\/\/gingermachines.com\/wp-content\/uploads\/2026\/04\/garlic-root-and-stem-cutting-machine.webp\" alt=\"Ajla radiko tran\u0109ilo\" class=\"wp-image-469\" title=\"\" srcset=\"https:\/\/gingermachines.com\/wp-content\/uploads\/2026\/04\/garlic-root-and-stem-cutting-machine.webp 720w, https:\/\/gingermachines.com\/wp-content\/uploads\/2026\/04\/garlic-root-and-stem-cutting-machine-300x225.webp 300w, https:\/\/gingermachines.com\/wp-content\/uploads\/2026\/04\/garlic-root-and-stem-cutting-machine-16x12.webp 16w\" sizes=\"auto, (max-width: 720px) 100vw, 720px\" \/><figcaption class=\"wp-element-caption\">A\u016dtomata tran\u0109ilo por ajla radiko kaj \u015delo<\/figcaption><\/figure>    <figure class=\"wp-block-image size-large\"><img loading=\"lazy\" decoding=\"async\" width=\"720\" height=\"540\" data-id=\"470\" src=\"https:\/\/gingermachines.com\/wp-content\/uploads\/2026\/04\/garlic-root-cutting-equipment.webp\" alt=\"A\u016dtomata tran\u0109ilo por ajnaj ajloj\" class=\"wp-image-470\" title=\"\" srcset=\"https:\/\/gingermachines.com\/wp-content\/uploads\/2026\/04\/garlic-root-cutting-equipment.webp 720w, https:\/\/gingermachines.com\/wp-content\/uploads\/2026\/04\/garlic-root-cutting-equipment-300x225.webp 300w, https:\/\/gingermachines.com\/wp-content\/uploads\/2026\/04\/garlic-root-cutting-equipment-16x12.webp 16w\" sizes=\"auto, (max-width: 720px) 100vw, 720px\" \/><figcaption class=\"wp-element-caption\">Ajla Radiko-Tran\u0109ilo<\/figcaption><\/figure> <\/figure>    <h2 class=\"wp-block-heading\"><strong>Strukturaj komponantoj de ajla radiko kaj \u015deltran\u0109ilo<\/strong><\/h2>    <ul class=\"wp-block-list\"> <li>Kadro &amp; \u015delo: Subtenas la tutan unuon; koroda rezisto kaj da\u016drema.<\/li>    <li>Manlibro enmeto: Fleksila operacio.<\/li>    <li>Tran\u0109a mekanismo: Kernaj tran\u0109iloj en disko-sistemo; certigas precizan tran\u0109adon.<\/li>    <li>El\u0135eta sistemo: A\u016dtomate apartigas ajlajn bulbulojn de ruba materialo.<\/li>    <li>Potenca sistemo: 0.5kW motoro provizas stabilan energion.<\/li>    <li>Kontrolo &amp; sekureca sistemo: Simplaj \u015daltilaj kontroloj; sekura kaj fidinda.<\/li> <\/ul>   <div class=\"wp-block-image\"> <figure class=\"aligncenter size-full\"><img loading=\"lazy\" decoding=\"async\" width=\"720\" height=\"540\" src=\"https:\/\/gingermachines.com\/wp-content\/uploads\/2026\/04\/garlic-stem-cutting-machine.webp\" alt=\"ajla \u015deltran\u0109ilo\" class=\"wp-image-471\" title=\"\" srcset=\"https:\/\/gingermachines.com\/wp-content\/uploads\/2026\/04\/garlic-stem-cutting-machine.webp 720w, https:\/\/gingermachines.com\/wp-content\/uploads\/2026\/04\/garlic-stem-cutting-machine-300x225.webp 300w, https:\/\/gingermachines.com\/wp-content\/uploads\/2026\/04\/garlic-stem-cutting-machine-16x12.webp 16w\" sizes=\"auto, (max-width: 720px) 100vw, 720px\" \/><figcaption class=\"wp-element-caption\">ajla \u015deltran\u0109ilo<\/figcaption><\/figure> <\/div>   <h2 class=\"wp-block-heading\"><strong>Kiel funkcias la ajla radiko kaj \u015deltran\u0109ilo?<\/strong><\/h2>    <p>La operacia principo de \u0109i tiu ajla \u015deltran\u0109ilo estas simpla:<\/p>    <p>Unikaj ajloj estas unu post la alia enmetitaj en U-forman enmetan kanalon. Dum ili estas transportitaj en la tran\u0109an zonon, alta rapide rotacia klingo disigas la radikojn de la \u015deloj tuj.<\/p>    <p>La prilaboritaj ajlaj bulbuloj kaj la ruba materialo estas a\u016dtomate apartigitaj kaj el\u0135etitaj, ebligante kontinuan kaj tre efikan operacion. La operaciantoj povas flekseble kontroli la deziratan longon de la resto de la \u015delo.<\/p>    <figure class=\"wp-block-gallery has-nested-images columns-default is-cropped wp-block-gallery-3 is-layout-flex wp-block-gallery-is-layout-flex\"> <figure class=\"wp-block-image size-large\"><img loading=\"lazy\" decoding=\"async\" width=\"720\" height=\"540\" data-id=\"473\" src=\"https:\/\/gingermachines.com\/wp-content\/uploads\/2026\/04\/garlic-before-processing.webp\" alt=\"Ajla \u015delma\u015dino pakumo\" class=\"wp-image-473\" title=\"\" srcset=\"https:\/\/gingermachines.com\/wp-content\/uploads\/2026\/04\/garlic-before-processing.webp 720w, https:\/\/gingermachines.com\/wp-content\/uploads\/2026\/04\/garlic-before-processing-300x225.webp 300w, https:\/\/gingermachines.com\/wp-content\/uploads\/2026\/04\/garlic-before-processing-16x12.webp 16w\" sizes=\"auto, (max-width: 720px) 100vw, 720px\" \/><figcaption class=\"wp-element-caption\">A\u0135a anta\u016d prilaborado<\/figcaption><\/figure>    <figure class=\"wp-block-image size-large\"><img loading=\"lazy\" decoding=\"async\" width=\"720\" height=\"540\" data-id=\"472\" src=\"https:\/\/gingermachines.com\/wp-content\/uploads\/2026\/04\/processed-garlic.webp\" alt=\"processed garlic\" class=\"wp-image-472\" title=\"\" srcset=\"https:\/\/gingermachines.com\/wp-content\/uploads\/2026\/04\/processed-garlic.webp 720w, https:\/\/gingermachines.com\/wp-content\/uploads\/2026\/04\/processed-garlic-300x225.webp 300w, https:\/\/gingermachines.com\/wp-content\/uploads\/2026\/04\/processed-garlic-16x12.webp 16w\" sizes=\"auto, (max-width: 720px) 100vw, 720px\" \/><figcaption class=\"wp-element-caption\">Prilaboritaj ajloj<\/figcaption><\/figure> <\/figure>    <h2 class=\"wp-block-heading\"><strong>Detala specifo de ajla radiko kaj \u015deltran\u0109ilo<\/strong><\/h2>    <p>Por helpi vin rapide kompreni la specifojn de la ajla radiko kaj \u015deltran\u0109ilo, jen la \u0109efaj teknikaj detaloj de la RYL-1000.<\/p>    <figure class=\"wp-block-table\"><table class=\"has-fixed-layout\"><thead><tr><th>A\u0135o<\/th><th>Specifo<\/th><\/tr><\/thead><tbody><tr><td>Modelo<\/td><td>RYL-1000<\/td><\/tr><tr><td>Nomo de la produkto<\/td><td>Ajla radiko kaj \u015deltran\u0109ilo<\/td><\/tr><tr><td>Kapacito<\/td><td>8000\u201310000 pecoj\/h<\/td><\/tr><tr><td>Volo<\/td><td>48V \/ 220V<\/td><\/tr><tr><td>Potenco<\/td><td>160W<\/td><\/tr><tr><td>Rotacia rapido<\/td><td>200 r\/min<\/td><\/tr><tr><td>Ma\u015dina grandeco<\/td><td>41 \u00d7 67.5 \u00d7 41   39cm (kun stando)<\/td><\/tr><tr><td>Pakaj grandecoj<\/td><td>75 \u00d7 47 \u00d7 60cm<\/td><\/tr><\/tbody><\/table><figcaption class=\"wp-element-caption\">Parametro de ajla radiko tran\u0109ilo<\/figcaption><\/figure>    <h2 class=\"wp-block-heading\"><strong>Personeco kaj serva subteno por ajla radiko<\/strong><\/h2>    <p>Ni ofertas flekseblajn personecajn solvojn, inkluzive de:<\/p>    <ul class=\"wp-block-list\"> <li>Voltage kaj motora konfiguracioj (48V\/220V)<\/li>    <li>Ekstera koloro kaj struktura optimumigo<\/li>    <li>Ekskluzivaj solvoj por grandkvanta mendo<\/li>    <li>Eksporta paka\u0135o kaj logistika subteno<\/li> <\/ul>   <div class=\"wp-block-image\"> <figure class=\"aligncenter size-full\"><img loading=\"lazy\" decoding=\"async\" width=\"720\" height=\"540\" src=\"https:\/\/gingermachines.com\/wp-content\/uploads\/2026\/04\/garlic-root-cutting-machine.webp\" alt=\"ajla radiko tran\u0109ilo\" class=\"wp-image-474\" title=\"\" srcset=\"https:\/\/gingermachines.com\/wp-content\/uploads\/2026\/04\/garlic-root-cutting-machine.webp 720w, https:\/\/gingermachines.com\/wp-content\/uploads\/2026\/04\/garlic-root-cutting-machine-300x225.webp 300w, https:\/\/gingermachines.com\/wp-content\/uploads\/2026\/04\/garlic-root-cutting-machine-16x12.webp 16w\" sizes=\"auto, (max-width: 720px) 100vw, 720px\" \/><figcaption class=\"wp-element-caption\">ajla radiko tran\u0109ilo<\/figcaption><\/figure> <\/div>   <h2 class=\"wp-block-heading\"><strong>Sukcesa kazo: Feedback de nigeriaj farmistoj<\/strong><\/h2>    <p>Ni anta\u016de eksportis nian RYL-1000 ajla radiko kaj \u015deltran\u0109ilon al grava ajla kultivejo en Ni\u011derio. La kliento alfrontis defion pro la manko de stabila elektroprovizo en siaj kampoj; nia 48V-bateria versio efike solvis tiun problemon:<\/p>    <ul class=\"wp-block-list\"> <li>\u011ci ebligis rektan prilaboradon en la kampo, eliminante la bezonon transporti la produktadon al fabriko.<\/li>    <li>\u0108iutaga prilabora kapacito plii\u011dis al 2\u20133 fojojn la anta\u016dan nivelon.<\/li>    <li>Laborkostoj estis signife reduktitaj.<\/li>    <li>La egaleco de la ajloj pliboni\u011dis, rezultigante pli altajn merkatajn prezojn.<\/li> <\/ul>    <p>La kliento raportis, ke la ajla radiko kaj \u015deltran\u0109ilo estas stabila, da\u016drema kaj tre efika. Mallonge, la kliento tre kontenti\u011dis pri nia ekipa\u0135o kaj niaj servoj.<\/p>    <figure class=\"wp-block-gallery has-nested-images columns-default is-cropped wp-block-gallery-4 is-layout-flex wp-block-gallery-is-layout-flex\"> <figure class=\"wp-block-image size-large\"><img loading=\"lazy\" decoding=\"async\" width=\"720\" height=\"540\" data-id=\"475\" src=\"https:\/\/gingermachines.com\/wp-content\/uploads\/2026\/04\/garlic-stem-cutter-machine.webp\" alt=\"La ajla radiko kaj \u015deltran\u0109ilo efike forigas ajlajn \u015delojn, prilaborante 8,000\u201310,000 ajlojn\/h. \u011ci havas kompaktan strukturon kaj estas facile uzebla.\" class=\"wp-image-475\" title=\"\" srcset=\"https:\/\/gingermachines.com\/wp-content\/uploads\/2026\/04\/garlic-stem-cutter-machine.webp 720w, https:\/\/gingermachines.com\/wp-content\/uploads\/2026\/04\/garlic-stem-cutter-machine-300x225.webp 300w, https:\/\/gingermachines.com\/wp-content\/uploads\/2026\/04\/garlic-stem-cutter-machine-16x12.webp 16w\" sizes=\"auto, (max-width: 720px) 100vw, 720px\" \/><figcaption class=\"wp-element-caption\">Ajla \u015deltran\u0109ilo<\/figcaption><\/figure>    <figure class=\"wp-block-image size-large\"><img loading=\"lazy\" decoding=\"async\" width=\"720\" height=\"540\" data-id=\"476\" src=\"https:\/\/gingermachines.com\/wp-content\/uploads\/2026\/04\/garlic-stem-cutter-machine-package.webp\" alt=\"8000-10000 ajloj\/h ajla radiko kaj \u015deltran\u0109ilo\" class=\"wp-image-476\" title=\"\" srcset=\"https:\/\/gingermachines.com\/wp-content\/uploads\/2026\/04\/garlic-stem-cutter-machine-package.webp 720w, https:\/\/gingermachines.com\/wp-content\/uploads\/2026\/04\/garlic-stem-cutter-machine-package-300x225.webp 300w, https:\/\/gingermachines.com\/wp-content\/uploads\/2026\/04\/garlic-stem-cutter-machine-package-16x12.webp 16w\" sizes=\"auto, (max-width: 720px) 100vw, 720px\" \/><figcaption class=\"wp-element-caption\">Ajla \u015delma\u015dino pakumo<\/figcaption><\/figure> <\/figure>    <h2 class=\"wp-block-heading\"><strong>Kontaktu nin por libera cita\u0135o!<\/strong><\/h2>    <p class=\"translation-block\">Krom ajla radiko kaj \u015deltran\u0109ilo, ni anka\u016d ofertas prilaborajn ekipa\u0135ojn por aliaj radikaj kaj tuberaj kultiva\u0135oj, kiel <a href=\"https:\/\/gingermachines.com\/eo\/product\/onion-root-cutting-machine\/\">cepa radiko tran\u0109ilo<\/a> kaj <a href=\"https:\/\/gingermachines.com\/eo\/product\/automatic-onion-peeling-machine\/\">cepa \u015delma\u015dino<\/a>.<\/p>    <p>Se vi ser\u0109as tian ekipa\u0135on, ne hezitu kontakti nin por pliaj detaloj!<\/p>","protected":false},"excerpt":{"rendered":"<p>The RYL-1000 garlic root and stem cutting machine is a highly efficient device designed for removing the roots and stems of garlic bulbs, capable of processing 8,000 to 10,000 bulbs per hour. It supports dual-voltage operation (48V and 220V), combining energy efficiency with high production capacity.<\/p>","protected":false},"author":1,"featured_media":468,"parent":0,"template":"","tags":[13],"product-type":[6],"class_list":["post-466","product","type-product","status-publish","has-post-thumbnail","hentry","tag-garlic","product-type-products"],"_links":{"self":[{"href":"https:\/\/gingermachines.com\/eo\/wp-json\/wp\/v2\/product\/466","targetHints":{"allow":["GET"]}}],"collection":[{"href":"https:\/\/gingermachines.com\/eo\/wp-json\/wp\/v2\/product"}],"about":[{"href":"https:\/\/gingermachines.com\/eo\/wp-json\/wp\/v2\/types\/product"}],"author":[{"embeddable":true,"href":"https:\/\/gingermachines.com\/eo\/wp-json\/wp\/v2\/users\/1"}],"wp:featuredmedia":[{"embeddable":true,"href":"https:\/\/gingermachines.com\/eo\/wp-json\/wp\/v2\/media\/468"}],"wp:attachment":[{"href":"https:\/\/gingermachines.com\/eo\/wp-json\/wp\/v2\/media?parent=466"}],"wp:term":[{"taxonomy":"post_tag","embeddable":true,"href":"https:\/\/gingermachines.com\/eo\/wp-json\/wp\/v2\/tags?post=466"},{"taxonomy":"product-type","embeddable":true,"href":"https:\/\/gingermachines.com\/eo\/wp-json\/wp\/v2\/product-type?post=466"}],"curies":[{"name":"wp","href":"https:\/\/api.w.org\/{rel}","templated":true}]}}