{"id":432,"date":"2026-03-20T14:45:22","date_gmt":"2026-03-20T06:45:22","guid":{"rendered":"https:\/\/gingermachines.com\/?post_type=product&#038;p=432"},"modified":"2026-03-20T15:01:39","modified_gmt":"2026-03-20T07:01:39","slug":"onion-powder-packaging-machine","status":"publish","type":"product","link":"https:\/\/gingermachines.com\/eo\/product\/onion-powder-packaging-machine\/","title":{"rendered":"Cepepaka\u0135ma\u015dino por cepopulvoro"},"content":{"rendered":"<p class=\"translation-block\">Taizy <strong>cepa pulvora paka ma\u015dino<\/strong> estas speciale desegnita por lar\u011da gamo de pulvortaj materialoj. \u011ci integras a\u016dtomatan pezigadon, sakformadon, sigeladon, kaj tran\u0109adon en unu unuo. \u011ci ta\u016dgas por paki produktojn kiel cepa pulvoro, faruno, soja pulvoro, sezama pasto, soja lakta pulvoro, kaj diversaj spicaj pulvora\u0135oj.<\/p>    <p>Nia cepa pulvora pleniga ma\u015dino kombinas altan efikecon kun escepta precizeco, atingante paka\u0135rapidecojn de 20-80pakoj\/min kun paka\u011da gamo de 0 \u011dis 600g. \u0108i tiu ekipa\u0135o subtenas diversajn sigelajn stilojn \u2014 inkluzive malanta\u016dajn sigelojn, tri-flankajn sigelojn, kaj kvar-flankajn sigelojn. \u011ci povas plenumi lar\u011dan gamon de paka\u0135postuloj.<\/p>    <figure class=\"wp-block-embed is-type-video is-provider-youtube wp-block-embed-youtube wp-embed-aspect-16-9 wp-has-aspect-ratio\"><div class=\"wp-block-embed__wrapper\"> <iframe loading=\"lazy\" title=\"A\u016dtomata cepa pulvora paka ma\u015dino | Pulvora pleniga kaj paka ma\u015dino por man\u011da\u0135a planto\" width=\"500\" height=\"281\" src=\"https:\/\/www.youtube.com\/embed\/kAALPzVGfJ4?feature=oembed\" frameborder=\"0\" allow=\"accelerometer; autoplay; clipboard-write; encrypted-media; gyroscope; picture-in-picture; web-share\" referrerpolicy=\"strict-origin-when-cross-origin\" allowfullscreen><\/iframe> <\/div><figcaption class=\"wp-element-caption\">laborvideo de la cepa pulvora pleniga ma\u015dino<\/figcaption><\/figure>    <h2 class=\"wp-block-heading\"><strong>\u0108efaj avanta\u011doj de cepa pulvora paka ma\u015dino<\/strong><\/h2>    <p class=\"translation-block\"><strong>1. Rustorezista \u015dtofa konstruo<\/strong><\/p>    <p>La tuta ma\u015dino estas konstruita el 304 rustorezista \u015dtofo, ofertante bonegan koroda reziston kaj facilecon de purigado; \u011di kongruas kun sanitaraj normoj por man\u011da\u0135a prilaborado kaj ta\u016dgas por uzo en lar\u011da gamo de produktaj medioj.<\/p>    <p class=\"translation-block\"><strong>2. Inteligenta kontrolsistemo<\/strong><\/p>    <p>Nia cepa pulvora paka ma\u015dino havas progresintan mikrokomputilan \u0109ip kontrolsistemon kaj estas ekipita per 5-cola LCD-ekrano:<\/p>    <ul class=\"wp-block-list\"> <li>La operacia interfaco estas intuicia kaj uzantamika<\/li>    <li>Parametro-konfiguro estas facila kaj senpeniga<\/li>    <li>La operacia stato estas klare videbla en unu rigardo<\/li>    <li>\u011ci signife reduktas operacian kompleksecon<\/li> <\/ul>    <p class=\"translation-block\"><strong>3. Alta precizeco elektro-optika spurado sistemo<\/strong><\/p>    <p>\u0108i tiu cepa pulvora paka ma\u015dino estas ekipita per a\u016dtomata fotela detekta sistemo, ebligante:<\/p>    <ul class=\"wp-block-list\"> <li>Preciza poziciigo<\/li>    <li>A\u016dtomata sigelado kaj tran\u0109ado<\/li>    <li>Da\u016dra kaj stabila operacio<\/li>    <li>Plibonigi paka\u0135an precizecon kaj produkto-konstantecon<\/li> <\/ul>    <p class=\"translation-block\"><strong>4. Fleksaj elektoj de trajtoj<\/strong><\/p>    <p>Depende de specifaj produktaj postuloj, la jenaj opcioj estas haveblaj:<\/p>    <ul class=\"wp-block-list\"> <li>Kodigo ma\u015dino<\/li>    <li>\u0109eno-paka aparato<\/li>    <li>Facila-tear not\u0109eno dezajno<\/li>    <li>Ronda angulo tran\u0109ado<\/li>    <li>Aero-elsavi a\u016d gaso-inflacio aparato<\/li> <\/ul>   <div class=\"wp-block-image\"> <figure class=\"aligncenter size-full\"><img loading=\"lazy\" decoding=\"async\" width=\"720\" height=\"540\" src=\"https:\/\/gingermachines.com\/wp-content\/uploads\/2026\/03\/onion-powder-packaging-machine-1.webp\" alt=\"cepa pulvora paka ma\u015dino\" class=\"wp-image-434\" title=\"\" srcset=\"https:\/\/gingermachines.com\/wp-content\/uploads\/2026\/03\/onion-powder-packaging-machine-1.webp 720w, https:\/\/gingermachines.com\/wp-content\/uploads\/2026\/03\/onion-powder-packaging-machine-1-300x225.webp 300w, https:\/\/gingermachines.com\/wp-content\/uploads\/2026\/03\/onion-powder-packaging-machine-1-16x12.webp 16w\" sizes=\"auto, (max-width: 720px) 100vw, 720px\" \/><figcaption class=\"wp-element-caption\">cepa pulvora paka ma\u015dino<\/figcaption><\/figure> <\/div>   <h2 class=\"wp-block-heading\"><strong>Kie estas uzataj cepaj paka ma\u015dinoj?<\/strong><\/h2>    <p>Nia cepa pulvora paka ma\u015dino povas esti uzata por paki lar\u011dan gamon de pulvortaj ingrediencoj, kiel faruno, lakta pulvoro, pipro, chili pulvoro, lavma\u015dina detergento, kakao pulvoro, ginger pulvoro, spicaj pulvora\u0135oj, kaj pli.<\/p>    <p>Nia cepa pulvora paka ma\u015dino ta\u016dgas por paki lar\u011dan gamon de pulvortaj ingrediencoj, kiel faruno, lakta pulvoro, pipro, chili pulvoro, lavma\u015dina detergento, kakao pulvoro, ginger pulvoro, spicaj miksa\u0135oj, kaj pli.<\/p>   <div class=\"wp-block-image\"> <figure class=\"aligncenter size-full\"><img loading=\"lazy\" decoding=\"async\" width=\"720\" height=\"540\" src=\"https:\/\/gingermachines.com\/wp-content\/uploads\/2026\/03\/application-of-powder-packaging-machine.webp\" alt=\"Apliko de pulvora paka ma\u015dino\" class=\"wp-image-435\" title=\"\" srcset=\"https:\/\/gingermachines.com\/wp-content\/uploads\/2026\/03\/application-of-powder-packaging-machine.webp 720w, https:\/\/gingermachines.com\/wp-content\/uploads\/2026\/03\/application-of-powder-packaging-machine-300x225.webp 300w, https:\/\/gingermachines.com\/wp-content\/uploads\/2026\/03\/application-of-powder-packaging-machine-16x12.webp 16w\" sizes=\"auto, (max-width: 720px) 100vw, 720px\" \/><figcaption class=\"wp-element-caption\">Apliko de la pulvora paka ma\u015dino<\/figcaption><\/figure> <\/div>   <p>\u0108i tiu pulvora pleniga ma\u015dino estas ofte uzata en la sekvaj sektoroj:<\/p>    <ul class=\"wp-block-list\"> <li>Man\u011da\u0135a prilaborado industrio<\/li>    <li>Spicego produktado industrio<\/li>    <li>Dumindustrio de \u0109iutagaj kemia\u0135oj<\/li>    <li>Kemiajindustrio<\/li> <\/ul>    <h2 class=\"wp-block-heading\"><strong>Parametro de la cepa pulvora pleniga ma\u015dino<\/strong><\/h2>    <p>Ni proponas du disponeblajn modelojn: la TZ-320 kaj la TZ-450. Detalaj specifoj kaj trajtoj estas listigitaj sube por via referenco.<\/p>    <figure class=\"wp-block-table\"><table class=\"has-fixed-layout\"><thead><tr><th>Modelo<\/th><th>TZ-320<\/th><th>TZ-450<\/th><\/tr><\/thead><tbody><tr><td>Pakado stilo<\/td><td>Malanta\u016da sigelo \/ 3-flanka sigelo \/ 4-flanka sigelo<\/td><td>Malanta\u016da sigelo \/ 3-flanka sigelo \/ 4-flanka sigelo<\/td><\/tr><tr><td>Paka\u0135a rapideco<\/td><td>20\u201380pakoj\/min<\/td><td>20\u201380pakoj\/min<\/td><\/tr><tr><td>Potenco<\/td><td>1.8kw<\/td><td>2.2kw<\/td><\/tr><tr><td>Paka pezo<\/td><td>0\u2013200g<\/td><td>\u2264600g<\/td><\/tr><tr><td>Paka\u0135a lar\u011do<\/td><td>20\u2013150mm<\/td><td>20\u2013200mm<\/td><\/tr><tr><td>Paka\u0135a longo<\/td><td>30\u2013180mm<\/td><td>30\u2013180mm<\/td><\/tr><tr><td>Materialo<\/td><td>304 rusta \u015dtalo<\/td><td>304 rusta \u015dtalo<\/td><\/tr><tr><td>Ma\u015dina grandeco<\/td><td>650\u00d71050\u00d71950mm<\/td><td>750\u00d7750\u00d72100mm<\/td><\/tr><tr><td>Pezo de ma\u015dino<\/td><td>250kg<\/td><td>420kg<\/td><\/tr><\/tbody><\/table><figcaption class=\"wp-element-caption\">parametroj de la cepa pulvora paka ma\u015dino<\/figcaption><\/figure>    <h2 class=\"wp-block-heading\"><strong>Strukturo de cepa pulvora paka ma\u015dino<\/strong><\/h2>    <p>\u0108i tiu cepa pulvora paka ma\u015dino havas bone projektitan strukturon. \u011ci \u0109efe konsistas el paka filmo tenilo, ku\u015dejo, tu\u015dekrano, potenca \u015daltilo, sakformilo, a\u016dtomata tran\u0109ado, ktp.<\/p>    <p>Krome, la \u015delo de \u0109i tiu pulvora paka ma\u015dino estas farita el 304 rustorezista \u015dtofo, kiu ne nur estas pura kaj saniga, sed anka\u016d havas longan servoda\u016dron. \u011dia struktura diagramo estas montrita sube:<\/p>    <figure class=\"wp-block-gallery has-nested-images columns-default is-cropped wp-block-gallery-2 is-layout-flex wp-block-gallery-is-layout-flex\"> <figure class=\"wp-block-image size-large\"><img loading=\"lazy\" decoding=\"async\" width=\"540\" height=\"720\" data-id=\"436\" src=\"https:\/\/gingermachines.com\/wp-content\/uploads\/2026\/03\/onion-powder-filling-and-packaging-machine.webp\" alt=\"onion powder filling and packaging machine\" class=\"wp-image-436\" title=\"\" srcset=\"https:\/\/gingermachines.com\/wp-content\/uploads\/2026\/03\/onion-powder-filling-and-packaging-machine.webp 540w, https:\/\/gingermachines.com\/wp-content\/uploads\/2026\/03\/onion-powder-filling-and-packaging-machine-225x300.webp 225w, https:\/\/gingermachines.com\/wp-content\/uploads\/2026\/03\/onion-powder-filling-and-packaging-machine-9x12.webp 9w\" sizes=\"auto, (max-width: 540px) 100vw, 540px\" \/><figcaption class=\"wp-element-caption\">Cepa pulvora pleniga kaj paka ma\u015dino<\/figcaption><\/figure>    <figure class=\"wp-block-image size-large\"><img loading=\"lazy\" decoding=\"async\" width=\"540\" height=\"720\" data-id=\"437\" src=\"https:\/\/gingermachines.com\/wp-content\/uploads\/2026\/03\/structure-of-onion-filling-machine.webp\" alt=\"strukturo de cepa pleniga ma\u015dino\" class=\"wp-image-437\" title=\"\" srcset=\"https:\/\/gingermachines.com\/wp-content\/uploads\/2026\/03\/structure-of-onion-filling-machine.webp 540w, https:\/\/gingermachines.com\/wp-content\/uploads\/2026\/03\/structure-of-onion-filling-machine-225x300.webp 225w, https:\/\/gingermachines.com\/wp-content\/uploads\/2026\/03\/structure-of-onion-filling-machine-9x12.webp 9w\" sizes=\"auto, (max-width: 540px) 100vw, 540px\" \/><figcaption class=\"wp-element-caption\">Strukturo de cepa pleniga ma\u015dino<\/figcaption><\/figure> <\/figure>    <h2 class=\"wp-block-heading\"><strong>Pli da tipoj de pulvora paka ma\u015dinoj haveblaj<\/strong><\/h2>    <p>Krom cepa pulvora paka ma\u015dinoj, ni ofertas lar\u011dan gamon de pulvora paka ekipa\u0135o por renkonti diversajn produktajn bezonojn, inkluzive de:<\/p>    <ol class=\"wp-block-list\"> <li>Plata push pulvora paka ma\u015dino<\/li>    <li>Rekta push pulvora paka ma\u015dino<\/li>    <li>Semi-a\u016dtomata pulvora pleniga ma\u015dino<\/li>    <li>Kvanta pulvora pleniga ma\u015dino<\/li> <\/ol>    <figure class=\"wp-block-gallery has-nested-images columns-default is-cropped wp-block-gallery-3 is-layout-flex wp-block-gallery-is-layout-flex\"> <figure class=\"wp-block-image size-large\"><img loading=\"lazy\" decoding=\"async\" width=\"720\" height=\"540\" data-id=\"443\" src=\"https:\/\/gingermachines.com\/wp-content\/uploads\/2026\/03\/flat-push-powder-packaging-machine.webp\" alt=\"flat push powder packaging machine\" class=\"wp-image-443\" title=\"\" srcset=\"https:\/\/gingermachines.com\/wp-content\/uploads\/2026\/03\/flat-push-powder-packaging-machine.webp 720w, https:\/\/gingermachines.com\/wp-content\/uploads\/2026\/03\/flat-push-powder-packaging-machine-300x225.webp 300w, https:\/\/gingermachines.com\/wp-content\/uploads\/2026\/03\/flat-push-powder-packaging-machine-16x12.webp 16w\" sizes=\"auto, (max-width: 720px) 100vw, 720px\" \/><figcaption class=\"wp-element-caption\">Plata Push Pulvora Paka Ma\u015dino<\/figcaption><\/figure>    <figure class=\"wp-block-image size-large\"><img loading=\"lazy\" decoding=\"async\" width=\"720\" height=\"540\" data-id=\"442\" src=\"https:\/\/gingermachines.com\/wp-content\/uploads\/2026\/03\/direct-push-powder-packer-machine.webp\" alt=\"direct push powder packer machine\" class=\"wp-image-442\" title=\"\" srcset=\"https:\/\/gingermachines.com\/wp-content\/uploads\/2026\/03\/direct-push-powder-packer-machine.webp 720w, https:\/\/gingermachines.com\/wp-content\/uploads\/2026\/03\/direct-push-powder-packer-machine-300x225.webp 300w, https:\/\/gingermachines.com\/wp-content\/uploads\/2026\/03\/direct-push-powder-packer-machine-16x12.webp 16w\" sizes=\"auto, (max-width: 720px) 100vw, 720px\" \/><figcaption class=\"wp-element-caption\">Rekta Pus\u0125a Pulvora Paka Ma\u015dino<\/figcaption><\/figure> <\/figure>    <figure class=\"wp-block-gallery has-nested-images columns-default is-cropped wp-block-gallery-4 is-layout-flex wp-block-gallery-is-layout-flex\"> <figure class=\"wp-block-image size-large\"><img loading=\"lazy\" decoding=\"async\" width=\"720\" height=\"540\" data-id=\"445\" src=\"https:\/\/gingermachines.com\/wp-content\/uploads\/2026\/03\/semi-automatic-powder-filling-machine.webp\" alt=\"semi-automatic powder filling machine\" class=\"wp-image-445\" title=\"\" srcset=\"https:\/\/gingermachines.com\/wp-content\/uploads\/2026\/03\/semi-automatic-powder-filling-machine.webp 720w, https:\/\/gingermachines.com\/wp-content\/uploads\/2026\/03\/semi-automatic-powder-filling-machine-300x225.webp 300w, https:\/\/gingermachines.com\/wp-content\/uploads\/2026\/03\/semi-automatic-powder-filling-machine-16x12.webp 16w\" sizes=\"auto, (max-width: 720px) 100vw, 720px\" \/><figcaption class=\"wp-element-caption\">Semi-A\u016dtomata Pulvora Pleniga Ma\u015dino<\/figcaption><\/figure>    <figure class=\"wp-block-image size-large\"><img loading=\"lazy\" decoding=\"async\" width=\"720\" height=\"540\" data-id=\"444\" src=\"https:\/\/gingermachines.com\/wp-content\/uploads\/2026\/03\/quantitative-powder-filling-machine.webp\" alt=\"quantitative powder filling machine\" class=\"wp-image-444\" title=\"\" srcset=\"https:\/\/gingermachines.com\/wp-content\/uploads\/2026\/03\/quantitative-powder-filling-machine.webp 720w, https:\/\/gingermachines.com\/wp-content\/uploads\/2026\/03\/quantitative-powder-filling-machine-300x225.webp 300w, https:\/\/gingermachines.com\/wp-content\/uploads\/2026\/03\/quantitative-powder-filling-machine-16x12.webp 16w\" sizes=\"auto, (max-width: 720px) 100vw, 720px\" \/><figcaption class=\"wp-element-caption\">Kvanta Pulvora Pleniga Ma\u015dino<\/figcaption><\/figure> <\/figure>    <h2 class=\"wp-block-heading\"><strong>Prezo de cepa pleniga kaj paka ma\u015dino<\/strong><\/h2>    <p>La prezo de cepa pulvora paka ma\u015dino varias la\u016d faktoroj kiel ekipa\u0135a modelo, grado de a\u016dtomatigo, bezonata produktado, kaj specifaj konfiguraj trajtoj. \u011cenerale, la merkata pulvora paka ekipa\u0135o ampleksas lar\u011dan prezzarojn; tial, kiam vi elektas, gravas ali\u011di al viaj realaj produktaj postuloj.<\/p>    <figure class=\"wp-block-gallery has-nested-images columns-default is-cropped wp-block-gallery-5 is-layout-flex wp-block-gallery-is-layout-flex\"> <figure class=\"wp-block-image size-large\"><img loading=\"lazy\" decoding=\"async\" width=\"540\" height=\"720\" data-id=\"438\" src=\"https:\/\/gingermachines.com\/wp-content\/uploads\/2026\/03\/onion-powder-filling-equipment.webp\" alt=\"cepa pulvora pleniga ekipa\u0135o\" class=\"wp-image-438\" title=\"\" srcset=\"https:\/\/gingermachines.com\/wp-content\/uploads\/2026\/03\/onion-powder-filling-equipment.webp 540w, https:\/\/gingermachines.com\/wp-content\/uploads\/2026\/03\/onion-powder-filling-equipment-225x300.webp 225w, https:\/\/gingermachines.com\/wp-content\/uploads\/2026\/03\/onion-powder-filling-equipment-9x12.webp 9w\" sizes=\"auto, (max-width: 540px) 100vw, 540px\" \/><figcaption class=\"wp-element-caption\">Cepa Pulvora Pleniga Ekipa\u0135o<\/figcaption><\/figure>    <figure class=\"wp-block-image size-large\"><img loading=\"lazy\" decoding=\"async\" width=\"540\" height=\"720\" data-id=\"439\" src=\"https:\/\/gingermachines.com\/wp-content\/uploads\/2026\/03\/onion-powder-packaging-equipment.webp\" alt=\"cepa pulvoro pakma\u015dino\" class=\"wp-image-439\" title=\"\" srcset=\"https:\/\/gingermachines.com\/wp-content\/uploads\/2026\/03\/onion-powder-packaging-equipment.webp 540w, https:\/\/gingermachines.com\/wp-content\/uploads\/2026\/03\/onion-powder-packaging-equipment-225x300.webp 225w, https:\/\/gingermachines.com\/wp-content\/uploads\/2026\/03\/onion-powder-packaging-equipment-9x12.webp 9w\" sizes=\"auto, (max-width: 540px) 100vw, 540px\" \/><figcaption class=\"wp-element-caption\">Cepa Pulvora Paka Ekipa\u0135o<\/figcaption><\/figure>    <figure class=\"wp-block-image size-large\"><img loading=\"lazy\" decoding=\"async\" width=\"540\" height=\"720\" data-id=\"440\" src=\"https:\/\/gingermachines.com\/wp-content\/uploads\/2026\/03\/onion-powder-packing-machine.webp\" alt=\"onion powder packing machine\" class=\"wp-image-440\" title=\"\" srcset=\"https:\/\/gingermachines.com\/wp-content\/uploads\/2026\/03\/onion-powder-packing-machine.webp 540w, https:\/\/gingermachines.com\/wp-content\/uploads\/2026\/03\/onion-powder-packing-machine-225x300.webp 225w, https:\/\/gingermachines.com\/wp-content\/uploads\/2026\/03\/onion-powder-packing-machine-9x12.webp 9w\" sizes=\"auto, (max-width: 540px) 100vw, 540px\" \/><figcaption class=\"wp-element-caption\">Cepa pulvoro pakado ma\u015dino<\/figcaption><\/figure> <\/figure>    <h2 class=\"wp-block-heading\"><strong>Kontaktu nin hodia\u016d!<\/strong><\/h2>    <p class=\"translation-block\">Ni ne nur provizas la profesian cepan pulvoran paka ma\u015dinon, sed anka\u016d ofertas aliajn cepajn prilaborajn ekipa\u0135ojn, kiel <a href=\"https:\/\/gingermachines.com\/eo\/product\/automatic-onion-peeling-machine\/\">cep\u015delma\u015dino<\/a> kaj <a href=\"https:\/\/gingermachines.com\/eo\/product\/onion-powder-making-machine\/\">ceppulvora muelma\u015dino<\/a>. Se vi havas iujn postulojn, bonvolu kontakti nin iam ajn por ricevi personigitan solvon kaj la plej novan cita\u0135on!<\/p>","protected":false},"excerpt":{"rendered":"<p>Taizy onion powder packaging machine can be used to package onion powder, ginger powder, pepper, chili powder, flour, laundry detergent, and other similar products. It features a packaging speed of 20\u201380 bags per minute and a packaging weight range of 0\u2013600g.<\/p>","protected":false},"author":1,"featured_media":441,"parent":0,"template":"","tags":[9],"product-type":[6],"class_list":["post-432","product","type-product","status-publish","has-post-thumbnail","hentry","tag-onion","product-type-products"],"_links":{"self":[{"href":"https:\/\/gingermachines.com\/eo\/wp-json\/wp\/v2\/product\/432","targetHints":{"allow":["GET"]}}],"collection":[{"href":"https:\/\/gingermachines.com\/eo\/wp-json\/wp\/v2\/product"}],"about":[{"href":"https:\/\/gingermachines.com\/eo\/wp-json\/wp\/v2\/types\/product"}],"author":[{"embeddable":true,"href":"https:\/\/gingermachines.com\/eo\/wp-json\/wp\/v2\/users\/1"}],"wp:featuredmedia":[{"embeddable":true,"href":"https:\/\/gingermachines.com\/eo\/wp-json\/wp\/v2\/media\/441"}],"wp:attachment":[{"href":"https:\/\/gingermachines.com\/eo\/wp-json\/wp\/v2\/media?parent=432"}],"wp:term":[{"taxonomy":"post_tag","embeddable":true,"href":"https:\/\/gingermachines.com\/eo\/wp-json\/wp\/v2\/tags?post=432"},{"taxonomy":"product-type","embeddable":true,"href":"https:\/\/gingermachines.com\/eo\/wp-json\/wp\/v2\/product-type?post=432"}],"curies":[{"name":"wp","href":"https:\/\/api.w.org\/{rel}","templated":true}]}}