{"id":414,"date":"2026-03-18T16:48:58","date_gmt":"2026-03-18T08:48:58","guid":{"rendered":"https:\/\/gingermachines.com\/?post_type=product&#038;p=414"},"modified":"2026-03-18T16:51:32","modified_gmt":"2026-03-18T08:51:32","slug":"onion-powder-making-machine","status":"publish","type":"product","link":"https:\/\/gingermachines.com\/eo\/product\/onion-powder-making-machine\/","title":{"rendered":"Ceplpulvora ma\u015dino por fari cepan pulvoro"},"content":{"rendered":"<p class=\"translation-block\">La <strong>cejo polvo farma ma\u015dino<\/strong> estas tre efika ma\u015dino speciale desegnita por mueli sekanjn cepojn en finan polvo. La fino konsistante inter 20 kaj 120 mretoj. \u011ci anka\u016d povas prilabori sengradajn materialojn, inkluzive maizo, faruno, spicoj, kafaj faboj, \u0109ilioj, zingeroj kaj blanka suker.<\/p>    <p>Ni ofertas aron de cep polvo farma ma\u015dino modeloj kun eligoj \u011dis 1,500 kg hore, por kontentigi produktkontrakto de malsamaj skaloj. Se vi interesigeblas pri \u0109i ma\u015dino, bonvolu kontakti nin por pliaj detaloj!<\/p>    <h2 class=\"wp-block-heading\"><strong>Kio faras Taizy cep polvo muelilo elstara?<\/strong><\/h2>    <p class=\"translation-block\"><strong>1. Lar\u011da aplika\u0135aro<\/strong><\/p>    <p>Nia cejo polvo farma ma\u015dino estas ta\u016dga ne nur por prilaborado de cep polvo, sed povas anka\u016d pritrakti grandan varion de sekaj materialoj, inkluzive:<\/p>    <ul class=\"wp-block-list\"> <li>Grandoj: Maizo, faruno<\/li>    <li>Spicoj: \u0108ili, zingero, spicoj<\/li>    <li>aliaj: Coffe-faruno, sukero<\/li> <\/ul>    <p>Tiu \u0109i ebligas multuzan funkciadon, donante al ilaro-utiligon pli efikan.<\/p>    <p class=\"translation-block\"><strong>2. Alta produktadcelo, adaptita al diversaj produktoregioj<\/strong><\/p>    <p>Taizy cejo polvo muelilo ofertas grandan produkta kapaciton de 10 kg\/h \u011dis 1,500 kg\/h, ta\u016dga por malgrandaj pretigcentroj kaj grandaj kontinua\u0135aj produktadpostuloj.<\/p>    <p class=\"translation-block\"><strong>3. Regulebla polvo-fineco, stabila kvalito<\/strong><\/p>    <p>La fino fino de la produkto estas 20 \u011dis 120 mretoj. Tiu limumo povas esti adaptilita la\u016d la specifaj postuloj de malsamaj produktoj, tiel certigante uniforman kaj finecan polvo-similecon kaj plilongigante la son.<\/p>    <p class=\"translation-block\"><strong>4. Man\u011da-stila rusta \u015dtalo materialo, sekura kaj da\u016drema<\/strong><\/p>    <p>\u0108i tiu cep polvo muelilo estas farita tute el SUS 304 rusta \u015dtalo kaj havas jenajn karakteriza\u0135ojn:<\/p>    <ul class=\"wp-block-list\"> <li>\u011ci ne kemie reagas kun la prilaborataj materialoj, tial konforma al man\u011da\u0135sekurecaj normoj.<\/li>    <li>\u011ci montras fortan korroen reziston.<\/li>    <li>\u011ci havas fortan strukturon, garantiante longan servokvanton.<\/li> <\/ul>    <figure class=\"wp-block-gallery has-nested-images columns-default is-cropped wp-block-gallery-2 is-layout-flex wp-block-gallery-is-layout-flex\"> <figure class=\"wp-block-image size-large\"><img loading=\"lazy\" decoding=\"async\" width=\"540\" height=\"720\" data-id=\"415\" src=\"https:\/\/gingermachines.com\/wp-content\/uploads\/2026\/03\/onion-powder-grinder-machine.webp\" alt=\"onion powder grinder machine\" class=\"wp-image-415\" title=\"\" srcset=\"https:\/\/gingermachines.com\/wp-content\/uploads\/2026\/03\/onion-powder-grinder-machine.webp 540w, https:\/\/gingermachines.com\/wp-content\/uploads\/2026\/03\/onion-powder-grinder-machine-225x300.webp 225w, https:\/\/gingermachines.com\/wp-content\/uploads\/2026\/03\/onion-powder-grinder-machine-9x12.webp 9w\" sizes=\"auto, (max-width: 540px) 100vw, 540px\" \/><figcaption class=\"wp-element-caption\">Cejo-Pulvormasino<\/figcaption><\/figure>    <figure class=\"wp-block-image size-large\"><img loading=\"lazy\" decoding=\"async\" width=\"540\" height=\"720\" data-id=\"416\" src=\"https:\/\/gingermachines.com\/wp-content\/uploads\/2026\/03\/onion-powder-milling-machine.webp\" alt=\"cepa pulvoro muelma\u015dino\" class=\"wp-image-416\" title=\"\" srcset=\"https:\/\/gingermachines.com\/wp-content\/uploads\/2026\/03\/onion-powder-milling-machine.webp 540w, https:\/\/gingermachines.com\/wp-content\/uploads\/2026\/03\/onion-powder-milling-machine-225x300.webp 225w, https:\/\/gingermachines.com\/wp-content\/uploads\/2026\/03\/onion-powder-milling-machine-9x12.webp 9w\" sizes=\"auto, (max-width: 540px) 100vw, 540px\" \/><figcaption class=\"wp-element-caption\">Cepopo Muela Ma\u015dino<\/figcaption><\/figure>    <figure class=\"wp-block-image size-large\"><img loading=\"lazy\" decoding=\"async\" width=\"540\" height=\"720\" data-id=\"417\" src=\"https:\/\/gingermachines.com\/wp-content\/uploads\/2026\/03\/stainless-steel-onion-powder-grinding-machine.webp\" alt=\"stainless steel onion powder grinding machine\" class=\"wp-image-417\" title=\"\" srcset=\"https:\/\/gingermachines.com\/wp-content\/uploads\/2026\/03\/stainless-steel-onion-powder-grinding-machine.webp 540w, https:\/\/gingermachines.com\/wp-content\/uploads\/2026\/03\/stainless-steel-onion-powder-grinding-machine-225x300.webp 225w, https:\/\/gingermachines.com\/wp-content\/uploads\/2026\/03\/stainless-steel-onion-powder-grinding-machine-9x12.webp 9w\" sizes=\"auto, (max-width: 540px) 100vw, 540px\" \/><figcaption class=\"wp-element-caption\">Rusta\u015dtala Cejo-\u015dmoleto-Pulva Ma\u015dino<\/figcaption><\/figure> <\/figure>    <h2 class=\"wp-block-heading\"><strong>Kio cejo polvo farma ma\u015dino povas procezi?<\/strong><\/h2>    <p>Nia rusta \u015dtala cejo polvo muelilo estas kapabla prilabori vastan varion de materialoj, inkluzive cepojn, zingerojn, fi\u011dojn, granojn, maizo, fabojn, sukeron, salo, spicojn, kakao-nukleojn, kaj pli. \u0108i tiu ma\u015dino ofte estas uzata en la sekvaj medioj:<\/p>    <ul class=\"wp-block-list\"> <li>Spice-pretigaj fervojoj<\/li>    <li>Pliimpostaj entreprenoj pri nutra\u0135o<\/li>    <li>Ajikaj produktoj profundakatko projektoj<\/li>    <li>Spico- kaj herbo polvo produktado<\/li> <\/ul>    <figure class=\"wp-block-gallery has-nested-images columns-default is-cropped wp-block-gallery-3 is-layout-flex wp-block-gallery-is-layout-flex\"> <figure class=\"wp-block-image size-large\"><img loading=\"lazy\" decoding=\"async\" width=\"720\" height=\"540\" data-id=\"426\" src=\"https:\/\/gingermachines.com\/wp-content\/uploads\/2026\/03\/application-of-dried-onion-grinder.webp\" alt=\"application of dried onion grinder\" class=\"wp-image-426\" title=\"\" srcset=\"https:\/\/gingermachines.com\/wp-content\/uploads\/2026\/03\/application-of-dried-onion-grinder.webp 720w, https:\/\/gingermachines.com\/wp-content\/uploads\/2026\/03\/application-of-dried-onion-grinder-300x225.webp 300w, https:\/\/gingermachines.com\/wp-content\/uploads\/2026\/03\/application-of-dried-onion-grinder-16x12.webp 16w\" sizes=\"auto, (max-width: 720px) 100vw, 720px\" \/><figcaption class=\"wp-element-caption\">Apliko de seka cepa muelilo<\/figcaption><\/figure>    <figure class=\"wp-block-image size-large\"><img loading=\"lazy\" decoding=\"async\" width=\"720\" height=\"540\" data-id=\"427\" src=\"https:\/\/gingermachines.com\/wp-content\/uploads\/2026\/03\/application-of-dried-onion-grinding-machine.webp\" alt=\"application of dried onion grinding machine\" class=\"wp-image-427\" title=\"\" srcset=\"https:\/\/gingermachines.com\/wp-content\/uploads\/2026\/03\/application-of-dried-onion-grinding-machine.webp 720w, https:\/\/gingermachines.com\/wp-content\/uploads\/2026\/03\/application-of-dried-onion-grinding-machine-300x225.webp 300w, https:\/\/gingermachines.com\/wp-content\/uploads\/2026\/03\/application-of-dried-onion-grinding-machine-16x12.webp 16w\" sizes=\"auto, (max-width: 720px) 100vw, 720px\" \/><figcaption class=\"wp-element-caption\">Apliko de seka cepa muelo-ma\u015dino<\/figcaption><\/figure> <\/figure>    <h2 class=\"wp-block-heading\"><strong>Strukturaj kunmeta\u0135oj de cepa muelilo<\/strong><\/h2>    <p>\u0108i tiu rusta \u015dtala cep polvo farma ma\u015dino havas simplan tamen bonece strukturitan tutson kaj facilan laboron. \u011ciaj \u0109efaj komponantoj inkluzivas:<\/p>    <ul class=\"wp-block-list\"> <li>-feed inlet: desegnita por egala enigo de materialoj, plialtigas prilaborada\u0135an efikecon.<\/li>    <li>Speed \u200b\u200bcontrol mechanism: Allows for the adjustment of the equipment&#8217;s operating speed.<\/li>    <li>Surprena \u0109ambro: La \u0109efa laborzono respondas pri la rapidmuelo de la materialoj.<\/li>    <li>Renkad-kru\u0109a \u015dar\u011do: Sekurigu gravajn komponantojn, certigante stabilan funkciadon.<\/li>    <li>Potenca \u015daltilo: Regas la komencadon kaj haltigon de la ma\u015dino, ofertante sekuran kaj oportan operacion.<\/li>    <li>Eligo-fonto: faciligas rapidan for\u0135eton de la fina polvo.<\/li> <\/ul>    <p>Kun \u011dia kompakta strukturo, facila uzo kaj facila prizorgo, \u0109i tiu ma\u015dino estas ideala por kontinua produktado.<\/p>   <div class=\"wp-block-image\"> <figure class=\"aligncenter size-full\"><img loading=\"lazy\" decoding=\"async\" width=\"720\" height=\"540\" src=\"https:\/\/gingermachines.com\/wp-content\/uploads\/2026\/03\/structure-of-dried-onion-grinding-machine.webp\" alt=\"strukturo de seka cepa muelilo\" class=\"wp-image-418\" title=\"\" srcset=\"https:\/\/gingermachines.com\/wp-content\/uploads\/2026\/03\/structure-of-dried-onion-grinding-machine.webp 720w, https:\/\/gingermachines.com\/wp-content\/uploads\/2026\/03\/structure-of-dried-onion-grinding-machine-300x225.webp 300w, https:\/\/gingermachines.com\/wp-content\/uploads\/2026\/03\/structure-of-dried-onion-grinding-machine-16x12.webp 16w\" sizes=\"auto, (max-width: 720px) 100vw, 720px\" \/><figcaption class=\"wp-element-caption\">strukturo de seka cepa muelilo<\/figcaption><\/figure> <\/div>   <h2 class=\"wp-block-heading\"><strong>Teknikaj parametroj de cejo polvo farma ma\u015dino<\/strong><\/h2>    <p>Anta\u016d elekti iun ajn specifan ekipa\u0135an modelon, gravas kompreni la diferencojn inter la diveraj modeloj rilate al eligo, potenclaboro, kaj fini producto finado. Detalaj informoj estas donitaj sube por via referenco: GUIDO:<\/p>    <figure class=\"wp-block-table\"><table class=\"has-fixed-layout\"><thead><tr><th>Modelo<\/th><th>15B<\/th><th>20B<\/th><th>30B<\/th><th>40B<\/th><th>50B<\/th><\/tr><\/thead><tbody><tr><td>Materialo<\/td><td>SUS 304<\/td><td>SUS 304<\/td><td>SUS 304<\/td><td>SUS 304<\/td><td>SUS 304<\/td><\/tr><tr><td>Potenco<\/td><td>2.2kw<\/td><td>4kW<\/td><td>7.5kw<\/td><td>11kW<\/td><td>18.5kW<\/td><\/tr><tr><td>Ruli\u011da rapido<\/td><td>6000r\/m<\/td><td>4500r\/m<\/td><td>3800r\/m<\/td><td>3400r\/m<\/td><td>3200r\/m<\/td><\/tr><tr><td>Materiala grandeco<\/td><td>&lt;8mm<\/td><td>&lt;8mm<\/td><td>&lt;10mm<\/td><td>&lt;12mm<\/td><td>&lt;14mm<\/td><\/tr><tr><td>Kapacito<\/td><td>10-60kg\/h<\/td><td>60-150kg\/h<\/td><td>100-300kg\/h<\/td><td>160-800kg\/h<\/td><td>500-1500 kg\/h<\/td><\/tr><tr><td>Fina\u0135o<\/td><td>20-120 mesh<\/td><td>20-120 mesh<\/td><td>20-120 mesh<\/td><td>20-120 mesh<\/td><td>20-120 mesh<\/td><\/tr><tr><td>Pezo<\/td><td>150kg<\/td><td>280kg<\/td><td>340kg<\/td><td>450kg<\/td><td>530kg<\/td><\/tr><\/tbody><\/table><figcaption class=\"wp-element-caption\">parametroj de cejo polvo muelilo<\/figcaption><\/figure>    <h2 class=\"wp-block-heading\"><strong>Kiel multekas cepa muela ma\u015dino?<\/strong><\/h2>    <p>La \u011denerala preza gamo por cejola polvo farma ma\u015dino kutime situas inter 2,000 USD kaj 10,000 USD; la specifa prezo dependas de la prawma modelo de la ekipa\u0135o, produktokapacito kaj agordo. \u0108efaj faktoroj influantaj la prezon inkluzivas:<\/p>    <ul class=\"wp-block-list\"> <li><strong>Produktokapacito<\/strong>: Pli alta produktokapacito rezultigas pli altan ekipa\u0135an prezon.<\/li>    <li><strong>Motora povo<\/strong>: Pli granda motor-povo kondukas al pli alta kosto.<\/li>    <li><strong>Materialaj normoj<\/strong>: E\u016dtpo\u015de de man\u011da\u011dita rusta \u015dtalo estas pli multekosta ol kun normaj materialoj.<\/li>    <li><strong>Mezuma polvo fino postuloj<\/strong>: Altkvalitaj sifre\u0109iloj kaj adaptilaj sistemoj \u015dar\u011das al la \u011denerala kosto.<\/li> <\/ul>    <figure class=\"wp-block-gallery has-nested-images columns-default is-cropped wp-block-gallery-4 is-layout-flex wp-block-gallery-is-layout-flex\"> <figure class=\"wp-block-image size-large\"><img loading=\"lazy\" decoding=\"async\" width=\"720\" height=\"540\" data-id=\"419\" src=\"https:\/\/gingermachines.com\/wp-content\/uploads\/2026\/03\/onion-powder-grinder.webp\" alt=\"cep polvo muelilo\" class=\"wp-image-419\" title=\"\" srcset=\"https:\/\/gingermachines.com\/wp-content\/uploads\/2026\/03\/onion-powder-grinder.webp 720w, https:\/\/gingermachines.com\/wp-content\/uploads\/2026\/03\/onion-powder-grinder-300x225.webp 300w, https:\/\/gingermachines.com\/wp-content\/uploads\/2026\/03\/onion-powder-grinder-16x12.webp 16w\" sizes=\"auto, (max-width: 720px) 100vw, 720px\" \/><figcaption class=\"wp-element-caption\">Cepo polvo muelilo<\/figcaption><\/figure>    <figure class=\"wp-block-image size-large\"><img loading=\"lazy\" decoding=\"async\" width=\"720\" height=\"540\" data-id=\"420\" src=\"https:\/\/gingermachines.com\/wp-content\/uploads\/2026\/03\/onion-powder-grinding-equipment.webp\" alt=\"cep polvo muelilo\" class=\"wp-image-420\" title=\"\" srcset=\"https:\/\/gingermachines.com\/wp-content\/uploads\/2026\/03\/onion-powder-grinding-equipment.webp 720w, https:\/\/gingermachines.com\/wp-content\/uploads\/2026\/03\/onion-powder-grinding-equipment-300x225.webp 300w, https:\/\/gingermachines.com\/wp-content\/uploads\/2026\/03\/onion-powder-grinding-equipment-16x12.webp 16w\" sizes=\"auto, (max-width: 720px) 100vw, 720px\" \/><figcaption class=\"wp-element-caption\">Cepo polvo muelilo<\/figcaption><\/figure> <\/figure>    <h2 class=\"wp-block-heading\"><strong>Kiel elekti cejo polvo muelilon?<\/strong><\/h2>    <p>Kiam elektas cejo polvo farma ma\u015dinon, rekomendas bazi la elektadon sur la jenaj faktoroj:<\/p>    <ul class=\"wp-block-list\"> <li>Bezonata horuma produkta\u0135o<\/li>    <li>Tipo kaj grandeco de la eniga\u0135oj<\/li>    <li>Bezona finverko de la fini produkto<\/li>    <li>Loko kaj elektroprovizo...<\/li> <\/ul>    <p>Elekti la ta\u016dgan ekipa\u0135an modelon helpas plialtigi produktan efikecon kaj redukti operacajn kostojn.<\/p>   <div class=\"wp-block-image\"> <figure class=\"aligncenter size-full\"><img loading=\"lazy\" decoding=\"async\" width=\"720\" height=\"540\" src=\"https:\/\/gingermachines.com\/wp-content\/uploads\/2026\/03\/onion-powder-making-machine.webp\" alt=\"cejolla polvo farma ma\u015dino\" class=\"wp-image-421\" title=\"\" srcset=\"https:\/\/gingermachines.com\/wp-content\/uploads\/2026\/03\/onion-powder-making-machine.webp 720w, https:\/\/gingermachines.com\/wp-content\/uploads\/2026\/03\/onion-powder-making-machine-300x225.webp 300w, https:\/\/gingermachines.com\/wp-content\/uploads\/2026\/03\/onion-powder-making-machine-16x12.webp 16w\" sizes=\"auto, (max-width: 720px) 100vw, 720px\" \/><figcaption class=\"wp-element-caption\">cejolla polvo farma ma\u015dino<\/figcaption><\/figure> <\/div>   <h2 class=\"wp-block-heading\"><strong>Kontaktu nin por cita\u0135o nun!<\/strong><\/h2>    <p class=\"translation-block\">La cejo polvo farma ma\u015dino estas \u015dlosila ilo por la profundo prilaborado de cepoj. Ni anka\u016d ofertas kompletan serio de cepa prilaborada ekipa\u0135o, inkluzive <a href=\"https:\/\/gingermachines.com\/eo\/product\/automatic-onion-peeling-machine\/\">cep-\u015duado<\/a>, <a href=\"https:\/\/gingermachines.com\/eo\/product\/onion-cutting-machine\/\">cepaj tran\u0109ilo<\/a>, kaj <a href=\"https:\/\/gingermachines.com\/eo\/product\/onion-drying-machine\/\">cep-drykilo<\/a>, por kompleta produktadoprocezo de la\u0135materialoj \u011dis la fina cep polvo.<\/p>    <p>Se vi volas ricevi detalan cita\u0135on, bonvolu kontakti nin iam ajn. Ni donos al vi fakajn rekomendojn pri ekipada agordo la\u016d specifa viaj postuloj.<\/p>","protected":false},"excerpt":{"rendered":"<p>This article primarily introduces our onion powder making machine. Our onion grinder is constructed from stainless steel. It is suitable for processing onions, ginger, chili peppers, grains, and similar products. Its processing capacity ranges from 10 to 1,500 kilograms per hour, producing a finished product with a fineness ranging from 20 to 120 mesh.<\/p>","protected":false},"author":1,"featured_media":425,"parent":0,"template":"","tags":[9],"product-type":[6],"class_list":["post-414","product","type-product","status-publish","has-post-thumbnail","hentry","tag-onion","product-type-products"],"_links":{"self":[{"href":"https:\/\/gingermachines.com\/eo\/wp-json\/wp\/v2\/product\/414","targetHints":{"allow":["GET"]}}],"collection":[{"href":"https:\/\/gingermachines.com\/eo\/wp-json\/wp\/v2\/product"}],"about":[{"href":"https:\/\/gingermachines.com\/eo\/wp-json\/wp\/v2\/types\/product"}],"author":[{"embeddable":true,"href":"https:\/\/gingermachines.com\/eo\/wp-json\/wp\/v2\/users\/1"}],"wp:featuredmedia":[{"embeddable":true,"href":"https:\/\/gingermachines.com\/eo\/wp-json\/wp\/v2\/media\/425"}],"wp:attachment":[{"href":"https:\/\/gingermachines.com\/eo\/wp-json\/wp\/v2\/media?parent=414"}],"wp:term":[{"taxonomy":"post_tag","embeddable":true,"href":"https:\/\/gingermachines.com\/eo\/wp-json\/wp\/v2\/tags?post=414"},{"taxonomy":"product-type","embeddable":true,"href":"https:\/\/gingermachines.com\/eo\/wp-json\/wp\/v2\/product-type?post=414"}],"curies":[{"name":"wp","href":"https:\/\/api.w.org\/{rel}","templated":true}]}}