{"id":387,"date":"2026-03-11T14:34:05","date_gmt":"2026-03-11T06:34:05","guid":{"rendered":"https:\/\/gingermachines.com\/?post_type=product&#038;p=387"},"modified":"2026-03-11T14:37:16","modified_gmt":"2026-03-11T06:37:16","slug":"onion-drying-machine","status":"publish","type":"product","link":"https:\/\/gingermachines.com\/eo\/product\/onion-drying-machine\/","title":{"rendered":"Cepi\u011dilo por cepoj"},"content":{"rendered":"<p class=\"translation-block\">La o<strong>nion sekigilo<\/strong> estas aparato uzanta elektran varmigan cirkuladon. \u011dia sekiga kapacito estas proksimume 100\u2013600 kg\/\u015dar\u011do. Nia onion sekigilo ta\u016dgas por diversaj materialoj inkluzive de onionoj, fungoj, piproj, \u0109ina medicinaj herboj, froma\u011doj, malgrandaj \u015dafoj, sekigitaj aprikotoj, kaj sekigitaj prunoj.<\/p>    <p>Taizy onion sekigilo estas ekipita per cirkulanta ventumilo kaj elireja ventumilo, atingante uniforman sekigon per kontinua varmiga cirkulado. Krome, temperaturo, humideco, kaj sekiga tempo povas esti agorditaj tra la kontrolpanelo. Se vi ser\u0109as sekigajn ekipa\u0135ojn, bonvolu kontakti nin!<\/p>    <h2 class=\"wp-block-heading\"><strong>Trajtoj de onion sekigilo<\/strong><\/h2>    <p class=\"translation-block\">1. <strong>Varma aero cirkulada sistemo<\/strong><\/p>    <p>La ekipa\u0135o estas ekipita per cirkulanta ventumilo por konstante cirkuli varmigan aeron ene de la sekiga \u0109ambro, certigante egalecon de varmeco en \u0109iu tavolo.<\/p>    <p class=\"translation-block\">2. <strong>Inteligenta kontrolsistemo<\/strong><\/p>    <p>La kontrolkonsolo havas ciferecan kontrolpanelon, permesante al uzantoj agordi:<\/p>    <ul class=\"wp-block-list\"> <li>Temperaturo<\/li>    <li>Humido<\/li>    <li>Sekiga tempo<\/li>    <li>Tempa intervalo<\/li> <\/ul>    <p class=\"translation-block\">3. <strong>Insula strukturo de dezajno<\/strong><\/p>    <p>La sekiga \u0109ambro estas konstruita kun 7.5cm dika roka lano izolila tabulo, provizante elstaran izoladon kaj efike reduktas varmperdon.<\/p>    <p class=\"translation-block\">4. <strong>Kustomizebla tavola materialo<\/strong><\/p>    <p>La norma tavolo estas galvanizita tavolo, sed la\u016dmendaj opcioj estas disponeblaj la\u016d peto:<\/p>    <ul class=\"wp-block-list\"> <li>Stelita \u015dtofa tavolo<\/li>    <li>Plastaj tavoloj<\/li> <\/ul>    <p class=\"translation-block\">5. <strong>Elektrika varmiga strukturo<\/strong><\/p>    <p>La onion sekigila ma\u015dino uzas elektran varmigon; la varmiga elemento estas instalita super la cirkulanta ventumilo, permesante al varmigita aero rapide disvasti\u011di en la sekiga spaco.<\/p>    <figure class=\"wp-block-gallery has-nested-images columns-default is-cropped wp-block-gallery-2 is-layout-flex wp-block-gallery-is-layout-flex\"> <figure class=\"wp-block-image size-large\"><img loading=\"lazy\" decoding=\"async\" width=\"720\" height=\"540\" data-id=\"391\" src=\"https:\/\/gingermachines.com\/wp-content\/uploads\/2026\/03\/onion-slice-drying-machine.webp\" alt=\"stainlessa travelo de legomo cepa seka ma\u015dino\" class=\"wp-image-391\" title=\"\" srcset=\"https:\/\/gingermachines.com\/wp-content\/uploads\/2026\/03\/onion-slice-drying-machine.webp 720w, https:\/\/gingermachines.com\/wp-content\/uploads\/2026\/03\/onion-slice-drying-machine-300x225.webp 300w, https:\/\/gingermachines.com\/wp-content\/uploads\/2026\/03\/onion-slice-drying-machine-16x12.webp 16w\" sizes=\"auto, (max-width: 720px) 100vw, 720px\" \/><figcaption class=\"wp-element-caption\">Cepa sekiga ma\u015dino<\/figcaption><\/figure>    <figure class=\"wp-block-image size-large\"><img loading=\"lazy\" decoding=\"async\" width=\"720\" height=\"540\" data-id=\"390\" src=\"https:\/\/gingermachines.com\/wp-content\/uploads\/2026\/03\/circulating-fan.webp\" alt=\"circulating fan of onion dryer\" class=\"wp-image-390\" title=\"\" srcset=\"https:\/\/gingermachines.com\/wp-content\/uploads\/2026\/03\/circulating-fan.webp 720w, https:\/\/gingermachines.com\/wp-content\/uploads\/2026\/03\/circulating-fan-300x225.webp 300w, https:\/\/gingermachines.com\/wp-content\/uploads\/2026\/03\/circulating-fan-16x12.webp 16w\" sizes=\"auto, (max-width: 720px) 100vw, 720px\" \/><figcaption class=\"wp-element-caption\">Cirkulanta Ventumilo de Onion Sekigilo<\/figcaption><\/figure>    <figure class=\"wp-block-image size-large\"><img loading=\"lazy\" decoding=\"async\" width=\"720\" height=\"540\" data-id=\"389\" src=\"https:\/\/gingermachines.com\/wp-content\/uploads\/2026\/03\/operation-screen-of-electric-heating-dryer.webp\" alt=\"operation screen of electric heating dryer\" class=\"wp-image-389\" title=\"\" srcset=\"https:\/\/gingermachines.com\/wp-content\/uploads\/2026\/03\/operation-screen-of-electric-heating-dryer.webp 720w, https:\/\/gingermachines.com\/wp-content\/uploads\/2026\/03\/operation-screen-of-electric-heating-dryer-300x225.webp 300w, https:\/\/gingermachines.com\/wp-content\/uploads\/2026\/03\/operation-screen-of-electric-heating-dryer-16x12.webp 16w\" sizes=\"auto, (max-width: 720px) 100vw, 720px\" \/><figcaption class=\"wp-element-caption\">Operacia ekrano de elektrika varmiga sekigilo<\/figcaption><\/figure> <\/figure>    <figure class=\"wp-block-gallery has-nested-images columns-default is-cropped wp-block-gallery-3 is-layout-flex wp-block-gallery-is-layout-flex\"> <figure class=\"wp-block-image size-large\"><img loading=\"lazy\" decoding=\"async\" width=\"720\" height=\"540\" data-id=\"394\" src=\"https:\/\/gingermachines.com\/wp-content\/uploads\/2026\/03\/galvanized-tray-of-onion-slice-dryer.webp\" alt=\"plastika tavolo por sekigilo de ceboj\" class=\"wp-image-394\" title=\"\" srcset=\"https:\/\/gingermachines.com\/wp-content\/uploads\/2026\/03\/galvanized-tray-of-onion-slice-dryer.webp 720w, https:\/\/gingermachines.com\/wp-content\/uploads\/2026\/03\/galvanized-tray-of-onion-slice-dryer-300x225.webp 300w, https:\/\/gingermachines.com\/wp-content\/uploads\/2026\/03\/galvanized-tray-of-onion-slice-dryer-16x12.webp 16w\" sizes=\"auto, (max-width: 720px) 100vw, 720px\" \/><figcaption class=\"wp-element-caption\">Galvanizitaj tavoloj de onion slice sekigilo<\/figcaption><\/figure>    <figure class=\"wp-block-image size-large\"><img loading=\"lazy\" decoding=\"async\" width=\"720\" height=\"540\" data-id=\"393\" src=\"https:\/\/gingermachines.com\/wp-content\/uploads\/2026\/03\/stainless-steel-tray-of-vegetable-onion-drying-machine.webp\" alt=\"zinkita travelo de ceb-kvino dika\" class=\"wp-image-393\" title=\"\" srcset=\"https:\/\/gingermachines.com\/wp-content\/uploads\/2026\/03\/stainless-steel-tray-of-vegetable-onion-drying-machine.webp 720w, https:\/\/gingermachines.com\/wp-content\/uploads\/2026\/03\/stainless-steel-tray-of-vegetable-onion-drying-machine-300x225.webp 300w, https:\/\/gingermachines.com\/wp-content\/uploads\/2026\/03\/stainless-steel-tray-of-vegetable-onion-drying-machine-16x12.webp 16w\" sizes=\"auto, (max-width: 720px) 100vw, 720px\" \/><figcaption class=\"wp-element-caption\">Stelitaj \u015dtofa tavoloj de legomo onion sekigilo<\/figcaption><\/figure>    <figure class=\"wp-block-image size-large\"><img loading=\"lazy\" decoding=\"async\" width=\"720\" height=\"540\" data-id=\"392\" src=\"https:\/\/gingermachines.com\/wp-content\/uploads\/2026\/03\/plastic-tray-of-dryer-machine-for-onions.webp\" alt=\"Cirkulada ventumilo de ceb-seka\u0135o\" class=\"wp-image-392\" title=\"\" srcset=\"https:\/\/gingermachines.com\/wp-content\/uploads\/2026\/03\/plastic-tray-of-dryer-machine-for-onions.webp 720w, https:\/\/gingermachines.com\/wp-content\/uploads\/2026\/03\/plastic-tray-of-dryer-machine-for-onions-300x225.webp 300w, https:\/\/gingermachines.com\/wp-content\/uploads\/2026\/03\/plastic-tray-of-dryer-machine-for-onions-16x12.webp 16w\" sizes=\"auto, (max-width: 720px) 100vw, 720px\" \/><figcaption class=\"wp-element-caption\">Plastaj tavoloj de onion sekigilo<\/figcaption><\/figure> <\/figure>    <h2 class=\"wp-block-heading\"><strong>Kiel funkcias onion slice sekigilo?<\/strong><\/h2>    <p>Taizy onion sekigilo uzas kontinuan procezon de varmigo, cirkulado, kaj malsekigado por certigi efikan sekigon de materialoj sub stabilaj temperaturoj.<\/p>    <ol class=\"wp-block-list\"> <li><strong>Elektrika varmigo generas varmigan aeron<\/strong>: Elektrika varmigo rapide altigas la temperaturon ene de la sekiga \u0109ambro.<\/li>    <li><strong>Circulanta ventumilo egale distribuas aeron<\/strong>: La cirkulanta ventumilo disipadas varmecon de la aero tra aeraj kanaletoj, certigante egalecon de varmeco en la sekiga \u0109ambro.<\/li>    <li><strong>Varma aero direkti\u011das al la materialaj tavoloj<\/strong>: La varmiga aero estas konstante blovata al la materialoj sur la tavoloj, ka\u016dzante rapidan evaporadon de humideco kaj atingante uniforman sekigon.<\/li>    <li><strong>Malsekigada sistemo forigas humidecon<\/strong>: La malsekiganta ventumilo forigas humidecon generitan dum la sekiga procezo, konservante sekuran medion.<\/li> <\/ol>    <figure class=\"wp-block-gallery has-nested-images columns-default is-cropped wp-block-gallery-4 is-layout-flex wp-block-gallery-is-layout-flex\"> <figure class=\"wp-block-image size-large\"><img loading=\"lazy\" decoding=\"async\" width=\"540\" height=\"720\" data-id=\"397\" src=\"https:\/\/gingermachines.com\/wp-content\/uploads\/2026\/03\/vegetable-drying-machine.webp\" alt=\"legomoj-drying machine\" class=\"wp-image-397\" title=\"\" srcset=\"https:\/\/gingermachines.com\/wp-content\/uploads\/2026\/03\/vegetable-drying-machine.webp 540w, https:\/\/gingermachines.com\/wp-content\/uploads\/2026\/03\/vegetable-drying-machine-225x300.webp 225w, https:\/\/gingermachines.com\/wp-content\/uploads\/2026\/03\/vegetable-drying-machine-9x12.webp 9w\" sizes=\"auto, (max-width: 540px) 100vw, 540px\" \/><figcaption class=\"wp-element-caption\">Legomoj sekigilo<\/figcaption><\/figure>    <figure class=\"wp-block-image size-large\"><img loading=\"lazy\" decoding=\"async\" width=\"540\" height=\"720\" data-id=\"396\" src=\"https:\/\/gingermachines.com\/wp-content\/uploads\/2026\/03\/onion-drying-equipment.webp\" alt=\"onion drying equipment\" class=\"wp-image-396\" title=\"\" srcset=\"https:\/\/gingermachines.com\/wp-content\/uploads\/2026\/03\/onion-drying-equipment.webp 540w, https:\/\/gingermachines.com\/wp-content\/uploads\/2026\/03\/onion-drying-equipment-225x300.webp 225w, https:\/\/gingermachines.com\/wp-content\/uploads\/2026\/03\/onion-drying-equipment-9x12.webp 9w\" sizes=\"auto, (max-width: 540px) 100vw, 540px\" \/><figcaption class=\"wp-element-caption\">Onion sekigila ekipa\u0135o<\/figcaption><\/figure>    <figure class=\"wp-block-image size-large\"><img loading=\"lazy\" decoding=\"async\" width=\"540\" height=\"720\" data-id=\"395\" src=\"https:\/\/gingermachines.com\/wp-content\/uploads\/2026\/03\/onion-dryer-machine.webp\" alt=\"cepa sekiga ma\u015dino\" class=\"wp-image-395\" title=\"\" srcset=\"https:\/\/gingermachines.com\/wp-content\/uploads\/2026\/03\/onion-dryer-machine.webp 540w, https:\/\/gingermachines.com\/wp-content\/uploads\/2026\/03\/onion-dryer-machine-225x300.webp 225w, https:\/\/gingermachines.com\/wp-content\/uploads\/2026\/03\/onion-dryer-machine-9x12.webp 9w\" sizes=\"auto, (max-width: 540px) 100vw, 540px\" \/><figcaption class=\"wp-element-caption\">Onion Sekigilo<\/figcaption><\/figure> <\/figure>    <h2 class=\"wp-block-heading\"><strong>Kiajn aplikojn havas onion sekigilo?<\/strong><\/h2>    <p>La onion sekigilo havas lar\u011dan aplika\u0135on kaj povas esti uzata por sekigi diversajn man\u011da\u0135ojn kaj agrikulturajn produktojn.<\/p>    <ul class=\"wp-block-list\"> <li><strong>Viando produkto<\/strong>: Sekigita porko, sausage, porka jerky<\/li>    <li><strong>Akva produkto<\/strong>: Malgrandaj fi\u015doj, malgrandaj \u015dafoj<\/li>    <li><strong>Agrikultura produkto<\/strong>: Onioj, piproj, fungoj, sekigitaj legomoj<\/li>    <li><strong>Sekigitaj fruktoj<\/strong>: Sekigitaj aprikotoj, sekigitaj prunoj, sekigitaj mangoj, kandikaj fruktoj<\/li>    <li><strong>Tradicia \u0109ina medicinaj materialoj:<\/strong> Diversaj radikaj kaj foliaj medicinaj materialoj<\/li> <\/ul>    <p>La onion sekigilo uzas konstantan temperaturo-varman aeron sekigan metodon, kiu pli bone konservas la koloron, guston, kaj nutradon de la materialoj.<\/p>   <div class=\"wp-block-image\"> <figure class=\"aligncenter size-full\"><img loading=\"lazy\" decoding=\"async\" width=\"720\" height=\"540\" src=\"https:\/\/gingermachines.com\/wp-content\/uploads\/2026\/03\/application-of-onion-dryer.webp\" alt=\"Apliko de onion sekigilo\" class=\"wp-image-398\" title=\"\" srcset=\"https:\/\/gingermachines.com\/wp-content\/uploads\/2026\/03\/application-of-onion-dryer.webp 720w, https:\/\/gingermachines.com\/wp-content\/uploads\/2026\/03\/application-of-onion-dryer-300x225.webp 300w, https:\/\/gingermachines.com\/wp-content\/uploads\/2026\/03\/application-of-onion-dryer-16x12.webp 16w\" sizes=\"auto, (max-width: 720px) 100vw, 720px\" \/><figcaption class=\"wp-element-caption\">Apliko de onion sekigilo<\/figcaption><\/figure> <\/div>   <h2 class=\"wp-block-heading\"><strong>Teknikaj parametroj de onion sekigilo<\/strong><\/h2>    <p>Ni ofertas diversajn modelojn de onion sekigiloj. Sube estas iliaj detalaj specifoj por via referenco:<\/p>    <figure class=\"wp-block-table\"><table><thead><tr><th>Modelo<\/th><th>Nombro de tavoloj de tavoloj<\/th><th>Kapacito (por \u0109iu \u015dar\u011do)<\/th><th>Tuta grandeco (mm)<\/th><th>Tavola grandeco (mm)<\/th><th>Potenco(kw)<\/th><th>Circulantaj ventumiloj(kw)<\/th><th>Elirejventumiloj(kw)<\/th><th>Materialo<\/th><\/tr><\/thead><tbody><tr><td>TZ-20<\/td><td>20<\/td><td>\u0108irka\u016d 100kg<\/td><td>1100\u00d71100\u00d72200<\/td><td>800\u00d7600<\/td><td>6<\/td><td>2\u00d70.37<\/td><td>1\u00d70.18<\/td><td>Roka lano<\/td><\/tr><tr><td>TZ-40<\/td><td>40<\/td><td>\u0108irka\u016d 200kg<\/td><td>2200\u00d71100\u00d72200<\/td><td>800\u00d71000<\/td><td>13.5<\/td><td>2\u00d70.37<\/td><td>1\u00d70.18<\/td><td>Roka lano<\/td><\/tr><tr><td>TZ-80<\/td><td>80<\/td><td>\u0108irka\u016d 400kg<\/td><td>2000\u00d71800\u00d72200<\/td><td>800\u00d7600<\/td><td>27<\/td><td>4\u00d70.37<\/td><td>2\u00d70.18k<\/td><td>Roka lano<\/td><\/tr><tr><td>TZ-120<\/td><td>120<\/td><td>\u0108irka\u016d 600kg<\/td><td>2600\u00d71800\u00d72200<\/td><td>800\u00d7600<\/td><td>36<\/td><td>4\u00d70.37<\/td><td>2\u00d70.37<\/td><td>Roka lano<\/td><\/tr><\/tbody><\/table><figcaption class=\"wp-element-caption\">Parametro de onion sekigila ekipa\u0135o<\/figcaption><\/figure>    <h2 class=\"wp-block-heading\"><strong>Alia tipo de onion sekigilo por vendo<\/strong><\/h2>    <p>Krom la elektrika varmiga onion sekigilo, ni anka\u016d proponas diversajn altkapacitaj sekigaj ekipa\u0135oj ta\u016dgaj por grand-skala produktado. \u0108i tiuj sekigaj unuoj povas esti ekipitaj kun malsamaj varmfontoj la\u016d la bezonoj de la kliento, kiel ekzemple:<\/p>    <ul class=\"wp-block-list\"> <li>Biomasa pilko<\/li>    <li>Dizelo<\/li>    <li>Natrio gaso<\/li>    <li>Liquefita petrolea gaso<\/li>    <li>Aira fonto varmumpumpilo<\/li> <\/ul>    <p>Kompare kun la elektrike varmigita onion sekigilo, \u0109i tiuj unuoj kutime estas pli grandaj kaj havas pli altan unu-\u015dar\u011dan procezan kapaciton. Se vi volas lerni pli, bonvolu kontakti nin!<\/p>    <figure class=\"wp-block-gallery has-nested-images columns-default is-cropped wp-block-gallery-5 is-layout-flex wp-block-gallery-is-layout-flex\"> <figure class=\"wp-block-image size-large\"><img loading=\"lazy\" decoding=\"async\" width=\"720\" height=\"540\" data-id=\"399\" src=\"https:\/\/gingermachines.com\/wp-content\/uploads\/2026\/03\/large-onion-dryer-machine.webp\" alt=\"large onion dryer machine\" class=\"wp-image-399\" title=\"\" srcset=\"https:\/\/gingermachines.com\/wp-content\/uploads\/2026\/03\/large-onion-dryer-machine.webp 720w, https:\/\/gingermachines.com\/wp-content\/uploads\/2026\/03\/large-onion-dryer-machine-300x225.webp 300w, https:\/\/gingermachines.com\/wp-content\/uploads\/2026\/03\/large-onion-dryer-machine-16x12.webp 16w\" sizes=\"auto, (max-width: 720px) 100vw, 720px\" \/><figcaption class=\"wp-element-caption\">Granda Onion Sekigilo<\/figcaption><\/figure>    <figure class=\"wp-block-image size-large\"><img loading=\"lazy\" decoding=\"async\" width=\"720\" height=\"540\" data-id=\"400\" src=\"https:\/\/gingermachines.com\/wp-content\/uploads\/2026\/03\/large-onion-dryer.webp\" alt=\"large onion dryer\" class=\"wp-image-400\" title=\"\" srcset=\"https:\/\/gingermachines.com\/wp-content\/uploads\/2026\/03\/large-onion-dryer.webp 720w, https:\/\/gingermachines.com\/wp-content\/uploads\/2026\/03\/large-onion-dryer-300x225.webp 300w, https:\/\/gingermachines.com\/wp-content\/uploads\/2026\/03\/large-onion-dryer-16x12.webp 16w\" sizes=\"auto, (max-width: 720px) 100vw, 720px\" \/><figcaption class=\"wp-element-caption\">Granda Onion Sekigilo<\/figcaption><\/figure> <\/figure>    <h2 class=\"wp-block-heading\"><strong>Prezo de onion sekigilo<\/strong><\/h2>    <p>La prezo de onion sekigilo varias depende de faktoroj kiel ekzemple la modelo de ekipa\u0135o, potenca agordo, nombro de tavoloj, materiala elekto, kaj sekiga kapacito. Diversaj klientoj havas malsamajn procezajn bezonojn, kiuj anka\u016d influos la prezon.<\/p>    <p>\u011cenerale, malgrandaj elektrike varmigitaj onion tran\u0109ma\u015dinoj estas ta\u016dgaj por malgranda \u011dis mezgranda procezo. Se bezonas pli grandan kapaciton a\u016d sekigilon kun alia varmofonto, ni anka\u016d povas provizi kustomizitajn solvojn.<\/p>   <div class=\"wp-block-image\"> <figure class=\"aligncenter size-full\"><img loading=\"lazy\" decoding=\"async\" width=\"720\" height=\"540\" src=\"https:\/\/gingermachines.com\/wp-content\/uploads\/2026\/03\/vegetable-dryer.webp\" alt=\"Legomoj sekigilo\" class=\"wp-image-401\" title=\"\" srcset=\"https:\/\/gingermachines.com\/wp-content\/uploads\/2026\/03\/vegetable-dryer.webp 720w, https:\/\/gingermachines.com\/wp-content\/uploads\/2026\/03\/vegetable-dryer-300x225.webp 300w, https:\/\/gingermachines.com\/wp-content\/uploads\/2026\/03\/vegetable-dryer-16x12.webp 16w\" sizes=\"auto, (max-width: 720px) 100vw, 720px\" \/><figcaption class=\"wp-element-caption\">Legomoj sekigilo<\/figcaption><\/figure> <\/div>   <h2 class=\"wp-block-heading\"><strong>Kial elekti Taizy kiel vian provizanton?<\/strong><\/h2>    <p>Ni ne nur provizas altkvalitajn onion sekigilojn, sed anka\u016d proponas kompletajn onion procezajn ekipa\u0135ojn. Krome, ni provizas diversajn aliajn ekipa\u0135ojn:<\/p>    <ul class=\"wp-block-list\"> <li><a href=\"https:\/\/gingermachines.com\/eo\/product\/automatic-onion-peeling-machine\/\">Cepladma ma\u015dino por cepoj<\/a><\/li>    <li><a href=\"https:\/\/gingermachines.com\/eo\/product\/onion-root-cutting-machine\/\">Cepra radiko tran\u0109ma\u015dino<\/a><\/li>    <li><a href=\"https:\/\/gingermachines.com\/eo\/product\/onion-cutting-machine\/\">Cepi\u011dma\u015dino por cepo<\/a><\/li> <\/ul>    <p>Ni povas helpi klientojn atingi integri\u011dintan procezon de lavi, peelado, tran\u0109ado, kaj sekigo, signife plibonigante produktivecon kaj reduktante laborkostojn.<\/p>    <p>Krome, Taizy posedas maturan produktadeksperton kaj ampleksan post-vendadan servosistemon. Nia ekipa\u0135o estas eksportita al multaj landoj kaj regionoj.<\/p>    <h2 class=\"wp-block-heading\"><strong>Komencu vian enketon hodia\u016d!<\/strong><\/h2>    <p>Por detalaj specifoj, agordoj, a\u016d prezoj, bonvolu kontakti nin. Ni povas rekomendi ta\u016dgajn modelojn kaj provizi la plej novajn cita\u0135ojn bazitajn sur viaj procezaj materialoj kaj produktadaj bezonoj!<\/p>","protected":false},"excerpt":{"rendered":"<p>This article introduces the structural features, working principle, and application range of the onion drying machine. This equipment uses electrically heated hot air circulating drying technology, with a capacity of approximately 100-600kg\/batch. It is suitable for onions, mushrooms, peppers, Chinese medicinal herbs, cured meat, sausages, small fish, small shrimp, dried vegetables, and preserved fruits, among others.<\/p>","protected":false},"author":1,"featured_media":388,"parent":0,"template":"","tags":[9],"product-type":[6],"class_list":["post-387","product","type-product","status-publish","has-post-thumbnail","hentry","tag-onion","product-type-products"],"_links":{"self":[{"href":"https:\/\/gingermachines.com\/eo\/wp-json\/wp\/v2\/product\/387","targetHints":{"allow":["GET"]}}],"collection":[{"href":"https:\/\/gingermachines.com\/eo\/wp-json\/wp\/v2\/product"}],"about":[{"href":"https:\/\/gingermachines.com\/eo\/wp-json\/wp\/v2\/types\/product"}],"author":[{"embeddable":true,"href":"https:\/\/gingermachines.com\/eo\/wp-json\/wp\/v2\/users\/1"}],"wp:featuredmedia":[{"embeddable":true,"href":"https:\/\/gingermachines.com\/eo\/wp-json\/wp\/v2\/media\/388"}],"wp:attachment":[{"href":"https:\/\/gingermachines.com\/eo\/wp-json\/wp\/v2\/media?parent=387"}],"wp:term":[{"taxonomy":"post_tag","embeddable":true,"href":"https:\/\/gingermachines.com\/eo\/wp-json\/wp\/v2\/tags?post=387"},{"taxonomy":"product-type","embeddable":true,"href":"https:\/\/gingermachines.com\/eo\/wp-json\/wp\/v2\/product-type?post=387"}],"curies":[{"name":"wp","href":"https:\/\/api.w.org\/{rel}","templated":true}]}}