{"id":37,"date":"2022-09-07T01:59:01","date_gmt":"2022-09-06T17:59:01","guid":{"rendered":"https:\/\/gingermachines.com\/?post_type=product&#038;p=37"},"modified":"2023-08-18T10:55:57","modified_gmt":"2023-08-18T02:55:57","slug":"ginger-grinding-machine","status":"publish","type":"product","link":"https:\/\/gingermachines.com\/eo\/product\/ginger-grinding-machine\/","title":{"rendered":"Ginger-muelema\u015dino"},"content":{"rendered":"<p class=\"translation-block\"><strong>Ginger muelma ma\u015dino<\/strong>, ofte mallongigita al ginger grinder, estas potenca ilo por <a href=\"https:\/\/gingermachines.com\/eo\/Info\/how-to-grind-ginger-into-powder\/\">muela sekajn ginger en fajnan pulvorton<\/a>. Krome, \u011di havas lar\u011dan gamon de aplikoj, anka\u016d uzata por prilaborado de ajlo, cepo, terpomo, banano, viando, cerealoj, spicoj, pipro, legomoj, grajnoj, rizo, medicinaj herboj, ktp. La kapacito de la a\u016dtomata ginger-muelema ma\u015dino varias de 10kg\/h \u011dis 500kg\/h. Estas diversaj modeloj disponeblaj por via elekto. Krome, ni havas tre fortan kapablon por provizi OEM\/ODM-servo por plenumi viajn specifajn postulojn. <\/p>    <p>La tuta ma\u015dino uzas 304-stainless steel korpuson, kiu estas da\u016dra kaj man\u011da-klasa. Kaj la ginger-muelema ma\u015dino por vendo de la TAIZY-fabriko havas la trajtojn de alta a\u016dtomatigo, simpla strukturo, kaj malgranda grandeco. Se vi ser\u0109as fidindan legom-muelema ma\u015dino, kontakti nin por komenci vian ginger-bizneson kiel eble plej balda\u016d.<\/p>    <h2 class=\"wp-block-heading\" id=\"h-features\">Trajtoj de ginger-muelema ma\u015dino<\/h2>    <ol class=\"wp-block-list\" type=\"1\"> <li>La ginger-muelema ma\u015dino havas simplan strukturon kaj racian desegnon, \u011di estas facile operacii kaj prizorgi.<\/li>    <li>Lar\u011da gamo de aplikoj. \u0108i tiu komerca ginger-miksa-muelejo estas vaste uzata en la legom-pretiga industrio, farmacia fabriko, kaj spicoj produktado-fabrikoj.<\/li>    <li>Energi\u015dparado kaj alta efikeco. \u011ci havas altan eldonon, energiosparadon, kaj altan efikecon.<\/li>    <li>La elektrika ginger-muelema ma\u015dino havas malaltan bruon, kaj stabilan rendimenton.<\/li>    <li>OEM\/ODM-servo disponeblas por plenumi viajn specifajn postulojn.<\/li> <\/ol>    <figure class=\"wp-block-image size-full\"><img loading=\"lazy\" decoding=\"async\" width=\"720\" height=\"540\" src=\"https:\/\/gingermachines.com\/wp-content\/uploads\/2022\/09\/ginger-grinding-machine-structure.jpg\" alt=\"dingibro mueli-ma\u015dino strukturo\" class=\"wp-image-84\" title=\"\" srcset=\"https:\/\/gingermachines.com\/wp-content\/uploads\/2022\/09\/ginger-grinding-machine-structure.jpg 720w, https:\/\/gingermachines.com\/wp-content\/uploads\/2022\/09\/ginger-grinding-machine-structure-300x225.jpg 300w\" sizes=\"auto, (max-width: 720px) 100vw, 720px\" \/><figcaption class=\"wp-element-caption\">Ginger muelma ma\u015dino- strukturo<\/figcaption><\/figure>    <h2 class=\"wp-block-heading\" id=\"h-applications\">Aplikoj de ginger muelma ma\u015dino<\/h2>    <ul class=\"wp-block-list\" type=\"1\"> <li><strong>En la man\u011da\u0135a prilaborado industrio<\/strong><\/li> <\/ul>    <p>La a\u016dtomata ginger-muelema ma\u015dino estas ideala por prilaborado de sekaj man\u011da\u0135oj kiel ginger, ajlo, pipro, spicoj, grajnoj, rizo, sukero, sojo, ktp.<\/p>    <ul class=\"wp-block-list\"> <li><strong>En la industrio<\/strong><\/li> <\/ul>    <p>Iuj industriaj ruba\u0135oj estas reciklebaj post muelado, bonvolu kontakti nin anta\u016d muelado de specialaj krudmaterialoj.<\/p>    <ul class=\"wp-block-list\"> <li><strong>En la farmacia fabriko<\/strong><\/li> <\/ul>    <p>\u0108i tiu muelma ma\u015dino anka\u016d povas esti uzata por muelado de medicinaj piloloj, herboj, ktp. \u011ci povas prilabori \u0109iujn sekajn medicinajn materialojn.<\/p>    <figure class=\"wp-block-image size-full\"><img loading=\"lazy\" decoding=\"async\" width=\"720\" height=\"540\" src=\"https:\/\/gingermachines.com\/wp-content\/uploads\/2022\/09\/ginger-grinder-machine.jpg\" alt=\"zingibro muelilo ma\u015dino\" class=\"wp-image-82\" title=\"\" srcset=\"https:\/\/gingermachines.com\/wp-content\/uploads\/2022\/09\/ginger-grinder-machine.jpg 720w, https:\/\/gingermachines.com\/wp-content\/uploads\/2022\/09\/ginger-grinder-machine-300x225.jpg 300w\" sizes=\"auto, (max-width: 720px) 100vw, 720px\" \/><figcaption class=\"wp-element-caption\">Ginger Grinder Machine<\/figcaption><\/figure>    <h2 class=\"wp-block-heading\" id=\"h-parameters\">Teknikaj datumoj de TAIZY ginger muelma ma\u015dino<\/h2>    <figure class=\"wp-block-table\"><table><tbody><tr><td>Modelo<\/td><td>180<\/td><td>250<\/td><td>320<\/td><td>350<\/td><\/tr><tr><td>Materialoj<\/td><td>304 <a href=\"https:\/\/en.wikipedia.org\/wiki\/Stainless_steel\" target=\"_blank\" rel=\"noopener\">Stainless Steel<\/a><\/td><td>304-stainless steel<\/td><td>304-stainless steel<\/td><td>304-stainless steel<\/td><\/tr><tr><td>Volo<\/td><td>220\/380<\/td><td>380<\/td><td>380<\/td><td>380<\/td><\/tr><tr><td>Motoro(KW)<\/td><td>2.2<\/td><td>5.5<\/td><td>7.5<\/td><td>11<\/td><\/tr><tr><td>Rapido<\/td><td>4200<\/td><td>4200<\/td><td>4200<\/td><td>4200<\/td><\/tr><tr><td>Trabligo retejono<\/td><td>10-120<\/td><td>10-120<\/td><td>10-120<\/td><td>10-120<\/td><\/tr><tr><td>Kapacito(kg\/h)<\/td><td>10-120<\/td><td>30-200<\/td><td>50-300<\/td><td>70-500<\/td><\/tr><tr><td>Dimensioj (mm)<\/td><td>480X520X1040<\/td><td>750X600 X1260<\/td><td>780 X700 X1350<\/td><td>800 X900 X1550<\/td><\/tr><tr><td>Pezo(kg)<\/td><td>75<\/td><td>180<\/td><td>260<\/td><td>320<\/td><\/tr><\/tbody><\/table><\/figure>    <h2 class=\"wp-block-heading\" id=\"h-contact-us-to-start-your-ginger-business\">Kontaktu nin por komenci vian ginger-bizneson<\/h2>    <p>\u0108i tiu zingibro moulma\u015dino ta\u016dgas por hejmo kaj industriaj aplikoj pro \u011dia malgranda grandeco, bona agado, kaj malmultekosta prezo. \u011ci tre plibonigos vian produkt-adonan efikecon. Krome, la zingibro muldilo povas esti uzata sola por atingi la muntron de grindo, kaj anka\u016d povas esti grava parto de la tuta zingibro pulvora prilaborada linio. &nbsp;<\/p>    <p class=\"translation-block\">Kiel profesia ginger-prilaborada ma\u015dino-fabriko, <a href=\"https:\/\/gingermachines.com\/eo\/\">TAIZY-fabriko<\/a> provizas plenan gamon de ginger-ma\u015dinoj, inkluzive de <a href=\"https:\/\/gingermachines.com\/eo\/product\/ginger-washing-machine\/\">ginger washing machin<\/a>, ginger peeling ma\u015dino, kaj <a href=\"https:\/\/gingermachines.com\/eo\/product\/ginger-drying-machine\/\">ginger drying machine<\/a>. \u0108iuj ma\u015dinoj uzas internaciajn normojn kaj desegnon. Kaj ni provizas potencajn personigo-servojn por plenumi viajn bezonojn. Bonvenon kontakti nin por pli utilaj informoj.<\/p>","protected":false},"excerpt":{"rendered":"<p>Ginger grinding machine, often shortened to ginger grinder, is a powerful tool for grinding dry ginger into fine powder. Besides, it has a wide range of applications, also used for processing garlic, onion, potato, banana, meat, cereals, spices, chili, vegetable, grain, rice, medicinal herbs, etc. The capacity of the automatic ginger grinder machine ranges from [&hellip;]<\/p>\n","protected":false},"author":1,"featured_media":78,"parent":0,"template":"","tags":[8],"product-type":[6],"class_list":["post-37","product","type-product","status-publish","has-post-thumbnail","hentry","tag-ginger-processing-machine","product-type-products"],"_links":{"self":[{"href":"https:\/\/gingermachines.com\/eo\/wp-json\/wp\/v2\/product\/37","targetHints":{"allow":["GET"]}}],"collection":[{"href":"https:\/\/gingermachines.com\/eo\/wp-json\/wp\/v2\/product"}],"about":[{"href":"https:\/\/gingermachines.com\/eo\/wp-json\/wp\/v2\/types\/product"}],"author":[{"embeddable":true,"href":"https:\/\/gingermachines.com\/eo\/wp-json\/wp\/v2\/users\/1"}],"wp:featuredmedia":[{"embeddable":true,"href":"https:\/\/gingermachines.com\/eo\/wp-json\/wp\/v2\/media\/78"}],"wp:attachment":[{"href":"https:\/\/gingermachines.com\/eo\/wp-json\/wp\/v2\/media?parent=37"}],"wp:term":[{"taxonomy":"post_tag","embeddable":true,"href":"https:\/\/gingermachines.com\/eo\/wp-json\/wp\/v2\/tags?post=37"},{"taxonomy":"product-type","embeddable":true,"href":"https:\/\/gingermachines.com\/eo\/wp-json\/wp\/v2\/product-type?post=37"}],"curies":[{"name":"wp","href":"https:\/\/api.w.org\/{rel}","templated":true}]}}