{"id":35,"date":"2022-09-07T01:56:08","date_gmt":"2022-09-06T17:56:08","guid":{"rendered":"https:\/\/gingermachines.com\/?post_type=product&#038;p=35"},"modified":"2023-03-07T15:53:46","modified_gmt":"2023-03-07T07:53:46","slug":"ginger-slicing-machine","status":"publish","type":"product","link":"https:\/\/gingermachines.com\/eo\/product\/ginger-slicing-machine\/","title":{"rendered":"Ginger-\u015delma\u015dino"},"content":{"rendered":"<p class=\"translation-block\"><strong>Zingibro tran\u0109ilo<\/strong> estas uzata por tran\u0109i zingibron en rulonojn. \u011ci estas anka\u016d konata kiel zingibra tran\u0109ilo, kaj \u011di estas tipo de legomtranchema ma\u015dino. La fino produkto grandeco varias de 1mm ~ \u011dis 3mm. Kaj la tran\u0109kapacito de la ma\u015dino estas de 150kg\/h \u011dis 250kg\/h. La zingibra hakma\u015dino estas ta\u016dga por prilaborado de zingibro, karotoj, bananoj, kukumo, terpomoj, taro, fikso, ktp. <\/p>    <p class=\"translation-block\">La <strong>ginger slicer maquina<\/strong> estas tre grava zingibro prilabora ma\u015dino, kaj grava parto de tuta <a href=\"https:\/\/gingermachines.com\/eo\/product\/ginger-powder-processing-line\/\">ginger powder production line<\/a>. La tuta ma\u015dino adopta ner\u011da \u015dtala korpa strukturo, kiu havas man\u011da\u0135an gradon kaj da\u016drecon. La zingibro tran\u0109ma\u015dino estas vaste uzata en diversaj man\u011da\u0135a prilaborado industrioj.<\/p>    <figure class=\"wp-block-image size-full\"><img loading=\"lazy\" decoding=\"async\" width=\"720\" height=\"540\" src=\"https:\/\/gingermachines.com\/wp-content\/uploads\/2022\/09\/ginger-slicer.jpg\" alt=\"zingibra tran\u0109ilo\" class=\"wp-image-66\" title=\"\" srcset=\"https:\/\/gingermachines.com\/wp-content\/uploads\/2022\/09\/ginger-slicer.jpg 720w, https:\/\/gingermachines.com\/wp-content\/uploads\/2022\/09\/ginger-slicer-300x225.jpg 300w\" sizes=\"auto, (max-width: 720px) 100vw, 720px\" \/><figcaption class=\"wp-element-caption\">Zingibro tran\u0109ilo<\/figcaption><\/figure>    <h2 class=\"wp-block-heading\" id=\"h-features\">Trajtoj de la gingle-tran\u0109ilo-ma\u015dino<\/h2>    <ol class=\"wp-block-list\" type=\"1\"> <li>Alt-kvalita 304 kremisto-staena \u015dtala strukturo kaj kadro<\/li>    <li>La dikeco de la zingibra rul\u0109o estas agordebla, de 1mm \u011dis 3mm<\/li>    <li>La zingibro tran\u0109ma\u015dino povas prilabori zingibrojn 150kg \u011dis 250kg per horo<\/li>    <li>\u011ci havas \u011din simpla strukturo kaj rezonada desegno, tre facile operaciante<\/li>    <li>Ni subtenas fortan \u015dan\u011deblan servon por kongrui kun viaj apartaj postuloj<\/li> <\/ol>    <h2 class=\"wp-block-heading\" id=\"h-parameters\">Parametroj de TAIZY zingibra tran\u0109ma\u015dino<\/h2>    <figure class=\"wp-block-table\"><table><tbody><tr><td>Tran\u0109a kapacito:<\/td><td>150 ~ 250 kg por horo<\/td><\/tr><tr><td>Tran\u0109a formo:<\/td><td>de zorgema tran\u0109a filo,-malgranda sekcio<\/td><\/tr><tr><td>Dimensioj:<\/td><td>1 ~ 3 mm<\/td><\/tr><tr><td>Mekanika potencoj:<\/td><td>1\/2 HP unufaza 220 V<\/td><\/tr><tr><td>La ma\u015dino-specifo:<\/td><td>longo 54 cm x 40 cm lar\u011de x 56 cm alta<\/td><\/tr><tr><td>La pezo de la ma\u015dino:<\/td><td>\u0109irka\u016d 41 kg<\/td><\/tr><\/tbody><\/table><\/figure>    <h2 class=\"wp-block-heading\" id=\"h-things-need-to-know-before-running-a-ginger-slicing-machine\">Kio estas por esti konata anta\u016d eliretado?<\/h2>    <ol class=\"wp-block-list\" type=\"1\"> <li>Dum operante la ekipa\u0135on sur horizonta surfaco, certigu ke la ma\u015dino estas glate kaj fidinde lokita; certigu ke la ma\u015dina ingo estas en bona kontakto, sen malpelado a\u016d akvaj markoj.<\/li>    <li>Tiaj externaj objektoj kontrolu rotad-kilindron a\u016d la konvekan \u0109elon; se ekzistas fremdaj objektoj, ili devas esti forigitaj por eviti dama\u011don al ilo.<\/li>    <li>La operacio, agado procezo postulas elekti la tran\u0109an metodon la\u016d la vegeta\u0135a specio, centrifuga tran\u0109ilo por malgrandaj legomoj, vertikala forkniva parto por molaj foliaj legomoj a\u016d bonega filman prilaboron en pasintajn grandajn partojn, D-formoj, diamata\u0135oj, ktp.<\/li>    <li>Post kiam la vertikala kresto estas instalita, unue \u011dustigu la esentra rotacio, kaj la tran\u0109ilo kadro al la mortpunkto post la sekva linio, poste levi la tran\u0109il kadro 1-2 mm, tiel ke la vertikala tran\u0109ilo kaj la zono kontakti\u011das, tiri la tran\u0109il kadro stre\u0109e por fiksi la nutilon sur la vertikala tran\u0109ilo sur la tran\u0109ila kadro. Se la turreto levi\u011de estas malgranda, eble estos e\u0109 tran\u0109ilo; se la turreto levi\u011de estas tro granda, \u011di povas tran\u0109i malbonan konve\u043b\u0456\u043d\u043d\u044f bandon.\u00a0\u00a0\u00a0\u00a0<\/li> <\/ol>    <figure class=\"wp-block-image size-full\"><img loading=\"lazy\" decoding=\"async\" width=\"720\" height=\"540\" src=\"https:\/\/gingermachines.com\/wp-content\/uploads\/2022\/09\/ginger-slicing-equipment.jpg\" alt=\"zingibro tran\u0109iloj ekipa\u0135o\" class=\"wp-image-67\" title=\"\" srcset=\"https:\/\/gingermachines.com\/wp-content\/uploads\/2022\/09\/ginger-slicing-equipment.jpg 720w, https:\/\/gingermachines.com\/wp-content\/uploads\/2022\/09\/ginger-slicing-equipment-300x225.jpg 300w\" sizes=\"auto, (max-width: 720px) 100vw, 720px\" \/><figcaption class=\"wp-element-caption\">Zingibro Tran\u0109ilo-Ekipa\u0135o<\/figcaption><\/figure>    <h2 class=\"wp-block-heading\" id=\"h-how-to-maintain-the-ginger-slicer-machine\">Kiel prizorgi la zingibro tran\u0109ilon?<\/h2>    <p>1. Kiam purigas ilojn a\u016d akcesorojn kiuj venas en kontakto kun man\u011da\u0135o, uzantoj devus sekiigi ilin per sekha sako unue.<\/p>    <p>2. La axo de la ilaro bezonas sme\u015don kun man\u011da oleo.<\/p>    <p>3. Kiam la ilaro rustri\u011das, \u011di povas esti forigita kaj poli\u015dita per la olea \u015dtono.<\/p>    <p>4. Uzantoj devus atenti refili la \u015dtadsistemon \u0109iumonate kaj lubrikadi la lagerojn, \u0109enojn, gear, kaj aliajn transdonan partojn de la ma\u015dino \u0109iuj kvarono.&nbsp;&nbsp;&nbsp;&nbsp;<\/p>","protected":false},"excerpt":{"rendered":"<p>Ginger slicing machine is used for cutting ginger into slices. It is also known as a ginger slicer, and it is a kind of vegetable cutter machine. The size of the finished product ranges from 1mm ~ to 3mm. And the cutting capacity of the machine is from 150kg\/h to 250kg\/h. The ginger chopping machine [&hellip;]<\/p>\n","protected":false},"author":1,"featured_media":64,"parent":0,"template":"","tags":[8],"product-type":[6],"class_list":["post-35","product","type-product","status-publish","has-post-thumbnail","hentry","tag-ginger-processing-machine","product-type-products"],"_links":{"self":[{"href":"https:\/\/gingermachines.com\/eo\/wp-json\/wp\/v2\/product\/35","targetHints":{"allow":["GET"]}}],"collection":[{"href":"https:\/\/gingermachines.com\/eo\/wp-json\/wp\/v2\/product"}],"about":[{"href":"https:\/\/gingermachines.com\/eo\/wp-json\/wp\/v2\/types\/product"}],"author":[{"embeddable":true,"href":"https:\/\/gingermachines.com\/eo\/wp-json\/wp\/v2\/users\/1"}],"wp:featuredmedia":[{"embeddable":true,"href":"https:\/\/gingermachines.com\/eo\/wp-json\/wp\/v2\/media\/64"}],"wp:attachment":[{"href":"https:\/\/gingermachines.com\/eo\/wp-json\/wp\/v2\/media?parent=35"}],"wp:term":[{"taxonomy":"post_tag","embeddable":true,"href":"https:\/\/gingermachines.com\/eo\/wp-json\/wp\/v2\/tags?post=35"},{"taxonomy":"product-type","embeddable":true,"href":"https:\/\/gingermachines.com\/eo\/wp-json\/wp\/v2\/product-type?post=35"}],"curies":[{"name":"wp","href":"https:\/\/api.w.org\/{rel}","templated":true}]}}