{"id":345,"date":"2026-02-11T15:01:00","date_gmt":"2026-02-11T07:01:00","guid":{"rendered":"https:\/\/gingermachines.com\/?post_type=product&#038;p=345"},"modified":"2026-02-11T17:14:22","modified_gmt":"2026-02-11T09:14:22","slug":"onion-cutting-machine","status":"publish","type":"product","link":"https:\/\/gingermachines.com\/eo\/product\/onion-cutting-machine\/","title":{"rendered":"Cepi\u011dma\u015dino por cepo"},"content":{"rendered":"<p class=\"translation-block\">La <strong>cepa tran\u0109a ma\u015dino<\/strong> estas multfunkcia legoma tran\u0109a aparato, kiu povas prilabori diversajn legomojn, kiel cepojn, kukumojn, terpomo, kaj zingibron. \u011ci povas atingi diversajn tran\u0109ajn efikojn, inkluzive kubigadon (6, 8, 10, 15, 20, 25, 30mm), tran\u0109adon (3, 4, 6, 9mm), kaj tran\u0109adon en pecojn (2, 3, 4, 5, 6, 7, 8mm).<\/p>    <p>Taizy cepa tran\u0109a ma\u015dino povas signife plibonigi legoman prilaboran efikecon (300-600kg\/h). \u011ci povas grandparte redukti laborajn kostojn kaj certigi uniformajn tran\u0109ajn grandecojn. Bonvolu kontakti nin se vi havas iujn bezonojn!<\/p>    <figure class=\"wp-block-embed is-type-video is-provider-youtube wp-block-embed-youtube wp-embed-aspect-16-9 wp-has-aspect-ratio\"><div class=\"wp-block-embed__wrapper\"> <iframe loading=\"lazy\" title=\"Cepa tran\u0109a ma\u015dino | Multifunkcia cepa tran\u0109a ma\u015dino por prilaborado de cepoj, terpomo, zingibro\" width=\"500\" height=\"281\" src=\"https:\/\/www.youtube.com\/embed\/JZqYAyCf92k?feature=oembed\" frameborder=\"0\" allow=\"accelerometer; autoplay; clipboard-write; encrypted-media; gyroscope; picture-in-picture; web-share\" referrerpolicy=\"strict-origin-when-cross-origin\" allowfullscreen><\/iframe> <\/div><figcaption class=\"wp-element-caption\">laborvideo de la cepa tran\u0109a ma\u015dino<\/figcaption><\/figure>    <h2 class=\"wp-block-heading\"><strong>Trajtoj de cepa tran\u0109a ma\u015dino<\/strong><\/h2>    <ul class=\"wp-block-list\"> <li><strong>Fleksibla uzo<\/strong>: Malsamaj formoj kaj grandecoj povas esti prilaboritaj \u015dan\u011dante la klingojn.<\/li>    <li><strong>Lar\u011da apliko<\/strong>: \u0108i tiu cepa tran\u0109a ma\u015dino povas esti uzata por prilabori cepojn, kukumojn, terpomo, zingibron, kaj aliajn man\u011da\u0135ojn.<\/li>    <li><strong>: Uniforma tran\u0109ado<\/strong>: Legomoj estas tran\u0109itaj al uniforma grandeco, plibonigante produkton kvaliton.<\/li>    <li><strong>Alta efikeco<\/strong>: Nia multfunkcia legoma tran\u0109ilo povas atingi efikecon de 600kg\/h.<\/li>    <li><strong>Man\u011da\u0135a sekureco konformeco<\/strong>: \u0108i tiu cepa tran\u0109a ma\u015dino estas farita el neoksidebla \u015dtalo, farante \u011din sekura, higiena, kaj facila por purigi.<\/li> <\/ul>   <div class=\"wp-block-image\"> <figure class=\"aligncenter size-full\"><img loading=\"lazy\" decoding=\"async\" width=\"720\" height=\"540\" src=\"https:\/\/gingermachines.com\/wp-content\/uploads\/2026\/02\/green-onion-cutter.webp\" alt=\"verda cepa tran\u0109ilo\" class=\"wp-image-346\" title=\"\" srcset=\"https:\/\/gingermachines.com\/wp-content\/uploads\/2026\/02\/green-onion-cutter.webp 720w, https:\/\/gingermachines.com\/wp-content\/uploads\/2026\/02\/green-onion-cutter-300x225.webp 300w, https:\/\/gingermachines.com\/wp-content\/uploads\/2026\/02\/green-onion-cutter-16x12.webp 16w\" sizes=\"auto, (max-width: 720px) 100vw, 720px\" \/><figcaption class=\"wp-element-caption\">verda cepa tran\u0109ilo<\/figcaption><\/figure> <\/div>   <h2 class=\"wp-block-heading\"><strong>Kiaj estas aplikaj scenaroj por cepa tran\u0109ilo?<\/strong><\/h2>    <p class=\"translation-block\"><strong>Prilaboreblaj krudmaterialoj<\/strong><\/p>    <p>Nia cepa tran\u0109a ma\u015dino povas esti uzata ne nur por prilabori cepojn, sed anka\u016d por prilabori bakla\u011danojn, kukumojn, zukiinojn, terpomo, dol\u0109ajn terpomo, zingibron, karotojn, kaj pikantajn radikojn.<\/p>   <div class=\"wp-block-image\"> <figure class=\"aligncenter size-full\"><img loading=\"lazy\" decoding=\"async\" width=\"720\" height=\"540\" src=\"https:\/\/gingermachines.com\/wp-content\/uploads\/2026\/02\/application-of-onion-cutting-equipment.webp\" alt=\"aplikado de cepa tran\u0109a ekipa\u0135o\" class=\"wp-image-347\" title=\"\" srcset=\"https:\/\/gingermachines.com\/wp-content\/uploads\/2026\/02\/application-of-onion-cutting-equipment.webp 720w, https:\/\/gingermachines.com\/wp-content\/uploads\/2026\/02\/application-of-onion-cutting-equipment-300x225.webp 300w, https:\/\/gingermachines.com\/wp-content\/uploads\/2026\/02\/application-of-onion-cutting-equipment-16x12.webp 16w\" sizes=\"auto, (max-width: 720px) 100vw, 720px\" \/><figcaption class=\"wp-element-caption\">aplikado de cepa tran\u0109a ekipa\u0135o<\/figcaption><\/figure> <\/div>   <p class=\"translation-block\"><strong>Fina produkto<\/strong><\/p>    <p>Taizy multfunkcia cepa tran\u0109ilo povas prilabori cepojn, terpomo, kaj zingibron en striojn, tran\u0109a\u0135ojn, kaj kubojn de malsamaj grandecoj. Simple \u015dan\u011dante la klingojn, vi \u015dan\u011dos la formon de la fina produkto.<\/p>    <figure class=\"wp-block-gallery has-nested-images columns-default is-cropped wp-block-gallery-2 is-layout-flex wp-block-gallery-is-layout-flex\"> <figure class=\"wp-block-image size-large\"><img loading=\"lazy\" decoding=\"async\" width=\"720\" height=\"540\" data-id=\"349\" src=\"https:\/\/gingermachines.com\/wp-content\/uploads\/2026\/02\/onion-strips-slicing-by-onion-cutter.webp\" alt=\"cepa strioj tran\u0109itaj de cepa tran\u0109ilo\" class=\"wp-image-349\" title=\"\" srcset=\"https:\/\/gingermachines.com\/wp-content\/uploads\/2026\/02\/onion-strips-slicing-by-onion-cutter.webp 720w, https:\/\/gingermachines.com\/wp-content\/uploads\/2026\/02\/onion-strips-slicing-by-onion-cutter-300x225.webp 300w, https:\/\/gingermachines.com\/wp-content\/uploads\/2026\/02\/onion-strips-slicing-by-onion-cutter-16x12.webp 16w\" sizes=\"auto, (max-width: 720px) 100vw, 720px\" \/><figcaption class=\"wp-element-caption\">Cepa strioj tran\u0109itaj de cepa tran\u0109ilo<\/figcaption><\/figure>    <figure class=\"wp-block-image size-large\"><img loading=\"lazy\" decoding=\"async\" width=\"720\" height=\"540\" data-id=\"350\" src=\"https:\/\/gingermachines.com\/wp-content\/uploads\/2026\/02\/onion-cubes-diced-by-an-onion-dicing-machine.webp\" alt=\"cepa kubetoj tran\u0109itaj de cepa tran\u0109ma\u015dino\" class=\"wp-image-350\" title=\"\" srcset=\"https:\/\/gingermachines.com\/wp-content\/uploads\/2026\/02\/onion-cubes-diced-by-an-onion-dicing-machine.webp 720w, https:\/\/gingermachines.com\/wp-content\/uploads\/2026\/02\/onion-cubes-diced-by-an-onion-dicing-machine-300x225.webp 300w, https:\/\/gingermachines.com\/wp-content\/uploads\/2026\/02\/onion-cubes-diced-by-an-onion-dicing-machine-16x12.webp 16w\" sizes=\"auto, (max-width: 720px) 100vw, 720px\" \/><figcaption class=\"wp-element-caption\">Cepa kuboj kubitaj de cepa kubiga ma\u015dino<\/figcaption><\/figure>    <figure class=\"wp-block-image size-large\"><img loading=\"lazy\" decoding=\"async\" width=\"720\" height=\"540\" data-id=\"348\" src=\"https:\/\/gingermachines.com\/wp-content\/uploads\/2026\/02\/multifunctional-onion-cutter-for-potato-chip-processing.webp\" alt=\"multifunkcia cepa tran\u0109ilo por terpom\u015da\u016dla prilaborado\" class=\"wp-image-348\" title=\"\" srcset=\"https:\/\/gingermachines.com\/wp-content\/uploads\/2026\/02\/multifunctional-onion-cutter-for-potato-chip-processing.webp 720w, https:\/\/gingermachines.com\/wp-content\/uploads\/2026\/02\/multifunctional-onion-cutter-for-potato-chip-processing-300x225.webp 300w, https:\/\/gingermachines.com\/wp-content\/uploads\/2026\/02\/multifunctional-onion-cutter-for-potato-chip-processing-16x12.webp 16w\" sizes=\"auto, (max-width: 720px) 100vw, 720px\" \/><figcaption class=\"wp-element-caption\">Multifunkcia cepa tran\u0109ilo por terpoma frita\u0135a prilaborado<\/figcaption><\/figure> <\/figure>    <figure class=\"wp-block-gallery has-nested-images columns-default is-cropped wp-block-gallery-3 is-layout-flex wp-block-gallery-is-layout-flex\"> <figure class=\"wp-block-image size-large\"><img loading=\"lazy\" decoding=\"async\" width=\"720\" height=\"540\" data-id=\"351\" src=\"https:\/\/gingermachines.com\/wp-content\/uploads\/2026\/02\/blade-for-cutting-vegetables-into-strips.webp\" alt=\"blade for cutting vegetables into strips\" class=\"wp-image-351\" title=\"\" srcset=\"https:\/\/gingermachines.com\/wp-content\/uploads\/2026\/02\/blade-for-cutting-vegetables-into-strips.webp 720w, https:\/\/gingermachines.com\/wp-content\/uploads\/2026\/02\/blade-for-cutting-vegetables-into-strips-300x225.webp 300w, https:\/\/gingermachines.com\/wp-content\/uploads\/2026\/02\/blade-for-cutting-vegetables-into-strips-16x12.webp 16w\" sizes=\"auto, (max-width: 720px) 100vw, 720px\" \/><figcaption class=\"wp-element-caption\">Klingo por tran\u0109i legomojn en striojn<\/figcaption><\/figure>    <figure class=\"wp-block-image size-large\"><img loading=\"lazy\" decoding=\"async\" width=\"720\" height=\"540\" data-id=\"353\" src=\"https:\/\/gingermachines.com\/wp-content\/uploads\/2026\/02\/onion-dicing-blade.webp\" alt=\"onion dicing blade\" class=\"wp-image-353\" title=\"\" srcset=\"https:\/\/gingermachines.com\/wp-content\/uploads\/2026\/02\/onion-dicing-blade.webp 720w, https:\/\/gingermachines.com\/wp-content\/uploads\/2026\/02\/onion-dicing-blade-300x225.webp 300w, https:\/\/gingermachines.com\/wp-content\/uploads\/2026\/02\/onion-dicing-blade-16x12.webp 16w\" sizes=\"auto, (max-width: 720px) 100vw, 720px\" \/><figcaption class=\"wp-element-caption\">Cepa kubiga klingo<\/figcaption><\/figure>    <figure class=\"wp-block-image size-large\"><img loading=\"lazy\" decoding=\"async\" width=\"720\" height=\"540\" data-id=\"352\" src=\"https:\/\/gingermachines.com\/wp-content\/uploads\/2026\/02\/blade-for-slicing-vegetables.webp\" alt=\"blade for slicing vegetables\" class=\"wp-image-352\" title=\"\" srcset=\"https:\/\/gingermachines.com\/wp-content\/uploads\/2026\/02\/blade-for-slicing-vegetables.webp 720w, https:\/\/gingermachines.com\/wp-content\/uploads\/2026\/02\/blade-for-slicing-vegetables-300x225.webp 300w, https:\/\/gingermachines.com\/wp-content\/uploads\/2026\/02\/blade-for-slicing-vegetables-16x12.webp 16w\" sizes=\"auto, (max-width: 720px) 100vw, 720px\" \/><figcaption class=\"wp-element-caption\">Klingo por tran\u0109i legomojn<\/figcaption><\/figure> <\/figure>    <p class=\"translation-block\"><strong>Aplikaj scenaroj<\/strong><\/p>    <p>Nia multfunkcia cepa tran\u0109ilo estas vaste uzata en:<\/p>    <ul class=\"wp-block-list\"> <li>\u0108enrestoraciaj kuirejoj<\/li>    <li>Mezepokaj kuirejoj<\/li>    <li>Legoma anta\u016d-prilaboraj fabrikoj<\/li>    <li>Frostigitaj legomaj prilaboraj fabrikoj<\/li>    <li>Lernejo kaj korporaciaj kantinoj<\/li>    <li>Legoma distribucentro<\/li>    <li>Snakman\u011da\u0135aj prilaboraj entreprenoj<\/li> <\/ul>    <p>Whether it&#8217;s a small kitchen or a large food processing plant, you can choose the appropriate model according to your production needs.<\/p>    <h2 class=\"wp-block-heading\"><strong>Parametroj de cepa tran\u0109a ma\u015dino<\/strong><\/h2>    <figure class=\"wp-block-table\"><table class=\"has-fixed-layout\"><tbody><tr><td>Modelo<\/td><td>TZ-600<\/td><\/tr><tr><td>Kapacito<\/td><td>300-600kg\/h<\/td><\/tr><tr><td>Volo<\/td><td>220V\/50HZ<\/td><\/tr><tr><td>Potenco<\/td><td>0.75kw<\/td><\/tr><tr><td>Ma\u015dina materialo<\/td><td>304 rusta \u015dtalo<\/td><\/tr><\/tbody><\/table><figcaption class=\"wp-element-caption\">specifoj de la cepa tran\u0109a ma\u015dino<\/figcaption><\/figure>    <h2 class=\"wp-block-heading\"><strong>Prezo de cepa tran\u0109a ma\u015dino<\/strong><\/h2>    <p>La prezo de cepa tran\u0109a ma\u015dino ne estas fiksita kaj estas influita de pluraj faktoroj:<\/p>    <ul class=\"wp-block-list\"> <li>Klingo tipo kaj kvanto influas prezon.<\/li>    <li>Materialoj uzataj en la ma\u015dino influas koston.<\/li>    <li>Personigita tensio a\u016d specialaj konfiguroj influas prezon.<\/li>    <li>Transportado kaj post-venda servaj postuloj anka\u016d influas la totalan prezon.<\/li> <\/ul>    <p>Diversaj klientoj havas diversajn produktadskalo kaj bezonoj, ekipa\u0135aj prezoj varias. Klientoj devus elekti ta\u016dgan cepan tran\u0109ilon surbaze de siaj propraj produktadbezonoj.<\/p>    <figure class=\"wp-block-gallery has-nested-images columns-default is-cropped wp-block-gallery-4 is-layout-flex wp-block-gallery-is-layout-flex\"> <figure class=\"wp-block-image size-large\"><img loading=\"lazy\" decoding=\"async\" width=\"540\" height=\"720\" data-id=\"354\" src=\"https:\/\/gingermachines.com\/wp-content\/uploads\/2026\/02\/onion-cutting-equipment.webp\" alt=\"onion cutting equipment\" class=\"wp-image-354\" title=\"\" srcset=\"https:\/\/gingermachines.com\/wp-content\/uploads\/2026\/02\/onion-cutting-equipment.webp 540w, https:\/\/gingermachines.com\/wp-content\/uploads\/2026\/02\/onion-cutting-equipment-225x300.webp 225w, https:\/\/gingermachines.com\/wp-content\/uploads\/2026\/02\/onion-cutting-equipment-9x12.webp 9w\" sizes=\"auto, (max-width: 540px) 100vw, 540px\" \/><figcaption class=\"wp-element-caption\">Cepa tran\u0109a ekipa\u0135o<\/figcaption><\/figure>    <figure class=\"wp-block-image size-large\"><img loading=\"lazy\" decoding=\"async\" width=\"540\" height=\"720\" data-id=\"355\" src=\"https:\/\/gingermachines.com\/wp-content\/uploads\/2026\/02\/onion-cutting-machine.webp\" alt=\"cepilo por onion\" class=\"wp-image-355\" title=\"\" srcset=\"https:\/\/gingermachines.com\/wp-content\/uploads\/2026\/02\/onion-cutting-machine.webp 540w, https:\/\/gingermachines.com\/wp-content\/uploads\/2026\/02\/onion-cutting-machine-225x300.webp 225w, https:\/\/gingermachines.com\/wp-content\/uploads\/2026\/02\/onion-cutting-machine-9x12.webp 9w\" sizes=\"auto, (max-width: 540px) 100vw, 540px\" \/><figcaption class=\"wp-element-caption\">Cepa tran\u0109a ma\u015dino<\/figcaption><\/figure>    <figure class=\"wp-block-image size-large\"><img loading=\"lazy\" decoding=\"async\" width=\"540\" height=\"720\" data-id=\"356\" src=\"https:\/\/gingermachines.com\/wp-content\/uploads\/2026\/02\/machine-for-cutting-onion.webp\" alt=\"machine for cutting onion\" class=\"wp-image-356\" title=\"\" srcset=\"https:\/\/gingermachines.com\/wp-content\/uploads\/2026\/02\/machine-for-cutting-onion.webp 540w, https:\/\/gingermachines.com\/wp-content\/uploads\/2026\/02\/machine-for-cutting-onion-225x300.webp 225w, https:\/\/gingermachines.com\/wp-content\/uploads\/2026\/02\/machine-for-cutting-onion-9x12.webp 9w\" sizes=\"auto, (max-width: 540px) 100vw, 540px\" \/><figcaption class=\"wp-element-caption\">Ma\u015dino por tran\u0109i cepojn<\/figcaption><\/figure> <\/figure>    <h2 class=\"wp-block-heading\"><strong>FAQ de cepa tran\u0109a ma\u015dino<\/strong><\/h2>   <div id=\"rank-math-faq\" class=\"rank-math-block\"> <div class=\"rank-math-list\"> <div id=\"faq-question-1770777506447\" class=\"rank-math-list-item\"> <h3 class=\"rank-math-question\">\u0108u \u0109i tiu ma\u015dino estas nur bona por tran\u0109i cepojn?<\/h3> <div class=\"rank-math-answer\">  <p>\u0108i tiu cepa tran\u0109ilo estas ta\u016dga por diversaj legomoj, kiel terpomo, kukumoj, zingibro, karotoj, kaj dol\u0109aj terpomo, farante \u011din multfunkcia ma\u015dino.<\/p>  <\/div> <\/div> <div id=\"faq-question-1770777551054\" class=\"rank-math-list-item\"> <h3 class=\"rank-math-question\">Kiajn formojn \u011di povas esti tran\u0109ita en?<\/h3> <div class=\"rank-math-answer\">  <p>Tran\u0109i (malglataj tran\u0109a\u0135oj kaj ondaj tran\u0109a\u0135oj), tran\u0109i en striojn, kubi.<\/p>  <\/div> <\/div> <div id=\"faq-question-1770777596943\" class=\"rank-math-list-item\"> <h3 class=\"rank-math-question\">\u0108u la tran\u0109aj dimensioj povas esti \u011dustigitaj?<\/h3> <div class=\"rank-math-answer\">  <p>Jes. Vi povas \u011dustigi la tran\u0109an grandecon \u015dan\u011dante al malsama klingo grande.<\/p>  <\/div> <\/div> <div id=\"faq-question-1770777656678\" class=\"rank-math-list-item\"> <h3 class=\"rank-math-question\">What is the machine&#8217;s output?<\/h3> <div class=\"rank-math-answer\">  <p>300-600kg\/h.<\/p>  <\/div> <\/div> <div id=\"faq-question-1770777679479\" class=\"rank-math-list-item\"> <h3 class=\"rank-math-question\">\u0108u la ma\u015dino plenumas man\u011da\u0135a sekureco normojn?<\/h3> <div class=\"rank-math-answer\">  <p>Plenumas man\u011da\u0135a sekureco normojn. Nia cepa tran\u0109a ma\u015dino estas farita el 304 neoksidebla \u015dtalo.<\/p>  <\/div> <\/div> <div id=\"faq-question-1770777760718\" class=\"rank-math-list-item\"> <h3 class=\"rank-math-question\">\u0108u \u011di subtenas personigitan tension?<\/h3> <div class=\"rank-math-answer\">  <p>Subtenita. Personigitaj tensioj estas disponeblaj por malsamaj landoj kaj regionoj.<\/p>  <\/div> <\/div> <\/div> <\/div>   <h2 class=\"wp-block-heading\"><strong>Rilata produktlinio de cepa tran\u0109ilo<\/strong><\/h2>    <p>Krom vendi la cepan tran\u0109an ma\u015dinon, ni anka\u016d povas provizi klientojn kun kompleta cepa pulvoro produktlinio. La cepa prilaborado linio inkluzivas la jenajn ekipa\u0135ojn:<\/p>    <ul class=\"wp-block-list\"> <li><a href=\"https:\/\/gingermachines.com\/eo\/product\/automatic-onion-peeling-machine\/\">Cepladma ma\u015dino por cepoj<\/a>: Forigi la eksteran \u015delon, reduktante manan prilaboradon.<\/li>    <li><a href=\"https:\/\/gingermachines.com\/eo\/product\/onion-root-cutting-machine\/\">Cepra radiko tran\u0109ma\u015dino<\/a>: Tran\u0109u cepojn por pli facila sekigo.<\/li>    <li>Cepa sekiga ma\u015dino: Dehidrati kaj sekigi cepajn tran\u0109a\u0135ojn.<\/li>    <li>Cepa muelma\u015dino: Prilaboru sekigitajn cepojn en finan pulvoro.<\/li>    <li>Cepa pulvoro pakado ma\u015dino: A\u016dtomate pezas kaj pakas la finitan produkton.<\/li> <\/ul>    <p>\u0108i tiu tuta cepa pulvoro produktlinio estas tre a\u016dtomatigita kun simpla kaj klara procezo, ta\u016dga por kondimentaj fabrikoj, man\u011da\u0135aj prilaboraj fabrikoj, kaj agrikulturaj produktoj prilaborantaj entreprenoj<\/p>    <figure class=\"wp-block-gallery has-nested-images columns-default is-cropped wp-block-gallery-5 is-layout-flex wp-block-gallery-is-layout-flex\"> <figure class=\"wp-block-image size-large\"><img loading=\"lazy\" decoding=\"async\" width=\"720\" height=\"540\" data-id=\"297\" src=\"https:\/\/gingermachines.com\/wp-content\/uploads\/2025\/12\/onion-root-cutting-equipment.webp\" alt=\"Ma\u015dino por tran\u0109i radikojn de cepo\" class=\"wp-image-297\" title=\"\" srcset=\"https:\/\/gingermachines.com\/wp-content\/uploads\/2025\/12\/onion-root-cutting-equipment.webp 720w, https:\/\/gingermachines.com\/wp-content\/uploads\/2025\/12\/onion-root-cutting-equipment-300x225.webp 300w, https:\/\/gingermachines.com\/wp-content\/uploads\/2025\/12\/onion-root-cutting-equipment-16x12.webp 16w\" sizes=\"auto, (max-width: 720px) 100vw, 720px\" \/><figcaption class=\"wp-element-caption\">Cepa radiktran\u0109a ekipa\u0135o<\/figcaption><\/figure>    <figure class=\"wp-block-image size-large\"><img loading=\"lazy\" decoding=\"async\" width=\"720\" height=\"540\" data-id=\"291\" src=\"https:\/\/gingermachines.com\/wp-content\/uploads\/2025\/12\/onion-peeling-machine.webp\" alt=\"cepha ha\u016dta forprenma\u015dino\" class=\"wp-image-291\" title=\"\" srcset=\"https:\/\/gingermachines.com\/wp-content\/uploads\/2025\/12\/onion-peeling-machine.webp 720w, https:\/\/gingermachines.com\/wp-content\/uploads\/2025\/12\/onion-peeling-machine-300x225.webp 300w, https:\/\/gingermachines.com\/wp-content\/uploads\/2025\/12\/onion-peeling-machine-16x12.webp 16w\" sizes=\"auto, (max-width: 720px) 100vw, 720px\" \/><figcaption class=\"wp-element-caption\">Cepa \u015delo foriga ma\u015dino<\/figcaption><\/figure>    <figure class=\"wp-block-image size-large\"><img loading=\"lazy\" decoding=\"async\" width=\"720\" height=\"540\" data-id=\"361\" src=\"https:\/\/gingermachines.com\/wp-content\/uploads\/2026\/02\/multifunctional-onion-cutter.webp\" alt=\"multifunkcia cepa tran\u0109ilo\" class=\"wp-image-361\" title=\"\" srcset=\"https:\/\/gingermachines.com\/wp-content\/uploads\/2026\/02\/multifunctional-onion-cutter.webp 720w, https:\/\/gingermachines.com\/wp-content\/uploads\/2026\/02\/multifunctional-onion-cutter-300x225.webp 300w, https:\/\/gingermachines.com\/wp-content\/uploads\/2026\/02\/multifunctional-onion-cutter-16x12.webp 16w\" sizes=\"auto, (max-width: 720px) 100vw, 720px\" \/><figcaption class=\"wp-element-caption\">Multifunkcia cepa tran\u0109ilo<\/figcaption><\/figure> <\/figure>    <figure class=\"wp-block-gallery has-nested-images columns-default is-cropped wp-block-gallery-6 is-layout-flex wp-block-gallery-is-layout-flex\"> <figure class=\"wp-block-image size-large\"><img loading=\"lazy\" decoding=\"async\" width=\"720\" height=\"540\" data-id=\"358\" src=\"https:\/\/gingermachines.com\/wp-content\/uploads\/2026\/02\/onion-drying-machine.webp\" alt=\"stainlessa travelo de legomo cepa seka ma\u015dino\" class=\"wp-image-358\" title=\"\" srcset=\"https:\/\/gingermachines.com\/wp-content\/uploads\/2026\/02\/onion-drying-machine.webp 720w, https:\/\/gingermachines.com\/wp-content\/uploads\/2026\/02\/onion-drying-machine-300x225.webp 300w, https:\/\/gingermachines.com\/wp-content\/uploads\/2026\/02\/onion-drying-machine-16x12.webp 16w\" sizes=\"auto, (max-width: 720px) 100vw, 720px\" \/><figcaption class=\"wp-element-caption\">Cepa sekiga ma\u015dino<\/figcaption><\/figure>    <figure class=\"wp-block-image size-large\"><img loading=\"lazy\" decoding=\"async\" width=\"720\" height=\"540\" data-id=\"359\" src=\"https:\/\/gingermachines.com\/wp-content\/uploads\/2026\/02\/onion-grinding-machine.webp\" alt=\"onion grinding machine\" class=\"wp-image-359\" title=\"\" srcset=\"https:\/\/gingermachines.com\/wp-content\/uploads\/2026\/02\/onion-grinding-machine.webp 720w, https:\/\/gingermachines.com\/wp-content\/uploads\/2026\/02\/onion-grinding-machine-300x225.webp 300w, https:\/\/gingermachines.com\/wp-content\/uploads\/2026\/02\/onion-grinding-machine-16x12.webp 16w\" sizes=\"auto, (max-width: 720px) 100vw, 720px\" \/><figcaption class=\"wp-element-caption\">Cepa muelma\u015dino<\/figcaption><\/figure>    <figure class=\"wp-block-image size-large\"><img loading=\"lazy\" decoding=\"async\" width=\"720\" height=\"540\" data-id=\"360\" src=\"https:\/\/gingermachines.com\/wp-content\/uploads\/2026\/02\/onion-powder-packing-machine.webp\" alt=\"onion powder packing machine\" class=\"wp-image-360\" title=\"\" srcset=\"https:\/\/gingermachines.com\/wp-content\/uploads\/2026\/02\/onion-powder-packing-machine.webp 720w, https:\/\/gingermachines.com\/wp-content\/uploads\/2026\/02\/onion-powder-packing-machine-300x225.webp 300w, https:\/\/gingermachines.com\/wp-content\/uploads\/2026\/02\/onion-powder-packing-machine-16x12.webp 16w\" sizes=\"auto, (max-width: 720px) 100vw, 720px\" \/><figcaption class=\"wp-element-caption\">Cepa pulvoro pakado ma\u015dino<\/figcaption><\/figure> <\/figure>    <h2 class=\"wp-block-heading\"><strong>Kontaktu nin por pli da informoj!<\/strong><\/h2>    <p>Se vi ser\u0109as la cepan tran\u0109an ma\u015dinon a\u016d aliajn cepajn prilaborajn ekipa\u0135ojn, bonvolu kontakti nin. Elekti Taizy signifas, ke vi ricevos:<\/p>    <ul class=\"wp-block-list\"> <li>Ekipa\u0135a elekto gvidado<\/li>    <li>Personigitaj produktaj solvoj<\/li>    <li>Teknika kaj operacia gvidado<\/li>    <li>Longtempa post-venda servo<\/li> <\/ul>    <p>Don&#8217;t hesitate, contact us now to help upgrade your production!<\/p>","protected":false},"excerpt":{"rendered":"<p>This article mainly introduces the onion cutting machine. The onion cutter is multifunctional and efficient, with a production capacity of 200-1000 kg\/h. It can be used for onions, potatoes, cucumbers, and ginger, and supports dicing, slicing, and wavy cutting.<\/p>","protected":false},"author":1,"featured_media":357,"parent":0,"template":"","tags":[9],"product-type":[6],"class_list":["post-345","product","type-product","status-publish","has-post-thumbnail","hentry","tag-onion","product-type-products"],"_links":{"self":[{"href":"https:\/\/gingermachines.com\/eo\/wp-json\/wp\/v2\/product\/345","targetHints":{"allow":["GET"]}}],"collection":[{"href":"https:\/\/gingermachines.com\/eo\/wp-json\/wp\/v2\/product"}],"about":[{"href":"https:\/\/gingermachines.com\/eo\/wp-json\/wp\/v2\/types\/product"}],"author":[{"embeddable":true,"href":"https:\/\/gingermachines.com\/eo\/wp-json\/wp\/v2\/users\/1"}],"wp:featuredmedia":[{"embeddable":true,"href":"https:\/\/gingermachines.com\/eo\/wp-json\/wp\/v2\/media\/357"}],"wp:attachment":[{"href":"https:\/\/gingermachines.com\/eo\/wp-json\/wp\/v2\/media?parent=345"}],"wp:term":[{"taxonomy":"post_tag","embeddable":true,"href":"https:\/\/gingermachines.com\/eo\/wp-json\/wp\/v2\/tags?post=345"},{"taxonomy":"product-type","embeddable":true,"href":"https:\/\/gingermachines.com\/eo\/wp-json\/wp\/v2\/product-type?post=345"}],"curies":[{"name":"wp","href":"https:\/\/api.w.org\/{rel}","templated":true}]}}