{"id":33,"date":"2022-09-07T01:52:50","date_gmt":"2022-09-06T17:52:50","guid":{"rendered":"https:\/\/gingermachines.com\/?post_type=product&#038;p=33"},"modified":"2023-03-07T15:57:20","modified_gmt":"2023-03-07T07:57:20","slug":"ginger-washing-machine","status":"publish","type":"product","link":"https:\/\/gingermachines.com\/eo\/product\/ginger-washing-machine\/","title":{"rendered":"Ginger-lavma\u015dino"},"content":{"rendered":"<p class=\"translation-block\"><strong>Zingibro lavma\u015dino<\/strong> estas brush-type puriga ma\u015dino. \u0108i-ma\u015dino havas trajtojn de supera efikeco, alta a\u016dtomatigo, kaj energiasavo. \u011ci estas ideale por lavado kaj purigado de zingibro, terpomoj, dol\u0109a terpo, karotoj, yam, parsnip, beet, rutabaga, horseradish, taro, pomo, loto radiko, ktp. Kaj vaste uzata en legomo-procezo-fabrika\u0135oj, frukto-procezo-fabrika\u0135oj, restoracioj, lernejoj, hoteloj, ktp. La zingibro lavma\u015dino havas la funkciojn de plene a\u016dtomata lavado kaj purigado. \u011cia kapacito varias de 700 kg\/h \u011dis 3000 kg\/h. <\/p>    <p>\u0108iuj ma\u015dinoj uzas ner\u011dan \u015dtalan materialon, kiu estas man\u011da\u011da kaj da\u016dra. \u0108u vi ser\u0109as kvalitan zingibro lavma\u015dinon? Kontaktu nin por komenci vian zingibro-komercadon.<\/p>    <figure class=\"wp-block-image size-full\"><img loading=\"lazy\" decoding=\"async\" width=\"720\" height=\"540\" src=\"https:\/\/gingermachines.com\/wp-content\/uploads\/2022\/09\/brush-type-vegetable-washing-machine.jpg\" alt=\"brush-type legomha\u016do-lav-ma\u015dino\" class=\"wp-image-72\" title=\"\" srcset=\"https:\/\/gingermachines.com\/wp-content\/uploads\/2022\/09\/brush-type-vegetable-washing-machine.jpg 720w, https:\/\/gingermachines.com\/wp-content\/uploads\/2022\/09\/brush-type-vegetable-washing-machine-300x225.jpg 300w\" sizes=\"auto, (max-width: 720px) 100vw, 720px\" \/><figcaption class=\"wp-element-caption\">Brush-Type Legomo-Lavma\u015dino<\/figcaption><\/figure>    <h2 class=\"wp-block-heading\" id=\"h-features\">Trajtoj de zingibro lavma\u015dino <\/h2>    <ol class=\"wp-block-list\" type=\"1\"> <li>Plej vasta uzo. La zingibro puriga ma\u015dino estas vaste uzata por prilaborado de diversaj radikaj vegetaloj, kiel zingibro, terpomo, yam, karoto, blanka radiko, kudzu, ktp.<\/li>    <li>\u0108iuj ma\u015dinoj uzas ner\u011dan \u015dtalan korpan strukturon, man\u011de-bazitan materialon.<\/li>    <li>La \u015dpruca akvo estas ventumita en granda areo kun alta premo, efika kaj rapida.<\/li>    <li>Nylona makulo. La makulmaterialo estas traktita per speciala procezo, kiu havas bonan eltroveblon.<\/li>    <li>Interna movada parto. Gitro, motoro, kaj \u0109eno por movi la ma\u015dinon, la zingibra lavma\u015dino havas kompaktan strukturon kaj rezoncan desegnon.<\/li>    <li>Akvo kaj resta\u0135a kolekta tavolo. \u011ci kolektas la malpurigajn akvon kaj resta\u0135ojn de unu elfluanta elfluinto kaj preventas fluo al la planko.<\/li>    <li>OEM\/ODM servo havebla. Ni provizas fortan \u015dan\u011deblan servon por plenumi iujn el viaj apartaj postuloj.<\/li> <\/ol>    <figure class=\"wp-block-image size-full\"><img loading=\"lazy\" decoding=\"async\" width=\"720\" height=\"540\" src=\"https:\/\/gingermachines.com\/wp-content\/uploads\/2022\/09\/ginger-washer-machine-structure.jpg\" alt=\"struukturo de ginger-lavma\u015dino\" class=\"wp-image-74\" title=\"\" srcset=\"https:\/\/gingermachines.com\/wp-content\/uploads\/2022\/09\/ginger-washer-machine-structure.jpg 720w, https:\/\/gingermachines.com\/wp-content\/uploads\/2022\/09\/ginger-washer-machine-structure-300x225.jpg 300w\" sizes=\"auto, (max-width: 720px) 100vw, 720px\" \/><figcaption class=\"wp-element-caption\">Zingibro Lavma\u015dino Struktur'<\/figcaption><\/figure>    <h2 class=\"wp-block-heading\" id=\"h-parameters\">Parametroj de TAIZY zingibra purigado- lavma\u015dino<\/h2>    <figure class=\"wp-block-table\"><table><tbody><tr><td>Modelo<\/td><td>Grandeco(mm)<\/td><td>Pezo(kg)<\/td><td>Potenco(kW)<\/td><td>Kapacito(kg\/h)<\/td><\/tr><tr><td>CY800<\/td><td>1580*850*800<\/td><td>180<\/td><td>1.1<\/td><td>700kg\/h<\/td><\/tr><tr><td>CY1000<\/td><td>1780*850*800<\/td><td>220<\/td><td>1.5<\/td><td>1000kg\/h<\/td><\/tr><tr><td>CY1200<\/td><td>1980*850*800<\/td><td>240<\/td><td>1.5<\/td><td>1200kg\/h<\/td><\/tr><tr><td>CY1500<\/td><td>2280*850*800<\/td><td>260<\/td><td>2.2<\/td><td>1500kg\/h<\/td><\/tr><tr><td>CY1800<\/td><td>2580*850*800<\/td><td>280<\/td><td>2.2<\/td><td>1800kg\/h<\/td><\/tr><tr><td>CY2000<\/td><td>2780*850*800<\/td><td>320<\/td><td>3<\/td><td>2000kg\/h<\/td><\/tr><tr><td>CY2600<\/td><td>3400*850*800<\/td><td>600<\/td><td>4<\/td><td>3000kg\/h<\/td><\/tr><\/tbody><\/table><\/figure>    <h2 class=\"wp-block-heading\" id=\"h-working-principle-of-the-ginger-washing-machine\">Labor-principo de la zingibro lavma\u015dino<\/h2>    <p>La zingibra purig-ma\u015dino uzas la principon de brush-frikcio kaj estas vaste uzata por purigi kaj \u015dveliigi ronda\u0135ojn kaj ovalajn fruktojn kaj legomojn. Ekzemple zingibro, karoto, dol\u0109a dol\u0109a terpom... La ma\u015dino povas esti lavita a\u016d \u015deligita per \u015dan\u011do de brush-rolleroj. La\u016d la trajtoj de la produktoj, la brush-lav-ma\u015dino povas esti ekipita per malmolaj a\u016d molaj brosoj por eviti dama\u011don. Kun la rulado de la broso, la puriga kaj \u015delesa efiko estas atingita per la frikcio inter la broso kaj la produkto. <\/p>    <p>\u0108i tiu ma\u015dino povas purigi memstare a\u016d kunlabori pri purigado kaj senpelado samtempe. La ekipa\u0135o havas belan aspekto, facilan funkciadon, grandan purigadon kaj senpeladan volumnon, altan efikecon, malaltan energi-konsumon, kaj povas funkcii sen\u0109e. La maksola materialo post speciala prilaborado estas da\u016dra, kaj la ekipa\u0135o estas farita el alt-kvalita ner\u011da \u015dtalo.<\/p>    <h2 class=\"wp-block-heading\" id=\"h-structure-details-of-the-ginger-processing-cleaning-machine\">Detaloj pri la strukturaj detaloj de la monda\u011da prilaborada ma\u015dino por zingibro<\/h2>    <ol class=\"wp-block-list\" type=\"1\"> <li>Ma\u015dina korpo. \u0108i tiu ma\u015dino uzas ner\u011dan \u015dtalan materialon, kiu havas longan vivda\u016dron kaj estas tre faciluzebla purigi.<\/li>    <li>Brush roll. La broso ruli\u011das el nerfi\u015da \u015dnuro, \u011di estas tre stabila kaj forta.<\/li>    <li>Nia a\u016dto-spr\u00f8ca akvomosado. La ma\u015dino uzas a\u016dtomatan pluartingon por purigi akvon, \u011di povas konekti la alimentan tubon kaj plenumi profundan puri\u011don.<\/li>    <li>Elfluanto. Uzatas a\u016dtomatan rotacian mal\u015duti\u011don, kiu savas forton kaj tempon.<\/li> <\/ol>    <div class=\"wp-block-columns is-layout-flex wp-container-core-columns-is-layout-9d6595d7 wp-block-columns-is-layout-flex\"> <div class=\"wp-block-column is-layout-flow wp-block-column-is-layout-flow\"> <figure class=\"wp-block-gallery has-nested-images columns-default is-cropped wp-block-gallery-2 is-layout-flex wp-block-gallery-is-layout-flex\"> <figure class=\"wp-block-image size-full\"><img loading=\"lazy\" decoding=\"async\" width=\"800\" height=\"730\" data-id=\"75\" src=\"https:\/\/gingermachines.com\/wp-content\/uploads\/2022\/09\/ginger-washing-machine-factory.jpg\" alt=\"zingibro lavma\u015dino fabriko\" class=\"wp-image-75\" title=\"\" srcset=\"https:\/\/gingermachines.com\/wp-content\/uploads\/2022\/09\/ginger-washing-machine-factory.jpg 800w, https:\/\/gingermachines.com\/wp-content\/uploads\/2022\/09\/ginger-washing-machine-factory-300x274.jpg 300w, https:\/\/gingermachines.com\/wp-content\/uploads\/2022\/09\/ginger-washing-machine-factory-768x701.jpg 768w\" sizes=\"auto, (max-width: 800px) 100vw, 800px\" \/><figcaption class=\"wp-element-caption\">Zingibro Lavma\u015dino Fabriko<\/figcaption><\/figure> <\/figure> <\/div>    <div class=\"wp-block-column is-layout-flow wp-block-column-is-layout-flow\"> <figure class=\"wp-block-gallery has-nested-images columns-default is-cropped wp-block-gallery-3 is-layout-flex wp-block-gallery-is-layout-flex\"> <figure class=\"wp-block-image size-full\"><img loading=\"lazy\" decoding=\"async\" width=\"800\" height=\"730\" data-id=\"76\" src=\"https:\/\/gingermachines.com\/wp-content\/uploads\/2022\/09\/ginger-washer-details.jpg\" alt=\"zingibro lav-ma\u015dino detaloj\" class=\"wp-image-76\" title=\"\" srcset=\"https:\/\/gingermachines.com\/wp-content\/uploads\/2022\/09\/ginger-washer-details.jpg 800w, https:\/\/gingermachines.com\/wp-content\/uploads\/2022\/09\/ginger-washer-details-300x274.jpg 300w, https:\/\/gingermachines.com\/wp-content\/uploads\/2022\/09\/ginger-washer-details-768x701.jpg 768w\" sizes=\"auto, (max-width: 800px) 100vw, 800px\" \/><figcaption class=\"wp-element-caption\">Detala\u0135oj de la zingibro lavma\u015dino<\/figcaption><\/figure> <\/figure> <\/div> <\/div>    <h2 class=\"wp-block-heading\">Zingibro lavma\u015din-fabrikantoj <\/h2>    <p>Anta\u016d*&gt; a\u0109etante kvalitan zingibran lavnorman ma\u015dinon, gravas trovi kvalitan zingibro lav-montan fabrikiston. Alie, vi pasigos pli da tempo pri komunikado, bontenado, kaj anstata\u016digo de ma\u015dinoj. TAIZY zingibro lavma\u015dino estas brush-type vegedreta lavi-ma\u015dino. \u011ci havas superean kvaliton, bonan agon, kaj malrapidan prezon. <\/p>    <p class=\"translation-block\">Krom la zingibro lav-ma\u015dino, ni anka\u016d provizas <a href=\"https:\/\/gingermachines.com\/eo\/product\/ginger-slicing-machine\/\">zingibro tran\u0109-ma\u015dino<\/a>, zingibro seka-ma\u015dino, <a href=\"https:\/\/gingermachines.com\/eo\/product\/ginger-grinding-machine\/\">zingibro mueli-ma\u015dino<\/a>, kaj <a href=\"https:\/\/gingermachines.com\/eo\/product\/ginger-powder-processing-line\/\">zingibro pulvera-faranta ma\u015dino<\/a>. \u0108u vi ser\u0109as fidindan zingibron ma\u015dinon? Lasu viajn postulojn kaj ni respondos vin tuj. <\/p>","protected":false},"excerpt":{"rendered":"<p>Ginger washing machine is a brush-type cleaning machine. This machine has the features of super efficiency, high automation, and energy saving. It is extremely ideal for washing and cleaning ginger, potatoes, sweet potato, carrots, yam, parsnip, beet, rutabaga, horseradish, taro, apple, lotus root, etc. And widely used in vegetable processing plants, fruit processing plants, restaurants, [&hellip;]<\/p>\n","protected":false},"author":1,"featured_media":70,"parent":0,"template":"","tags":[8],"product-type":[6],"class_list":["post-33","product","type-product","status-publish","has-post-thumbnail","hentry","tag-ginger-processing-machine","product-type-products"],"_links":{"self":[{"href":"https:\/\/gingermachines.com\/eo\/wp-json\/wp\/v2\/product\/33","targetHints":{"allow":["GET"]}}],"collection":[{"href":"https:\/\/gingermachines.com\/eo\/wp-json\/wp\/v2\/product"}],"about":[{"href":"https:\/\/gingermachines.com\/eo\/wp-json\/wp\/v2\/types\/product"}],"author":[{"embeddable":true,"href":"https:\/\/gingermachines.com\/eo\/wp-json\/wp\/v2\/users\/1"}],"wp:featuredmedia":[{"embeddable":true,"href":"https:\/\/gingermachines.com\/eo\/wp-json\/wp\/v2\/media\/70"}],"wp:attachment":[{"href":"https:\/\/gingermachines.com\/eo\/wp-json\/wp\/v2\/media?parent=33"}],"wp:term":[{"taxonomy":"post_tag","embeddable":true,"href":"https:\/\/gingermachines.com\/eo\/wp-json\/wp\/v2\/tags?post=33"},{"taxonomy":"product-type","embeddable":true,"href":"https:\/\/gingermachines.com\/eo\/wp-json\/wp\/v2\/product-type?post=33"}],"curies":[{"name":"wp","href":"https:\/\/api.w.org\/{rel}","templated":true}]}}