{"id":296,"date":"2025-12-17T13:33:47","date_gmt":"2025-12-17T05:33:47","guid":{"rendered":"https:\/\/gingermachines.com\/?post_type=product&#038;p=296"},"modified":"2025-12-17T14:08:31","modified_gmt":"2025-12-17T06:08:31","slug":"onion-root-cutting-machine","status":"publish","type":"product","link":"https:\/\/gingermachines.com\/eo\/product\/onion-root-cutting-machine\/","title":{"rendered":"Cepra radiko tran\u0109ma\u015dino"},"content":{"rendered":"<p class=\"translation-block\">Taizy <strong>ma\u015dino por tran\u0109i radikojn de cepo<\/strong> estas speciale desegnita por forigi la radikojn kaj voston de cepo. \u011ci povas tran\u0109i cepojn kun diametro de 5 cm a\u016d pli. La ma\u015dino provizas purajn kaj precizajn tran\u0109ojn, \u011dojas pri alta efikeco kaj granda produktado, kun kapacito \u011dis 500 kg\/h.<\/p>    <p class=\"wp-embed-aspect-16-9 wp-has-aspect-ratio\">Nia ma\u015dino por tran\u0109i radikojn de cepo kutime estas uzata kune kun la cepa \u015delma\u015dino por oportuna sekva prilaborado. Por pli da informoj, bonvolu kontakti nin!<\/p>    <figure class=\"wp-block-embed is-type-video is-provider-youtube wp-block-embed-youtube wp-embed-aspect-16-9 wp-has-aspect-ratio\"><div class=\"wp-block-embed__wrapper\"> <iframe loading=\"lazy\" title=\"A\u016dtomata ma\u015dino por tran\u0109i radikojn de cepo | Kiel funkcias la ma\u015dino por forigi radikojn de cepo?\" width=\"500\" height=\"281\" src=\"https:\/\/www.youtube.com\/embed\/gZsAYGyDQGk?feature=oembed\" frameborder=\"0\" allow=\"accelerometer; autoplay; clipboard-write; encrypted-media; gyroscope; picture-in-picture; web-share\" referrerpolicy=\"strict-origin-when-cross-origin\" allowfullscreen><\/iframe> <\/div><figcaption class=\"wp-element-caption\">laborvideo de cepa radika tran\u0109a ekipa\u0135o<\/figcaption><\/figure>    <h2 class=\"wp-block-heading\"><strong>Trajtoj de ma\u015dino por radikoj de cepo<\/strong><\/h2>    <ul class=\"wp-block-list\"> <li>Nia ma\u015dino por tran\u0109i radikojn de cepo estas farita el <strong>stainless steel<\/strong>, farante \u011din korodrezista kaj da\u016drema.<\/li>    <li>La ma\u015dino por tran\u0109i radikojn de cepo estas <strong>facile uzi<\/strong>. \u011ci povas esti facile uzata per simple premado de kelkaj butonoj.<\/li>    <li>La Taizy ma\u015dino por tran\u0109i radikojn de cepo estas <strong>tre efika<\/strong>, kun produktadkapacito \u011dis 500 kg\/h.<\/li>    <li>\u011ci produktas cepojn kun glataj tran\u0109aj surfacoj kaj <strong>malalta dama\u011da indico<\/strong>.<\/li>    <li>La cepa radika tran\u0109ilo povas esti uzata en <strong>kune kun la cepa \u015delma\u015dino<\/strong> por formi cepan \u015deladon kaj radikan tran\u0109an linion.<\/li> <\/ul>   <div class=\"wp-block-image\"> <figure class=\"aligncenter size-full\"><img loading=\"lazy\" decoding=\"async\" width=\"720\" height=\"540\" src=\"https:\/\/gingermachines.com\/wp-content\/uploads\/2025\/12\/onion-root-cutting-equipment.webp\" alt=\"Ma\u015dino por tran\u0109i radikojn de cepo\" class=\"wp-image-297\" title=\"\" srcset=\"https:\/\/gingermachines.com\/wp-content\/uploads\/2025\/12\/onion-root-cutting-equipment.webp 720w, https:\/\/gingermachines.com\/wp-content\/uploads\/2025\/12\/onion-root-cutting-equipment-300x225.webp 300w, https:\/\/gingermachines.com\/wp-content\/uploads\/2025\/12\/onion-root-cutting-equipment-16x12.webp 16w\" sizes=\"auto, (max-width: 720px) 100vw, 720px\" \/><figcaption class=\"wp-element-caption\">Ma\u015dino por tran\u0109i radikojn de cepo<\/figcaption><\/figure> <\/div>   <h2 class=\"wp-block-heading\"><strong>Aplikeblaj materialoj por ma\u015dino por tran\u0109i radikojn de cepo<\/strong><\/h2>    <p>\u0108i tiu ma\u015dino por tran\u0109i radikojn de cepo estas \u0109efe ta\u016dga por diversaj specoj de cepo, inkluzive de flavaj, ru\u011daj kaj blankaj cepoj. Nia radika tran\u0109ilo estas ta\u016dga por cepoj kun diametro de \u22655 cm. Por cepoj kun pli malgrandaj diametroj, necesas kustomizado.<\/p>    <figure class=\"wp-block-gallery has-nested-images columns-default is-cropped wp-block-gallery-2 is-layout-flex wp-block-gallery-is-layout-flex\"> <figure class=\"wp-block-image size-large\"><img loading=\"lazy\" decoding=\"async\" width=\"720\" height=\"540\" data-id=\"298\" src=\"https:\/\/gingermachines.com\/wp-content\/uploads\/2025\/12\/application-of-onion-root-cutter-machine.webp\" alt=\"application of onion root cutter machine\" class=\"wp-image-298\" title=\"\" srcset=\"https:\/\/gingermachines.com\/wp-content\/uploads\/2025\/12\/application-of-onion-root-cutter-machine.webp 720w, https:\/\/gingermachines.com\/wp-content\/uploads\/2025\/12\/application-of-onion-root-cutter-machine-300x225.webp 300w, https:\/\/gingermachines.com\/wp-content\/uploads\/2025\/12\/application-of-onion-root-cutter-machine-16x12.webp 16w\" sizes=\"auto, (max-width: 720px) 100vw, 720px\" \/><figcaption class=\"wp-element-caption\">Apliko de ma\u015dino por tran\u0109i radikojn de cepo<\/figcaption><\/figure>    <figure class=\"wp-block-image size-large\"><img loading=\"lazy\" decoding=\"async\" width=\"720\" height=\"540\" data-id=\"300\" src=\"https:\/\/gingermachines.com\/wp-content\/uploads\/2025\/12\/application-of-onion-root-stem-cutting-machine.webp\" alt=\"application of onion root stem cutting machine\" class=\"wp-image-300\" title=\"\" srcset=\"https:\/\/gingermachines.com\/wp-content\/uploads\/2025\/12\/application-of-onion-root-stem-cutting-machine.webp 720w, https:\/\/gingermachines.com\/wp-content\/uploads\/2025\/12\/application-of-onion-root-stem-cutting-machine-300x225.webp 300w, https:\/\/gingermachines.com\/wp-content\/uploads\/2025\/12\/application-of-onion-root-stem-cutting-machine-16x12.webp 16w\" sizes=\"auto, (max-width: 720px) 100vw, 720px\" \/><figcaption class=\"wp-element-caption\">Apliko de ma\u015dino por tran\u0109i radikojn de cepo<\/figcaption><\/figure>    <figure class=\"wp-block-image size-large\"><img loading=\"lazy\" decoding=\"async\" width=\"720\" height=\"540\" data-id=\"299\" src=\"https:\/\/gingermachines.com\/wp-content\/uploads\/2025\/12\/application-of-onion-root-cutter.webp\" alt=\"application of onion root cutter\" class=\"wp-image-299\" title=\"\" srcset=\"https:\/\/gingermachines.com\/wp-content\/uploads\/2025\/12\/application-of-onion-root-cutter.webp 720w, https:\/\/gingermachines.com\/wp-content\/uploads\/2025\/12\/application-of-onion-root-cutter-300x225.webp 300w, https:\/\/gingermachines.com\/wp-content\/uploads\/2025\/12\/application-of-onion-root-cutter-16x12.webp 16w\" sizes=\"auto, (max-width: 720px) 100vw, 720px\" \/><figcaption class=\"wp-element-caption\">Apliko de ma\u015dino por tran\u0109i radikojn de cepo<\/figcaption><\/figure> <\/figure>    <h2 class=\"wp-block-heading\"><strong>Specifoj de la ma\u015dino por tran\u0109i radikojn de cepo<\/strong><\/h2>    <p>Por helpi klientojn rapide kompreni la specifojn de la cepa radika tran\u0109a ekipa\u0135o, la kernaj teknikaj parametroj de la ma\u015dino estas resumitaj sube:<\/p>    <figure class=\"wp-block-table\"><table class=\"has-fixed-layout\"><tbody><tr><td>Potenco<\/td><td>380v\/1.5kw<\/td><\/tr><tr><td>Ma\u015dina grandeco<\/td><td>280*81*150cm<\/td><\/tr><tr><td>Pezo de ma\u015dino<\/td><td>30kg<\/td><\/tr><tr><td>Kapacito<\/td><td>500kg\/h<\/td><\/tr><\/tbody><\/table><figcaption class=\"wp-element-caption\">Parametro de la vosto kaj kapo tran\u0109ilo de cepo<\/figcaption><\/figure>    <h2 class=\"wp-block-heading\"><strong>Kiel funkcias ma\u015dino por tran\u0109i radikojn de cepo?<\/strong><\/h2>    <ol class=\"wp-block-list\"> <li>Komence de la procezo, laboristoj metas la cepojn sur tenilojn sur la konveja\u0135a rulo. La teniloj a\u016dtomate tenas la cepojn, konservante ilin stabilaj dum transportado.<\/li>    <li>La cepoj tiam estas transportitaj al la tran\u0109a areo. En \u0109i tiu areo, du serioj de alt-rapide rotaciantaj klingoj funkcias sinkronie por a\u016dtomate tran\u0109i la radikon kaj voston de \u0109iu cepo.<\/li>    <li>Post tran\u0109ado, la cepoj da\u016dre movi\u011das anta\u016den sur la konveja rulo kaj a\u016dtomate eliras el la elirejo.<\/li> <\/ol>    <figure class=\"wp-block-gallery has-nested-images columns-default is-cropped wp-block-gallery-3 is-layout-flex wp-block-gallery-is-layout-flex\"> <figure class=\"wp-block-image size-large\"><img loading=\"lazy\" decoding=\"async\" width=\"720\" height=\"540\" data-id=\"301\" src=\"https:\/\/gingermachines.com\/wp-content\/uploads\/2025\/12\/onion-head-and-tail-cutter.webp\" alt=\"onion head and tail cutter\" class=\"wp-image-301\" title=\"\" srcset=\"https:\/\/gingermachines.com\/wp-content\/uploads\/2025\/12\/onion-head-and-tail-cutter.webp 720w, https:\/\/gingermachines.com\/wp-content\/uploads\/2025\/12\/onion-head-and-tail-cutter-300x225.webp 300w, https:\/\/gingermachines.com\/wp-content\/uploads\/2025\/12\/onion-head-and-tail-cutter-16x12.webp 16w\" sizes=\"auto, (max-width: 720px) 100vw, 720px\" \/><figcaption class=\"wp-element-caption\">Radiko kaj vosto tran\u0109ilo de cepo<\/figcaption><\/figure>    <figure class=\"wp-block-image size-large\"><img loading=\"lazy\" decoding=\"async\" width=\"720\" height=\"540\" data-id=\"302\" src=\"https:\/\/gingermachines.com\/wp-content\/uploads\/2025\/12\/onion-root-stem-cuuting-machine.webp\" alt=\"onion root stem cuuting machine\" class=\"wp-image-302\" title=\"\" srcset=\"https:\/\/gingermachines.com\/wp-content\/uploads\/2025\/12\/onion-root-stem-cuuting-machine.webp 720w, https:\/\/gingermachines.com\/wp-content\/uploads\/2025\/12\/onion-root-stem-cuuting-machine-300x225.webp 300w, https:\/\/gingermachines.com\/wp-content\/uploads\/2025\/12\/onion-root-stem-cuuting-machine-16x12.webp 16w\" sizes=\"auto, (max-width: 720px) 100vw, 720px\" \/><figcaption class=\"wp-element-caption\">Ma\u015dino por tran\u0109i radikojn de cepo<\/figcaption><\/figure> <\/figure>    <h2 class=\"wp-block-heading\"><strong>Radiko kaj vosto tran\u0109ilo kaj sen\u015deliga linio<\/strong><\/h2>    <p class=\"translation-block\">La ma\u015dino por tran\u0109i radikojn de cepo povas esti uzata kune kun \u015dranko kaj la <a href=\"https:\/\/gingermachines.com\/eo\/product\/automatic-onion-peeling-machine\/\">cep\u015delma\u015dino<\/a> por formi kompletan cepan \u015deladon kaj radikan tran\u0109an linion. La procezo estas kiel sekvas:<\/p>    <ol class=\"wp-block-list\"> <li>La cepoj unue estas prilaboritaj de la ma\u015dino por tran\u0109i radikojn de cepo.<\/li>    <li>La cepoj, post esti tran\u0109itaj, estas transportitaj al la cepa \u015delma\u015dino per konveja\u0135o.<\/li>    <li>La cepa \u015delma\u015dino poste \u015delas la cepojn.<\/li> <\/ol>    <p>La tuta linio havas a\u016dtomatan transportadon, certigante glatan transiron inter la radika tran\u0109ado kaj \u015delado, plibonigante produktadefikecon kaj reduktante manan laboron.<\/p>    <figure class=\"wp-block-gallery has-nested-images columns-default is-cropped wp-block-gallery-4 is-layout-flex wp-block-gallery-is-layout-flex\"> <figure class=\"wp-block-image size-large\"><img loading=\"lazy\" decoding=\"async\" width=\"720\" height=\"540\" data-id=\"305\" src=\"https:\/\/gingermachines.com\/wp-content\/uploads\/2025\/12\/onion-peeling-line-2.webp\" alt=\"Cepo\u015delila linio\" class=\"wp-image-305\" title=\"\" srcset=\"https:\/\/gingermachines.com\/wp-content\/uploads\/2025\/12\/onion-peeling-line-2.webp 720w, https:\/\/gingermachines.com\/wp-content\/uploads\/2025\/12\/onion-peeling-line-2-300x225.webp 300w, https:\/\/gingermachines.com\/wp-content\/uploads\/2025\/12\/onion-peeling-line-2-16x12.webp 16w\" sizes=\"auto, (max-width: 720px) 100vw, 720px\" \/><figcaption class=\"wp-element-caption\">Cepo\u015delila Linio<\/figcaption><\/figure>    <figure class=\"wp-block-image size-large\"><img loading=\"lazy\" decoding=\"async\" width=\"720\" height=\"540\" data-id=\"303\" src=\"https:\/\/gingermachines.com\/wp-content\/uploads\/2025\/12\/onion-root-cutting-machine.webp\" alt=\"onion root cutting machine\" class=\"wp-image-303\" title=\"\" srcset=\"https:\/\/gingermachines.com\/wp-content\/uploads\/2025\/12\/onion-root-cutting-machine.webp 720w, https:\/\/gingermachines.com\/wp-content\/uploads\/2025\/12\/onion-root-cutting-machine-300x225.webp 300w, https:\/\/gingermachines.com\/wp-content\/uploads\/2025\/12\/onion-root-cutting-machine-16x12.webp 16w\" sizes=\"auto, (max-width: 720px) 100vw, 720px\" \/><figcaption class=\"wp-element-caption\">Ma\u015dino por tran\u0109i radikojn de cepo<\/figcaption><\/figure>    <figure class=\"wp-block-image size-large\"><img loading=\"lazy\" decoding=\"async\" width=\"720\" height=\"540\" data-id=\"304\" src=\"https:\/\/gingermachines.com\/wp-content\/uploads\/2025\/12\/onion-peeling-machine-1.webp\" alt=\"cep\u015delilo\" class=\"wp-image-304\" title=\"\" srcset=\"https:\/\/gingermachines.com\/wp-content\/uploads\/2025\/12\/onion-peeling-machine-1.webp 720w, https:\/\/gingermachines.com\/wp-content\/uploads\/2025\/12\/onion-peeling-machine-1-300x225.webp 300w, https:\/\/gingermachines.com\/wp-content\/uploads\/2025\/12\/onion-peeling-machine-1-16x12.webp 16w\" sizes=\"auto, (max-width: 720px) 100vw, 720px\" \/><figcaption class=\"wp-element-caption\">Ma\u015dino por \u015delado de cepo<\/figcaption><\/figure> <\/figure>    <h2 class=\"wp-block-heading\"><strong>Kial elekti Taizy kiel vian provizanton?<\/strong><\/h2>    <p>Elekti Taizy ma\u015dinon por tran\u0109i radikojn de cepo bazi\u011das sur nia vasta sperto kaj stabilaj produktadkapabloj en la industrio de man\u011da\u0135a prilaborado. \u0108iuj niaj ekipa\u0135oj subiras rigorajn testojn por certigi optimuman rendimenton.<\/p>    <p>Krome, Taizy ofertas kustomizitajn servojn bazitajn sur la produktadpostuloj de klientoj, tensiokonfliktojn, kaj prilaborajn procedurojn. Ni anka\u016d provizas ampleksan post-vendadan servon, inkluzive de teknika subteno, por helpi niajn klientojn plibonigi produktadfikecon.<\/p>    <h2 class=\"wp-block-heading\"><strong>Kontaktu nin por pli da informoj!<\/strong><\/h2>    <p>La ma\u015dino por tran\u0109i radikojn de cepo estas unu el la \u0109efaj ekipa\u0135oj en cepa prilaborada produktadlinio. Elekti altkvalitan ma\u015dinon estas esenca por plibonigi produktadfikecon kaj certigi longda\u016dran profitadon.<\/p>    <p>Se vi ser\u0109as ma\u015dinon por tran\u0109i radikojn de cepo, bonvolu kontakti nin! Ni provizos al vi la plej altkvalitan ekipa\u0135on kaj la plej bonan servon!<\/p>","protected":false},"excerpt":{"rendered":"<p>This article mainly introduces the onion root cutting machine, including its functions, parameters, and working principle. Our onion root cutter machine can remove both the root and tail of the onion simultaneously, with a cutting speed of up to 500 kg\/hour.<\/p>","protected":false},"author":1,"featured_media":306,"parent":0,"template":"","tags":[9],"product-type":[6],"class_list":["post-296","product","type-product","status-publish","has-post-thumbnail","hentry","tag-onion","product-type-products"],"_links":{"self":[{"href":"https:\/\/gingermachines.com\/eo\/wp-json\/wp\/v2\/product\/296","targetHints":{"allow":["GET"]}}],"collection":[{"href":"https:\/\/gingermachines.com\/eo\/wp-json\/wp\/v2\/product"}],"about":[{"href":"https:\/\/gingermachines.com\/eo\/wp-json\/wp\/v2\/types\/product"}],"author":[{"embeddable":true,"href":"https:\/\/gingermachines.com\/eo\/wp-json\/wp\/v2\/users\/1"}],"wp:featuredmedia":[{"embeddable":true,"href":"https:\/\/gingermachines.com\/eo\/wp-json\/wp\/v2\/media\/306"}],"wp:attachment":[{"href":"https:\/\/gingermachines.com\/eo\/wp-json\/wp\/v2\/media?parent=296"}],"wp:term":[{"taxonomy":"post_tag","embeddable":true,"href":"https:\/\/gingermachines.com\/eo\/wp-json\/wp\/v2\/tags?post=296"},{"taxonomy":"product-type","embeddable":true,"href":"https:\/\/gingermachines.com\/eo\/wp-json\/wp\/v2\/product-type?post=296"}],"curies":[{"name":"wp","href":"https:\/\/api.w.org\/{rel}","templated":true}]}}