{"id":274,"date":"2025-12-03T17:43:08","date_gmt":"2025-12-03T09:43:08","guid":{"rendered":"https:\/\/gingermachines.com\/?post_type=product&#038;p=274"},"modified":"2025-12-04T16:12:44","modified_gmt":"2025-12-04T08:12:44","slug":"automatic-onion-peeling-machine","status":"publish","type":"product","link":"https:\/\/gingermachines.com\/eo\/product\/automatic-onion-peeling-machine\/","title":{"rendered":"Cepladma ma\u015dino por cepoj"},"content":{"rendered":"<p class=\"translation-block\">La <strong>cep\u043e\u015delilo<\/strong> estas aparato kiu rapide forigas la ekstera \u015delon de cepoj kaj estas vaste uzata en man\u011da\u0135a prilaborado, agrikultura produkto-prilaborado, kaj restoracioj.<\/p>    <p>Trajtoj de Taizy cepo\u015delilo: pura \u015delado, minimuma dama\u011do al cepoj, alta efikeco, kun prilabora kapacito de 100-3000 kg\/h. Se vi ser\u0109as cepo\u015delilon, bonvolu kontakti nin tuj por detalaj informoj kaj la plej bona oferto.<\/p>    <figure class=\"wp-block-embed is-type-video is-provider-youtube wp-block-embed-youtube wp-embed-aspect-16-9 wp-has-aspect-ratio\"><div class=\"wp-block-embed__wrapper\"> <iframe loading=\"lazy\" title=\"A\u016dtomata cepa \u015delo ma\u015dino | Cepa \u015delilo ma\u015dino por forigi \u015delon de cepoj\" width=\"500\" height=\"281\" src=\"https:\/\/www.youtube.com\/embed\/2vCHvmrZiwo?feature=oembed\" frameborder=\"0\" allow=\"accelerometer; autoplay; clipboard-write; encrypted-media; gyroscope; picture-in-picture; web-share\" referrerpolicy=\"strict-origin-when-cross-origin\" allowfullscreen><\/iframe> <\/div><figcaption class=\"wp-element-caption\">laborvideo de cepa \u015delilo<\/figcaption><\/figure>    <h2 class=\"wp-block-heading\"><strong>Trajtoj de cepo\u015delilo<\/strong><\/h2>    <ul class=\"wp-block-list\"> <li><strong>Alt-efikeca prilaborado<\/strong>: Nia cepo\u015delilo povas prilabori \u011dis 3000kg de cepoj hore, ta\u016dga por grand-skala produktado.<\/li>    <li><strong>Pura \u015delado<\/strong>: Taizy cepo\u015delilo uzas pne\u016dman \u015deladon por bonega \u015delado rezultoj.<\/li>    <li><strong>Alta adapti\u011demo<\/strong>: La cepo\u015delilo povas trakti cepojn de malsamaj grandecoj kaj specoj sen komplikaj \u011dustigoj.<\/li>    <li><strong>Malalta dama\u011da indico<\/strong>: La \u015delado procezo estas delikata, lasante la cepojn kun alta integreco, konservante ilian aspekton kaj fre\u015decon.<\/li>    <li><strong>Labor\u015dparo \u015dparanta<\/strong>: \u0108i tiu cepo\u015delilo estas facila uzi, postulas nur unu a\u016d du personojn, signife reduktante laborkostojn.<\/li>    <li><strong>Facile purigebla<\/strong>: La tuta ma\u015dino estas farita el rustorezista \u015dtofo, plenumas man\u011da\u0135ajn higienajn postulojn, kaj estas facile purigebla.<\/li> <\/ul>   <div class=\"wp-block-image\"> <figure class=\"aligncenter size-full\"><img loading=\"lazy\" decoding=\"async\" width=\"720\" height=\"540\" src=\"https:\/\/gingermachines.com\/wp-content\/uploads\/2025\/12\/onion-skin-peeling-machine.webp\" alt=\"cep\u015delilo\" class=\"wp-image-279\" title=\"\" srcset=\"https:\/\/gingermachines.com\/wp-content\/uploads\/2025\/12\/onion-skin-peeling-machine.webp 720w, https:\/\/gingermachines.com\/wp-content\/uploads\/2025\/12\/onion-skin-peeling-machine-300x225.webp 300w, https:\/\/gingermachines.com\/wp-content\/uploads\/2025\/12\/onion-skin-peeling-machine-16x12.webp 16w\" sizes=\"auto, (max-width: 720px) 100vw, 720px\" \/><figcaption class=\"wp-element-caption\">cep\u015delilo<\/figcaption><\/figure> <\/div>   <h2 class=\"wp-block-heading\"><strong>Aplika\u0135aj scenaroj de cepo\u015delilo<\/strong><\/h2>    <p>La cepo\u015delilo fari\u011dis ideala ekipa\u0135o por diversaj man\u011da\u0135aj entreprenoj pro \u011dia alta efikeco kaj bonega \u015delado. \u0108i tiu ekipa\u0135o estas vaste uzata en multaj sektoroj:<\/p>    <ul class=\"wp-block-list\"> <li>Grandaj man\u011da\u0135aj prilaboraj plantoj<\/li>    <li>Spica\u0135a prilaborado de entreprenoj<\/li>    <li>Provizantoj de frostitaj legomoj<\/li>    <li>Supermerkataj distribujoj<\/li>    <li>Mezepokaj kuirejoj<\/li> <\/ul>    <figure class=\"wp-block-gallery has-nested-images columns-default is-cropped wp-block-gallery-2 is-layout-flex wp-block-gallery-is-layout-flex\"> <figure class=\"wp-block-image size-large\"><img loading=\"lazy\" decoding=\"async\" width=\"720\" height=\"540\" data-id=\"280\" src=\"https:\/\/gingermachines.com\/wp-content\/uploads\/2025\/12\/\u56fe\u72473-tuya_\u7ed3\u679c.webp\" alt=\"Cepoj anta\u016d prilaborado\" class=\"wp-image-280\" title=\"\" srcset=\"https:\/\/gingermachines.com\/wp-content\/uploads\/2025\/12\/\u56fe\u72473-tuya_\u7ed3\u679c.webp 720w, https:\/\/gingermachines.com\/wp-content\/uploads\/2025\/12\/\u56fe\u72473-tuya_\u7ed3\u679c-300x225.webp 300w, https:\/\/gingermachines.com\/wp-content\/uploads\/2025\/12\/\u56fe\u72473-tuya_\u7ed3\u679c-16x12.webp 16w\" sizes=\"auto, (max-width: 720px) 100vw, 720px\" \/><figcaption class=\"wp-element-caption\">Cepoj anta\u016d prilaborado<\/figcaption><\/figure>    <figure class=\"wp-block-image size-large\"><img loading=\"lazy\" decoding=\"async\" width=\"720\" height=\"540\" data-id=\"281\" src=\"https:\/\/gingermachines.com\/wp-content\/uploads\/2025\/12\/\u56fe\u72474-tuya_\u7ed3\u679c.webp\" alt=\"fina produkto de cepo\u015delilo\" class=\"wp-image-281\" title=\"\" srcset=\"https:\/\/gingermachines.com\/wp-content\/uploads\/2025\/12\/\u56fe\u72474-tuya_\u7ed3\u679c.webp 720w, https:\/\/gingermachines.com\/wp-content\/uploads\/2025\/12\/\u56fe\u72474-tuya_\u7ed3\u679c-300x225.webp 300w, https:\/\/gingermachines.com\/wp-content\/uploads\/2025\/12\/\u56fe\u72474-tuya_\u7ed3\u679c-16x12.webp 16w\" sizes=\"auto, (max-width: 720px) 100vw, 720px\" \/><figcaption class=\"wp-element-caption\">Fina produkto de cepo\u015delilo<\/figcaption><\/figure> <\/figure>    <h2 class=\"wp-block-heading\"><strong>Du tipoj de cepo\u015deliloj por vendo<\/strong><\/h2>    <p>Por plenumi la prilaborajn bezonojn de cepoj de malsamaj grandecoj kaj specifoj, ni ofertas du tipojn de cepo\u015deliloj: <\/p>    <ol class=\"wp-block-list\"> <li><strong>\u0108entipo cepo\u015delilo<\/strong>: \u011ci ta\u016dgas por grandaj cepoj kaj grandaj prilaboraj entreprenoj, ebligante stabilajn, efikajn, kaj kontinuan \u015deladon.<\/li>    <li><strong>Ma\u015dino por cepo\u015delilo de tipo tamburo<\/strong>: La tamburtipo cepo\u015delilo estas kompaktaj kaj facile operaciita, ta\u016dga por prilaborado de pli malgrandaj cepoj. \u011ci estas ta\u016dga por malgrandaj prilaboraj lokoj a\u016d malgrandaj cepaj prilaboradoj.<\/li> <\/ol>    <figure class=\"wp-block-gallery has-nested-images columns-default is-cropped wp-block-gallery-3 is-layout-flex wp-block-gallery-is-layout-flex\"> <figure class=\"wp-block-image size-large\"><img loading=\"lazy\" decoding=\"async\" width=\"540\" height=\"720\" data-id=\"278\" src=\"https:\/\/gingermachines.com\/wp-content\/uploads\/2025\/12\/onion-skin-removing-machine.webp\" alt=\"onion skin removing machine\" class=\"wp-image-278\" title=\"\" srcset=\"https:\/\/gingermachines.com\/wp-content\/uploads\/2025\/12\/onion-skin-removing-machine.webp 540w, https:\/\/gingermachines.com\/wp-content\/uploads\/2025\/12\/onion-skin-removing-machine-225x300.webp 225w, https:\/\/gingermachines.com\/wp-content\/uploads\/2025\/12\/onion-skin-removing-machine-9x12.webp 9w\" sizes=\"auto, (max-width: 540px) 100vw, 540px\" \/><figcaption class=\"wp-element-caption\">Cepo\u015deliga ma\u015dino<\/figcaption><\/figure>    <figure class=\"wp-block-image size-large\"><img loading=\"lazy\" decoding=\"async\" width=\"540\" height=\"720\" data-id=\"282\" src=\"https:\/\/gingermachines.com\/wp-content\/uploads\/2025\/12\/onion-peeling-equipment.webp\" alt=\"onion peeling equipment\" class=\"wp-image-282\" title=\"\" srcset=\"https:\/\/gingermachines.com\/wp-content\/uploads\/2025\/12\/onion-peeling-equipment.webp 540w, https:\/\/gingermachines.com\/wp-content\/uploads\/2025\/12\/onion-peeling-equipment-225x300.webp 225w, https:\/\/gingermachines.com\/wp-content\/uploads\/2025\/12\/onion-peeling-equipment-9x12.webp 9w\" sizes=\"auto, (max-width: 540px) 100vw, 540px\" \/><figcaption class=\"wp-element-caption\">Cepo\u015delilo de Cepo-Skalo<\/figcaption><\/figure> <\/figure>    <figure class=\"wp-block-gallery has-nested-images columns-default is-cropped wp-block-gallery-4 is-layout-flex wp-block-gallery-is-layout-flex\"> <figure class=\"wp-block-image size-large\"><img loading=\"lazy\" decoding=\"async\" width=\"540\" height=\"720\" data-id=\"283\" src=\"https:\/\/gingermachines.com\/wp-content\/uploads\/2025\/12\/onion-peeler-machine.webp\" alt=\"onion peeler machine\" class=\"wp-image-283\" title=\"\" srcset=\"https:\/\/gingermachines.com\/wp-content\/uploads\/2025\/12\/onion-peeler-machine.webp 540w, https:\/\/gingermachines.com\/wp-content\/uploads\/2025\/12\/onion-peeler-machine-225x300.webp 225w, https:\/\/gingermachines.com\/wp-content\/uploads\/2025\/12\/onion-peeler-machine-9x12.webp 9w\" sizes=\"auto, (max-width: 540px) 100vw, 540px\" \/><figcaption class=\"wp-element-caption\">Cepo\u015delilo<\/figcaption><\/figure>    <figure class=\"wp-block-image size-large\"><img loading=\"lazy\" decoding=\"async\" width=\"540\" height=\"720\" data-id=\"284\" src=\"https:\/\/gingermachines.com\/wp-content\/uploads\/2025\/12\/samll-onion-peeler.webp\" alt=\"small onion peeler\" class=\"wp-image-284\" title=\"\" srcset=\"https:\/\/gingermachines.com\/wp-content\/uploads\/2025\/12\/samll-onion-peeler.webp 540w, https:\/\/gingermachines.com\/wp-content\/uploads\/2025\/12\/samll-onion-peeler-225x300.webp 225w, https:\/\/gingermachines.com\/wp-content\/uploads\/2025\/12\/samll-onion-peeler-9x12.webp 9w\" sizes=\"auto, (max-width: 540px) 100vw, 540px\" \/><figcaption class=\"wp-element-caption\">Malgranda Cepo\u015delilo<\/figcaption><\/figure> <\/figure>    <h2 class=\"wp-block-heading\"><strong>Parametro de cepo\u015delilo<\/strong><\/h2>    <p>Jen la \u0109efaj teknikaj specifoj de nia plej vendata cepo\u015delilo. Kompari malsamajn modelojn helpos vin rapide trovi la ma\u015dinon kiu plenumas viajn produktadbezonojn.<\/p>    <p class=\"translation-block\"><strong>Teknikaj specifoj de \u0109entipo cepo\u015delilo:<\/strong><\/p>    <figure class=\"wp-block-table\"><table class=\"has-fixed-layout\"><tbody><tr><td>Modelo<\/td><td>TZ-1500<\/td><td>TZ-3000<\/td><\/tr><tr><td>Potenco<\/td><td>15000w<\/td><td>3000w<\/td><\/tr><tr><td>Produktado<\/td><td>1000-1500kg\/h<\/td><td>2000-3000kg\/h<\/td><\/tr><tr><td>Pezo<\/td><td>280kg<\/td><td>450kg<\/td><\/tr><tr><td>Grandeco<\/td><td>200*82*140cm<\/td><td>240*100*175cm<\/td><\/tr><\/tbody><\/table><figcaption class=\"wp-element-caption\">Parametro de \u0109entipo cepo\u015delilo<\/figcaption><\/figure>    <p class=\"translation-block\"><strong>Teknikaj datumoj de tamburtipo cepo\u015delilo<\/strong><\/p>    <figure class=\"wp-block-table\"><table class=\"has-fixed-layout\"><tbody><tr><td>Modelo<\/td><td>TZ-150<\/td><td>TZ-500<\/td><\/tr><tr><td>Potenco<\/td><td>110-220v\/0.2kw<\/td><td>110-220v\/0.2kw<\/td><\/tr><tr><td>Produktado<\/td><td>100-150kg\/h<\/td><td>300-500kg<\/td><\/tr><tr><td>Pezo<\/td><td>80kg<\/td><td>150kg<\/td><\/tr><tr><td>Grandeco<\/td><td>620*630*900mm<\/td><td>1000*680*1400mm<\/td><\/tr><\/tbody><\/table><figcaption class=\"wp-element-caption\">Parametro de tamburtipo cepo\u015delilo<\/figcaption><\/figure>    <h2 class=\"wp-block-heading\"><strong>Laborprincipo de cepo\u015delilo<\/strong><\/h2>    <p>La cepo\u015delilo \u0109efe uzas pne\u016dman \u015deladon, uzante alt-rapidan prematan aeron por apartigi la ekstera \u015delon. Dum la prilaborado, la cepo ne rekte kontaktas la tran\u0109ilojn, certigante ke la cepo restos tute.<\/p>    <figure class=\"wp-block-gallery has-nested-images columns-default is-cropped wp-block-gallery-5 is-layout-flex wp-block-gallery-is-layout-flex\"> <figure class=\"wp-block-image size-large\"><img loading=\"lazy\" decoding=\"async\" width=\"540\" height=\"720\" data-id=\"285\" src=\"https:\/\/gingermachines.com\/wp-content\/uploads\/2025\/12\/barrel-style-onion-peeler-machine.webp\" alt=\"barrel-style onion peeler machine\" class=\"wp-image-285\" title=\"\" srcset=\"https:\/\/gingermachines.com\/wp-content\/uploads\/2025\/12\/barrel-style-onion-peeler-machine.webp 540w, https:\/\/gingermachines.com\/wp-content\/uploads\/2025\/12\/barrel-style-onion-peeler-machine-225x300.webp 225w, https:\/\/gingermachines.com\/wp-content\/uploads\/2025\/12\/barrel-style-onion-peeler-machine-9x12.webp 9w\" sizes=\"auto, (max-width: 540px) 100vw, 540px\" \/><figcaption class=\"wp-element-caption\">Tamburstila Cepo\u015delilo<\/figcaption><\/figure>    <figure class=\"wp-block-image size-large\"><img loading=\"lazy\" decoding=\"async\" width=\"720\" height=\"540\" data-id=\"286\" src=\"https:\/\/gingermachines.com\/wp-content\/uploads\/2025\/12\/chain-onion-peeling-machine.webp\" alt=\"\u0109ena ma\u015dino por \u015deligi cepojn\" class=\"wp-image-286\" title=\"\" srcset=\"https:\/\/gingermachines.com\/wp-content\/uploads\/2025\/12\/chain-onion-peeling-machine.webp 720w, https:\/\/gingermachines.com\/wp-content\/uploads\/2025\/12\/chain-onion-peeling-machine-300x225.webp 300w, https:\/\/gingermachines.com\/wp-content\/uploads\/2025\/12\/chain-onion-peeling-machine-16x12.webp 16w\" sizes=\"auto, (max-width: 720px) 100vw, 720px\" \/><figcaption class=\"wp-element-caption\">\u0108entipo cepo\u015delilo<\/figcaption><\/figure> <\/figure>    <h2 class=\"wp-block-heading\"><strong>Cepo\u015delila produktadlinio<\/strong><\/h2>    <p>La cepo\u015delila linio konsistas el cepo-radika tran\u0109ma\u015dino, levilo, kaj \u0109entipo cepo\u015delilo, formante kontinuan kaj normigitan prilaboran fluon.<\/p>    <ol class=\"wp-block-list\"> <li><strong>Cepo-radika tran\u0109ma\u015dino<\/strong>: \u011ci funkcias precize tran\u0109i la fundon de la cepo.<\/li>    <li><strong>Levilo<\/strong>: La levilo egale transportas radik-tran\u0109itajn cepojn al la \u015deladsekcio, atingante a\u016dtomatan feedadon kaj reduktante manan manipula\u0135on.<\/li>    <li><strong>\u0108en\u0109e cepo\u015delilo<\/strong>: \u011ci uzas alt-rapidan prematan aeron por apartigi la cepan \u015delon, ebligante rapidan, grandan-volume \u015deladon.<\/li> <\/ol>    <figure class=\"wp-block-gallery has-nested-images columns-default is-cropped wp-block-gallery-6 is-layout-flex wp-block-gallery-is-layout-flex\"> <figure class=\"wp-block-image size-large\"><img loading=\"lazy\" decoding=\"async\" width=\"720\" height=\"540\" data-id=\"287\" src=\"https:\/\/gingermachines.com\/wp-content\/uploads\/2025\/12\/onion-root-cutter-mahcine.webp\" alt=\"onion root cutter machine\" class=\"wp-image-287\" title=\"\" srcset=\"https:\/\/gingermachines.com\/wp-content\/uploads\/2025\/12\/onion-root-cutter-mahcine.webp 720w, https:\/\/gingermachines.com\/wp-content\/uploads\/2025\/12\/onion-root-cutter-mahcine-300x225.webp 300w, https:\/\/gingermachines.com\/wp-content\/uploads\/2025\/12\/onion-root-cutter-mahcine-16x12.webp 16w\" sizes=\"auto, (max-width: 720px) 100vw, 720px\" \/><figcaption class=\"wp-element-caption\">Cepo-Radika Tran\u0109ma\u015dino<\/figcaption><\/figure>    <figure class=\"wp-block-image size-large\"><img loading=\"lazy\" decoding=\"async\" width=\"720\" height=\"540\" data-id=\"288\" src=\"https:\/\/gingermachines.com\/wp-content\/uploads\/2025\/12\/onion-elevator.webp\" alt=\"onion elevator\" class=\"wp-image-288\" title=\"\" srcset=\"https:\/\/gingermachines.com\/wp-content\/uploads\/2025\/12\/onion-elevator.webp 720w, https:\/\/gingermachines.com\/wp-content\/uploads\/2025\/12\/onion-elevator-300x225.webp 300w, https:\/\/gingermachines.com\/wp-content\/uploads\/2025\/12\/onion-elevator-16x12.webp 16w\" sizes=\"auto, (max-width: 720px) 100vw, 720px\" \/><figcaption class=\"wp-element-caption\">Cepo-levilo<\/figcaption><\/figure>    <figure class=\"wp-block-image size-full\"><img loading=\"lazy\" decoding=\"async\" width=\"720\" height=\"540\" data-id=\"290\" src=\"https:\/\/gingermachines.com\/wp-content\/uploads\/2025\/12\/onion-peeling-line-1.webp\" alt=\"Cepo\u015delila linio\" class=\"wp-image-290\" title=\"\" srcset=\"https:\/\/gingermachines.com\/wp-content\/uploads\/2025\/12\/onion-peeling-line-1.webp 720w, https:\/\/gingermachines.com\/wp-content\/uploads\/2025\/12\/onion-peeling-line-1-300x225.webp 300w, https:\/\/gingermachines.com\/wp-content\/uploads\/2025\/12\/onion-peeling-line-1-16x12.webp 16w\" sizes=\"auto, (max-width: 720px) 100vw, 720px\" \/><figcaption class=\"wp-element-caption\">Cepo\u015delila Linio<\/figcaption><\/figure> <\/figure>    <h2 class=\"wp-block-heading\"><strong>Faktoroj influantaj la prezon de cepo\u015delilo<\/strong><\/h2>    <p>La \u0109efaj faktoroj influantaj la prezon de la cepo\u015delilo inkluzivas ekipa\u0135an tipon, prilaboran kapaciton, konfiguracion, kaj uzitajn materialojn.<\/p>    <p>Krome, la aldono de levilo a\u016d radika tran\u0109ma\u015dino rekte influos la totalan koston. \u011cenerale, pli alta produktado kaj pli avancinta konfiguracio rezultigas pli altan prezon. Uzantoj povas elekti la ta\u016dgan modelon la\u016d ilia prilabora skalo.<\/p>   <div class=\"wp-block-image\"> <figure class=\"aligncenter size-full\"><img loading=\"lazy\" decoding=\"async\" width=\"720\" height=\"540\" src=\"https:\/\/gingermachines.com\/wp-content\/uploads\/2025\/12\/onion-skin-peeling-machine-1.webp\" alt=\"cep\u015delilo\" class=\"wp-image-289\" title=\"\" srcset=\"https:\/\/gingermachines.com\/wp-content\/uploads\/2025\/12\/onion-skin-peeling-machine-1.webp 720w, https:\/\/gingermachines.com\/wp-content\/uploads\/2025\/12\/onion-skin-peeling-machine-1-300x225.webp 300w, https:\/\/gingermachines.com\/wp-content\/uploads\/2025\/12\/onion-skin-peeling-machine-1-16x12.webp 16w\" sizes=\"auto, (max-width: 720px) 100vw, 720px\" \/><figcaption class=\"wp-element-caption\">cep\u015delilo<\/figcaption><\/figure> <\/div>   <h2 class=\"wp-block-heading\"><strong>Kial elekti Taizy kiel vian provizanton?<\/strong><\/h2>    <ul class=\"wp-block-list\"> <li>Ni subtenas gamon de <strong>Personigitaj servoj<\/strong>, kiel kutimaj desegnitaj ma\u015dinoj bazitaj sur la tensio-standoj de niaj klientoj, kaj personigitaj solvoj adaptitaj al produktadaj bezonoj kaj lokaj aran\u011doj.<\/li>    <li>La produkto de Taizy estas ampleksa, ne nur cepo\u015delilo sed anka\u016d <a href=\"https:\/\/gingermachines.com\/eo\/product\/ginger-washing-machine\/\">gignertran\u0109ma\u015dino<\/a>, <a href=\"https:\/\/gingermachines.com\/eo\/product\/ginger-drying-machine\/\">Ginger dryer<\/a>, <a href=\"https:\/\/gingermachines.com\/eo\/product\/ginger-grinding-machine\/\">Ginger grinder<\/a>, <a href=\"https:\/\/gingermachines.com\/eo\/products\/ginger-processing-line\/\">ginger-pulvoro-produktado-linio<\/a>, kaj aliaj man\u011da\u0135aj prilaboraj ekipa\u0135oj.<\/li>    <li>Por garantii glatan produktadon por niaj klientoj, ni provizas detalajn uzantmanlibrojn, instaladon kaj komencajn gvidilojn, kaj operaciajn filmetojn, certigante ke la ekipa\u0135o estas facile lerni kaj uzi, donante pacon de menso al niaj klientoj post a\u0109eto.<\/li>    <li>Taizy mem produktas kaj vendas la cepo\u015delilon, certigante ne nur altan kvaliton sed anka\u016d konkurencivajn prezojn.<\/li> <\/ul>   <div class=\"wp-block-image\"> <figure class=\"aligncenter size-full\"><img loading=\"lazy\" decoding=\"async\" width=\"720\" height=\"540\" src=\"https:\/\/gingermachines.com\/wp-content\/uploads\/2025\/12\/onion-peeling-machine.webp\" alt=\"cep\u015delilo\" class=\"wp-image-291\" title=\"\" srcset=\"https:\/\/gingermachines.com\/wp-content\/uploads\/2025\/12\/onion-peeling-machine.webp 720w, https:\/\/gingermachines.com\/wp-content\/uploads\/2025\/12\/onion-peeling-machine-300x225.webp 300w, https:\/\/gingermachines.com\/wp-content\/uploads\/2025\/12\/onion-peeling-machine-16x12.webp 16w\" sizes=\"auto, (max-width: 720px) 100vw, 720px\" \/><figcaption class=\"wp-element-caption\">cep\u015delilo<\/figcaption><\/figure> <\/div>   <h2 class=\"wp-block-heading\"><strong>Kontaktu nin tuj por la plej bona oferto!<\/strong><\/h2>    <p>La cepo\u015delilo estas esenca \u0109efa ma\u015dino en la man\u011da\u0135a prilaborado. Elekti stabilan kaj fidindan cepo\u015delilon alportos pli altan produktivecon al via entrepreno.<\/p>    <p>Se vi ser\u0109as profesian cepo\u015delilon, kontakti nin tuj. Taizy provizos vin per ampleksaj solvoj kaj plena teknika subteno por plibonigi vian produktadon!<\/p>","protected":false},"excerpt":{"rendered":"<p>The onion peeling machine utilizes pneumatic principles to achieve fast and clean onion peeling, effectively improving processing efficiency. Taizy onion peeler has a processing capacity ranging from 150-3000 kg\/hour, suitable for various production scales from small processing plants to large food factories.<\/p>","protected":false},"author":1,"featured_media":276,"parent":0,"template":"","tags":[9],"product-type":[6],"class_list":["post-274","product","type-product","status-publish","has-post-thumbnail","hentry","tag-onion","product-type-products"],"_links":{"self":[{"href":"https:\/\/gingermachines.com\/eo\/wp-json\/wp\/v2\/product\/274","targetHints":{"allow":["GET"]}}],"collection":[{"href":"https:\/\/gingermachines.com\/eo\/wp-json\/wp\/v2\/product"}],"about":[{"href":"https:\/\/gingermachines.com\/eo\/wp-json\/wp\/v2\/types\/product"}],"author":[{"embeddable":true,"href":"https:\/\/gingermachines.com\/eo\/wp-json\/wp\/v2\/users\/1"}],"wp:featuredmedia":[{"embeddable":true,"href":"https:\/\/gingermachines.com\/eo\/wp-json\/wp\/v2\/media\/276"}],"wp:attachment":[{"href":"https:\/\/gingermachines.com\/eo\/wp-json\/wp\/v2\/media?parent=274"}],"wp:term":[{"taxonomy":"post_tag","embeddable":true,"href":"https:\/\/gingermachines.com\/eo\/wp-json\/wp\/v2\/tags?post=274"},{"taxonomy":"product-type","embeddable":true,"href":"https:\/\/gingermachines.com\/eo\/wp-json\/wp\/v2\/product-type?post=274"}],"curies":[{"name":"wp","href":"https:\/\/api.w.org\/{rel}","templated":true}]}}