{"id":180,"date":"2023-07-10T15:12:35","date_gmt":"2023-07-10T07:12:35","guid":{"rendered":"https:\/\/gingermachines.com\/?post_type=product&#038;p=180"},"modified":"2024-06-17T11:01:26","modified_gmt":"2024-06-17T03:01:26","slug":"ginger-juicer-machine","status":"publish","type":"product","link":"https:\/\/gingermachines.com\/eo\/product\/ginger-juicer-machine\/","title":{"rendered":"Ginger-\u0135usma\u015dino por Ginger-Esplorado"},"content":{"rendered":"<p>Taizy ginger juicer ma\u015dino estas speciala aparato desegnita por ekstrakti sukon el zingibro radikoj. \u011ci estas in\u011denierita por efike kaj efike ekstrakti la maksimuman kvanton de suko dum \u011di apartigas \u011din de fibra pulpeto kaj aliaj solidoj. Niaj ginger juicer ma\u015dinoj venas en diversaj tipoj kaj grandecoj, intervalantaj de malgrandaj \u011dis industriaj modeloj. <\/p>    <figure class=\"wp-block-embed is-type-video is-provider-youtube wp-block-embed-youtube wp-embed-aspect-16-9 wp-has-aspect-ratio\"><div class=\"wp-block-embed__wrapper\"> <iframe loading=\"lazy\" title=\"Kiel Nia Multfunkcia Juicer Ma\u015dino Traktas Ginger, Cucumbers &amp; Lemons\" width=\"500\" height=\"281\" src=\"https:\/\/www.youtube.com\/embed\/6Gfv6T5fSGQ?feature=oembed\" frameborder=\"0\" allow=\"accelerometer; autoplay; clipboard-write; encrypted-media; gyroscope; picture-in-picture; web-share\" referrerpolicy=\"strict-origin-when-cross-origin\" allowfullscreen><\/iframe> <\/div><figcaption class=\"wp-element-caption\">plej bona ma\u015dino por suki\u011digi ginger<\/figcaption><\/figure>    <p>Ne nur vi povas uzi \u0109i tiun ma\u015dinon por premadi ginger sukon, sed anka\u016d por premadi aliajn fruktojn kaj legomajn sukojn.<\/p>    <h2 class=\"wp-block-heading\">Elstaraj ecoj de Su\u0109a Ekstra\u016dilo por Ginger<\/h2>    <ol class=\"wp-block-list\"> <li>\u0108i tiu ma\u015dino ne nur havas la funkcion de suki\u011dado, sed anka\u016d pulverigi.<\/li>    <li>La ginger suko ma\u015dino por ginger ekstraktado estas farita nur el 304 rusta \u015dtalo, kiu estas fortika, da\u016dra, kaj facila purigi.<\/li>    <li>\u011ci povas prilabori \u011dis 5000 kilogramojn da kruda materialo je horo. Ta\u016dga por malgrandaj kaj grandaj ginger prilaboraj plantoj kaj man\u011da\u0135aj prilaboraj plantoj.<\/li>    <li>La ma\u015dino anka\u016d povas esti uzata por ekstrakti aliajn fruktojn kaj legomajn sukojn.<\/li> <\/ol>   <div class=\"wp-block-image\"> <figure class=\"aligncenter size-full\"><img loading=\"lazy\" decoding=\"async\" width=\"525\" height=\"540\" src=\"https:\/\/gingermachines.com\/wp-content\/uploads\/2023\/07\/ginger-juicer-machine.webp\" alt=\"ginger juicer ma\u015dino\" class=\"wp-image-185\" title=\"\" srcset=\"https:\/\/gingermachines.com\/wp-content\/uploads\/2023\/07\/ginger-juicer-machine.webp 525w, https:\/\/gingermachines.com\/wp-content\/uploads\/2023\/07\/ginger-juicer-machine-292x300.webp 292w\" sizes=\"auto, (max-width: 525px) 100vw, 525px\" \/><figcaption class=\"wp-element-caption\">ginger juicer ma\u015dino<\/figcaption><\/figure> <\/div>   <h2 class=\"wp-block-heading\">Kiel Funkcias la Ginger Juicer Ma\u015dino?<\/h2>    <p>La ginger juicer funkcias per movo de la motoro por fari la skrapilon rotadi je alta rapido. Kiam la ginger eniras en la juicer tra la enirejo, la skrapilo egale el\u0135etas \u011din sur la skrapilon kaj ekranon. Pro la rotacia ago de la skrapilo kaj la angulo de la gvidilo, la materialo movi\u011dos la\u016d la cilindro al la elireja fino.<\/p>    <p class=\"translation-block\">La materialo formos spiral-similan trajektorion dum la movi\u011do. Samtempe, la <a href=\"https:\/\/en.wikipedia.org\/wiki\/Centrifugal_force\" target=\"_blank\" rel=\"noopener\">centrifugala forto<\/a> de alta rapido rotacio igas la sukon fluigi el la sifono kaj la elirejo, dum la \u015dlimo estas el\u0135etata el la \u015dlimo-elsor\u0109ilo. Tiel, atingi\u011das a\u016dtomata apartigo.<\/p>    <p>\u0108i tiu ginger suko farma\u0135a ma\u015dino estas vaste uzata en la suko-farado, man\u011da\u0135a prilaborado, kaj trinka\u0135industrioj por prilabori grandajn kvantojn de fruktoj a\u016d legomoj rapide kaj efike, provizante fre\u015dajn kaj bongustajn frukto- kaj legomajn sukojn.<\/p>   <div class=\"wp-block-image\"> <figure class=\"aligncenter size-full\"><img loading=\"lazy\" decoding=\"async\" width=\"720\" height=\"540\" src=\"https:\/\/gingermachines.com\/wp-content\/uploads\/2023\/07\/ginger-juice-making-machine.webp\" alt=\"ginger suko farma\u0135a ma\u015dino\" class=\"wp-image-183\" title=\"\" srcset=\"https:\/\/gingermachines.com\/wp-content\/uploads\/2023\/07\/ginger-juice-making-machine.webp 720w, https:\/\/gingermachines.com\/wp-content\/uploads\/2023\/07\/ginger-juice-making-machine-300x225.webp 300w\" sizes=\"auto, (max-width: 720px) 100vw, 720px\" \/><figcaption class=\"wp-element-caption\">ginger suko farma\u0135a ma\u015dino<\/figcaption><\/figure> <\/div>   <h2 class=\"wp-block-heading\">Kiel Elekti La \u011custan Ginger Su\u0109a Farma\u0135a Ma\u015dino?<\/h2>    <p>Kiam vi elektas ginger juicer ma\u015dinon, konsideru faktorojn kiel suko-kapacito, facileco de purigado, da\u016dreco, kaj \u011denerala rendimento. Taizy Ginger Machinery ofertas ampleksan gvidadon kaj subtenon por helpi vin fari informitan decidon bazitan sur viaj specifaj bezonoj.<\/p>    <h2 class=\"wp-block-heading\">Tipoj de Ginger Juicer Ma\u015dinoj Haveblaj<\/h2>    <p>Elektrika ginger suko ekstraktma\u015dino: Desegnita por pli grandaj operacioj, elektraj ginger suko ekstraktma\u015dinoj provizas efikan suki\u011dadon kun minimuma peno. \u0108i tiuj ma\u015dinoj estas ta\u016dgaj por komercaj establoj kiel suko-barejoj, restoracioj, kaj kafejoj.<\/p>    <p>Industria ginger suko ekstraktma\u015dino: Konstruita por peza suki\u011dado, \u0109i tiuj ma\u015dinoj estas in\u011denieritaj por trakti grandajn volumojn de ginger. Ili estas vaste uzataj en man\u011da\u0135a prilaborado kaj suko-produktado.<\/p>   <div class=\"wp-block-image\"> <figure class=\"aligncenter size-full\"><img loading=\"lazy\" decoding=\"async\" width=\"720\" height=\"540\" src=\"https:\/\/gingermachines.com\/wp-content\/uploads\/2023\/07\/industrial-ginger-juicer-machine.webp\" alt=\"industria ginger juicer ma\u015dino\" class=\"wp-image-186\" title=\"\" srcset=\"https:\/\/gingermachines.com\/wp-content\/uploads\/2023\/07\/industrial-ginger-juicer-machine.webp 720w, https:\/\/gingermachines.com\/wp-content\/uploads\/2023\/07\/industrial-ginger-juicer-machine-300x225.webp 300w\" sizes=\"auto, (max-width: 720px) 100vw, 720px\" \/><figcaption class=\"wp-element-caption\">industria ginger juicer ma\u015dino<\/figcaption><\/figure> <\/div>   <h2 class=\"wp-block-heading\">Kial Elekti Taizy Ginger-Ma\u015dinaron?<\/h2>    <p>Taizy Ginger Machinery estas konata kompanio speciali\u011danta pri produktado kaj fabrikado de ginger ma\u015dinoj. Ni komprenas la postulon pri altkvalitaj ginger juicer ma\u015dinoj kaj ofertas lar\u011dan gamon de opcioj por plenumi diversajn bezonojn. <\/p>    <p class=\"translation-block\">Kun nia sperto kaj enga\u011di\u011do al perfekteco, Taizy Ginger Machinery certigas, ke \u011diaj ginger juicer ma\u015dinoj estas konstruitaj por liveri eksterordinaran rendimenton, da\u016drecon, kaj facilecon uzi. En nia kompanio, ni anka\u016d havas <a href=\"https:\/\/gingermachines.com\/eo\/product\/ginger-powder-processing-line\/\">ginger pulvora produktadlinio<\/a>, <a href=\"https:\/\/gingermachines.com\/eo\/product\/ginger-grinding-machine\/\">ginger muelma\u015dino<\/a>, <a href=\"https:\/\/gingermachines.com\/eo\/product\/ginger-slicing-machine\/\">ginger tran\u0109ma\u015dino<\/a>, kaj <a href=\"https:\/\/gingermachines.com\/eo\/product\/ginger-washing-machine\/\">ginger lavi ma\u015dino<\/a>.<\/p>   <div class=\"wp-block-image\"> <figure class=\"aligncenter size-full\"><img loading=\"lazy\" decoding=\"async\" width=\"720\" height=\"540\" src=\"https:\/\/gingermachines.com\/wp-content\/uploads\/2022\/09\/ginger-powder-processing-machine-line.jpg\" alt=\"ginger pulvora prilaborlinio\" class=\"wp-image-97\" title=\"\" srcset=\"https:\/\/gingermachines.com\/wp-content\/uploads\/2022\/09\/ginger-powder-processing-machine-line.jpg 720w, https:\/\/gingermachines.com\/wp-content\/uploads\/2022\/09\/ginger-powder-processing-machine-line-300x225.jpg 300w\" sizes=\"auto, (max-width: 720px) 100vw, 720px\" \/><figcaption class=\"wp-element-caption\">ginger pulvora prilaborlinio<\/figcaption><\/figure> <\/div>   <h2 class=\"wp-block-heading\">Sanaj Avanta\u011doj de Ginger Suko<\/h2>    <ul class=\"wp-block-list\"> <li>Plifortigas Imuneco: Ginger enhavas antioksidantojn kaj imun-\u015dirmajn ecojn, kiuj povas plifortigi vian korpan defendan mekanismon.<\/li>    <li>Digestiga Helpo: Ginger suko helpas digeston, mildigas gastrointestinalajn malkomfortojn, kaj reduktas na\u016dzon.<\/li>    <li>Anti-Inflammatoria Propra\u0135o: La kontra\u016dinflamaj komponantoj en ginger suko povas helpi redukti inflamon kaj mildigi doloron.<\/li>    <li>Pezo<\/li>    <li>Koro-Sano: Ginger suko anta\u016denigas kardiovaskulan sanon per malaltigado de kolesterolaj niveloj kaj reduktado de la risko de kormalsano.<\/li> <\/ul>   <div class=\"wp-block-image\"> <figure class=\"aligncenter size-full\"><img loading=\"lazy\" decoding=\"async\" width=\"720\" height=\"540\" src=\"https:\/\/gingermachines.com\/wp-content\/uploads\/2023\/07\/ginger-juice.webp\" alt=\"ginger suko\" class=\"wp-image-184\" title=\"\" srcset=\"https:\/\/gingermachines.com\/wp-content\/uploads\/2023\/07\/ginger-juice.webp 720w, https:\/\/gingermachines.com\/wp-content\/uploads\/2023\/07\/ginger-juice-300x225.webp 300w\" sizes=\"auto, (max-width: 720px) 100vw, 720px\" \/><figcaption class=\"wp-element-caption\">ginger suko<\/figcaption><\/figure> <\/div>   <h2 class=\"wp-block-heading\">Kontaktu Taizy Ginger Machinery Hodia\u016d<\/h2>    <p>Se vi bezonas fidindan ginger juicer ma\u015dinon, ne ser\u0109u plu ol Taizy Ginger Machinery. Kun nia dedi\u0109o al kvalito kaj klienta kontento, ni estas enga\u011ditaj provizi superajn ma\u015dinojn por fari ginger sukon, kiuj plenumas viajn suki\u011dajn bezonojn. Kontaktu Taizy Ginger Machinery hodia\u016d por esplori ilian gamon de ginger juicer ma\u015dinoj kaj malkovri la perfektan solvon por via hejmo a\u016d entrepreno.<\/p>    <p>Ginger juicer fari\u011dis valora aldono al la kuirejo kaj komercaj establoj, ebligante al individuoj \u011dui la bonon de ginger komforte kaj refre\u015dige. Taizy Ginger Machinery, fidinda fabrikanto, ofertas diversajn ginger juicer ma\u015dinojn por diversaj bezonoj. <\/p>    <p>\u0108u vi estas san- konscia individuo a\u016d entreprenisto en la man\u011da\u0135a industrio, Taizy Ginger Machinery havas la perfektan ginger juicer ma\u015dinon por ekstrakti fre\u015decon kaj sanon de \u0109iu sipeto.<\/p>","protected":false},"excerpt":{"rendered":"<p>Ginger juicer ma\u015dino estas speciala aparato desegnita por ekstrakti sukon el ginger radikoj. Malgrandaj\/industriaj juicer ma\u015dinoj por vendo.<\/p>","protected":false},"author":1,"featured_media":187,"parent":0,"template":"","tags":[],"product-type":[6],"class_list":["post-180","product","type-product","status-publish","has-post-thumbnail","hentry","product-type-products"],"_links":{"self":[{"href":"https:\/\/gingermachines.com\/eo\/wp-json\/wp\/v2\/product\/180","targetHints":{"allow":["GET"]}}],"collection":[{"href":"https:\/\/gingermachines.com\/eo\/wp-json\/wp\/v2\/product"}],"about":[{"href":"https:\/\/gingermachines.com\/eo\/wp-json\/wp\/v2\/types\/product"}],"author":[{"embeddable":true,"href":"https:\/\/gingermachines.com\/eo\/wp-json\/wp\/v2\/users\/1"}],"wp:featuredmedia":[{"embeddable":true,"href":"https:\/\/gingermachines.com\/eo\/wp-json\/wp\/v2\/media\/187"}],"wp:attachment":[{"href":"https:\/\/gingermachines.com\/eo\/wp-json\/wp\/v2\/media?parent=180"}],"wp:term":[{"taxonomy":"post_tag","embeddable":true,"href":"https:\/\/gingermachines.com\/eo\/wp-json\/wp\/v2\/tags?post=180"},{"taxonomy":"product-type","embeddable":true,"href":"https:\/\/gingermachines.com\/eo\/wp-json\/wp\/v2\/product-type?post=180"}],"curies":[{"name":"wp","href":"https:\/\/api.w.org\/{rel}","templated":true}]}}