{"id":140,"date":"2023-03-29T16:25:11","date_gmt":"2023-03-29T08:25:11","guid":{"rendered":"https:\/\/gingermachines.com\/?post_type=product&#038;p=140"},"modified":"2024-06-26T14:46:28","modified_gmt":"2024-06-26T06:46:28","slug":"ginger-powder-packaging-machine","status":"publish","type":"product","link":"https:\/\/gingermachines.com\/eo\/product\/ginger-powder-packaging-machine\/","title":{"rendered":"Ginger-Pulvoro-Paka Ma\u015dino"},"content":{"rendered":"<p class=\"translation-block\"><strong>Taizy ginger-pudra-paka ma\u015dino<\/strong> estas a\u016dtomata ilo desegnita por paka ginger-pudron. \u011ci certigas precizecon kaj \u011dustecon en plenigo, sigelado, kaj kodado de saketoj, farante \u011din rapidan, efikan, kaj kost-efikan solvon por fabrikantoj en la ginger-produktado-industrio.<\/p>    <p class=\"translation-block\">Ni provizas plene a\u016dtomatan ginger-pudra-paka ma\u015dinon kaj semi-automatan ginger-pudra-paka ma\u015dinon por via komerco. Kiun elekti dependas de viaj specifaj postuloj, kiel kapacitoj, paka\u0135a rapideco, bu\u011detoj, laborspaco, ktp. Kaj \u0109iuj niaj ma\u015dinoj uzas da\u016drajn materialojn kaj progresintan teknologion por certigi bonan rendimenton kaj longda\u016dran servon. Se vi ser\u0109as ginger-pudra-paka\u0135an ma\u015dinon, estas tre bona ideo kontakti nin por la plej bona prezo.<\/p>   <div class=\"wp-block-image\"> <figure class=\"aligncenter size-full\"><img loading=\"lazy\" decoding=\"async\" width=\"720\" height=\"540\" src=\"https:\/\/gingermachines.com\/wp-content\/uploads\/2023\/03\/powder-packing-equipment.webp\" alt=\"Pudra pakada ekipa\u0135o\" class=\"wp-image-239\" title=\"\" srcset=\"https:\/\/gingermachines.com\/wp-content\/uploads\/2023\/03\/powder-packing-equipment.webp 720w, https:\/\/gingermachines.com\/wp-content\/uploads\/2023\/03\/powder-packing-equipment-300x225.webp 300w, https:\/\/gingermachines.com\/wp-content\/uploads\/2023\/03\/powder-packing-equipment-16x12.webp 16w\" sizes=\"auto, (max-width: 720px) 100vw, 720px\" \/><figcaption class=\"wp-element-caption\">pudra pakada ekipa\u0135o kun lifto<\/figcaption><\/figure> <\/div>   <h2 class=\"wp-block-heading\">Trajtoj de ginger-pudra-paka ma\u015dino<\/h2>    <ul class=\"wp-block-list\"> <li><strong>Kapacito kaj Rapido:<\/strong> Ginger powder packaging machines have high production capacities, ranging from 20 to 80 bags per minute.<\/li>    <li><strong>Precizeco kaj Precizeco:<\/strong> Altnivelaj sensiloj certigas precizajn mezuradojn kaj \u011dustan plenigon, reduktante erarojn kaj nesimetriojn en la paka\u0135a procezo.<\/li>    <li><strong>Uzanto-Amikeco: <\/strong>Ginger powder packing equipment estas facile uzi, kun iuj modeloj kun tu\u015dekranoj kiuj plifaciligas e\u0109 pli la paka\u0135an procezon.<\/li>    <li><strong>Versatileco:<\/strong> La ma\u015dinoj funkcias kun diversaj specoj de paka\u0135materialoj, aldonante flekseblecon al la paka\u0135a procezo. <\/li>    <li><strong>Kost-efike:<\/strong> Per a\u016dtomatigo de la paka\u0135a procezo, ginger powder packaging machines reduktas labor- kaj materialkostojn, plialtigante la profiton por fabrikantoj. <\/li>    <li><strong>Kustomizebla: La<\/strong> ma\u015dinoj povas esti adaptitaj por plenumi specifajn paka\u0135ajn postulojn, ebligante al fabrikantoj atingi unikan produkta prezentadon kiu plenumas iliajn klientojn' preferojn. <\/li> <\/ul>    <figure class=\"wp-block-image size-full\"><img loading=\"lazy\" decoding=\"async\" width=\"720\" height=\"540\" src=\"https:\/\/gingermachines.com\/wp-content\/uploads\/2023\/03\/automatic-powder-packing-machine-factory.jpg\" alt=\"a\u016dtomata pulvora paka\u0135a fabriko\" class=\"wp-image-154\" title=\"\" srcset=\"https:\/\/gingermachines.com\/wp-content\/uploads\/2023\/03\/automatic-powder-packing-machine-factory.jpg 720w, https:\/\/gingermachines.com\/wp-content\/uploads\/2023\/03\/automatic-powder-packing-machine-factory-300x225.jpg 300w\" sizes=\"auto, (max-width: 720px) 100vw, 720px\" \/><figcaption class=\"wp-element-caption\">A\u016dtomata pulvora paka\u0135a fabriko<\/figcaption><\/figure>    <h2 class=\"wp-block-heading\">Specoj de ginger-pudra-pleniga ma\u015dino<\/h2>    <p>En nia kompanio, ni havas du ofte vendatajn ginger-pudra-pleniga\u0135ajn ma\u015dinojn por vendo. Unu estas plene a\u016dtomata kaj la alia semi-automata. Vi povas elekti la ma\u015dinon kiu plej ta\u016dgas por viaj bezonoj kaj bu\u011deto. Samtempe, se vi havas demandojn pri \u0109i tiu ma\u015dino, vi \u0109iam povas kontakti nin tra la fenestra fenestro \u0109e la suba dekstra angulo.<\/p>    <h2 class=\"wp-block-heading\">Tipo1: Plene a\u016dtomata ginger-pudra-paka ma\u015dino<\/h2>    <p>La plene a\u016dtomata ginger-pudra-paka ma\u015dino estas progresinta paka\u0135a solvo desegnita por plifaciligi la ginger-pudra-paka\u0135on. \u0108i tiu ma\u015dino plenumas \u0109iujn paka\u0135ajn funkciojn a\u016dtomate, inkluzive mezuri, plenigi, sigeli, kaj etikedi saketojn. \u011ci postulas minimuman homan intervenon, reduktante laborkostojn kaj plialtigante produktivecon. <\/p>    <p>\u0108i tiu ginger-pudra-paka ma\u015dino por vendo estas malgranda vertikala pleniga kaj sigelma\u015dino (VFFS). Kun alta produktadkapacito \u011dis 80 saketoj por minuto. \u0108i tiu ma\u015dino havas la trajtojn de alta rendimento kaj atingebla prezo. \u011ci tre ta\u016dgas por malgrandaj a\u016d mezaj produktadpostuloj.<\/p>    <figure class=\"wp-block-image size-full\"><img loading=\"lazy\" decoding=\"async\" width=\"720\" height=\"540\" src=\"https:\/\/gingermachines.com\/wp-content\/uploads\/2023\/03\/small-ginger-powder-packaging-machine-1.jpg\" alt=\"malgranda ginger-pudra-paka ma\u015dino\" class=\"wp-image-146\" title=\"\" srcset=\"https:\/\/gingermachines.com\/wp-content\/uploads\/2023\/03\/small-ginger-powder-packaging-machine-1.jpg 720w, https:\/\/gingermachines.com\/wp-content\/uploads\/2023\/03\/small-ginger-powder-packaging-machine-1-300x225.jpg 300w\" sizes=\"auto, (max-width: 720px) 100vw, 720px\" \/><figcaption class=\"wp-element-caption\">Malgranda ginger-pudra-paka ma\u015dino<\/figcaption><\/figure>    <h2 class=\"wp-block-heading\">A\u016dtomata ginger-pudra-paka ma\u015dino parametroj <\/h2>    <figure class=\"wp-block-table\"><table><tbody><tr><td>Modelo<\/td><td>TZ-320<\/td><td>TZ-450<\/td><td>TZ-420<\/td><td>TZ-520<\/td><td>TZ-720<\/td><\/tr><tr><td>Paka\u0135aj saketaj tipoj<\/td><td>Malanta\u016da sigelo\/ 3-flanka sigelo\/ 4-flanka sigelo<\/td><td>Malanta\u016da sigelo\/ 3-flanka sigelo\/ 4-flanka sigelo<\/td><td>Malanta\u016da sigelo<\/td><td>Malanta\u016da sigelo<\/td><td>Malanta\u016da sigelo<\/td><\/tr><tr><td>Paka\u0135a rapideco<\/td><td>20-80pakoj\/min<\/td><td>20-80pakoj\/min<\/td><td>5-30pakoj\/min<\/td><td>5-50pakoj\/min<\/td><td>5-50pakoj\/min<\/td><\/tr><tr><td>Potencelsado<\/td><td>1.8kw<\/td><td>2.2kw<\/td><td>220V, 2.2KW<\/td><td>220VAC\/50Hz<\/td><td>220VAC\/50Hz,5KW<\/td><\/tr><tr><td>Dimensio<\/td><td>(L)650*(W)1050*(H)1950mm<\/td><td>(L)650*(W)1050*(H)2150mm<\/td><td>(L)1320*(W)950*(H)1760mm<\/td><td>(L)1150*(W)1795*(H)2050mm<\/td><td>(L)1780*(W)1350*(H)2350mm<\/td><\/tr><tr><td>Paka\u0135a longo<\/td><td>30-180mm<\/td><td>30-300mm<\/td><td>80-300mm<\/td><td>80-400mm<\/td><td>100-400mm<\/td><\/tr><tr><td>Paka\u0135a lar\u011do<\/td><td>20-150mm<\/td><td>20-210mm<\/td><td>80-200mm<\/td><td>80-250mm<\/td><td>180-350mm<\/td><\/tr><tr><td>Aira elspezo<\/td><td>\/<\/td><td>\/<\/td><td>0.65Mpa<\/td><td>0.65Mpa<\/td><td>0.65Mpa<\/td><\/tr><tr><td>Gaselsado<\/td><td>\/<\/td><td>\/<\/td><td>0.4m<sup>3<\/sup>\/min<\/td><td>0.4m<sup>3<\/sup>\/min<\/td><td>0.4m<sup>3<\/sup>\/min<\/td><\/tr><\/tbody><\/table><figcaption class=\"wp-element-caption\">Parametro tabelo<\/figcaption><\/figure>    <p>La a\u016dtomata ginger-pudra-pleniga ma\u015dino havas malanta\u016dan sigelon, tri-flankan sigelon, kvar-flankan sigelon, kaj aliajn paka\u0135ajn metodojn por klientoj elekti. La paka\u0135a rapido por \u0109iu minuto povas atingi \u011dis 80 paka\u0135ojn. \u0108u vi volas scii pli pri a\u016dtomata ginger-pudra-pleniga ma\u015dino? Bonvenon kontakti nin iam ajn.<\/p>   <div class=\"wp-block-image\"> <figure class=\"aligncenter size-full\"><img loading=\"lazy\" decoding=\"async\" width=\"720\" height=\"540\" src=\"https:\/\/gingermachines.com\/wp-content\/uploads\/2023\/03\/powder-packaging-equipment.webp\" alt=\"A\u016dtomata pulvora paka\u0135a ekipa\u0135o\" class=\"wp-image-238\" title=\"\" srcset=\"https:\/\/gingermachines.com\/wp-content\/uploads\/2023\/03\/powder-packaging-equipment.webp 720w, https:\/\/gingermachines.com\/wp-content\/uploads\/2023\/03\/powder-packaging-equipment-300x225.webp 300w, https:\/\/gingermachines.com\/wp-content\/uploads\/2023\/03\/powder-packaging-equipment-16x12.webp 16w\" sizes=\"auto, (max-width: 720px) 100vw, 720px\" \/><figcaption class=\"wp-element-caption\">A\u016dtomata pulvora paka\u0135a ekipa\u0135o<\/figcaption><\/figure> <\/div>   <h2 class=\"wp-block-heading\">Tipo 2: Semi-automata ginger-pudra-pleniga ma\u015dino <\/h2>    <p>La semi-automata ginger-pudra-pleniga ma\u015dino estas versatile paka\u0135a solvo kiu kombinas la efikecon de a\u016dtomatigo kun la fleksebleco de homa enigo. \u0108i tiu ma\u015dino mezuras, plenigas, kaj sigelas saketojn a\u016dtomate, sed postulas operaciiston por meti kaj forigi la saketojn sur la konveja breto. La paka\u0135a gamo estas de 1 kg \u011dis 10kg. <\/p>    <p>La semi-automata ginger-pudra-paka ma\u015dino estas facile uzebla kaj povas esti personebla por malsamaj paka\u0135materialoj, farante \u011din kost-efika kaj versatila elekto por fabrikantoj en la man\u011da industrio. \u0108i tiu ma\u015dino estas ideala por grandaj produktadpostuloj.<\/p>    <figure class=\"wp-block-image size-full\"><img loading=\"lazy\" decoding=\"async\" width=\"720\" height=\"540\" src=\"https:\/\/gingermachines.com\/wp-content\/uploads\/2023\/03\/ginger-powder-filling-machine.jpg\" alt=\"ginger-pudra-pleniga ma\u015dino\" class=\"wp-image-148\" title=\"\" srcset=\"https:\/\/gingermachines.com\/wp-content\/uploads\/2023\/03\/ginger-powder-filling-machine.jpg 720w, https:\/\/gingermachines.com\/wp-content\/uploads\/2023\/03\/ginger-powder-filling-machine-300x225.jpg 300w\" sizes=\"auto, (max-width: 720px) 100vw, 720px\" \/><figcaption class=\"wp-element-caption\">Ginger Powder Filling Machine<\/figcaption><\/figure>    <h2 class=\"wp-block-heading\">Semi-automata ginger-pudra-paka ma\u015dino parametroj <\/h2>    <figure class=\"wp-block-table\"><table><tbody><tr><td>Potenco<\/td><td>AC380V  900W<\/td><\/tr><tr><td>Paka\u0135aj specifoj<\/td><td>1-10kg<\/td><\/tr><tr><td>Paka\u0135a precizeco<\/td><td>\u00b11%<\/td><\/tr><tr><td>Paka\u0135a rapideco<\/td><td>500-1500pakoj\/h (la\u016d la paka\u0135a grandeco kaj produktoj)<\/td><\/tr><tr><td>Dimensio<\/td><td>1000*850*1850mm<\/td><\/tr><tr><td>Pezo<\/td><td>280kg<\/td><\/tr><\/tbody><\/table><figcaption class=\"wp-element-caption\">Semi-automata ginger-pudra-paka ekipa\u0135o<\/figcaption><\/figure>    <p>Depende de malsamaj materialoj, \u0109i tiu semi-automata paka\u0135a ma\u015dino povas paki 500-1500 saketojn\/h. Se vi volas scii pli pri \u0109i tiu semi-automata pulvora paka\u0135a ma\u015dino, bonvolu kontakti nin tra la fenestra fenestro \u0109e la suba dekstra angulo.<\/p>    <h2 class=\"wp-block-heading\">Konsiderindaj faktoroj kiam vi elektas la \u011dustan ginger-pudra-paka ma\u015dino<\/h2>    <h3 class=\"wp-block-heading\">Produktadkapacito<\/h3>    <p>Kiam vi elektas ginger-pudra-paka ma\u015dino, estas esence konsideri vian produktadkapaciton. Elekti ma\u015dinon kun pli alta produktadkapacito ol via bezono povas konduki al ne necesaj kostoj. Aliflanke, elekto de ma\u015dino kun malalta produktadkapacito povas limigi vian kapablon plenumi la postulojn.<\/p>    <h3 class=\"wp-block-heading\">Bu\u011deto<\/h3>    <p>La kosto de a\u0109eto de ginger-pudra-paka ma\u015dino estas grava faktoro por konsideri. Estas esence elekti ma\u015dinon kiu kongruas kun via bu\u011deto kaj samtempe plenumas viajn paka\u0135ajn bezonojn.<\/p>    <h3 class=\"wp-block-heading\">Paka\u0135materialoj<\/h3>    <p>Malsamaj ginger-pudra-paka\u0135aj ma\u015dinoj estas desegnitaj por funkcii kun specifaj paka\u0135materialoj. Estas esence elekti ma\u015dinon kiu kongruas kun via preferata paka\u0135a materialo por eviti ajnajn produktadajn prokrastojn a\u016d problemojn.<\/p>    <h2 class=\"wp-block-heading\">Kiel multe kostas la ginger-pudra-paka ma\u015dino?<\/h2>    <p>La prezo de ginger-pudra-paka ma\u015dino varias depende de pluraj faktoroj, inkluzive de la tipo de ma\u015dino, \u011diaj trajtoj, produktadkapacito, kaj marko. Ekzemple, la kosto de a\u016dtomata pulvora paka\u0135ma\u015dino estas tre malsama de semi-automata pulvora paka\u0135ma\u015dino. \u0108ar ili havas malsamajn strukturojn, partojn, komponantojn, kaj specifojn.<\/p>    <p>Samtempe, la kosto de la sama tipo de ma\u015dino por malsamaj klientoj anka\u016d povas varii, \u0109ar la potenco, konfiguracioj, kaj materialoj povas diferencigi. Do, unue informu nin pri viaj paka\u0135aj postuloj, kaj ni donacos al vi detalan kaj precizan liston de ma\u015dinaj prezoj. Kontaktu nin nun por komenci vian ginger-paka\u0135an entreprenon.<\/p>    <div class=\"wp-block-columns is-layout-flex wp-container-core-columns-is-layout-9d6595d7 wp-block-columns-is-layout-flex\"> <div class=\"wp-block-column is-layout-flow wp-block-column-is-layout-flow\"> <figure class=\"wp-block-image size-full\"><img loading=\"lazy\" decoding=\"async\" width=\"750\" height=\"500\" src=\"https:\/\/gingermachines.com\/wp-content\/uploads\/2023\/03\/customers-visit-our-company.webp\" alt=\"klientoj vizitas nian kompanion\" class=\"wp-image-151\" title=\"\" srcset=\"https:\/\/gingermachines.com\/wp-content\/uploads\/2023\/03\/customers-visit-our-company.webp 750w, https:\/\/gingermachines.com\/wp-content\/uploads\/2023\/03\/customers-visit-our-company-300x200.webp 300w\" sizes=\"auto, (max-width: 750px) 100vw, 750px\" \/><figcaption class=\"wp-element-caption\">Klientoj vizitas nian kompanion<\/figcaption><\/figure> <\/div>    <div class=\"wp-block-column is-layout-flow wp-block-column-is-layout-flow\"> <figure class=\"wp-block-image size-full\"><img loading=\"lazy\" decoding=\"async\" width=\"750\" height=\"500\" src=\"https:\/\/gingermachines.com\/wp-content\/uploads\/2023\/03\/our-customers-around-the-world.webp\" alt=\"niaj klientoj tra la mondo\" class=\"wp-image-152\" title=\"\" srcset=\"https:\/\/gingermachines.com\/wp-content\/uploads\/2023\/03\/our-customers-around-the-world.webp 750w, https:\/\/gingermachines.com\/wp-content\/uploads\/2023\/03\/our-customers-around-the-world-300x200.webp 300w\" sizes=\"auto, (max-width: 750px) 100vw, 750px\" \/><figcaption class=\"wp-element-caption\">Niaj Klientoj Tra La Tuta Mondo<\/figcaption><\/figure> <\/div> <\/div>    <h2 class=\"wp-block-heading\">Kontaktu nin hodia\u016d por akiri la plej bonan prezon!<\/h2>    <div class=\"wp-block-columns is-layout-flex wp-container-core-columns-is-layout-9d6595d7 wp-block-columns-is-layout-flex\"> <div class=\"wp-block-column is-layout-flow wp-block-column-is-layout-flow\"> <figure class=\"wp-block-image size-full\"><img loading=\"lazy\" decoding=\"async\" width=\"540\" height=\"720\" src=\"https:\/\/gingermachines.com\/wp-content\/uploads\/2023\/03\/packing-picture-of-ginger-powder-packing-equipment.webp\" alt=\"paka\u0135a bildo de ginger-pudra-paka ekipa\u0135o\" class=\"wp-image-240\" title=\"\" srcset=\"https:\/\/gingermachines.com\/wp-content\/uploads\/2023\/03\/packing-picture-of-ginger-powder-packing-equipment.webp 540w, https:\/\/gingermachines.com\/wp-content\/uploads\/2023\/03\/packing-picture-of-ginger-powder-packing-equipment-225x300.webp 225w, https:\/\/gingermachines.com\/wp-content\/uploads\/2023\/03\/packing-picture-of-ginger-powder-packing-equipment-9x12.webp 9w\" sizes=\"auto, (max-width: 540px) 100vw, 540px\" \/><figcaption class=\"wp-element-caption\">Paka\u0135a bildo de ginger-pudra-paka ekipa\u0135o<\/figcaption><\/figure> <\/div>    <div class=\"wp-block-column is-vertically-aligned-center is-layout-flow wp-block-column-is-layout-flow\"> <p>Investi en ginger-pudra-paka ma\u015dino estas sa\u011da decido por modernaj fabrikantoj ser\u0109antaj optimumigi siajn operaciojn kaj plibonigi produkta\u0135on dum reduktas kostojn. Kun \u011diaj progresintaj a\u016dtomatigaj trajtoj, rapido, precizeco, kaj uzant-amikeco, \u0109i tiu noviga solvo povas altigi vian komercon al la sekva nivelo.<\/p>    <p class=\"translation-block\">Taizy Ma\u015dinaro estas ampleksa <a href=\"https:\/\/gingermachines.com\/eo\/\">ginger processing machine manufacturer<\/a>. Niaj produktoj kovras <a href=\"https:\/\/gingermachines.com\/eo\/product\/ginger-washing-machine\/\">ginger washing machine<\/a>, ginger slicing machines, ginger drying machines, <a href=\"https:\/\/gingermachines.com\/eo\/product\/ginger-grinding-machine\/\">ginger grinding machine<\/a>, kaj ginger packaging machines. Se vi interesi\u011das pri la ginger-bizneso, agadu nun kaj \u011duu pliigitan efikecon, produktivecon, kaj profiton!<\/p> <\/div> <\/div>","protected":false},"excerpt":{"rendered":"<p>Taizy ginger-pudra-paka ma\u015dino estas desegnita por paka ginger-pudron. \u011ci certigas precizecon kaj \u011dustecon en plenigo, sigelado, kaj kodado de saketoj.<\/p>","protected":false},"author":1,"featured_media":146,"parent":0,"template":"","tags":[8],"product-type":[6],"class_list":["post-140","product","type-product","status-publish","has-post-thumbnail","hentry","tag-ginger-processing-machine","product-type-products"],"_links":{"self":[{"href":"https:\/\/gingermachines.com\/eo\/wp-json\/wp\/v2\/product\/140","targetHints":{"allow":["GET"]}}],"collection":[{"href":"https:\/\/gingermachines.com\/eo\/wp-json\/wp\/v2\/product"}],"about":[{"href":"https:\/\/gingermachines.com\/eo\/wp-json\/wp\/v2\/types\/product"}],"author":[{"embeddable":true,"href":"https:\/\/gingermachines.com\/eo\/wp-json\/wp\/v2\/users\/1"}],"wp:featuredmedia":[{"embeddable":true,"href":"https:\/\/gingermachines.com\/eo\/wp-json\/wp\/v2\/media\/146"}],"wp:attachment":[{"href":"https:\/\/gingermachines.com\/eo\/wp-json\/wp\/v2\/media?parent=140"}],"wp:term":[{"taxonomy":"post_tag","embeddable":true,"href":"https:\/\/gingermachines.com\/eo\/wp-json\/wp\/v2\/tags?post=140"},{"taxonomy":"product-type","embeddable":true,"href":"https:\/\/gingermachines.com\/eo\/wp-json\/wp\/v2\/product-type?post=140"}],"curies":[{"name":"wp","href":"https:\/\/api.w.org\/{rel}","templated":true}]}}