{"id":19,"date":"2022-09-06T09:00:40","date_gmt":"2022-09-06T09:00:40","guid":{"rendered":"https:\/\/gingermachines.com\/?page_id=19"},"modified":"2025-11-05T15:13:47","modified_gmt":"2025-11-05T07:13:47","slug":"contact-us","status":"publish","type":"page","link":"https:\/\/gingermachines.com\/eo\/contact-us\/","title":{"rendered":"Kontaktu Ni"},"content":{"rendered":"<h2 class=\"wp-block-heading\" id=\"h-are-you-looking-for-reliable-affordable-ginger-processing-machines\">\u0108u vi ser\u0109as fidindajn kaj atingeblajn gingerajn prilaborajn ma\u015dinojn?  <\/h2>    <p>Taizy Food Machinery Co., Ltd speciali\u011dis en la dezajno, esplorado, produktado, kaj merkatado de diversaj man\u011da\u0135aj prilaboraj ma\u015dinoj dum pli ol 10 jaroj. Ginger-prilabora ma\u015dino estas unu el niaj \u0109efaj produktoj. \u0108iuj niaj ma\u015dinoj estas desegnitaj kaj produktitaj la\u016d internaciaj normoj. Krome, ni havas tre spertan teamon por certigi bonan rendimenton kaj rapidan liveradon de niaj ma\u015dinoj. Kaj nia prezo por la ginger-prilabora ma\u015dino estas absolute atingebla kaj racia. Bonvenon kontakti nin por komenci vian komercon. <\/p>    <div class=\"wp-block-columns is-layout-flex wp-container-core-columns-is-layout-9d6595d7 wp-block-columns-is-layout-flex\"> <div class=\"wp-block-column is-layout-flow wp-block-column-is-layout-flow\"> <div class=\"wp-block-columns is-layout-flex wp-container-core-columns-is-layout-9d6595d7 wp-block-columns-is-layout-flex\"> <div class=\"wp-block-column is-layout-flow wp-block-column-is-layout-flow\"> <figure class=\"wp-block-image size-large\"><img decoding=\"async\" src=\"https:\/\/charcoalplant.com\/wp-content\/uploads\/2022\/03\/smartphone.png\" alt=\"\" title=\"\"><\/figure>    <p>+86 13838515872<\/p> <\/div>    <div class=\"wp-block-column is-layout-flow wp-block-column-is-layout-flow\"> <figure class=\"wp-block-image size-large\"><img decoding=\"async\" src=\"https:\/\/charcoalplant.com\/wp-content\/uploads\/2022\/03\/email.png\" alt=\"\" title=\"\"><\/figure>    <p>info@gingermachines.com<\/p> <\/div> <\/div> <\/div>    <div class=\"wp-block-column is-layout-flow wp-block-column-is-layout-flow\"> <div class=\"wp-block-columns is-layout-flex wp-container-core-columns-is-layout-9d6595d7 wp-block-columns-is-layout-flex\"> <div class=\"wp-block-column is-layout-flow wp-block-column-is-layout-flow\"> <figure class=\"wp-block-image size-large\"><img decoding=\"async\" src=\"https:\/\/charcoalplant.com\/wp-content\/uploads\/2022\/03\/whatsapp.png\" alt=\"\" title=\"\"><\/figure>    <p>+86 13838515872<\/p> <\/div>    <div class=\"wp-block-column is-layout-flow wp-block-column-is-layout-flow\"> <figure class=\"wp-block-image size-large\"><img decoding=\"async\" src=\"https:\/\/charcoalplant.com\/wp-content\/uploads\/2022\/03\/address.png\" alt=\"\" title=\"\"><\/figure>    <p>Hanghai Vojo Oriento, Zhengzhou Ekonomia kaj Teknologia Disvolvi\u011dzono, Zhengzhou Urbo, Henan, \u0108inio<\/p> <\/div> <\/div> <\/div> <\/div>","protected":false},"excerpt":{"rendered":"<p>Are you looking for reliable &amp; affordable ginger processing machines? Taizy Food Machinery Co., Ltd has specialized in the design, research, manufacturing, and marketing of various food processing machines for over 10 years. Ginger processing machine is one of our featured products. All our machines are designed and produced according to international standards. Besides, we [&hellip;]<\/p>\n","protected":false},"author":1,"featured_media":0,"parent":0,"menu_order":0,"comment_status":"closed","ping_status":"closed","template":"","meta":{"footnotes":""},"class_list":["post-19","page","type-page","status-publish","hentry"],"_links":{"self":[{"href":"https:\/\/gingermachines.com\/eo\/wp-json\/wp\/v2\/pages\/19","targetHints":{"allow":["GET"]}}],"collection":[{"href":"https:\/\/gingermachines.com\/eo\/wp-json\/wp\/v2\/pages"}],"about":[{"href":"https:\/\/gingermachines.com\/eo\/wp-json\/wp\/v2\/types\/page"}],"author":[{"embeddable":true,"href":"https:\/\/gingermachines.com\/eo\/wp-json\/wp\/v2\/users\/1"}],"replies":[{"embeddable":true,"href":"https:\/\/gingermachines.com\/eo\/wp-json\/wp\/v2\/comments?post=19"}],"version-history":[{"count":0,"href":"https:\/\/gingermachines.com\/eo\/wp-json\/wp\/v2\/pages\/19\/revisions"}],"wp:attachment":[{"href":"https:\/\/gingermachines.com\/eo\/wp-json\/wp\/v2\/media?parent=19"}],"curies":[{"name":"wp","href":"https:\/\/api.w.org\/{rel}","templated":true}]}}