{"id":15,"date":"2022-09-06T08:59:53","date_gmt":"2022-09-06T08:59:53","guid":{"rendered":"https:\/\/gingermachines.com\/?page_id=15"},"modified":"2022-09-07T07:04:14","modified_gmt":"2022-09-07T07:04:14","slug":"about-us","status":"publish","type":"page","link":"https:\/\/gingermachines.com\/eo\/about-us\/","title":{"rendered":"Pri Ni"},"content":{"rendered":"<p>Taizy Ma\u015dinaro Co., Ltd estas ampleksa provizanto de zingibro pretiga ma\u015dinaro. \u0108e la komenco, la fondinto de la kompanio \u2013 Hanny, malkovris, ke estas malfacile por ni pretigi zingibron mane. Kaj li estas in\u011deniero. Tial, li komencis dedi\u0109i sin al la esplorado kaj evoluigo de zingibro ma\u015dinoj kun siaj partneroj. Kaj tri monatojn poste, la plibonigita zingibro purigado kaj \u015delado ma\u015dino estis sukcese evoluigita. Kompare kun la ma\u015dino de aliaj provizantoj, la Taizy zingibro purigado kaj \u015delado ma\u015dino estas pli energipariga kaj pli atingebla. Kaj tiam aliaj zingibro pretigaj ma\u015dinoj estis inventitaj. Fine, Hanny estis preta enkonduki \u0109i tiujn grandajn ma\u015dinojn al homoj tra la tuta mondo. <\/p>    <p>Niaj produktoj kovras plenan gamon de zingibro pretigaj ma\u015dinoj, inkluzive zingibro purigado ma\u015dinon, zingibro purigadon kaj \u015deladon ma\u015dinon, zingibro sekigado ma\u015dinon, zingibro muelado ma\u015dinon, zingibro pulvoro faranta ma\u015dinon, kaj kompletan zingibro pulvoro pretigan linion. \u0108iuj niaj ma\u015dinoj estas desegnitaj kaj fabrikitaj la\u016d internaciaj normoj. Hodia\u016d, Taizy produktoj estis sukcese eksportitaj al pli ol 80 landoj kaj regionoj, kiel Brazilo, Kolombio, Peruo, Indonezio, Malajzio, Singapuro, Filipinoj, Koreio, Nederlando, Kazakio, Rusio, Saud-Arabio, Israelo, A\u016dstralio, Usono, \u0108ilio, Meksiko, Ganao, Ni\u011derio, ktp. <\/p>    <h2 class=\"wp-block-heading\" id=\"h-certificates\">Atestiloj<\/h2>    <figure class=\"wp-block-image size-large\"><img decoding=\"async\" src=\"https:\/\/cnricemill.com\/wp-content\/uploads\/2022\/08\/certificate-1024x323-1.jpg\" alt=\"\" title=\"\"><\/figure>","protected":false},"excerpt":{"rendered":"<p>Taizy Machinery Co., Ltd is a comprehensive ginger processing machinery supplier. At begin, the founder of the company &#8211; Hanny, found that it is difficult for us to process ginger manually. And he is an engineer. Therefore, he began to devote himself to the research and development of ginger machines with his partners. And three [&hellip;]<\/p>\n","protected":false},"author":1,"featured_media":0,"parent":0,"menu_order":0,"comment_status":"closed","ping_status":"closed","template":"","meta":{"footnotes":""},"class_list":["post-15","page","type-page","status-publish","hentry"],"_links":{"self":[{"href":"https:\/\/gingermachines.com\/eo\/wp-json\/wp\/v2\/pages\/15","targetHints":{"allow":["GET"]}}],"collection":[{"href":"https:\/\/gingermachines.com\/eo\/wp-json\/wp\/v2\/pages"}],"about":[{"href":"https:\/\/gingermachines.com\/eo\/wp-json\/wp\/v2\/types\/page"}],"author":[{"embeddable":true,"href":"https:\/\/gingermachines.com\/eo\/wp-json\/wp\/v2\/users\/1"}],"replies":[{"embeddable":true,"href":"https:\/\/gingermachines.com\/eo\/wp-json\/wp\/v2\/comments?post=15"}],"version-history":[{"count":0,"href":"https:\/\/gingermachines.com\/eo\/wp-json\/wp\/v2\/pages\/15\/revisions"}],"wp:attachment":[{"href":"https:\/\/gingermachines.com\/eo\/wp-json\/wp\/v2\/media?parent=15"}],"curies":[{"name":"wp","href":"https:\/\/api.w.org\/{rel}","templated":true}]}}