{"id":57,"date":"2022-09-09T03:09:50","date_gmt":"2022-09-08T19:09:50","guid":{"rendered":"https:\/\/gingermachines.com\/?post_type=product&#038;p=57"},"modified":"2024-06-17T14:39:26","modified_gmt":"2024-06-17T06:39:26","slug":"ginger-drying-machine","status":"publish","type":"product","link":"https:\/\/gingermachines.com\/da\/product\/ginger-drying-machine\/","title":{"rendered":"T\u00f8ringsmaskine til ingef\u00e6r"},"content":{"rendered":"<p class=\"translation-block\">Taizy <strong>Ingef\u00e6r t\u00f8rremaskine<\/strong> er en slags gr\u00f8ntsags- og frugt-t\u00f8rremaskine. Den bruges bredt til at dehydrere alle slags frugter og gr\u00f8ntsager, s\u00e5som ingef\u00e6r, hvidl\u00f8g, svamp, citron, kiwi, ananas osv. Den <strong>elektriske ingef\u00e6r t\u00f8rremaskine<\/strong> har egenskaber som ingen forurening, nem betjening og energibesparelse. <\/p>    <p>T\u00f8rret ingef\u00e6r er let at samle op og kan i h\u00f8j grad forl\u00e6nge opbevaringstiden. Og n\u00e6ringsv\u00e6rdien af den t\u00f8rrede ingef\u00e6r \u00e6ndres ikke, og smagen kan v\u00e6re bedre. Desuden er t\u00f8rret ingef\u00e6r den uundv\u00e6rlige r\u00e5vare til ingef\u00e6rpulver.<\/p>   <div class=\"wp-block-image\"> <figure class=\"aligncenter size-full\"><img loading=\"lazy\" decoding=\"async\" width=\"720\" height=\"540\" src=\"https:\/\/gingermachines.com\/wp-content\/uploads\/2022\/09\/ginger-dryer-machine.webp\" alt=\"ingef\u00e6r t\u00f8rremaskine\" class=\"wp-image-246\" title=\"\" srcset=\"https:\/\/gingermachines.com\/wp-content\/uploads\/2022\/09\/ginger-dryer-machine.webp 720w, https:\/\/gingermachines.com\/wp-content\/uploads\/2022\/09\/ginger-dryer-machine-300x225.webp 300w, https:\/\/gingermachines.com\/wp-content\/uploads\/2022\/09\/ginger-dryer-machine-16x12.webp 16w\" sizes=\"auto, (max-width: 720px) 100vw, 720px\" \/><figcaption class=\"wp-element-caption\">ingef\u00e6r t\u00f8rremaskine<\/figcaption><\/figure> <\/div>   <p>Derfor er ingef\u00e6r dehydrationsmaskinen en vigtig del af hele ingef\u00e6rpulverproduktionslinjen. Som en omfattende ingef\u00e6rforarbejdningsmaskiner producent tilbyder TAIZY firmaet et fuldt udvalg af ingef\u00e6rmaskiner til det globale marked. Alle maskiner har god ydeevne og den bedste pris.<\/p>    <h2 class=\"wp-block-heading\">Funktioner af ingef\u00e6r t\u00f8rremaskine <\/h2>    <ol class=\"wp-block-list\" style=\"list-style-type:1\"> <li>Den elektriske enhed har funktioner som temperaturindstilling, timer, konstant temperaturkontrol, overtemperaturalarm, indstilling af afduftningstid osv. En valgfri ber\u00f8ringssk\u00e6rm er tilg\u00e6ngelig.<\/li>    <li>Hele filmt\u00f8rreboksen har en fuldt lukket struktur, og den interne varme luft recirkuleres for at spare energi og forbedre effektiviteten.<\/li>    <li>Varmeforsyningen til ingef\u00e6r t\u00f8rring kan v\u00e6re elektricitet (380V\/50Hz), damp (0,2~0,8MPa), en varm luftovn (tr\u00e6\/kul\/olie\/gas) osv.<\/li>    <li>Indbygget h\u00f8jtemperaturbestandigt langakset ventilator, tvungen varm luftcirkulation, hvilket i h\u00f8j grad reducerer varmetabet i cirkulationsprocessen.<\/li>    <li>Ingef\u00e6r t\u00f8rremaskinens skab er udstyret med et justerbart luftfordelingsbr\u00e6t, som kan justere \u00e5bningens st\u00f8rrelse op og ned for at kontrollere luftstr\u00f8mmen og g\u00f8re temperaturen inde i boksen mere ensartet.<\/li>    <li>Isoleringslagtykkelse 80~200mm, bruger h\u00f8jdensitets stenuld eller ultrafin aluminosilikatfiberuld for yderligere at reducere varmetab.<\/li> <\/ol>    <figure class=\"wp-block-image size-full\"><img loading=\"lazy\" decoding=\"async\" width=\"720\" height=\"540\" src=\"https:\/\/gingermachines.com\/wp-content\/uploads\/2022\/09\/ginger-dryer-machine.jpg\" alt=\"ingef\u00e6r t\u00f8rremaskine\" class=\"wp-image-89\" title=\"\" srcset=\"https:\/\/gingermachines.com\/wp-content\/uploads\/2022\/09\/ginger-dryer-machine.jpg 720w, https:\/\/gingermachines.com\/wp-content\/uploads\/2022\/09\/ginger-dryer-machine-300x225.jpg 300w\" sizes=\"auto, (max-width: 720px) 100vw, 720px\" \/><figcaption class=\"wp-element-caption\">Ingef\u00e6r T\u00f8rremaskine<\/figcaption><\/figure>    <h2 class=\"wp-block-heading\">Parameter for TAIZY ingef\u00e6r t\u00f8rremaskine <\/h2>    <figure class=\"wp-block-table\"><table><tbody><tr><td>Model<\/td><td>St\u00f8rrelse (L*B*H) (mm)<\/td><td>T\u00f8rremaskinens nummer<\/td><td>Kapacitet (kg\/ gange)<\/td><\/tr><tr><td>SL-2<\/td><td>4000*1 600*25000<\/td><td>2<\/td><td>600<\/td><\/tr><tr><td>SL-4<\/td><td>6000*1 600*2500<\/td><td>4<\/td><td>1200<\/td><\/tr><tr><td>SL-6<\/td><td>7200*2300*2500<\/td><td>6<\/td><td>1800<\/td><\/tr><tr><td>SL-8<\/td><td>8800*2300*2500<\/td><td>8<\/td><td>2400<\/td><\/tr><tr><td>SL-10<\/td><td>10000*2300*2500<\/td><td>10<\/td><td>3000<\/td><\/tr><tr><td>SL-12<\/td><td>10500*3300*2500<\/td><td>12<\/td><td>3600<\/td><\/tr><tr><td>SL-14<\/td><td>11000*3300*2500<\/td><td>14<\/td><td>4200<\/td><\/tr><tr><td>SL-16<\/td><td>11500*3300*2500<\/td><td>16<\/td><td>4800<\/td><\/tr><tr><td>SL-18<\/td><td>12500*3300*2500<\/td><td>18<\/td><td>5400<\/td><\/tr><tr><td>SL-20<\/td><td>13500*3300*2500<\/td><td>20<\/td><td>6000<\/td><\/tr><tr><td>SL-22<\/td><td>14500*3300*2500<\/td><td>22<\/td><td>6600<\/td><\/tr><tr><td>SL-24<\/td><td>15500*3300*2800<\/td><td>24<\/td><td>7200<\/td><\/tr><\/tbody><\/table><figcaption class=\"wp-element-caption\">modeller af t\u00f8rremaskine til ingef\u00e6r<\/figcaption><\/figure>    <p>Som du kan se p\u00e5 diagrammet, har vi mere end ti modeller af ingef\u00e6r dehydrationsmaskiner til salg. Outputtet er i r\u00e6kkef\u00f8lge fra sm\u00e5 til store. Derfor kan denne maskine im\u00f8dekomme forskellige t\u00f8rrebehov.<\/p>    <figure class=\"wp-block-image size-full\"><img loading=\"lazy\" decoding=\"async\" width=\"720\" height=\"540\" src=\"https:\/\/gingermachines.com\/wp-content\/uploads\/2022\/09\/large-scale-ginger-dryer.webp\" alt=\"stor skala ingef\u00e6r t\u00f8rremaskine\" class=\"wp-image-244\" title=\"\" srcset=\"https:\/\/gingermachines.com\/wp-content\/uploads\/2022\/09\/large-scale-ginger-dryer.webp 720w, https:\/\/gingermachines.com\/wp-content\/uploads\/2022\/09\/large-scale-ginger-dryer-300x225.webp 300w, https:\/\/gingermachines.com\/wp-content\/uploads\/2022\/09\/large-scale-ginger-dryer-16x12.webp 16w\" sizes=\"auto, (max-width: 720px) 100vw, 720px\" \/><figcaption class=\"wp-element-caption\">Stor skala ingef\u00e6r t\u00f8rremaskine<\/figcaption><\/figure>    <h2 class=\"wp-block-heading\">Bredt anvendelsesomr\u00e5de for ingef\u00e6r t\u00f8rremaskineudstyr<\/h2>    <p>Denne ingef\u00e6r t\u00f8rremaskine har et bredt anvendelsesomr\u00e5de. Den er egnet til t\u00f8rring af forskellige gr\u00f8ntsager og frugter.<\/p>    <p class=\"translation-block\"><strong>Gr\u00f8ntsager:<\/strong> ingef\u00e6r, agurkeskiver, bittergourd skiver, hvid svamp, sort svamp, r\u00f8d peber, aubergine, kidneyb\u00f8nner, b\u00f8nner, linser, t\u00f8rret frugt skiver, peber, svampe osv.<\/p>    <p class=\"translation-block\"><strong>Frugt:<\/strong> mangoer, \u00e6bler, mandler, dadler, dragefrugt, jordb\u00e6r, hvidtj\u00f8rn skiver, kirseb\u00e6r, kiwier, gr\u00e6skar, bananer, <a href=\"http:\/\/longan\">longan<\/a>, ferskner, persimmoner osv. \u00a0<\/p>    <figure class=\"wp-block-image size-full\"><img loading=\"lazy\" decoding=\"async\" width=\"720\" height=\"540\" src=\"https:\/\/gingermachines.com\/wp-content\/uploads\/2022\/09\/widely-application.webp\" alt=\"bred anvendelse\" class=\"wp-image-245\" title=\"\" srcset=\"https:\/\/gingermachines.com\/wp-content\/uploads\/2022\/09\/widely-application.webp 720w, https:\/\/gingermachines.com\/wp-content\/uploads\/2022\/09\/widely-application-300x225.webp 300w, https:\/\/gingermachines.com\/wp-content\/uploads\/2022\/09\/widely-application-16x12.webp 16w\" sizes=\"auto, (max-width: 720px) 100vw, 720px\" \/><figcaption class=\"wp-element-caption\">Bred anvendelse<\/figcaption><\/figure>    <h2 class=\"wp-block-heading\">Strukturdetaljer af denne ingef\u00e6r t\u00f8rremaskine<\/h2>    <p>Denne ingef\u00e6r t\u00f8rremaskine har en enkel struktur og fornuftig design, den er nem at betjene. Den best\u00e5r hovedsageligt af en vogn, cirkulationsventilator, luftenergi varme, smart kontrolpanel, boks, induceret tr\u00e6kventilator, rustfrit st\u00e5lbakke, elektriske komponenter og udsugningsventilator. Alle maskiner bruger rustfrit st\u00e5lstruktur, holdbar og f\u00f8devaregodkendt. Desuden har maskinen avanceret teknologi og m\u00e6rkevarer. Endvidere har vi yderst dygtige medarbejdere for at sikre h\u00f8j kvalitet og god ydeevne.<\/p>    <figure class=\"wp-block-image size-full\"><img loading=\"lazy\" decoding=\"async\" width=\"720\" height=\"540\" src=\"https:\/\/gingermachines.com\/wp-content\/uploads\/2022\/09\/vegetable-drying-machine.jpg\" alt=\"gr\u00f8ntsags-t\u00f8rringsmaskine\" class=\"wp-image-87\" title=\"\" srcset=\"https:\/\/gingermachines.com\/wp-content\/uploads\/2022\/09\/vegetable-drying-machine.jpg 720w, https:\/\/gingermachines.com\/wp-content\/uploads\/2022\/09\/vegetable-drying-machine-300x225.jpg 300w\" sizes=\"auto, (max-width: 720px) 100vw, 720px\" \/><figcaption class=\"wp-element-caption\">Gr\u00f8ntsags- og Frugt T\u00f8rringsmaskine<\/figcaption><\/figure>    <h2 class=\"wp-block-heading\">Kontakt os for at f\u00e5 den bedste pris<\/h2>    <p class=\"translation-block\">Ingef\u00e6r t\u00f8rremaskine er et af vores meget popul\u00e6re produkter. Derudover findes der mange andre <a href=\"https:\/\/gingermachines.com\/da\/products\/products\/\">ginger maskiner<\/a> fra Taizy fabrik, s\u00e5som <a href=\"https:\/\/gingermachines.com\/da\/product\/ginger-washing-machine\/\">ginger vaskemaskine<\/a>, ingef\u00e6r skr\u00e6llemaskine, <a href=\"https:\/\/gingermachines.com\/da\/product\/ginger-grinding-machine\/\">ginger formaling maskine<\/a>, og <a href=\"https:\/\/gingermachines.com\/da\/product\/ginger-powder-processing-line\/\">ginger pulverfremstillingsmaskine<\/a>. Alle vores udstyr har god pris og stabil ydeevne. Kontakt os gerne for mere nyttig information.<\/p>    <figure class=\"wp-block-image size-full\"><img loading=\"lazy\" decoding=\"async\" width=\"720\" height=\"540\" src=\"https:\/\/gingermachines.com\/wp-content\/uploads\/2022\/09\/customer-feedback.jpg\" alt=\"kunde feedback\" class=\"wp-image-91\" title=\"\" srcset=\"https:\/\/gingermachines.com\/wp-content\/uploads\/2022\/09\/customer-feedback.jpg 720w, https:\/\/gingermachines.com\/wp-content\/uploads\/2022\/09\/customer-feedback-300x225.jpg 300w\" sizes=\"auto, (max-width: 720px) 100vw, 720px\" \/><figcaption class=\"wp-element-caption\">Kunde Feedback<\/figcaption><\/figure>","protected":false},"excerpt":{"rendered":"<p>Ingef\u00e6r t\u00f8rremaskine er en slags gr\u00f8ntsags- og frugt-t\u00f8rremaskine. Den bruges bredt til at dehydrere ingef\u00e6r, hvidl\u00f8g, svamp, citron, kiwi, ananas osv.<\/p>","protected":false},"author":1,"featured_media":81,"parent":0,"template":"","tags":[8],"product-type":[6],"class_list":["post-57","product","type-product","status-publish","has-post-thumbnail","hentry","tag-ginger-processing-machine","product-type-products"],"_links":{"self":[{"href":"https:\/\/gingermachines.com\/da\/wp-json\/wp\/v2\/product\/57","targetHints":{"allow":["GET"]}}],"collection":[{"href":"https:\/\/gingermachines.com\/da\/wp-json\/wp\/v2\/product"}],"about":[{"href":"https:\/\/gingermachines.com\/da\/wp-json\/wp\/v2\/types\/product"}],"author":[{"embeddable":true,"href":"https:\/\/gingermachines.com\/da\/wp-json\/wp\/v2\/users\/1"}],"wp:featuredmedia":[{"embeddable":true,"href":"https:\/\/gingermachines.com\/da\/wp-json\/wp\/v2\/media\/81"}],"wp:attachment":[{"href":"https:\/\/gingermachines.com\/da\/wp-json\/wp\/v2\/media?parent=57"}],"wp:term":[{"taxonomy":"post_tag","embeddable":true,"href":"https:\/\/gingermachines.com\/da\/wp-json\/wp\/v2\/tags?post=57"},{"taxonomy":"product-type","embeddable":true,"href":"https:\/\/gingermachines.com\/da\/wp-json\/wp\/v2\/product-type?post=57"}],"curies":[{"name":"wp","href":"https:\/\/api.w.org\/{rel}","templated":true}]}}