{"id":54,"date":"2022-09-08T03:31:51","date_gmt":"2022-09-07T19:31:51","guid":{"rendered":"https:\/\/gingermachines.com\/?post_type=product&#038;p=54"},"modified":"2024-06-26T15:01:19","modified_gmt":"2024-06-26T07:01:19","slug":"ginger-powder-processing-line","status":"publish","type":"product","link":"https:\/\/gingermachines.com\/da\/product\/ginger-powder-processing-line\/","title":{"rendered":"Ingef\u00e6rpulverbehandlingslinje"},"content":{"rendered":"<p class=\"translation-block\">Den<strong> ingef\u00e6rpulverbehandlingslinje<\/strong> kombinerer forskellige ingef\u00e6rmaskiner, der forarbejder frisk ingef\u00e6r til fremragende ingef\u00e6rpulver. Den indeholder en ingef\u00e6rvaskemaskine, ingef\u00e6rskr\u00e6llermaskine, ingef\u00e6rsk\u00e6rer, ingef\u00e6rt\u00f8rringsmaskine, ingef\u00e6rmaler og ingef\u00e6rpulveremballeringsmaskine. Ingef\u00e6rpulver er popul\u00e6rt i mange omr\u00e5der og har store sundhedsm\u00e6ssige fordele for mennesker. Derfor er ingef\u00e6rforretningen et godt valg med en lille investering og stor afkast.<\/p>    <figure class=\"wp-block-embed is-type-video is-provider-youtube wp-block-embed-youtube wp-embed-aspect-16-9 wp-has-aspect-ratio\"><div class=\"wp-block-embed__wrapper\"> <iframe loading=\"lazy\" title=\"3D-video af ingef\u00e6rpulverproduktion | Fremstillingsproces af ingef\u00e6rpulver\" width=\"500\" height=\"281\" src=\"https:\/\/www.youtube.com\/embed\/xzqc88xIw-4?feature=oembed\" frameborder=\"0\" allow=\"accelerometer; autoplay; clipboard-write; encrypted-media; gyroscope; picture-in-picture; web-share\" referrerpolicy=\"strict-origin-when-cross-origin\" allowfullscreen><\/iframe> <\/div><figcaption class=\"wp-element-caption\">Fremstillingsproces af ingef\u00e6rpulver<\/figcaption><\/figure>    <p>TAIZY ingef\u00e6rmaskiner har en enkel struktur, rustfrit st\u00e5lkrop og kvalitetsdele. Derudover tilbyder vi kraftfulde tilpassede tjenester for at im\u00f8dekomme kravene fra forskellige f\u00f8devareforarbejdningsanl\u00e6g, restauranter, hoteller osv. Hvis du vil starte din ingef\u00e6rforretning, kontakt os for mere nyttig information til gavn for dit projekt.<\/p>    <figure class=\"wp-block-image size-full\"><img loading=\"lazy\" decoding=\"async\" width=\"1024\" height=\"512\" src=\"https:\/\/gingermachines.com\/wp-content\/uploads\/2022\/09\/automatic-ginger-powder-production-line.jpg\" alt=\"Automatisk ingef\u00e6rpulverproduktionslinje\" class=\"wp-image-95\" title=\"\" srcset=\"https:\/\/gingermachines.com\/wp-content\/uploads\/2022\/09\/automatic-ginger-powder-production-line.jpg 1024w, https:\/\/gingermachines.com\/wp-content\/uploads\/2022\/09\/automatic-ginger-powder-production-line-300x150.jpg 300w, https:\/\/gingermachines.com\/wp-content\/uploads\/2022\/09\/automatic-ginger-powder-production-line-768x384.jpg 768w\" sizes=\"auto, (max-width: 1024px) 100vw, 1024px\" \/><figcaption class=\"wp-element-caption\">Automatisk ingef\u00e6rpulverproduktionslinje<\/figcaption><\/figure>    <h2 class=\"wp-block-heading\">Fordele ved ingef\u00e6rpulverproduktion<\/h2>    <ol class=\"wp-block-list\" style=\"list-style-type:1\"> <li>Ingef\u00e6rpulverbehandlingslinje med engangsdosis af ingef\u00e6rskiver, mindre kapital, udstyret har god isolationsydelse og lavt energiforbrug.<\/li>    <li>Kompakt struktur, nem at betjene, p\u00e5lidelig i brug, nem at skille ad og installere. Enkel installation, s\u00e5 l\u00e6nge der er l\u00e6 for vind og vejr, kan den installeres og bruges.<\/li>    <li>Reng\u00f8r, kraftfuld, stort luftvolumen, varm luft, hurtig t\u00f8rring, efterligner princippet om naturlig luftt\u00f8rring, ingef\u00e6rskiver\/ingef\u00e6rpulver bevarer den naturlige farve og smag.<\/li>    <li>Alle ingef\u00e6rpulverbehandlingsmaskiner er lavet af f\u00f8devaregodkendte materialer med stabile strukturer.<\/li>    <li>H\u00f8j effektivitet. T\u00f8rringshastigheden for ingef\u00e6rskiver er flere gange h\u00f8jere end for forskellige varmeenergikilder som luftvarmepumper og ovne. Det forkorter betydeligt t\u00f8rretiden for ingef\u00e6rskiver og reducerer udstyrskapital og arbejdskraftomkostninger.<\/li>    <li>Ingef\u00e6rpulverbehandlingsmaskinen har forskellige kapaciteter at v\u00e6lge imellem, med semi-automatiske og fuldautomatiske maskiner. Den grundl\u00e6ggende kapacitet for denne ingef\u00e6rpulverproduktionslinje er 500kg\/t-1t\/h. Selvf\u00f8lgelig kan vi tilpasse kapaciteten efter vores kunders produktionskrav.<\/li> <\/ol>    <h2 class=\"wp-block-heading\">Teknisk data for TAIZY ingef\u00e6rpulverbehandlingslinje<\/h2>    <figure class=\"wp-block-table\"><table><tbody><tr><td>Maskinnavn<\/td><td>Str\u00f8m<\/td><td>Sp\u00e6nding<\/td><td>Dimension<\/td><\/tr><tr><td>Ingef\u00e6rvask- og skr\u00e6llemaskine<\/td><td>1.5kw<\/td><td>380V50Hz<\/td><td>1580*850*800mm<\/td><\/tr><tr><td>Ingef\u00e6rsk\u00e6remaskine<\/td><td>1.1kw<\/td><td>380V50Hz<\/td><td>690*560*880mm<\/td><\/tr><tr><td>T\u00f8ringsmaskine til ingef\u00e6r<\/td><td>12.45kw<\/td><td>380V50Hz<\/td><td>1500*1200*2200mm<\/td><\/tr><tr><td>Ingef\u00e6rpulvermalermaskine<\/td><td>7.5kw<\/td><td>380V50Hz<\/td><td>700*600*1450mm<\/td><\/tr><tr><td>Ingef\u00e6rpulverpakningsmaskine<\/td><td>1kw<\/td><td>380V50Hz<\/td><td>1000*900*1850mm<\/td><\/tr><\/tbody><\/table><figcaption class=\"wp-element-caption\">Ingef\u00e6rpulverfremstillingsmaskine<\/figcaption><\/figure>    <p>Disse er parametrene for de enkelte maskiner i ingef\u00e6rpulverfremstillingsudstyret. Du kan f\u00e5 en klar id\u00e9 om dimensionerne af hver maskine. Dette kan g\u00f8re det lettere for dig at bestemme st\u00f8rrelsen p\u00e5 en ingef\u00e6rforarbejdningsfabrik.<\/p>    <h2 class=\"wp-block-heading\">Flowdiagram for ingef\u00e6rpulverfremstillingslinje<\/h2>    <p>Ingef\u00e6rpulverbehandlingslinjen indeholder forskellige ingef\u00e6rmaskiner, som kan forvandle frisk ingef\u00e6r til fremragende ingef\u00e6rpulver. Taizy ingef\u00e6rpulverproduktionsproces inkluderer:<\/p>    <p class=\"translation-block\"><strong>Ingef\u00e6rrensning vask \u2192 ingef\u00e6rskr\u00e6lling \u2192 ingef\u00e6rsk\u00e6ring \u2192 ingef\u00e6rskivet\u00f8rring \u2192 t\u00f8rrede ingef\u00e6rskiver formaling \u2192 ingef\u00e6rpulveremballage.<\/strong><\/p>    <figure class=\"wp-block-image size-full\"><img loading=\"lazy\" decoding=\"async\" width=\"720\" height=\"540\" src=\"https:\/\/gingermachines.com\/wp-content\/uploads\/2022\/09\/ginger-powder-production-line-flow-chart.jpg\" alt=\"Flowdiagram for ingef\u00e6rpulverproduktionslinje\" class=\"wp-image-98\" title=\"\" srcset=\"https:\/\/gingermachines.com\/wp-content\/uploads\/2022\/09\/ginger-powder-production-line-flow-chart.jpg 720w, https:\/\/gingermachines.com\/wp-content\/uploads\/2022\/09\/ginger-powder-production-line-flow-chart-300x225.jpg 300w\" sizes=\"auto, (max-width: 720px) 100vw, 720px\" \/><figcaption class=\"wp-element-caption\">Ingef\u00e6rpulverproduktionslinjens flowdiagram<\/figcaption><\/figure>    <h2 class=\"wp-block-heading\">Maskindetaljer for ingef\u00e6rpulverproduktionslinjen<\/h2>    <p>Ingef\u00e6rpulverproduktionslinjen er en integreret fabrik med flere maskiner. Hvilke maskiner bruges i ingef\u00e6rpulverproduktionslinjen? Detaljerne er som f\u00f8lger:<\/p>    <div class=\"wp-block-columns has-black-color has-white-background-color has-text-color has-background is-layout-flex wp-container-core-columns-is-layout-9d6595d7 wp-block-columns-is-layout-flex\"> <div class=\"wp-block-column is-vertically-aligned-center is-layout-flow wp-block-column-is-layout-flow\"> <p class=\"translation-block\"><strong><a href=\"https:\/\/gingermachines.com\/da\/product\/ginger-washing-machine\/\">Ingef\u00e6rvask- og skr\u00e6llemaskine<\/a>:<\/strong> Kommerciel ingef\u00e6rrensnings- og skr\u00e6llemaskine er en b\u00f8rstetype vaskemaskine. Maskinen udf\u00f8rer hovedsageligt vask og skr\u00e6lning gennem friktionen mellem b\u00f8rsten og ingef\u00e6ren. Ved skr\u00e6lning er maskinen ogs\u00e5 forbundet til en vandr\u00f8r for at spr\u00f8jte vand. Derfor kan ingef\u00e6rskindet efter skr\u00e6lning reng\u00f8res med h\u00f8jtryksvandspray.<\/p> <\/div>    <div class=\"wp-block-column is-layout-flow wp-block-column-is-layout-flow\"> <figure class=\"wp-block-image size-full\"><img loading=\"lazy\" decoding=\"async\" width=\"720\" height=\"540\" src=\"https:\/\/gingermachines.com\/wp-content\/uploads\/2022\/09\/ginger-washing-machine.jpg\" alt=\"ingef\u00e6rvaskemaskine\" class=\"wp-image-70\" title=\"\" srcset=\"https:\/\/gingermachines.com\/wp-content\/uploads\/2022\/09\/ginger-washing-machine.jpg 720w, https:\/\/gingermachines.com\/wp-content\/uploads\/2022\/09\/ginger-washing-machine-300x225.jpg 300w\" sizes=\"auto, (max-width: 720px) 100vw, 720px\" \/><figcaption class=\"wp-element-caption\">Ingef\u00e6rvaskemaskine<\/figcaption><\/figure> <\/div> <\/div>    <div class=\"wp-block-columns has-white-background-color has-background is-layout-flex wp-container-core-columns-is-layout-9d6595d7 wp-block-columns-is-layout-flex\"> <div class=\"wp-block-column is-layout-flow wp-block-column-is-layout-flow\"> <figure class=\"wp-block-image size-full\"><img loading=\"lazy\" decoding=\"async\" width=\"720\" height=\"540\" src=\"https:\/\/gingermachines.com\/wp-content\/uploads\/2022\/09\/ginger-slicing-machine.jpg\" alt=\"Ingef\u00e6rsk\u00e6remaskine\" class=\"wp-image-64\" title=\"\" srcset=\"https:\/\/gingermachines.com\/wp-content\/uploads\/2022\/09\/ginger-slicing-machine.jpg 720w, https:\/\/gingermachines.com\/wp-content\/uploads\/2022\/09\/ginger-slicing-machine-300x225.jpg 300w\" sizes=\"auto, (max-width: 720px) 100vw, 720px\" \/><figcaption class=\"wp-element-caption\">Ingef\u00e6rsk\u00e6remaskine<\/figcaption><\/figure> <\/div>    <div class=\"wp-block-column is-vertically-aligned-center is-layout-flow wp-block-column-is-layout-flow\"> <p class=\"translation-block\"><strong><a href=\"https:\/\/gingermachines.com\/da\/product\/ginger-slicing-machine\/\">Ingef\u00e6rsk\u00e6rermaskine:<\/a><\/strong> Den vaskede og skr\u00e6llede ingef\u00e6r sk\u00e6res hurtigt med en professionel ingef\u00e6rsk\u00e6rer. Tykkelsen p\u00e5 skiverne er ca. 3 mm for at opn\u00e5 den ideelle t\u00f8rringseffekt. Luftt\u00f8rring er n\u00f8dvendig efter sk\u00e6ring for hurtigt at fjerne overskydende vand fra overfladen af ingef\u00e6rskiverne.<\/p> <\/div> <\/div>    <div class=\"wp-block-columns has-white-background-color has-background is-layout-flex wp-container-core-columns-is-layout-9d6595d7 wp-block-columns-is-layout-flex\"> <div class=\"wp-block-column is-vertically-aligned-center is-layout-flow wp-block-column-is-layout-flow\"> <p class=\"translation-block\"><strong><a href=\"https:\/\/gingermachines.com\/da\/product\/ginger-drying-machine\/\">Ingef\u00e6rt\u00f8rringsmaskine<\/a>:<\/strong> T\u00f8rreren er hovedsageligt egnet til dehydrering af ingef\u00e6rskiver. Ingef\u00e6rskivet\u00f8rreren er ikke kun egnet til ingef\u00e6rpulverproduktion, men bruges ogs\u00e5 bredt til t\u00f8rring af frugt, gr\u00f8ntsager, medicinske urter og andre produkter. Maskinen er meget intelligent og bruger et intelligent kontrolpanel til at styre hele t\u00f8rreprocessen. Ingef\u00e6rskivet\u00f8rreren kan anvende forskellige opvarmningsmetoder s\u00e5som elektricitet og damp. Der findes mange modeller, som kan im\u00f8dekomme kundernes forskellige krav.<\/p> <\/div>    <div class=\"wp-block-column is-layout-flow wp-block-column-is-layout-flow\"> <figure class=\"wp-block-image size-full\"><img loading=\"lazy\" decoding=\"async\" width=\"720\" height=\"540\" src=\"https:\/\/gingermachines.com\/wp-content\/uploads\/2022\/09\/ginger-slice-drying-machine.jpg\" alt=\"Ingef\u00e6rskivest\u00f8rremaskine\" class=\"wp-image-81\" title=\"\" srcset=\"https:\/\/gingermachines.com\/wp-content\/uploads\/2022\/09\/ginger-slice-drying-machine.jpg 720w, https:\/\/gingermachines.com\/wp-content\/uploads\/2022\/09\/ginger-slice-drying-machine-300x225.jpg 300w\" sizes=\"auto, (max-width: 720px) 100vw, 720px\" \/><figcaption class=\"wp-element-caption\">Ingef\u00e6rskivet\u00f8rringsmaskine<\/figcaption><\/figure> <\/div> <\/div>    <div class=\"wp-block-columns has-white-background-color has-background is-layout-flex wp-container-core-columns-is-layout-9d6595d7 wp-block-columns-is-layout-flex\"> <div class=\"wp-block-column is-layout-flow wp-block-column-is-layout-flow\"> <figure class=\"wp-block-image size-full\"><img loading=\"lazy\" decoding=\"async\" width=\"720\" height=\"540\" src=\"https:\/\/gingermachines.com\/wp-content\/uploads\/2022\/09\/ginger-grinding-machine.jpg\" alt=\"Ingef\u00e6rkv\u00e6rne\" class=\"wp-image-78\" title=\"\" srcset=\"https:\/\/gingermachines.com\/wp-content\/uploads\/2022\/09\/ginger-grinding-machine.jpg 720w, https:\/\/gingermachines.com\/wp-content\/uploads\/2022\/09\/ginger-grinding-machine-300x225.jpg 300w\" sizes=\"auto, (max-width: 720px) 100vw, 720px\" \/><figcaption class=\"wp-element-caption\">Ingef\u00e6rkv\u00e6rnemaskine<\/figcaption><\/figure> <\/div>    <div class=\"wp-block-column is-vertically-aligned-center is-layout-flow wp-block-column-is-layout-flow\"> <p class=\"translation-block\"><strong><a href=\"https:\/\/gingermachines.com\/da\/product\/ginger-grinding-machine\/\">Ingef\u00e6rmalermaskine<\/a>:<\/strong> T\u00f8rrede ingef\u00e6rskiver g\u00e5r ind i knusekammeret gennem transportanordningen for at blive knust og pulveriseret. Forskellige mesh-sk\u00e6rme kan konfigureres efter kundens krav til finheden af ingef\u00e6rpulveret.<\/p> <\/div> <\/div>    <div class=\"wp-block-columns has-white-background-color has-background is-layout-flex wp-container-core-columns-is-layout-9d6595d7 wp-block-columns-is-layout-flex\"> <div class=\"wp-block-column is-vertically-aligned-center is-layout-flow wp-block-column-is-layout-flow\"> <p class=\"translation-block\"><strong><a href=\"https:\/\/tianhuipackingmachine.com\/powder-packing-machine\/\" target=\"_blank\" rel=\"noopener\">Ingef\u00e6rpulverpakningsmaskine<\/a>:<\/strong> Efter at ingef\u00e6rpulveret er blevet malet til pulver, konfigureres forskellige ingef\u00e6rpulverpakningsmaskiner af kunderne i henhold til pakkeformen for ingef\u00e6rpulver for at im\u00f8dekomme forskellige behov. &nbsp;<\/p> <\/div>    <div class=\"wp-block-column is-layout-flow wp-block-column-is-layout-flow\"> <figure class=\"wp-block-image size-full\"><img loading=\"lazy\" decoding=\"async\" width=\"720\" height=\"540\" src=\"https:\/\/gingermachines.com\/wp-content\/uploads\/2022\/09\/small-automatic-powder-packing-machine.jpg\" alt=\"lille automatisk pulverpakningsmaskine\" class=\"wp-image-118\" title=\"\" srcset=\"https:\/\/gingermachines.com\/wp-content\/uploads\/2022\/09\/small-automatic-powder-packing-machine.jpg 720w, https:\/\/gingermachines.com\/wp-content\/uploads\/2022\/09\/small-automatic-powder-packing-machine-300x225.jpg 300w\" sizes=\"auto, (max-width: 720px) 100vw, 720px\" \/><figcaption class=\"wp-element-caption\">Lille automatisk pulverpakningsmaskine<\/figcaption><\/figure> <\/div> <\/div>    <h2 class=\"wp-block-heading\">Kontakt os<\/h2>    <p>Som en professionel producent af ingef\u00e6rpulverproduktionslinjer kan vi tilpasse maskinen efter dine behov. Uanset om det er en semi-automatisk eller fuldautomatisk produktionslinje, kan vi levere dem alle. Hvad venter du p\u00e5, kontakt os hurtigt.<\/p>","protected":false},"excerpt":{"rendered":"<p>Ingef\u00e6rpulverbehandlingslinje kombinerer forskellige ingef\u00e6rmaskiner, der behandler original ingef\u00e6r til fremragende ingef\u00e6rpulver. Kontakt os for bedste pris. <\/p>","protected":false},"author":1,"featured_media":97,"parent":0,"template":"","tags":[8],"product-type":[7],"class_list":["post-54","product","type-product","status-publish","has-post-thumbnail","hentry","tag-ginger-processing-machine","product-type-ginger-processing-line"],"_links":{"self":[{"href":"https:\/\/gingermachines.com\/da\/wp-json\/wp\/v2\/product\/54","targetHints":{"allow":["GET"]}}],"collection":[{"href":"https:\/\/gingermachines.com\/da\/wp-json\/wp\/v2\/product"}],"about":[{"href":"https:\/\/gingermachines.com\/da\/wp-json\/wp\/v2\/types\/product"}],"author":[{"embeddable":true,"href":"https:\/\/gingermachines.com\/da\/wp-json\/wp\/v2\/users\/1"}],"wp:featuredmedia":[{"embeddable":true,"href":"https:\/\/gingermachines.com\/da\/wp-json\/wp\/v2\/media\/97"}],"wp:attachment":[{"href":"https:\/\/gingermachines.com\/da\/wp-json\/wp\/v2\/media?parent=54"}],"wp:term":[{"taxonomy":"post_tag","embeddable":true,"href":"https:\/\/gingermachines.com\/da\/wp-json\/wp\/v2\/tags?post=54"},{"taxonomy":"product-type","embeddable":true,"href":"https:\/\/gingermachines.com\/da\/wp-json\/wp\/v2\/product-type?post=54"}],"curies":[{"name":"wp","href":"https:\/\/api.w.org\/{rel}","templated":true}]}}