{"id":466,"date":"2026-04-28T13:38:00","date_gmt":"2026-04-28T05:38:00","guid":{"rendered":"https:\/\/gingermachines.com\/?post_type=product&#038;p=466"},"modified":"2026-04-28T13:38:00","modified_gmt":"2026-04-28T05:38:00","slug":"garlic-root-and-stem-cutting-machine","status":"publish","type":"product","link":"https:\/\/gingermachines.com\/da\/product\/garlic-root-and-stem-cutting-machine\/","title":{"rendered":"Hvidl\u00f8g rod- og st\u00e6ngelsk\u00e6ringsmaskine"},"content":{"rendered":"<p class=\"translation-block\">Taizy <strong>hvidl\u00f8grod- og st\u00e6ngelsk\u00e6ringsmaskine<\/strong> er specielt designet til at trimme frisk hvidl\u00f8g; den kan hurtigt og pr\u00e6cist sk\u00e6re b\u00e5de rodv\u00e6kster og halsen p\u00e5 hvidl\u00f8gsbulben, hvilket sikrer, at bulben forbliver intakt og har et p\u00e6nt, ensartet udseende.<\/p>    <p>Med en manuel fodringsmekanisme kombineret med en h\u00f8jhastigheds roterende sk\u00e6reenhed, har maskinen en kapacitet p\u00e5 8.000 til 10.000 hvidl\u00f8gsbulber i timen. Den balancerer effektivt h\u00f8j driftseffektivitet med pr\u00e6cis behandling. Denne hvidl\u00f8grod- og st\u00e6ngelsk\u00e6ringsmaskine er ideel til brug i sm\u00e5 til mellemstore hvidl\u00f8gsbehandlingsoperationer.<\/p>    <h2 class=\"wp-block-heading\"><strong>Hvorfor v\u00e6lge denne hvidl\u00f8grod- og st\u00e6ngelsk\u00e6ringsmaskine?<\/strong><\/h2>    <ul class=\"wp-block-list\"> <li><strong>H\u00f8j effektivitet<\/strong>: Denne hvidl\u00f8gst\u00e6ngesk\u00e6ringsmaskine \u00f8ger betydeligt behandlingshastigheden gennem stabil mekanisk sk\u00e6ring. Under kontinuerlig drift kan den markant forkorte den samlede behandlingscyklus.<\/li>    <li><strong>Pr\u00e6cis sk\u00e6ring<\/strong>: Den roterende sk\u00e6reskive arbejder i tandem med en fast blad for at levere rene, spr\u00f8de snit, hvilket giver fleksibel kontrol over den \u00f8nskede l\u00e6ngde af den resterende st\u00e6ngel.<\/li>    <li><strong>Energibesparende<\/strong>: Hvidl\u00f8grodsk\u00e6ringsmaskinen kr\u00e6ver kun 160w for at operere; sammenlignet med st\u00f8rre maskiner bruger den betydeligt mindre elektricitet, hvilket effektivt reducerer produktionsomkostningerne p\u00e5 lang sigt.<\/li>    <li><strong>Kompakt struktur<\/strong>: Taizy hvidl\u00f8grod- og st\u00e6ngelsk\u00e6ringsmaskine har en kompakt st\u00f8rrelse og er let at transportere. Den er egnet til brug ikke kun i v\u00e6rkstedsmilj\u00f8er, men kan ogs\u00e5 nemt flyttes direkte til marken til on-site behandling.<\/li>    <li><strong>Lang levetid<\/strong>: Hvidl\u00f8gst\u00e6ngelsk\u00e6ringsmaskinens krop er lavet af SUS304 rustfrit st\u00e5l, hvilket giver fremragende korrosionsbestandighed og let reng\u00f8ring. Derudover er den udstyret med sikkerhedsguard for at sikre sikker drift.<\/li> <\/ul>    <figure class=\"wp-block-gallery has-nested-images columns-default is-cropped wp-block-gallery-2 is-layout-flex wp-block-gallery-is-layout-flex\"> <figure class=\"wp-block-image size-large\"><img loading=\"lazy\" decoding=\"async\" width=\"720\" height=\"540\" data-id=\"469\" src=\"https:\/\/gingermachines.com\/wp-content\/uploads\/2026\/04\/garlic-root-and-stem-cutting-machine.webp\" alt=\"Behandlede hvidl\u00f8g\" class=\"wp-image-469\" title=\"\" srcset=\"https:\/\/gingermachines.com\/wp-content\/uploads\/2026\/04\/garlic-root-and-stem-cutting-machine.webp 720w, https:\/\/gingermachines.com\/wp-content\/uploads\/2026\/04\/garlic-root-and-stem-cutting-machine-300x225.webp 300w, https:\/\/gingermachines.com\/wp-content\/uploads\/2026\/04\/garlic-root-and-stem-cutting-machine-16x12.webp 16w\" sizes=\"auto, (max-width: 720px) 100vw, 720px\" \/><figcaption class=\"wp-element-caption\">Hvidl\u00f8grod- og st\u00e6ngelsk\u00e6ringsmaskine<\/figcaption><\/figure>    <figure class=\"wp-block-image size-large\"><img loading=\"lazy\" decoding=\"async\" width=\"720\" height=\"540\" data-id=\"470\" src=\"https:\/\/gingermachines.com\/wp-content\/uploads\/2026\/04\/garlic-root-cutting-equipment.webp\" alt=\"Hvidl\u00f8grodsk\u00e6ringsmaskine\" class=\"wp-image-470\" title=\"\" srcset=\"https:\/\/gingermachines.com\/wp-content\/uploads\/2026\/04\/garlic-root-cutting-equipment.webp 720w, https:\/\/gingermachines.com\/wp-content\/uploads\/2026\/04\/garlic-root-cutting-equipment-300x225.webp 300w, https:\/\/gingermachines.com\/wp-content\/uploads\/2026\/04\/garlic-root-cutting-equipment-16x12.webp 16w\" sizes=\"auto, (max-width: 720px) 100vw, 720px\" \/><figcaption class=\"wp-element-caption\">Hvidl\u00f8grodsk\u00e6ringsudstyr<\/figcaption><\/figure> <\/figure>    <h2 class=\"wp-block-heading\"><strong>Strukturelle komponenter i hvidl\u00f8grod- og st\u00e6ngelsk\u00e6rer<\/strong><\/h2>    <ul class=\"wp-block-list\"> <li>Ramme &amp; hus: Underst\u00f8tter hele enheden; korrosionsbestandigt og holdbart.<\/li>    <li>Fodringssystem: Manuel fodring; fleksibel drift.<\/li>    <li>Sk\u00e6remekanisme: Kerne sk\u00e6reskive system; sikrer pr\u00e6cis sk\u00e6ring.<\/li>    <li>Udl\u00f8sningssystem: Automatisk adskiller hvidl\u00f8gsbulber fra affaldsmateriale.<\/li>    <li>Str\u00f8msystem: En 0,5kW motor giver stabil kraft.<\/li>    <li>Kontrol- &amp; sikkerhedssystem: Enkelt switch-styring; sikker og p\u00e5lidelig.<\/li> <\/ul>   <div class=\"wp-block-image\"> <figure class=\"aligncenter size-full\"><img loading=\"lazy\" decoding=\"async\" width=\"720\" height=\"540\" src=\"https:\/\/gingermachines.com\/wp-content\/uploads\/2026\/04\/garlic-stem-cutting-machine.webp\" alt=\"Hvidl\u00f8gst\u00e6ngelsk\u00e6ringsmaskine\" class=\"wp-image-471\" title=\"\" srcset=\"https:\/\/gingermachines.com\/wp-content\/uploads\/2026\/04\/garlic-stem-cutting-machine.webp 720w, https:\/\/gingermachines.com\/wp-content\/uploads\/2026\/04\/garlic-stem-cutting-machine-300x225.webp 300w, https:\/\/gingermachines.com\/wp-content\/uploads\/2026\/04\/garlic-stem-cutting-machine-16x12.webp 16w\" sizes=\"auto, (max-width: 720px) 100vw, 720px\" \/><figcaption class=\"wp-element-caption\">Hvidl\u00f8gst\u00e6ngelsk\u00e6ringsmaskine<\/figcaption><\/figure> <\/div>   <h2 class=\"wp-block-heading\"><strong>Hvordan fungerer hvidl\u00f8grod- og st\u00e6ngelsk\u00e6ringsmaskinen?<\/strong><\/h2>    <p>Operativprincippet for dette hvidl\u00f8gst\u00e6ngelsk\u00e6ringsudstyr er ligetil:<\/p>    <p>Individuelle hvidl\u00f8gsbulber f\u00f8res \u00e9n ad gangen ind i en U-formet fodringsskakt. N\u00e5r de transporteres ind i sk\u00e6rezonen, sk\u00e6rer en h\u00f8jhastigheds roterende bladskive \u00f8jeblikkeligt r\u00f8dderne fra st\u00e6nglerne.<\/p>    <p>De behandlede hvidl\u00f8gsbulber og affaldsmaterialet adskilles automatisk og udledes, hvilket muligg\u00f8r kontinuerlig og meget effektiv drift. Operat\u00f8rer kan fleksibelt kontrollere den \u00f8nskede l\u00e6ngde af den resterende st\u00e6ngel.<\/p>    <figure class=\"wp-block-gallery has-nested-images columns-default is-cropped wp-block-gallery-3 is-layout-flex wp-block-gallery-is-layout-flex\"> <figure class=\"wp-block-image size-large\"><img loading=\"lazy\" decoding=\"async\" width=\"720\" height=\"540\" data-id=\"473\" src=\"https:\/\/gingermachines.com\/wp-content\/uploads\/2026\/04\/garlic-before-processing.webp\" alt=\"Hvidl\u00f8gst\u00e6ngelsk\u00e6rermaskine\" class=\"wp-image-473\" title=\"\" srcset=\"https:\/\/gingermachines.com\/wp-content\/uploads\/2026\/04\/garlic-before-processing.webp 720w, https:\/\/gingermachines.com\/wp-content\/uploads\/2026\/04\/garlic-before-processing-300x225.webp 300w, https:\/\/gingermachines.com\/wp-content\/uploads\/2026\/04\/garlic-before-processing-16x12.webp 16w\" sizes=\"auto, (max-width: 720px) 100vw, 720px\" \/><figcaption class=\"wp-element-caption\">Hvidl\u00f8g f\u00f8r behandling<\/figcaption><\/figure>    <figure class=\"wp-block-image size-large\"><img loading=\"lazy\" decoding=\"async\" width=\"720\" height=\"540\" data-id=\"472\" src=\"https:\/\/gingermachines.com\/wp-content\/uploads\/2026\/04\/processed-garlic.webp\" alt=\"processed garlic\" class=\"wp-image-472\" title=\"\" srcset=\"https:\/\/gingermachines.com\/wp-content\/uploads\/2026\/04\/processed-garlic.webp 720w, https:\/\/gingermachines.com\/wp-content\/uploads\/2026\/04\/processed-garlic-300x225.webp 300w, https:\/\/gingermachines.com\/wp-content\/uploads\/2026\/04\/processed-garlic-16x12.webp 16w\" sizes=\"auto, (max-width: 720px) 100vw, 720px\" \/><figcaption class=\"wp-element-caption\">Behandlede hvidl\u00f8g<\/figcaption><\/figure> <\/figure>    <h2 class=\"wp-block-heading\"><strong>Detaljerede specifikationer for hvidl\u00f8grod- og st\u00e6ngelsk\u00e6rer<\/strong><\/h2>    <p>For at hj\u00e6lpe dig med hurtigt at forst\u00e5 specifikationerne for hvidl\u00f8grod- og st\u00e6ngelsk\u00e6ringsmaskinen, er de vigtigste tekniske detaljer for RYL-1000 listet nedenfor.<\/p>    <figure class=\"wp-block-table\"><table class=\"has-fixed-layout\"><thead><tr><th>Vare<\/th><th>Specifikation<\/th><\/tr><\/thead><tbody><tr><td>Model<\/td><td>RYL-1000<\/td><\/tr><tr><td>Produktnavn<\/td><td>Hvidl\u00f8grod- og st\u00e6ngelsk\u00e6ringsmaskine<\/td><\/tr><tr><td>Kapacitet<\/td><td>8000\u201310000 stk.\/time<\/td><\/tr><tr><td>Sp\u00e6nding<\/td><td>48V \/ 220V<\/td><\/tr><tr><td>Str\u00f8m<\/td><td>160W<\/td><\/tr><tr><td>Rotationshastighed<\/td><td>200 r\/min<\/td><\/tr><tr><td>Maskinest\u00f8rrelse<\/td><td>41 \u00d7 67,5 \u00d7 41   39cm (med stativ)<\/td><\/tr><tr><td>Pakningsst\u00f8rrelse<\/td><td>75 \u00d7 47 \u00d7 60cm<\/td><\/tr><\/tbody><\/table><figcaption class=\"wp-element-caption\">Parametre for hvidl\u00f8grodsk\u00e6ringsmaskine<\/figcaption><\/figure>    <h2 class=\"wp-block-heading\"><strong>Tilpasning og service support til hvidl\u00f8grodsk\u00e6rer<\/strong><\/h2>    <p>Vi tilbyder fleksible tilpasningsl\u00f8sninger, herunder:<\/p>    <ul class=\"wp-block-list\"> <li>Sp\u00e6ndings- og motorindstillinger (48V\/220V)<\/li>    <li>Eksteri\u00f8rfarve og strukturel optimering<\/li>    <li>Eksklusive l\u00f8sninger til bulkordrer<\/li>    <li>Eksportpakning og logistikst\u00f8tte<\/li> <\/ul>   <div class=\"wp-block-image\"> <figure class=\"aligncenter size-full\"><img loading=\"lazy\" decoding=\"async\" width=\"720\" height=\"540\" src=\"https:\/\/gingermachines.com\/wp-content\/uploads\/2026\/04\/garlic-root-cutting-machine.webp\" alt=\"Hvidl\u00f8grodsk\u00e6ringsmaskine\" class=\"wp-image-474\" title=\"\" srcset=\"https:\/\/gingermachines.com\/wp-content\/uploads\/2026\/04\/garlic-root-cutting-machine.webp 720w, https:\/\/gingermachines.com\/wp-content\/uploads\/2026\/04\/garlic-root-cutting-machine-300x225.webp 300w, https:\/\/gingermachines.com\/wp-content\/uploads\/2026\/04\/garlic-root-cutting-machine-16x12.webp 16w\" sizes=\"auto, (max-width: 720px) 100vw, 720px\" \/><figcaption class=\"wp-element-caption\">Hvidl\u00f8grodsk\u00e6ringsmaskine<\/figcaption><\/figure> <\/div>   <h2 class=\"wp-block-heading\"><strong>Succeshistorie: Feedback fra nigeriansk landbrug<\/strong><\/h2>    <p>Vi eksporterede tidligere vores RYL-1000 hvidl\u00f8grod- og st\u00e6ngelsk\u00e6ringsmaskine til en stor hvidl\u00f8gsdyrkningsfacilitet i Nigeria. Kunden stod over for en udfordring med ustabil str\u00f8mforsyning i deres marker; vores 48V batteridrevne version l\u00f8ste dette problem effektivt:<\/p>    <ul class=\"wp-block-list\"> <li>Det muliggjorde direkte on-site behandling, hvilket eliminerede behovet for at transportere produktet til en fabrik.<\/li>    <li>Daglig behandlingskapacitet steg til 2\u20133 gange tidligere niveau.<\/li>    <li>Arbejdskraftomkostninger blev v\u00e6sentligt reduceret.<\/li>    <li>Ensartetheden af hvidl\u00f8gsbulberne forbedredes, hvilket resulterede i h\u00f8jere markedspriser.<\/li> <\/ul>    <p>Kunden rapporterede, at hvidl\u00f8grod- og st\u00e6ngelsk\u00e6ringsmaskinen er stabil, holdbar og meget effektiv. Kort sagt var kunden yderst tilfreds med b\u00e5de vores udstyr og vores service.<\/p>    <figure class=\"wp-block-gallery has-nested-images columns-default is-cropped wp-block-gallery-4 is-layout-flex wp-block-gallery-is-layout-flex\"> <figure class=\"wp-block-image size-large\"><img loading=\"lazy\" decoding=\"async\" width=\"720\" height=\"540\" data-id=\"475\" src=\"https:\/\/gingermachines.com\/wp-content\/uploads\/2026\/04\/garlic-stem-cutter-machine.webp\" alt=\"Hvidl\u00f8gst\u00e6ngelsk\u00e6rermaskine pakke\" class=\"wp-image-475\" title=\"\" srcset=\"https:\/\/gingermachines.com\/wp-content\/uploads\/2026\/04\/garlic-stem-cutter-machine.webp 720w, https:\/\/gingermachines.com\/wp-content\/uploads\/2026\/04\/garlic-stem-cutter-machine-300x225.webp 300w, https:\/\/gingermachines.com\/wp-content\/uploads\/2026\/04\/garlic-stem-cutter-machine-16x12.webp 16w\" sizes=\"auto, (max-width: 720px) 100vw, 720px\" \/><figcaption class=\"wp-element-caption\">Hvidl\u00f8gst\u00e6ngelsk\u00e6rermaskine<\/figcaption><\/figure>    <figure class=\"wp-block-image size-large\"><img loading=\"lazy\" decoding=\"async\" width=\"720\" height=\"540\" data-id=\"476\" src=\"https:\/\/gingermachines.com\/wp-content\/uploads\/2026\/04\/garlic-stem-cutter-machine-package.webp\" alt=\"Hvidl\u00f8grod- og st\u00e6ngelsk\u00e6ringsmaskinen fjerner effektivt hvidl\u00f8gsst\u00e6ngler, med en kapacitet p\u00e5 8.000\u201310.000 hvidl\u00f8g\/t. Den har en kompakt struktur og er nem at betjene.\" class=\"wp-image-476\" title=\"\" srcset=\"https:\/\/gingermachines.com\/wp-content\/uploads\/2026\/04\/garlic-stem-cutter-machine-package.webp 720w, https:\/\/gingermachines.com\/wp-content\/uploads\/2026\/04\/garlic-stem-cutter-machine-package-300x225.webp 300w, https:\/\/gingermachines.com\/wp-content\/uploads\/2026\/04\/garlic-stem-cutter-machine-package-16x12.webp 16w\" sizes=\"auto, (max-width: 720px) 100vw, 720px\" \/><figcaption class=\"wp-element-caption\">Hvidl\u00f8gst\u00e6ngelsk\u00e6rermaskine pakke<\/figcaption><\/figure> <\/figure>    <h2 class=\"wp-block-heading\"><strong>Kontakt os for et gratis tilbud!<\/strong><\/h2>    <p class=\"translation-block\">Ud over hvidl\u00f8grod- og st\u00e6ngelsk\u00e6ringsmaskiner tilbyder vi ogs\u00e5 behandlingsudstyr til andre rod- og knoldgr\u00f8ntsager \u2014 s\u00e5som <a href=\"https:\/\/gingermachines.com\/da\/product\/onion-root-cutting-machine\/\">l\u00f8grodsk\u00e6rermaskine<\/a> og <a href=\"https:\/\/gingermachines.com\/da\/product\/automatic-onion-peeling-machine\/\">l\u00f8gskr\u00e6llemaskine<\/a>.<\/p>    <p>Hvis du leder efter denne type udstyr, er du velkommen til at kontakte os for yderligere oplysninger!<\/p>","protected":false},"excerpt":{"rendered":"<p>The RYL-1000 garlic root and stem cutting machine is a highly efficient device designed for removing the roots and stems of garlic bulbs, capable of processing 8,000 to 10,000 bulbs per hour. It supports dual-voltage operation (48V and 220V), combining energy efficiency with high production capacity.<\/p>","protected":false},"author":1,"featured_media":468,"parent":0,"template":"","tags":[13],"product-type":[6],"class_list":["post-466","product","type-product","status-publish","has-post-thumbnail","hentry","tag-garlic","product-type-products"],"_links":{"self":[{"href":"https:\/\/gingermachines.com\/da\/wp-json\/wp\/v2\/product\/466","targetHints":{"allow":["GET"]}}],"collection":[{"href":"https:\/\/gingermachines.com\/da\/wp-json\/wp\/v2\/product"}],"about":[{"href":"https:\/\/gingermachines.com\/da\/wp-json\/wp\/v2\/types\/product"}],"author":[{"embeddable":true,"href":"https:\/\/gingermachines.com\/da\/wp-json\/wp\/v2\/users\/1"}],"wp:featuredmedia":[{"embeddable":true,"href":"https:\/\/gingermachines.com\/da\/wp-json\/wp\/v2\/media\/468"}],"wp:attachment":[{"href":"https:\/\/gingermachines.com\/da\/wp-json\/wp\/v2\/media?parent=466"}],"wp:term":[{"taxonomy":"post_tag","embeddable":true,"href":"https:\/\/gingermachines.com\/da\/wp-json\/wp\/v2\/tags?post=466"},{"taxonomy":"product-type","embeddable":true,"href":"https:\/\/gingermachines.com\/da\/wp-json\/wp\/v2\/product-type?post=466"}],"curies":[{"name":"wp","href":"https:\/\/api.w.org\/{rel}","templated":true}]}}