{"id":432,"date":"2026-03-20T14:45:22","date_gmt":"2026-03-20T06:45:22","guid":{"rendered":"https:\/\/gingermachines.com\/?post_type=product&#038;p=432"},"modified":"2026-03-20T15:01:39","modified_gmt":"2026-03-20T07:01:39","slug":"onion-powder-packaging-machine","status":"publish","type":"product","link":"https:\/\/gingermachines.com\/da\/product\/onion-powder-packaging-machine\/","title":{"rendered":"L\u00f8gpulveremballeringsmaskine"},"content":{"rendered":"<p class=\"translation-block\">Taizy <strong>l\u00f8gpulveremballeringsmaskine<\/strong> er specielt designet til en bred vifte af pulvermaterialer. Den integrerer automatisk vejning, poseformning, forsegling og sk\u00e6ring i en enkelt enhed. Den er egnet til emballering af produkter som l\u00f8gpulver, mel, sojab\u00f8nnepulver, sesampasta, soyam\u00e6lkepulver og forskellige krydderipulvere.<\/p>    <p>Vores l\u00f8gpulverfyldningsmaskine kombinerer h\u00f8j effektivitet med enest\u00e5ende pr\u00e6cision, hvilket opn\u00e5r emballeringshastigheder p\u00e5 20-80 poser\/min med et emballeringsomr\u00e5de p\u00e5 0 til 600g. Dette udstyr underst\u00f8tter forskellige forseglingstyper \u2014 herunder bagforsegling, tre-sidet forsegling og fire-sidet forsegling. Det kan opfylde en bred vifte af emballeringskrav.<\/p>    <figure class=\"wp-block-embed is-type-video is-provider-youtube wp-block-embed-youtube wp-embed-aspect-16-9 wp-has-aspect-ratio\"><div class=\"wp-block-embed__wrapper\"> <iframe loading=\"lazy\" title=\"Automatisk l\u00f8gpulveremballeringsmaskine | Pulverfyldning og emballering til f\u00f8devarefabrikker\" width=\"500\" height=\"281\" src=\"https:\/\/www.youtube.com\/embed\/kAALPzVGfJ4?feature=oembed\" frameborder=\"0\" allow=\"accelerometer; autoplay; clipboard-write; encrypted-media; gyroscope; picture-in-picture; web-share\" referrerpolicy=\"strict-origin-when-cross-origin\" allowfullscreen><\/iframe> <\/div><figcaption class=\"wp-element-caption\">arbejdsvideo af l\u00f8gpulverfyldemaskinen<\/figcaption><\/figure>    <h2 class=\"wp-block-heading\"><strong>Kernefordele ved l\u00f8gpulverpakningsmaskine<\/strong><\/h2>    <p class=\"translation-block\"><strong>1. Rustfrit st\u00e5lkonstruktion<\/strong><\/p>    <p>Hele maskinen er konstrueret af 304 rustfrit st\u00e5l, hvilket giver fremragende korrosionsbestandighed og nem reng\u00f8ring; den overholder f\u00f8devarehygiejne standarder og er egnet til brug i en bred vifte af produktionsmilj\u00f8er.<\/p>    <p class=\"translation-block\"><strong>2. Intelligent kontrolsystem<\/strong><\/p>    <p>Vores l\u00f8gpulveremballeringsmaskine har et avanceret mikrocomputer-chip kontrolsystem og er udstyret med en 5-tommer LCD-sk\u00e6rm:<\/p>    <ul class=\"wp-block-list\"> <li>Driftsgr\u00e6nsefladen er intuitiv og brugervenlig<\/li>    <li>Parameterkonfiguration er bekvem og ubesv\u00e6ret<\/li>    <li>Driftsstatus er tydeligt synligt med et \u00f8jeblik<\/li>    <li>Det reducerer v\u00e6sentligt driftskompleksiteten<\/li> <\/ul>    <p class=\"translation-block\"><strong>3. H\u00f8jt pr\u00e6cisions elektro-optisk sporingssystem<\/strong><\/p>    <p>Denne l\u00f8gpulveremballeringsmaskine er udstyret med et automatisk fotoelektrisk detektionssystem, hvilket muligg\u00f8r:<\/p>    <ul class=\"wp-block-list\"> <li>Pr\u00e6cis positionering<\/li>    <li>Automatisk forsegling og sk\u00e6ring<\/li>    <li>Kontinuerlig og stabil drift<\/li>    <li>Forbedrer emballeringspr\u00e6cision og produktkonsistens<\/li> <\/ul>    <p class=\"translation-block\"><strong>4. Fleksible valgfri funktioner<\/strong><\/p>    <p>Afh\u00e6ngigt af specifikke produktionskrav er f\u00f8lgende muligheder tilg\u00e6ngelige:<\/p>    <ul class=\"wp-block-list\"> <li>Kodningsmaskine<\/li>    <li>K\u00e6de-poseringsenhed<\/li>    <li>Letrivningsdesign med rift<\/li>    <li>Runde hj\u00f8rnesk\u00e6r<\/li>    <li>Luftudbl\u00e6sning eller gasinflationsenhed<\/li> <\/ul>   <div class=\"wp-block-image\"> <figure class=\"aligncenter size-full\"><img loading=\"lazy\" decoding=\"async\" width=\"720\" height=\"540\" src=\"https:\/\/gingermachines.com\/wp-content\/uploads\/2026\/03\/onion-powder-packaging-machine-1.webp\" alt=\"L\u00f8gpulveremballeringsmaskine\" class=\"wp-image-434\" title=\"\" srcset=\"https:\/\/gingermachines.com\/wp-content\/uploads\/2026\/03\/onion-powder-packaging-machine-1.webp 720w, https:\/\/gingermachines.com\/wp-content\/uploads\/2026\/03\/onion-powder-packaging-machine-1-300x225.webp 300w, https:\/\/gingermachines.com\/wp-content\/uploads\/2026\/03\/onion-powder-packaging-machine-1-16x12.webp 16w\" sizes=\"auto, (max-width: 720px) 100vw, 720px\" \/><figcaption class=\"wp-element-caption\">L\u00f8gpulveremballeringsmaskine<\/figcaption><\/figure> <\/div>   <h2 class=\"wp-block-heading\"><strong>Hvor bruges l\u00f8gpulveremballermaskiner?<\/strong><\/h2>    <p>Vores l\u00f8gpulveremballeringsmaskine kan bruges til at pakke en bred vifte af pulveriserede ingredienser, s\u00e5som mel, m\u00e6lkepulver, peber, chilipulver, vaskemiddel, kakaopulver, ingef\u00e6rpulver, krydderibl\u00f8ndelinger og mere.<\/p>    <p>Vores l\u00f8gpulveremballeringsmaskine er egnet til emballering af en bred vifte af pulveriserede ingredienser, s\u00e5som mel, m\u00e6lkepulver, peber, chilipulver, vaskemiddel, kakaopulver, ingef\u00e6rpulver, krydderiblandinger og mere.<\/p>   <div class=\"wp-block-image\"> <figure class=\"aligncenter size-full\"><img loading=\"lazy\" decoding=\"async\" width=\"720\" height=\"540\" src=\"https:\/\/gingermachines.com\/wp-content\/uploads\/2026\/03\/application-of-powder-packaging-machine.webp\" alt=\"anvendelse af pulveremballeringsmaskine\" class=\"wp-image-435\" title=\"\" srcset=\"https:\/\/gingermachines.com\/wp-content\/uploads\/2026\/03\/application-of-powder-packaging-machine.webp 720w, https:\/\/gingermachines.com\/wp-content\/uploads\/2026\/03\/application-of-powder-packaging-machine-300x225.webp 300w, https:\/\/gingermachines.com\/wp-content\/uploads\/2026\/03\/application-of-powder-packaging-machine-16x12.webp 16w\" sizes=\"auto, (max-width: 720px) 100vw, 720px\" \/><figcaption class=\"wp-element-caption\">anvendelse af pulveremballeringsmaskinen<\/figcaption><\/figure> <\/div>   <p>Dette pulverfyldningsudstyr anvendes ofte i f\u00f8lgende sektorer:<\/p>    <ul class=\"wp-block-list\"> <li>F\u00f8devareforarbejdningsindustri<\/li>    <li>Krydderiproduktionsindustri<\/li>    <li>Daglig kemikalieindustri<\/li>    <li>Kemisk industri<\/li> <\/ul>    <h2 class=\"wp-block-heading\"><strong>Parametre for l\u00f8gpulverfyldningsmaskine<\/strong><\/h2>    <p>Vi tilbyder to modeller: TZ-320 og TZ-450. N\u00f8jagtige specifikationer og funktioner er angivet nedenfor til din reference.<\/p>    <figure class=\"wp-block-table\"><table class=\"has-fixed-layout\"><thead><tr><th>Model<\/th><th>TZ-320<\/th><th>TZ-450<\/th><\/tr><\/thead><tbody><tr><td>Pakningsstil<\/td><td>Bagforsegling \/ 3-sidet forsegling \/ 4-sidet forsegling<\/td><td>Bagforsegling \/ 3-sidet forsegling \/ 4-sidet forsegling<\/td><\/tr><tr><td>Pakkehastighed<\/td><td>20\u201380poser\/min<\/td><td>20\u201380poser\/min<\/td><\/tr><tr><td>Str\u00f8m<\/td><td>1,8 kW<\/td><td>2,2 kW<\/td><\/tr><tr><td>Pakningsv\u00e6gt<\/td><td>0\u2013200g<\/td><td>\u2264600g<\/td><\/tr><tr><td>Pose bredde<\/td><td>20\u2013150mm<\/td><td>20\u2013200mm<\/td><\/tr><tr><td>Pose l\u00e6ngde<\/td><td>30\u2013180mm<\/td><td>30\u2013180mm<\/td><\/tr><tr><td>Materiale<\/td><td>304 rustfrit st\u00e5l<\/td><td>304 rustfrit st\u00e5l<\/td><\/tr><tr><td>Maskinest\u00f8rrelse<\/td><td>650\u00d71050\u00d71950mm<\/td><td>750\u00d7750\u00d72100mm<\/td><\/tr><tr><td>Maskinens v\u00e6gt<\/td><td>250kg<\/td><td>420kg<\/td><\/tr><\/tbody><\/table><figcaption class=\"wp-element-caption\">parametre for l\u00f8gpulverembrygningsmaskinen<\/figcaption><\/figure>    <h2 class=\"wp-block-heading\"><strong>Struktur af l\u00f8gpulveremballeringsmaskine<\/strong><\/h2>    <p>Denne l\u00f8gpulveremballeringsmaskine har et veludviklet strukturelt design. Den best\u00e5r prim\u00e6rt af emballagefilmholder, hopper, ber\u00f8ringssk\u00e6rm, str\u00f8mafbryder, poseformer, automatisk sk\u00e6ring osv.<\/p>    <p>Desuden er skallen p\u00e5 denne pulverpakker lavet af 304 rustfrit st\u00e5l, hvilket ikke kun er rent og hygiejnisk, men ogs\u00e5 har lang levetid. Dens strukturskitse er vist nedenfor:<\/p>    <figure class=\"wp-block-gallery has-nested-images columns-default is-cropped wp-block-gallery-2 is-layout-flex wp-block-gallery-is-layout-flex\"> <figure class=\"wp-block-image size-large\"><img loading=\"lazy\" decoding=\"async\" width=\"540\" height=\"720\" data-id=\"436\" src=\"https:\/\/gingermachines.com\/wp-content\/uploads\/2026\/03\/onion-powder-filling-and-packaging-machine.webp\" alt=\"onion powder filling and packaging machine\" class=\"wp-image-436\" title=\"\" srcset=\"https:\/\/gingermachines.com\/wp-content\/uploads\/2026\/03\/onion-powder-filling-and-packaging-machine.webp 540w, https:\/\/gingermachines.com\/wp-content\/uploads\/2026\/03\/onion-powder-filling-and-packaging-machine-225x300.webp 225w, https:\/\/gingermachines.com\/wp-content\/uploads\/2026\/03\/onion-powder-filling-and-packaging-machine-9x12.webp 9w\" sizes=\"auto, (max-width: 540px) 100vw, 540px\" \/><figcaption class=\"wp-element-caption\">L\u00f8gpulverfyldnings- og emballeringsmaskine<\/figcaption><\/figure>    <figure class=\"wp-block-image size-large\"><img loading=\"lazy\" decoding=\"async\" width=\"540\" height=\"720\" data-id=\"437\" src=\"https:\/\/gingermachines.com\/wp-content\/uploads\/2026\/03\/structure-of-onion-filling-machine.webp\" alt=\"struktur af l\u00f8gfyldningsmaskine\" class=\"wp-image-437\" title=\"\" srcset=\"https:\/\/gingermachines.com\/wp-content\/uploads\/2026\/03\/structure-of-onion-filling-machine.webp 540w, https:\/\/gingermachines.com\/wp-content\/uploads\/2026\/03\/structure-of-onion-filling-machine-225x300.webp 225w, https:\/\/gingermachines.com\/wp-content\/uploads\/2026\/03\/structure-of-onion-filling-machine-9x12.webp 9w\" sizes=\"auto, (max-width: 540px) 100vw, 540px\" \/><figcaption class=\"wp-element-caption\">Struktur af l\u00f8gfyldningsmaskine<\/figcaption><\/figure> <\/figure>    <h2 class=\"wp-block-heading\"><strong>Flere typer af pulveremballeringsmaskiner tilg\u00e6ngelige<\/strong><\/h2>    <p>Ud over l\u00f8gpulverembrygningsmaskiner tilbyder vi et bredt udvalg af pulveremballeringsudstyr for at im\u00f8dekomme forskellige produktionsbehov, herunder:<\/p>    <ol class=\"wp-block-list\"> <li>Flad skub-pulveremballeringsmaskine<\/li>    <li>Direkte skub-pakker-maskine<\/li>    <li>Halvautomatisk pulverfyldningsmaskine<\/li>    <li>M\u00e5lebaseret pulverfyldningsmaskine<\/li> <\/ol>    <figure class=\"wp-block-gallery has-nested-images columns-default is-cropped wp-block-gallery-3 is-layout-flex wp-block-gallery-is-layout-flex\"> <figure class=\"wp-block-image size-large\"><img loading=\"lazy\" decoding=\"async\" width=\"720\" height=\"540\" data-id=\"443\" src=\"https:\/\/gingermachines.com\/wp-content\/uploads\/2026\/03\/flat-push-powder-packaging-machine.webp\" alt=\"flat push powder packaging machine\" class=\"wp-image-443\" title=\"\" srcset=\"https:\/\/gingermachines.com\/wp-content\/uploads\/2026\/03\/flat-push-powder-packaging-machine.webp 720w, https:\/\/gingermachines.com\/wp-content\/uploads\/2026\/03\/flat-push-powder-packaging-machine-300x225.webp 300w, https:\/\/gingermachines.com\/wp-content\/uploads\/2026\/03\/flat-push-powder-packaging-machine-16x12.webp 16w\" sizes=\"auto, (max-width: 720px) 100vw, 720px\" \/><figcaption class=\"wp-element-caption\">Flad skub-pulveremballeringsmaskine<\/figcaption><\/figure>    <figure class=\"wp-block-image size-large\"><img loading=\"lazy\" decoding=\"async\" width=\"720\" height=\"540\" data-id=\"442\" src=\"https:\/\/gingermachines.com\/wp-content\/uploads\/2026\/03\/direct-push-powder-packer-machine.webp\" alt=\"direct push powder packer machine\" class=\"wp-image-442\" title=\"\" srcset=\"https:\/\/gingermachines.com\/wp-content\/uploads\/2026\/03\/direct-push-powder-packer-machine.webp 720w, https:\/\/gingermachines.com\/wp-content\/uploads\/2026\/03\/direct-push-powder-packer-machine-300x225.webp 300w, https:\/\/gingermachines.com\/wp-content\/uploads\/2026\/03\/direct-push-powder-packer-machine-16x12.webp 16w\" sizes=\"auto, (max-width: 720px) 100vw, 720px\" \/><figcaption class=\"wp-element-caption\">Direkte skub-pakker-maskine<\/figcaption><\/figure> <\/figure>    <figure class=\"wp-block-gallery has-nested-images columns-default is-cropped wp-block-gallery-4 is-layout-flex wp-block-gallery-is-layout-flex\"> <figure class=\"wp-block-image size-large\"><img loading=\"lazy\" decoding=\"async\" width=\"720\" height=\"540\" data-id=\"445\" src=\"https:\/\/gingermachines.com\/wp-content\/uploads\/2026\/03\/semi-automatic-powder-filling-machine.webp\" alt=\"semi-automatic powder filling machine\" class=\"wp-image-445\" title=\"\" srcset=\"https:\/\/gingermachines.com\/wp-content\/uploads\/2026\/03\/semi-automatic-powder-filling-machine.webp 720w, https:\/\/gingermachines.com\/wp-content\/uploads\/2026\/03\/semi-automatic-powder-filling-machine-300x225.webp 300w, https:\/\/gingermachines.com\/wp-content\/uploads\/2026\/03\/semi-automatic-powder-filling-machine-16x12.webp 16w\" sizes=\"auto, (max-width: 720px) 100vw, 720px\" \/><figcaption class=\"wp-element-caption\">Halvautomatisk pulverfyldningsmaskine<\/figcaption><\/figure>    <figure class=\"wp-block-image size-large\"><img loading=\"lazy\" decoding=\"async\" width=\"720\" height=\"540\" data-id=\"444\" src=\"https:\/\/gingermachines.com\/wp-content\/uploads\/2026\/03\/quantitative-powder-filling-machine.webp\" alt=\"quantitative powder filling machine\" class=\"wp-image-444\" title=\"\" srcset=\"https:\/\/gingermachines.com\/wp-content\/uploads\/2026\/03\/quantitative-powder-filling-machine.webp 720w, https:\/\/gingermachines.com\/wp-content\/uploads\/2026\/03\/quantitative-powder-filling-machine-300x225.webp 300w, https:\/\/gingermachines.com\/wp-content\/uploads\/2026\/03\/quantitative-powder-filling-machine-16x12.webp 16w\" sizes=\"auto, (max-width: 720px) 100vw, 720px\" \/><figcaption class=\"wp-element-caption\">M\u00e5lebaseret pulverfyldningsmaskine<\/figcaption><\/figure> <\/figure>    <h2 class=\"wp-block-heading\"><strong>Pris p\u00e5 l\u00f8gfyldnings- og pakningsmaskine<\/strong><\/h2>    <p>Prisen p\u00e5 en l\u00f8gpulveremballeringsmaskine varierer afh\u00e6ngigt af faktorer som udstyrsmodel, automatiseringsgrad, n\u00f8dvendig output og specifikke konfigurationsfunktioner. Generelt sp\u00e6nder markedets pulveremballeringsudstyr over et bredt prissp\u00e6nd; derfor er det vigtigt at v\u00e6lge i overensstemmelse med dine faktiske produktionskrav.<\/p>    <figure class=\"wp-block-gallery has-nested-images columns-default is-cropped wp-block-gallery-5 is-layout-flex wp-block-gallery-is-layout-flex\"> <figure class=\"wp-block-image size-large\"><img loading=\"lazy\" decoding=\"async\" width=\"540\" height=\"720\" data-id=\"438\" src=\"https:\/\/gingermachines.com\/wp-content\/uploads\/2026\/03\/onion-powder-filling-equipment.webp\" alt=\"l\u00f8gpulverfyldningsudstyr\" class=\"wp-image-438\" title=\"\" srcset=\"https:\/\/gingermachines.com\/wp-content\/uploads\/2026\/03\/onion-powder-filling-equipment.webp 540w, https:\/\/gingermachines.com\/wp-content\/uploads\/2026\/03\/onion-powder-filling-equipment-225x300.webp 225w, https:\/\/gingermachines.com\/wp-content\/uploads\/2026\/03\/onion-powder-filling-equipment-9x12.webp 9w\" sizes=\"auto, (max-width: 540px) 100vw, 540px\" \/><figcaption class=\"wp-element-caption\">L\u00f8gpulverfyldningsudstyr<\/figcaption><\/figure>    <figure class=\"wp-block-image size-large\"><img loading=\"lazy\" decoding=\"async\" width=\"540\" height=\"720\" data-id=\"439\" src=\"https:\/\/gingermachines.com\/wp-content\/uploads\/2026\/03\/onion-powder-packaging-equipment.webp\" alt=\"Pulverproduktionsprocesflow\" class=\"wp-image-439\" title=\"\" srcset=\"https:\/\/gingermachines.com\/wp-content\/uploads\/2026\/03\/onion-powder-packaging-equipment.webp 540w, https:\/\/gingermachines.com\/wp-content\/uploads\/2026\/03\/onion-powder-packaging-equipment-225x300.webp 225w, https:\/\/gingermachines.com\/wp-content\/uploads\/2026\/03\/onion-powder-packaging-equipment-9x12.webp 9w\" sizes=\"auto, (max-width: 540px) 100vw, 540px\" \/><figcaption class=\"wp-element-caption\">L\u00f8gpulveremballeringsudstyr<\/figcaption><\/figure>    <figure class=\"wp-block-image size-large\"><img loading=\"lazy\" decoding=\"async\" width=\"540\" height=\"720\" data-id=\"440\" src=\"https:\/\/gingermachines.com\/wp-content\/uploads\/2026\/03\/onion-powder-packing-machine.webp\" alt=\"onion powder packing machine\" class=\"wp-image-440\" title=\"\" srcset=\"https:\/\/gingermachines.com\/wp-content\/uploads\/2026\/03\/onion-powder-packing-machine.webp 540w, https:\/\/gingermachines.com\/wp-content\/uploads\/2026\/03\/onion-powder-packing-machine-225x300.webp 225w, https:\/\/gingermachines.com\/wp-content\/uploads\/2026\/03\/onion-powder-packing-machine-9x12.webp 9w\" sizes=\"auto, (max-width: 540px) 100vw, 540px\" \/><figcaption class=\"wp-element-caption\">L\u00f8gpulver pakkemaskine<\/figcaption><\/figure> <\/figure>    <h2 class=\"wp-block-heading\"><strong>Kontakt os i dag!<\/strong><\/h2>    <p class=\"translation-block\">Vi leverer ikke kun professionelle l\u00f8gpulveremballeringsmaskiner, men tilbyder ogs\u00e5 andet l\u00f8gforarbejdningsudstyr, s\u00e5som <a href=\"https:\/\/gingermachines.com\/da\/product\/automatic-onion-peeling-machine\/\">l\u00f8ghakkemaskine<\/a> og <a href=\"https:\/\/gingermachines.com\/da\/product\/onion-powder-making-machine\/\">l\u00f8gpulverkv\u00e6rnemaskine<\/a>. Hvis du har nogle krav, er du velkommen til at kontakte os n\u00e5r som helst for at modtage en tilpasset l\u00f8sning og den nyeste pris!<\/p>","protected":false},"excerpt":{"rendered":"<p>Taizy onion powder packaging machine can be used to package onion powder, ginger powder, pepper, chili powder, flour, laundry detergent, and other similar products. It features a packaging speed of 20\u201380 bags per minute and a packaging weight range of 0\u2013600g.<\/p>","protected":false},"author":1,"featured_media":441,"parent":0,"template":"","tags":[9],"product-type":[6],"class_list":["post-432","product","type-product","status-publish","has-post-thumbnail","hentry","tag-onion","product-type-products"],"_links":{"self":[{"href":"https:\/\/gingermachines.com\/da\/wp-json\/wp\/v2\/product\/432","targetHints":{"allow":["GET"]}}],"collection":[{"href":"https:\/\/gingermachines.com\/da\/wp-json\/wp\/v2\/product"}],"about":[{"href":"https:\/\/gingermachines.com\/da\/wp-json\/wp\/v2\/types\/product"}],"author":[{"embeddable":true,"href":"https:\/\/gingermachines.com\/da\/wp-json\/wp\/v2\/users\/1"}],"wp:featuredmedia":[{"embeddable":true,"href":"https:\/\/gingermachines.com\/da\/wp-json\/wp\/v2\/media\/441"}],"wp:attachment":[{"href":"https:\/\/gingermachines.com\/da\/wp-json\/wp\/v2\/media?parent=432"}],"wp:term":[{"taxonomy":"post_tag","embeddable":true,"href":"https:\/\/gingermachines.com\/da\/wp-json\/wp\/v2\/tags?post=432"},{"taxonomy":"product-type","embeddable":true,"href":"https:\/\/gingermachines.com\/da\/wp-json\/wp\/v2\/product-type?post=432"}],"curies":[{"name":"wp","href":"https:\/\/api.w.org\/{rel}","templated":true}]}}