{"id":414,"date":"2026-03-18T16:48:58","date_gmt":"2026-03-18T08:48:58","guid":{"rendered":"https:\/\/gingermachines.com\/?post_type=product&#038;p=414"},"modified":"2026-03-18T16:51:32","modified_gmt":"2026-03-18T08:51:32","slug":"onion-powder-making-machine","status":"publish","type":"product","link":"https:\/\/gingermachines.com\/da\/product\/onion-powder-making-machine\/","title":{"rendered":"L\u00f8gpulverfremstillingsmaskine"},"content":{"rendered":"<p class=\"translation-block\">Den <strong>l\u00f8g pulverfremstillingsmaskine<\/strong> er en yderst effektiv maskine, der er specielt designet til at male t\u00f8rrede l\u00f8g til fint pulver. Finheden af det f\u00e6rdige produkt ligger konsekvent mellem 20 og 120 mesh. Den kan ogs\u00e5 behandle en bred vifte af andre materialer, herunder majs, hvede, krydderier, kaffeb\u00f8nner, chili, ingef\u00e6r og hvidt sukker.<\/p>    <p>Vi tilbyder en r\u00e6kke l\u00f8g pulvermalermodeller med kapaciteter op til 1.500 kg i timen, hvilket kan opfylde produktionskravene for forskellige skalaer. Hvis du er interesseret i denne maskine, er du velkommen til at kontakte os for yderligere oplysninger!<\/p>    <h2 class=\"wp-block-heading\"><strong>Hvad g\u00f8r Taizy l\u00f8g pulverkv\u00e6rn unik?<\/strong><\/h2>    <p class=\"translation-block\"><strong>1. Bred anvendelse<\/strong><\/p>    <p>Vores l\u00f8g pulverfremstillingsmaskine er ikke kun egnet til behandling af l\u00f8gpulver, men kan ogs\u00e5 h\u00e5ndtere en bred vifte af t\u00f8rre materialer, herunder:<\/p>    <ul class=\"wp-block-list\"> <li>Korn: Majs, hvede<\/li>    <li>Krydderier: Chili, ingef\u00e6r, krydderier<\/li>    <li>Andre: Kaffeb\u00f8nner, sukker<\/li> <\/ul>    <p>Dette muligg\u00f8r multifunktionalitet, hvilket forbedrer udstyrets udnyttelsesgrad.<\/p>    <p class=\"translation-block\"><strong>2. H\u00f8j kapacitet, tilpasset forskellige produktionsskalaer<\/strong><\/p>    <p>Taizy l\u00f8g pulvermalermaskine tilbyder et bredt produktionskapacitetsinterval, der kan v\u00e6lges fra 10 kg\/h til 1.500 kg\/h, hvilket g\u00f8r den egnet til b\u00e5de sm\u00e5 og store produktionsanl\u00e6g.<\/p>    <p class=\"translation-block\"><strong>3. Justerbar pulverfinhed, stabil kvalitet<\/strong><\/p>    <p>F\u00e6rdigproduktets finhedsinterval er 20 til 120 mesh. Dette kan justeres efter de specifikke krav til forskellige produkter, hvilket sikrer en ensartet og fin pulvertekstur og forbedrer den samlede produktkvalitet.<\/p>    <p class=\"translation-block\"><strong>4. F\u00f8devarekvalitetsst\u00e5l, sikkert og holdbart<\/strong><\/p>    <p>Denne l\u00f8g pulverkv\u00e6rn er helt lavet af SUS 304 rustfrit st\u00e5l og har f\u00f8lgende egenskaber:<\/p>    <ul class=\"wp-block-list\"> <li>Det reagerer ikke kemisk med de behandlede materialer, hvilket overholder f\u00f8devaresikkerhedsstandarder.<\/li>    <li>Den har st\u00e6rk korrosionsbestandighed.<\/li>    <li>Den har en robust struktur, hvilket sikrer lang levetid.<\/li> <\/ul>    <figure class=\"wp-block-gallery has-nested-images columns-default is-cropped wp-block-gallery-2 is-layout-flex wp-block-gallery-is-layout-flex\"> <figure class=\"wp-block-image size-large\"><img loading=\"lazy\" decoding=\"async\" width=\"540\" height=\"720\" data-id=\"415\" src=\"https:\/\/gingermachines.com\/wp-content\/uploads\/2026\/03\/onion-powder-grinder-machine.webp\" alt=\"onion powder grinder machine\" class=\"wp-image-415\" title=\"\" srcset=\"https:\/\/gingermachines.com\/wp-content\/uploads\/2026\/03\/onion-powder-grinder-machine.webp 540w, https:\/\/gingermachines.com\/wp-content\/uploads\/2026\/03\/onion-powder-grinder-machine-225x300.webp 225w, https:\/\/gingermachines.com\/wp-content\/uploads\/2026\/03\/onion-powder-grinder-machine-9x12.webp 9w\" sizes=\"auto, (max-width: 540px) 100vw, 540px\" \/><figcaption class=\"wp-element-caption\">L\u00f8g pulverkv\u00e6rn<\/figcaption><\/figure>    <figure class=\"wp-block-image size-large\"><img loading=\"lazy\" decoding=\"async\" width=\"540\" height=\"720\" data-id=\"416\" src=\"https:\/\/gingermachines.com\/wp-content\/uploads\/2026\/03\/onion-powder-milling-machine.webp\" alt=\"L\u00f8gpulveremballeringsudstyr\" class=\"wp-image-416\" title=\"\" srcset=\"https:\/\/gingermachines.com\/wp-content\/uploads\/2026\/03\/onion-powder-milling-machine.webp 540w, https:\/\/gingermachines.com\/wp-content\/uploads\/2026\/03\/onion-powder-milling-machine-225x300.webp 225w, https:\/\/gingermachines.com\/wp-content\/uploads\/2026\/03\/onion-powder-milling-machine-9x12.webp 9w\" sizes=\"auto, (max-width: 540px) 100vw, 540px\" \/><figcaption class=\"wp-element-caption\">L\u00f8g pulverm\u00f8lle<\/figcaption><\/figure>    <figure class=\"wp-block-image size-large\"><img loading=\"lazy\" decoding=\"async\" width=\"540\" height=\"720\" data-id=\"417\" src=\"https:\/\/gingermachines.com\/wp-content\/uploads\/2026\/03\/stainless-steel-onion-powder-grinding-machine.webp\" alt=\"stainless steel onion powder grinding machine\" class=\"wp-image-417\" title=\"\" srcset=\"https:\/\/gingermachines.com\/wp-content\/uploads\/2026\/03\/stainless-steel-onion-powder-grinding-machine.webp 540w, https:\/\/gingermachines.com\/wp-content\/uploads\/2026\/03\/stainless-steel-onion-powder-grinding-machine-225x300.webp 225w, https:\/\/gingermachines.com\/wp-content\/uploads\/2026\/03\/stainless-steel-onion-powder-grinding-machine-9x12.webp 9w\" sizes=\"auto, (max-width: 540px) 100vw, 540px\" \/><figcaption class=\"wp-element-caption\">Rustfri st\u00e5l l\u00f8g pulvermalermaskine<\/figcaption><\/figure> <\/figure>    <h2 class=\"wp-block-heading\"><strong>Hvad kan l\u00f8g pulverfremstillingsmaskine behandle?<\/strong><\/h2>    <p>Vores rustfri st\u00e5l l\u00f8g pulvermalermaskine kan behandle en bred vifte af materialer, herunder l\u00f8g, ingef\u00e6r, chili, korn, majs, b\u00f8nner, sukker, salt, krydderier, kakaob\u00f8nner og mere. Denne l\u00f8g pulverm\u00f8lle bruges ofte i f\u00f8lgende indstillinger:<\/p>    <ul class=\"wp-block-list\"> <li>Krydderi- og smagsstofferforarbejdningsanl\u00e6g<\/li>    <li>F\u00f8devareforarbejdningsvirksomheder<\/li>    <li>Landbrugsprodukt dybdegangsprojekter<\/li>    <li>Krydderi- og urtepulverproduktion<\/li> <\/ul>    <figure class=\"wp-block-gallery has-nested-images columns-default is-cropped wp-block-gallery-3 is-layout-flex wp-block-gallery-is-layout-flex\"> <figure class=\"wp-block-image size-large\"><img loading=\"lazy\" decoding=\"async\" width=\"720\" height=\"540\" data-id=\"426\" src=\"https:\/\/gingermachines.com\/wp-content\/uploads\/2026\/03\/application-of-dried-onion-grinder.webp\" alt=\"application of dried onion grinder\" class=\"wp-image-426\" title=\"\" srcset=\"https:\/\/gingermachines.com\/wp-content\/uploads\/2026\/03\/application-of-dried-onion-grinder.webp 720w, https:\/\/gingermachines.com\/wp-content\/uploads\/2026\/03\/application-of-dried-onion-grinder-300x225.webp 300w, https:\/\/gingermachines.com\/wp-content\/uploads\/2026\/03\/application-of-dried-onion-grinder-16x12.webp 16w\" sizes=\"auto, (max-width: 720px) 100vw, 720px\" \/><figcaption class=\"wp-element-caption\">Anvendelse af t\u00f8rret l\u00f8gmaler<\/figcaption><\/figure>    <figure class=\"wp-block-image size-large\"><img loading=\"lazy\" decoding=\"async\" width=\"720\" height=\"540\" data-id=\"427\" src=\"https:\/\/gingermachines.com\/wp-content\/uploads\/2026\/03\/application-of-dried-onion-grinding-machine.webp\" alt=\"application of dried onion grinding machine\" class=\"wp-image-427\" title=\"\" srcset=\"https:\/\/gingermachines.com\/wp-content\/uploads\/2026\/03\/application-of-dried-onion-grinding-machine.webp 720w, https:\/\/gingermachines.com\/wp-content\/uploads\/2026\/03\/application-of-dried-onion-grinding-machine-300x225.webp 300w, https:\/\/gingermachines.com\/wp-content\/uploads\/2026\/03\/application-of-dried-onion-grinding-machine-16x12.webp 16w\" sizes=\"auto, (max-width: 720px) 100vw, 720px\" \/><figcaption class=\"wp-element-caption\">Anvendelse af t\u00f8rret l\u00f8gmaler<\/figcaption><\/figure> <\/figure>    <h2 class=\"wp-block-heading\"><strong>Strukturelle komponenter i l\u00f8g pulvermaler<\/strong><\/h2>    <p>Denne rustfri st\u00e5l l\u00f8g pulverfremstillingsmaskine har et enkelt, men veludviklet overordnet design og tilbyder ligetil betjening. Dens n\u00f8glekomponenter inkluderer:<\/p>    <ul class=\"wp-block-list\"> <li>Fodring: Designet til ensartet fodring af materialer, hvilket forbedrer behandlingshastigheden.<\/li>    <li>Speed \u200b\u200bcontrol mechanism: Allows for the adjustment of the equipment&#8217;s operating speed.<\/li>    <li>Knusningskammer: Det centrale arbejdsomr\u00e5de er ansvarligt for den h\u00f8je hastighedsknusning af materialer.<\/li>    <li>Fastg\u00f8ringsm\u00f8trikker: Sikrer kritiske komponenter, hvilket sikrer stabil drift.<\/li>    <li>Str\u00f8mbryder: Kontrollerer start og stop af maskinen, hvilket sikrer sikker og bekvem drift.<\/li>    <li>Udl\u00f8bsudl\u00f8b: G\u00f8r det muligt at hurtigt aflade det f\u00e6rdige pulver.<\/li> <\/ul>    <p>Med sin kompakte struktur, enkle betjening og let vedligeholdelse er denne maskine ideel til kontinuerlig produktion.<\/p>   <div class=\"wp-block-image\"> <figure class=\"aligncenter size-full\"><img loading=\"lazy\" decoding=\"async\" width=\"720\" height=\"540\" src=\"https:\/\/gingermachines.com\/wp-content\/uploads\/2026\/03\/structure-of-dried-onion-grinding-machine.webp\" alt=\"Struktur af t\u00f8rret l\u00f8gmaler\" class=\"wp-image-418\" title=\"\" srcset=\"https:\/\/gingermachines.com\/wp-content\/uploads\/2026\/03\/structure-of-dried-onion-grinding-machine.webp 720w, https:\/\/gingermachines.com\/wp-content\/uploads\/2026\/03\/structure-of-dried-onion-grinding-machine-300x225.webp 300w, https:\/\/gingermachines.com\/wp-content\/uploads\/2026\/03\/structure-of-dried-onion-grinding-machine-16x12.webp 16w\" sizes=\"auto, (max-width: 720px) 100vw, 720px\" \/><figcaption class=\"wp-element-caption\">Struktur af t\u00f8rret l\u00f8gmaler<\/figcaption><\/figure> <\/div>   <h2 class=\"wp-block-heading\"><strong>Tekniske parametre for l\u00f8g pulverfremstillingsmaskine<\/strong><\/h2>    <p>F\u00f8r du v\u00e6lger en bestemt udstyrsmodel, er det vigtigt at forst\u00e5 forskellene mellem de forskellige modeller med hensyn til output, str\u00f8mforbrug og finhed af det f\u00e6rdige produkt. Yderligere information er angivet nedenfor til din reference:<\/p>    <figure class=\"wp-block-table\"><table class=\"has-fixed-layout\"><thead><tr><th>Model<\/th><th>15B<\/th><th>20B<\/th><th>30B<\/th><th>40B<\/th><th>50B<\/th><\/tr><\/thead><tbody><tr><td>Materiale<\/td><td>SUS 304<\/td><td>SUS 304<\/td><td>SUS 304<\/td><td>SUS 304<\/td><td>SUS 304<\/td><\/tr><tr><td>Str\u00f8m<\/td><td>2,2 kW<\/td><td>4kw<\/td><td>7.5kw<\/td><td>11kw<\/td><td>18,5kw<\/td><\/tr><tr><td>Rotationshastighed<\/td><td>6000r\/m<\/td><td>4500r\/m<\/td><td>3800r\/m<\/td><td>3400r\/m<\/td><td>3200r\/m<\/td><\/tr><tr><td>Materialest\u00f8rrelse<\/td><td>&lt;8mm<\/td><td>&lt;8mm<\/td><td>&lt;10mm<\/td><td>&lt;12mm<\/td><td>&lt;14mm<\/td><\/tr><tr><td>Kapacitet<\/td><td>10-60kg\/h<\/td><td>60-150kg\/h<\/td><td>100-300kg\/h<\/td><td>160-800kg\/h<\/td><td>500-1500kg\/h<\/td><\/tr><tr><td>Finhed<\/td><td>20-120mesh<\/td><td>20-120mesh<\/td><td>20-120mesh<\/td><td>20-120mesh<\/td><td>20-120mesh<\/td><\/tr><tr><td>V\u00e6gt<\/td><td>150 kg<\/td><td>280 kg<\/td><td>340kg<\/td><td>450 kg<\/td><td>530kg<\/td><\/tr><\/tbody><\/table><figcaption class=\"wp-element-caption\">parametre for l\u00f8g pulvermalermaskine<\/figcaption><\/figure>    <h2 class=\"wp-block-heading\"><strong>Hvor meget koster l\u00f8gmalermaskine?<\/strong><\/h2>    <p>Den samlede prisinterval for en l\u00f8g pulverfremstillingsmaskine ligger typisk mellem $2.000 og $10.000; den specifikke pris varierer afh\u00e6ngigt af udstyrsmodel, produktionskapacitet og konfiguration. De prim\u00e6re faktorer, der p\u00e5virker prisen, inkluderer:<\/p>    <ul class=\"wp-block-list\"> <li><strong>Produktionskapacitet<\/strong>: H\u00f8jere outputkapacitet resulterer i en h\u00f8jere udstyrspris.<\/li>    <li><strong>Motorstyrke<\/strong>: St\u00f8rre motorkraft f\u00f8rer til h\u00f8jere omkostninger.<\/li>    <li><strong>Materialestandarder<\/strong>: Udstyr lavet af f\u00f8devarekvalitetsst\u00e5l er dyrere end standardmaterialer.<\/li>    <li><strong>Kv\u00e6rningsfinhedskrav<\/strong>: H\u00f8jpr\u00e6cise sigter og justeringssystemer \u00f8ger den samlede omkostning.<\/li> <\/ul>    <figure class=\"wp-block-gallery has-nested-images columns-default is-cropped wp-block-gallery-4 is-layout-flex wp-block-gallery-is-layout-flex\"> <figure class=\"wp-block-image size-large\"><img loading=\"lazy\" decoding=\"async\" width=\"720\" height=\"540\" data-id=\"419\" src=\"https:\/\/gingermachines.com\/wp-content\/uploads\/2026\/03\/onion-powder-grinder.webp\" alt=\"l\u00f8g pulvermaler\" class=\"wp-image-419\" title=\"\" srcset=\"https:\/\/gingermachines.com\/wp-content\/uploads\/2026\/03\/onion-powder-grinder.webp 720w, https:\/\/gingermachines.com\/wp-content\/uploads\/2026\/03\/onion-powder-grinder-300x225.webp 300w, https:\/\/gingermachines.com\/wp-content\/uploads\/2026\/03\/onion-powder-grinder-16x12.webp 16w\" sizes=\"auto, (max-width: 720px) 100vw, 720px\" \/><figcaption class=\"wp-element-caption\">L\u00f8gpulverkv\u00e6rn<\/figcaption><\/figure>    <figure class=\"wp-block-image size-large\"><img loading=\"lazy\" decoding=\"async\" width=\"720\" height=\"540\" data-id=\"420\" src=\"https:\/\/gingermachines.com\/wp-content\/uploads\/2026\/03\/onion-powder-grinding-equipment.webp\" alt=\"l\u00f8g pulvermalingsudstyr\" class=\"wp-image-420\" title=\"\" srcset=\"https:\/\/gingermachines.com\/wp-content\/uploads\/2026\/03\/onion-powder-grinding-equipment.webp 720w, https:\/\/gingermachines.com\/wp-content\/uploads\/2026\/03\/onion-powder-grinding-equipment-300x225.webp 300w, https:\/\/gingermachines.com\/wp-content\/uploads\/2026\/03\/onion-powder-grinding-equipment-16x12.webp 16w\" sizes=\"auto, (max-width: 720px) 100vw, 720px\" \/><figcaption class=\"wp-element-caption\">L\u00f8g pulvermalingsudstyr<\/figcaption><\/figure> <\/figure>    <h2 class=\"wp-block-heading\"><strong>Hvordan v\u00e6lger man l\u00f8g pulvermalermaskine?<\/strong><\/h2>    <p>N\u00e5r du v\u00e6lger en l\u00f8g pulverfremstillingsmaskine, anbefales det at basere dit valg p\u00e5 f\u00f8lgende faktorer:<\/p>    <ul class=\"wp-block-list\"> <li>P\u00e5kr\u00e6vet timem\u00e6ssig produktion<\/li>    <li>Type og st\u00f8rrelse af r\u00e5materialer<\/li>    <li>P\u00e5kr\u00e6vet finhed af det f\u00e6rdige produkt<\/li>    <li>Site- og str\u00f8mforsyningsforhold<\/li> <\/ul>    <p>Valg af den rette udstyrsmodel hj\u00e6lper med at forbedre produktivitet og reducere driftsomkostninger.<\/p>   <div class=\"wp-block-image\"> <figure class=\"aligncenter size-full\"><img loading=\"lazy\" decoding=\"async\" width=\"720\" height=\"540\" src=\"https:\/\/gingermachines.com\/wp-content\/uploads\/2026\/03\/onion-powder-making-machine.webp\" alt=\"l\u00f8g pulverfremstillingsmaskine\" class=\"wp-image-421\" title=\"\" srcset=\"https:\/\/gingermachines.com\/wp-content\/uploads\/2026\/03\/onion-powder-making-machine.webp 720w, https:\/\/gingermachines.com\/wp-content\/uploads\/2026\/03\/onion-powder-making-machine-300x225.webp 300w, https:\/\/gingermachines.com\/wp-content\/uploads\/2026\/03\/onion-powder-making-machine-16x12.webp 16w\" sizes=\"auto, (max-width: 720px) 100vw, 720px\" \/><figcaption class=\"wp-element-caption\">l\u00f8g pulverfremstillingsmaskine<\/figcaption><\/figure> <\/div>   <h2 class=\"wp-block-heading\"><strong>Kontakt os for et tilbud nu!<\/strong><\/h2>    <p class=\"translation-block\">L\u00f8g pulverfremstillingsmaskinen er et centralt udstyr til dybdeg\u00e5ende behandling af l\u00f8g. Vi tilbyder ogs\u00e5 et komplet s\u00e6t af l\u00f8gforarbejdningsudstyr, inklusive <a href=\"https:\/\/gingermachines.com\/da\/product\/automatic-onion-peeling-machine\/\">l\u00f8gpiller<\/a>, <a href=\"https:\/\/gingermachines.com\/da\/product\/onion-cutting-machine\/\">l\u00f8gsnittemaskine<\/a>, og <a href=\"https:\/\/gingermachines.com\/da\/product\/onion-drying-machine\/\">l\u00f8gt\u00f8rre<\/a>, hvilket muligg\u00f8r en fuld produktionsproces fra r\u00e5materialer til f\u00e6rdigt l\u00f8gpulver.<\/p>    <p>Hvis du \u00f8nsker at modtage et detaljeret tilbud, er du velkommen til at kontakte os n\u00e5r som helst. Vi vil give dig ekspertanbefalinger om udstyrsops\u00e6tning, der er skr\u00e6ddersyet til dine unikke krav.<\/p>","protected":false},"excerpt":{"rendered":"<p>This article primarily introduces our onion powder making machine. Our onion grinder is constructed from stainless steel. It is suitable for processing onions, ginger, chili peppers, grains, and similar products. Its processing capacity ranges from 10 to 1,500 kilograms per hour, producing a finished product with a fineness ranging from 20 to 120 mesh.<\/p>","protected":false},"author":1,"featured_media":425,"parent":0,"template":"","tags":[9],"product-type":[6],"class_list":["post-414","product","type-product","status-publish","has-post-thumbnail","hentry","tag-onion","product-type-products"],"_links":{"self":[{"href":"https:\/\/gingermachines.com\/da\/wp-json\/wp\/v2\/product\/414","targetHints":{"allow":["GET"]}}],"collection":[{"href":"https:\/\/gingermachines.com\/da\/wp-json\/wp\/v2\/product"}],"about":[{"href":"https:\/\/gingermachines.com\/da\/wp-json\/wp\/v2\/types\/product"}],"author":[{"embeddable":true,"href":"https:\/\/gingermachines.com\/da\/wp-json\/wp\/v2\/users\/1"}],"wp:featuredmedia":[{"embeddable":true,"href":"https:\/\/gingermachines.com\/da\/wp-json\/wp\/v2\/media\/425"}],"wp:attachment":[{"href":"https:\/\/gingermachines.com\/da\/wp-json\/wp\/v2\/media?parent=414"}],"wp:term":[{"taxonomy":"post_tag","embeddable":true,"href":"https:\/\/gingermachines.com\/da\/wp-json\/wp\/v2\/tags?post=414"},{"taxonomy":"product-type","embeddable":true,"href":"https:\/\/gingermachines.com\/da\/wp-json\/wp\/v2\/product-type?post=414"}],"curies":[{"name":"wp","href":"https:\/\/api.w.org\/{rel}","templated":true}]}}