{"id":387,"date":"2026-03-11T14:34:05","date_gmt":"2026-03-11T06:34:05","guid":{"rendered":"https:\/\/gingermachines.com\/?post_type=product&#038;p=387"},"modified":"2026-03-11T14:37:16","modified_gmt":"2026-03-11T06:37:16","slug":"onion-drying-machine","status":"publish","type":"product","link":"https:\/\/gingermachines.com\/da\/product\/onion-drying-machine\/","title":{"rendered":"L\u00f8g-t\u00f8rringsmaskine"},"content":{"rendered":"<p class=\"translation-block\">L\u00f8g<strong>t\u00f8rringsmaskine<\/strong> er en enhed, der bruger elektrisk opvarmet varm luftcirkulationsteknologi. Dens t\u00f8rreevne er ca. 100\u2013600 kg\/parti. Vores l\u00f8gt\u00f8rrer er egnet til en r\u00e6kke materialer, herunder l\u00f8g, svampe, chili, kinesiske medicinske urter, p\u00f8lser, sm\u00e5 rejer, t\u00f8rrede abrikoser og t\u00f8rrede blommer.<\/p>    <p>Taizy l\u00f8gt\u00f8rrer er udstyret med cirkulationsventilator og udsugningsventilator, hvilket opn\u00e5r ensartet t\u00f8rring gennem kontinuerlig varm luftcirkulation. Derudover kan temperatur, luftfugtighed og t\u00f8rretid alle indstilles via kontrolpanelet. Hvis du s\u00f8ger t\u00f8rreequipment, er du velkommen til at kontakte os!<\/p>    <h2 class=\"wp-block-heading\"><strong>Funktioner af l\u00f8gt\u00f8rringsmaskine<\/strong><\/h2>    <p class=\"translation-block\">1. <strong>Varm luftcirkulationssystem<\/strong><\/p>    <p>Udstyret er udstyret med en cirkulationsventilator, der kontinuerligt cirkulerer varm luft inde i t\u00f8rrekammeret, hvilket sikrer j\u00e6vn opvarmning af hver bakke.<\/p>    <p class=\"translation-block\">2. <strong>Intelligent kontrolsystem<\/strong><\/p>    <p>Kontrolskabet har en digital kontrolpanel, der giver brugerne mulighed for at indstille:<\/p>    <ul class=\"wp-block-list\"> <li>Temperatur<\/li>    <li>Fugtighed<\/li>    <li>T\u00f8rretid<\/li>    <li>Tidsinterval<\/li> <\/ul>    <p class=\"translation-block\">3. <strong>Isolationsstruktursdesign<\/strong><\/p>    <p>T\u00f8rrekammeret er konstrueret med 7,5 cm tyk stenuldsisolering, hvilket giver fremragende isoleringsydelse og effektivt reducerer varmetab.<\/p>    <p class=\"translation-block\">4. <strong>Tilpasseligt bakke-materiale<\/strong><\/p>    <p>Standardbakken er en galvaniseret bakke, men tilpassede muligheder er tilg\u00e6ngelige efter anmodning:<\/p>    <ul class=\"wp-block-list\"> <li>Rustfri st\u00e5lbakker<\/li>    <li>Plastbakker<\/li> <\/ul>    <p class=\"translation-block\">5. <strong>Elektrisk opvarmningsstruktur<\/strong><\/p>    <p>L\u00f8gt\u00f8rringsmaskinen bruger elektrisk opvarmning; varmeelementet er installeret over cirkulationsventilatoren, hvilket tillader varm luft hurtigt at diffundere ind i t\u00f8rrerummet.<\/p>    <figure class=\"wp-block-gallery has-nested-images columns-default is-cropped wp-block-gallery-2 is-layout-flex wp-block-gallery-is-layout-flex\"> <figure class=\"wp-block-image size-large\"><img loading=\"lazy\" decoding=\"async\" width=\"720\" height=\"540\" data-id=\"391\" src=\"https:\/\/gingermachines.com\/wp-content\/uploads\/2026\/03\/onion-slice-drying-machine.webp\" alt=\"Elektrisk opvarmet l\u00f8gt\u00f8rringsmaskine til f\u00f8devareforarbejdningsanl\u00e6g\" class=\"wp-image-391\" title=\"\" srcset=\"https:\/\/gingermachines.com\/wp-content\/uploads\/2026\/03\/onion-slice-drying-machine.webp 720w, https:\/\/gingermachines.com\/wp-content\/uploads\/2026\/03\/onion-slice-drying-machine-300x225.webp 300w, https:\/\/gingermachines.com\/wp-content\/uploads\/2026\/03\/onion-slice-drying-machine-16x12.webp 16w\" sizes=\"auto, (max-width: 720px) 100vw, 720px\" \/><figcaption class=\"wp-element-caption\">L\u00f8gt\u00f8rringsmaskine<\/figcaption><\/figure>    <figure class=\"wp-block-image size-large\"><img loading=\"lazy\" decoding=\"async\" width=\"720\" height=\"540\" data-id=\"390\" src=\"https:\/\/gingermachines.com\/wp-content\/uploads\/2026\/03\/circulating-fan.webp\" alt=\"circulating fan of onion dryer\" class=\"wp-image-390\" title=\"\" srcset=\"https:\/\/gingermachines.com\/wp-content\/uploads\/2026\/03\/circulating-fan.webp 720w, https:\/\/gingermachines.com\/wp-content\/uploads\/2026\/03\/circulating-fan-300x225.webp 300w, https:\/\/gingermachines.com\/wp-content\/uploads\/2026\/03\/circulating-fan-16x12.webp 16w\" sizes=\"auto, (max-width: 720px) 100vw, 720px\" \/><figcaption class=\"wp-element-caption\">L\u00f8gt\u00f8rrerens cirkulationsventilator<\/figcaption><\/figure>    <figure class=\"wp-block-image size-large\"><img loading=\"lazy\" decoding=\"async\" width=\"720\" height=\"540\" data-id=\"389\" src=\"https:\/\/gingermachines.com\/wp-content\/uploads\/2026\/03\/operation-screen-of-electric-heating-dryer.webp\" alt=\"operation screen of electric heating dryer\" class=\"wp-image-389\" title=\"\" srcset=\"https:\/\/gingermachines.com\/wp-content\/uploads\/2026\/03\/operation-screen-of-electric-heating-dryer.webp 720w, https:\/\/gingermachines.com\/wp-content\/uploads\/2026\/03\/operation-screen-of-electric-heating-dryer-300x225.webp 300w, https:\/\/gingermachines.com\/wp-content\/uploads\/2026\/03\/operation-screen-of-electric-heating-dryer-16x12.webp 16w\" sizes=\"auto, (max-width: 720px) 100vw, 720px\" \/><figcaption class=\"wp-element-caption\">Betjeningssk\u00e6rm til elektrisk opvarmet t\u00f8rre<\/figcaption><\/figure> <\/figure>    <figure class=\"wp-block-gallery has-nested-images columns-default is-cropped wp-block-gallery-3 is-layout-flex wp-block-gallery-is-layout-flex\"> <figure class=\"wp-block-image size-large\"><img loading=\"lazy\" decoding=\"async\" width=\"720\" height=\"540\" data-id=\"394\" src=\"https:\/\/gingermachines.com\/wp-content\/uploads\/2026\/03\/galvanized-tray-of-onion-slice-dryer.webp\" alt=\"Plastbakke til l\u00f8gd\u00f8rrer for l\u00f8g\" class=\"wp-image-394\" title=\"\" srcset=\"https:\/\/gingermachines.com\/wp-content\/uploads\/2026\/03\/galvanized-tray-of-onion-slice-dryer.webp 720w, https:\/\/gingermachines.com\/wp-content\/uploads\/2026\/03\/galvanized-tray-of-onion-slice-dryer-300x225.webp 300w, https:\/\/gingermachines.com\/wp-content\/uploads\/2026\/03\/galvanized-tray-of-onion-slice-dryer-16x12.webp 16w\" sizes=\"auto, (max-width: 720px) 100vw, 720px\" \/><figcaption class=\"wp-element-caption\">Galvaniserede bakker til l\u00f8gsnit-t\u00f8rrer<\/figcaption><\/figure>    <figure class=\"wp-block-image size-large\"><img loading=\"lazy\" decoding=\"async\" width=\"720\" height=\"540\" data-id=\"393\" src=\"https:\/\/gingermachines.com\/wp-content\/uploads\/2026\/03\/stainless-steel-tray-of-vegetable-onion-drying-machine.webp\" alt=\"Galvaniseret bakke til l\u00f8gskivesk\u00e6rer\" class=\"wp-image-393\" title=\"\" srcset=\"https:\/\/gingermachines.com\/wp-content\/uploads\/2026\/03\/stainless-steel-tray-of-vegetable-onion-drying-machine.webp 720w, https:\/\/gingermachines.com\/wp-content\/uploads\/2026\/03\/stainless-steel-tray-of-vegetable-onion-drying-machine-300x225.webp 300w, https:\/\/gingermachines.com\/wp-content\/uploads\/2026\/03\/stainless-steel-tray-of-vegetable-onion-drying-machine-16x12.webp 16w\" sizes=\"auto, (max-width: 720px) 100vw, 720px\" \/><figcaption class=\"wp-element-caption\">Rustfri st\u00e5lbakker til gr\u00f8ntsags- og l\u00f8gt\u00f8rringsmaskine<\/figcaption><\/figure>    <figure class=\"wp-block-image size-large\"><img loading=\"lazy\" decoding=\"async\" width=\"720\" height=\"540\" data-id=\"392\" src=\"https:\/\/gingermachines.com\/wp-content\/uploads\/2026\/03\/plastic-tray-of-dryer-machine-for-onions.webp\" alt=\"Cirkulationsventilator til l\u00f8gd\u00f8rrer\" class=\"wp-image-392\" title=\"\" srcset=\"https:\/\/gingermachines.com\/wp-content\/uploads\/2026\/03\/plastic-tray-of-dryer-machine-for-onions.webp 720w, https:\/\/gingermachines.com\/wp-content\/uploads\/2026\/03\/plastic-tray-of-dryer-machine-for-onions-300x225.webp 300w, https:\/\/gingermachines.com\/wp-content\/uploads\/2026\/03\/plastic-tray-of-dryer-machine-for-onions-16x12.webp 16w\" sizes=\"auto, (max-width: 720px) 100vw, 720px\" \/><figcaption class=\"wp-element-caption\">Plastbakker til l\u00f8gt\u00f8rringsmaskine<\/figcaption><\/figure> <\/figure>    <h2 class=\"wp-block-heading\"><strong>Hvordan fungerer l\u00f8gsk\u00e6remaskine?<\/strong><\/h2>    <p>Taizy l\u00f8gt\u00f8rrer bruger en kontinuerlig proces med opvarmning, cirkulation og dehumidifikation for at sikre effektiv t\u00f8rring af materialer under stabile temperaturforhold.<\/p>    <ol class=\"wp-block-list\"> <li><strong>Elektrisk opvarmning genererer varm luft<\/strong>: Elektrisk opvarmning h\u00e6ver hurtigt temperaturen inde i t\u00f8rrekammeret.<\/li>    <li><strong>Cirkulationsventilatoren fordeler luften j\u00e6vnt<\/strong>: Den cirkulerende ventilator spreder varme fra luften gennem luftkanaler, hvilket sikrer j\u00e6vn varmefordeling i hele t\u00f8rrekammeret.<\/li>    <li><strong>: Varm luft ledes mod materialebakkerne<\/strong>: Den cirkulerende ventilator spreder varme fra luften gennem luftkanaler, hvilket sikrer j\u00e6vn varmefordeling i hele t\u00f8rrekammeret.<\/li>    <li><strong>T\u00f8rresystem fjerner fugt<\/strong>: Dehumideringsventilatoren fjerner fugt, der genereres under t\u00f8rringsprocessen, og opretholder et t\u00f8rt milj\u00f8.<\/li> <\/ol>    <figure class=\"wp-block-gallery has-nested-images columns-default is-cropped wp-block-gallery-4 is-layout-flex wp-block-gallery-is-layout-flex\"> <figure class=\"wp-block-image size-large\"><img loading=\"lazy\" decoding=\"async\" width=\"540\" height=\"720\" data-id=\"397\" src=\"https:\/\/gingermachines.com\/wp-content\/uploads\/2026\/03\/vegetable-drying-machine.webp\" alt=\"gr\u00f8ntsags-t\u00f8rringsmaskine\" class=\"wp-image-397\" title=\"\" srcset=\"https:\/\/gingermachines.com\/wp-content\/uploads\/2026\/03\/vegetable-drying-machine.webp 540w, https:\/\/gingermachines.com\/wp-content\/uploads\/2026\/03\/vegetable-drying-machine-225x300.webp 225w, https:\/\/gingermachines.com\/wp-content\/uploads\/2026\/03\/vegetable-drying-machine-9x12.webp 9w\" sizes=\"auto, (max-width: 540px) 100vw, 540px\" \/><figcaption class=\"wp-element-caption\">Gr\u00f8ntsags-t\u00f8rringsmaskine<\/figcaption><\/figure>    <figure class=\"wp-block-image size-large\"><img loading=\"lazy\" decoding=\"async\" width=\"540\" height=\"720\" data-id=\"396\" src=\"https:\/\/gingermachines.com\/wp-content\/uploads\/2026\/03\/onion-drying-equipment.webp\" alt=\"onion drying equipment\" class=\"wp-image-396\" title=\"\" srcset=\"https:\/\/gingermachines.com\/wp-content\/uploads\/2026\/03\/onion-drying-equipment.webp 540w, https:\/\/gingermachines.com\/wp-content\/uploads\/2026\/03\/onion-drying-equipment-225x300.webp 225w, https:\/\/gingermachines.com\/wp-content\/uploads\/2026\/03\/onion-drying-equipment-9x12.webp 9w\" sizes=\"auto, (max-width: 540px) 100vw, 540px\" \/><figcaption class=\"wp-element-caption\">L\u00f8gt\u00f8rringsudstyr<\/figcaption><\/figure>    <figure class=\"wp-block-image size-large\"><img loading=\"lazy\" decoding=\"async\" width=\"540\" height=\"720\" data-id=\"395\" src=\"https:\/\/gingermachines.com\/wp-content\/uploads\/2026\/03\/onion-dryer-machine.webp\" alt=\"L\u00f8g t\u00f8rremaskine\" class=\"wp-image-395\" title=\"\" srcset=\"https:\/\/gingermachines.com\/wp-content\/uploads\/2026\/03\/onion-dryer-machine.webp 540w, https:\/\/gingermachines.com\/wp-content\/uploads\/2026\/03\/onion-dryer-machine-225x300.webp 225w, https:\/\/gingermachines.com\/wp-content\/uploads\/2026\/03\/onion-dryer-machine-9x12.webp 9w\" sizes=\"auto, (max-width: 540px) 100vw, 540px\" \/><figcaption class=\"wp-element-caption\">L\u00f8gt\u00f8rringsmaskine<\/figcaption><\/figure> <\/figure>    <h2 class=\"wp-block-heading\"><strong>Hvad er anvendelserne af l\u00f8gt\u00f8rringsmaskine?<\/strong><\/h2>    <p>L\u00f8gt\u00f8rringsmaskinen har et bredt anvendelsesomr\u00e5de og kan bruges til t\u00f8rring af forskellige f\u00f8devarer og landbrugsprodukter.<\/p>    <ul class=\"wp-block-list\"> <li><strong>K\u00f8dprodukt<\/strong>: Modnet svinek\u00f8d, p\u00f8lser, svinekj\u00e6r<\/li>    <li><strong>Akvatisk produkt<\/strong>: Lille fisk, sm\u00e5 rejer<\/li>    <li><strong>Landbrugsprodukt<\/strong>: L\u00f8g, peberfrugter, svampe, t\u00f8rrede gr\u00f8ntsager<\/li>    <li><strong>T\u00f8rret frugt<\/strong>: T\u00f8rrede abrikoser, t\u00f8rrede blommer, t\u00f8rret mango, kandiseret frugt<\/li>    <li><strong>Traditionelt kinesisk medicinsk materiale:<\/strong> Forskellige rod- og bladmedicinske materialer<\/li> <\/ul>    <p>L\u00f8gt\u00f8rringsmaskinen bruger en konstant temperatur varm luft-t\u00f8rringsmetode, som bedre kan bevare farve, smag og n\u00e6ringsstoffer i materialerne.<\/p>   <div class=\"wp-block-image\"> <figure class=\"aligncenter size-full\"><img loading=\"lazy\" decoding=\"async\" width=\"720\" height=\"540\" src=\"https:\/\/gingermachines.com\/wp-content\/uploads\/2026\/03\/application-of-onion-dryer.webp\" alt=\"Anvendelse af l\u00f8gt\u00f8rrer\" class=\"wp-image-398\" title=\"\" srcset=\"https:\/\/gingermachines.com\/wp-content\/uploads\/2026\/03\/application-of-onion-dryer.webp 720w, https:\/\/gingermachines.com\/wp-content\/uploads\/2026\/03\/application-of-onion-dryer-300x225.webp 300w, https:\/\/gingermachines.com\/wp-content\/uploads\/2026\/03\/application-of-onion-dryer-16x12.webp 16w\" sizes=\"auto, (max-width: 720px) 100vw, 720px\" \/><figcaption class=\"wp-element-caption\">Anvendelse af l\u00f8gt\u00f8rrer<\/figcaption><\/figure> <\/div>   <h2 class=\"wp-block-heading\"><strong>Tekniske parametre for l\u00f8gt\u00f8rringsmaskine<\/strong><\/h2>    <p>Vi tilbyder forskellige modeller af l\u00f8gt\u00f8rringsmaskiner. Nedenfor er deres detaljerede specifikationer til din reference:<\/p>    <figure class=\"wp-block-table\"><table><thead><tr><th>Model<\/th><th>Antal bakkelag<\/th><th>Kapacitet (per parti)<\/th><th>Samlet st\u00f8rrelse (mm)<\/th><th>Bakke st\u00f8rrelse (mm)<\/th><th>Effekt (kw)<\/th><th>Cirkulationsventilatorer (kw)<\/th><th>Udsugningsventilatorer (kw)<\/th><th>Materiale<\/th><\/tr><\/thead><tbody><tr><td>TZ-20<\/td><td>20<\/td><td>Ca. 100 kg<\/td><td>1100\u00d71100\u00d72200<\/td><td>800\u00d7600<\/td><td>6<\/td><td>2\u00d70.37<\/td><td>1\u00d70.18<\/td><td>Stenuld<\/td><\/tr><tr><td>TZ-40<\/td><td>40<\/td><td>Ca. 200 kg<\/td><td>2200\u00d71100\u00d72200<\/td><td>800\u00d71000<\/td><td>13.5<\/td><td>2\u00d70.37<\/td><td>1\u00d70.18<\/td><td>Stenuld<\/td><\/tr><tr><td>TZ-80<\/td><td>80<\/td><td>Ca. 400 kg<\/td><td>2000\u00d71800\u00d72200<\/td><td>800\u00d7600<\/td><td>27<\/td><td>4\u00d70.37<\/td><td>2\u00d70.18k<\/td><td>Stenuld<\/td><\/tr><tr><td>TZ-120<\/td><td>120<\/td><td>Ca. 600 kg<\/td><td>2600\u00d71800\u00d72200<\/td><td>800\u00d7600<\/td><td>36<\/td><td>4\u00d70.37<\/td><td>2\u00d70.37<\/td><td>Stenuld<\/td><\/tr><\/tbody><\/table><figcaption class=\"wp-element-caption\">Parametre for l\u00f8gt\u00f8rringsudstyr<\/figcaption><\/figure>    <h2 class=\"wp-block-heading\"><strong>Andre typer l\u00f8gt\u00f8rrere til salg<\/strong><\/h2>    <p>Ud over den elektrisk opvarmede l\u00f8gt\u00f8rringsmaskine tilbyder vi ogs\u00e5 en r\u00e6kke h\u00f8jkapacitets t\u00f8rreequipment, der er egnet til store produktionsbehov. Disse t\u00f8rreenheder kan udstyres med forskellige varmekilder efter kundens behov, s\u00e5som:<\/p>    <ul class=\"wp-block-list\"> <li>Biomassepiller<\/li>    <li>Diesel<\/li>    <li>Naturgas<\/li>    <li>LPG (Liquefied Petroleum Gas)<\/li>    <li>Luftkildevarmepumpe<\/li> <\/ul>    <p>Sammenlignet med den elektrisk opvarmede l\u00f8gt\u00f8rrer er disse enheder typisk st\u00f8rre og har en h\u00f8jere enkeltbatch-behandlingskapacitet. Hvis du vil vide mere, er du velkommen til at kontakte os!<\/p>    <figure class=\"wp-block-gallery has-nested-images columns-default is-cropped wp-block-gallery-5 is-layout-flex wp-block-gallery-is-layout-flex\"> <figure class=\"wp-block-image size-large\"><img loading=\"lazy\" decoding=\"async\" width=\"720\" height=\"540\" data-id=\"399\" src=\"https:\/\/gingermachines.com\/wp-content\/uploads\/2026\/03\/large-onion-dryer-machine.webp\" alt=\"large onion dryer machine\" class=\"wp-image-399\" title=\"\" srcset=\"https:\/\/gingermachines.com\/wp-content\/uploads\/2026\/03\/large-onion-dryer-machine.webp 720w, https:\/\/gingermachines.com\/wp-content\/uploads\/2026\/03\/large-onion-dryer-machine-300x225.webp 300w, https:\/\/gingermachines.com\/wp-content\/uploads\/2026\/03\/large-onion-dryer-machine-16x12.webp 16w\" sizes=\"auto, (max-width: 720px) 100vw, 720px\" \/><figcaption class=\"wp-element-caption\">Stor l\u00f8gt\u00f8rrer<\/figcaption><\/figure>    <figure class=\"wp-block-image size-large\"><img loading=\"lazy\" decoding=\"async\" width=\"720\" height=\"540\" data-id=\"400\" src=\"https:\/\/gingermachines.com\/wp-content\/uploads\/2026\/03\/large-onion-dryer.webp\" alt=\"large onion dryer\" class=\"wp-image-400\" title=\"\" srcset=\"https:\/\/gingermachines.com\/wp-content\/uploads\/2026\/03\/large-onion-dryer.webp 720w, https:\/\/gingermachines.com\/wp-content\/uploads\/2026\/03\/large-onion-dryer-300x225.webp 300w, https:\/\/gingermachines.com\/wp-content\/uploads\/2026\/03\/large-onion-dryer-16x12.webp 16w\" sizes=\"auto, (max-width: 720px) 100vw, 720px\" \/><figcaption class=\"wp-element-caption\">Stor l\u00f8gt\u00f8rrer<\/figcaption><\/figure> <\/figure>    <h2 class=\"wp-block-heading\"><strong>Pris p\u00e5 l\u00f8gt\u00f8rringsmaskine<\/strong><\/h2>    <p>Prisen p\u00e5 en l\u00f8gt\u00f8rrer varierer afh\u00e6ngigt af faktorer som udstyrsmodel, effektkonfiguration, antal bakker, materialevalg og t\u00f8rreevne. Forskellige kunder har forskellige forarbejdningsbehov, hvilket ogs\u00e5 p\u00e5virker prisen.<\/p>    <p>Generelt er sm\u00e5 elektrisk opvarmede l\u00f8gsnit-t\u00f8rrere velegnede til sm\u00e5 til mellemstore forarbejdningsm\u00e6ngder. Hvis der kr\u00e6ves st\u00f8rre kapacitet eller andet varmekilde, kan vi ogs\u00e5 tilbyde tilpassede l\u00f8sninger.<\/p>   <div class=\"wp-block-image\"> <figure class=\"aligncenter size-full\"><img loading=\"lazy\" decoding=\"async\" width=\"720\" height=\"540\" src=\"https:\/\/gingermachines.com\/wp-content\/uploads\/2026\/03\/vegetable-dryer.webp\" alt=\"Gr\u00f8ntsags-t\u00f8rrer\" class=\"wp-image-401\" title=\"\" srcset=\"https:\/\/gingermachines.com\/wp-content\/uploads\/2026\/03\/vegetable-dryer.webp 720w, https:\/\/gingermachines.com\/wp-content\/uploads\/2026\/03\/vegetable-dryer-300x225.webp 300w, https:\/\/gingermachines.com\/wp-content\/uploads\/2026\/03\/vegetable-dryer-16x12.webp 16w\" sizes=\"auto, (max-width: 720px) 100vw, 720px\" \/><figcaption class=\"wp-element-caption\">Gr\u00f8ntsags-t\u00f8rrer<\/figcaption><\/figure> <\/div>   <h2 class=\"wp-block-heading\"><strong>Hvorfor v\u00e6lge Taizy som din leverand\u00f8r?<\/strong><\/h2>    <p>Vi tilbyder ikke kun h\u00f8jkvalitets l\u00f8gt\u00f8rringsmaskiner, men ogs\u00e5 komplette l\u00f8sninger til l\u00f8gforarbejdning. Ud over l\u00f8gt\u00f8rrere tilbyder vi ogs\u00e5 en r\u00e6kke andre udstyr:<\/p>    <ul class=\"wp-block-list\"> <li><a href=\"https:\/\/gingermachines.com\/da\/product\/automatic-onion-peeling-machine\/\">L\u00f8gsnitte-maskine<\/a><\/li>    <li><a href=\"https:\/\/gingermachines.com\/da\/product\/onion-root-cutting-machine\/\">L\u00f8gstilkekuttermaskine<\/a><\/li>    <li><a href=\"https:\/\/gingermachines.com\/da\/product\/onion-cutting-machine\/\">L\u00f8gsk\u00e6rermaskine<\/a><\/li> <\/ul>    <p>Vi kan hj\u00e6lpe kunder med at opn\u00e5 integreret forarbejdning fra vask, skr\u00e6lning, sk\u00e6ring til t\u00f8rring, hvilket markant forbedrer produktiviteten og reducerer arbejdsomkostninger.<\/p>    <p>Derudover har Taizy moden produktions- og efter-salgsservice. Vores udstyr er eksporteret til mange lande og regioner.<\/p>    <h2 class=\"wp-block-heading\"><strong>Start din foresp\u00f8rgsel i dag!<\/strong><\/h2>    <p>For detaljerede specifikationer, konfigurationer eller prisoplysninger om l\u00f8gt\u00f8rringsmaskinen, kontakt os venligst. Vi kan anbefale passende udstyrsmodeller og give de seneste tilbud baseret p\u00e5 dine forarbejdningsmaterialer og produktionsbehov!<\/p>","protected":false},"excerpt":{"rendered":"<p>This article introduces the structural features, working principle, and application range of the onion drying machine. This equipment uses electrically heated hot air circulating drying technology, with a capacity of approximately 100-600kg\/batch. It is suitable for onions, mushrooms, peppers, Chinese medicinal herbs, cured meat, sausages, small fish, small shrimp, dried vegetables, and preserved fruits, among others.<\/p>","protected":false},"author":1,"featured_media":388,"parent":0,"template":"","tags":[9],"product-type":[6],"class_list":["post-387","product","type-product","status-publish","has-post-thumbnail","hentry","tag-onion","product-type-products"],"_links":{"self":[{"href":"https:\/\/gingermachines.com\/da\/wp-json\/wp\/v2\/product\/387","targetHints":{"allow":["GET"]}}],"collection":[{"href":"https:\/\/gingermachines.com\/da\/wp-json\/wp\/v2\/product"}],"about":[{"href":"https:\/\/gingermachines.com\/da\/wp-json\/wp\/v2\/types\/product"}],"author":[{"embeddable":true,"href":"https:\/\/gingermachines.com\/da\/wp-json\/wp\/v2\/users\/1"}],"wp:featuredmedia":[{"embeddable":true,"href":"https:\/\/gingermachines.com\/da\/wp-json\/wp\/v2\/media\/388"}],"wp:attachment":[{"href":"https:\/\/gingermachines.com\/da\/wp-json\/wp\/v2\/media?parent=387"}],"wp:term":[{"taxonomy":"post_tag","embeddable":true,"href":"https:\/\/gingermachines.com\/da\/wp-json\/wp\/v2\/tags?post=387"},{"taxonomy":"product-type","embeddable":true,"href":"https:\/\/gingermachines.com\/da\/wp-json\/wp\/v2\/product-type?post=387"}],"curies":[{"name":"wp","href":"https:\/\/api.w.org\/{rel}","templated":true}]}}