{"id":37,"date":"2022-09-07T01:59:01","date_gmt":"2022-09-06T17:59:01","guid":{"rendered":"https:\/\/gingermachines.com\/?post_type=product&#038;p=37"},"modified":"2023-08-18T10:55:57","modified_gmt":"2023-08-18T02:55:57","slug":"ginger-grinding-machine","status":"publish","type":"product","link":"https:\/\/gingermachines.com\/da\/product\/ginger-grinding-machine\/","title":{"rendered":"Ingef\u00e6rkv\u00e6rnemaskine"},"content":{"rendered":"<p class=\"translation-block\"><strong>Ingef\u00e6rkv\u00e6rnemaskine<\/strong>, ofte forkortet til ingef\u00e6rkv\u00e6rner, er et kraftfuldt v\u00e6rkt\u00f8j til <a href=\"https:\/\/gingermachines.com\/da\/Info\/how-to-grind-ginger-into-powder\/\">at male t\u00f8r ingef\u00e6r til fint pulver<\/a>. Derudover har den et bredt anvendelsesomr\u00e5de, og bruges ogs\u00e5 til behandling af hvidl\u00f8g, l\u00f8g, kartofler, bananer, k\u00f8d, korn, krydderier, chili, gr\u00f8ntsager, korn, ris, medicinske urter osv. Kapaciteten af den automatiske ingef\u00e6rkv\u00e6rnemaskine sp\u00e6nder fra 10 kg\/t til 500 kg\/t. Der findes forskellige modeller til dit valg. Desuden har vi en st\u00e6rk kapacitet til at tilbyde OEM\/ODM-tjenester for at opfylde dine specifikke krav. <\/p>    <p>Hele maskinen bruger en 304 rustfri st\u00e5lkropstruktur, som er holdbar og f\u00f8devaregodkendt. Og den ingef\u00e6rkv\u00e6rnemaskine til salg fra TAIZY fabrikken har funktioner som h\u00f8j automatiseringsgrad, enkel struktur og lille st\u00f8rrelse. Hvis du leder efter en p\u00e5lidelig gr\u00f8ntsagskv\u00e6rnemaskine, kontakt os for at starte din ingef\u00e6rforretning s\u00e5 hurtigt som muligt.<\/p>    <h2 class=\"wp-block-heading\" id=\"h-features\">Funktioner af ingef\u00e6rkv\u00e6rnemaskine<\/h2>    <ol class=\"wp-block-list\" type=\"1\"> <li>Ingef\u00e6rknusningsmaskinen har en enkel struktur og et fornuftigt design, den er nem at betjene og vedligeholde.<\/li>    <li>Bredt anvendelsesomr\u00e5de. Denne kommercielle ingef\u00e6rblander- og kv\u00e6rnemaskine bruges bredt i gr\u00f8ntsagsforarbejdningsindustrien, farmaceutiske fabrikker og krydderiproduktionsfabrikker.<\/li>    <li>Energibesparende og h\u00f8j effektivitet. Den har en h\u00f8j ydeevne, energibesparelse og h\u00f8j effektivitet.<\/li>    <li>Den elektriske ingef\u00e6rkv\u00e6rnemaskine har lav st\u00f8j, og stabil ydeevne.<\/li>    <li>OEM\/ODM service er tilg\u00e6ngelig for at im\u00f8dekomme dine specifikke krav.<\/li> <\/ol>    <figure class=\"wp-block-image size-full\"><img loading=\"lazy\" decoding=\"async\" width=\"720\" height=\"540\" src=\"https:\/\/gingermachines.com\/wp-content\/uploads\/2022\/09\/ginger-grinding-machine-structure.jpg\" alt=\"ingef\u00e6rkv\u00e6rne struktur\" class=\"wp-image-84\" title=\"\" srcset=\"https:\/\/gingermachines.com\/wp-content\/uploads\/2022\/09\/ginger-grinding-machine-structure.jpg 720w, https:\/\/gingermachines.com\/wp-content\/uploads\/2022\/09\/ginger-grinding-machine-structure-300x225.jpg 300w\" sizes=\"auto, (max-width: 720px) 100vw, 720px\" \/><figcaption class=\"wp-element-caption\">Ingef\u00e6rkv\u00e6rne-maskinens struktur<\/figcaption><\/figure>    <h2 class=\"wp-block-heading\" id=\"h-applications\">Anvendelser af ingef\u00e6rkv\u00e6rnemaskine<\/h2>    <ul class=\"wp-block-list\" type=\"1\"> <li><strong>Inden for f\u00f8devareforarbejdningsindustrien<\/strong><\/li> <\/ul>    <p>Den automatiske ingef\u00e6rkv\u00e6rnemaskine er ideel til behandling af t\u00f8r mad som ingef\u00e6r, hvidl\u00f8g, chili, krydderier, korn, ris, sukker, soja osv.<\/p>    <ul class=\"wp-block-list\"> <li><strong>Inden for industrisektoren<\/strong><\/li> <\/ul>    <p>Nogle industrielle affaldsprodukter kan genbruges efter kv\u00e6rning, kontakt os venligst f\u00f8r kv\u00e6rning af s\u00e6rlige r\u00e5materialer.<\/p>    <ul class=\"wp-block-list\"> <li><strong>Inden for farmaceutisk fabrik<\/strong><\/li> <\/ul>    <p>Denne kv\u00e6rnemaskine kan ogs\u00e5 bruges til at male medicinpiller, urter osv. Den kan behandle alle t\u00f8rre medicinske materialer.<\/p>    <figure class=\"wp-block-image size-full\"><img loading=\"lazy\" decoding=\"async\" width=\"720\" height=\"540\" src=\"https:\/\/gingermachines.com\/wp-content\/uploads\/2022\/09\/ginger-grinder-machine.jpg\" alt=\"ingef\u00e6rkv\u00e6rne maskine\" class=\"wp-image-82\" title=\"\" srcset=\"https:\/\/gingermachines.com\/wp-content\/uploads\/2022\/09\/ginger-grinder-machine.jpg 720w, https:\/\/gingermachines.com\/wp-content\/uploads\/2022\/09\/ginger-grinder-machine-300x225.jpg 300w\" sizes=\"auto, (max-width: 720px) 100vw, 720px\" \/><figcaption class=\"wp-element-caption\">Ingef\u00e6rkv\u00e6rnemaskine<\/figcaption><\/figure>    <h2 class=\"wp-block-heading\" id=\"h-parameters\">Teknisk data for TAIZY ingef\u00e6rkv\u00e6rnemaskine<\/h2>    <figure class=\"wp-block-table\"><table><tbody><tr><td>Model<\/td><td>180<\/td><td>250<\/td><td>320<\/td><td>350<\/td><\/tr><tr><td>Materialer<\/td><td>304 <a href=\"https:\/\/en.wikipedia.org\/wiki\/Stainless_steel\" target=\"_blank\" rel=\"noopener\">Rustfrit st\u00e5l<\/a><\/td><td>304 Rustfrit st\u00e5l<\/td><td>304 Rustfrit st\u00e5l<\/td><td>304 Rustfrit st\u00e5l<\/td><\/tr><tr><td>Sp\u00e6nding<\/td><td>220\/380<\/td><td>380<\/td><td>380<\/td><td>380<\/td><\/tr><tr><td>Motor(KW)<\/td><td>2.2<\/td><td>5.5<\/td><td>7.5<\/td><td>11<\/td><\/tr><tr><td>Hastighed<\/td><td>4200<\/td><td>4200<\/td><td>4200<\/td><td>4200<\/td><\/tr><tr><td>Mesh<\/td><td>10-120<\/td><td>10-120<\/td><td>10-120<\/td><td>10-120<\/td><\/tr><tr><td>Kapacitet(kg\/t)<\/td><td>10-120<\/td><td>30-200<\/td><td>50-300<\/td><td>70-500<\/td><\/tr><tr><td>Dimension(mm)<\/td><td>480X520X1040<\/td><td>750X600 X1260<\/td><td>780 X700 X1350<\/td><td>800 X900 X1550<\/td><\/tr><tr><td>V\u00e6gt(kg)<\/td><td>75<\/td><td>180<\/td><td>260<\/td><td>320<\/td><\/tr><\/tbody><\/table><\/figure>    <h2 class=\"wp-block-heading\" id=\"h-contact-us-to-start-your-ginger-business\">Kontakt os for at starte din ingef\u00e6rforretning<\/h2>    <p>Denne ingef\u00e6rkv\u00e6rnemaskine er egnet til hjemmebrug og industriel anvendelse, fordi den har en lille st\u00f8rrelse, god ydeevne og overkommelig pris. Den kan i h\u00f8j grad forbedre din produktivitet. Derudover kan ingef\u00e6rkv\u00e6rneren bruges alene til at opn\u00e5 form\u00e5let med kv\u00e6rning, og kan ogs\u00e5 v\u00e6re en vigtig del af hele ingef\u00e6rpulverbehandlingslinjen. &nbsp;<\/p>    <p class=\"translation-block\">Som en professionel ingef\u00e6rforarbejdningsmaskineproducent tilbyder <a href=\"https:\/\/gingermachines.com\/da\/\">TAIZY fabrik<\/a> et komplet udvalg af ingef\u00e6rmaskiner, herunder <a href=\"https:\/\/gingermachines.com\/da\/product\/ginger-washing-machine\/\">infr\u00e6tningsmaskine til ingef\u00e6r<\/a>, ingef\u00e6rskr\u00e6llermaskine og <a href=\"https:\/\/gingermachines.com\/da\/product\/ginger-drying-machine\/\">t\u00f8rremaskine til ingef\u00e6r<\/a>. Alle maskiner bruger internationale standarder og design. Og vi tilbyder kraftfulde tilpassede tjenester for at im\u00f8dekomme dine behov. Velkommen til at kontakte os for mere nyttig information.<\/p>","protected":false},"excerpt":{"rendered":"<p>Ginger grinding machine, often shortened to ginger grinder, is a powerful tool for grinding dry ginger into fine powder. Besides, it has a wide range of applications, also used for processing garlic, onion, potato, banana, meat, cereals, spices, chili, vegetable, grain, rice, medicinal herbs, etc. The capacity of the automatic ginger grinder machine ranges from [&hellip;]<\/p>\n","protected":false},"author":1,"featured_media":78,"parent":0,"template":"","tags":[8],"product-type":[6],"class_list":["post-37","product","type-product","status-publish","has-post-thumbnail","hentry","tag-ginger-processing-machine","product-type-products"],"_links":{"self":[{"href":"https:\/\/gingermachines.com\/da\/wp-json\/wp\/v2\/product\/37","targetHints":{"allow":["GET"]}}],"collection":[{"href":"https:\/\/gingermachines.com\/da\/wp-json\/wp\/v2\/product"}],"about":[{"href":"https:\/\/gingermachines.com\/da\/wp-json\/wp\/v2\/types\/product"}],"author":[{"embeddable":true,"href":"https:\/\/gingermachines.com\/da\/wp-json\/wp\/v2\/users\/1"}],"wp:featuredmedia":[{"embeddable":true,"href":"https:\/\/gingermachines.com\/da\/wp-json\/wp\/v2\/media\/78"}],"wp:attachment":[{"href":"https:\/\/gingermachines.com\/da\/wp-json\/wp\/v2\/media?parent=37"}],"wp:term":[{"taxonomy":"post_tag","embeddable":true,"href":"https:\/\/gingermachines.com\/da\/wp-json\/wp\/v2\/tags?post=37"},{"taxonomy":"product-type","embeddable":true,"href":"https:\/\/gingermachines.com\/da\/wp-json\/wp\/v2\/product-type?post=37"}],"curies":[{"name":"wp","href":"https:\/\/api.w.org\/{rel}","templated":true}]}}