{"id":35,"date":"2022-09-07T01:56:08","date_gmt":"2022-09-06T17:56:08","guid":{"rendered":"https:\/\/gingermachines.com\/?post_type=product&#038;p=35"},"modified":"2023-03-07T15:53:46","modified_gmt":"2023-03-07T07:53:46","slug":"ginger-slicing-machine","status":"publish","type":"product","link":"https:\/\/gingermachines.com\/da\/product\/ginger-slicing-machine\/","title":{"rendered":"Ingef\u00e6rsk\u00e6remaskine"},"content":{"rendered":"<p class=\"translation-block\"><strong>Ingef\u00e6rsnitter<\/strong> bruges til at sk\u00e6re ingef\u00e6r i skiver. Det er ogs\u00e5 kendt som en ingef\u00e6rslicer, og det er en slags gr\u00f8ntsagskuttermaskine. Den f\u00e6rdige produktst\u00f8rrelse varierer fra 1 mm til 3 mm. Og maskinens sk\u00e6reevne er fra 150 kg\/h til 250 kg\/h. Ingef\u00e6rsnitte-maskinen er egnet til forarbejdning af ingef\u00e6r, guler\u00f8dder, bananer, agurker, kartofler, taro, bambusskud osv. <\/p>    <p class=\"translation-block\">Den <strong>gingersk\u00e6remaskine<\/strong> er en meget vigtig ingef\u00e6rforarbejdningsmaskine, og en v\u00e6sentlig del af en hel <a href=\"https:\/\/gingermachines.com\/da\/product\/ginger-powder-processing-line\/\">ingef\u00e6rpulverproduktionslinje<\/a>. Hele maskinen har en rustfri st\u00e5lkropstruktur, som har egenskaberne f\u00f8devarekvalitet og holdbarhed. G\u00e6rs sk\u00e6remaskine bruges bredt i forskellige f\u00f8devareforarbejdningsindustrier.<\/p>    <figure class=\"wp-block-image size-full\"><img loading=\"lazy\" decoding=\"async\" width=\"720\" height=\"540\" src=\"https:\/\/gingermachines.com\/wp-content\/uploads\/2022\/09\/ginger-slicer.jpg\" alt=\"ingef\u00e6rsk\u00e6rer\" class=\"wp-image-66\" title=\"\" srcset=\"https:\/\/gingermachines.com\/wp-content\/uploads\/2022\/09\/ginger-slicer.jpg 720w, https:\/\/gingermachines.com\/wp-content\/uploads\/2022\/09\/ginger-slicer-300x225.jpg 300w\" sizes=\"auto, (max-width: 720px) 100vw, 720px\" \/><figcaption class=\"wp-element-caption\">Ingef\u00e6rslicer<\/figcaption><\/figure>    <h2 class=\"wp-block-heading\" id=\"h-features\">Funktioner af ingef\u00e6rslicer-maskinen<\/h2>    <ol class=\"wp-block-list\" type=\"1\"> <li>H\u00f8jkvalitets 304 rustfrit st\u00e5lstruktur og ramme<\/li>    <li>Tyndelsen af ingef\u00e6rskiverne kan justeres, fra 1 mm til 3 mm<\/li>    <li>Ingef\u00e6rsnittermaskinen kan behandle ingef\u00e6r p\u00e5 150 kg til 250 kg i timen.<\/li>    <li>Den har en enkel struktur og fornuftig design, meget nem at betjene.<\/li>    <li>Vi tilbyder st\u00e6rk tilpasset service for at im\u00f8dekomme dine s\u00e6rlige krav<\/li> <\/ol>    <h2 class=\"wp-block-heading\" id=\"h-parameters\">Parameter for TAIZY ingef\u00e6rsnittermaskine<\/h2>    <figure class=\"wp-block-table\"><table><tbody><tr><td>Sk\u00e6reevne:<\/td><td>150 ~ 250 kg pr. time<\/td><\/tr><tr><td>Sk\u00e6refunktion:<\/td><td>fra omhyggeligt sk\u00e5ret tr\u00e5d, tynd sektion<\/td><\/tr><tr><td>Dimensioner:<\/td><td>1 ~ 3 mm<\/td><\/tr><tr><td>Mekanisk kraft:<\/td><td>1\/2 HK enkeltfase 220 V<\/td><\/tr><tr><td>Maskinens specifikation:<\/td><td>L\u00e6ngde 54 cm x bredde 40 cm x h\u00f8jde 56 cm<\/td><\/tr><tr><td>Maskinens v\u00e6gt:<\/td><td>ca. 41 kg<\/td><\/tr><\/tbody><\/table><\/figure>    <h2 class=\"wp-block-heading\" id=\"h-things-need-to-know-before-running-a-ginger-slicing-machine\">Vigtige ting at vide, f\u00f8r du k\u00f8rer en ingef\u00e6rsnitter<\/h2>    <ol class=\"wp-block-list\" type=\"1\"> <li>F\u00f8r du betjener udstyret p\u00e5 en vandret overflade, skal du sikre, at maskinen er placeret j\u00e6vnt og p\u00e5lideligt; s\u00f8rg for, at stikket til udstyret er i god kontakt, uden l\u00f8se forbindelser eller vandm\u00e6rker.<\/li>    <li>S\u00e5danne fremmedlegemer som roterende cylinder eller transportb\u00e5nd skal kontrolleres, og fremmedlegemer skal fjernes for at undg\u00e5 skader p\u00e5 v\u00e6rkt\u00f8jerne.<\/li>    <li>Drifts- og justeringsprocessen kr\u00e6ver valg af sk\u00e6remetode afh\u00e6ngigt af gr\u00f8ntsagssorten, melon og kartoffelcentrifugal sk\u00e6remaskine til h\u00e5rde gr\u00f8ntsager, vertikalblad kan v\u00e6re bl\u00f8de bladgr\u00f8ntsager eller godt filmbehandlet bloksk\u00e6ring i forskellige st\u00f8rrelser, D-formet, diamantformet osv.<\/li>    <li>Efter at den vertikale kniv er installeret, juster f\u00f8rst den excentriske rotation og knivrammen til d\u00f8dpunktet efter den n\u00e6ste linje, og h\u00e6v derefter knivrammen 1-2 mm, s\u00e5 den vertikale kniv og beltet kommer i kontakt, og stram knivrammen for at fastg\u00f8re mutteren p\u00e5 den vertikale kniv p\u00e5 knivrammen. Hvis t\u00e5rnets l\u00f8fteh\u00f8jde er lille, kan der endda v\u00e6re en hakker, hvis t\u00e5rnets l\u00f8fteh\u00f8jde er for stor, kan det sk\u00e6re d\u00e5rligt transportb\u00e5nd.\u00a0\u00a0\u00a0\u00a0<\/li> <\/ol>    <figure class=\"wp-block-image size-full\"><img loading=\"lazy\" decoding=\"async\" width=\"720\" height=\"540\" src=\"https:\/\/gingermachines.com\/wp-content\/uploads\/2022\/09\/ginger-slicing-equipment.jpg\" alt=\"ingef\u00e6rsk\u00e6rev\u00e6rkt\u00f8j\" class=\"wp-image-67\" title=\"\" srcset=\"https:\/\/gingermachines.com\/wp-content\/uploads\/2022\/09\/ginger-slicing-equipment.jpg 720w, https:\/\/gingermachines.com\/wp-content\/uploads\/2022\/09\/ginger-slicing-equipment-300x225.jpg 300w\" sizes=\"auto, (max-width: 720px) 100vw, 720px\" \/><figcaption class=\"wp-element-caption\">Ingef\u00e6rsnitteudstyr<\/figcaption><\/figure>    <h2 class=\"wp-block-heading\" id=\"h-how-to-maintain-the-ginger-slicer-machine\">Hvordan vedligeholder man ingef\u00e6rsnittermaskinen?<\/h2>    <p>1. N\u00e5r du reng\u00f8r v\u00e6rkt\u00f8j eller tilbeh\u00f8r, der kommer i kontakt med mad, b\u00f8r brugeren t\u00f8rre dem med en t\u00f8r klud f\u00f8rst.<\/p>    <p>2. Skaftet p\u00e5 v\u00e6rkt\u00f8jet skal sm\u00f8res med spiselig olie.<\/p>    <p>3. N\u00e5r v\u00e6rkt\u00f8jet er rustent, kan det fjernes og poleres med oliestenen.<\/p>    <p>4. Brugere b\u00f8r v\u00e6re opm\u00e6rksomme p\u00e5 at genopfylde gearkassen hver sjette m\u00e5ned og sm\u00f8re lejerne, k\u00e6der, gear og andre transmissionsdele af maskinen \u00e9n gang kvartalsvis.&nbsp;&nbsp;&nbsp;&nbsp;<\/p>","protected":false},"excerpt":{"rendered":"<p>Ginger slicing machine is used for cutting ginger into slices. It is also known as a ginger slicer, and it is a kind of vegetable cutter machine. The size of the finished product ranges from 1mm ~ to 3mm. And the cutting capacity of the machine is from 150kg\/h to 250kg\/h. The ginger chopping machine [&hellip;]<\/p>\n","protected":false},"author":1,"featured_media":64,"parent":0,"template":"","tags":[8],"product-type":[6],"class_list":["post-35","product","type-product","status-publish","has-post-thumbnail","hentry","tag-ginger-processing-machine","product-type-products"],"_links":{"self":[{"href":"https:\/\/gingermachines.com\/da\/wp-json\/wp\/v2\/product\/35","targetHints":{"allow":["GET"]}}],"collection":[{"href":"https:\/\/gingermachines.com\/da\/wp-json\/wp\/v2\/product"}],"about":[{"href":"https:\/\/gingermachines.com\/da\/wp-json\/wp\/v2\/types\/product"}],"author":[{"embeddable":true,"href":"https:\/\/gingermachines.com\/da\/wp-json\/wp\/v2\/users\/1"}],"wp:featuredmedia":[{"embeddable":true,"href":"https:\/\/gingermachines.com\/da\/wp-json\/wp\/v2\/media\/64"}],"wp:attachment":[{"href":"https:\/\/gingermachines.com\/da\/wp-json\/wp\/v2\/media?parent=35"}],"wp:term":[{"taxonomy":"post_tag","embeddable":true,"href":"https:\/\/gingermachines.com\/da\/wp-json\/wp\/v2\/tags?post=35"},{"taxonomy":"product-type","embeddable":true,"href":"https:\/\/gingermachines.com\/da\/wp-json\/wp\/v2\/product-type?post=35"}],"curies":[{"name":"wp","href":"https:\/\/api.w.org\/{rel}","templated":true}]}}