{"id":345,"date":"2026-02-11T15:01:00","date_gmt":"2026-02-11T07:01:00","guid":{"rendered":"https:\/\/gingermachines.com\/?post_type=product&#038;p=345"},"modified":"2026-02-11T17:14:22","modified_gmt":"2026-02-11T09:14:22","slug":"onion-cutting-machine","status":"publish","type":"product","link":"https:\/\/gingermachines.com\/da\/product\/onion-cutting-machine\/","title":{"rendered":"L\u00f8gsk\u00e6rermaskine"},"content":{"rendered":"<p class=\"translation-block\">L\u00f8gsk\u00e6remaskinen  er en multifunktionel gr\u00f8ntsagssk\u00e6remaskine, der kan bearbejde forskellige gr\u00f8ntsager s\u00e5som l\u00f8g, agurker, kartofler og ingef\u00e6r. Den kan opn\u00e5 forskellige sk\u00e6reffekter, herunder tern (6, 8, 10, 15, 20, 25, 30 mm), skiver (3, 4, 6, 9 mm) og sk\u00e6ring i stykker (2, 3, 4, 5, 6, 7, 8 mm).<\/p>    <p>Taizy l\u00f8gsk\u00e6remaskine kan betydeligt forbedre gr\u00f8ntsagsbehandlingseffektiviteten (300-600 kg\/h). Den kan i h\u00f8j grad reducere arbejdsomkostningerne og sikre ensartede sk\u00e6ringsst\u00f8rrelser. T\u00f8v ikke med at kontakte os, hvis du har behov!<\/p>    <figure class=\"wp-block-embed is-type-video is-provider-youtube wp-block-embed-youtube wp-embed-aspect-16-9 wp-has-aspect-ratio\"><div class=\"wp-block-embed__wrapper\"> <iframe loading=\"lazy\" title=\"L\u00f8gsk\u00e6remaskine | Multifunktionel l\u00f8gsk\u00e6remaskine til behandling af l\u00f8g, kartofler, ingef\u00e6r\" width=\"500\" height=\"281\" src=\"https:\/\/www.youtube.com\/embed\/JZqYAyCf92k?feature=oembed\" frameborder=\"0\" allow=\"accelerometer; autoplay; clipboard-write; encrypted-media; gyroscope; picture-in-picture; web-share\" referrerpolicy=\"strict-origin-when-cross-origin\" allowfullscreen><\/iframe> <\/div><figcaption class=\"wp-element-caption\">arbejdsvideo af l\u00f8gsk\u00e6remaskinen<\/figcaption><\/figure>    <h2 class=\"wp-block-heading\"><strong>Funktioner ved l\u00f8gsk\u00e6remaskine<\/strong><\/h2>    <ul class=\"wp-block-list\"> <li><strong>Fleksibel brug<\/strong>: Forskellige former og st\u00f8rrelser kan behandles ved at \u00e6ndre bladene.<\/li>    <li><strong>Bred anvendelse<\/strong>: Denne l\u00f8gsk\u00e6remaskine kan bruges til at bearbejde l\u00f8g, agurker, kartofler, ingef\u00e6r og andre f\u00f8devarer.<\/li>    <li><strong>Ensartet sk\u00e6ring<\/strong>: Gr\u00f8ntsager sk\u00e6res til en ensartet st\u00f8rrelse, hvilket forbedrer produktkvaliteten.<\/li>    <li><strong>H\u00f8j effektivitet<\/strong>: Vores multifunktionelle gr\u00f8ntsagssk\u00e6rer kan opn\u00e5 en effektivitet p\u00e5 600 kg\/h.<\/li>    <li><strong>Overholdelse af f\u00f8devaresikkerhed<\/strong>: Denne l\u00f8gsk\u00e6remaskine er lavet af rustfrit st\u00e5l, hvilket g\u00f8r den sikker, hygiejnisk og nem at reng\u00f8re.<\/li> <\/ul>   <div class=\"wp-block-image\"> <figure class=\"aligncenter size-full\"><img loading=\"lazy\" decoding=\"async\" width=\"720\" height=\"540\" src=\"https:\/\/gingermachines.com\/wp-content\/uploads\/2026\/02\/green-onion-cutter.webp\" alt=\"For\u00e5rsl\u00f8gsk\u00e6rer\" class=\"wp-image-346\" title=\"\" srcset=\"https:\/\/gingermachines.com\/wp-content\/uploads\/2026\/02\/green-onion-cutter.webp 720w, https:\/\/gingermachines.com\/wp-content\/uploads\/2026\/02\/green-onion-cutter-300x225.webp 300w, https:\/\/gingermachines.com\/wp-content\/uploads\/2026\/02\/green-onion-cutter-16x12.webp 16w\" sizes=\"auto, (max-width: 720px) 100vw, 720px\" \/><figcaption class=\"wp-element-caption\">For\u00e5rsl\u00f8gsk\u00e6rer<\/figcaption><\/figure> <\/div>   <h2 class=\"wp-block-heading\"><strong>Hvad er anvendelsesscenarierne for l\u00f8gsk\u00e6reren?<\/strong><\/h2>    <p class=\"translation-block\"><strong>Bearbejdelige r\u00e5materialer<\/strong><\/p>    <p>Vores l\u00f8gsk\u00e6remaskine kan ikke kun bruges til at bearbejde l\u00f8g, men ogs\u00e5 til at bearbejde auberginer, agurker, zucchini, kartofler, s\u00f8de kartofler, ingef\u00e6r, guler\u00f8dder og krydret radiser.<\/p>   <div class=\"wp-block-image\"> <figure class=\"aligncenter size-full\"><img loading=\"lazy\" decoding=\"async\" width=\"720\" height=\"540\" src=\"https:\/\/gingermachines.com\/wp-content\/uploads\/2026\/02\/application-of-onion-cutting-equipment.webp\" alt=\"Anvendelse af l\u00f8gsk\u00e6reudstyr\" class=\"wp-image-347\" title=\"\" srcset=\"https:\/\/gingermachines.com\/wp-content\/uploads\/2026\/02\/application-of-onion-cutting-equipment.webp 720w, https:\/\/gingermachines.com\/wp-content\/uploads\/2026\/02\/application-of-onion-cutting-equipment-300x225.webp 300w, https:\/\/gingermachines.com\/wp-content\/uploads\/2026\/02\/application-of-onion-cutting-equipment-16x12.webp 16w\" sizes=\"auto, (max-width: 720px) 100vw, 720px\" \/><figcaption class=\"wp-element-caption\">Anvendelse af l\u00f8gsk\u00e6reudstyr<\/figcaption><\/figure> <\/div>   <p class=\"translation-block\"><strong>F\u00e6rdigt produkt<\/strong><\/p>    <p>Taizy multifunktionelle l\u00f8gsk\u00e6rer kan bearbejde l\u00f8g, kartofler og ingef\u00e6r til strimler, skiver og terninger i forskellige st\u00f8rrelser. Ved blot at \u00e6ndre bladene \u00e6ndres formen p\u00e5 det f\u00e6rdige produkt.<\/p>    <figure class=\"wp-block-gallery has-nested-images columns-default is-cropped wp-block-gallery-2 is-layout-flex wp-block-gallery-is-layout-flex\"> <figure class=\"wp-block-image size-large\"><img loading=\"lazy\" decoding=\"async\" width=\"720\" height=\"540\" data-id=\"349\" src=\"https:\/\/gingermachines.com\/wp-content\/uploads\/2026\/02\/onion-strips-slicing-by-onion-cutter.webp\" alt=\"L\u00f8gstrimler sk\u00e5ret af l\u00f8gsk\u00e6rer\" class=\"wp-image-349\" title=\"\" srcset=\"https:\/\/gingermachines.com\/wp-content\/uploads\/2026\/02\/onion-strips-slicing-by-onion-cutter.webp 720w, https:\/\/gingermachines.com\/wp-content\/uploads\/2026\/02\/onion-strips-slicing-by-onion-cutter-300x225.webp 300w, https:\/\/gingermachines.com\/wp-content\/uploads\/2026\/02\/onion-strips-slicing-by-onion-cutter-16x12.webp 16w\" sizes=\"auto, (max-width: 720px) 100vw, 720px\" \/><figcaption class=\"wp-element-caption\">L\u00f8gstrimler sk\u00e5ret af l\u00f8gsk\u00e6rer<\/figcaption><\/figure>    <figure class=\"wp-block-image size-large\"><img loading=\"lazy\" decoding=\"async\" width=\"720\" height=\"540\" data-id=\"350\" src=\"https:\/\/gingermachines.com\/wp-content\/uploads\/2026\/02\/onion-cubes-diced-by-an-onion-dicing-machine.webp\" alt=\"L\u00f8gterninger sk\u00e5ret af en l\u00f8gterningsmaskine\" class=\"wp-image-350\" title=\"\" srcset=\"https:\/\/gingermachines.com\/wp-content\/uploads\/2026\/02\/onion-cubes-diced-by-an-onion-dicing-machine.webp 720w, https:\/\/gingermachines.com\/wp-content\/uploads\/2026\/02\/onion-cubes-diced-by-an-onion-dicing-machine-300x225.webp 300w, https:\/\/gingermachines.com\/wp-content\/uploads\/2026\/02\/onion-cubes-diced-by-an-onion-dicing-machine-16x12.webp 16w\" sizes=\"auto, (max-width: 720px) 100vw, 720px\" \/><figcaption class=\"wp-element-caption\">L\u00f8gterninger sk\u00e5ret af en l\u00f8gterningsmaskine<\/figcaption><\/figure>    <figure class=\"wp-block-image size-large\"><img loading=\"lazy\" decoding=\"async\" width=\"720\" height=\"540\" data-id=\"348\" src=\"https:\/\/gingermachines.com\/wp-content\/uploads\/2026\/02\/multifunctional-onion-cutter-for-potato-chip-processing.webp\" alt=\"Multifunktionel l\u00f8gsk\u00e6rer til behandling af kartoffelchips\" class=\"wp-image-348\" title=\"\" srcset=\"https:\/\/gingermachines.com\/wp-content\/uploads\/2026\/02\/multifunctional-onion-cutter-for-potato-chip-processing.webp 720w, https:\/\/gingermachines.com\/wp-content\/uploads\/2026\/02\/multifunctional-onion-cutter-for-potato-chip-processing-300x225.webp 300w, https:\/\/gingermachines.com\/wp-content\/uploads\/2026\/02\/multifunctional-onion-cutter-for-potato-chip-processing-16x12.webp 16w\" sizes=\"auto, (max-width: 720px) 100vw, 720px\" \/><figcaption class=\"wp-element-caption\">Multifunktionel l\u00f8gsk\u00e6rer til behandling af kartoffelchips<\/figcaption><\/figure> <\/figure>    <figure class=\"wp-block-gallery has-nested-images columns-default is-cropped wp-block-gallery-3 is-layout-flex wp-block-gallery-is-layout-flex\"> <figure class=\"wp-block-image size-large\"><img loading=\"lazy\" decoding=\"async\" width=\"720\" height=\"540\" data-id=\"351\" src=\"https:\/\/gingermachines.com\/wp-content\/uploads\/2026\/02\/blade-for-cutting-vegetables-into-strips.webp\" alt=\"blade for cutting vegetables into strips\" class=\"wp-image-351\" title=\"\" srcset=\"https:\/\/gingermachines.com\/wp-content\/uploads\/2026\/02\/blade-for-cutting-vegetables-into-strips.webp 720w, https:\/\/gingermachines.com\/wp-content\/uploads\/2026\/02\/blade-for-cutting-vegetables-into-strips-300x225.webp 300w, https:\/\/gingermachines.com\/wp-content\/uploads\/2026\/02\/blade-for-cutting-vegetables-into-strips-16x12.webp 16w\" sizes=\"auto, (max-width: 720px) 100vw, 720px\" \/><figcaption class=\"wp-element-caption\">Klinge til at sk\u00e6re gr\u00f8ntsager i strimler<\/figcaption><\/figure>    <figure class=\"wp-block-image size-large\"><img loading=\"lazy\" decoding=\"async\" width=\"720\" height=\"540\" data-id=\"353\" src=\"https:\/\/gingermachines.com\/wp-content\/uploads\/2026\/02\/onion-dicing-blade.webp\" alt=\"onion dicing blade\" class=\"wp-image-353\" title=\"\" srcset=\"https:\/\/gingermachines.com\/wp-content\/uploads\/2026\/02\/onion-dicing-blade.webp 720w, https:\/\/gingermachines.com\/wp-content\/uploads\/2026\/02\/onion-dicing-blade-300x225.webp 300w, https:\/\/gingermachines.com\/wp-content\/uploads\/2026\/02\/onion-dicing-blade-16x12.webp 16w\" sizes=\"auto, (max-width: 720px) 100vw, 720px\" \/><figcaption class=\"wp-element-caption\">L\u00f8gterningsklinge<\/figcaption><\/figure>    <figure class=\"wp-block-image size-large\"><img loading=\"lazy\" decoding=\"async\" width=\"720\" height=\"540\" data-id=\"352\" src=\"https:\/\/gingermachines.com\/wp-content\/uploads\/2026\/02\/blade-for-slicing-vegetables.webp\" alt=\"blade for slicing vegetables\" class=\"wp-image-352\" title=\"\" srcset=\"https:\/\/gingermachines.com\/wp-content\/uploads\/2026\/02\/blade-for-slicing-vegetables.webp 720w, https:\/\/gingermachines.com\/wp-content\/uploads\/2026\/02\/blade-for-slicing-vegetables-300x225.webp 300w, https:\/\/gingermachines.com\/wp-content\/uploads\/2026\/02\/blade-for-slicing-vegetables-16x12.webp 16w\" sizes=\"auto, (max-width: 720px) 100vw, 720px\" \/><figcaption class=\"wp-element-caption\">Klinge til at sk\u00e6re gr\u00f8ntsager<\/figcaption><\/figure> <\/figure>    <p class=\"translation-block\"><strong>Anvendelsesscenarier<\/strong><\/p>    <p>Vores multifunktionelle l\u00f8gsk\u00e6rer bruges bredt i:<\/p>    <ul class=\"wp-block-list\"> <li>K\u00f8kkener i k\u00e6derestauranter<\/li>    <li>Central k\u00f8kkener<\/li>    <li>Gr\u00f8ntsagsforbehandlingsanl\u00e6g<\/li>    <li>Frosne gr\u00f8ntsagsbehandlingsanl\u00e6g<\/li>    <li>Skole- og virksomhedskantiner<\/li>    <li>Gr\u00f8ntsagsdistributionscentre<\/li>    <li>Snackfood behandlingsvirksomheder<\/li> <\/ul>    <p>Whether it&#8217;s a small kitchen or a large food processing plant, you can choose the appropriate model according to your production needs.<\/p>    <h2 class=\"wp-block-heading\"><strong>Parametre for l\u00f8gsk\u00e6remaskine<\/strong><\/h2>    <figure class=\"wp-block-table\"><table class=\"has-fixed-layout\"><tbody><tr><td>Model<\/td><td>TZ-600<\/td><\/tr><tr><td>Kapacitet<\/td><td>300-600 kg\/h<\/td><\/tr><tr><td>Sp\u00e6nding<\/td><td>220V\/50HZ<\/td><\/tr><tr><td>Str\u00f8m<\/td><td>0,75 kW<\/td><\/tr><tr><td>Maskinmateriale.<\/td><td>304 rustfrit st\u00e5l<\/td><\/tr><\/tbody><\/table><figcaption class=\"wp-element-caption\">Specifikationer for l\u00f8gsk\u00e6remaskinen<\/figcaption><\/figure>    <h2 class=\"wp-block-heading\"><strong>Pris p\u00e5 l\u00f8gsk\u00e6remaskine<\/strong><\/h2>    <p>Prisen p\u00e5 en l\u00f8gsk\u00e6remaskine er ikke fast og p\u00e5virkes af flere faktorer:<\/p>    <ul class=\"wp-block-list\"> <li>Bladtype og antal p\u00e5virker prisen.<\/li>    <li>Materialer brugt i maskinen p\u00e5virker omkostningerne.<\/li>    <li>Tilpasset sp\u00e6nding eller specielle konfigurationer p\u00e5virker prisen.<\/li>    <li>Transport- og eftersalgsservicekrav p\u00e5virker ogs\u00e5 den samlede pris.<\/li> <\/ul>    <p>Forskellige kunder har forskellige produktionsskalaer og behov, udstyrspriserne vil variere. Kunder b\u00f8r v\u00e6lge en passende l\u00f8gsk\u00e6rer baseret p\u00e5 deres egne produktionsbehov.<\/p>    <figure class=\"wp-block-gallery has-nested-images columns-default is-cropped wp-block-gallery-4 is-layout-flex wp-block-gallery-is-layout-flex\"> <figure class=\"wp-block-image size-large\"><img loading=\"lazy\" decoding=\"async\" width=\"540\" height=\"720\" data-id=\"354\" src=\"https:\/\/gingermachines.com\/wp-content\/uploads\/2026\/02\/onion-cutting-equipment.webp\" alt=\"onion cutting equipment\" class=\"wp-image-354\" title=\"\" srcset=\"https:\/\/gingermachines.com\/wp-content\/uploads\/2026\/02\/onion-cutting-equipment.webp 540w, https:\/\/gingermachines.com\/wp-content\/uploads\/2026\/02\/onion-cutting-equipment-225x300.webp 225w, https:\/\/gingermachines.com\/wp-content\/uploads\/2026\/02\/onion-cutting-equipment-9x12.webp 9w\" sizes=\"auto, (max-width: 540px) 100vw, 540px\" \/><figcaption class=\"wp-element-caption\">L\u00f8gsk\u00e6ringsudstyr<\/figcaption><\/figure>    <figure class=\"wp-block-image size-large\"><img loading=\"lazy\" decoding=\"async\" width=\"540\" height=\"720\" data-id=\"355\" src=\"https:\/\/gingermachines.com\/wp-content\/uploads\/2026\/02\/onion-cutting-machine.webp\" alt=\"l\u00f8gsk\u00e6ringsmaskine\" class=\"wp-image-355\" title=\"\" srcset=\"https:\/\/gingermachines.com\/wp-content\/uploads\/2026\/02\/onion-cutting-machine.webp 540w, https:\/\/gingermachines.com\/wp-content\/uploads\/2026\/02\/onion-cutting-machine-225x300.webp 225w, https:\/\/gingermachines.com\/wp-content\/uploads\/2026\/02\/onion-cutting-machine-9x12.webp 9w\" sizes=\"auto, (max-width: 540px) 100vw, 540px\" \/><figcaption class=\"wp-element-caption\">L\u00f8gsk\u00e6rermaskine<\/figcaption><\/figure>    <figure class=\"wp-block-image size-large\"><img loading=\"lazy\" decoding=\"async\" width=\"540\" height=\"720\" data-id=\"356\" src=\"https:\/\/gingermachines.com\/wp-content\/uploads\/2026\/02\/machine-for-cutting-onion.webp\" alt=\"machine for cutting onion\" class=\"wp-image-356\" title=\"\" srcset=\"https:\/\/gingermachines.com\/wp-content\/uploads\/2026\/02\/machine-for-cutting-onion.webp 540w, https:\/\/gingermachines.com\/wp-content\/uploads\/2026\/02\/machine-for-cutting-onion-225x300.webp 225w, https:\/\/gingermachines.com\/wp-content\/uploads\/2026\/02\/machine-for-cutting-onion-9x12.webp 9w\" sizes=\"auto, (max-width: 540px) 100vw, 540px\" \/><figcaption class=\"wp-element-caption\">Maskine til sk\u00e6ring af l\u00f8g<\/figcaption><\/figure> <\/figure>    <h2 class=\"wp-block-heading\"><strong>FAQ om l\u00f8gsk\u00e6remaskine<\/strong><\/h2>   <div id=\"rank-math-faq\" class=\"rank-math-block\"> <div class=\"rank-math-list\"> <div id=\"faq-question-1770777506447\" class=\"rank-math-list-item\"> <h3 class=\"rank-math-question\">Er denne maskine kun god til at sk\u00e6re l\u00f8g?<\/h3> <div class=\"rank-math-answer\">  <p>Denne l\u00f8gsk\u00e6rer er velegnet til en r\u00e6kke gr\u00f8ntsager, s\u00e5som kartofler, agurker, ingef\u00e6r, guler\u00f8dder og s\u00f8de kartofler, hvilket g\u00f8r den til en multifunktionel maskine.<\/p>  <\/div> <\/div> <div id=\"faq-question-1770777551054\" class=\"rank-math-list-item\"> <h3 class=\"rank-math-question\">Hvilke former kan det sk\u00e6res i?<\/h3> <div class=\"rank-math-answer\">  <p>Skiver (flade skiver og b\u00f8lgede skiver), sk\u00e6r i strimler, tern.<\/p>  <\/div> <\/div> <div id=\"faq-question-1770777596943\" class=\"rank-math-list-item\"> <h3 class=\"rank-math-question\">Kan sk\u00e6ringsdimensionerne justeres?<\/h3> <div class=\"rank-math-answer\">  <p>Ja. Du kan justere sk\u00e6ringsst\u00f8rrelsen ved at skifte til en anden bladst\u00f8rrelse.<\/p>  <\/div> <\/div> <div id=\"faq-question-1770777656678\" class=\"rank-math-list-item\"> <h3 class=\"rank-math-question\">What is the machine&#8217;s output?<\/h3> <div class=\"rank-math-answer\">  <p>300-600 kg\/h.<\/p>  <\/div> <\/div> <div id=\"faq-question-1770777679479\" class=\"rank-math-list-item\"> <h3 class=\"rank-math-question\">Opfylder maskinen f\u00f8devaresikkerhedsstandarder?<\/h3> <div class=\"rank-math-answer\">  <p>Opfylder f\u00f8devaresikkerhedsstandarder. Vores l\u00f8gsk\u00e6remaskine er lavet af 304 rustfrit st\u00e5l.<\/p>  <\/div> <\/div> <div id=\"faq-question-1770777760718\" class=\"rank-math-list-item\"> <h3 class=\"rank-math-question\">Underst\u00f8tter den tilpasset sp\u00e6nding?<\/h3> <div class=\"rank-math-answer\">  <p>Underst\u00f8ttet. Tilpassede sp\u00e6ndinger er tilg\u00e6ngelige for forskellige lande og regioner.<\/p>  <\/div> <\/div> <\/div> <\/div>   <h2 class=\"wp-block-heading\"><strong>Relateret produktionslinje for l\u00f8gsk\u00e6rer<\/strong><\/h2>    <p>Udover at s\u00e6lge l\u00f8gsk\u00e6remaskinen kan vi ogs\u00e5 tilbyde kunderne en komplet produktionslinje til l\u00f8gpulver. L\u00f8gbehandlingslinjen inkluderer f\u00f8lgende udstyr:<\/p>    <ul class=\"wp-block-list\"> <li><a href=\"https:\/\/gingermachines.com\/da\/product\/automatic-onion-peeling-machine\/\">L\u00f8gsnitte-maskine<\/a>: Fjern den ydre hud, hvilket reducerer manuel behandling.<\/li>    <li><a href=\"https:\/\/gingermachines.com\/da\/product\/onion-root-cutting-machine\/\">L\u00f8gstilkekuttermaskine<\/a>: Sk\u00e6r l\u00f8g for lettere t\u00f8rring.<\/li>    <li>L\u00f8g t\u00f8rremaskine: Dehydrerer og t\u00f8rrer l\u00f8gskiver.<\/li>    <li>L\u00f8gslibemaskine: Bearbejd t\u00f8rrede l\u00f8g til et fint pulver.<\/li>    <li>L\u00f8gpulver pakkemaskine: Vejer og pakker automatisk det f\u00e6rdige produkt.<\/li> <\/ul>    <p>Denne komplette produktionslinje til l\u00f8gpulver er meget automatiseret med en enkel og klar proces, velegnet til krydderifabrikker, f\u00f8devarebehandlingsanl\u00e6g og landbrugsproduktionsvirksomheder<\/p>    <figure class=\"wp-block-gallery has-nested-images columns-default is-cropped wp-block-gallery-5 is-layout-flex wp-block-gallery-is-layout-flex\"> <figure class=\"wp-block-image size-large\"><img loading=\"lazy\" decoding=\"async\" width=\"720\" height=\"540\" data-id=\"297\" src=\"https:\/\/gingermachines.com\/wp-content\/uploads\/2025\/12\/onion-root-cutting-equipment.webp\" alt=\"l\u00f8grodsk\u00e6ringsudstyr\" class=\"wp-image-297\" title=\"\" srcset=\"https:\/\/gingermachines.com\/wp-content\/uploads\/2025\/12\/onion-root-cutting-equipment.webp 720w, https:\/\/gingermachines.com\/wp-content\/uploads\/2025\/12\/onion-root-cutting-equipment-300x225.webp 300w, https:\/\/gingermachines.com\/wp-content\/uploads\/2025\/12\/onion-root-cutting-equipment-16x12.webp 16w\" sizes=\"auto, (max-width: 720px) 100vw, 720px\" \/><figcaption class=\"wp-element-caption\">Udstyr til sk\u00e6ring af l\u00f8gr\u00f8dder<\/figcaption><\/figure>    <figure class=\"wp-block-image size-large\"><img loading=\"lazy\" decoding=\"async\" width=\"720\" height=\"540\" data-id=\"291\" src=\"https:\/\/gingermachines.com\/wp-content\/uploads\/2025\/12\/onion-peeling-machine.webp\" alt=\"l\u00f8gscr\u00e6llermaskine\" class=\"wp-image-291\" title=\"\" srcset=\"https:\/\/gingermachines.com\/wp-content\/uploads\/2025\/12\/onion-peeling-machine.webp 720w, https:\/\/gingermachines.com\/wp-content\/uploads\/2025\/12\/onion-peeling-machine-300x225.webp 300w, https:\/\/gingermachines.com\/wp-content\/uploads\/2025\/12\/onion-peeling-machine-16x12.webp 16w\" sizes=\"auto, (max-width: 720px) 100vw, 720px\" \/><figcaption class=\"wp-element-caption\">L\u00f8gskr\u00e6llemaskine<\/figcaption><\/figure>    <figure class=\"wp-block-image size-large\"><img loading=\"lazy\" decoding=\"async\" width=\"720\" height=\"540\" data-id=\"361\" src=\"https:\/\/gingermachines.com\/wp-content\/uploads\/2026\/02\/multifunctional-onion-cutter.webp\" alt=\"Funktionel l\u00f8gsk\u00e6rer\" class=\"wp-image-361\" title=\"\" srcset=\"https:\/\/gingermachines.com\/wp-content\/uploads\/2026\/02\/multifunctional-onion-cutter.webp 720w, https:\/\/gingermachines.com\/wp-content\/uploads\/2026\/02\/multifunctional-onion-cutter-300x225.webp 300w, https:\/\/gingermachines.com\/wp-content\/uploads\/2026\/02\/multifunctional-onion-cutter-16x12.webp 16w\" sizes=\"auto, (max-width: 720px) 100vw, 720px\" \/><figcaption class=\"wp-element-caption\">Multifunktionel l\u00f8gsk\u00e6rer<\/figcaption><\/figure> <\/figure>    <figure class=\"wp-block-gallery has-nested-images columns-default is-cropped wp-block-gallery-6 is-layout-flex wp-block-gallery-is-layout-flex\"> <figure class=\"wp-block-image size-large\"><img loading=\"lazy\" decoding=\"async\" width=\"720\" height=\"540\" data-id=\"358\" src=\"https:\/\/gingermachines.com\/wp-content\/uploads\/2026\/02\/onion-drying-machine.webp\" alt=\"Elektrisk opvarmet l\u00f8gt\u00f8rringsmaskine til f\u00f8devareforarbejdningsanl\u00e6g\" class=\"wp-image-358\" title=\"\" srcset=\"https:\/\/gingermachines.com\/wp-content\/uploads\/2026\/02\/onion-drying-machine.webp 720w, https:\/\/gingermachines.com\/wp-content\/uploads\/2026\/02\/onion-drying-machine-300x225.webp 300w, https:\/\/gingermachines.com\/wp-content\/uploads\/2026\/02\/onion-drying-machine-16x12.webp 16w\" sizes=\"auto, (max-width: 720px) 100vw, 720px\" \/><figcaption class=\"wp-element-caption\">L\u00f8gt\u00f8rringsmaskine<\/figcaption><\/figure>    <figure class=\"wp-block-image size-large\"><img loading=\"lazy\" decoding=\"async\" width=\"720\" height=\"540\" data-id=\"359\" src=\"https:\/\/gingermachines.com\/wp-content\/uploads\/2026\/02\/onion-grinding-machine.webp\" alt=\"onion grinding machine\" class=\"wp-image-359\" title=\"\" srcset=\"https:\/\/gingermachines.com\/wp-content\/uploads\/2026\/02\/onion-grinding-machine.webp 720w, https:\/\/gingermachines.com\/wp-content\/uploads\/2026\/02\/onion-grinding-machine-300x225.webp 300w, https:\/\/gingermachines.com\/wp-content\/uploads\/2026\/02\/onion-grinding-machine-16x12.webp 16w\" sizes=\"auto, (max-width: 720px) 100vw, 720px\" \/><figcaption class=\"wp-element-caption\">L\u00f8gslibemaskine<\/figcaption><\/figure>    <figure class=\"wp-block-image size-large\"><img loading=\"lazy\" decoding=\"async\" width=\"720\" height=\"540\" data-id=\"360\" src=\"https:\/\/gingermachines.com\/wp-content\/uploads\/2026\/02\/onion-powder-packing-machine.webp\" alt=\"onion powder packing machine\" class=\"wp-image-360\" title=\"\" srcset=\"https:\/\/gingermachines.com\/wp-content\/uploads\/2026\/02\/onion-powder-packing-machine.webp 720w, https:\/\/gingermachines.com\/wp-content\/uploads\/2026\/02\/onion-powder-packing-machine-300x225.webp 300w, https:\/\/gingermachines.com\/wp-content\/uploads\/2026\/02\/onion-powder-packing-machine-16x12.webp 16w\" sizes=\"auto, (max-width: 720px) 100vw, 720px\" \/><figcaption class=\"wp-element-caption\">L\u00f8gpulver pakkemaskine<\/figcaption><\/figure> <\/figure>    <h2 class=\"wp-block-heading\"><strong>Kontakt os for flere oplysninger!<\/strong><\/h2>    <p>Hvis du leder efter l\u00f8gsk\u00e6remaskinen eller andet l\u00f8gbehandlingsudstyr, er du velkommen til at kontakte os. At v\u00e6lge Taizy betyder, at du vil modtage:<\/p>    <ul class=\"wp-block-list\"> <li>Udstyrsvalg vejledning<\/li>    <li>Tilpassede produktionsl\u00f8sninger<\/li>    <li>Teknisk og operationel vejledning<\/li>    <li>Langsigtet eftersalgsservice<\/li> <\/ul>    <p>Don&#8217;t hesitate, contact us now to help upgrade your production!<\/p>","protected":false},"excerpt":{"rendered":"<p>This article mainly introduces the onion cutting machine. The onion cutter is multifunctional and efficient, with a production capacity of 200-1000 kg\/h. It can be used for onions, potatoes, cucumbers, and ginger, and supports dicing, slicing, and wavy cutting.<\/p>","protected":false},"author":1,"featured_media":357,"parent":0,"template":"","tags":[9],"product-type":[6],"class_list":["post-345","product","type-product","status-publish","has-post-thumbnail","hentry","tag-onion","product-type-products"],"_links":{"self":[{"href":"https:\/\/gingermachines.com\/da\/wp-json\/wp\/v2\/product\/345","targetHints":{"allow":["GET"]}}],"collection":[{"href":"https:\/\/gingermachines.com\/da\/wp-json\/wp\/v2\/product"}],"about":[{"href":"https:\/\/gingermachines.com\/da\/wp-json\/wp\/v2\/types\/product"}],"author":[{"embeddable":true,"href":"https:\/\/gingermachines.com\/da\/wp-json\/wp\/v2\/users\/1"}],"wp:featuredmedia":[{"embeddable":true,"href":"https:\/\/gingermachines.com\/da\/wp-json\/wp\/v2\/media\/357"}],"wp:attachment":[{"href":"https:\/\/gingermachines.com\/da\/wp-json\/wp\/v2\/media?parent=345"}],"wp:term":[{"taxonomy":"post_tag","embeddable":true,"href":"https:\/\/gingermachines.com\/da\/wp-json\/wp\/v2\/tags?post=345"},{"taxonomy":"product-type","embeddable":true,"href":"https:\/\/gingermachines.com\/da\/wp-json\/wp\/v2\/product-type?post=345"}],"curies":[{"name":"wp","href":"https:\/\/api.w.org\/{rel}","templated":true}]}}