{"id":33,"date":"2022-09-07T01:52:50","date_gmt":"2022-09-06T17:52:50","guid":{"rendered":"https:\/\/gingermachines.com\/?post_type=product&#038;p=33"},"modified":"2023-03-07T15:57:20","modified_gmt":"2023-03-07T07:57:20","slug":"ginger-washing-machine","status":"publish","type":"product","link":"https:\/\/gingermachines.com\/da\/product\/ginger-washing-machine\/","title":{"rendered":"Ingef\u00e6rvaskemaskine"},"content":{"rendered":"<p class=\"translation-block\"><strong>Ingef\u00e6rvaskemaskine<\/strong> er en b\u00f8rstetypen reng\u00f8ringsmaskine. Denne maskine har funktioner som super effektivitet, h\u00f8j automation og energibesparelse. Den er ekstremt ideel til vask og reng\u00f8ring af ingef\u00e6r, kartofler, s\u00f8d kartoffel, guler\u00f8dder, yam, pastinak, r\u00f8dbede, rutabaga, peberrod, taro, \u00e6ble, lotusrod osv. Og bruges bredt i gr\u00f8ntsagsforarbejdningsanl\u00e6g, frugtforarbejdningsanl\u00e6g, restauranter, skoler, hoteller osv. Ingef\u00e6rvaskemaskinen har funktioner til fuldautomatisk vask og skr\u00e6lning. Kapaciteten sp\u00e6nder fra 700kg\/t til 3000kg\/t. <\/p>    <p>Alle maskiner bruger rustfrit st\u00e5lmateriale, som er f\u00f8devaregodkendt og holdbart. Leder du efter en kvalitets ingef\u00e6rvaskemaskine? Kontakt os for at starte din ingef\u00e6rforretning.<\/p>    <figure class=\"wp-block-image size-full\"><img loading=\"lazy\" decoding=\"async\" width=\"720\" height=\"540\" src=\"https:\/\/gingermachines.com\/wp-content\/uploads\/2022\/09\/brush-type-vegetable-washing-machine.jpg\" alt=\"b\u00f8rstetype gr\u00f8ntsagsvaskemaskine\" class=\"wp-image-72\" title=\"\" srcset=\"https:\/\/gingermachines.com\/wp-content\/uploads\/2022\/09\/brush-type-vegetable-washing-machine.jpg 720w, https:\/\/gingermachines.com\/wp-content\/uploads\/2022\/09\/brush-type-vegetable-washing-machine-300x225.jpg 300w\" sizes=\"auto, (max-width: 720px) 100vw, 720px\" \/><figcaption class=\"wp-element-caption\">B\u00f8rstetypen gr\u00f8ntsagsvaskemaskine<\/figcaption><\/figure>    <h2 class=\"wp-block-heading\" id=\"h-features\">Funktioner af ingef\u00e6rvaskemaskine <\/h2>    <ol class=\"wp-block-list\" type=\"1\"> <li>Bred anvendelse. Ingef\u00e6rrensningsmaskinen bruges bredt til behandling af forskellige rodfrugter, s\u00e5som ingef\u00e6r, kartoffel, yam, gulerod, hvid radise, kudzu osv.<\/li>    <li>Alle maskiner bruger rustfrit st\u00e5lkrop, f\u00f8devaremateriale.<\/li>    <li>Det spr\u00f8jtede vand er fanformet, stort omr\u00e5de og h\u00f8jt tryk, hvilket er effektivt og hurtigt.<\/li>    <li>Nylonb\u00f8rste. B\u00f8rstematerialet er behandlet med en s\u00e6rlig proces, hvilket giver god slidstyrke.<\/li>    <li>Indre drevdel. Gear, motor og k\u00e6de driver maskinen, ingef\u00e6rvaskemaskinen har en kompakt struktur og fornuftig design.<\/li>    <li>Vand- og restopsamlingstray. Den kan opsamle spildevand og reststr\u00f8m fra \u00e9n udl\u00f8b, hvilket forhindrer spild p\u00e5 gulvet.<\/li>    <li>OEM\/ODM service er tilg\u00e6ngelig. Vi tilbyder en st\u00e6rk tilpasningstjeneste for at opfylde dine s\u00e6rlige krav.<\/li> <\/ol>    <figure class=\"wp-block-image size-full\"><img loading=\"lazy\" decoding=\"async\" width=\"720\" height=\"540\" src=\"https:\/\/gingermachines.com\/wp-content\/uploads\/2022\/09\/ginger-washer-machine-structure.jpg\" alt=\"konstruktion af ingef\u00e6rvaskemaskine\" class=\"wp-image-74\" title=\"\" srcset=\"https:\/\/gingermachines.com\/wp-content\/uploads\/2022\/09\/ginger-washer-machine-structure.jpg 720w, https:\/\/gingermachines.com\/wp-content\/uploads\/2022\/09\/ginger-washer-machine-structure-300x225.jpg 300w\" sizes=\"auto, (max-width: 720px) 100vw, 720px\" \/><figcaption class=\"wp-element-caption\">Ingef\u00e6rvaskemaskinens struktur<\/figcaption><\/figure>    <h2 class=\"wp-block-heading\" id=\"h-parameters\">Parameter for TAIZY ingef\u00e6r reng\u00f8rings- og vaskemaskine<\/h2>    <figure class=\"wp-block-table\"><table><tbody><tr><td>Model<\/td><td>St\u00f8rrelse(mm)<\/td><td>V\u00e6gt(kg)<\/td><td>Effekt(kW)<\/td><td>Kapacitet(kg\/t)<\/td><\/tr><tr><td>CY800<\/td><td>1580*850*800<\/td><td>180<\/td><td>1.1<\/td><td>700kg\/t<\/td><\/tr><tr><td>CY1000<\/td><td>1780*850*800<\/td><td>220<\/td><td>1.5<\/td><td>1000kg\/t<\/td><\/tr><tr><td>CY1200<\/td><td>1980*850*800<\/td><td>240<\/td><td>1.5<\/td><td>1200kg\/t<\/td><\/tr><tr><td>CY1500<\/td><td>2280*850*800<\/td><td>260<\/td><td>2.2<\/td><td>1500kg\/t<\/td><\/tr><tr><td>CY1800<\/td><td>2580*850*800<\/td><td>280<\/td><td>2.2<\/td><td>1800kg\/t<\/td><\/tr><tr><td>CY2000<\/td><td>2780*850*800<\/td><td>320<\/td><td>3<\/td><td>2000kg\/t<\/td><\/tr><tr><td>CY2600<\/td><td>3400*850*800<\/td><td>600<\/td><td>4<\/td><td>3000kg\/t<\/td><\/tr><\/tbody><\/table><\/figure>    <h2 class=\"wp-block-heading\" id=\"h-working-principle-of-the-ginger-washing-machine\">Arbejdsgang for ingef\u00e6rvaskemaskinen<\/h2>    <p>Ingef\u00e6rvaskemaskinen anvender b\u00f8rstefriktionsprincippet og bruges bredt til reng\u00f8ring og skr\u00e6lning af runde og ovale frugter og gr\u00f8ntsager, s\u00e5som ingef\u00e6r, gulerod, s\u00f8d kartoffel og kartoffel. Maskinen kan vaskes eller skr\u00e6lles ved at skifte b\u00f8rsteruller. Afh\u00e6ngigt af produkternes egenskaber kan b\u00f8rstewashenheden udstyres med h\u00e5rde eller bl\u00f8de b\u00f8rster for at undg\u00e5 skader p\u00e5 produkterne. Med b\u00f8rstens rulning opn\u00e5s reng\u00f8ring og afskalning gennem friktionen mellem b\u00f8rsten og produktet. <\/p>    <p>Denne maskine kan reng\u00f8re alene eller arbejde med reng\u00f8ring og skr\u00e6lning samtidigt. Udstyret har et flot udseende, nem betjening, stor reng\u00f8rings- og skr\u00e6llekapacitet, h\u00f8j effektivitet, lavt energiforbrug og kan arbejde kontinuerligt. B\u00f8rsterullens materiale efter s\u00e6rlig behandling er holdbart, og udstyret er lavet af h\u00f8j kvalitet rustfrit st\u00e5l.<\/p>    <h2 class=\"wp-block-heading\" id=\"h-structure-details-of-the-ginger-processing-cleaning-machine\">Strukturdetaljer for ingef\u00e6rbehandlings- og reng\u00f8ringsmaskinen<\/h2>    <ol class=\"wp-block-list\" type=\"1\"> <li>Maskinens krop. Denne maskine er lavet af rustfrit st\u00e5l, hvilket giver lang levetid og er meget nem at reng\u00f8re.<\/li>    <li>B\u00f8rstetud. B\u00f8rsterullen er lavet af nylonreb, den er meget robust og st\u00e6rk.<\/li>    <li>Brusetud. Maskinen bruger et automatisk spr\u00f8jtende reng\u00f8ringssystem, den kan tilsluttes vandr\u00f8r og opn\u00e5 dybdeg\u00e5ende reng\u00f8ring.<\/li>    <li>Udl\u00f8b. Den bruger automatisk rotationsudl\u00f8sning, hvilket sparer kr\u00e6fter og tid.<\/li> <\/ol>    <div class=\"wp-block-columns is-layout-flex wp-container-core-columns-is-layout-9d6595d7 wp-block-columns-is-layout-flex\"> <div class=\"wp-block-column is-layout-flow wp-block-column-is-layout-flow\"> <figure class=\"wp-block-gallery has-nested-images columns-default is-cropped wp-block-gallery-2 is-layout-flex wp-block-gallery-is-layout-flex\"> <figure class=\"wp-block-image size-full\"><img loading=\"lazy\" decoding=\"async\" width=\"800\" height=\"730\" data-id=\"75\" src=\"https:\/\/gingermachines.com\/wp-content\/uploads\/2022\/09\/ginger-washing-machine-factory.jpg\" alt=\"Ingef\u00e6rvaskemaskine fabrik\" class=\"wp-image-75\" title=\"\" srcset=\"https:\/\/gingermachines.com\/wp-content\/uploads\/2022\/09\/ginger-washing-machine-factory.jpg 800w, https:\/\/gingermachines.com\/wp-content\/uploads\/2022\/09\/ginger-washing-machine-factory-300x274.jpg 300w, https:\/\/gingermachines.com\/wp-content\/uploads\/2022\/09\/ginger-washing-machine-factory-768x701.jpg 768w\" sizes=\"auto, (max-width: 800px) 100vw, 800px\" \/><figcaption class=\"wp-element-caption\">Ingef\u00e6rvaskemaskine fabrik<\/figcaption><\/figure> <\/figure> <\/div>    <div class=\"wp-block-column is-layout-flow wp-block-column-is-layout-flow\"> <figure class=\"wp-block-gallery has-nested-images columns-default is-cropped wp-block-gallery-3 is-layout-flex wp-block-gallery-is-layout-flex\"> <figure class=\"wp-block-image size-full\"><img loading=\"lazy\" decoding=\"async\" width=\"800\" height=\"730\" data-id=\"76\" src=\"https:\/\/gingermachines.com\/wp-content\/uploads\/2022\/09\/ginger-washer-details.jpg\" alt=\"ingef\u00e6rvasker detaljer\" class=\"wp-image-76\" title=\"\" srcset=\"https:\/\/gingermachines.com\/wp-content\/uploads\/2022\/09\/ginger-washer-details.jpg 800w, https:\/\/gingermachines.com\/wp-content\/uploads\/2022\/09\/ginger-washer-details-300x274.jpg 300w, https:\/\/gingermachines.com\/wp-content\/uploads\/2022\/09\/ginger-washer-details-768x701.jpg 768w\" sizes=\"auto, (max-width: 800px) 100vw, 800px\" \/><figcaption class=\"wp-element-caption\">Ingef\u00e6rvaskedetaljer<\/figcaption><\/figure> <\/figure> <\/div> <\/div>    <h2 class=\"wp-block-heading\">Producenter af ingef\u00e6rvaskemaskine <\/h2>    <p>F\u00f8r du k\u00f8ber en kvalitets ingef\u00e6rvaskemaskine, er det meget vigtigt at finde en kvalitets ingef\u00e6rvaskemodtager. Ellers vil du bruge meget mere tid p\u00e5 kommunikation, vedligeholdelse og udskiftning af maskiner. TAIZY ingef\u00e6rvaskemaskine er en b\u00f8rstetypen gr\u00f8ntsagsreng\u00f8rings- og vaskemaskine. Den har overlegen kvalitet, god ydeevne og en overkommelig pris. <\/p>    <p class=\"translation-block\">Udover ingef\u00e6rvaskeren tilbyder vi ogs\u00e5 <a href=\"https:\/\/gingermachines.com\/da\/product\/ginger-slicing-machine\/\">ingef\u00e6rsk\u00e6remaskine<\/a>, ingef\u00e6rt\u00f8rringsmaskine, <a href=\"https:\/\/gingermachines.com\/da\/product\/ginger-grinding-machine\/\">ingef\u00e6rmalingsmaskine<\/a> og <a href=\"https:\/\/gingermachines.com\/da\/product\/ginger-powder-processing-line\/\">ingef\u00e6rpulverfremstillingsmaskine<\/a>. Leder du efter en p\u00e5lidelig ingef\u00e6rmaskine? Lad os vide dine krav, og vi vender tilbage hurtigst muligt. <\/p>","protected":false},"excerpt":{"rendered":"<p>Ginger washing machine is a brush-type cleaning machine. This machine has the features of super efficiency, high automation, and energy saving. It is extremely ideal for washing and cleaning ginger, potatoes, sweet potato, carrots, yam, parsnip, beet, rutabaga, horseradish, taro, apple, lotus root, etc. And widely used in vegetable processing plants, fruit processing plants, restaurants, [&hellip;]<\/p>\n","protected":false},"author":1,"featured_media":70,"parent":0,"template":"","tags":[8],"product-type":[6],"class_list":["post-33","product","type-product","status-publish","has-post-thumbnail","hentry","tag-ginger-processing-machine","product-type-products"],"_links":{"self":[{"href":"https:\/\/gingermachines.com\/da\/wp-json\/wp\/v2\/product\/33","targetHints":{"allow":["GET"]}}],"collection":[{"href":"https:\/\/gingermachines.com\/da\/wp-json\/wp\/v2\/product"}],"about":[{"href":"https:\/\/gingermachines.com\/da\/wp-json\/wp\/v2\/types\/product"}],"author":[{"embeddable":true,"href":"https:\/\/gingermachines.com\/da\/wp-json\/wp\/v2\/users\/1"}],"wp:featuredmedia":[{"embeddable":true,"href":"https:\/\/gingermachines.com\/da\/wp-json\/wp\/v2\/media\/70"}],"wp:attachment":[{"href":"https:\/\/gingermachines.com\/da\/wp-json\/wp\/v2\/media?parent=33"}],"wp:term":[{"taxonomy":"post_tag","embeddable":true,"href":"https:\/\/gingermachines.com\/da\/wp-json\/wp\/v2\/tags?post=33"},{"taxonomy":"product-type","embeddable":true,"href":"https:\/\/gingermachines.com\/da\/wp-json\/wp\/v2\/product-type?post=33"}],"curies":[{"name":"wp","href":"https:\/\/api.w.org\/{rel}","templated":true}]}}