{"id":296,"date":"2025-12-17T13:33:47","date_gmt":"2025-12-17T05:33:47","guid":{"rendered":"https:\/\/gingermachines.com\/?post_type=product&#038;p=296"},"modified":"2025-12-17T14:08:31","modified_gmt":"2025-12-17T06:08:31","slug":"onion-root-cutting-machine","status":"publish","type":"product","link":"https:\/\/gingermachines.com\/da\/product\/onion-root-cutting-machine\/","title":{"rendered":"L\u00f8gstilkekuttermaskine"},"content":{"rendered":"<p class=\"translation-block\">Taizy <strong>l\u00f8grodsk\u00e6ringsmaskine<\/strong> er specielt designet til at fjerne l\u00f8gens r\u00f8dder og haler. Den kan sk\u00e6re l\u00f8g med en diameter p\u00e5 5 cm eller mere. Maskinen giver rene og pr\u00e6cise snit, har h\u00f8j effektivitet og stor kapacitet med op til 500 kg\/t.<\/p>    <p class=\"wp-embed-aspect-16-9 wp-has-aspect-ratio\">Vores l\u00f8grodst\u00e6ngelsk\u00e6ringsmaskine bruges typisk i forbindelse med l\u00f8gskr\u00e6lleren for bekvem efterf\u00f8lgende behandling. For mere information, kontakt os venligst!<\/p>    <figure class=\"wp-block-embed is-type-video is-provider-youtube wp-block-embed-youtube wp-embed-aspect-16-9 wp-has-aspect-ratio\"><div class=\"wp-block-embed__wrapper\"> <iframe loading=\"lazy\" title=\"Automatisk l\u00f8grodsk\u00e6ringsmaskine | Hvordan fungerer l\u00f8grodsk\u00e6ringsmaskinen?\" width=\"500\" height=\"281\" src=\"https:\/\/www.youtube.com\/embed\/gZsAYGyDQGk?feature=oembed\" frameborder=\"0\" allow=\"accelerometer; autoplay; clipboard-write; encrypted-media; gyroscope; picture-in-picture; web-share\" referrerpolicy=\"strict-origin-when-cross-origin\" allowfullscreen><\/iframe> <\/div><figcaption class=\"wp-element-caption\">Arbejdsvideo af l\u00f8grodsk\u00e6ringsudstyr<\/figcaption><\/figure>    <h2 class=\"wp-block-heading\"><strong>Funktioner af l\u00f8grodst\u00e6ngelsk\u00e6ringsmaskine<\/strong><\/h2>    <ul class=\"wp-block-list\"> <li>Vores l\u00f8grodsk\u00e6ringsmaskine er lavet af <strong>rustfrit st\u00e5l<\/strong>, hvilket g\u00f8r den korrosionsbestandig og holdbar.<\/li>    <li>L\u00f8grodsk\u00e6ringsmaskinen er <strong>Let at betjene<\/strong>. Det kan nemt betjenes ved blot at trykke p\u00e5 et par knapper.<\/li>    <li>Taizy l\u00f8grodst\u00e6ngelsk\u00e6ringsmaskine er <strong>H\u00f8jeffektivt<\/strong>, med en produktionskapacitet p\u00e5 op til 500 kg\/t.<\/li>    <li>Den producerer l\u00f8g med glatte sk\u00e6reflader og en <strong>lavt skadesraten<\/strong>.<\/li>    <li>L\u00f8grodsk\u00e6ringsmaskinen kan bruges i <strong>i forbindelse med l\u00f8gskr\u00e6lleren<\/strong> for at danne en l\u00f8gskr\u00e6lle- og rodsk\u00e6ringsproduktion<\/li> <\/ul>   <div class=\"wp-block-image\"> <figure class=\"aligncenter size-full\"><img loading=\"lazy\" decoding=\"async\" width=\"720\" height=\"540\" src=\"https:\/\/gingermachines.com\/wp-content\/uploads\/2025\/12\/onion-root-cutting-equipment.webp\" alt=\"l\u00f8grodsk\u00e6ringsudstyr\" class=\"wp-image-297\" title=\"\" srcset=\"https:\/\/gingermachines.com\/wp-content\/uploads\/2025\/12\/onion-root-cutting-equipment.webp 720w, https:\/\/gingermachines.com\/wp-content\/uploads\/2025\/12\/onion-root-cutting-equipment-300x225.webp 300w, https:\/\/gingermachines.com\/wp-content\/uploads\/2025\/12\/onion-root-cutting-equipment-16x12.webp 16w\" sizes=\"auto, (max-width: 720px) 100vw, 720px\" \/><figcaption class=\"wp-element-caption\">l\u00f8grodsk\u00e6ringsudstyr<\/figcaption><\/figure> <\/div>   <h2 class=\"wp-block-heading\"><strong>Anvendelige r\u00e5materialer til l\u00f8grodsk\u00e6rer<\/strong><\/h2>    <p>Denne l\u00f8grodsk\u00e6ringsmaskine er prim\u00e6rt egnet til forskellige sorter af l\u00f8g, herunder gule l\u00f8g, r\u00f8de l\u00f8g og hvide l\u00f8g. Vores l\u00f8gst\u00e6ngesk\u00e6rer er egnet til l\u00f8g med en diameter p\u00e5 \u22655 cm. For l\u00f8g med mindre diametre kr\u00e6ves tilpasning.<\/p>    <figure class=\"wp-block-gallery has-nested-images columns-default is-cropped wp-block-gallery-2 is-layout-flex wp-block-gallery-is-layout-flex\"> <figure class=\"wp-block-image size-large\"><img loading=\"lazy\" decoding=\"async\" width=\"720\" height=\"540\" data-id=\"298\" src=\"https:\/\/gingermachines.com\/wp-content\/uploads\/2025\/12\/application-of-onion-root-cutter-machine.webp\" alt=\"application of onion root cutter machine\" class=\"wp-image-298\" title=\"\" srcset=\"https:\/\/gingermachines.com\/wp-content\/uploads\/2025\/12\/application-of-onion-root-cutter-machine.webp 720w, https:\/\/gingermachines.com\/wp-content\/uploads\/2025\/12\/application-of-onion-root-cutter-machine-300x225.webp 300w, https:\/\/gingermachines.com\/wp-content\/uploads\/2025\/12\/application-of-onion-root-cutter-machine-16x12.webp 16w\" sizes=\"auto, (max-width: 720px) 100vw, 720px\" \/><figcaption class=\"wp-element-caption\">Anvendelse af l\u00f8grodsk\u00e6rer<\/figcaption><\/figure>    <figure class=\"wp-block-image size-large\"><img loading=\"lazy\" decoding=\"async\" width=\"720\" height=\"540\" data-id=\"300\" src=\"https:\/\/gingermachines.com\/wp-content\/uploads\/2025\/12\/application-of-onion-root-stem-cutting-machine.webp\" alt=\"application of onion root stem cutting machine\" class=\"wp-image-300\" title=\"\" srcset=\"https:\/\/gingermachines.com\/wp-content\/uploads\/2025\/12\/application-of-onion-root-stem-cutting-machine.webp 720w, https:\/\/gingermachines.com\/wp-content\/uploads\/2025\/12\/application-of-onion-root-stem-cutting-machine-300x225.webp 300w, https:\/\/gingermachines.com\/wp-content\/uploads\/2025\/12\/application-of-onion-root-stem-cutting-machine-16x12.webp 16w\" sizes=\"auto, (max-width: 720px) 100vw, 720px\" \/><figcaption class=\"wp-element-caption\">Anvendelse af l\u00f8grodst\u00e6ngelsk\u00e6ringsmaskine<\/figcaption><\/figure>    <figure class=\"wp-block-image size-large\"><img loading=\"lazy\" decoding=\"async\" width=\"720\" height=\"540\" data-id=\"299\" src=\"https:\/\/gingermachines.com\/wp-content\/uploads\/2025\/12\/application-of-onion-root-cutter.webp\" alt=\"application of onion root cutter\" class=\"wp-image-299\" title=\"\" srcset=\"https:\/\/gingermachines.com\/wp-content\/uploads\/2025\/12\/application-of-onion-root-cutter.webp 720w, https:\/\/gingermachines.com\/wp-content\/uploads\/2025\/12\/application-of-onion-root-cutter-300x225.webp 300w, https:\/\/gingermachines.com\/wp-content\/uploads\/2025\/12\/application-of-onion-root-cutter-16x12.webp 16w\" sizes=\"auto, (max-width: 720px) 100vw, 720px\" \/><figcaption class=\"wp-element-caption\">Anvendelse af l\u00f8grodsk\u00e6rer<\/figcaption><\/figure> <\/figure>    <h2 class=\"wp-block-heading\"><strong>Specifikationer for l\u00f8grodsk\u00e6ringsmaskinen<\/strong><\/h2>    <p>For at hj\u00e6lpe kunderne hurtigt med at forst\u00e5 specifikationerne for l\u00f8grodsk\u00e6ringsudstyret, opsummeres de centrale tekniske parametre for maskinen nedenfor:<\/p>    <figure class=\"wp-block-table\"><table class=\"has-fixed-layout\"><tbody><tr><td>Str\u00f8m<\/td><td>380v\/1,5kw<\/td><\/tr><tr><td>Maskinest\u00f8rrelse<\/td><td>280*81*150cm<\/td><\/tr><tr><td>Maskinens v\u00e6gt<\/td><td>30kg<\/td><\/tr><tr><td>Kapacitet<\/td><td>500kg\/t<\/td><\/tr><\/tbody><\/table><figcaption class=\"wp-element-caption\">Parametre for l\u00f8g- og hale-kuttermaskine<\/figcaption><\/figure>    <h2 class=\"wp-block-heading\"><strong>Hvordan fungerer l\u00f8grodst\u00e6ngelsk\u00e6ringsmaskinen?<\/strong><\/h2>    <ol class=\"wp-block-list\"> <li>I starten af processen placerer arbejderne l\u00f8gene p\u00e5 klemmer p\u00e5 transportb\u00e5ndet. Klemmerne griber automatisk l\u00f8gene, hvilket holder dem stabile under transport.<\/li>    <li>L\u00f8gene transporteres derefter til sk\u00e6ringsomr\u00e5det. Her arbejder to s\u00e6t h\u00f8jhastigheds roterende blade synkront for automatisk at sk\u00e6re rod og st\u00e6ngel af hver l\u00f8g.<\/li>    <li>Efter sk\u00e6ring forts\u00e6tter l\u00f8gene med at bev\u00e6ge sig fremad p\u00e5 transportb\u00e5ndet og udtages automatisk fra udl\u00f8bet.<\/li> <\/ol>    <figure class=\"wp-block-gallery has-nested-images columns-default is-cropped wp-block-gallery-3 is-layout-flex wp-block-gallery-is-layout-flex\"> <figure class=\"wp-block-image size-large\"><img loading=\"lazy\" decoding=\"async\" width=\"720\" height=\"540\" data-id=\"301\" src=\"https:\/\/gingermachines.com\/wp-content\/uploads\/2025\/12\/onion-head-and-tail-cutter.webp\" alt=\"onion head and tail cutter\" class=\"wp-image-301\" title=\"\" srcset=\"https:\/\/gingermachines.com\/wp-content\/uploads\/2025\/12\/onion-head-and-tail-cutter.webp 720w, https:\/\/gingermachines.com\/wp-content\/uploads\/2025\/12\/onion-head-and-tail-cutter-300x225.webp 300w, https:\/\/gingermachines.com\/wp-content\/uploads\/2025\/12\/onion-head-and-tail-cutter-16x12.webp 16w\" sizes=\"auto, (max-width: 720px) 100vw, 720px\" \/><figcaption class=\"wp-element-caption\">L\u00f8g- og hale-kutter<\/figcaption><\/figure>    <figure class=\"wp-block-image size-large\"><img loading=\"lazy\" decoding=\"async\" width=\"720\" height=\"540\" data-id=\"302\" src=\"https:\/\/gingermachines.com\/wp-content\/uploads\/2025\/12\/onion-root-stem-cuuting-machine.webp\" alt=\"onion root stem cuuting machine\" class=\"wp-image-302\" title=\"\" srcset=\"https:\/\/gingermachines.com\/wp-content\/uploads\/2025\/12\/onion-root-stem-cuuting-machine.webp 720w, https:\/\/gingermachines.com\/wp-content\/uploads\/2025\/12\/onion-root-stem-cuuting-machine-300x225.webp 300w, https:\/\/gingermachines.com\/wp-content\/uploads\/2025\/12\/onion-root-stem-cuuting-machine-16x12.webp 16w\" sizes=\"auto, (max-width: 720px) 100vw, 720px\" \/><figcaption class=\"wp-element-caption\">L\u00f8grodst\u00e6ngelsk\u00e6ringsmaskine<\/figcaption><\/figure> <\/figure>    <h2 class=\"wp-block-heading\"><strong>L\u00f8grodsk\u00e6rer- og skr\u00e6llingslinje<\/strong><\/h2>    <p class=\"translation-block\">L\u00f8grodsk\u00e6ringsmaskinen kan bruges sammen med en elevator og en <a href=\"https:\/\/gingermachines.com\/da\/product\/automatic-onion-peeling-machine\/\">l\u00f8gs skr\u00e6ller<\/a> for at danne en komplet l\u00f8gskr\u00e6lle- og rodsk\u00e6ringslinje. Processen er som f\u00f8lger:<\/p>    <ol class=\"wp-block-list\"> <li>L\u00f8gene behandles f\u00f8rst med l\u00f8grodst\u00e6ngelsk\u00e6ringsmaskinen.<\/li>    <li>L\u00f8gene, efter at v\u00e6re sk\u00e5ret, transporteres til l\u00f8gskr\u00e6lleren via en transportb\u00e5nd.<\/li>    <li>L\u00f8gskr\u00e6lleren skr\u00e6ller derefter l\u00f8gene.<\/li> <\/ol>    <p>Hele linjen har automatiseret transport, hvilket sikrer en glidende overgang mellem rodsk\u00e6ring og skr\u00e6lning, forbedrer produktiviteten og reducerer manuelt arbejde.<\/p>    <figure class=\"wp-block-gallery has-nested-images columns-default is-cropped wp-block-gallery-4 is-layout-flex wp-block-gallery-is-layout-flex\"> <figure class=\"wp-block-image size-large\"><img loading=\"lazy\" decoding=\"async\" width=\"720\" height=\"540\" data-id=\"305\" src=\"https:\/\/gingermachines.com\/wp-content\/uploads\/2025\/12\/onion-peeling-line-2.webp\" alt=\"L\u00f8gscr\u00e6llelinje\" class=\"wp-image-305\" title=\"\" srcset=\"https:\/\/gingermachines.com\/wp-content\/uploads\/2025\/12\/onion-peeling-line-2.webp 720w, https:\/\/gingermachines.com\/wp-content\/uploads\/2025\/12\/onion-peeling-line-2-300x225.webp 300w, https:\/\/gingermachines.com\/wp-content\/uploads\/2025\/12\/onion-peeling-line-2-16x12.webp 16w\" sizes=\"auto, (max-width: 720px) 100vw, 720px\" \/><figcaption class=\"wp-element-caption\">L\u00f8gskr\u00e6llelinje<\/figcaption><\/figure>    <figure class=\"wp-block-image size-large\"><img loading=\"lazy\" decoding=\"async\" width=\"720\" height=\"540\" data-id=\"303\" src=\"https:\/\/gingermachines.com\/wp-content\/uploads\/2025\/12\/onion-root-cutting-machine.webp\" alt=\"onion root cutting machine\" class=\"wp-image-303\" title=\"\" srcset=\"https:\/\/gingermachines.com\/wp-content\/uploads\/2025\/12\/onion-root-cutting-machine.webp 720w, https:\/\/gingermachines.com\/wp-content\/uploads\/2025\/12\/onion-root-cutting-machine-300x225.webp 300w, https:\/\/gingermachines.com\/wp-content\/uploads\/2025\/12\/onion-root-cutting-machine-16x12.webp 16w\" sizes=\"auto, (max-width: 720px) 100vw, 720px\" \/><figcaption class=\"wp-element-caption\">L\u00f8grodsk\u00e6ringsmaskine<\/figcaption><\/figure>    <figure class=\"wp-block-image size-large\"><img loading=\"lazy\" decoding=\"async\" width=\"720\" height=\"540\" data-id=\"304\" src=\"https:\/\/gingermachines.com\/wp-content\/uploads\/2025\/12\/onion-peeling-machine-1.webp\" alt=\"L\u00f8gscr\u00e6llemaskine\" class=\"wp-image-304\" title=\"\" srcset=\"https:\/\/gingermachines.com\/wp-content\/uploads\/2025\/12\/onion-peeling-machine-1.webp 720w, https:\/\/gingermachines.com\/wp-content\/uploads\/2025\/12\/onion-peeling-machine-1-300x225.webp 300w, https:\/\/gingermachines.com\/wp-content\/uploads\/2025\/12\/onion-peeling-machine-1-16x12.webp 16w\" sizes=\"auto, (max-width: 720px) 100vw, 720px\" \/><figcaption class=\"wp-element-caption\">L\u00f8gskr\u00e6llermaskine<\/figcaption><\/figure> <\/figure>    <h2 class=\"wp-block-heading\"><strong>Hvorfor v\u00e6lge Taizy som din leverand\u00f8r?<\/strong><\/h2>    <p>Valget af Taizy l\u00f8grodsk\u00e6ringsmaskine er baseret p\u00e5 vores omfattende erfaring og stabile produktionskapaciteter inden for f\u00f8devareforarbejdningsudstyr. Alt vores udstyr gennemg\u00e5r streng test for at sikre optimal ydeevne.<\/p>    <p>Derudover tilbyder Taizy tilpassede tjenester baseret p\u00e5 kundens produktionskrav, sp\u00e6ndingsforhold og behandlingsprocedurer. Vi tilbyder ogs\u00e5 omfattende eftersalgsservice, herunder teknisk support, for at hj\u00e6lpe vores kunder med at forbedre produktiviteten.<\/p>    <h2 class=\"wp-block-heading\"><strong>Kontakt os for flere oplysninger!<\/strong><\/h2>    <p>L\u00f8grodsk\u00e6ringsmaskinen er en af de vigtigste maskiner i en l\u00f8gforarbejdningslinje. Valg af en h\u00f8j kvalitet maskine er afg\u00f8rende for at forbedre produktiviteten og sikre langvarig rentabilitet.<\/p>    <p>Hvis du leder efter en l\u00f8grodsk\u00e6rer, er du velkommen til at kontakte os! Vi vil give dig det h\u00f8jeste kvalitet udstyr og den bedste service!<\/p>","protected":false},"excerpt":{"rendered":"<p>This article mainly introduces the onion root cutting machine, including its functions, parameters, and working principle. Our onion root cutter machine can remove both the root and tail of the onion simultaneously, with a cutting speed of up to 500 kg\/hour.<\/p>","protected":false},"author":1,"featured_media":306,"parent":0,"template":"","tags":[9],"product-type":[6],"class_list":["post-296","product","type-product","status-publish","has-post-thumbnail","hentry","tag-onion","product-type-products"],"_links":{"self":[{"href":"https:\/\/gingermachines.com\/da\/wp-json\/wp\/v2\/product\/296","targetHints":{"allow":["GET"]}}],"collection":[{"href":"https:\/\/gingermachines.com\/da\/wp-json\/wp\/v2\/product"}],"about":[{"href":"https:\/\/gingermachines.com\/da\/wp-json\/wp\/v2\/types\/product"}],"author":[{"embeddable":true,"href":"https:\/\/gingermachines.com\/da\/wp-json\/wp\/v2\/users\/1"}],"wp:featuredmedia":[{"embeddable":true,"href":"https:\/\/gingermachines.com\/da\/wp-json\/wp\/v2\/media\/306"}],"wp:attachment":[{"href":"https:\/\/gingermachines.com\/da\/wp-json\/wp\/v2\/media?parent=296"}],"wp:term":[{"taxonomy":"post_tag","embeddable":true,"href":"https:\/\/gingermachines.com\/da\/wp-json\/wp\/v2\/tags?post=296"},{"taxonomy":"product-type","embeddable":true,"href":"https:\/\/gingermachines.com\/da\/wp-json\/wp\/v2\/product-type?post=296"}],"curies":[{"name":"wp","href":"https:\/\/api.w.org\/{rel}","templated":true}]}}