{"id":274,"date":"2025-12-03T17:43:08","date_gmt":"2025-12-03T09:43:08","guid":{"rendered":"https:\/\/gingermachines.com\/?post_type=product&#038;p=274"},"modified":"2025-12-04T16:12:44","modified_gmt":"2025-12-04T08:12:44","slug":"automatic-onion-peeling-machine","status":"publish","type":"product","link":"https:\/\/gingermachines.com\/da\/product\/automatic-onion-peeling-machine\/","title":{"rendered":"L\u00f8gsnitte-maskine"},"content":{"rendered":"<p class=\"translation-block\">Den <strong>l\u00f8gscr\u00e6llemaskine<\/strong> er en enhed, der hurtigt fjerner l\u00f8gets ydre skal og er bredt anvendt i f\u00f8devareforarbejdningsanl\u00e6g, landbrugsproduktforarbejdningscentre og restaurantk\u00f8kkener.<\/p>    <p>Taizy l\u00f8gscr\u00e6llefjerner har funktioner som ren skr\u00e6lleproces, minimal skade p\u00e5 l\u00f8gene og h\u00f8j effektivitet med en kapacitet p\u00e5 100-3000 kg\/t. Hvis du ogs\u00e5 s\u00f8ger en l\u00f8gscr\u00e6llemaskine, kontakt os straks for detaljeret information og det bedste tilbud.<\/p>    <figure class=\"wp-block-embed is-type-video is-provider-youtube wp-block-embed-youtube wp-embed-aspect-16-9 wp-has-aspect-ratio\"><div class=\"wp-block-embed__wrapper\"> <iframe loading=\"lazy\" title=\"Automatisk l\u00f8gskr\u00e6llermaskine | L\u00f8gskindfjerner maskine til fjernelse af skind fra l\u00f8g\" width=\"500\" height=\"281\" src=\"https:\/\/www.youtube.com\/embed\/2vCHvmrZiwo?feature=oembed\" frameborder=\"0\" allow=\"accelerometer; autoplay; clipboard-write; encrypted-media; gyroscope; picture-in-picture; web-share\" referrerpolicy=\"strict-origin-when-cross-origin\" allowfullscreen><\/iframe> <\/div><figcaption class=\"wp-element-caption\">Arbejdsvideo af l\u00f8gskindfjerner<\/figcaption><\/figure>    <h2 class=\"wp-block-heading\"><strong>Funktioner af l\u00f8gscr\u00e6llemaskine<\/strong><\/h2>    <ul class=\"wp-block-list\"> <li><strong>H\u00f8j effektivitet i forarbejdning<\/strong>: Vores l\u00f8gscr\u00e6llemaskine kan behandle op til 3000 kg l\u00f8g i timen, egnet til storstilet produktion.<\/li>    <li><strong>Reng\u00f8ringsvenlig skr\u00e6lleproces<\/strong>: Taizy l\u00f8gscr\u00e6lleudstyr bruger pneumatiske skr\u00e6lleteknologier for fremragende skr\u00e6lleresultater.<\/li>    <li><strong>H\u00f8j tilpasningsevne<\/strong>: L\u00f8gscr\u00e6llemaskinen kan h\u00e5ndtere l\u00f8g i forskellige st\u00f8rrelser og varianter uden komplicerede justeringer.<\/li>    <li><strong>Lav skadesrate<\/strong>: Skr\u00e6lleprocessen er sk\u00e5nsom, hvilket efterlader l\u00f8gene med h\u00f8j integritet, bevarer deres udseende og friskhed.<\/li>    <li><strong>Arbejdssparende<\/strong>: Denne l\u00f8gskr\u00e6llemaskine er nem at betjene, kr\u00e6ver kun \u00e9n til to personer, hvilket v\u00e6sentligt reducerer arbejdsomkostningerne.<\/li>    <li><strong>Let at reng\u00f8re<\/strong>: Hele maskinen er lavet af rustfrit st\u00e5l, opfylder f\u00f8devarehygiejnekrav, og er let at reng\u00f8re.<\/li> <\/ul>   <div class=\"wp-block-image\"> <figure class=\"aligncenter size-full\"><img loading=\"lazy\" decoding=\"async\" width=\"720\" height=\"540\" src=\"https:\/\/gingermachines.com\/wp-content\/uploads\/2025\/12\/onion-skin-peeling-machine.webp\" alt=\"L\u00f8gskr\u00e6llemaskine\" class=\"wp-image-279\" title=\"\" srcset=\"https:\/\/gingermachines.com\/wp-content\/uploads\/2025\/12\/onion-skin-peeling-machine.webp 720w, https:\/\/gingermachines.com\/wp-content\/uploads\/2025\/12\/onion-skin-peeling-machine-300x225.webp 300w, https:\/\/gingermachines.com\/wp-content\/uploads\/2025\/12\/onion-skin-peeling-machine-16x12.webp 16w\" sizes=\"auto, (max-width: 720px) 100vw, 720px\" \/><figcaption class=\"wp-element-caption\">L\u00f8gskr\u00e6llemaskine<\/figcaption><\/figure> <\/div>   <h2 class=\"wp-block-heading\"><strong>Anvendelsesomr\u00e5der for l\u00f8gscr\u00e6llemaskine<\/strong><\/h2>    <p>L\u00f8gscr\u00e6llemaskinen er blevet det ideelle udstyr for forskellige f\u00f8devareforarbejdningsvirksomheder p\u00e5 grund af dens h\u00f8je effektivitet og fremragende skr\u00e6lleresultater. Dette udstyr har fundet bred anvendelse p\u00e5 tv\u00e6rs af flere sektorer:<\/p>    <ul class=\"wp-block-list\"> <li>Store f\u00f8devareforarbejdningsanl\u00e6g<\/li>    <li>F\u00f8devareforarbejdningsvirksomheder<\/li>    <li>Frosne gr\u00f8ntsagsleverand\u00f8rer<\/li>    <li>Supermarkeddistributionscentre<\/li>    <li>Central k\u00f8kkener<\/li> <\/ul>    <figure class=\"wp-block-gallery has-nested-images columns-default is-cropped wp-block-gallery-2 is-layout-flex wp-block-gallery-is-layout-flex\"> <figure class=\"wp-block-image size-large\"><img loading=\"lazy\" decoding=\"async\" width=\"720\" height=\"540\" data-id=\"280\" src=\"https:\/\/gingermachines.com\/wp-content\/uploads\/2025\/12\/\u56fe\u72473-tuya_\u7ed3\u679c.webp\" alt=\"L\u00f8g f\u00f8r forarbejdning\" class=\"wp-image-280\" title=\"\" srcset=\"https:\/\/gingermachines.com\/wp-content\/uploads\/2025\/12\/\u56fe\u72473-tuya_\u7ed3\u679c.webp 720w, https:\/\/gingermachines.com\/wp-content\/uploads\/2025\/12\/\u56fe\u72473-tuya_\u7ed3\u679c-300x225.webp 300w, https:\/\/gingermachines.com\/wp-content\/uploads\/2025\/12\/\u56fe\u72473-tuya_\u7ed3\u679c-16x12.webp 16w\" sizes=\"auto, (max-width: 720px) 100vw, 720px\" \/><figcaption class=\"wp-element-caption\">L\u00f8g f\u00f8r forarbejdning<\/figcaption><\/figure>    <figure class=\"wp-block-image size-large\"><img loading=\"lazy\" decoding=\"async\" width=\"720\" height=\"540\" data-id=\"281\" src=\"https:\/\/gingermachines.com\/wp-content\/uploads\/2025\/12\/\u56fe\u72474-tuya_\u7ed3\u679c.webp\" alt=\"f\u00e6rdigt produkt af l\u00f8gscr\u00e6llemaskine\" class=\"wp-image-281\" title=\"\" srcset=\"https:\/\/gingermachines.com\/wp-content\/uploads\/2025\/12\/\u56fe\u72474-tuya_\u7ed3\u679c.webp 720w, https:\/\/gingermachines.com\/wp-content\/uploads\/2025\/12\/\u56fe\u72474-tuya_\u7ed3\u679c-300x225.webp 300w, https:\/\/gingermachines.com\/wp-content\/uploads\/2025\/12\/\u56fe\u72474-tuya_\u7ed3\u679c-16x12.webp 16w\" sizes=\"auto, (max-width: 720px) 100vw, 720px\" \/><figcaption class=\"wp-element-caption\">F\u00e6rdigt produkt af l\u00f8gscr\u00e6llemaskine<\/figcaption><\/figure> <\/figure>    <h2 class=\"wp-block-heading\"><strong>To typer l\u00f8gscr\u00e6llemaskiner til salg<\/strong><\/h2>    <p>For at im\u00f8dekomme forarbejdningsbehovene for l\u00f8g i forskellige st\u00f8rrelser og specifikationer tilbyder vi to typer l\u00f8gscr\u00e6llemaskiner: <\/p>    <ol class=\"wp-block-list\"> <li><strong>K\u00e6detype l\u00f8gscr\u00e6llemaskine<\/strong>: Den er egnet til store l\u00f8g og storstilede forarbejdningsvirksomheder, hvilket muligg\u00f8r stabile, effektive og kontinuerlige skr\u00e6lleoperationer.<\/li>    <li><strong>T\u00f8ndetypen l\u00f8gscr\u00e6llemaskine<\/strong>: T\u00f8ndetypen l\u00f8gscr\u00e6llemaskine er kompakt og nem at betjene, egnet til mindre l\u00f8g. Den er velegnet til sm\u00e5 forarbejdningssteder eller sm\u00e5 l\u00f8gforarbejdningsanl\u00e6g.<\/li> <\/ol>    <figure class=\"wp-block-gallery has-nested-images columns-default is-cropped wp-block-gallery-3 is-layout-flex wp-block-gallery-is-layout-flex\"> <figure class=\"wp-block-image size-large\"><img loading=\"lazy\" decoding=\"async\" width=\"540\" height=\"720\" data-id=\"278\" src=\"https:\/\/gingermachines.com\/wp-content\/uploads\/2025\/12\/onion-skin-removing-machine.webp\" alt=\"onion skin removing machine\" class=\"wp-image-278\" title=\"\" srcset=\"https:\/\/gingermachines.com\/wp-content\/uploads\/2025\/12\/onion-skin-removing-machine.webp 540w, https:\/\/gingermachines.com\/wp-content\/uploads\/2025\/12\/onion-skin-removing-machine-225x300.webp 225w, https:\/\/gingermachines.com\/wp-content\/uploads\/2025\/12\/onion-skin-removing-machine-9x12.webp 9w\" sizes=\"auto, (max-width: 540px) 100vw, 540px\" \/><figcaption class=\"wp-element-caption\">L\u00f8gscr\u00e6llemaskine<\/figcaption><\/figure>    <figure class=\"wp-block-image size-large\"><img loading=\"lazy\" decoding=\"async\" width=\"540\" height=\"720\" data-id=\"282\" src=\"https:\/\/gingermachines.com\/wp-content\/uploads\/2025\/12\/onion-peeling-equipment.webp\" alt=\"onion peeling equipment\" class=\"wp-image-282\" title=\"\" srcset=\"https:\/\/gingermachines.com\/wp-content\/uploads\/2025\/12\/onion-peeling-equipment.webp 540w, https:\/\/gingermachines.com\/wp-content\/uploads\/2025\/12\/onion-peeling-equipment-225x300.webp 225w, https:\/\/gingermachines.com\/wp-content\/uploads\/2025\/12\/onion-peeling-equipment-9x12.webp 9w\" sizes=\"auto, (max-width: 540px) 100vw, 540px\" \/><figcaption class=\"wp-element-caption\">L\u00f8gskr\u00e6lleudstyr<\/figcaption><\/figure> <\/figure>    <figure class=\"wp-block-gallery has-nested-images columns-default is-cropped wp-block-gallery-4 is-layout-flex wp-block-gallery-is-layout-flex\"> <figure class=\"wp-block-image size-large\"><img loading=\"lazy\" decoding=\"async\" width=\"540\" height=\"720\" data-id=\"283\" src=\"https:\/\/gingermachines.com\/wp-content\/uploads\/2025\/12\/onion-peeler-machine.webp\" alt=\"onion peeler machine\" class=\"wp-image-283\" title=\"\" srcset=\"https:\/\/gingermachines.com\/wp-content\/uploads\/2025\/12\/onion-peeler-machine.webp 540w, https:\/\/gingermachines.com\/wp-content\/uploads\/2025\/12\/onion-peeler-machine-225x300.webp 225w, https:\/\/gingermachines.com\/wp-content\/uploads\/2025\/12\/onion-peeler-machine-9x12.webp 9w\" sizes=\"auto, (max-width: 540px) 100vw, 540px\" \/><figcaption class=\"wp-element-caption\">L\u00f8gscr\u00e6llemaskine<\/figcaption><\/figure>    <figure class=\"wp-block-image size-large\"><img loading=\"lazy\" decoding=\"async\" width=\"540\" height=\"720\" data-id=\"284\" src=\"https:\/\/gingermachines.com\/wp-content\/uploads\/2025\/12\/samll-onion-peeler.webp\" alt=\"small onion peeler\" class=\"wp-image-284\" title=\"\" srcset=\"https:\/\/gingermachines.com\/wp-content\/uploads\/2025\/12\/samll-onion-peeler.webp 540w, https:\/\/gingermachines.com\/wp-content\/uploads\/2025\/12\/samll-onion-peeler-225x300.webp 225w, https:\/\/gingermachines.com\/wp-content\/uploads\/2025\/12\/samll-onion-peeler-9x12.webp 9w\" sizes=\"auto, (max-width: 540px) 100vw, 540px\" \/><figcaption class=\"wp-element-caption\">Lille l\u00f8gscr\u00e6lle<\/figcaption><\/figure> <\/figure>    <h2 class=\"wp-block-heading\"><strong>Parametre for l\u00f8gscr\u00e6llemaskine<\/strong><\/h2>    <p>Nedenfor er de vigtigste tekniske specifikationer for vores bedst s\u00e6lgende l\u00f8gscr\u00e6llemaskine. Sammenligning af forskellige modeller hj\u00e6lper dig med hurtigt at finde den maskine, der opfylder dine produktionsbehov.<\/p>    <p class=\"translation-block\"><strong>Tekniske specifikationer for k\u00e6detypen l\u00f8gskr\u00e6llefjerner:<\/strong><\/p>    <figure class=\"wp-block-table\"><table class=\"has-fixed-layout\"><tbody><tr><td>Model<\/td><td>TZ-1500<\/td><td>TZ-3000<\/td><\/tr><tr><td>Str\u00f8m<\/td><td>15000w<\/td><td>3000w<\/td><\/tr><tr><td>Output<\/td><td>1000-1500 kg\/t<\/td><td>2000-3000 kg\/t<\/td><\/tr><tr><td>V\u00e6gt<\/td><td>280 kg<\/td><td>450 kg<\/td><\/tr><tr><td>St\u00f8rrelse<\/td><td>200*82*140cm<\/td><td>240*100*175cm<\/td><\/tr><\/tbody><\/table><figcaption class=\"wp-element-caption\">Parametre for k\u00e6detype l\u00f8gscr\u00e6lleudstyr<\/figcaption><\/figure>    <p class=\"translation-block\"><strong>Tekniske data for t\u00f8ndetypen l\u00f8gscr\u00e6llemaskine<\/strong><\/p>    <figure class=\"wp-block-table\"><table class=\"has-fixed-layout\"><tbody><tr><td>Model<\/td><td>TZ-150<\/td><td>TZ-500<\/td><\/tr><tr><td>Str\u00f8m<\/td><td>110-220v\/0.2kw<\/td><td>110-220v\/0.2kw<\/td><\/tr><tr><td>Output<\/td><td>100-150 kg\/t<\/td><td>300-500 kg<\/td><\/tr><tr><td>V\u00e6gt<\/td><td>80kg<\/td><td>150 kg<\/td><\/tr><tr><td>St\u00f8rrelse<\/td><td>620*630*900mm<\/td><td>1000*680*1400mm<\/td><\/tr><\/tbody><\/table><figcaption class=\"wp-element-caption\">Parametre for t\u00f8ndetypen l\u00f8gscr\u00e6llemaskine<\/figcaption><\/figure>    <h2 class=\"wp-block-heading\"><strong>Arbejdsgang for l\u00f8gskr\u00e6llemaskine<\/strong><\/h2>    <p>L\u00f8gscr\u00e6llemaskinen bruger prim\u00e6rt pneumatiske skr\u00e6lleprincipper, hvor h\u00f8jhastigheds komprimeret luft bruges til at adskille den ydre skal. Under forarbejdning kommer l\u00f8get ikke i direkte kontakt med knivene, hvilket sikrer, at l\u00f8get forbliver intakt.<\/p>    <figure class=\"wp-block-gallery has-nested-images columns-default is-cropped wp-block-gallery-5 is-layout-flex wp-block-gallery-is-layout-flex\"> <figure class=\"wp-block-image size-large\"><img loading=\"lazy\" decoding=\"async\" width=\"540\" height=\"720\" data-id=\"285\" src=\"https:\/\/gingermachines.com\/wp-content\/uploads\/2025\/12\/barrel-style-onion-peeler-machine.webp\" alt=\"barrel-style onion peeler machine\" class=\"wp-image-285\" title=\"\" srcset=\"https:\/\/gingermachines.com\/wp-content\/uploads\/2025\/12\/barrel-style-onion-peeler-machine.webp 540w, https:\/\/gingermachines.com\/wp-content\/uploads\/2025\/12\/barrel-style-onion-peeler-machine-225x300.webp 225w, https:\/\/gingermachines.com\/wp-content\/uploads\/2025\/12\/barrel-style-onion-peeler-machine-9x12.webp 9w\" sizes=\"auto, (max-width: 540px) 100vw, 540px\" \/><figcaption class=\"wp-element-caption\">T\u00f8ndetypen l\u00f8gscr\u00e6llemaskine<\/figcaption><\/figure>    <figure class=\"wp-block-image size-large\"><img loading=\"lazy\" decoding=\"async\" width=\"720\" height=\"540\" data-id=\"286\" src=\"https:\/\/gingermachines.com\/wp-content\/uploads\/2025\/12\/chain-onion-peeling-machine.webp\" alt=\"k\u00e6del\u00f8gvaskermaskine.\" class=\"wp-image-286\" title=\"\" srcset=\"https:\/\/gingermachines.com\/wp-content\/uploads\/2025\/12\/chain-onion-peeling-machine.webp 720w, https:\/\/gingermachines.com\/wp-content\/uploads\/2025\/12\/chain-onion-peeling-machine-300x225.webp 300w, https:\/\/gingermachines.com\/wp-content\/uploads\/2025\/12\/chain-onion-peeling-machine-16x12.webp 16w\" sizes=\"auto, (max-width: 720px) 100vw, 720px\" \/><figcaption class=\"wp-element-caption\">K\u00e6detype l\u00f8gscr\u00e6llemaskine<\/figcaption><\/figure> <\/figure>    <h2 class=\"wp-block-heading\"><strong>L\u00f8gscr\u00e6lleproduktionslinje<\/strong><\/h2>    <p>L\u00f8gscr\u00e6llelinjen best\u00e5r af l\u00f8gr\u00f8dsk\u00e6rer, elevator og k\u00e6detype l\u00f8gscr\u00e6llemaskine, hvilket danner en kontinuerlig og standardiseret forarbejdningsproces.<\/p>    <ol class=\"wp-block-list\"> <li><strong>L\u00f8gr\u00f8dsk\u00e6rer<\/strong>: Dens funktion er at sk\u00e6re bunden af l\u00f8get pr\u00e6cist.<\/li>    <li><strong>Elevator<\/strong>: Elevator transporterer j\u00e6vnt de r\u00f8ddersk\u00e5rne l\u00f8g til skr\u00e6llesektionen, hvilket muligg\u00f8r automatiseret fodring og reducerer manuel h\u00e5ndtering.<\/li>    <li><strong>K\u00e6det\u00f8nde l\u00f8gscr\u00e6lleudstyr<\/strong>: Den bruger h\u00f8jhastigheds komprimeret luft til at adskille l\u00f8gets ydre skal, hvilket muligg\u00f8r hurtig, stor volumen skr\u00e6lleproces.<\/li> <\/ol>    <figure class=\"wp-block-gallery has-nested-images columns-default is-cropped wp-block-gallery-6 is-layout-flex wp-block-gallery-is-layout-flex\"> <figure class=\"wp-block-image size-large\"><img loading=\"lazy\" decoding=\"async\" width=\"720\" height=\"540\" data-id=\"287\" src=\"https:\/\/gingermachines.com\/wp-content\/uploads\/2025\/12\/onion-root-cutter-mahcine.webp\" alt=\"onion root cutter machine\" class=\"wp-image-287\" title=\"\" srcset=\"https:\/\/gingermachines.com\/wp-content\/uploads\/2025\/12\/onion-root-cutter-mahcine.webp 720w, https:\/\/gingermachines.com\/wp-content\/uploads\/2025\/12\/onion-root-cutter-mahcine-300x225.webp 300w, https:\/\/gingermachines.com\/wp-content\/uploads\/2025\/12\/onion-root-cutter-mahcine-16x12.webp 16w\" sizes=\"auto, (max-width: 720px) 100vw, 720px\" \/><figcaption class=\"wp-element-caption\">L\u00f8gr\u00f8dsk\u00e6rer<\/figcaption><\/figure>    <figure class=\"wp-block-image size-large\"><img loading=\"lazy\" decoding=\"async\" width=\"720\" height=\"540\" data-id=\"288\" src=\"https:\/\/gingermachines.com\/wp-content\/uploads\/2025\/12\/onion-elevator.webp\" alt=\"onion elevator\" class=\"wp-image-288\" title=\"\" srcset=\"https:\/\/gingermachines.com\/wp-content\/uploads\/2025\/12\/onion-elevator.webp 720w, https:\/\/gingermachines.com\/wp-content\/uploads\/2025\/12\/onion-elevator-300x225.webp 300w, https:\/\/gingermachines.com\/wp-content\/uploads\/2025\/12\/onion-elevator-16x12.webp 16w\" sizes=\"auto, (max-width: 720px) 100vw, 720px\" \/><figcaption class=\"wp-element-caption\">L\u00f8gelelevator<\/figcaption><\/figure>    <figure class=\"wp-block-image size-full\"><img loading=\"lazy\" decoding=\"async\" width=\"720\" height=\"540\" data-id=\"290\" src=\"https:\/\/gingermachines.com\/wp-content\/uploads\/2025\/12\/onion-peeling-line-1.webp\" alt=\"L\u00f8gscr\u00e6llelinje\" class=\"wp-image-290\" title=\"\" srcset=\"https:\/\/gingermachines.com\/wp-content\/uploads\/2025\/12\/onion-peeling-line-1.webp 720w, https:\/\/gingermachines.com\/wp-content\/uploads\/2025\/12\/onion-peeling-line-1-300x225.webp 300w, https:\/\/gingermachines.com\/wp-content\/uploads\/2025\/12\/onion-peeling-line-1-16x12.webp 16w\" sizes=\"auto, (max-width: 720px) 100vw, 720px\" \/><figcaption class=\"wp-element-caption\">L\u00f8gskr\u00e6llelinje<\/figcaption><\/figure> <\/figure>    <h2 class=\"wp-block-heading\"><strong>Faktorer, der p\u00e5virker prisen p\u00e5 l\u00f8gscr\u00e6lle<\/strong><\/h2>    <p>De vigtigste faktorer, der p\u00e5virker prisen p\u00e5 l\u00f8gscr\u00e6llemaskinen, inkluderer udstyrs type, kapacitet, konfigurationsniveau og anvendte materialer.<\/p>    <p>Derudover vil tilf\u00f8jelsen af elevator eller r\u00f8dsk\u00e6ringsmaskine direkte p\u00e5virke den samlede omkostning. Generelt resulterer h\u00f8jere output og mere avanceret konfiguration i en h\u00f8jere pris. Brugere kan v\u00e6lge den passende model baseret p\u00e5 deres produktionsskala.<\/p>   <div class=\"wp-block-image\"> <figure class=\"aligncenter size-full\"><img loading=\"lazy\" decoding=\"async\" width=\"720\" height=\"540\" src=\"https:\/\/gingermachines.com\/wp-content\/uploads\/2025\/12\/onion-skin-peeling-machine-1.webp\" alt=\"L\u00f8gskr\u00e6llemaskine\" class=\"wp-image-289\" title=\"\" srcset=\"https:\/\/gingermachines.com\/wp-content\/uploads\/2025\/12\/onion-skin-peeling-machine-1.webp 720w, https:\/\/gingermachines.com\/wp-content\/uploads\/2025\/12\/onion-skin-peeling-machine-1-300x225.webp 300w, https:\/\/gingermachines.com\/wp-content\/uploads\/2025\/12\/onion-skin-peeling-machine-1-16x12.webp 16w\" sizes=\"auto, (max-width: 720px) 100vw, 720px\" \/><figcaption class=\"wp-element-caption\">L\u00f8gskr\u00e6llemaskine<\/figcaption><\/figure> <\/div>   <h2 class=\"wp-block-heading\"><strong>Hvorfor v\u00e6lge Taizy som din leverand\u00f8r?<\/strong><\/h2>    <ul class=\"wp-block-list\"> <li>Vi st\u00f8tter et udvalg af <strong>Tilpassede tjenester<\/strong>, s\u00e5som specialdesignede maskiner baseret p\u00e5 sp\u00e6ndingsstandarderne i vores kunders lande, og personlige l\u00f8sninger tilpasset produktionsbehov og placering.<\/li>    <li>Taizy\u2019s produktlinje er omfattende og inkluderer ikke kun l\u00f8gscr\u00e6lle, men ogs\u00e5 <a href=\"https:\/\/gingermachines.com\/da\/product\/ginger-washing-machine\/\">Ingef\u00e6rsk\u00e6remaskine<\/a>, <a href=\"https:\/\/gingermachines.com\/da\/product\/ginger-drying-machine\/\">Ingef\u00e6r-t\u00f8rrer<\/a>, <a href=\"https:\/\/gingermachines.com\/da\/product\/ginger-grinding-machine\/\">Ingef\u00e6rkv\u00e6rn<\/a>, <a href=\"https:\/\/gingermachines.com\/da\/products\/ginger-processing-line\/\">Ingef\u00e6rpulverproduktionslinje<\/a>, og andet f\u00f8devareforarbejdningsudstyr.<\/li>    <li>For at sikre en glidende produktion for vores kunder, tilbyder vi detaljerede brugermanualer, installations- og idrifts\u00e6ttelsesvejledninger samt betjeningsvideoer, der garanterer, at udstyret er let at l\u00e6re og bruge, hvilket giver vores kunder ro i sindet efter k\u00f8b.<\/li>    <li>Taizy producerer og s\u00e6lger selv l\u00f8gscr\u00e6llemaskinen, hvilket sikrer h\u00f8j kvalitet og konkurrencedygtige priser.<\/li> <\/ul>   <div class=\"wp-block-image\"> <figure class=\"aligncenter size-full\"><img loading=\"lazy\" decoding=\"async\" width=\"720\" height=\"540\" src=\"https:\/\/gingermachines.com\/wp-content\/uploads\/2025\/12\/onion-peeling-machine.webp\" alt=\"L\u00f8gscr\u00e6llemaskine\" class=\"wp-image-291\" title=\"\" srcset=\"https:\/\/gingermachines.com\/wp-content\/uploads\/2025\/12\/onion-peeling-machine.webp 720w, https:\/\/gingermachines.com\/wp-content\/uploads\/2025\/12\/onion-peeling-machine-300x225.webp 300w, https:\/\/gingermachines.com\/wp-content\/uploads\/2025\/12\/onion-peeling-machine-16x12.webp 16w\" sizes=\"auto, (max-width: 720px) 100vw, 720px\" \/><figcaption class=\"wp-element-caption\">L\u00f8gscr\u00e6llemaskine<\/figcaption><\/figure> <\/div>   <h2 class=\"wp-block-heading\"><strong>Kontakt os med det samme for det bedste tilbud!<\/strong><\/h2>    <p>L\u00f8gscr\u00e6llemaskinen er en uundv\u00e6rlig n\u00f8glemaskine i f\u00f8devareforarbejdningsindustrien. Valg af en stabil og p\u00e5lidelig l\u00f8gscr\u00e6llemaskine vil \u00f8ge din produktions effektivitet.<\/p>    <p>Hvis du s\u00f8ger professionelt l\u00f8gforarbejdningsudstyr, kontakt os straks. Taizy vil give dig omfattende l\u00f8sninger og fuld teknisk support for at g\u00f8re din produktion mere effektiv!<\/p>","protected":false},"excerpt":{"rendered":"<p>The onion peeling machine utilizes pneumatic principles to achieve fast and clean onion peeling, effectively improving processing efficiency. Taizy onion peeler has a processing capacity ranging from 150-3000 kg\/hour, suitable for various production scales from small processing plants to large food factories.<\/p>","protected":false},"author":1,"featured_media":276,"parent":0,"template":"","tags":[9],"product-type":[6],"class_list":["post-274","product","type-product","status-publish","has-post-thumbnail","hentry","tag-onion","product-type-products"],"_links":{"self":[{"href":"https:\/\/gingermachines.com\/da\/wp-json\/wp\/v2\/product\/274","targetHints":{"allow":["GET"]}}],"collection":[{"href":"https:\/\/gingermachines.com\/da\/wp-json\/wp\/v2\/product"}],"about":[{"href":"https:\/\/gingermachines.com\/da\/wp-json\/wp\/v2\/types\/product"}],"author":[{"embeddable":true,"href":"https:\/\/gingermachines.com\/da\/wp-json\/wp\/v2\/users\/1"}],"wp:featuredmedia":[{"embeddable":true,"href":"https:\/\/gingermachines.com\/da\/wp-json\/wp\/v2\/media\/276"}],"wp:attachment":[{"href":"https:\/\/gingermachines.com\/da\/wp-json\/wp\/v2\/media?parent=274"}],"wp:term":[{"taxonomy":"post_tag","embeddable":true,"href":"https:\/\/gingermachines.com\/da\/wp-json\/wp\/v2\/tags?post=274"},{"taxonomy":"product-type","embeddable":true,"href":"https:\/\/gingermachines.com\/da\/wp-json\/wp\/v2\/product-type?post=274"}],"curies":[{"name":"wp","href":"https:\/\/api.w.org\/{rel}","templated":true}]}}