{"id":180,"date":"2023-07-10T15:12:35","date_gmt":"2023-07-10T07:12:35","guid":{"rendered":"https:\/\/gingermachines.com\/?post_type=product&#038;p=180"},"modified":"2024-06-17T11:01:26","modified_gmt":"2024-06-17T03:01:26","slug":"ginger-juicer-machine","status":"publish","type":"product","link":"https:\/\/gingermachines.com\/da\/product\/ginger-juicer-machine\/","title":{"rendered":"Ingef\u00e6rpresser til ingef\u00e6rudtr\u00e6kning"},"content":{"rendered":"<p>Taizy ingef\u00e6rsaftpresser er et specialiseret apparat designet specifikt til at udtr\u00e6kke saft fra ingef\u00e6rrod. Den er konstrueret til effektivt og effektivt at udtr\u00e6kke den maksimale m\u00e6ngde saft, mens den adskiller den fra den fibrede pulp og andre faste stoffer. Vores ingef\u00e6rsaftpresser findes i forskellige typer og st\u00f8rrelser, der sp\u00e6nder fra sm\u00e5 til industrielle modeller. <\/p>    <figure class=\"wp-block-embed is-type-video is-provider-youtube wp-block-embed-youtube wp-embed-aspect-16-9 wp-has-aspect-ratio\"><div class=\"wp-block-embed__wrapper\"> <iframe loading=\"lazy\" title=\"Hvordan vores multifunktionelle saftmaskine h\u00e5ndterer ingef\u00e6r, agurker og citroner\" width=\"500\" height=\"281\" src=\"https:\/\/www.youtube.com\/embed\/6Gfv6T5fSGQ?feature=oembed\" frameborder=\"0\" allow=\"accelerometer; autoplay; clipboard-write; encrypted-media; gyroscope; picture-in-picture; web-share\" referrerpolicy=\"strict-origin-when-cross-origin\" allowfullscreen><\/iframe> <\/div><figcaption class=\"wp-element-caption\">bedste maskine til at presse ingef\u00e6r<\/figcaption><\/figure>    <p>Du kan ikke kun bruge denne maskine til at presse ingef\u00e6rsaft, men du kan ogs\u00e5 bruge denne maskine til at presse andre frugtsafter og gr\u00f8ntsagsjuicer.<\/p>    <h2 class=\"wp-block-heading\">H\u00f8jdepunkter ved saftudtr\u00e6kningsmaskine til ingef\u00e6r<\/h2>    <ol class=\"wp-block-list\"> <li>Denne maskine har ikke kun funktionen til at presse, men ogs\u00e5 til at male.<\/li>    <li>Ingef\u00e6rsaftmaskinen til udtr\u00e6kning af ingef\u00e6r er kun lavet af 304 rustfrit st\u00e5l, som er robust, holdbart og nemt at reng\u00f8re.<\/li>    <li>Den kan behandle op til 5000 kilogram r\u00e5materiale pr. time. Velegnet til sm\u00e5 og store ingef\u00e6rforarbejdningsanl\u00e6g og f\u00f8devareforarbejdningsanl\u00e6g.<\/li>    <li>Maskinen kan ogs\u00e5 bruges til at udtr\u00e6kke andre frugtsafter og gr\u00f8ntsagsjuicer.<\/li> <\/ol>   <div class=\"wp-block-image\"> <figure class=\"aligncenter size-full\"><img loading=\"lazy\" decoding=\"async\" width=\"525\" height=\"540\" src=\"https:\/\/gingermachines.com\/wp-content\/uploads\/2023\/07\/ginger-juicer-machine.webp\" alt=\"ingef\u00e6rsaftpresser\" class=\"wp-image-185\" title=\"\" srcset=\"https:\/\/gingermachines.com\/wp-content\/uploads\/2023\/07\/ginger-juicer-machine.webp 525w, https:\/\/gingermachines.com\/wp-content\/uploads\/2023\/07\/ginger-juicer-machine-292x300.webp 292w\" sizes=\"auto, (max-width: 525px) 100vw, 525px\" \/><figcaption class=\"wp-element-caption\">ingef\u00e6rsaftpresser<\/figcaption><\/figure> <\/div>   <h2 class=\"wp-block-heading\">Hvordan fungerer ingef\u00e6rsaftpresseren?<\/h2>    <p>Ingef\u00e6rsaftpresseren fungerer ved at drive motoren til at f\u00e5 skraberen til at rotere med h\u00f8j hastighed. N\u00e5r ingef\u00e6ren kommer ind i saftpresseren gennem indl\u00f8bsporten, udskiller skraberen den j\u00e6vnt p\u00e5 skraberen og sk\u00e6rmen. P\u00e5 grund af skraberens roterende bev\u00e6gelse og vinklen p\u00e5 guiden vil materialet bev\u00e6ge sig langs t\u00f8nden mod udl\u00f8bsenden.<\/p>    <p class=\"translation-block\">Materialet vil danne en spiral-lignende bane under bev\u00e6gelsen. Samtidig g\u00f8r den <a href=\"https:\/\/en.wikipedia.org\/wiki\/Centrifugal_force\" target=\"_blank\" rel=\"noopener\">centrifugalkraft<\/a> af h\u00f8jhastighedsrotation, at saften flyder ud fra sigten og udl\u00f8bet, mens slagget udskilles fra slagget. P\u00e5 denne m\u00e5de opn\u00e5s effekten af automatisk separation.<\/p>    <p>Denne ingef\u00e6rsaftmaskine anvendes bredt i juicefremstilling, f\u00f8devareforarbejdning og drikkevareindustrier til hurtigt og effektivt at behandle store m\u00e6ngder frugter eller gr\u00f8ntsager, hvilket giver friske og velsmagende frugt- og gr\u00f8ntsagsjuicer.<\/p>   <div class=\"wp-block-image\"> <figure class=\"aligncenter size-full\"><img loading=\"lazy\" decoding=\"async\" width=\"720\" height=\"540\" src=\"https:\/\/gingermachines.com\/wp-content\/uploads\/2023\/07\/ginger-juice-making-machine.webp\" alt=\"ingef\u00e6rsaftmaskine\" class=\"wp-image-183\" title=\"\" srcset=\"https:\/\/gingermachines.com\/wp-content\/uploads\/2023\/07\/ginger-juice-making-machine.webp 720w, https:\/\/gingermachines.com\/wp-content\/uploads\/2023\/07\/ginger-juice-making-machine-300x225.webp 300w\" sizes=\"auto, (max-width: 720px) 100vw, 720px\" \/><figcaption class=\"wp-element-caption\">ingef\u00e6rsaftmaskine<\/figcaption><\/figure> <\/div>   <h2 class=\"wp-block-heading\">Hvordan v\u00e6lger man den rigtige ingef\u00e6rsaftmaskine?<\/h2>    <p>N\u00e5r du v\u00e6lger en ingef\u00e6rsaftpresser, skal du overveje faktorer som juicingkapacitet, reng\u00f8ringsvenlighed, holdbarhed og samlet ydeevne. Taizy Ginger Machinery tilbyder omfattende vejledning og support for at hj\u00e6lpe dig med at tr\u00e6ffe en informeret beslutning baseret p\u00e5 dine specifikke krav.<\/p>    <h2 class=\"wp-block-heading\">Typer af ingef\u00e6rsaftudtr\u00e6kningsmaskiner tilg\u00e6ngelige<\/h2>    <p>Elektrisk ingef\u00e6rsaftudtr\u00e6kningsmaskine: Designet til st\u00f8rre operationer, elektriske ingef\u00e6rsaftudtr\u00e6kningsmaskiner giver effektiv juicing med minimal indsats. Disse maskiner er velegnede til kommercielle etableringer som juicebarer, restauranter og caf\u00e9er.<\/p>    <p>Industriel ingef\u00e6rsaftudtr\u00e6kningsmaskine: Bygget til tung juicing, disse maskiner er konstrueret til at h\u00e5ndtere store m\u00e6ngder ingef\u00e6r. De anvendes bredt i f\u00f8devareforarbejdningsindustrier og juiceproduktionsanl\u00e6g.<\/p>   <div class=\"wp-block-image\"> <figure class=\"aligncenter size-full\"><img loading=\"lazy\" decoding=\"async\" width=\"720\" height=\"540\" src=\"https:\/\/gingermachines.com\/wp-content\/uploads\/2023\/07\/industrial-ginger-juicer-machine.webp\" alt=\"industriel ingef\u00e6rsaftpresser\" class=\"wp-image-186\" title=\"\" srcset=\"https:\/\/gingermachines.com\/wp-content\/uploads\/2023\/07\/industrial-ginger-juicer-machine.webp 720w, https:\/\/gingermachines.com\/wp-content\/uploads\/2023\/07\/industrial-ginger-juicer-machine-300x225.webp 300w\" sizes=\"auto, (max-width: 720px) 100vw, 720px\" \/><figcaption class=\"wp-element-caption\">industriel ingef\u00e6rsaftpresser<\/figcaption><\/figure> <\/div>   <h2 class=\"wp-block-heading\">Hvorfor v\u00e6lge Taizy Ginger Machinery?<\/h2>    <p>Taizy Ginger Machinery er et anerkendt firma, der specialiserer sig i produktion og fremstilling af ingef\u00e6rmaskiner. Vi forst\u00e5r eftersp\u00f8rgslen efter h\u00f8jkvalitets ingef\u00e6rsaftpresser og tilbyder et bredt udvalg af muligheder for at im\u00f8dekomme forskellige behov. <\/p>    <p class=\"translation-block\">Med vores ekspertise og engagement for kvalitet sikrer Taizy Ginger Machinery, at deres ingef\u00e6rsaftpresser er bygget til at levere exceptionel ydeevne, holdbarhed og brugervenlighed. I vores virksomhed har vi ogs\u00e5 en <a href=\"https:\/\/gingermachines.com\/da\/product\/ginger-powder-processing-line\/\">ingef\u00e6rpulverproduktionslinje<\/a>, <a href=\"https:\/\/gingermachines.com\/da\/product\/ginger-grinding-machine\/\">ingef\u00e6rslibemaskine<\/a>, <a href=\"https:\/\/gingermachines.com\/da\/product\/ginger-slicing-machine\/\">ingef\u00e6rslicer<\/a>, og <a href=\"https:\/\/gingermachines.com\/da\/product\/ginger-washing-machine\/\">ingef\u00e6rvaskemaskine<\/a>.<\/p>   <div class=\"wp-block-image\"> <figure class=\"aligncenter size-full\"><img loading=\"lazy\" decoding=\"async\" width=\"720\" height=\"540\" src=\"https:\/\/gingermachines.com\/wp-content\/uploads\/2022\/09\/ginger-powder-processing-machine-line.jpg\" alt=\"ingef\u00e6rpulverforarbejdningslinje\" class=\"wp-image-97\" title=\"\" srcset=\"https:\/\/gingermachines.com\/wp-content\/uploads\/2022\/09\/ginger-powder-processing-machine-line.jpg 720w, https:\/\/gingermachines.com\/wp-content\/uploads\/2022\/09\/ginger-powder-processing-machine-line-300x225.jpg 300w\" sizes=\"auto, (max-width: 720px) 100vw, 720px\" \/><figcaption class=\"wp-element-caption\">ingef\u00e6rpulverforarbejdningslinje<\/figcaption><\/figure> <\/div>   <h2 class=\"wp-block-heading\">Sundhedsm\u00e6ssige fordele ved ingef\u00e6rsaft<\/h2>    <ul class=\"wp-block-list\"> <li>Styrker immunforsvaret: Ingef\u00e6r indeholder antioxidanter og immunstyrkende egenskaber, der kan styrke kroppens forsvarsmekanisme.<\/li>    <li>Ford\u00f8jelseshj\u00e6lp: Ingef\u00e6rsaft hj\u00e6lper med ford\u00f8jelsen, lindrer gastrointestinalt ubehag og reducerer kvalme.<\/li>    <li>Anti-inflammatoriske egenskaber: De anti-inflammatoriske forbindelser i ingef\u00e6rsaft kan hj\u00e6lpe med at reducere inflammation og lindre smerte.<\/li>    <li>V\u00e6gtkontrol: Regelm\u00e6ssig indtagelse af ingef\u00e6rsaft kan bidrage til v\u00e6gttab ved at \u00f8ge stofskiftet og reducere appetitten.<\/li>    <li>Hjertehelse: Ingef\u00e6rsaft fremmer hjerte-kar-sundhed ved at s\u00e6nke kolesterolniveauerne og reducere risikoen for hjertesygdomme.<\/li> <\/ul>   <div class=\"wp-block-image\"> <figure class=\"aligncenter size-full\"><img loading=\"lazy\" decoding=\"async\" width=\"720\" height=\"540\" src=\"https:\/\/gingermachines.com\/wp-content\/uploads\/2023\/07\/ginger-juice.webp\" alt=\"ingef\u00e6rsaft\" class=\"wp-image-184\" title=\"\" srcset=\"https:\/\/gingermachines.com\/wp-content\/uploads\/2023\/07\/ginger-juice.webp 720w, https:\/\/gingermachines.com\/wp-content\/uploads\/2023\/07\/ginger-juice-300x225.webp 300w\" sizes=\"auto, (max-width: 720px) 100vw, 720px\" \/><figcaption class=\"wp-element-caption\">ingef\u00e6rsaft<\/figcaption><\/figure> <\/div>   <h2 class=\"wp-block-heading\">Kontakt Taizy Ginger Machinery i dag<\/h2>    <p>Hvis du har brug for en p\u00e5lidelig ingef\u00e6rsaftpresser, beh\u00f8ver du ikke lede l\u00e6ngere end Taizy Ginger Machinery. Med vores dedikation til kvalitet og kundetilfredshed er vi forpligtet til at levere topkvalitetsmaskiner til fremstilling af ingef\u00e6rsaft, der im\u00f8dekommer dine juicingbehov. Kontakt Taizy Ginger Machinery i dag for at udforske deres udvalg af ingef\u00e6rsaftpresser og finde den perfekte l\u00f8sning til dit hjem eller din virksomhed.<\/p>    <p>Ingef\u00e6rsaftpresser er blevet et v\u00e6rdifuldt supplement til k\u00f8kkenet og kommercielle etableringer, der g\u00f8r det muligt for enkeltpersoner at nyde ingef\u00e6rens fordele bekvemt og forfriskende. Taizy Ginger Machinery, en betroet producent, tilbyder et forskelligt udvalg af ingef\u00e6rsaftpresser for at im\u00f8dekomme forskellige behov. <\/p>    <p>Uanset om du er en sundhedsbevidst person eller en virksomhedsejer i f\u00f8devareindustrien, har Taizy Ginger Machinery den perfekte ingef\u00e6rsaftpresser til at udtr\u00e6kke friskhed og sundhed fra hver slurk.<\/p>","protected":false},"excerpt":{"rendered":"<p>Ingef\u00e6rsaftpresser er et specialiseret apparat designet specifikt til at udtr\u00e6kke saft fra ingef\u00e6rrod. Lille\/industriel saftpresser til salg.<\/p>","protected":false},"author":1,"featured_media":187,"parent":0,"template":"","tags":[],"product-type":[6],"class_list":["post-180","product","type-product","status-publish","has-post-thumbnail","hentry","product-type-products"],"_links":{"self":[{"href":"https:\/\/gingermachines.com\/da\/wp-json\/wp\/v2\/product\/180","targetHints":{"allow":["GET"]}}],"collection":[{"href":"https:\/\/gingermachines.com\/da\/wp-json\/wp\/v2\/product"}],"about":[{"href":"https:\/\/gingermachines.com\/da\/wp-json\/wp\/v2\/types\/product"}],"author":[{"embeddable":true,"href":"https:\/\/gingermachines.com\/da\/wp-json\/wp\/v2\/users\/1"}],"wp:featuredmedia":[{"embeddable":true,"href":"https:\/\/gingermachines.com\/da\/wp-json\/wp\/v2\/media\/187"}],"wp:attachment":[{"href":"https:\/\/gingermachines.com\/da\/wp-json\/wp\/v2\/media?parent=180"}],"wp:term":[{"taxonomy":"post_tag","embeddable":true,"href":"https:\/\/gingermachines.com\/da\/wp-json\/wp\/v2\/tags?post=180"},{"taxonomy":"product-type","embeddable":true,"href":"https:\/\/gingermachines.com\/da\/wp-json\/wp\/v2\/product-type?post=180"}],"curies":[{"name":"wp","href":"https:\/\/api.w.org\/{rel}","templated":true}]}}