{"id":140,"date":"2023-03-29T16:25:11","date_gmt":"2023-03-29T08:25:11","guid":{"rendered":"https:\/\/gingermachines.com\/?post_type=product&#038;p=140"},"modified":"2024-06-26T14:46:28","modified_gmt":"2024-06-26T06:46:28","slug":"ginger-powder-packaging-machine","status":"publish","type":"product","link":"https:\/\/gingermachines.com\/da\/product\/ginger-powder-packaging-machine\/","title":{"rendered":"Ingef\u00e6rpulveremballagemaskine"},"content":{"rendered":"<p class=\"translation-block\"><strong>Taizy ingef\u00e6rpulverpakningsmaskine<\/strong> er et automatiseret v\u00e6rkt\u00f8j designet til pakning af ingef\u00e6rpulver. Det sikrer pr\u00e6cision og n\u00f8jagtighed ved udfyldning, forsegling og kodning af poser, hvilket g\u00f8r det til en hurtigt, effektivt og omkostningseffektivt l\u00f8sning for producenter i ingef\u00e6rproduktionsbranchen.<\/p>    <p class=\"translation-block\">Vi tilbyder en fuld <strong>automatisk ingef\u00e6rpulverpakningsmaskine<\/strong> og en semi-automatisk ingef\u00e6rpulverpakningsmaskine til din virksomhed. Hvilken en du skal v\u00e6lge, b\u00f8r afh\u00e6nge af dine specifikke krav, s\u00e5som kapaciteter, emballagehastighed, budgetter, arbejdsvindue osv. Og alle vores maskiner bruger holdbare materialer og avanceret teknologi for at sikre god ydeevne og lang levetid. Hvis du leder efter en ingef\u00e6rpulverpakningsmaskine, er det ganske en god id\u00e9 at kontakte os for den bedste pris.<\/p>   <div class=\"wp-block-image\"> <figure class=\"aligncenter size-full\"><img loading=\"lazy\" decoding=\"async\" width=\"720\" height=\"540\" src=\"https:\/\/gingermachines.com\/wp-content\/uploads\/2023\/03\/powder-packing-equipment.webp\" alt=\"pulverpakningsudstyr\" class=\"wp-image-239\" title=\"\" srcset=\"https:\/\/gingermachines.com\/wp-content\/uploads\/2023\/03\/powder-packing-equipment.webp 720w, https:\/\/gingermachines.com\/wp-content\/uploads\/2023\/03\/powder-packing-equipment-300x225.webp 300w, https:\/\/gingermachines.com\/wp-content\/uploads\/2023\/03\/powder-packing-equipment-16x12.webp 16w\" sizes=\"auto, (max-width: 720px) 100vw, 720px\" \/><figcaption class=\"wp-element-caption\">pulverpakningsudstyr med elevator<\/figcaption><\/figure> <\/div>   <h2 class=\"wp-block-heading\">Funktioner af ingef\u00e6rpulverpakningsmaskine<\/h2>    <ul class=\"wp-block-list\"> <li><strong>Kapacitet og hastighed:<\/strong> Ingef\u00e6rpulveremballagemaskiner har h\u00f8j produktionskapacitet, der sp\u00e6nder fra 20 til 80 poser i minuttet.<\/li>    <li><strong>Pr\u00e6cision og n\u00f8jagtighed:<\/strong> Avancerede sensorer sikrer pr\u00e6cise m\u00e5linger og n\u00f8jagtig fyldning, hvilket reducerer fejl og inkonsistenser i emballeringsprocessen.<\/li>    <li><strong>Brugervenlighed: <\/strong>Ingef\u00e6rpulverpakkeudstyr er nemt at betjene, hvor nogle modeller har ber\u00f8ringssk\u00e6rme, der forenkler emballeringsprocessen endnu mere.<\/li>    <li><strong>Alsidighed:<\/strong> Maskinerne arbejder med forskellige typer emballagematerialer, hvilket tilf\u00f8jer fleksibilitet til emballeringsprocessen. <\/li>    <li><strong>Omkostningseffektivt:<\/strong> Ved at automatisere emballeringsprocessen reducerer ingef\u00e6rpulveremballagemaskiner arbejds- og materialekostnader, hvilket \u00f8ger l\u00f8nsomheden for producenter. <\/li>    <li><strong>Tilpasselig: Den<\/strong> Maskiner kan tilpasses for at opfylde specifikke emballeringskrav, hvilket g\u00f8r det muligt for producenter at opn\u00e5 en unik produktpr\u00e6sentation, der im\u00f8dekommer deres kunders pr\u00e6ferencer. <\/li> <\/ul>    <figure class=\"wp-block-image size-full\"><img loading=\"lazy\" decoding=\"async\" width=\"720\" height=\"540\" src=\"https:\/\/gingermachines.com\/wp-content\/uploads\/2023\/03\/automatic-powder-packing-machine-factory.jpg\" alt=\"automatisk pulverpakningsmaskinefabrik\" class=\"wp-image-154\" title=\"\" srcset=\"https:\/\/gingermachines.com\/wp-content\/uploads\/2023\/03\/automatic-powder-packing-machine-factory.jpg 720w, https:\/\/gingermachines.com\/wp-content\/uploads\/2023\/03\/automatic-powder-packing-machine-factory-300x225.jpg 300w\" sizes=\"auto, (max-width: 720px) 100vw, 720px\" \/><figcaption class=\"wp-element-caption\">Automatisk Pulverpakningsmaskine Fabrik<\/figcaption><\/figure>    <h2 class=\"wp-block-heading\">Typer af ingef\u00e6rpulverfyldemaskine<\/h2>    <p>I vores firma har vi to almindeligt solgte ingef\u00e6rpulverfyldemaskiner til salg. Den ene er fuldt automatisk og den anden er semi-automatisk. Du kan v\u00e6lge den maskine, der passer til dine behov og dit budget. Samtidig, hvis du har sp\u00f8rgsm\u00e5l om denne maskine, kan du altid kontakte os via pop op-vinduet nederst til h\u00f8jre.<\/p>    <h2 class=\"wp-block-heading\">Type1: Fuldt automatisk ingef\u00e6rpulverpakningsmaskine<\/h2>    <p>Den fuldt automatiske ingef\u00e6rpulveremballage-maske er en avanceret emballagel\u00f8sning designet til at str\u00f8mline ingef\u00e6rpulveremballageprocessen. Denne maskine udf\u00f8rer alle emballagefunktioner automatisk, herunder m\u00e5ling, udfyldning, forsegling og m\u00e6rkning af poser. Den kr\u00e6ver minimal menneskelig indsats, hvilket reducerer arbejdskraftomkostningerne og \u00f8ger produktiviteten. <\/p>    <p>Denne ingef\u00e6rpulverpakningsmaskine til salg er en lille lodret-type fyld og forseg maskine (VFFS). Med en h\u00f8j produktionsevne p\u00e5 op til 80 poser pr. minut. Denne maskine har funktionerne h\u00f8j ydeevne og rimelig pris. Den passer godt til sm\u00e5 eller mellemstore produktionskrav.<\/p>    <figure class=\"wp-block-image size-full\"><img loading=\"lazy\" decoding=\"async\" width=\"720\" height=\"540\" src=\"https:\/\/gingermachines.com\/wp-content\/uploads\/2023\/03\/small-ginger-powder-packaging-machine-1.jpg\" alt=\"lille ingef\u00e6rpulverpakningsmaskine\" class=\"wp-image-146\" title=\"\" srcset=\"https:\/\/gingermachines.com\/wp-content\/uploads\/2023\/03\/small-ginger-powder-packaging-machine-1.jpg 720w, https:\/\/gingermachines.com\/wp-content\/uploads\/2023\/03\/small-ginger-powder-packaging-machine-1-300x225.jpg 300w\" sizes=\"auto, (max-width: 720px) 100vw, 720px\" \/><figcaption class=\"wp-element-caption\">Lille Ingef\u00e6rpulveremballage Maskine<\/figcaption><\/figure>    <h2 class=\"wp-block-heading\">Parametre for automatisk ingef\u00e6rpulveremballagemaskine <\/h2>    <figure class=\"wp-block-table\"><table><tbody><tr><td>Model<\/td><td>TZ-320<\/td><td>TZ-450<\/td><td>TZ-420<\/td><td>TZ-520<\/td><td>TZ-720<\/td><\/tr><tr><td>Emballageposetyper<\/td><td>Baglukning\/ 3-sidet lukning\/ 4-sidet lukning<\/td><td>Baglukning\/ 3-sidet lukning\/ 4-sidet lukning<\/td><td>Bagforsegling<\/td><td>Bagforsegling<\/td><td>Bagforsegling<\/td><\/tr><tr><td>Emballeringhastighed<\/td><td>20-80 poser\/min<\/td><td>20-80 poser\/min<\/td><td>5-30 poser\/min<\/td><td>5-50 poser\/min<\/td><td>5-50 poser\/min<\/td><\/tr><tr><td>Energiforbrug<\/td><td>1,8 kW<\/td><td>2,2 kW<\/td><td>220 V, 2,2 kW<\/td><td>220 VAC\/50 Hz<\/td><td>220 VAC\/50 Hz,5 kW<\/td><\/tr><tr><td>Dimension<\/td><td>(L)650*(W)1050*(H)1950 mm<\/td><td>(L)650*(W)1050*(H)2150 mm<\/td><td>(L)1320*(B)950*(H)1760 mm<\/td><td>(L)1150*(W)1795*(H)2050 mm<\/td><td>(L)1780*(W)1350*(H)2350 mm<\/td><\/tr><tr><td>Pose l\u00e6ngde<\/td><td>30-180 mm<\/td><td>30-300 mm<\/td><td>80-300 mm<\/td><td>80-400 mm<\/td><td>100-400 mm<\/td><\/tr><tr><td>Pose bredde<\/td><td>20-150 mm<\/td><td>20-210 mm<\/td><td>80-200 mm<\/td><td>80-250 mm<\/td><td>180-350 mm<\/td><\/tr><tr><td>Luftforbrug<\/td><td>\/<\/td><td>\/<\/td><td>0,65 MPa<\/td><td>0,65 MPa<\/td><td>0,65 MPa<\/td><\/tr><tr><td>Gasforbrug<\/td><td>\/<\/td><td>\/<\/td><td>0,4 m<sup>3<\/sup>\/min<\/td><td>0,4 m<sup>3<\/sup>\/min<\/td><td>0,4 m<sup>3<\/sup>\/min<\/td><\/tr><\/tbody><\/table><figcaption class=\"wp-element-caption\">parameter tabel<\/figcaption><\/figure>    <p>Den automatiske ingef\u00e6rpulverfyldemaskine har bagforsegning, tre-sidet forsegning, fire-sidet forsegning og andre emballeringsmetoder til kunder at v\u00e6lge imellem. Pakkehastigheden pr. minut kan v\u00e6re op til 80 pakker. Vil du vide mere om automatiske ingef\u00e6rpulverfyldningsmaskiner? Velkommen til at kontakte os n\u00e5r som helst.<\/p>   <div class=\"wp-block-image\"> <figure class=\"aligncenter size-full\"><img loading=\"lazy\" decoding=\"async\" width=\"720\" height=\"540\" src=\"https:\/\/gingermachines.com\/wp-content\/uploads\/2023\/03\/powder-packaging-equipment.webp\" alt=\"automatisk pulveremballageudstyr\" class=\"wp-image-238\" title=\"\" srcset=\"https:\/\/gingermachines.com\/wp-content\/uploads\/2023\/03\/powder-packaging-equipment.webp 720w, https:\/\/gingermachines.com\/wp-content\/uploads\/2023\/03\/powder-packaging-equipment-300x225.webp 300w, https:\/\/gingermachines.com\/wp-content\/uploads\/2023\/03\/powder-packaging-equipment-16x12.webp 16w\" sizes=\"auto, (max-width: 720px) 100vw, 720px\" \/><figcaption class=\"wp-element-caption\">automatisk pulveremballageudstyr<\/figcaption><\/figure> <\/div>   <h2 class=\"wp-block-heading\">Type 2: Semi-automatisk ingef\u00e6rpulverfyldemaskine <\/h2>    <p>Den semi-automatiske ingef\u00e6rpulverfyldemaskine er en alsidig emballagel\u00f8sning, der kombinerer automatiserings effektivitet med menneskelig input. Denne maskine m\u00e5ler, fylder og forsegler poser automatisk, men kr\u00e6ver en operat\u00f8r til at placere og fjerne poserne p\u00e5 transportb\u00e5ndet. Emballagen sp\u00e6nder fra 1 kg til 10 kg. <\/p>    <p>Den semi-automatiske ingef\u00e6rpulverpakningsmaskine er nem at betjene og kan tilpasses forskellige emballagematerialer, hvilket g\u00f8r den til et omkostningseffektivt og alsidigt valg for producenter i f\u00f8devarebranchen. Denne maskine er ideel til store produktionskrav.<\/p>    <figure class=\"wp-block-image size-full\"><img loading=\"lazy\" decoding=\"async\" width=\"720\" height=\"540\" src=\"https:\/\/gingermachines.com\/wp-content\/uploads\/2023\/03\/ginger-powder-filling-machine.jpg\" alt=\"ginger pulverfyldemaskine\" class=\"wp-image-148\" title=\"\" srcset=\"https:\/\/gingermachines.com\/wp-content\/uploads\/2023\/03\/ginger-powder-filling-machine.jpg 720w, https:\/\/gingermachines.com\/wp-content\/uploads\/2023\/03\/ginger-powder-filling-machine-300x225.jpg 300w\" sizes=\"auto, (max-width: 720px) 100vw, 720px\" \/><figcaption class=\"wp-element-caption\">Ingef\u00e6rpulverfyldemaskine<\/figcaption><\/figure>    <h2 class=\"wp-block-heading\">Semi-automatisk ingef\u00e6rpulveremballage maskineparametre <\/h2>    <figure class=\"wp-block-table\"><table><tbody><tr><td>Str\u00f8m<\/td><td>AC380V 900W<\/td><\/tr><tr><td>Emballage specifikationer<\/td><td>1-10 kg<\/td><\/tr><tr><td>Emballerings\u00adn\u00f8jagtighed<\/td><td>\u00b11%<\/td><\/tr><tr><td>Pakkehastighed<\/td><td>500-1500 poser\/h (afh\u00e6ngigt af emballagens st\u00f8rrelse og produkter)<\/td><\/tr><tr><td>Dimension<\/td><td>1000*850*1850 mm<\/td><\/tr><tr><td>V\u00e6gt<\/td><td>280 kg<\/td><\/tr><\/tbody><\/table><figcaption class=\"wp-element-caption\">Semi-automatisk ingef\u00e6rpulverpakningsudstyr<\/figcaption><\/figure>    <p>Afh\u00e6ngigt af forskellige materialer kan denne semi-automatisk pakke-maskine pakke 500-1500 poser i timen. Hvis du vil vide mere om denne semi-automatisk pulverpakningsmaskine, bedes du kontakte os gennem pop op-vinduet nederst til h\u00f8jre.<\/p>    <h2 class=\"wp-block-heading\">Faktorer at overveje, n\u00e5r man v\u00e6lger den rigtige ingef\u00e6rpulverpakningsmaskine<\/h2>    <h3 class=\"wp-block-heading\">Produktionskapacitet<\/h3>    <p>N\u00e5r du v\u00e6lger en ingef\u00e6rpulverpakningsmaskine, er det vigtigt at overveje din produktionsevne. At v\u00e6lge en maskine med en h\u00f8jere produktionsevne end hvad du har brug for, kan f\u00f8re til un\u00f8dvendige omkostninger. P\u00e5 den anden side kan valg af en maskine med lav produktionsevne begr\u00e6nse din evne til at im\u00f8dekomme eftersp\u00f8rgslen.<\/p>    <h3 class=\"wp-block-heading\">Budget<\/h3>    <p>Omkostningen ved at k\u00f8be en ingef\u00e6rpulverpakningsmaskine er en vigtig faktor at overveje. Det er vigtigt at v\u00e6lge en maskine, der passer inden for dit budget og samtidig opfylder dine emballeringsbehov.<\/p>    <h3 class=\"wp-block-heading\">Emballagematerialer<\/h3>    <p>Forskellige ingef\u00e6rpulverpakningsmaskiner er designet til at arbejde med specifikke emballagematerialer. Det er vigtigt at v\u00e6lge en maskine, der er kompatibel med dit foretrukne emballagemateriale for at undg\u00e5 produktionsforsinkelser eller problemer.<\/p>    <h2 class=\"wp-block-heading\">Hvad koster ingef\u00e6rpulverpakningsmaskinen?<\/h2>    <p>Prisen p\u00e5 en ingef\u00e6rpulverpakningsmaskine varierer afh\u00e6ngigt af flere faktorer, herunder typen af maskine, dens funktioner, produktionsevne og m\u00e6rke. For eksempel er prisen p\u00e5 den automatiske pulverpakningsmaskine ret forskellig fra semi-automat pulveremballagemaskinen. Fordi de har forskellige strukturer, dele, komponenter og specifikationer.<\/p>    <p>Mellem tiden kan prisen for den samme type maskine for forskellige kunder variere, fordi str\u00f8m, konfigurationer og materialer kan variere. S\u00e5 fort\u00e6l os dine emballeringskrav f\u00f8rst, og vi kan give dig en detaljeret og n\u00f8jagtig maskinpris. Kontakt os nu for at begynde din ingef\u00e6remballagevirksomhed.<\/p>    <div class=\"wp-block-columns is-layout-flex wp-container-core-columns-is-layout-9d6595d7 wp-block-columns-is-layout-flex\"> <div class=\"wp-block-column is-layout-flow wp-block-column-is-layout-flow\"> <figure class=\"wp-block-image size-full\"><img loading=\"lazy\" decoding=\"async\" width=\"750\" height=\"500\" src=\"https:\/\/gingermachines.com\/wp-content\/uploads\/2023\/03\/customers-visit-our-company.webp\" alt=\"kunder bes\u00f8ger vores virksomhed\" class=\"wp-image-151\" title=\"\" srcset=\"https:\/\/gingermachines.com\/wp-content\/uploads\/2023\/03\/customers-visit-our-company.webp 750w, https:\/\/gingermachines.com\/wp-content\/uploads\/2023\/03\/customers-visit-our-company-300x200.webp 300w\" sizes=\"auto, (max-width: 750px) 100vw, 750px\" \/><figcaption class=\"wp-element-caption\">Kunder bes\u00f8ger vores virksomhed<\/figcaption><\/figure> <\/div>    <div class=\"wp-block-column is-layout-flow wp-block-column-is-layout-flow\"> <figure class=\"wp-block-image size-full\"><img loading=\"lazy\" decoding=\"async\" width=\"750\" height=\"500\" src=\"https:\/\/gingermachines.com\/wp-content\/uploads\/2023\/03\/our-customers-around-the-world.webp\" alt=\"vores kunder over hele verden\" class=\"wp-image-152\" title=\"\" srcset=\"https:\/\/gingermachines.com\/wp-content\/uploads\/2023\/03\/our-customers-around-the-world.webp 750w, https:\/\/gingermachines.com\/wp-content\/uploads\/2023\/03\/our-customers-around-the-world-300x200.webp 300w\" sizes=\"auto, (max-width: 750px) 100vw, 750px\" \/><figcaption class=\"wp-element-caption\">Vores kunder verden rundt<\/figcaption><\/figure> <\/div> <\/div>    <h2 class=\"wp-block-heading\">Kontakt os i dag for at f\u00e5 den bedste pris!<\/h2>    <div class=\"wp-block-columns is-layout-flex wp-container-core-columns-is-layout-9d6595d7 wp-block-columns-is-layout-flex\"> <div class=\"wp-block-column is-layout-flow wp-block-column-is-layout-flow\"> <figure class=\"wp-block-image size-full\"><img loading=\"lazy\" decoding=\"async\" width=\"540\" height=\"720\" src=\"https:\/\/gingermachines.com\/wp-content\/uploads\/2023\/03\/packing-picture-of-ginger-powder-packing-equipment.webp\" alt=\"indpakningsbillede af ingef\u00e6rpulverudstyr\" class=\"wp-image-240\" title=\"\" srcset=\"https:\/\/gingermachines.com\/wp-content\/uploads\/2023\/03\/packing-picture-of-ginger-powder-packing-equipment.webp 540w, https:\/\/gingermachines.com\/wp-content\/uploads\/2023\/03\/packing-picture-of-ginger-powder-packing-equipment-225x300.webp 225w, https:\/\/gingermachines.com\/wp-content\/uploads\/2023\/03\/packing-picture-of-ginger-powder-packing-equipment-9x12.webp 9w\" sizes=\"auto, (max-width: 540px) 100vw, 540px\" \/><figcaption class=\"wp-element-caption\">Billed af ingef\u00e6rpulverpakningsudstyr<\/figcaption><\/figure> <\/div>    <div class=\"wp-block-column is-vertically-aligned-center is-layout-flow wp-block-column-is-layout-flow\"> <p>At investere i en ingef\u00e6rpulverpakningsmaskine er et smart tr\u00e6k for moderne producenter, der \u00f8nsker at optimere deres drift og forbedre produktkvaliteten, samtidig med at omkostningerne reduceres. Med sine avancerede automatiseringsfunktioner, hastighed, pr\u00e6cision og brugervenlighed kan denne innovative l\u00f8sning f\u00f8re din virksomhed til n\u00e6ste niveau.<\/p>    <p class=\"translation-block\">Taizy Machinery er en komplet <a href=\"https:\/\/gingermachines.com\/da\/\"> ingef\u00e6rforarbejdningsmaskine-producent<\/a>. Vores produkter d\u00e6kker <a href=\"https:\/\/gingermachines.com\/da\/product\/ginger-washing-machine\/\"> ingef\u00e6rvaskeemaskiner<\/a>, ingef\u00e6rsk\u00e6remaskiner, ingef\u00e6rt\u00f8rremaskiner, <a href=\"https:\/\/gingermachines.com\/da\/product\/ginger-grinding-machine\/\"> ingef\u00e6rformmaskiner<\/a>, og ingef\u00e6rpakningsmaskiner. Hvis du er interesseret i ingef\u00e6rbranchen, tag handling nu og nyd \u00f8get effektivitet, produktivitet og rentabilitet!<\/p> <\/div> <\/div>","protected":false},"excerpt":{"rendered":"<p>Taizy ingef\u00e6rpulverpakningsmaskine er designet til pakning af ingef\u00e6rpulver. Det sikrer pr\u00e6cision og n\u00f8jagtighed i udfyldning, forsegling og kodning af poser<\/p>","protected":false},"author":1,"featured_media":146,"parent":0,"template":"","tags":[8],"product-type":[6],"class_list":["post-140","product","type-product","status-publish","has-post-thumbnail","hentry","tag-ginger-processing-machine","product-type-products"],"_links":{"self":[{"href":"https:\/\/gingermachines.com\/da\/wp-json\/wp\/v2\/product\/140","targetHints":{"allow":["GET"]}}],"collection":[{"href":"https:\/\/gingermachines.com\/da\/wp-json\/wp\/v2\/product"}],"about":[{"href":"https:\/\/gingermachines.com\/da\/wp-json\/wp\/v2\/types\/product"}],"author":[{"embeddable":true,"href":"https:\/\/gingermachines.com\/da\/wp-json\/wp\/v2\/users\/1"}],"wp:featuredmedia":[{"embeddable":true,"href":"https:\/\/gingermachines.com\/da\/wp-json\/wp\/v2\/media\/146"}],"wp:attachment":[{"href":"https:\/\/gingermachines.com\/da\/wp-json\/wp\/v2\/media?parent=140"}],"wp:term":[{"taxonomy":"post_tag","embeddable":true,"href":"https:\/\/gingermachines.com\/da\/wp-json\/wp\/v2\/tags?post=140"},{"taxonomy":"product-type","embeddable":true,"href":"https:\/\/gingermachines.com\/da\/wp-json\/wp\/v2\/product-type?post=140"}],"curies":[{"name":"wp","href":"https:\/\/api.w.org\/{rel}","templated":true}]}}