{"id":15,"date":"2022-09-06T08:59:53","date_gmt":"2022-09-06T08:59:53","guid":{"rendered":"https:\/\/gingermachines.com\/?page_id=15"},"modified":"2022-09-07T07:04:14","modified_gmt":"2022-09-07T07:04:14","slug":"about-us","status":"publish","type":"page","link":"https:\/\/gingermachines.com\/da\/about-us\/","title":{"rendered":"Om Os"},"content":{"rendered":"<p>Taizy Machinery Co., Ltd er en omfattende leverand\u00f8r af ingef\u00e6rforarbejdningsmaskiner. I begyndelsen opdagede grundl\u00e6ggeren af virksomheden \u2013 Hanny, at det var sv\u00e6rt for os at behandle ingef\u00e6r manuelt. Og han er ingeni\u00f8r. Derfor begyndte han at vie sig til forskning og udvikling af ingef\u00e6rmaskiner sammen med sine partnere. Og tre m\u00e5neder senere blev den forbedrede ingef\u00e6rvask- og skr\u00e6llemaskine udviklet med succes. Sammenlignet med maskinen fra andre leverand\u00f8rer er Taizy's ingef\u00e6rvask- og skr\u00e6llemaskine mere energibesparende og mere overkommelig. Og derefter blev andre ingef\u00e6rforarbejdningsmaskiner opfundet. Endelig var Hanny villig til at introducere disse fantastiske maskiner til folk over hele verden. <\/p>    <p>Vores produkter d\u00e6kker et fuldt udvalg af ingef\u00e6rforarbejdningsmaskiner, inklusive ingef\u00e6rvaskemaskine, ingef\u00e6rvask og skr\u00e6llemaskine, ingef\u00e6rt\u00f8rringsmaskine, ingef\u00e6rmalermaskine, ingef\u00e6rpulverfremstillingsmaskine og en komplet ingef\u00e6rpulverforarbejdningslinje. Alle vores maskiner er designet og fremstillet i overensstemmelse med internationale standarder. I dag er Taizy-produkter blevet eksporteret med succes til mere end 80 lande og regioner, s\u00e5som Brasilien, Colombia, Peru, Indonesien, Malaysia, Singapore, Filippinerne, Korea, Holland, Kasakhstan, Rusland, Saudi-Arabien, Israel, Australien, USA, Chile, Mexico, Ghana, Nigeria osv. <\/p>    <h2 class=\"wp-block-heading\" id=\"h-certificates\">Certifikater<\/h2>    <figure class=\"wp-block-image size-large\"><img decoding=\"async\" src=\"https:\/\/cnricemill.com\/wp-content\/uploads\/2022\/08\/certificate-1024x323-1.jpg\" alt=\"\" title=\"\"><\/figure>","protected":false},"excerpt":{"rendered":"<p>Taizy Machinery Co., Ltd is a comprehensive ginger processing machinery supplier. At begin, the founder of the company &#8211; Hanny, found that it is difficult for us to process ginger manually. And he is an engineer. Therefore, he began to devote himself to the research and development of ginger machines with his partners. And three [&hellip;]<\/p>\n","protected":false},"author":1,"featured_media":0,"parent":0,"menu_order":0,"comment_status":"closed","ping_status":"closed","template":"","meta":{"footnotes":""},"class_list":["post-15","page","type-page","status-publish","hentry"],"_links":{"self":[{"href":"https:\/\/gingermachines.com\/da\/wp-json\/wp\/v2\/pages\/15","targetHints":{"allow":["GET"]}}],"collection":[{"href":"https:\/\/gingermachines.com\/da\/wp-json\/wp\/v2\/pages"}],"about":[{"href":"https:\/\/gingermachines.com\/da\/wp-json\/wp\/v2\/types\/page"}],"author":[{"embeddable":true,"href":"https:\/\/gingermachines.com\/da\/wp-json\/wp\/v2\/users\/1"}],"replies":[{"embeddable":true,"href":"https:\/\/gingermachines.com\/da\/wp-json\/wp\/v2\/comments?post=15"}],"version-history":[{"count":0,"href":"https:\/\/gingermachines.com\/da\/wp-json\/wp\/v2\/pages\/15\/revisions"}],"wp:attachment":[{"href":"https:\/\/gingermachines.com\/da\/wp-json\/wp\/v2\/media?parent=15"}],"curies":[{"name":"wp","href":"https:\/\/api.w.org\/{rel}","templated":true}]}}